{"id":154829,"date":"2024-11-13T17:59:40","date_gmt":"2024-11-13T17:59:40","guid":{"rendered":"https:\/\/my.stlflix.com\/help_payment\/"},"modified":"2024-11-18T13:39:17","modified_gmt":"2024-11-18T13:39:17","slug":"help_payment","status":"publish","type":"page","link":"https:\/\/my.stlflix.com\/pt-br\/help_payment\/","title":{"rendered":"Help_Payment"},"content":{"rendered":"\t\t<div data-elementor-type=\"wp-page\" data-elementor-id=\"154829\" class=\"elementor elementor-154829\" data-elementor-post-type=\"page\">\n\t\t\t\t<div class=\"elementor-element elementor-element-28a6d88 e-flex e-con-boxed e-con e-parent\" data-id=\"28a6d88\" data-element_type=\"container\">\n\t\t\t\t\t<div class=\"e-con-inner\">\n\t\t<div class=\"elementor-element elementor-element-7112d7a e-con-full e-flex e-con e-child\" data-id=\"7112d7a\" data-element_type=\"container\">\n\t\t\t\t<div class=\"elementor-element elementor-element-1e63438 elementor-view-default elementor-widget elementor-widget-icon\" data-id=\"1e63438\" data-element_type=\"widget\" data-widget_type=\"icon.default\">\n\t\t\t\t<div class=\"elementor-widget-container\">\n\t\t\t\t\t\t\t<div class=\"elementor-icon-wrapper\">\n\t\t\t<a class=\"elementor-icon\" href=\"https:\/\/my.stlflix.com\/pt-br\/help\/\">\n\t\t\t<svg aria-hidden=\"true\" class=\"e-font-icon-svg e-fas-arrow-left\" viewBox=\"0 0 448 512\" xmlns=\"http:\/\/www.w3.org\/2000\/svg\"><path d=\"M257.5 445.1l-22.2 22.2c-9.4 9.4-24.6 9.4-33.9 0L7 273c-9.4-9.4-9.4-24.6 0-33.9L201.4 44.7c9.4-9.4 24.6-9.4 33.9 0l22.2 22.2c9.5 9.5 9.3 25-.4 34.3L136.6 216H424c13.3 0 24 10.7 24 24v32c0 13.3-10.7 24-24 24H136.6l120.5 114.8c9.8 9.3 10 24.8.4 34.3z\"><\/path><\/svg>\t\t\t<\/a>\n\t\t<\/div>\n\t\t\t\t\t\t<\/div>\n\t\t\t\t<\/div>\n\t\t\t\t<div class=\"elementor-element elementor-element-7c2409a elementor-widget elementor-widget-heading\" data-id=\"7c2409a\" data-element_type=\"widget\" data-widget_type=\"heading.default\">\n\t\t\t\t<div class=\"elementor-widget-container\">\n\t\t\t\t\t<h2 class=\"elementor-heading-title elementor-size-default\"><a href=\"https:\/\/my.stlflix.com\/pt-br\/help\/\">Voltar para o menu de ajuda<\/a><\/h2>\t\t\t\t<\/div>\n\t\t\t\t<\/div>\n\t\t\t\t<\/div>\n\t\t\t\t<div class=\"elementor-element elementor-element-1c71527 elementor-widget elementor-widget-heading\" data-id=\"1c71527\" data-element_type=\"widget\" data-widget_type=\"heading.default\">\n\t\t\t\t<div class=\"elementor-widget-container\">\n\t\t\t\t\t<h2 class=\"elementor-heading-title elementor-size-default\">Como configurar meu m\u00e9todo de pagamento?<\/h2>\t\t\t\t<\/div>\n\t\t\t\t<\/div>\n\t\t\t\t<div class=\"elementor-element elementor-element-021bf40 elementor-widget elementor-widget-text-editor\" data-id=\"021bf40\" data-element_type=\"widget\" data-widget_type=\"text-editor.default\">\n\t\t\t\t<div class=\"elementor-widget-container\">\n\t\t\t\t\t\t\t\t\t<div dir=\"auto\" data-message-author-role=\"assistant\" data-message-id=\"2fc8791d-8dbe-4b2d-90b8-5101c4cc69f5\"><div dir=\"auto\" data-message-author-role=\"assistant\" data-message-id=\"2fc8791d-8dbe-4b2d-90b8-5101c4cc69f5\"><p>1. No menu \u00e0 esquerda, volte para a op\u00e7\u00e3o \u201cConfigura\u00e7\u00f5es\u201d e selecione \u201cConfigura\u00e7\u00f5es de Pagamento.\u201d<\/p><\/div><\/div>\t\t\t\t\t\t\t\t<\/div>\n\t\t\t\t<\/div>\n\t\t\t\t<div class=\"elementor-element elementor-element-39380ce elementor-widget elementor-widget-image\" data-id=\"39380ce\" data-element_type=\"widget\" data-widget_type=\"image.default\">\n\t\t\t\t<div class=\"elementor-widget-container\">\n\t\t\t\t\t\t\t\t\t\t\t\t\t\t\t<img fetchpriority=\"high\" decoding=\"async\" width=\"1024\" height=\"584\" src=\"https:\/\/my.stlflix.com\/wp-content\/uploads\/2024\/07\/Pay1-1024x584.png\" class=\"attachment-large size-large wp-image-51777\" alt=\"\" srcset=\"https:\/\/my.stlflix.com\/wp-content\/uploads\/2024\/07\/Pay1-1024x584.png 1024w, https:\/\/my.stlflix.com\/wp-content\/uploads\/2024\/07\/Pay1-300x171.png 300w, https:\/\/my.stlflix.com\/wp-content\/uploads\/2024\/07\/Pay1-768x438.png 768w, https:\/\/my.stlflix.com\/wp-content\/uploads\/2024\/07\/Pay1-1536x876.png 1536w, https:\/\/my.stlflix.com\/wp-content\/uploads\/2024\/07\/Pay1-600x342.png 600w, https:\/\/my.stlflix.com\/wp-content\/uploads\/2024\/07\/Pay1-500x285.png 500w, https:\/\/my.stlflix.com\/wp-content\/uploads\/2024\/07\/Pay1.png 1697w\" sizes=\"(max-width: 1024px) 100vw, 1024px\" \/>\t\t\t\t\t\t\t\t\t\t\t\t\t\t\t<\/div>\n\t\t\t\t<\/div>\n\t\t\t\t<div class=\"elementor-element elementor-element-7affb45 elementor-widget elementor-widget-text-editor\" data-id=\"7affb45\" data-element_type=\"widget\" data-widget_type=\"text-editor.default\">\n\t\t\t\t<div class=\"elementor-widget-container\">\n\t\t\t\t\t\t\t\t\t<p>2. Voc\u00ea precisar\u00e1 selecionar o m\u00e9todo de pagamento dispon\u00edvel (Aqui usaremos o Stripe)<\/p>\t\t\t\t\t\t\t\t<\/div>\n\t\t\t\t<\/div>\n\t\t\t\t<div class=\"elementor-element elementor-element-97c7f6c elementor-widget elementor-widget-image\" data-id=\"97c7f6c\" data-element_type=\"widget\" data-widget_type=\"image.default\">\n\t\t\t\t<div class=\"elementor-widget-container\">\n\t\t\t\t\t\t\t\t\t\t\t\t\t\t\t<img decoding=\"async\" width=\"1024\" height=\"584\" src=\"https:\/\/my.stlflix.com\/wp-content\/uploads\/2024\/07\/Pay2-1024x584.png\" class=\"attachment-large size-large wp-image-51774\" alt=\"\" srcset=\"https:\/\/my.stlflix.com\/wp-content\/uploads\/2024\/07\/Pay2-1024x584.png 1024w, https:\/\/my.stlflix.com\/wp-content\/uploads\/2024\/07\/Pay2-300x171.png 300w, https:\/\/my.stlflix.com\/wp-content\/uploads\/2024\/07\/Pay2-768x438.png 768w, https:\/\/my.stlflix.com\/wp-content\/uploads\/2024\/07\/Pay2-1536x876.png 1536w, https:\/\/my.stlflix.com\/wp-content\/uploads\/2024\/07\/Pay2-600x342.png 600w, https:\/\/my.stlflix.com\/wp-content\/uploads\/2024\/07\/Pay2-500x285.png 500w, https:\/\/my.stlflix.com\/wp-content\/uploads\/2024\/07\/Pay2.png 1697w\" sizes=\"(max-width: 1024px) 100vw, 1024px\" \/>\t\t\t\t\t\t\t\t\t\t\t\t\t\t\t<\/div>\n\t\t\t\t<\/div>\n\t\t\t\t<div class=\"elementor-element elementor-element-c8c5d59 elementor-widget elementor-widget-text-editor\" data-id=\"c8c5d59\" data-element_type=\"widget\" data-widget_type=\"text-editor.default\">\n\t\t\t\t<div class=\"elementor-widget-container\">\n\t\t\t\t\t\t\t\t\t<p>3. Voc\u00ea ver\u00e1 um aviso de que sua conta ainda n\u00e3o est\u00e1 conectada, clique em &#8220;Connect with Stripe&#8221;<\/p>\t\t\t\t\t\t\t\t<\/div>\n\t\t\t\t<\/div>\n\t\t\t\t<div class=\"elementor-element elementor-element-938e3e0 elementor-widget elementor-widget-image\" data-id=\"938e3e0\" data-element_type=\"widget\" data-widget_type=\"image.default\">\n\t\t\t\t<div class=\"elementor-widget-container\">\n\t\t\t\t\t\t\t\t\t\t\t\t\t\t\t<img decoding=\"async\" width=\"1024\" height=\"584\" src=\"https:\/\/my.stlflix.com\/wp-content\/uploads\/2024\/07\/Pay3-1024x584.png\" class=\"attachment-large size-large wp-image-51771\" alt=\"\" srcset=\"https:\/\/my.stlflix.com\/wp-content\/uploads\/2024\/07\/Pay3-1024x584.png 1024w, https:\/\/my.stlflix.com\/wp-content\/uploads\/2024\/07\/Pay3-300x171.png 300w, https:\/\/my.stlflix.com\/wp-content\/uploads\/2024\/07\/Pay3-768x438.png 768w, https:\/\/my.stlflix.com\/wp-content\/uploads\/2024\/07\/Pay3-1536x876.png 1536w, https:\/\/my.stlflix.com\/wp-content\/uploads\/2024\/07\/Pay3-600x342.png 600w, https:\/\/my.stlflix.com\/wp-content\/uploads\/2024\/07\/Pay3-500x285.png 500w, https:\/\/my.stlflix.com\/wp-content\/uploads\/2024\/07\/Pay3.png 1697w\" sizes=\"(max-width: 1024px) 100vw, 1024px\" \/>\t\t\t\t\t\t\t\t\t\t\t\t\t\t\t<\/div>\n\t\t\t\t<\/div>\n\t\t\t\t<div class=\"elementor-element elementor-element-68aea81 elementor-widget elementor-widget-text-editor\" data-id=\"68aea81\" data-element_type=\"widget\" data-widget_type=\"text-editor.default\">\n\t\t\t\t<div class=\"elementor-widget-container\">\n\t\t\t\t\t\t\t\t\t<p style=\"--tw-border-spacing-x: 0; --tw-border-spacing-y: 0; --tw-translate-x: 0; --tw-translate-y: 0; --tw-rotate: 0; --tw-skew-x: 0; --tw-skew-y: 0; --tw-scale-x: 1; --tw-scale-y: 1; --tw-scroll-snap-strictness: proximity; --tw-ring-offset-width: 0px; --tw-ring-offset-color: #fff; --tw-ring-color: rgb(59 130 246 \/ 0.5); --tw-ring-offset-shadow: 0 0 #0000; --tw-ring-shadow: 0 0 #0000; --tw-shadow: 0 0 #0000; --tw-shadow-colored: 0 0 #0000;\">4. Ao ser redirecionado para a p\u00e1gina seguinte voc\u00ea precisar\u00e1 criar uma conta no Stripe para habilitar seu m\u00e9todo de pagamento.<\/p><p style=\"--tw-border-spacing-x: 0; --tw-border-spacing-y: 0; --tw-translate-x: 0; --tw-translate-y: 0; --tw-rotate: 0; --tw-skew-x: 0; --tw-skew-y: 0; --tw-scale-x: 1; --tw-scale-y: 1; --tw-scroll-snap-strictness: proximity; --tw-ring-offset-width: 0px; --tw-ring-offset-color: #fff; --tw-ring-color: rgb(59 130 246 \/ 0.5); --tw-ring-offset-shadow: 0 0 #0000; --tw-ring-shadow: 0 0 #0000; --tw-shadow: 0 0 #0000; --tw-shadow-colored: 0 0 #0000;\">Se voc\u00ea j\u00e1 tem uma conta, pode prosseguir para a pr\u00f3xima etapa e inserir suas informa\u00e7\u00f5es at\u00e9 o fim. Se voc\u00ea ainda n\u00e3o tem uma conta, basta criar uma e ap\u00f3s isso tamb\u00e9m inserir suas informa\u00e7\u00f5es.<\/p>\t\t\t\t\t\t\t\t<\/div>\n\t\t\t\t<\/div>\n\t\t\t\t<div class=\"elementor-element elementor-element-7067b2e elementor-widget elementor-widget-image\" data-id=\"7067b2e\" data-element_type=\"widget\" data-widget_type=\"image.default\">\n\t\t\t\t<div class=\"elementor-widget-container\">\n\t\t\t\t\t\t\t\t\t\t\t\t\t\t\t<img loading=\"lazy\" decoding=\"async\" width=\"1024\" height=\"584\" src=\"https:\/\/my.stlflix.com\/wp-content\/uploads\/2024\/07\/Pay4-1024x584.png\" class=\"attachment-large size-large wp-image-51768\" alt=\"\" srcset=\"https:\/\/my.stlflix.com\/wp-content\/uploads\/2024\/07\/Pay4-1024x584.png 1024w, https:\/\/my.stlflix.com\/wp-content\/uploads\/2024\/07\/Pay4-300x171.png 300w, https:\/\/my.stlflix.com\/wp-content\/uploads\/2024\/07\/Pay4-768x438.png 768w, https:\/\/my.stlflix.com\/wp-content\/uploads\/2024\/07\/Pay4-1536x876.png 1536w, https:\/\/my.stlflix.com\/wp-content\/uploads\/2024\/07\/Pay4-600x342.png 600w, https:\/\/my.stlflix.com\/wp-content\/uploads\/2024\/07\/Pay4-500x285.png 500w, https:\/\/my.stlflix.com\/wp-content\/uploads\/2024\/07\/Pay4.png 1697w\" sizes=\"(max-width: 1024px) 100vw, 1024px\" \/>\t\t\t\t\t\t\t\t\t\t\t\t\t\t\t<\/div>\n\t\t\t\t<\/div>\n\t\t\t\t<div class=\"elementor-element elementor-element-5358136 elementor-widget elementor-widget-text-editor\" data-id=\"5358136\" data-element_type=\"widget\" data-widget_type=\"text-editor.default\">\n\t\t\t\t<div class=\"elementor-widget-container\">\n\t\t\t\t\t\t\t\t\t<p>5. Feito! Voc\u00ea receber\u00e1 um alerta que suas configura\u00e7\u00f5es de integra\u00e7\u00e3o com o Stripe foram conclu\u00eddas e j\u00e1 est\u00e1 ativo.<\/p>\t\t\t\t\t\t\t\t<\/div>\n\t\t\t\t<\/div>\n\t\t\t\t<div class=\"elementor-element elementor-element-ab75e51 elementor-widget elementor-widget-image\" data-id=\"ab75e51\" data-element_type=\"widget\" data-widget_type=\"image.default\">\n\t\t\t\t<div class=\"elementor-widget-container\">\n\t\t\t\t\t\t\t\t\t\t\t\t\t\t\t<img loading=\"lazy\" decoding=\"async\" width=\"1024\" height=\"584\" src=\"https:\/\/my.stlflix.com\/wp-content\/uploads\/2024\/07\/Pay5-1024x584.png\" class=\"attachment-large size-large wp-image-51765\" alt=\"\" srcset=\"https:\/\/my.stlflix.com\/wp-content\/uploads\/2024\/07\/Pay5-1024x584.png 1024w, https:\/\/my.stlflix.com\/wp-content\/uploads\/2024\/07\/Pay5-300x171.png 300w, https:\/\/my.stlflix.com\/wp-content\/uploads\/2024\/07\/Pay5-768x438.png 768w, https:\/\/my.stlflix.com\/wp-content\/uploads\/2024\/07\/Pay5-1536x876.png 1536w, https:\/\/my.stlflix.com\/wp-content\/uploads\/2024\/07\/Pay5-600x342.png 600w, https:\/\/my.stlflix.com\/wp-content\/uploads\/2024\/07\/Pay5-500x285.png 500w, https:\/\/my.stlflix.com\/wp-content\/uploads\/2024\/07\/Pay5.png 1697w\" sizes=\"(max-width: 1024px) 100vw, 1024px\" \/>\t\t\t\t\t\t\t\t\t\t\t\t\t\t\t<\/div>\n\t\t\t\t<\/div>\n\t\t\t\t\t<\/div>\n\t\t\t\t<\/div>\n\t\t\t\t<\/div>\n\t\t","protected":false},"excerpt":{"rendered":"<p>Voltar para o menu de ajuda Como configurar meu m\u00e9todo de pagamento? 1. No menu \u00e0 esquerda, volte para a op\u00e7\u00e3o \u201cConfigura\u00e7\u00f5es\u201d e selecione \u201cConfigura\u00e7\u00f5es de Pagamento.\u201d 2. Voc\u00ea precisar\u00e1 selecionar o m\u00e9todo de pagamento dispon\u00edvel (Aqui usaremos o Stripe) 3. Voc\u00ea ver\u00e1 um aviso de que sua conta ainda n\u00e3o est\u00e1 conectada, clique em [&hellip;]<\/p>\n","protected":false},"author":358,"featured_media":0,"parent":0,"menu_order":0,"comment_status":"closed","ping_status":"closed","template":"","meta":{"footnotes":""},"class_list":["post-154829","page","type-page","status-publish","hentry"],"yoast_head":"<!-- This site is optimized with the Yoast SEO plugin v25.1 - https:\/\/yoast.com\/wordpress\/plugins\/seo\/ -->\n<title>Help_Payment - MyStore - By STLFLIX<\/title>\n<meta name=\"robots\" content=\"index, follow, max-snippet:-1, max-image-preview:large, max-video-preview:-1\" \/>\n<link rel=\"canonical\" href=\"https:\/\/my.stlflix.com\/help_payment\/\" \/>\n<meta property=\"og:locale\" content=\"pt_BR\" \/>\n<meta property=\"og:type\" content=\"article\" \/>\n<meta property=\"og:title\" content=\"Help_Payment - MyStore - By STLFLIX\" \/>\n<meta property=\"og:description\" content=\"Voltar para o menu de ajuda Como configurar meu m\u00e9todo de pagamento? 1. No menu \u00e0 esquerda, volte para a op\u00e7\u00e3o \u201cConfigura\u00e7\u00f5es\u201d e selecione \u201cConfigura\u00e7\u00f5es de Pagamento.\u201d 2. Voc\u00ea precisar\u00e1 selecionar o m\u00e9todo de pagamento dispon\u00edvel (Aqui usaremos o Stripe) 3. Voc\u00ea ver\u00e1 um aviso de que sua conta ainda n\u00e3o est\u00e1 conectada, clique em [&hellip;]\" \/>\n<meta property=\"og:url\" content=\"https:\/\/my.stlflix.com\/help_payment\/\" \/>\n<meta property=\"og:site_name\" content=\"MyStore - By STLFLIX\" \/>\n<meta property=\"article:publisher\" content=\"https:\/\/www.facebook.com\/STLFLIX\" \/>\n<meta property=\"article:modified_time\" content=\"2024-11-18T13:39:17+00:00\" \/>\n<meta property=\"og:image\" content=\"https:\/\/my.stlflix.com\/wp-content\/uploads\/2024\/07\/Pay1-1024x584.png\" \/>\n<meta name=\"twitter:card\" content=\"summary_large_image\" \/>\n<meta name=\"twitter:label1\" content=\"Est. reading time\" \/>\n\t<meta name=\"twitter:data1\" content=\"2 minutes\" \/>\n<script type=\"application\/ld+json\" class=\"yoast-schema-graph\">{\"@context\":\"https:\/\/schema.org\",\"@graph\":[{\"@type\":\"WebPage\",\"@id\":\"https:\/\/my.stlflix.com\/help_payment\/\",\"url\":\"https:\/\/my.stlflix.com\/help_payment\/\",\"name\":\"Help_Payment - MyStore - By STLFLIX\",\"isPartOf\":{\"@id\":\"https:\/\/my.stlflix.com\/tr\/#website\"},\"primaryImageOfPage\":{\"@id\":\"https:\/\/my.stlflix.com\/help_payment\/#primaryimage\"},\"image\":{\"@id\":\"https:\/\/my.stlflix.com\/help_payment\/#primaryimage\"},\"thumbnailUrl\":\"https:\/\/my.stlflix.com\/wp-content\/uploads\/2024\/07\/Pay1-1024x584.png\",\"datePublished\":\"2024-11-13T17:59:40+00:00\",\"dateModified\":\"2024-11-18T13:39:17+00:00\",\"breadcrumb\":{\"@id\":\"https:\/\/my.stlflix.com\/help_payment\/#breadcrumb\"},\"inLanguage\":\"pt-BR\",\"potentialAction\":[{\"@type\":\"ReadAction\",\"target\":[\"https:\/\/my.stlflix.com\/help_payment\/\"]}]},{\"@type\":\"ImageObject\",\"inLanguage\":\"pt-BR\",\"@id\":\"https:\/\/my.stlflix.com\/help_payment\/#primaryimage\",\"url\":\"https:\/\/my.stlflix.com\/wp-content\/uploads\/2024\/07\/Pay1-1024x584.png\",\"contentUrl\":\"https:\/\/my.stlflix.com\/wp-content\/uploads\/2024\/07\/Pay1-1024x584.png\"},{\"@type\":\"BreadcrumbList\",\"@id\":\"https:\/\/my.stlflix.com\/help_payment\/#breadcrumb\",\"itemListElement\":[{\"@type\":\"ListItem\",\"position\":1,\"name\":\"Home\",\"item\":\"https:\/\/my.stlflix.com\/pt-br\/\"},{\"@type\":\"ListItem\",\"position\":2,\"name\":\"Help_Payment\"}]},{\"@type\":\"WebSite\",\"@id\":\"https:\/\/my.stlflix.com\/tr\/#website\",\"url\":\"https:\/\/my.stlflix.com\/tr\/\",\"name\":\"MyStore - By STLFLIX\",\"description\":\"\",\"publisher\":{\"@id\":\"https:\/\/my.stlflix.com\/tr\/#organization\"},\"potentialAction\":[{\"@type\":\"SearchAction\",\"target\":{\"@type\":\"EntryPoint\",\"urlTemplate\":\"https:\/\/my.stlflix.com\/tr\/?s={search_term_string}\"},\"query-input\":{\"@type\":\"PropertyValueSpecification\",\"valueRequired\":true,\"valueName\":\"search_term_string\"}}],\"inLanguage\":\"pt-BR\"},{\"@type\":\"Organization\",\"@id\":\"https:\/\/my.stlflix.com\/tr\/#organization\",\"name\":\"MyStore - By STLFLIX\",\"url\":\"https:\/\/my.stlflix.com\/tr\/\",\"logo\":{\"@type\":\"ImageObject\",\"inLanguage\":\"pt-BR\",\"@id\":\"https:\/\/my.stlflix.com\/tr\/#\/schema\/logo\/image\/\",\"url\":\"https:\/\/my.stlflix.com\/wp-content\/uploads\/2024\/06\/logo-mystore.png\",\"contentUrl\":\"https:\/\/my.stlflix.com\/wp-content\/uploads\/2024\/06\/logo-mystore.png\",\"width\":150,\"height\":41,\"caption\":\"MyStore - By STLFLIX\"},\"image\":{\"@id\":\"https:\/\/my.stlflix.com\/tr\/#\/schema\/logo\/image\/\"},\"sameAs\":[\"https:\/\/www.facebook.com\/STLFLIX\",\"https:\/\/www.instagram.com\/stlflix_\/\",\"https:\/\/www.tiktok.com\/@stlflix\"]}]}<\/script>\n<!-- \/ Yoast SEO plugin. -->","yoast_head_json":{"title":"Help_Payment - MyStore - By STLFLIX","robots":{"index":"index","follow":"follow","max-snippet":"max-snippet:-1","max-image-preview":"max-image-preview:large","max-video-preview":"max-video-preview:-1"},"canonical":"https:\/\/my.stlflix.com\/help_payment\/","og_locale":"pt_BR","og_type":"article","og_title":"Help_Payment - MyStore - By STLFLIX","og_description":"Voltar para o menu de ajuda Como configurar meu m\u00e9todo de pagamento? 1. No menu \u00e0 esquerda, volte para a op\u00e7\u00e3o \u201cConfigura\u00e7\u00f5es\u201d e selecione \u201cConfigura\u00e7\u00f5es de Pagamento.\u201d 2. Voc\u00ea precisar\u00e1 selecionar o m\u00e9todo de pagamento dispon\u00edvel (Aqui usaremos o Stripe) 3. Voc\u00ea ver\u00e1 um aviso de que sua conta ainda n\u00e3o est\u00e1 conectada, clique em [&hellip;]","og_url":"https:\/\/my.stlflix.com\/help_payment\/","og_site_name":"MyStore - By STLFLIX","article_publisher":"https:\/\/www.facebook.com\/STLFLIX","article_modified_time":"2024-11-18T13:39:17+00:00","og_image":[{"url":"https:\/\/my.stlflix.com\/wp-content\/uploads\/2024\/07\/Pay1-1024x584.png","type":"","width":"","height":""}],"twitter_card":"summary_large_image","twitter_misc":{"Est. reading time":"2 minutes"},"schema":{"@context":"https:\/\/schema.org","@graph":[{"@type":"WebPage","@id":"https:\/\/my.stlflix.com\/help_payment\/","url":"https:\/\/my.stlflix.com\/help_payment\/","name":"Help_Payment - MyStore - By STLFLIX","isPartOf":{"@id":"https:\/\/my.stlflix.com\/tr\/#website"},"primaryImageOfPage":{"@id":"https:\/\/my.stlflix.com\/help_payment\/#primaryimage"},"image":{"@id":"https:\/\/my.stlflix.com\/help_payment\/#primaryimage"},"thumbnailUrl":"https:\/\/my.stlflix.com\/wp-content\/uploads\/2024\/07\/Pay1-1024x584.png","datePublished":"2024-11-13T17:59:40+00:00","dateModified":"2024-11-18T13:39:17+00:00","breadcrumb":{"@id":"https:\/\/my.stlflix.com\/help_payment\/#breadcrumb"},"inLanguage":"pt-BR","potentialAction":[{"@type":"ReadAction","target":["https:\/\/my.stlflix.com\/help_payment\/"]}]},{"@type":"ImageObject","inLanguage":"pt-BR","@id":"https:\/\/my.stlflix.com\/help_payment\/#primaryimage","url":"https:\/\/my.stlflix.com\/wp-content\/uploads\/2024\/07\/Pay1-1024x584.png","contentUrl":"https:\/\/my.stlflix.com\/wp-content\/uploads\/2024\/07\/Pay1-1024x584.png"},{"@type":"BreadcrumbList","@id":"https:\/\/my.stlflix.com\/help_payment\/#breadcrumb","itemListElement":[{"@type":"ListItem","position":1,"name":"Home","item":"https:\/\/my.stlflix.com\/pt-br\/"},{"@type":"ListItem","position":2,"name":"Help_Payment"}]},{"@type":"WebSite","@id":"https:\/\/my.stlflix.com\/tr\/#website","url":"https:\/\/my.stlflix.com\/tr\/","name":"MyStore - By STLFLIX","description":"","publisher":{"@id":"https:\/\/my.stlflix.com\/tr\/#organization"},"potentialAction":[{"@type":"SearchAction","target":{"@type":"EntryPoint","urlTemplate":"https:\/\/my.stlflix.com\/tr\/?s={search_term_string}"},"query-input":{"@type":"PropertyValueSpecification","valueRequired":true,"valueName":"search_term_string"}}],"inLanguage":"pt-BR"},{"@type":"Organization","@id":"https:\/\/my.stlflix.com\/tr\/#organization","name":"MyStore - By STLFLIX","url":"https:\/\/my.stlflix.com\/tr\/","logo":{"@type":"ImageObject","inLanguage":"pt-BR","@id":"https:\/\/my.stlflix.com\/tr\/#\/schema\/logo\/image\/","url":"https:\/\/my.stlflix.com\/wp-content\/uploads\/2024\/06\/logo-mystore.png","contentUrl":"https:\/\/my.stlflix.com\/wp-content\/uploads\/2024\/06\/logo-mystore.png","width":150,"height":41,"caption":"MyStore - By STLFLIX"},"image":{"@id":"https:\/\/my.stlflix.com\/tr\/#\/schema\/logo\/image\/"},"sameAs":["https:\/\/www.facebook.com\/STLFLIX","https:\/\/www.instagram.com\/stlflix_\/","https:\/\/www.tiktok.com\/@stlflix"]}]}},"_links":{"self":[{"href":"https:\/\/my.stlflix.com\/pt-br\/wp-json\/wp\/v2\/pages\/154829","targetHints":{"allow":["GET"]}}],"collection":[{"href":"https:\/\/my.stlflix.com\/pt-br\/wp-json\/wp\/v2\/pages"}],"about":[{"href":"https:\/\/my.stlflix.com\/pt-br\/wp-json\/wp\/v2\/types\/page"}],"author":[{"embeddable":true,"href":"https:\/\/my.stlflix.com\/pt-br\/wp-json\/wp\/v2\/users\/358"}],"replies":[{"embeddable":true,"href":"https:\/\/my.stlflix.com\/pt-br\/wp-json\/wp\/v2\/comments?post=154829"}],"version-history":[{"count":5,"href":"https:\/\/my.stlflix.com\/pt-br\/wp-json\/wp\/v2\/pages\/154829\/revisions"}],"predecessor-version":[{"id":160413,"href":"https:\/\/my.stlflix.com\/pt-br\/wp-json\/wp\/v2\/pages\/154829\/revisions\/160413"}],"wp:attachment":[{"href":"https:\/\/my.stlflix.com\/pt-br\/wp-json\/wp\/v2\/media?parent=154829"}],"curies":[{"name":"wp","href":"https:\/\/api.w.org\/{rel}","templated":true}]}}