{"id":137762,"date":"2024-11-03T10:11:11","date_gmt":"2024-11-03T10:11:11","guid":{"rendered":"https:\/\/my.stlflix.com\/?post_type=product&#038;p=137762"},"modified":"2024-12-22T12:18:13","modified_gmt":"2024-12-22T12:18:13","slug":"merlot-the-octopus-wine-holder-672747bf7a1d1","status":"publish","type":"product","link":"https:\/\/my.stlflix.com\/pt-br\/product\/merlot-the-octopus-wine-holder-672747bf7a1d1\/","title":{"rendered":"Merlot le poulpe porte-bouteille de vin &#8211; Unique &#8211; decoration de table &#8211; couleur au choix"},"content":{"rendered":"<p>La demande en vin devenant trop forte pour le seul Bordelais, il appela son cousin. C&#8217;est un travail \u00e0 temps plein, vous savez.<\/p>\n<p>D\u00e9couvrez l\u2019originalit\u00e9 et l&#8217;\u00e9l\u00e9gance de notre <em>poulpe porte-bouteille de vin<\/em>, une pi\u00e8ce unique qui combine l&#8217;art et la fonctionnalit\u00e9. Ce support exquis pr\u00e9sente un poulpe magnifiquement sculpt\u00e9, enroul\u00e9 autour d&#8217;une ancre de bateau, symbolisant la force et l&#8217;aventure maritime. Non peint \u00e0 la base, il est disponible en une seule couleur de votre choix, vous offrant la possibilit\u00e9 de personnaliser cette \u0153uvre \u00e0 votre go\u00fbt avec de la peinture acrylique pour une touche personnelle.<\/p>\n<p>Que ce soit pour une d\u00e9coration marine, un bar, ou un salon, ce porte-bouteille captivant attirera tous les regards et ravira les amateurs de vin et de design audacieux. Ajoutez une note artistique et impressionnez vos invit\u00e9s avec cette pi\u00e8ce aussi pratique que spectaculaire.<\/p>\n","protected":false},"excerpt":{"rendered":"<p>La demande en vin devenant trop forte pour le seul Bordelais, il appela son cousin. C&#8217;est un travail \u00e0 temps plein, vous savez. D\u00e9couvrez l\u2019originalit\u00e9 et l&#8217;\u00e9l\u00e9gance de notre poulpe porte-bouteille de vin, une pi\u00e8ce unique qui combine l&#8217;art et la fonctionnalit\u00e9. Ce support exquis pr\u00e9sente un poulpe magnifiquement sculpt\u00e9, enroul\u00e9 autour d&#8217;une ancre de [&hellip;]<\/p>\n","protected":false},"featured_media":33752,"comment_status":"open","ping_status":"closed","template":"","meta":[],"product_brand":[],"product_cat":[25],"product_tag":[1788],"class_list":{"0":"post-137762","1":"product","2":"type-product","3":"status-publish","4":"has-post-thumbnail","6":"product_cat-home-decor","7":"product_tag-porte-bouteille-2","9":"first","10":"instock","11":"sold-individually","12":"purchasable","13":"product-type-variable"},"yoast_head":"<!-- This site is optimized with the Yoast SEO plugin v25.1 - https:\/\/yoast.com\/wordpress\/plugins\/seo\/ -->\n<title>Merlot le poulpe porte-bouteille de vin - Unique - decoration de table - couleur au choix - MyStore - By STLFLIX<\/title>\n<meta name=\"robots\" content=\"index, follow, max-snippet:-1, max-image-preview:large, max-video-preview:-1\" \/>\n<link rel=\"canonical\" href=\"https:\/\/www.lojadomandela3d.biz\/product\/merlot-the-octopus-wine-holder-672747bf7a1d1\/\" \/>\n<meta property=\"og:locale\" content=\"pt_BR\" \/>\n<meta property=\"og:type\" content=\"article\" \/>\n<meta property=\"og:title\" content=\"Merlot le poulpe porte-bouteille de vin - Unique - decoration de table - couleur au choix - MyStore - By STLFLIX\" \/>\n<meta property=\"og:description\" content=\"La demande en vin devenant trop forte pour le seul Bordelais, il appela son cousin. C&#8217;est un travail \u00e0 temps plein, vous savez. D\u00e9couvrez l\u2019originalit\u00e9 et l&#8217;\u00e9l\u00e9gance de notre poulpe porte-bouteille de vin, une pi\u00e8ce unique qui combine l&#8217;art et la fonctionnalit\u00e9. Ce support exquis pr\u00e9sente un poulpe magnifiquement sculpt\u00e9, enroul\u00e9 autour d&#8217;une ancre de [&hellip;]\" \/>\n<meta property=\"og:url\" content=\"https:\/\/www.lojadomandela3d.biz\/product\/merlot-the-octopus-wine-holder-672747bf7a1d1\/\" \/>\n<meta property=\"og:site_name\" content=\"MyStore - By STLFLIX\" \/>\n<meta property=\"article:publisher\" content=\"https:\/\/www.facebook.com\/STLFLIX\" \/>\n<meta property=\"article:modified_time\" content=\"2024-12-22T12:18:13+00:00\" \/>\n<meta property=\"og:image\" content=\"https:\/\/www.lojadomandela3d.biz\/wp-content\/uploads\/2024\/05\/Merlot_the_Octopus_Wine_Holder_thumb_8d46efee84.jpg\" \/>\n\t<meta property=\"og:image:width\" content=\"1080\" \/>\n\t<meta property=\"og:image:height\" content=\"1350\" \/>\n\t<meta property=\"og:image:type\" content=\"image\/jpeg\" \/>\n<meta name=\"twitter:card\" content=\"summary_large_image\" \/>\n<meta name=\"twitter:label1\" content=\"Est. reading time\" \/>\n\t<meta name=\"twitter:data1\" content=\"1 minute\" \/>\n<script type=\"application\/ld+json\" class=\"yoast-schema-graph\">{\"@context\":\"https:\/\/schema.org\",\"@graph\":[{\"@type\":\"WebPage\",\"@id\":\"https:\/\/www.lojadomandela3d.biz\/product\/merlot-the-octopus-wine-holder-672747bf7a1d1\/\",\"url\":\"https:\/\/www.lojadomandela3d.biz\/product\/merlot-the-octopus-wine-holder-672747bf7a1d1\/\",\"name\":\"Merlot le poulpe porte-bouteille de vin - Unique - decoration de table - couleur au choix - MyStore - By STLFLIX\",\"isPartOf\":{\"@id\":\"https:\/\/www.stlflix-store.com\/#website\"},\"primaryImageOfPage\":{\"@id\":\"https:\/\/www.lojadomandela3d.biz\/product\/merlot-the-octopus-wine-holder-672747bf7a1d1\/#primaryimage\"},\"image\":{\"@id\":\"https:\/\/www.lojadomandela3d.biz\/product\/merlot-the-octopus-wine-holder-672747bf7a1d1\/#primaryimage\"},\"thumbnailUrl\":\"https:\/\/my.stlflix.com\/wp-content\/uploads\/2024\/05\/Merlot_the_Octopus_Wine_Holder_thumb_8d46efee84.jpg\",\"datePublished\":\"2024-11-03T10:11:11+00:00\",\"dateModified\":\"2024-12-22T12:18:13+00:00\",\"breadcrumb\":{\"@id\":\"https:\/\/www.lojadomandela3d.biz\/product\/merlot-the-octopus-wine-holder-672747bf7a1d1\/#breadcrumb\"},\"inLanguage\":\"pt-BR\",\"potentialAction\":[{\"@type\":\"ReadAction\",\"target\":[\"https:\/\/www.lojadomandela3d.biz\/product\/merlot-the-octopus-wine-holder-672747bf7a1d1\/\"]}]},{\"@type\":\"ImageObject\",\"inLanguage\":\"pt-BR\",\"@id\":\"https:\/\/www.lojadomandela3d.biz\/product\/merlot-the-octopus-wine-holder-672747bf7a1d1\/#primaryimage\",\"url\":\"https:\/\/my.stlflix.com\/wp-content\/uploads\/2024\/05\/Merlot_the_Octopus_Wine_Holder_thumb_8d46efee84.jpg\",\"contentUrl\":\"https:\/\/my.stlflix.com\/wp-content\/uploads\/2024\/05\/Merlot_the_Octopus_Wine_Holder_thumb_8d46efee84.jpg\",\"width\":1080,\"height\":1350},{\"@type\":\"BreadcrumbList\",\"@id\":\"https:\/\/www.lojadomandela3d.biz\/product\/merlot-the-octopus-wine-holder-672747bf7a1d1\/#breadcrumb\",\"itemListElement\":[{\"@type\":\"ListItem\",\"position\":1,\"name\":\"Home\",\"item\":\"https:\/\/my.stlflix.com\/pt-br\/\"},{\"@type\":\"ListItem\",\"position\":2,\"name\":\"Products\",\"item\":\"https:\/\/www.lojadomandela3d.biz\/shop\/\"},{\"@type\":\"ListItem\",\"position\":3,\"name\":\"Merlot le poulpe porte-bouteille de vin &#8211; Unique &#8211; decoration de table &#8211; couleur au choix\"}]},{\"@type\":\"WebSite\",\"@id\":\"https:\/\/www.stlflix-store.com\/#website\",\"url\":\"https:\/\/www.stlflix-store.com\/\",\"name\":\"MyStore - By STLFLIX\",\"description\":\"\",\"publisher\":{\"@id\":\"https:\/\/www.stlflix-store.com\/#organization\"},\"potentialAction\":[{\"@type\":\"SearchAction\",\"target\":{\"@type\":\"EntryPoint\",\"urlTemplate\":\"https:\/\/www.stlflix-store.com\/?s={search_term_string}\"},\"query-input\":{\"@type\":\"PropertyValueSpecification\",\"valueRequired\":true,\"valueName\":\"search_term_string\"}}],\"inLanguage\":\"pt-BR\"},{\"@type\":\"Organization\",\"@id\":\"https:\/\/www.stlflix-store.com\/#organization\",\"name\":\"MyStore - By STLFLIX\",\"url\":\"https:\/\/www.stlflix-store.com\/\",\"logo\":{\"@type\":\"ImageObject\",\"inLanguage\":\"pt-BR\",\"@id\":\"https:\/\/www.stlflix-store.com\/#\/schema\/logo\/image\/\",\"url\":\"https:\/\/my.stlflix.com\/wp-content\/uploads\/2024\/06\/logo-mystore.png\",\"contentUrl\":\"https:\/\/my.stlflix.com\/wp-content\/uploads\/2024\/06\/logo-mystore.png\",\"width\":150,\"height\":41,\"caption\":\"MyStore - By STLFLIX\"},\"image\":{\"@id\":\"https:\/\/www.stlflix-store.com\/#\/schema\/logo\/image\/\"},\"sameAs\":[\"https:\/\/www.facebook.com\/STLFLIX\",\"https:\/\/www.instagram.com\/stlflix_\/\",\"https:\/\/www.tiktok.com\/@stlflix\"]}]}<\/script>\n<!-- \/ Yoast SEO plugin. -->","yoast_head_json":{"title":"Merlot le poulpe porte-bouteille de vin - Unique - decoration de table - couleur au choix - MyStore - By STLFLIX","robots":{"index":"index","follow":"follow","max-snippet":"max-snippet:-1","max-image-preview":"max-image-preview:large","max-video-preview":"max-video-preview:-1"},"canonical":"https:\/\/www.lojadomandela3d.biz\/product\/merlot-the-octopus-wine-holder-672747bf7a1d1\/","og_locale":"pt_BR","og_type":"article","og_title":"Merlot le poulpe porte-bouteille de vin - Unique - decoration de table - couleur au choix - MyStore - By STLFLIX","og_description":"La demande en vin devenant trop forte pour le seul Bordelais, il appela son cousin. C&#8217;est un travail \u00e0 temps plein, vous savez. D\u00e9couvrez l\u2019originalit\u00e9 et l&#8217;\u00e9l\u00e9gance de notre poulpe porte-bouteille de vin, une pi\u00e8ce unique qui combine l&#8217;art et la fonctionnalit\u00e9. Ce support exquis pr\u00e9sente un poulpe magnifiquement sculpt\u00e9, enroul\u00e9 autour d&#8217;une ancre de [&hellip;]","og_url":"https:\/\/www.lojadomandela3d.biz\/product\/merlot-the-octopus-wine-holder-672747bf7a1d1\/","og_site_name":"MyStore - By STLFLIX","article_publisher":"https:\/\/www.facebook.com\/STLFLIX","article_modified_time":"2024-12-22T12:18:13+00:00","og_image":[{"width":1080,"height":1350,"url":"https:\/\/www.lojadomandela3d.biz\/wp-content\/uploads\/2024\/05\/Merlot_the_Octopus_Wine_Holder_thumb_8d46efee84.jpg","type":"image\/jpeg"}],"twitter_card":"summary_large_image","twitter_misc":{"Est. reading time":"1 minute"},"schema":{"@context":"https:\/\/schema.org","@graph":[{"@type":"WebPage","@id":"https:\/\/www.lojadomandela3d.biz\/product\/merlot-the-octopus-wine-holder-672747bf7a1d1\/","url":"https:\/\/www.lojadomandela3d.biz\/product\/merlot-the-octopus-wine-holder-672747bf7a1d1\/","name":"Merlot le poulpe porte-bouteille de vin - Unique - decoration de table - couleur au choix - MyStore - By STLFLIX","isPartOf":{"@id":"https:\/\/www.stlflix-store.com\/#website"},"primaryImageOfPage":{"@id":"https:\/\/www.lojadomandela3d.biz\/product\/merlot-the-octopus-wine-holder-672747bf7a1d1\/#primaryimage"},"image":{"@id":"https:\/\/www.lojadomandela3d.biz\/product\/merlot-the-octopus-wine-holder-672747bf7a1d1\/#primaryimage"},"thumbnailUrl":"https:\/\/my.stlflix.com\/wp-content\/uploads\/2024\/05\/Merlot_the_Octopus_Wine_Holder_thumb_8d46efee84.jpg","datePublished":"2024-11-03T10:11:11+00:00","dateModified":"2024-12-22T12:18:13+00:00","breadcrumb":{"@id":"https:\/\/www.lojadomandela3d.biz\/product\/merlot-the-octopus-wine-holder-672747bf7a1d1\/#breadcrumb"},"inLanguage":"pt-BR","potentialAction":[{"@type":"ReadAction","target":["https:\/\/www.lojadomandela3d.biz\/product\/merlot-the-octopus-wine-holder-672747bf7a1d1\/"]}]},{"@type":"ImageObject","inLanguage":"pt-BR","@id":"https:\/\/www.lojadomandela3d.biz\/product\/merlot-the-octopus-wine-holder-672747bf7a1d1\/#primaryimage","url":"https:\/\/my.stlflix.com\/wp-content\/uploads\/2024\/05\/Merlot_the_Octopus_Wine_Holder_thumb_8d46efee84.jpg","contentUrl":"https:\/\/my.stlflix.com\/wp-content\/uploads\/2024\/05\/Merlot_the_Octopus_Wine_Holder_thumb_8d46efee84.jpg","width":1080,"height":1350},{"@type":"BreadcrumbList","@id":"https:\/\/www.lojadomandela3d.biz\/product\/merlot-the-octopus-wine-holder-672747bf7a1d1\/#breadcrumb","itemListElement":[{"@type":"ListItem","position":1,"name":"Home","item":"https:\/\/my.stlflix.com\/pt-br\/"},{"@type":"ListItem","position":2,"name":"Products","item":"https:\/\/www.lojadomandela3d.biz\/shop\/"},{"@type":"ListItem","position":3,"name":"Merlot le poulpe porte-bouteille de vin &#8211; Unique &#8211; decoration de table &#8211; couleur au choix"}]},{"@type":"WebSite","@id":"https:\/\/www.stlflix-store.com\/#website","url":"https:\/\/www.stlflix-store.com\/","name":"MyStore - By STLFLIX","description":"","publisher":{"@id":"https:\/\/www.stlflix-store.com\/#organization"},"potentialAction":[{"@type":"SearchAction","target":{"@type":"EntryPoint","urlTemplate":"https:\/\/www.stlflix-store.com\/?s={search_term_string}"},"query-input":{"@type":"PropertyValueSpecification","valueRequired":true,"valueName":"search_term_string"}}],"inLanguage":"pt-BR"},{"@type":"Organization","@id":"https:\/\/www.stlflix-store.com\/#organization","name":"MyStore - By STLFLIX","url":"https:\/\/www.stlflix-store.com\/","logo":{"@type":"ImageObject","inLanguage":"pt-BR","@id":"https:\/\/www.stlflix-store.com\/#\/schema\/logo\/image\/","url":"https:\/\/my.stlflix.com\/wp-content\/uploads\/2024\/06\/logo-mystore.png","contentUrl":"https:\/\/my.stlflix.com\/wp-content\/uploads\/2024\/06\/logo-mystore.png","width":150,"height":41,"caption":"MyStore - By STLFLIX"},"image":{"@id":"https:\/\/www.stlflix-store.com\/#\/schema\/logo\/image\/"},"sameAs":["https:\/\/www.facebook.com\/STLFLIX","https:\/\/www.instagram.com\/stlflix_\/","https:\/\/www.tiktok.com\/@stlflix"]}]}},"_links":{"self":[{"href":"https:\/\/my.stlflix.com\/pt-br\/wp-json\/wp\/v2\/product\/137762","targetHints":{"allow":["GET"]}}],"collection":[{"href":"https:\/\/my.stlflix.com\/pt-br\/wp-json\/wp\/v2\/product"}],"about":[{"href":"https:\/\/my.stlflix.com\/pt-br\/wp-json\/wp\/v2\/types\/product"}],"replies":[{"embeddable":true,"href":"https:\/\/my.stlflix.com\/pt-br\/wp-json\/wp\/v2\/comments?post=137762"}],"wp:featuredmedia":[{"embeddable":true,"href":"https:\/\/my.stlflix.com\/pt-br\/wp-json\/wp\/v2\/media\/33752"}],"wp:attachment":[{"href":"https:\/\/my.stlflix.com\/pt-br\/wp-json\/wp\/v2\/media?parent=137762"}],"wp:term":[{"taxonomy":"product_brand","embeddable":true,"href":"https:\/\/my.stlflix.com\/pt-br\/wp-json\/wp\/v2\/product_brand?post=137762"},{"taxonomy":"product_cat","embeddable":true,"href":"https:\/\/my.stlflix.com\/pt-br\/wp-json\/wp\/v2\/product_cat?post=137762"},{"taxonomy":"product_tag","embeddable":true,"href":"https:\/\/my.stlflix.com\/pt-br\/wp-json\/wp\/v2\/product_tag?post=137762"}],"curies":[{"name":"wp","href":"https:\/\/api.w.org\/{rel}","templated":true}]}}