{"id":148241,"date":"2024-11-10T12:08:57","date_gmt":"2024-11-10T12:08:57","guid":{"rendered":"https:\/\/my.stlflix.com\/?post_type=product&#038;p=148241"},"modified":"2024-12-22T12:25:45","modified_gmt":"2024-12-22T12:25:45","slug":"reversed-diamond-table-lamp-67309d9c2e912","status":"publish","type":"product","link":"https:\/\/my.stlflix.com\/pt-br\/product\/reversed-diamond-table-lamp-67309d9c2e912\/","title":{"rendered":"Reversed Diamond Table Lamp"},"content":{"rendered":"<p>Denna vackra lampan g\u00e5r att s\u00e4tta vart som helst i huset och den kommer passa in perfekt.<\/p>\n<p>S\u00e4tt i en lampa och plugga in den i v\u00e4ggen s\u00e5 har du ett mysigt ljus i rummet direkt.<\/p>\n","protected":false},"excerpt":{"rendered":"<p>Denna vackra lampan g\u00e5r att s\u00e4tta vart som helst i huset och den kommer passa in perfekt. S\u00e4tt i en lampa och plugga in den i v\u00e4ggen s\u00e5 har du ett mysigt ljus i rummet direkt.<\/p>\n","protected":false},"featured_media":86807,"comment_status":"open","ping_status":"closed","template":"","meta":[],"product_brand":[],"product_cat":[25],"product_tag":[1957],"class_list":{"0":"post-148241","1":"product","2":"type-product","3":"status-publish","4":"has-post-thumbnail","6":"product_cat-home-decor","7":"product_tag-home-accessories","9":"first","10":"instock","11":"shipping-taxable","12":"purchasable","13":"product-type-variable","14":"has-default-attributes"},"yoast_head":"<!-- This site is optimized with the Yoast SEO plugin v25.1 - https:\/\/yoast.com\/wordpress\/plugins\/seo\/ -->\n<title>Reversed Diamond Table Lamp - MyStore - By STLFLIX<\/title>\n<meta name=\"robots\" content=\"index, follow, max-snippet:-1, max-image-preview:large, max-video-preview:-1\" \/>\n<link rel=\"canonical\" href=\"https:\/\/www.monitorstlflix.com\/product\/reversed-diamond-table-lamp-67309d9c2e912\/\" \/>\n<meta property=\"og:locale\" content=\"pt_BR\" \/>\n<meta property=\"og:type\" content=\"article\" \/>\n<meta property=\"og:title\" content=\"Reversed Diamond Table Lamp - MyStore - By STLFLIX\" \/>\n<meta property=\"og:description\" content=\"Denna vackra lampan g\u00e5r att s\u00e4tta vart som helst i huset och den kommer passa in perfekt. S\u00e4tt i en lampa och plugga in den i v\u00e4ggen s\u00e5 har du ett mysigt ljus i rummet direkt.\" \/>\n<meta property=\"og:url\" content=\"https:\/\/www.monitorstlflix.com\/product\/reversed-diamond-table-lamp-67309d9c2e912\/\" \/>\n<meta property=\"og:site_name\" content=\"MyStore - By STLFLIX\" \/>\n<meta property=\"article:publisher\" content=\"https:\/\/www.facebook.com\/STLFLIX\" \/>\n<meta property=\"article:modified_time\" content=\"2024-12-22T12:25:45+00:00\" \/>\n<meta property=\"og:image\" content=\"https:\/\/www.monitorstlflix.com\/wp-content\/uploads\/2024\/08\/Reversed_Diamond_Table_Lamp_thumb_e66452d980.jpg\" \/>\n\t<meta property=\"og:image:width\" content=\"1080\" \/>\n\t<meta property=\"og:image:height\" content=\"1350\" \/>\n\t<meta property=\"og:image:type\" content=\"image\/jpeg\" \/>\n<meta name=\"twitter:card\" content=\"summary_large_image\" \/>\n<script type=\"application\/ld+json\" class=\"yoast-schema-graph\">{\"@context\":\"https:\/\/schema.org\",\"@graph\":[{\"@type\":\"WebPage\",\"@id\":\"https:\/\/www.monitorstlflix.com\/product\/reversed-diamond-table-lamp-67309d9c2e912\/\",\"url\":\"https:\/\/www.monitorstlflix.com\/product\/reversed-diamond-table-lamp-67309d9c2e912\/\",\"name\":\"Reversed Diamond Table Lamp - MyStore - By STLFLIX\",\"isPartOf\":{\"@id\":\"https:\/\/my.stlflix.com\/#website\"},\"primaryImageOfPage\":{\"@id\":\"https:\/\/www.monitorstlflix.com\/product\/reversed-diamond-table-lamp-67309d9c2e912\/#primaryimage\"},\"image\":{\"@id\":\"https:\/\/www.monitorstlflix.com\/product\/reversed-diamond-table-lamp-67309d9c2e912\/#primaryimage\"},\"thumbnailUrl\":\"https:\/\/my.stlflix.com\/wp-content\/uploads\/2024\/08\/Reversed_Diamond_Table_Lamp_thumb_e66452d980.jpg\",\"datePublished\":\"2024-11-10T12:08:57+00:00\",\"dateModified\":\"2024-12-22T12:25:45+00:00\",\"breadcrumb\":{\"@id\":\"https:\/\/www.monitorstlflix.com\/product\/reversed-diamond-table-lamp-67309d9c2e912\/#breadcrumb\"},\"inLanguage\":\"pt-BR\",\"potentialAction\":[{\"@type\":\"ReadAction\",\"target\":[\"https:\/\/www.monitorstlflix.com\/product\/reversed-diamond-table-lamp-67309d9c2e912\/\"]}]},{\"@type\":\"ImageObject\",\"inLanguage\":\"pt-BR\",\"@id\":\"https:\/\/www.monitorstlflix.com\/product\/reversed-diamond-table-lamp-67309d9c2e912\/#primaryimage\",\"url\":\"https:\/\/my.stlflix.com\/wp-content\/uploads\/2024\/08\/Reversed_Diamond_Table_Lamp_thumb_e66452d980.jpg\",\"contentUrl\":\"https:\/\/my.stlflix.com\/wp-content\/uploads\/2024\/08\/Reversed_Diamond_Table_Lamp_thumb_e66452d980.jpg\",\"width\":1080,\"height\":1350},{\"@type\":\"BreadcrumbList\",\"@id\":\"https:\/\/www.monitorstlflix.com\/product\/reversed-diamond-table-lamp-67309d9c2e912\/#breadcrumb\",\"itemListElement\":[{\"@type\":\"ListItem\",\"position\":1,\"name\":\"Home\",\"item\":\"https:\/\/my.stlflix.com\/pt-br\/\"},{\"@type\":\"ListItem\",\"position\":2,\"name\":\"Products\",\"item\":\"https:\/\/www.stlflix-store.com\/shop\/\"},{\"@type\":\"ListItem\",\"position\":3,\"name\":\"Reversed Diamond Table Lamp\"}]},{\"@type\":\"WebSite\",\"@id\":\"https:\/\/my.stlflix.com\/#website\",\"url\":\"https:\/\/my.stlflix.com\/\",\"name\":\"MyStore - By STLFLIX\",\"description\":\"\",\"publisher\":{\"@id\":\"https:\/\/my.stlflix.com\/#organization\"},\"potentialAction\":[{\"@type\":\"SearchAction\",\"target\":{\"@type\":\"EntryPoint\",\"urlTemplate\":\"https:\/\/my.stlflix.com\/?s={search_term_string}\"},\"query-input\":{\"@type\":\"PropertyValueSpecification\",\"valueRequired\":true,\"valueName\":\"search_term_string\"}}],\"inLanguage\":\"pt-BR\"},{\"@type\":\"Organization\",\"@id\":\"https:\/\/my.stlflix.com\/#organization\",\"name\":\"MyStore - By STLFLIX\",\"url\":\"https:\/\/my.stlflix.com\/\",\"logo\":{\"@type\":\"ImageObject\",\"inLanguage\":\"pt-BR\",\"@id\":\"https:\/\/my.stlflix.com\/#\/schema\/logo\/image\/\",\"url\":\"https:\/\/my.stlflix.com\/wp-content\/uploads\/2024\/06\/logo-mystore.png\",\"contentUrl\":\"https:\/\/my.stlflix.com\/wp-content\/uploads\/2024\/06\/logo-mystore.png\",\"width\":150,\"height\":41,\"caption\":\"MyStore - By STLFLIX\"},\"image\":{\"@id\":\"https:\/\/my.stlflix.com\/#\/schema\/logo\/image\/\"},\"sameAs\":[\"https:\/\/www.facebook.com\/STLFLIX\",\"https:\/\/www.instagram.com\/stlflix_\/\",\"https:\/\/www.tiktok.com\/@stlflix\"]}]}<\/script>\n<!-- \/ Yoast SEO plugin. -->","yoast_head_json":{"title":"Reversed Diamond Table Lamp - MyStore - By STLFLIX","robots":{"index":"index","follow":"follow","max-snippet":"max-snippet:-1","max-image-preview":"max-image-preview:large","max-video-preview":"max-video-preview:-1"},"canonical":"https:\/\/www.monitorstlflix.com\/product\/reversed-diamond-table-lamp-67309d9c2e912\/","og_locale":"pt_BR","og_type":"article","og_title":"Reversed Diamond Table Lamp - MyStore - By STLFLIX","og_description":"Denna vackra lampan g\u00e5r att s\u00e4tta vart som helst i huset och den kommer passa in perfekt. S\u00e4tt i en lampa och plugga in den i v\u00e4ggen s\u00e5 har du ett mysigt ljus i rummet direkt.","og_url":"https:\/\/www.monitorstlflix.com\/product\/reversed-diamond-table-lamp-67309d9c2e912\/","og_site_name":"MyStore - By STLFLIX","article_publisher":"https:\/\/www.facebook.com\/STLFLIX","article_modified_time":"2024-12-22T12:25:45+00:00","og_image":[{"width":1080,"height":1350,"url":"https:\/\/www.monitorstlflix.com\/wp-content\/uploads\/2024\/08\/Reversed_Diamond_Table_Lamp_thumb_e66452d980.jpg","type":"image\/jpeg"}],"twitter_card":"summary_large_image","schema":{"@context":"https:\/\/schema.org","@graph":[{"@type":"WebPage","@id":"https:\/\/www.monitorstlflix.com\/product\/reversed-diamond-table-lamp-67309d9c2e912\/","url":"https:\/\/www.monitorstlflix.com\/product\/reversed-diamond-table-lamp-67309d9c2e912\/","name":"Reversed Diamond Table Lamp - MyStore - By STLFLIX","isPartOf":{"@id":"https:\/\/my.stlflix.com\/#website"},"primaryImageOfPage":{"@id":"https:\/\/www.monitorstlflix.com\/product\/reversed-diamond-table-lamp-67309d9c2e912\/#primaryimage"},"image":{"@id":"https:\/\/www.monitorstlflix.com\/product\/reversed-diamond-table-lamp-67309d9c2e912\/#primaryimage"},"thumbnailUrl":"https:\/\/my.stlflix.com\/wp-content\/uploads\/2024\/08\/Reversed_Diamond_Table_Lamp_thumb_e66452d980.jpg","datePublished":"2024-11-10T12:08:57+00:00","dateModified":"2024-12-22T12:25:45+00:00","breadcrumb":{"@id":"https:\/\/www.monitorstlflix.com\/product\/reversed-diamond-table-lamp-67309d9c2e912\/#breadcrumb"},"inLanguage":"pt-BR","potentialAction":[{"@type":"ReadAction","target":["https:\/\/www.monitorstlflix.com\/product\/reversed-diamond-table-lamp-67309d9c2e912\/"]}]},{"@type":"ImageObject","inLanguage":"pt-BR","@id":"https:\/\/www.monitorstlflix.com\/product\/reversed-diamond-table-lamp-67309d9c2e912\/#primaryimage","url":"https:\/\/my.stlflix.com\/wp-content\/uploads\/2024\/08\/Reversed_Diamond_Table_Lamp_thumb_e66452d980.jpg","contentUrl":"https:\/\/my.stlflix.com\/wp-content\/uploads\/2024\/08\/Reversed_Diamond_Table_Lamp_thumb_e66452d980.jpg","width":1080,"height":1350},{"@type":"BreadcrumbList","@id":"https:\/\/www.monitorstlflix.com\/product\/reversed-diamond-table-lamp-67309d9c2e912\/#breadcrumb","itemListElement":[{"@type":"ListItem","position":1,"name":"Home","item":"https:\/\/my.stlflix.com\/pt-br\/"},{"@type":"ListItem","position":2,"name":"Products","item":"https:\/\/www.stlflix-store.com\/shop\/"},{"@type":"ListItem","position":3,"name":"Reversed Diamond Table Lamp"}]},{"@type":"WebSite","@id":"https:\/\/my.stlflix.com\/#website","url":"https:\/\/my.stlflix.com\/","name":"MyStore - By STLFLIX","description":"","publisher":{"@id":"https:\/\/my.stlflix.com\/#organization"},"potentialAction":[{"@type":"SearchAction","target":{"@type":"EntryPoint","urlTemplate":"https:\/\/my.stlflix.com\/?s={search_term_string}"},"query-input":{"@type":"PropertyValueSpecification","valueRequired":true,"valueName":"search_term_string"}}],"inLanguage":"pt-BR"},{"@type":"Organization","@id":"https:\/\/my.stlflix.com\/#organization","name":"MyStore - By STLFLIX","url":"https:\/\/my.stlflix.com\/","logo":{"@type":"ImageObject","inLanguage":"pt-BR","@id":"https:\/\/my.stlflix.com\/#\/schema\/logo\/image\/","url":"https:\/\/my.stlflix.com\/wp-content\/uploads\/2024\/06\/logo-mystore.png","contentUrl":"https:\/\/my.stlflix.com\/wp-content\/uploads\/2024\/06\/logo-mystore.png","width":150,"height":41,"caption":"MyStore - By STLFLIX"},"image":{"@id":"https:\/\/my.stlflix.com\/#\/schema\/logo\/image\/"},"sameAs":["https:\/\/www.facebook.com\/STLFLIX","https:\/\/www.instagram.com\/stlflix_\/","https:\/\/www.tiktok.com\/@stlflix"]}]}},"_links":{"self":[{"href":"https:\/\/my.stlflix.com\/pt-br\/wp-json\/wp\/v2\/product\/148241","targetHints":{"allow":["GET"]}}],"collection":[{"href":"https:\/\/my.stlflix.com\/pt-br\/wp-json\/wp\/v2\/product"}],"about":[{"href":"https:\/\/my.stlflix.com\/pt-br\/wp-json\/wp\/v2\/types\/product"}],"replies":[{"embeddable":true,"href":"https:\/\/my.stlflix.com\/pt-br\/wp-json\/wp\/v2\/comments?post=148241"}],"wp:featuredmedia":[{"embeddable":true,"href":"https:\/\/my.stlflix.com\/pt-br\/wp-json\/wp\/v2\/media\/86807"}],"wp:attachment":[{"href":"https:\/\/my.stlflix.com\/pt-br\/wp-json\/wp\/v2\/media?parent=148241"}],"wp:term":[{"taxonomy":"product_brand","embeddable":true,"href":"https:\/\/my.stlflix.com\/pt-br\/wp-json\/wp\/v2\/product_brand?post=148241"},{"taxonomy":"product_cat","embeddable":true,"href":"https:\/\/my.stlflix.com\/pt-br\/wp-json\/wp\/v2\/product_cat?post=148241"},{"taxonomy":"product_tag","embeddable":true,"href":"https:\/\/my.stlflix.com\/pt-br\/wp-json\/wp\/v2\/product_tag?post=148241"}],"curies":[{"name":"wp","href":"https:\/\/api.w.org\/{rel}","templated":true}]}}