{"id":196947,"date":"2024-12-16T21:58:01","date_gmt":"2024-12-16T21:58:01","guid":{"rendered":"https:\/\/my.stlflix.com\/?post_type=product&#038;p=196947"},"modified":"2024-12-22T12:43:34","modified_gmt":"2024-12-22T12:43:34","slug":"3d-city-frames-barcelona-15cm-version-67609d17325ef","status":"publish","type":"product","link":"https:\/\/my.stlflix.com\/pt-br\/product\/3d-city-frames-barcelona-15cm-version-67609d17325ef\/","title":{"rendered":"Quadro Barcelona 3D City Frame 60x60cm"},"content":{"rendered":"<p>Transforme sua parede em uma verdadeira obra de arte com este quadro 3D de Barcelona! Com dimens\u00e3o total de 60x60cm depois de montada, este quadro captura os detalhes fascinantes da cidade, incluindo suas ruas sinuosas, a impressionante Sagrada Fam\u00edlia e o tra\u00e7ado ic\u00f4nico do bairro g\u00f3tico. Criado a partir de dados precisos do OpenStreetMap, o modelo revela a riqueza arquitet\u00f4nica e urbana da capital catal\u00e3 em um design sofisticado e moderno.<\/p>\n<p>Ideal para amantes de viagens, arquitetura ou da vibrante cultura mediterr\u00e2nea, este quadro \u00e9 perfeito para decorar sua casa ou escrit\u00f3rio e manter Barcelona sempre por perto!<\/p>\n<p>Voc\u00ea receber\u00e1 16 pe\u00e7as de 15x15cm que poder\u00e3o ser coladas em um \u00fanico quadro de at\u00e9 60x60cm da cidade.<\/p>\n","protected":false},"excerpt":{"rendered":"<p>Transforme sua parede em uma verdadeira obra de arte com este quadro 3D de Barcelona! Com dimens\u00e3o total de 60x60cm depois de montada, este quadro captura os detalhes fascinantes da cidade, incluindo suas ruas sinuosas, a impressionante Sagrada Fam\u00edlia e o tra\u00e7ado ic\u00f4nico do bairro g\u00f3tico. Criado a partir de dados precisos do OpenStreetMap, o [&hellip;]<\/p>\n","protected":false},"featured_media":125567,"comment_status":"open","ping_status":"closed","template":"","meta":[],"product_brand":[],"product_cat":[505],"product_tag":[],"class_list":{"0":"post-196947","1":"product","2":"type-product","3":"status-publish","4":"has-post-thumbnail","6":"product_cat-architecture-city","8":"first","9":"onbackorder","10":"sale","11":"sold-individually","12":"taxable","13":"shipping-taxable","14":"purchasable","15":"product-type-simple"},"yoast_head":"<!-- This site is optimized with the Yoast SEO plugin v25.1 - https:\/\/yoast.com\/wordpress\/plugins\/seo\/ -->\n<title>Quadro Barcelona 3D City Frame 60x60cm - MyStore - By STLFLIX<\/title>\n<meta name=\"robots\" content=\"index, follow, max-snippet:-1, max-image-preview:large, max-video-preview:-1\" \/>\n<link rel=\"canonical\" href=\"https:\/\/www.testeminhalojamandela.biz\/product\/3d-city-frames-barcelona-15cm-version-67609d17325ef\/\" \/>\n<meta property=\"og:locale\" content=\"pt_BR\" \/>\n<meta property=\"og:type\" content=\"article\" \/>\n<meta property=\"og:title\" content=\"Quadro Barcelona 3D City Frame 60x60cm - MyStore - By STLFLIX\" \/>\n<meta property=\"og:description\" content=\"Transforme sua parede em uma verdadeira obra de arte com este quadro 3D de Barcelona! Com dimens\u00e3o total de 60x60cm depois de montada, este quadro captura os detalhes fascinantes da cidade, incluindo suas ruas sinuosas, a impressionante Sagrada Fam\u00edlia e o tra\u00e7ado ic\u00f4nico do bairro g\u00f3tico. Criado a partir de dados precisos do OpenStreetMap, o [&hellip;]\" \/>\n<meta property=\"og:url\" content=\"https:\/\/www.testeminhalojamandela.biz\/product\/3d-city-frames-barcelona-15cm-version-67609d17325ef\/\" \/>\n<meta property=\"og:site_name\" content=\"MyStore - By STLFLIX\" \/>\n<meta property=\"article:publisher\" content=\"https:\/\/www.facebook.com\/STLFLIX\" \/>\n<meta property=\"article:modified_time\" content=\"2024-12-22T12:43:34+00:00\" \/>\n<meta property=\"og:image\" content=\"https:\/\/www.testeminhalojamandela.biz\/wp-content\/uploads\/2024\/10\/Barcelona_15cm_Versionthumb_9344340981.jpg\" \/>\n\t<meta property=\"og:image:width\" content=\"1080\" \/>\n\t<meta property=\"og:image:height\" content=\"1350\" \/>\n\t<meta property=\"og:image:type\" content=\"image\/jpeg\" \/>\n<meta name=\"twitter:card\" content=\"summary_large_image\" \/>\n<meta name=\"twitter:label1\" content=\"Est. reading time\" \/>\n\t<meta name=\"twitter:data1\" content=\"1 minute\" \/>\n<script type=\"application\/ld+json\" class=\"yoast-schema-graph\">{\"@context\":\"https:\/\/schema.org\",\"@graph\":[{\"@type\":\"WebPage\",\"@id\":\"https:\/\/www.testeminhalojamandela.biz\/product\/3d-city-frames-barcelona-15cm-version-67609d17325ef\/\",\"url\":\"https:\/\/www.testeminhalojamandela.biz\/product\/3d-city-frames-barcelona-15cm-version-67609d17325ef\/\",\"name\":\"Quadro Barcelona 3D City Frame 60x60cm - MyStore - By STLFLIX\",\"isPartOf\":{\"@id\":\"https:\/\/my.stlflix.com\/tr\/#website\"},\"primaryImageOfPage\":{\"@id\":\"https:\/\/www.testeminhalojamandela.biz\/product\/3d-city-frames-barcelona-15cm-version-67609d17325ef\/#primaryimage\"},\"image\":{\"@id\":\"https:\/\/www.testeminhalojamandela.biz\/product\/3d-city-frames-barcelona-15cm-version-67609d17325ef\/#primaryimage\"},\"thumbnailUrl\":\"https:\/\/my.stlflix.com\/wp-content\/uploads\/2024\/10\/Barcelona_15cm_Versionthumb_9344340981.jpg\",\"datePublished\":\"2024-12-16T21:58:01+00:00\",\"dateModified\":\"2024-12-22T12:43:34+00:00\",\"breadcrumb\":{\"@id\":\"https:\/\/www.testeminhalojamandela.biz\/product\/3d-city-frames-barcelona-15cm-version-67609d17325ef\/#breadcrumb\"},\"inLanguage\":\"pt-BR\",\"potentialAction\":[{\"@type\":\"ReadAction\",\"target\":[\"https:\/\/www.testeminhalojamandela.biz\/product\/3d-city-frames-barcelona-15cm-version-67609d17325ef\/\"]}]},{\"@type\":\"ImageObject\",\"inLanguage\":\"pt-BR\",\"@id\":\"https:\/\/www.testeminhalojamandela.biz\/product\/3d-city-frames-barcelona-15cm-version-67609d17325ef\/#primaryimage\",\"url\":\"https:\/\/my.stlflix.com\/wp-content\/uploads\/2024\/10\/Barcelona_15cm_Versionthumb_9344340981.jpg\",\"contentUrl\":\"https:\/\/my.stlflix.com\/wp-content\/uploads\/2024\/10\/Barcelona_15cm_Versionthumb_9344340981.jpg\",\"width\":1080,\"height\":1350},{\"@type\":\"BreadcrumbList\",\"@id\":\"https:\/\/www.testeminhalojamandela.biz\/product\/3d-city-frames-barcelona-15cm-version-67609d17325ef\/#breadcrumb\",\"itemListElement\":[{\"@type\":\"ListItem\",\"position\":1,\"name\":\"Home\",\"item\":\"https:\/\/my.stlflix.com\/pt-br\/\"},{\"@type\":\"ListItem\",\"position\":2,\"name\":\"Products\",\"item\":\"https:\/\/my.stlflix.com\/fr\/shop\/\"},{\"@type\":\"ListItem\",\"position\":3,\"name\":\"Quadro Barcelona 3D City Frame 60x60cm\"}]},{\"@type\":\"WebSite\",\"@id\":\"https:\/\/my.stlflix.com\/tr\/#website\",\"url\":\"https:\/\/my.stlflix.com\/tr\/\",\"name\":\"MyStore - By STLFLIX\",\"description\":\"\",\"publisher\":{\"@id\":\"https:\/\/my.stlflix.com\/tr\/#organization\"},\"potentialAction\":[{\"@type\":\"SearchAction\",\"target\":{\"@type\":\"EntryPoint\",\"urlTemplate\":\"https:\/\/my.stlflix.com\/tr\/?s={search_term_string}\"},\"query-input\":{\"@type\":\"PropertyValueSpecification\",\"valueRequired\":true,\"valueName\":\"search_term_string\"}}],\"inLanguage\":\"pt-BR\"},{\"@type\":\"Organization\",\"@id\":\"https:\/\/my.stlflix.com\/tr\/#organization\",\"name\":\"MyStore - By STLFLIX\",\"url\":\"https:\/\/my.stlflix.com\/tr\/\",\"logo\":{\"@type\":\"ImageObject\",\"inLanguage\":\"pt-BR\",\"@id\":\"https:\/\/my.stlflix.com\/tr\/#\/schema\/logo\/image\/\",\"url\":\"https:\/\/my.stlflix.com\/wp-content\/uploads\/2024\/06\/logo-mystore.png\",\"contentUrl\":\"https:\/\/my.stlflix.com\/wp-content\/uploads\/2024\/06\/logo-mystore.png\",\"width\":150,\"height\":41,\"caption\":\"MyStore - By STLFLIX\"},\"image\":{\"@id\":\"https:\/\/my.stlflix.com\/tr\/#\/schema\/logo\/image\/\"},\"sameAs\":[\"https:\/\/www.facebook.com\/STLFLIX\",\"https:\/\/www.instagram.com\/stlflix_\/\",\"https:\/\/www.tiktok.com\/@stlflix\"]}]}<\/script>\n<!-- \/ Yoast SEO plugin. -->","yoast_head_json":{"title":"Quadro Barcelona 3D City Frame 60x60cm - MyStore - By STLFLIX","robots":{"index":"index","follow":"follow","max-snippet":"max-snippet:-1","max-image-preview":"max-image-preview:large","max-video-preview":"max-video-preview:-1"},"canonical":"https:\/\/www.testeminhalojamandela.biz\/product\/3d-city-frames-barcelona-15cm-version-67609d17325ef\/","og_locale":"pt_BR","og_type":"article","og_title":"Quadro Barcelona 3D City Frame 60x60cm - MyStore - By STLFLIX","og_description":"Transforme sua parede em uma verdadeira obra de arte com este quadro 3D de Barcelona! Com dimens\u00e3o total de 60x60cm depois de montada, este quadro captura os detalhes fascinantes da cidade, incluindo suas ruas sinuosas, a impressionante Sagrada Fam\u00edlia e o tra\u00e7ado ic\u00f4nico do bairro g\u00f3tico. Criado a partir de dados precisos do OpenStreetMap, o [&hellip;]","og_url":"https:\/\/www.testeminhalojamandela.biz\/product\/3d-city-frames-barcelona-15cm-version-67609d17325ef\/","og_site_name":"MyStore - By STLFLIX","article_publisher":"https:\/\/www.facebook.com\/STLFLIX","article_modified_time":"2024-12-22T12:43:34+00:00","og_image":[{"width":1080,"height":1350,"url":"https:\/\/www.testeminhalojamandela.biz\/wp-content\/uploads\/2024\/10\/Barcelona_15cm_Versionthumb_9344340981.jpg","type":"image\/jpeg"}],"twitter_card":"summary_large_image","twitter_misc":{"Est. reading time":"1 minute"},"schema":{"@context":"https:\/\/schema.org","@graph":[{"@type":"WebPage","@id":"https:\/\/www.testeminhalojamandela.biz\/product\/3d-city-frames-barcelona-15cm-version-67609d17325ef\/","url":"https:\/\/www.testeminhalojamandela.biz\/product\/3d-city-frames-barcelona-15cm-version-67609d17325ef\/","name":"Quadro Barcelona 3D City Frame 60x60cm - MyStore - By STLFLIX","isPartOf":{"@id":"https:\/\/my.stlflix.com\/tr\/#website"},"primaryImageOfPage":{"@id":"https:\/\/www.testeminhalojamandela.biz\/product\/3d-city-frames-barcelona-15cm-version-67609d17325ef\/#primaryimage"},"image":{"@id":"https:\/\/www.testeminhalojamandela.biz\/product\/3d-city-frames-barcelona-15cm-version-67609d17325ef\/#primaryimage"},"thumbnailUrl":"https:\/\/my.stlflix.com\/wp-content\/uploads\/2024\/10\/Barcelona_15cm_Versionthumb_9344340981.jpg","datePublished":"2024-12-16T21:58:01+00:00","dateModified":"2024-12-22T12:43:34+00:00","breadcrumb":{"@id":"https:\/\/www.testeminhalojamandela.biz\/product\/3d-city-frames-barcelona-15cm-version-67609d17325ef\/#breadcrumb"},"inLanguage":"pt-BR","potentialAction":[{"@type":"ReadAction","target":["https:\/\/www.testeminhalojamandela.biz\/product\/3d-city-frames-barcelona-15cm-version-67609d17325ef\/"]}]},{"@type":"ImageObject","inLanguage":"pt-BR","@id":"https:\/\/www.testeminhalojamandela.biz\/product\/3d-city-frames-barcelona-15cm-version-67609d17325ef\/#primaryimage","url":"https:\/\/my.stlflix.com\/wp-content\/uploads\/2024\/10\/Barcelona_15cm_Versionthumb_9344340981.jpg","contentUrl":"https:\/\/my.stlflix.com\/wp-content\/uploads\/2024\/10\/Barcelona_15cm_Versionthumb_9344340981.jpg","width":1080,"height":1350},{"@type":"BreadcrumbList","@id":"https:\/\/www.testeminhalojamandela.biz\/product\/3d-city-frames-barcelona-15cm-version-67609d17325ef\/#breadcrumb","itemListElement":[{"@type":"ListItem","position":1,"name":"Home","item":"https:\/\/my.stlflix.com\/pt-br\/"},{"@type":"ListItem","position":2,"name":"Products","item":"https:\/\/my.stlflix.com\/fr\/shop\/"},{"@type":"ListItem","position":3,"name":"Quadro Barcelona 3D City Frame 60x60cm"}]},{"@type":"WebSite","@id":"https:\/\/my.stlflix.com\/tr\/#website","url":"https:\/\/my.stlflix.com\/tr\/","name":"MyStore - By STLFLIX","description":"","publisher":{"@id":"https:\/\/my.stlflix.com\/tr\/#organization"},"potentialAction":[{"@type":"SearchAction","target":{"@type":"EntryPoint","urlTemplate":"https:\/\/my.stlflix.com\/tr\/?s={search_term_string}"},"query-input":{"@type":"PropertyValueSpecification","valueRequired":true,"valueName":"search_term_string"}}],"inLanguage":"pt-BR"},{"@type":"Organization","@id":"https:\/\/my.stlflix.com\/tr\/#organization","name":"MyStore - By STLFLIX","url":"https:\/\/my.stlflix.com\/tr\/","logo":{"@type":"ImageObject","inLanguage":"pt-BR","@id":"https:\/\/my.stlflix.com\/tr\/#\/schema\/logo\/image\/","url":"https:\/\/my.stlflix.com\/wp-content\/uploads\/2024\/06\/logo-mystore.png","contentUrl":"https:\/\/my.stlflix.com\/wp-content\/uploads\/2024\/06\/logo-mystore.png","width":150,"height":41,"caption":"MyStore - By STLFLIX"},"image":{"@id":"https:\/\/my.stlflix.com\/tr\/#\/schema\/logo\/image\/"},"sameAs":["https:\/\/www.facebook.com\/STLFLIX","https:\/\/www.instagram.com\/stlflix_\/","https:\/\/www.tiktok.com\/@stlflix"]}]}},"_links":{"self":[{"href":"https:\/\/my.stlflix.com\/pt-br\/wp-json\/wp\/v2\/product\/196947","targetHints":{"allow":["GET"]}}],"collection":[{"href":"https:\/\/my.stlflix.com\/pt-br\/wp-json\/wp\/v2\/product"}],"about":[{"href":"https:\/\/my.stlflix.com\/pt-br\/wp-json\/wp\/v2\/types\/product"}],"replies":[{"embeddable":true,"href":"https:\/\/my.stlflix.com\/pt-br\/wp-json\/wp\/v2\/comments?post=196947"}],"wp:featuredmedia":[{"embeddable":true,"href":"https:\/\/my.stlflix.com\/pt-br\/wp-json\/wp\/v2\/media\/125567"}],"wp:attachment":[{"href":"https:\/\/my.stlflix.com\/pt-br\/wp-json\/wp\/v2\/media?parent=196947"}],"wp:term":[{"taxonomy":"product_brand","embeddable":true,"href":"https:\/\/my.stlflix.com\/pt-br\/wp-json\/wp\/v2\/product_brand?post=196947"},{"taxonomy":"product_cat","embeddable":true,"href":"https:\/\/my.stlflix.com\/pt-br\/wp-json\/wp\/v2\/product_cat?post=196947"},{"taxonomy":"product_tag","embeddable":true,"href":"https:\/\/my.stlflix.com\/pt-br\/wp-json\/wp\/v2\/product_tag?post=196947"}],"curies":[{"name":"wp","href":"https:\/\/api.w.org\/{rel}","templated":true}]}}