{"id":279069,"date":"2025-03-03T19:42:58","date_gmt":"2025-03-03T19:42:58","guid":{"rendered":"https:\/\/my.stlflix.com\/?post_type=product&#038;p=279069"},"modified":"2025-07-14T04:55:59","modified_gmt":"2025-07-14T04:55:59","slug":"mini-vaso-gato-para-suculenta","status":"publish","type":"product","link":"https:\/\/my.stlflix.com\/pt-br\/product\/mini-vaso-gato-para-suculenta\/","title":{"rendered":"Mini vaso (gato) para suculenta"},"content":{"rendered":"<p><strong>Vaso em Forma de Gato para Suculenta<\/strong><\/p>\n<p>Adicione um toque ador\u00e1vel e estiloso ao seu espa\u00e7o com este vaso em forma de gato para suculenta com furo para escoamento de \u00e1gua. Com um design encantador, ele \u00e9 perfeito para dar um charme extra \u00e0s suas plantas, tornando-se uma pe\u00e7a de destaque na decora\u00e7\u00e3o de qualquer ambiente.<\/p>\n<p><strong>Medidas:\u00a0<\/strong><\/p>\n<p>Altura: 8 cm<\/p>\n<p>Largura: 10 cm<\/p>\n<p>Comprimento: 10 cm<\/p>\n<p><strong>Material:<\/strong> pl\u00e1stico PLA<\/p>\n<p><strong>Observa\u00e7\u00e3o:<\/strong> As cores podem variar e o produto n\u00e3o acompanha plantas.<\/p>\n<p>Transforme sua decora\u00e7\u00e3o com essa pe\u00e7a \u00fanica e cheia de personalidade!<\/p>\n","protected":false},"excerpt":{"rendered":"<p>Vaso em Forma de Gato para Suculenta Adicione um toque ador\u00e1vel e estiloso ao seu espa\u00e7o com este vaso em forma de gato para suculenta com furo para escoamento de \u00e1gua. Com um design encantador, ele \u00e9 perfeito para dar um charme extra \u00e0s suas plantas, tornando-se uma pe\u00e7a de destaque na decora\u00e7\u00e3o de qualquer [&hellip;]<\/p>\n","protected":false},"featured_media":403540,"comment_status":"open","ping_status":"closed","template":"","meta":[],"product_brand":[],"product_cat":[15],"product_tag":[5648,5647,706],"class_list":{"0":"post-279069","1":"product","2":"type-product","3":"status-publish","4":"has-post-thumbnail","6":"product_cat-uncategorized","7":"product_tag-decorativos","8":"product_tag-utilitarios-2","9":"product_tag-vasos","11":"first","12":"instock","13":"shipping-taxable","14":"purchasable","15":"product-type-simple"},"yoast_head":"<!-- This site is optimized with the Yoast SEO plugin v25.1 - https:\/\/yoast.com\/wordpress\/plugins\/seo\/ -->\n<title>Mini vaso (gato) para suculenta - MyStore - By STLFLIX<\/title>\n<meta name=\"robots\" content=\"index, follow, max-snippet:-1, max-image-preview:large, max-video-preview:-1\" \/>\n<link rel=\"canonical\" href=\"https:\/\/www.testeminhalojamandela.biz\/product\/mini-vaso-gato-para-suculenta\/\" \/>\n<meta property=\"og:locale\" content=\"pt_BR\" \/>\n<meta property=\"og:type\" content=\"article\" \/>\n<meta property=\"og:title\" content=\"Mini vaso (gato) para suculenta - MyStore - By STLFLIX\" \/>\n<meta property=\"og:description\" content=\"Vaso em Forma de Gato para Suculenta Adicione um toque ador\u00e1vel e estiloso ao seu espa\u00e7o com este vaso em forma de gato para suculenta com furo para escoamento de \u00e1gua. Com um design encantador, ele \u00e9 perfeito para dar um charme extra \u00e0s suas plantas, tornando-se uma pe\u00e7a de destaque na decora\u00e7\u00e3o de qualquer [&hellip;]\" \/>\n<meta property=\"og:url\" content=\"https:\/\/www.testeminhalojamandela.biz\/product\/mini-vaso-gato-para-suculenta\/\" \/>\n<meta property=\"og:site_name\" content=\"MyStore - By STLFLIX\" \/>\n<meta property=\"article:publisher\" content=\"https:\/\/www.facebook.com\/STLFLIX\" \/>\n<meta property=\"article:modified_time\" content=\"2025-07-14T04:55:59+00:00\" \/>\n<meta property=\"og:image\" content=\"https:\/\/www.testeminhalojamandela.biz\/wp-content\/uploads\/2025\/07\/vaso_gatinho1.jpg\" \/>\n\t<meta property=\"og:image:width\" content=\"1500\" \/>\n\t<meta property=\"og:image:height\" content=\"1500\" \/>\n\t<meta property=\"og:image:type\" content=\"image\/jpeg\" \/>\n<meta name=\"twitter:card\" content=\"summary_large_image\" \/>\n<script type=\"application\/ld+json\" class=\"yoast-schema-graph\">{\"@context\":\"https:\/\/schema.org\",\"@graph\":[{\"@type\":\"WebPage\",\"@id\":\"https:\/\/www.testeminhalojamandela.biz\/product\/mini-vaso-gato-para-suculenta\/\",\"url\":\"https:\/\/www.testeminhalojamandela.biz\/product\/mini-vaso-gato-para-suculenta\/\",\"name\":\"Mini vaso (gato) para suculenta - MyStore - By STLFLIX\",\"isPartOf\":{\"@id\":\"https:\/\/www.stlflix-store.com\/#website\"},\"primaryImageOfPage\":{\"@id\":\"https:\/\/www.testeminhalojamandela.biz\/product\/mini-vaso-gato-para-suculenta\/#primaryimage\"},\"image\":{\"@id\":\"https:\/\/www.testeminhalojamandela.biz\/product\/mini-vaso-gato-para-suculenta\/#primaryimage\"},\"thumbnailUrl\":\"https:\/\/my.stlflix.com\/wp-content\/uploads\/2025\/07\/vaso_gatinho1.jpg\",\"datePublished\":\"2025-03-03T19:42:58+00:00\",\"dateModified\":\"2025-07-14T04:55:59+00:00\",\"breadcrumb\":{\"@id\":\"https:\/\/www.testeminhalojamandela.biz\/product\/mini-vaso-gato-para-suculenta\/#breadcrumb\"},\"inLanguage\":\"pt-BR\",\"potentialAction\":[{\"@type\":\"ReadAction\",\"target\":[\"https:\/\/www.testeminhalojamandela.biz\/product\/mini-vaso-gato-para-suculenta\/\"]}]},{\"@type\":\"ImageObject\",\"inLanguage\":\"pt-BR\",\"@id\":\"https:\/\/www.testeminhalojamandela.biz\/product\/mini-vaso-gato-para-suculenta\/#primaryimage\",\"url\":\"https:\/\/my.stlflix.com\/wp-content\/uploads\/2025\/07\/vaso_gatinho1.jpg\",\"contentUrl\":\"https:\/\/my.stlflix.com\/wp-content\/uploads\/2025\/07\/vaso_gatinho1.jpg\",\"width\":1500,\"height\":1500},{\"@type\":\"BreadcrumbList\",\"@id\":\"https:\/\/www.testeminhalojamandela.biz\/product\/mini-vaso-gato-para-suculenta\/#breadcrumb\",\"itemListElement\":[{\"@type\":\"ListItem\",\"position\":1,\"name\":\"Home\",\"item\":\"https:\/\/my.stlflix.com\/pt-br\/\"},{\"@type\":\"ListItem\",\"position\":2,\"name\":\"Products\",\"item\":\"https:\/\/www.lojadomandela3d.biz\/shop\/\"},{\"@type\":\"ListItem\",\"position\":3,\"name\":\"Mini vaso (gato) para suculenta\"}]},{\"@type\":\"WebSite\",\"@id\":\"https:\/\/www.stlflix-store.com\/#website\",\"url\":\"https:\/\/www.stlflix-store.com\/\",\"name\":\"MyStore - By STLFLIX\",\"description\":\"\",\"publisher\":{\"@id\":\"https:\/\/www.stlflix-store.com\/#organization\"},\"potentialAction\":[{\"@type\":\"SearchAction\",\"target\":{\"@type\":\"EntryPoint\",\"urlTemplate\":\"https:\/\/www.stlflix-store.com\/?s={search_term_string}\"},\"query-input\":{\"@type\":\"PropertyValueSpecification\",\"valueRequired\":true,\"valueName\":\"search_term_string\"}}],\"inLanguage\":\"pt-BR\"},{\"@type\":\"Organization\",\"@id\":\"https:\/\/www.stlflix-store.com\/#organization\",\"name\":\"MyStore - By STLFLIX\",\"url\":\"https:\/\/www.stlflix-store.com\/\",\"logo\":{\"@type\":\"ImageObject\",\"inLanguage\":\"pt-BR\",\"@id\":\"https:\/\/www.stlflix-store.com\/#\/schema\/logo\/image\/\",\"url\":\"https:\/\/my.stlflix.com\/wp-content\/uploads\/2024\/06\/logo-mystore.png\",\"contentUrl\":\"https:\/\/my.stlflix.com\/wp-content\/uploads\/2024\/06\/logo-mystore.png\",\"width\":150,\"height\":41,\"caption\":\"MyStore - By STLFLIX\"},\"image\":{\"@id\":\"https:\/\/www.stlflix-store.com\/#\/schema\/logo\/image\/\"},\"sameAs\":[\"https:\/\/www.facebook.com\/STLFLIX\",\"https:\/\/www.instagram.com\/stlflix_\/\",\"https:\/\/www.tiktok.com\/@stlflix\"]}]}<\/script>\n<!-- \/ Yoast SEO plugin. -->","yoast_head_json":{"title":"Mini vaso (gato) para suculenta - MyStore - By STLFLIX","robots":{"index":"index","follow":"follow","max-snippet":"max-snippet:-1","max-image-preview":"max-image-preview:large","max-video-preview":"max-video-preview:-1"},"canonical":"https:\/\/www.testeminhalojamandela.biz\/product\/mini-vaso-gato-para-suculenta\/","og_locale":"pt_BR","og_type":"article","og_title":"Mini vaso (gato) para suculenta - MyStore - By STLFLIX","og_description":"Vaso em Forma de Gato para Suculenta Adicione um toque ador\u00e1vel e estiloso ao seu espa\u00e7o com este vaso em forma de gato para suculenta com furo para escoamento de \u00e1gua. Com um design encantador, ele \u00e9 perfeito para dar um charme extra \u00e0s suas plantas, tornando-se uma pe\u00e7a de destaque na decora\u00e7\u00e3o de qualquer [&hellip;]","og_url":"https:\/\/www.testeminhalojamandela.biz\/product\/mini-vaso-gato-para-suculenta\/","og_site_name":"MyStore - By STLFLIX","article_publisher":"https:\/\/www.facebook.com\/STLFLIX","article_modified_time":"2025-07-14T04:55:59+00:00","og_image":[{"width":1500,"height":1500,"url":"https:\/\/www.testeminhalojamandela.biz\/wp-content\/uploads\/2025\/07\/vaso_gatinho1.jpg","type":"image\/jpeg"}],"twitter_card":"summary_large_image","schema":{"@context":"https:\/\/schema.org","@graph":[{"@type":"WebPage","@id":"https:\/\/www.testeminhalojamandela.biz\/product\/mini-vaso-gato-para-suculenta\/","url":"https:\/\/www.testeminhalojamandela.biz\/product\/mini-vaso-gato-para-suculenta\/","name":"Mini vaso (gato) para suculenta - MyStore - By STLFLIX","isPartOf":{"@id":"https:\/\/www.stlflix-store.com\/#website"},"primaryImageOfPage":{"@id":"https:\/\/www.testeminhalojamandela.biz\/product\/mini-vaso-gato-para-suculenta\/#primaryimage"},"image":{"@id":"https:\/\/www.testeminhalojamandela.biz\/product\/mini-vaso-gato-para-suculenta\/#primaryimage"},"thumbnailUrl":"https:\/\/my.stlflix.com\/wp-content\/uploads\/2025\/07\/vaso_gatinho1.jpg","datePublished":"2025-03-03T19:42:58+00:00","dateModified":"2025-07-14T04:55:59+00:00","breadcrumb":{"@id":"https:\/\/www.testeminhalojamandela.biz\/product\/mini-vaso-gato-para-suculenta\/#breadcrumb"},"inLanguage":"pt-BR","potentialAction":[{"@type":"ReadAction","target":["https:\/\/www.testeminhalojamandela.biz\/product\/mini-vaso-gato-para-suculenta\/"]}]},{"@type":"ImageObject","inLanguage":"pt-BR","@id":"https:\/\/www.testeminhalojamandela.biz\/product\/mini-vaso-gato-para-suculenta\/#primaryimage","url":"https:\/\/my.stlflix.com\/wp-content\/uploads\/2025\/07\/vaso_gatinho1.jpg","contentUrl":"https:\/\/my.stlflix.com\/wp-content\/uploads\/2025\/07\/vaso_gatinho1.jpg","width":1500,"height":1500},{"@type":"BreadcrumbList","@id":"https:\/\/www.testeminhalojamandela.biz\/product\/mini-vaso-gato-para-suculenta\/#breadcrumb","itemListElement":[{"@type":"ListItem","position":1,"name":"Home","item":"https:\/\/my.stlflix.com\/pt-br\/"},{"@type":"ListItem","position":2,"name":"Products","item":"https:\/\/www.lojadomandela3d.biz\/shop\/"},{"@type":"ListItem","position":3,"name":"Mini vaso (gato) para suculenta"}]},{"@type":"WebSite","@id":"https:\/\/www.stlflix-store.com\/#website","url":"https:\/\/www.stlflix-store.com\/","name":"MyStore - By STLFLIX","description":"","publisher":{"@id":"https:\/\/www.stlflix-store.com\/#organization"},"potentialAction":[{"@type":"SearchAction","target":{"@type":"EntryPoint","urlTemplate":"https:\/\/www.stlflix-store.com\/?s={search_term_string}"},"query-input":{"@type":"PropertyValueSpecification","valueRequired":true,"valueName":"search_term_string"}}],"inLanguage":"pt-BR"},{"@type":"Organization","@id":"https:\/\/www.stlflix-store.com\/#organization","name":"MyStore - By STLFLIX","url":"https:\/\/www.stlflix-store.com\/","logo":{"@type":"ImageObject","inLanguage":"pt-BR","@id":"https:\/\/www.stlflix-store.com\/#\/schema\/logo\/image\/","url":"https:\/\/my.stlflix.com\/wp-content\/uploads\/2024\/06\/logo-mystore.png","contentUrl":"https:\/\/my.stlflix.com\/wp-content\/uploads\/2024\/06\/logo-mystore.png","width":150,"height":41,"caption":"MyStore - By STLFLIX"},"image":{"@id":"https:\/\/www.stlflix-store.com\/#\/schema\/logo\/image\/"},"sameAs":["https:\/\/www.facebook.com\/STLFLIX","https:\/\/www.instagram.com\/stlflix_\/","https:\/\/www.tiktok.com\/@stlflix"]}]}},"_links":{"self":[{"href":"https:\/\/my.stlflix.com\/pt-br\/wp-json\/wp\/v2\/product\/279069","targetHints":{"allow":["GET"]}}],"collection":[{"href":"https:\/\/my.stlflix.com\/pt-br\/wp-json\/wp\/v2\/product"}],"about":[{"href":"https:\/\/my.stlflix.com\/pt-br\/wp-json\/wp\/v2\/types\/product"}],"replies":[{"embeddable":true,"href":"https:\/\/my.stlflix.com\/pt-br\/wp-json\/wp\/v2\/comments?post=279069"}],"wp:featuredmedia":[{"embeddable":true,"href":"https:\/\/my.stlflix.com\/pt-br\/wp-json\/wp\/v2\/media\/403540"}],"wp:attachment":[{"href":"https:\/\/my.stlflix.com\/pt-br\/wp-json\/wp\/v2\/media?parent=279069"}],"wp:term":[{"taxonomy":"product_brand","embeddable":true,"href":"https:\/\/my.stlflix.com\/pt-br\/wp-json\/wp\/v2\/product_brand?post=279069"},{"taxonomy":"product_cat","embeddable":true,"href":"https:\/\/my.stlflix.com\/pt-br\/wp-json\/wp\/v2\/product_cat?post=279069"},{"taxonomy":"product_tag","embeddable":true,"href":"https:\/\/my.stlflix.com\/pt-br\/wp-json\/wp\/v2\/product_tag?post=279069"}],"curies":[{"name":"wp","href":"https:\/\/api.w.org\/{rel}","templated":true}]}}