{"id":313440,"date":"2025-04-13T13:35:49","date_gmt":"2025-04-13T13:35:49","guid":{"rendered":"https:\/\/my.stlflix.com\/?post_type=product&#038;p=313440"},"modified":"2025-04-13T13:49:09","modified_gmt":"2025-04-13T13:49:09","slug":"bordeaux-the-octopus-wine-holder-67fbb60152877","status":"publish","type":"product","link":"https:\/\/my.stlflix.com\/pt-br\/product\/bordeaux-the-octopus-wine-holder-67fbb60152877\/","title":{"rendered":"Bordeaux, The Octopus Wine Holder"},"content":{"rendered":"<p>Bordeaux est n\u00e9 sur la c\u00f4te fran\u00e7aise, mais comme les oc\u00e9ans n\u2019ont pas de fronti\u00e8res, il voyage fr\u00e9quemment dans le monde entier pour d\u00e9guster diff\u00e9rents vins.<\/p>\n<p>Ne vous inqui\u00e9tez pas\u00a0! Il ne prend qu\u2019une gorg\u00e9e, tout comme un sommelier.<\/p>\n","protected":false},"excerpt":{"rendered":"<p>Bordeaux est n\u00e9 sur la c\u00f4te fran\u00e7aise, mais comme les oc\u00e9ans n\u2019ont pas de fronti\u00e8res, il voyage fr\u00e9quemment dans le monde entier pour d\u00e9guster diff\u00e9rents vins. Ne vous inqui\u00e9tez pas\u00a0! Il ne prend qu\u2019une gorg\u00e9e, tout comme un sommelier.<\/p>\n","protected":false},"featured_media":9320,"comment_status":"open","ping_status":"closed","template":"","meta":[],"product_brand":[],"product_cat":[52],"product_tag":[1788],"class_list":{"0":"post-313440","1":"product","2":"type-product","3":"status-publish","4":"has-post-thumbnail","6":"product_cat-best-sellers","7":"product_tag-porte-bouteille-2","9":"first","10":"instock","11":"taxable","12":"shipping-taxable","13":"purchasable","14":"product-type-simple"},"yoast_head":"<!-- This site is optimized with the Yoast SEO plugin v25.1 - https:\/\/yoast.com\/wordpress\/plugins\/seo\/ -->\n<title>Bordeaux, The Octopus Wine Holder - MyStore - By STLFLIX<\/title>\n<meta name=\"robots\" content=\"index, follow, max-snippet:-1, max-image-preview:large, max-video-preview:-1\" \/>\n<link rel=\"canonical\" href=\"https:\/\/www.my3dstore-example.com\/product\/bordeaux-the-octopus-wine-holder-67fbb60152877\/\" \/>\n<meta property=\"og:locale\" content=\"pt_BR\" \/>\n<meta property=\"og:type\" content=\"article\" \/>\n<meta property=\"og:title\" content=\"Bordeaux, The Octopus Wine Holder - MyStore - By STLFLIX\" \/>\n<meta property=\"og:description\" content=\"Bordeaux est n\u00e9 sur la c\u00f4te fran\u00e7aise, mais comme les oc\u00e9ans n\u2019ont pas de fronti\u00e8res, il voyage fr\u00e9quemment dans le monde entier pour d\u00e9guster diff\u00e9rents vins. Ne vous inqui\u00e9tez pas\u00a0! Il ne prend qu\u2019une gorg\u00e9e, tout comme un sommelier.\" \/>\n<meta property=\"og:url\" content=\"https:\/\/www.my3dstore-example.com\/product\/bordeaux-the-octopus-wine-holder-67fbb60152877\/\" \/>\n<meta property=\"og:site_name\" content=\"MyStore - By STLFLIX\" \/>\n<meta property=\"article:publisher\" content=\"https:\/\/www.facebook.com\/STLFLIX\" \/>\n<meta property=\"article:modified_time\" content=\"2025-04-13T13:49:09+00:00\" \/>\n<meta property=\"og:image\" content=\"https:\/\/www.my3dstore-example.com\/wp-content\/uploads\/2024\/03\/Bordeaux_the_octopus_142bcaedc2.png\" \/>\n\t<meta property=\"og:image:width\" content=\"542\" \/>\n\t<meta property=\"og:image:height\" content=\"678\" \/>\n\t<meta property=\"og:image:type\" content=\"image\/png\" \/>\n<meta name=\"twitter:card\" content=\"summary_large_image\" \/>\n<script type=\"application\/ld+json\" class=\"yoast-schema-graph\">{\"@context\":\"https:\/\/schema.org\",\"@graph\":[{\"@type\":\"WebPage\",\"@id\":\"https:\/\/www.my3dstore-example.com\/product\/bordeaux-the-octopus-wine-holder-67fbb60152877\/\",\"url\":\"https:\/\/www.my3dstore-example.com\/product\/bordeaux-the-octopus-wine-holder-67fbb60152877\/\",\"name\":\"Bordeaux, The Octopus Wine Holder - MyStore - By STLFLIX\",\"isPartOf\":{\"@id\":\"https:\/\/www.stlflix-store.com\/#website\"},\"primaryImageOfPage\":{\"@id\":\"https:\/\/www.my3dstore-example.com\/product\/bordeaux-the-octopus-wine-holder-67fbb60152877\/#primaryimage\"},\"image\":{\"@id\":\"https:\/\/www.my3dstore-example.com\/product\/bordeaux-the-octopus-wine-holder-67fbb60152877\/#primaryimage\"},\"thumbnailUrl\":\"https:\/\/my.stlflix.com\/wp-content\/uploads\/2024\/03\/Bordeaux_the_octopus_142bcaedc2.png\",\"datePublished\":\"2025-04-13T13:35:49+00:00\",\"dateModified\":\"2025-04-13T13:49:09+00:00\",\"breadcrumb\":{\"@id\":\"https:\/\/www.my3dstore-example.com\/product\/bordeaux-the-octopus-wine-holder-67fbb60152877\/#breadcrumb\"},\"inLanguage\":\"pt-BR\",\"potentialAction\":[{\"@type\":\"ReadAction\",\"target\":[\"https:\/\/www.my3dstore-example.com\/product\/bordeaux-the-octopus-wine-holder-67fbb60152877\/\"]}]},{\"@type\":\"ImageObject\",\"inLanguage\":\"pt-BR\",\"@id\":\"https:\/\/www.my3dstore-example.com\/product\/bordeaux-the-octopus-wine-holder-67fbb60152877\/#primaryimage\",\"url\":\"https:\/\/my.stlflix.com\/wp-content\/uploads\/2024\/03\/Bordeaux_the_octopus_142bcaedc2.png\",\"contentUrl\":\"https:\/\/my.stlflix.com\/wp-content\/uploads\/2024\/03\/Bordeaux_the_octopus_142bcaedc2.png\",\"width\":542,\"height\":678},{\"@type\":\"BreadcrumbList\",\"@id\":\"https:\/\/www.my3dstore-example.com\/product\/bordeaux-the-octopus-wine-holder-67fbb60152877\/#breadcrumb\",\"itemListElement\":[{\"@type\":\"ListItem\",\"position\":1,\"name\":\"Home\",\"item\":\"https:\/\/my.stlflix.com\/pt-br\/\"},{\"@type\":\"ListItem\",\"position\":2,\"name\":\"Products\",\"item\":\"https:\/\/www.lojadomandela3d.biz\/shop\/\"},{\"@type\":\"ListItem\",\"position\":3,\"name\":\"Bordeaux, The Octopus Wine Holder\"}]},{\"@type\":\"WebSite\",\"@id\":\"https:\/\/www.stlflix-store.com\/#website\",\"url\":\"https:\/\/www.stlflix-store.com\/\",\"name\":\"MyStore - By STLFLIX\",\"description\":\"\",\"publisher\":{\"@id\":\"https:\/\/www.stlflix-store.com\/#organization\"},\"potentialAction\":[{\"@type\":\"SearchAction\",\"target\":{\"@type\":\"EntryPoint\",\"urlTemplate\":\"https:\/\/www.stlflix-store.com\/?s={search_term_string}\"},\"query-input\":{\"@type\":\"PropertyValueSpecification\",\"valueRequired\":true,\"valueName\":\"search_term_string\"}}],\"inLanguage\":\"pt-BR\"},{\"@type\":\"Organization\",\"@id\":\"https:\/\/www.stlflix-store.com\/#organization\",\"name\":\"MyStore - By STLFLIX\",\"url\":\"https:\/\/www.stlflix-store.com\/\",\"logo\":{\"@type\":\"ImageObject\",\"inLanguage\":\"pt-BR\",\"@id\":\"https:\/\/www.stlflix-store.com\/#\/schema\/logo\/image\/\",\"url\":\"https:\/\/my.stlflix.com\/wp-content\/uploads\/2024\/06\/logo-mystore.png\",\"contentUrl\":\"https:\/\/my.stlflix.com\/wp-content\/uploads\/2024\/06\/logo-mystore.png\",\"width\":150,\"height\":41,\"caption\":\"MyStore - By STLFLIX\"},\"image\":{\"@id\":\"https:\/\/www.stlflix-store.com\/#\/schema\/logo\/image\/\"},\"sameAs\":[\"https:\/\/www.facebook.com\/STLFLIX\",\"https:\/\/www.instagram.com\/stlflix_\/\",\"https:\/\/www.tiktok.com\/@stlflix\"]}]}<\/script>\n<!-- \/ Yoast SEO plugin. -->","yoast_head_json":{"title":"Bordeaux, The Octopus Wine Holder - MyStore - By STLFLIX","robots":{"index":"index","follow":"follow","max-snippet":"max-snippet:-1","max-image-preview":"max-image-preview:large","max-video-preview":"max-video-preview:-1"},"canonical":"https:\/\/www.my3dstore-example.com\/product\/bordeaux-the-octopus-wine-holder-67fbb60152877\/","og_locale":"pt_BR","og_type":"article","og_title":"Bordeaux, The Octopus Wine Holder - MyStore - By STLFLIX","og_description":"Bordeaux est n\u00e9 sur la c\u00f4te fran\u00e7aise, mais comme les oc\u00e9ans n\u2019ont pas de fronti\u00e8res, il voyage fr\u00e9quemment dans le monde entier pour d\u00e9guster diff\u00e9rents vins. Ne vous inqui\u00e9tez pas\u00a0! Il ne prend qu\u2019une gorg\u00e9e, tout comme un sommelier.","og_url":"https:\/\/www.my3dstore-example.com\/product\/bordeaux-the-octopus-wine-holder-67fbb60152877\/","og_site_name":"MyStore - By STLFLIX","article_publisher":"https:\/\/www.facebook.com\/STLFLIX","article_modified_time":"2025-04-13T13:49:09+00:00","og_image":[{"width":542,"height":678,"url":"https:\/\/www.my3dstore-example.com\/wp-content\/uploads\/2024\/03\/Bordeaux_the_octopus_142bcaedc2.png","type":"image\/png"}],"twitter_card":"summary_large_image","schema":{"@context":"https:\/\/schema.org","@graph":[{"@type":"WebPage","@id":"https:\/\/www.my3dstore-example.com\/product\/bordeaux-the-octopus-wine-holder-67fbb60152877\/","url":"https:\/\/www.my3dstore-example.com\/product\/bordeaux-the-octopus-wine-holder-67fbb60152877\/","name":"Bordeaux, The Octopus Wine Holder - MyStore - By STLFLIX","isPartOf":{"@id":"https:\/\/www.stlflix-store.com\/#website"},"primaryImageOfPage":{"@id":"https:\/\/www.my3dstore-example.com\/product\/bordeaux-the-octopus-wine-holder-67fbb60152877\/#primaryimage"},"image":{"@id":"https:\/\/www.my3dstore-example.com\/product\/bordeaux-the-octopus-wine-holder-67fbb60152877\/#primaryimage"},"thumbnailUrl":"https:\/\/my.stlflix.com\/wp-content\/uploads\/2024\/03\/Bordeaux_the_octopus_142bcaedc2.png","datePublished":"2025-04-13T13:35:49+00:00","dateModified":"2025-04-13T13:49:09+00:00","breadcrumb":{"@id":"https:\/\/www.my3dstore-example.com\/product\/bordeaux-the-octopus-wine-holder-67fbb60152877\/#breadcrumb"},"inLanguage":"pt-BR","potentialAction":[{"@type":"ReadAction","target":["https:\/\/www.my3dstore-example.com\/product\/bordeaux-the-octopus-wine-holder-67fbb60152877\/"]}]},{"@type":"ImageObject","inLanguage":"pt-BR","@id":"https:\/\/www.my3dstore-example.com\/product\/bordeaux-the-octopus-wine-holder-67fbb60152877\/#primaryimage","url":"https:\/\/my.stlflix.com\/wp-content\/uploads\/2024\/03\/Bordeaux_the_octopus_142bcaedc2.png","contentUrl":"https:\/\/my.stlflix.com\/wp-content\/uploads\/2024\/03\/Bordeaux_the_octopus_142bcaedc2.png","width":542,"height":678},{"@type":"BreadcrumbList","@id":"https:\/\/www.my3dstore-example.com\/product\/bordeaux-the-octopus-wine-holder-67fbb60152877\/#breadcrumb","itemListElement":[{"@type":"ListItem","position":1,"name":"Home","item":"https:\/\/my.stlflix.com\/pt-br\/"},{"@type":"ListItem","position":2,"name":"Products","item":"https:\/\/www.lojadomandela3d.biz\/shop\/"},{"@type":"ListItem","position":3,"name":"Bordeaux, The Octopus Wine Holder"}]},{"@type":"WebSite","@id":"https:\/\/www.stlflix-store.com\/#website","url":"https:\/\/www.stlflix-store.com\/","name":"MyStore - By STLFLIX","description":"","publisher":{"@id":"https:\/\/www.stlflix-store.com\/#organization"},"potentialAction":[{"@type":"SearchAction","target":{"@type":"EntryPoint","urlTemplate":"https:\/\/www.stlflix-store.com\/?s={search_term_string}"},"query-input":{"@type":"PropertyValueSpecification","valueRequired":true,"valueName":"search_term_string"}}],"inLanguage":"pt-BR"},{"@type":"Organization","@id":"https:\/\/www.stlflix-store.com\/#organization","name":"MyStore - By STLFLIX","url":"https:\/\/www.stlflix-store.com\/","logo":{"@type":"ImageObject","inLanguage":"pt-BR","@id":"https:\/\/www.stlflix-store.com\/#\/schema\/logo\/image\/","url":"https:\/\/my.stlflix.com\/wp-content\/uploads\/2024\/06\/logo-mystore.png","contentUrl":"https:\/\/my.stlflix.com\/wp-content\/uploads\/2024\/06\/logo-mystore.png","width":150,"height":41,"caption":"MyStore - By STLFLIX"},"image":{"@id":"https:\/\/www.stlflix-store.com\/#\/schema\/logo\/image\/"},"sameAs":["https:\/\/www.facebook.com\/STLFLIX","https:\/\/www.instagram.com\/stlflix_\/","https:\/\/www.tiktok.com\/@stlflix"]}]}},"_links":{"self":[{"href":"https:\/\/my.stlflix.com\/pt-br\/wp-json\/wp\/v2\/product\/313440","targetHints":{"allow":["GET"]}}],"collection":[{"href":"https:\/\/my.stlflix.com\/pt-br\/wp-json\/wp\/v2\/product"}],"about":[{"href":"https:\/\/my.stlflix.com\/pt-br\/wp-json\/wp\/v2\/types\/product"}],"replies":[{"embeddable":true,"href":"https:\/\/my.stlflix.com\/pt-br\/wp-json\/wp\/v2\/comments?post=313440"}],"wp:featuredmedia":[{"embeddable":true,"href":"https:\/\/my.stlflix.com\/pt-br\/wp-json\/wp\/v2\/media\/9320"}],"wp:attachment":[{"href":"https:\/\/my.stlflix.com\/pt-br\/wp-json\/wp\/v2\/media?parent=313440"}],"wp:term":[{"taxonomy":"product_brand","embeddable":true,"href":"https:\/\/my.stlflix.com\/pt-br\/wp-json\/wp\/v2\/product_brand?post=313440"},{"taxonomy":"product_cat","embeddable":true,"href":"https:\/\/my.stlflix.com\/pt-br\/wp-json\/wp\/v2\/product_cat?post=313440"},{"taxonomy":"product_tag","embeddable":true,"href":"https:\/\/my.stlflix.com\/pt-br\/wp-json\/wp\/v2\/product_tag?post=313440"}],"curies":[{"name":"wp","href":"https:\/\/api.w.org\/{rel}","templated":true}]}}