{"id":319984,"date":"2025-04-21T19:25:47","date_gmt":"2025-04-21T19:25:47","guid":{"rendered":"https:\/\/my.stlflix.com\/?post_type=product&#038;p=319984"},"modified":"2025-04-21T19:55:42","modified_gmt":"2025-04-21T19:55:42","slug":"marca-pagina-panda","status":"publish","type":"product","link":"https:\/\/my.stlflix.com\/pt-br\/product\/marca-pagina-panda\/","title":{"rendered":"Marca p\u00e1gina panda"},"content":{"rendered":"<p class=\"\" data-start=\"161\" data-end=\"212\">\ud83d\udcda\ud83d\udc3c <strong data-start=\"166\" data-end=\"212\">Descri\u00e7\u00e3o para o site \u2013 Marca-p\u00e1gina Panda<\/strong><\/p>\n<p class=\"\" data-start=\"214\" data-end=\"439\">Deixe a leitura ainda mais divertida com o nosso marca-p\u00e1gina de panda!<br data-start=\"285\" data-end=\"288\" \/>Feito em impress\u00e3o 3D com filamento PLA, esse mimo une praticidade e fofura, ideal para marcar suas aventuras liter\u00e1rias com um toque de personalidade.<\/p>\n<p class=\"\" data-start=\"441\" data-end=\"535\">Com design delicado e acabamento caprichado, o panda \u00e9 perfeito para presentear ou colecionar!<\/p>\n<p class=\"\" data-start=\"537\" data-end=\"801\">\u2728 <strong data-start=\"539\" data-end=\"563\">Detalhes do produto:<\/strong><br data-start=\"563\" data-end=\"566\" \/>\u2022 Material: PLA (filamento resistente e ecol\u00f3gico)<br data-start=\"666\" data-end=\"669\" \/>\u2022 Cor \u00fanica<br data-start=\"755\" data-end=\"758\" \/>\u2022 Prazo m\u00e9dio de produ\u00e7\u00e3o: 3 a 5 dias \u00fateis<\/p>\n<p class=\"\" data-start=\"803\" data-end=\"859\">Leve um pedacinho de fofura com voc\u00ea a cada cap\u00edtulo! \ud83d\udda4<\/p>\n","protected":false},"excerpt":{"rendered":"<p>\ud83d\udcda\ud83d\udc3c Descri\u00e7\u00e3o para o site \u2013 Marca-p\u00e1gina Panda Deixe a leitura ainda mais divertida com o nosso marca-p\u00e1gina de panda!Feito em impress\u00e3o 3D com filamento PLA, esse mimo une praticidade e fofura, ideal para marcar suas aventuras liter\u00e1rias com um toque de personalidade. Com design delicado e acabamento caprichado, o panda \u00e9 perfeito para presentear [&hellip;]<\/p>\n","protected":false},"featured_media":319985,"comment_status":"open","ping_status":"closed","template":"","meta":[],"product_brand":[],"product_cat":[15],"product_tag":[],"class_list":{"0":"post-319984","1":"product","2":"type-product","3":"status-publish","4":"has-post-thumbnail","6":"product_cat-uncategorized","8":"first","9":"instock","10":"shipping-taxable","11":"purchasable","12":"product-type-simple"},"yoast_head":"<!-- This site is optimized with the Yoast SEO plugin v25.1 - https:\/\/yoast.com\/wordpress\/plugins\/seo\/ -->\n<title>Marca p\u00e1gina panda - MyStore - By STLFLIX<\/title>\n<meta name=\"robots\" content=\"index, follow, max-snippet:-1, max-image-preview:large, max-video-preview:-1\" \/>\n<link rel=\"canonical\" href=\"https:\/\/my.stlflix.com\/pt-br\/product\/marca-pagina-panda\/\" \/>\n<meta property=\"og:locale\" content=\"pt_BR\" \/>\n<meta property=\"og:type\" content=\"article\" \/>\n<meta property=\"og:title\" content=\"Marca p\u00e1gina panda - MyStore - By STLFLIX\" \/>\n<meta property=\"og:description\" content=\"\ud83d\udcda\ud83d\udc3c Descri\u00e7\u00e3o para o site \u2013 Marca-p\u00e1gina Panda Deixe a leitura ainda mais divertida com o nosso marca-p\u00e1gina de panda!Feito em impress\u00e3o 3D com filamento PLA, esse mimo une praticidade e fofura, ideal para marcar suas aventuras liter\u00e1rias com um toque de personalidade. Com design delicado e acabamento caprichado, o panda \u00e9 perfeito para presentear [&hellip;]\" \/>\n<meta property=\"og:url\" content=\"https:\/\/my.stlflix.com\/pt-br\/product\/marca-pagina-panda\/\" \/>\n<meta property=\"og:site_name\" content=\"MyStore - By STLFLIX\" \/>\n<meta property=\"article:publisher\" content=\"https:\/\/www.facebook.com\/STLFLIX\" \/>\n<meta property=\"article:modified_time\" content=\"2025-04-21T19:55:42+00:00\" \/>\n<meta property=\"og:image\" content=\"https:\/\/my.stlflix.com\/wp-content\/uploads\/2025\/04\/Photoroom_20250421_155241.jpeg\" \/>\n\t<meta property=\"og:image:width\" content=\"1800\" \/>\n\t<meta property=\"og:image:height\" content=\"2400\" \/>\n\t<meta property=\"og:image:type\" content=\"image\/jpeg\" \/>\n<meta name=\"twitter:card\" content=\"summary_large_image\" \/>\n<script type=\"application\/ld+json\" class=\"yoast-schema-graph\">{\"@context\":\"https:\/\/schema.org\",\"@graph\":[{\"@type\":\"WebPage\",\"@id\":\"https:\/\/my.stlflix.com\/pt-br\/product\/marca-pagina-panda\/\",\"url\":\"https:\/\/my.stlflix.com\/pt-br\/product\/marca-pagina-panda\/\",\"name\":\"Marca p\u00e1gina panda - MyStore - By STLFLIX\",\"isPartOf\":{\"@id\":\"https:\/\/www.monitorstlflix.com\/#website\"},\"primaryImageOfPage\":{\"@id\":\"https:\/\/my.stlflix.com\/pt-br\/product\/marca-pagina-panda\/#primaryimage\"},\"image\":{\"@id\":\"https:\/\/my.stlflix.com\/pt-br\/product\/marca-pagina-panda\/#primaryimage\"},\"thumbnailUrl\":\"https:\/\/my.stlflix.com\/wp-content\/uploads\/2025\/04\/Photoroom_20250421_155241.jpeg\",\"datePublished\":\"2025-04-21T19:25:47+00:00\",\"dateModified\":\"2025-04-21T19:55:42+00:00\",\"breadcrumb\":{\"@id\":\"https:\/\/my.stlflix.com\/pt-br\/product\/marca-pagina-panda\/#breadcrumb\"},\"inLanguage\":\"pt-BR\",\"potentialAction\":[{\"@type\":\"ReadAction\",\"target\":[\"https:\/\/my.stlflix.com\/pt-br\/product\/marca-pagina-panda\/\"]}]},{\"@type\":\"ImageObject\",\"inLanguage\":\"pt-BR\",\"@id\":\"https:\/\/my.stlflix.com\/pt-br\/product\/marca-pagina-panda\/#primaryimage\",\"url\":\"https:\/\/my.stlflix.com\/wp-content\/uploads\/2025\/04\/Photoroom_20250421_155241.jpeg\",\"contentUrl\":\"https:\/\/my.stlflix.com\/wp-content\/uploads\/2025\/04\/Photoroom_20250421_155241.jpeg\",\"width\":1800,\"height\":2400},{\"@type\":\"BreadcrumbList\",\"@id\":\"https:\/\/my.stlflix.com\/pt-br\/product\/marca-pagina-panda\/#breadcrumb\",\"itemListElement\":[{\"@type\":\"ListItem\",\"position\":1,\"name\":\"Home\",\"item\":\"https:\/\/www.monitorstlflix.online\/pt-br\/\"},{\"@type\":\"ListItem\",\"position\":2,\"name\":\"Products\",\"item\":\"https:\/\/www.testeminhalojamandela.biz\/shop\/\"},{\"@type\":\"ListItem\",\"position\":3,\"name\":\"Marca p\u00e1gina panda\"}]},{\"@type\":\"WebSite\",\"@id\":\"https:\/\/www.monitorstlflix.com\/#website\",\"url\":\"https:\/\/www.monitorstlflix.com\/\",\"name\":\"MyStore - By STLFLIX\",\"description\":\"\",\"publisher\":{\"@id\":\"https:\/\/www.monitorstlflix.com\/#organization\"},\"potentialAction\":[{\"@type\":\"SearchAction\",\"target\":{\"@type\":\"EntryPoint\",\"urlTemplate\":\"https:\/\/www.monitorstlflix.com\/?s={search_term_string}\"},\"query-input\":{\"@type\":\"PropertyValueSpecification\",\"valueRequired\":true,\"valueName\":\"search_term_string\"}}],\"inLanguage\":\"pt-BR\"},{\"@type\":\"Organization\",\"@id\":\"https:\/\/www.monitorstlflix.com\/#organization\",\"name\":\"MyStore - By STLFLIX\",\"url\":\"https:\/\/www.monitorstlflix.com\/\",\"logo\":{\"@type\":\"ImageObject\",\"inLanguage\":\"pt-BR\",\"@id\":\"https:\/\/www.monitorstlflix.com\/#\/schema\/logo\/image\/\",\"url\":\"https:\/\/my.stlflix.com\/wp-content\/uploads\/2024\/06\/logo-mystore.png\",\"contentUrl\":\"https:\/\/my.stlflix.com\/wp-content\/uploads\/2024\/06\/logo-mystore.png\",\"width\":150,\"height\":41,\"caption\":\"MyStore - By STLFLIX\"},\"image\":{\"@id\":\"https:\/\/www.monitorstlflix.com\/#\/schema\/logo\/image\/\"},\"sameAs\":[\"https:\/\/www.facebook.com\/STLFLIX\",\"https:\/\/www.instagram.com\/stlflix_\/\",\"https:\/\/www.tiktok.com\/@stlflix\"]}]}<\/script>\n<!-- \/ Yoast SEO plugin. -->","yoast_head_json":{"title":"Marca p\u00e1gina panda - MyStore - By STLFLIX","robots":{"index":"index","follow":"follow","max-snippet":"max-snippet:-1","max-image-preview":"max-image-preview:large","max-video-preview":"max-video-preview:-1"},"canonical":"https:\/\/my.stlflix.com\/pt-br\/product\/marca-pagina-panda\/","og_locale":"pt_BR","og_type":"article","og_title":"Marca p\u00e1gina panda - MyStore - By STLFLIX","og_description":"\ud83d\udcda\ud83d\udc3c Descri\u00e7\u00e3o para o site \u2013 Marca-p\u00e1gina Panda Deixe a leitura ainda mais divertida com o nosso marca-p\u00e1gina de panda!Feito em impress\u00e3o 3D com filamento PLA, esse mimo une praticidade e fofura, ideal para marcar suas aventuras liter\u00e1rias com um toque de personalidade. Com design delicado e acabamento caprichado, o panda \u00e9 perfeito para presentear [&hellip;]","og_url":"https:\/\/my.stlflix.com\/pt-br\/product\/marca-pagina-panda\/","og_site_name":"MyStore - By STLFLIX","article_publisher":"https:\/\/www.facebook.com\/STLFLIX","article_modified_time":"2025-04-21T19:55:42+00:00","og_image":[{"width":1800,"height":2400,"url":"https:\/\/my.stlflix.com\/wp-content\/uploads\/2025\/04\/Photoroom_20250421_155241.jpeg","type":"image\/jpeg"}],"twitter_card":"summary_large_image","schema":{"@context":"https:\/\/schema.org","@graph":[{"@type":"WebPage","@id":"https:\/\/my.stlflix.com\/pt-br\/product\/marca-pagina-panda\/","url":"https:\/\/my.stlflix.com\/pt-br\/product\/marca-pagina-panda\/","name":"Marca p\u00e1gina panda - MyStore - By STLFLIX","isPartOf":{"@id":"https:\/\/www.monitorstlflix.com\/#website"},"primaryImageOfPage":{"@id":"https:\/\/my.stlflix.com\/pt-br\/product\/marca-pagina-panda\/#primaryimage"},"image":{"@id":"https:\/\/my.stlflix.com\/pt-br\/product\/marca-pagina-panda\/#primaryimage"},"thumbnailUrl":"https:\/\/my.stlflix.com\/wp-content\/uploads\/2025\/04\/Photoroom_20250421_155241.jpeg","datePublished":"2025-04-21T19:25:47+00:00","dateModified":"2025-04-21T19:55:42+00:00","breadcrumb":{"@id":"https:\/\/my.stlflix.com\/pt-br\/product\/marca-pagina-panda\/#breadcrumb"},"inLanguage":"pt-BR","potentialAction":[{"@type":"ReadAction","target":["https:\/\/my.stlflix.com\/pt-br\/product\/marca-pagina-panda\/"]}]},{"@type":"ImageObject","inLanguage":"pt-BR","@id":"https:\/\/my.stlflix.com\/pt-br\/product\/marca-pagina-panda\/#primaryimage","url":"https:\/\/my.stlflix.com\/wp-content\/uploads\/2025\/04\/Photoroom_20250421_155241.jpeg","contentUrl":"https:\/\/my.stlflix.com\/wp-content\/uploads\/2025\/04\/Photoroom_20250421_155241.jpeg","width":1800,"height":2400},{"@type":"BreadcrumbList","@id":"https:\/\/my.stlflix.com\/pt-br\/product\/marca-pagina-panda\/#breadcrumb","itemListElement":[{"@type":"ListItem","position":1,"name":"Home","item":"https:\/\/www.monitorstlflix.online\/pt-br\/"},{"@type":"ListItem","position":2,"name":"Products","item":"https:\/\/www.testeminhalojamandela.biz\/shop\/"},{"@type":"ListItem","position":3,"name":"Marca p\u00e1gina panda"}]},{"@type":"WebSite","@id":"https:\/\/www.monitorstlflix.com\/#website","url":"https:\/\/www.monitorstlflix.com\/","name":"MyStore - By STLFLIX","description":"","publisher":{"@id":"https:\/\/www.monitorstlflix.com\/#organization"},"potentialAction":[{"@type":"SearchAction","target":{"@type":"EntryPoint","urlTemplate":"https:\/\/www.monitorstlflix.com\/?s={search_term_string}"},"query-input":{"@type":"PropertyValueSpecification","valueRequired":true,"valueName":"search_term_string"}}],"inLanguage":"pt-BR"},{"@type":"Organization","@id":"https:\/\/www.monitorstlflix.com\/#organization","name":"MyStore - By STLFLIX","url":"https:\/\/www.monitorstlflix.com\/","logo":{"@type":"ImageObject","inLanguage":"pt-BR","@id":"https:\/\/www.monitorstlflix.com\/#\/schema\/logo\/image\/","url":"https:\/\/my.stlflix.com\/wp-content\/uploads\/2024\/06\/logo-mystore.png","contentUrl":"https:\/\/my.stlflix.com\/wp-content\/uploads\/2024\/06\/logo-mystore.png","width":150,"height":41,"caption":"MyStore - By STLFLIX"},"image":{"@id":"https:\/\/www.monitorstlflix.com\/#\/schema\/logo\/image\/"},"sameAs":["https:\/\/www.facebook.com\/STLFLIX","https:\/\/www.instagram.com\/stlflix_\/","https:\/\/www.tiktok.com\/@stlflix"]}]}},"_links":{"self":[{"href":"https:\/\/my.stlflix.com\/pt-br\/wp-json\/wp\/v2\/product\/319984","targetHints":{"allow":["GET"]}}],"collection":[{"href":"https:\/\/my.stlflix.com\/pt-br\/wp-json\/wp\/v2\/product"}],"about":[{"href":"https:\/\/my.stlflix.com\/pt-br\/wp-json\/wp\/v2\/types\/product"}],"replies":[{"embeddable":true,"href":"https:\/\/my.stlflix.com\/pt-br\/wp-json\/wp\/v2\/comments?post=319984"}],"wp:featuredmedia":[{"embeddable":true,"href":"https:\/\/my.stlflix.com\/pt-br\/wp-json\/wp\/v2\/media\/319985"}],"wp:attachment":[{"href":"https:\/\/my.stlflix.com\/pt-br\/wp-json\/wp\/v2\/media?parent=319984"}],"wp:term":[{"taxonomy":"product_brand","embeddable":true,"href":"https:\/\/my.stlflix.com\/pt-br\/wp-json\/wp\/v2\/product_brand?post=319984"},{"taxonomy":"product_cat","embeddable":true,"href":"https:\/\/my.stlflix.com\/pt-br\/wp-json\/wp\/v2\/product_cat?post=319984"},{"taxonomy":"product_tag","embeddable":true,"href":"https:\/\/my.stlflix.com\/pt-br\/wp-json\/wp\/v2\/product_tag?post=319984"}],"curies":[{"name":"wp","href":"https:\/\/api.w.org\/{rel}","templated":true}]}}