{"id":354993,"date":"2025-05-17T17:49:06","date_gmt":"2025-05-17T17:49:06","guid":{"rendered":"https:\/\/my.stlflix.com\/?post_type=product&#038;p=354993"},"modified":"2025-05-17T21:20:39","modified_gmt":"2025-05-17T21:20:39","slug":"barely-holding-shelf-6828c04b100b4","status":"publish","type":"product","link":"https:\/\/my.stlflix.com\/pt-br\/product\/barely-holding-shelf-6828c04b100b4\/","title":{"rendered":"Barely Holding Shelf"},"content":{"rendered":"<pre data-start=\"214\" data-end=\"282\"><strong data-start=\"214\" data-end=\"282\">Prateleira \"Barely Holding\" \u2013 O Caos Organizado em Forma de Arte<\/strong>\r\n\r\nTransforme suas paredes com esta ousada e instigante <strong data-start=\"337\" data-end=\"366\">prateleira impressa em 3D!\r\n<\/strong>Que mistura arte e funcionalidade como nunca antes. Com um visual que parece estar <strong data-start=\"451\" data-end=\"465\">derretendo<\/strong>, ela brinca com a percep\u00e7\u00e3o e desafia a gravidade, dando a sensa\u00e7\u00e3o de que est\u00e1 \u201cquase n\u00e3o segurando\u201d \u2014 mas segura sim, e com estilo!\r\n\r\n\ud83c\udf00 <strong data-start=\"604\" data-end=\"626\">Design surrealista<\/strong>, ideal para quem ama pe\u00e7as criativas e provocativas.<br data-start=\"679\" data-end=\"682\" \/>\ud83e\uddca Impressa em 3D com acabamento liso e detalhado, que simula escorrimentos hiper-realistas.<br data-start=\"774\" data-end=\"777\" \/>\ud83c\udfe0 Perfeita para ambientes modernos, galerias, escrit\u00f3rios criativos ou aquele cantinho onde o design precisa falar mais alto.\r\n\r\n\u2705 Impress\u00e3o 3D em PLA de alta qualidade<br data-start=\"944\" data-end=\"947\" \/>\u2705 Suporte resistente para objetos leves e m\u00e9dios<br data-start=\"995\" data-end=\"998\" \/>\u2705 Dispon\u00edvel em diversas cores met\u00e1licas ou s\u00f3lidas\r\n\r\nPara altera\u00e7\u00f5es de medidas ou cores entre em contato no (47) 99136-8030 As dimen\u00e7\u00f5es do Vamoji podem ser alteradas, mas mantenha a conci\u00eancia que os valores tamb\u00e9m se alteram proporcionalmente.<\/pre>\n","protected":false},"excerpt":{"rendered":"<p>Prateleira &#8220;Barely Holding&#8221; \u2013 O Caos Organizado em Forma de Arte Transforme suas paredes com esta ousada e instigante prateleira impressa em 3D! Que mistura arte e funcionalidade como nunca antes. Com um visual que parece estar derretendo, ela brinca com a percep\u00e7\u00e3o e desafia a gravidade, dando a sensa\u00e7\u00e3o de que est\u00e1 \u201cquase n\u00e3o [&hellip;]<\/p>\n","protected":false},"featured_media":351487,"comment_status":"open","ping_status":"closed","template":"","meta":[],"product_brand":[],"product_cat":[15],"product_tag":[5631],"class_list":{"0":"post-354993","1":"product","2":"type-product","3":"status-publish","4":"has-post-thumbnail","6":"product_cat-uncategorized","7":"product_tag-domestico","9":"first","10":"onbackorder","11":"taxable","12":"shipping-taxable","13":"purchasable","14":"product-type-simple"},"yoast_head":"<!-- This site is optimized with the Yoast SEO plugin v25.1 - https:\/\/yoast.com\/wordpress\/plugins\/seo\/ -->\n<title>Barely Holding Shelf - MyStore - By STLFLIX<\/title>\n<meta name=\"robots\" content=\"index, follow, max-snippet:-1, max-image-preview:large, max-video-preview:-1\" \/>\n<link rel=\"canonical\" href=\"https:\/\/my.stlflix.com\/tr\/product\/barely-holding-shelf-6828c04b100b4\/\" \/>\n<meta property=\"og:locale\" content=\"pt_BR\" \/>\n<meta property=\"og:type\" content=\"article\" \/>\n<meta property=\"og:title\" content=\"Barely Holding Shelf - MyStore - By STLFLIX\" \/>\n<meta property=\"og:description\" content=\"Prateleira &quot;Barely Holding&quot; \u2013 O Caos Organizado em Forma de Arte Transforme suas paredes com esta ousada e instigante prateleira impressa em 3D! Que mistura arte e funcionalidade como nunca antes. Com um visual que parece estar derretendo, ela brinca com a percep\u00e7\u00e3o e desafia a gravidade, dando a sensa\u00e7\u00e3o de que est\u00e1 \u201cquase n\u00e3o [&hellip;]\" \/>\n<meta property=\"og:url\" content=\"https:\/\/my.stlflix.com\/tr\/product\/barely-holding-shelf-6828c04b100b4\/\" \/>\n<meta property=\"og:site_name\" content=\"MyStore - By STLFLIX\" \/>\n<meta property=\"article:publisher\" content=\"https:\/\/www.facebook.com\/STLFLIX\" \/>\n<meta property=\"article:modified_time\" content=\"2025-05-17T21:20:39+00:00\" \/>\n<meta property=\"og:image\" content=\"https:\/\/my.stlflix.com\/wp-content\/uploads\/2025\/05\/Barely_Holding_Shelf_thumb_ec1ebc8dbf.png\" \/>\n\t<meta property=\"og:image:width\" content=\"1080\" \/>\n\t<meta property=\"og:image:height\" content=\"1350\" \/>\n\t<meta property=\"og:image:type\" content=\"image\/png\" \/>\n<meta name=\"twitter:card\" content=\"summary_large_image\" \/>\n<meta name=\"twitter:label1\" content=\"Est. reading time\" \/>\n\t<meta name=\"twitter:data1\" content=\"1 minute\" \/>\n<script type=\"application\/ld+json\" class=\"yoast-schema-graph\">{\"@context\":\"https:\/\/schema.org\",\"@graph\":[{\"@type\":\"WebPage\",\"@id\":\"https:\/\/my.stlflix.com\/tr\/product\/barely-holding-shelf-6828c04b100b4\/\",\"url\":\"https:\/\/my.stlflix.com\/tr\/product\/barely-holding-shelf-6828c04b100b4\/\",\"name\":\"Barely Holding Shelf - MyStore - By STLFLIX\",\"isPartOf\":{\"@id\":\"https:\/\/my.stlflix.com\/tr\/#website\"},\"primaryImageOfPage\":{\"@id\":\"https:\/\/my.stlflix.com\/tr\/product\/barely-holding-shelf-6828c04b100b4\/#primaryimage\"},\"image\":{\"@id\":\"https:\/\/my.stlflix.com\/tr\/product\/barely-holding-shelf-6828c04b100b4\/#primaryimage\"},\"thumbnailUrl\":\"https:\/\/my.stlflix.com\/wp-content\/uploads\/2025\/05\/Barely_Holding_Shelf_thumb_ec1ebc8dbf.png\",\"datePublished\":\"2025-05-17T17:49:06+00:00\",\"dateModified\":\"2025-05-17T21:20:39+00:00\",\"breadcrumb\":{\"@id\":\"https:\/\/my.stlflix.com\/tr\/product\/barely-holding-shelf-6828c04b100b4\/#breadcrumb\"},\"inLanguage\":\"pt-BR\",\"potentialAction\":[{\"@type\":\"ReadAction\",\"target\":[\"https:\/\/my.stlflix.com\/tr\/product\/barely-holding-shelf-6828c04b100b4\/\"]}]},{\"@type\":\"ImageObject\",\"inLanguage\":\"pt-BR\",\"@id\":\"https:\/\/my.stlflix.com\/tr\/product\/barely-holding-shelf-6828c04b100b4\/#primaryimage\",\"url\":\"https:\/\/my.stlflix.com\/wp-content\/uploads\/2025\/05\/Barely_Holding_Shelf_thumb_ec1ebc8dbf.png\",\"contentUrl\":\"https:\/\/my.stlflix.com\/wp-content\/uploads\/2025\/05\/Barely_Holding_Shelf_thumb_ec1ebc8dbf.png\",\"width\":1080,\"height\":1350},{\"@type\":\"BreadcrumbList\",\"@id\":\"https:\/\/my.stlflix.com\/tr\/product\/barely-holding-shelf-6828c04b100b4\/#breadcrumb\",\"itemListElement\":[{\"@type\":\"ListItem\",\"position\":1,\"name\":\"Home\",\"item\":\"https:\/\/my.stlflix.com\/pt-br\/\"},{\"@type\":\"ListItem\",\"position\":2,\"name\":\"Products\",\"item\":\"https:\/\/my.stlflix.com\/fr\/shop\/\"},{\"@type\":\"ListItem\",\"position\":3,\"name\":\"Barely Holding Shelf\"}]},{\"@type\":\"WebSite\",\"@id\":\"https:\/\/my.stlflix.com\/tr\/#website\",\"url\":\"https:\/\/my.stlflix.com\/tr\/\",\"name\":\"MyStore - By STLFLIX\",\"description\":\"\",\"publisher\":{\"@id\":\"https:\/\/my.stlflix.com\/tr\/#organization\"},\"potentialAction\":[{\"@type\":\"SearchAction\",\"target\":{\"@type\":\"EntryPoint\",\"urlTemplate\":\"https:\/\/my.stlflix.com\/tr\/?s={search_term_string}\"},\"query-input\":{\"@type\":\"PropertyValueSpecification\",\"valueRequired\":true,\"valueName\":\"search_term_string\"}}],\"inLanguage\":\"pt-BR\"},{\"@type\":\"Organization\",\"@id\":\"https:\/\/my.stlflix.com\/tr\/#organization\",\"name\":\"MyStore - By STLFLIX\",\"url\":\"https:\/\/my.stlflix.com\/tr\/\",\"logo\":{\"@type\":\"ImageObject\",\"inLanguage\":\"pt-BR\",\"@id\":\"https:\/\/my.stlflix.com\/tr\/#\/schema\/logo\/image\/\",\"url\":\"https:\/\/my.stlflix.com\/wp-content\/uploads\/2024\/06\/logo-mystore.png\",\"contentUrl\":\"https:\/\/my.stlflix.com\/wp-content\/uploads\/2024\/06\/logo-mystore.png\",\"width\":150,\"height\":41,\"caption\":\"MyStore - By STLFLIX\"},\"image\":{\"@id\":\"https:\/\/my.stlflix.com\/tr\/#\/schema\/logo\/image\/\"},\"sameAs\":[\"https:\/\/www.facebook.com\/STLFLIX\",\"https:\/\/www.instagram.com\/stlflix_\/\",\"https:\/\/www.tiktok.com\/@stlflix\"]}]}<\/script>\n<!-- \/ Yoast SEO plugin. -->","yoast_head_json":{"title":"Barely Holding Shelf - MyStore - By STLFLIX","robots":{"index":"index","follow":"follow","max-snippet":"max-snippet:-1","max-image-preview":"max-image-preview:large","max-video-preview":"max-video-preview:-1"},"canonical":"https:\/\/my.stlflix.com\/tr\/product\/barely-holding-shelf-6828c04b100b4\/","og_locale":"pt_BR","og_type":"article","og_title":"Barely Holding Shelf - MyStore - By STLFLIX","og_description":"Prateleira \"Barely Holding\" \u2013 O Caos Organizado em Forma de Arte Transforme suas paredes com esta ousada e instigante prateleira impressa em 3D! Que mistura arte e funcionalidade como nunca antes. Com um visual que parece estar derretendo, ela brinca com a percep\u00e7\u00e3o e desafia a gravidade, dando a sensa\u00e7\u00e3o de que est\u00e1 \u201cquase n\u00e3o [&hellip;]","og_url":"https:\/\/my.stlflix.com\/tr\/product\/barely-holding-shelf-6828c04b100b4\/","og_site_name":"MyStore - By STLFLIX","article_publisher":"https:\/\/www.facebook.com\/STLFLIX","article_modified_time":"2025-05-17T21:20:39+00:00","og_image":[{"width":1080,"height":1350,"url":"https:\/\/my.stlflix.com\/wp-content\/uploads\/2025\/05\/Barely_Holding_Shelf_thumb_ec1ebc8dbf.png","type":"image\/png"}],"twitter_card":"summary_large_image","twitter_misc":{"Est. reading time":"1 minute"},"schema":{"@context":"https:\/\/schema.org","@graph":[{"@type":"WebPage","@id":"https:\/\/my.stlflix.com\/tr\/product\/barely-holding-shelf-6828c04b100b4\/","url":"https:\/\/my.stlflix.com\/tr\/product\/barely-holding-shelf-6828c04b100b4\/","name":"Barely Holding Shelf - MyStore - By STLFLIX","isPartOf":{"@id":"https:\/\/my.stlflix.com\/tr\/#website"},"primaryImageOfPage":{"@id":"https:\/\/my.stlflix.com\/tr\/product\/barely-holding-shelf-6828c04b100b4\/#primaryimage"},"image":{"@id":"https:\/\/my.stlflix.com\/tr\/product\/barely-holding-shelf-6828c04b100b4\/#primaryimage"},"thumbnailUrl":"https:\/\/my.stlflix.com\/wp-content\/uploads\/2025\/05\/Barely_Holding_Shelf_thumb_ec1ebc8dbf.png","datePublished":"2025-05-17T17:49:06+00:00","dateModified":"2025-05-17T21:20:39+00:00","breadcrumb":{"@id":"https:\/\/my.stlflix.com\/tr\/product\/barely-holding-shelf-6828c04b100b4\/#breadcrumb"},"inLanguage":"pt-BR","potentialAction":[{"@type":"ReadAction","target":["https:\/\/my.stlflix.com\/tr\/product\/barely-holding-shelf-6828c04b100b4\/"]}]},{"@type":"ImageObject","inLanguage":"pt-BR","@id":"https:\/\/my.stlflix.com\/tr\/product\/barely-holding-shelf-6828c04b100b4\/#primaryimage","url":"https:\/\/my.stlflix.com\/wp-content\/uploads\/2025\/05\/Barely_Holding_Shelf_thumb_ec1ebc8dbf.png","contentUrl":"https:\/\/my.stlflix.com\/wp-content\/uploads\/2025\/05\/Barely_Holding_Shelf_thumb_ec1ebc8dbf.png","width":1080,"height":1350},{"@type":"BreadcrumbList","@id":"https:\/\/my.stlflix.com\/tr\/product\/barely-holding-shelf-6828c04b100b4\/#breadcrumb","itemListElement":[{"@type":"ListItem","position":1,"name":"Home","item":"https:\/\/my.stlflix.com\/pt-br\/"},{"@type":"ListItem","position":2,"name":"Products","item":"https:\/\/my.stlflix.com\/fr\/shop\/"},{"@type":"ListItem","position":3,"name":"Barely Holding Shelf"}]},{"@type":"WebSite","@id":"https:\/\/my.stlflix.com\/tr\/#website","url":"https:\/\/my.stlflix.com\/tr\/","name":"MyStore - By STLFLIX","description":"","publisher":{"@id":"https:\/\/my.stlflix.com\/tr\/#organization"},"potentialAction":[{"@type":"SearchAction","target":{"@type":"EntryPoint","urlTemplate":"https:\/\/my.stlflix.com\/tr\/?s={search_term_string}"},"query-input":{"@type":"PropertyValueSpecification","valueRequired":true,"valueName":"search_term_string"}}],"inLanguage":"pt-BR"},{"@type":"Organization","@id":"https:\/\/my.stlflix.com\/tr\/#organization","name":"MyStore - By STLFLIX","url":"https:\/\/my.stlflix.com\/tr\/","logo":{"@type":"ImageObject","inLanguage":"pt-BR","@id":"https:\/\/my.stlflix.com\/tr\/#\/schema\/logo\/image\/","url":"https:\/\/my.stlflix.com\/wp-content\/uploads\/2024\/06\/logo-mystore.png","contentUrl":"https:\/\/my.stlflix.com\/wp-content\/uploads\/2024\/06\/logo-mystore.png","width":150,"height":41,"caption":"MyStore - By STLFLIX"},"image":{"@id":"https:\/\/my.stlflix.com\/tr\/#\/schema\/logo\/image\/"},"sameAs":["https:\/\/www.facebook.com\/STLFLIX","https:\/\/www.instagram.com\/stlflix_\/","https:\/\/www.tiktok.com\/@stlflix"]}]}},"_links":{"self":[{"href":"https:\/\/my.stlflix.com\/pt-br\/wp-json\/wp\/v2\/product\/354993","targetHints":{"allow":["GET"]}}],"collection":[{"href":"https:\/\/my.stlflix.com\/pt-br\/wp-json\/wp\/v2\/product"}],"about":[{"href":"https:\/\/my.stlflix.com\/pt-br\/wp-json\/wp\/v2\/types\/product"}],"replies":[{"embeddable":true,"href":"https:\/\/my.stlflix.com\/pt-br\/wp-json\/wp\/v2\/comments?post=354993"}],"wp:featuredmedia":[{"embeddable":true,"href":"https:\/\/my.stlflix.com\/pt-br\/wp-json\/wp\/v2\/media\/351487"}],"wp:attachment":[{"href":"https:\/\/my.stlflix.com\/pt-br\/wp-json\/wp\/v2\/media?parent=354993"}],"wp:term":[{"taxonomy":"product_brand","embeddable":true,"href":"https:\/\/my.stlflix.com\/pt-br\/wp-json\/wp\/v2\/product_brand?post=354993"},{"taxonomy":"product_cat","embeddable":true,"href":"https:\/\/my.stlflix.com\/pt-br\/wp-json\/wp\/v2\/product_cat?post=354993"},{"taxonomy":"product_tag","embeddable":true,"href":"https:\/\/my.stlflix.com\/pt-br\/wp-json\/wp\/v2\/product_tag?post=354993"}],"curies":[{"name":"wp","href":"https:\/\/api.w.org\/{rel}","templated":true}]}}