{"id":355006,"date":"2025-05-18T17:19:32","date_gmt":"2025-05-18T17:19:32","guid":{"rendered":"https:\/\/my.stlflix.com\/?post_type=product&#038;p=355006"},"modified":"2025-05-18T22:08:44","modified_gmt":"2025-05-18T22:08:44","slug":"linseshort-vase-6828c1facde5f","status":"publish","type":"product","link":"https:\/\/my.stlflix.com\/pt-br\/product\/linseshort-vase-6828c1facde5f\/","title":{"rendered":"Vaso Linses"},"content":{"rendered":"<p class=\"\" data-start=\"194\" data-end=\"515\">Transforme qualquer ambiente com este elegante vaso decorativo produzido em <strong data-start=\"270\" data-end=\"287\">impressora 3D<\/strong>, feito com <strong data-start=\"299\" data-end=\"316\">PLA ecol\u00f3gico<\/strong> (pl\u00e1stico biodegrad\u00e1vel \u00e0 base de amido de milho). Seu design moderno, com linhas curvas e recortes geom\u00e9tricos, traz sofistica\u00e7\u00e3o e personalidade para a decora\u00e7\u00e3o da sua casa, escrit\u00f3rio ou evento.<\/p>\n<p class=\"\" data-start=\"517\" data-end=\"537\"><strong data-start=\"517\" data-end=\"537\">Caracter\u00edsticas:<\/strong><\/p>\n<ul data-start=\"538\" data-end=\"814\">\n<li class=\"\" data-start=\"538\" data-end=\"587\">\n<p class=\"\" data-start=\"540\" data-end=\"587\"><strong data-start=\"540\" data-end=\"553\">Material:<\/strong> PLA (biodegrad\u00e1vel e sustent\u00e1vel)<\/p>\n<\/li>\n<li class=\"\" data-start=\"588\" data-end=\"635\">\n<p class=\"\" data-start=\"590\" data-end=\"635\"><strong data-start=\"590\" data-end=\"605\">Tecnologia:<\/strong> Impress\u00e3o 3D de alta precis\u00e3o<\/p>\n<\/li>\n<li class=\"\" data-start=\"659\" data-end=\"720\">\n<p class=\"\" data-start=\"661\" data-end=\"720\"><strong data-start=\"661\" data-end=\"682\">Design exclusivo:<\/strong> Formato curvo com recortes art\u00edsticos<\/p>\n<\/li>\n<li class=\"\" data-start=\"721\" data-end=\"744\">\n<p class=\"\" data-start=\"723\" data-end=\"744\"><strong data-start=\"723\" data-end=\"744\">Leve e resistente<\/strong><\/p>\n<\/li>\n<li class=\"\" data-start=\"745\" data-end=\"814\">\n<p class=\"\" data-start=\"747\" data-end=\"814\">Ideal para flores artificiais, secas ou como pe\u00e7a decorativa avulsa<\/p>\n<\/li>\n<li data-start=\"745\" data-end=\"814\">Tamanhos: 13,5cm \/ 16,5cm \/ 19cm<\/li>\n<\/ul>\n","protected":false},"excerpt":{"rendered":"<p>Transforme qualquer ambiente com este elegante vaso decorativo produzido em impressora 3D, feito com PLA ecol\u00f3gico (pl\u00e1stico biodegrad\u00e1vel \u00e0 base de amido de milho). Seu design moderno, com linhas curvas e recortes geom\u00e9tricos, traz sofistica\u00e7\u00e3o e personalidade para a decora\u00e7\u00e3o da sua casa, escrit\u00f3rio ou evento. Caracter\u00edsticas: Material: PLA (biodegrad\u00e1vel e sustent\u00e1vel) Tecnologia: Impress\u00e3o 3D [&hellip;]<\/p>\n","protected":false},"featured_media":669,"comment_status":"open","ping_status":"closed","template":"","meta":[],"product_brand":[],"product_cat":[25],"product_tag":[],"class_list":{"0":"post-355006","1":"product","2":"type-product","3":"status-publish","4":"has-post-thumbnail","6":"product_cat-home-decor","8":"first","9":"instock","10":"sale","11":"taxable","12":"shipping-taxable","13":"purchasable","14":"product-type-variable","15":"has-default-attributes"},"yoast_head":"<!-- This site is optimized with the Yoast SEO plugin v25.1 - https:\/\/yoast.com\/wordpress\/plugins\/seo\/ -->\n<title>Vaso Linses - MyStore - By STLFLIX<\/title>\n<meta name=\"robots\" content=\"index, follow, max-snippet:-1, max-image-preview:large, max-video-preview:-1\" \/>\n<link rel=\"canonical\" href=\"https:\/\/my.stlflix.com\/pt-br\/product\/linseshort-vase-6828c1facde5f\/\" \/>\n<meta property=\"og:locale\" content=\"pt_BR\" \/>\n<meta property=\"og:type\" content=\"article\" \/>\n<meta property=\"og:title\" content=\"Vaso Linses - MyStore - By STLFLIX\" \/>\n<meta property=\"og:description\" content=\"Transforme qualquer ambiente com este elegante vaso decorativo produzido em impressora 3D, feito com PLA ecol\u00f3gico (pl\u00e1stico biodegrad\u00e1vel \u00e0 base de amido de milho). Seu design moderno, com linhas curvas e recortes geom\u00e9tricos, traz sofistica\u00e7\u00e3o e personalidade para a decora\u00e7\u00e3o da sua casa, escrit\u00f3rio ou evento. Caracter\u00edsticas: Material: PLA (biodegrad\u00e1vel e sustent\u00e1vel) Tecnologia: Impress\u00e3o 3D [&hellip;]\" \/>\n<meta property=\"og:url\" content=\"https:\/\/my.stlflix.com\/pt-br\/product\/linseshort-vase-6828c1facde5f\/\" \/>\n<meta property=\"og:site_name\" content=\"MyStore - By STLFLIX\" \/>\n<meta property=\"article:publisher\" content=\"https:\/\/www.facebook.com\/STLFLIX\" \/>\n<meta property=\"article:modified_time\" content=\"2025-05-18T22:08:44+00:00\" \/>\n<meta property=\"og:image\" content=\"https:\/\/my.stlflix.com\/wp-content\/uploads\/2024\/03\/Linseshortvase_thumb_2309470739.jpg\" \/>\n\t<meta property=\"og:image:width\" content=\"1080\" \/>\n\t<meta property=\"og:image:height\" content=\"1350\" \/>\n\t<meta property=\"og:image:type\" content=\"image\/jpeg\" \/>\n<meta name=\"twitter:card\" content=\"summary_large_image\" \/>\n<script type=\"application\/ld+json\" class=\"yoast-schema-graph\">{\"@context\":\"https:\/\/schema.org\",\"@graph\":[{\"@type\":\"WebPage\",\"@id\":\"https:\/\/my.stlflix.com\/pt-br\/product\/linseshort-vase-6828c1facde5f\/\",\"url\":\"https:\/\/my.stlflix.com\/pt-br\/product\/linseshort-vase-6828c1facde5f\/\",\"name\":\"Vaso Linses - MyStore - By STLFLIX\",\"isPartOf\":{\"@id\":\"https:\/\/www.monitorstlflix.com\/#website\"},\"primaryImageOfPage\":{\"@id\":\"https:\/\/my.stlflix.com\/pt-br\/product\/linseshort-vase-6828c1facde5f\/#primaryimage\"},\"image\":{\"@id\":\"https:\/\/my.stlflix.com\/pt-br\/product\/linseshort-vase-6828c1facde5f\/#primaryimage\"},\"thumbnailUrl\":\"https:\/\/my.stlflix.com\/wp-content\/uploads\/2024\/03\/Linseshortvase_thumb_2309470739.jpg\",\"datePublished\":\"2025-05-18T17:19:32+00:00\",\"dateModified\":\"2025-05-18T22:08:44+00:00\",\"breadcrumb\":{\"@id\":\"https:\/\/my.stlflix.com\/pt-br\/product\/linseshort-vase-6828c1facde5f\/#breadcrumb\"},\"inLanguage\":\"pt-BR\",\"potentialAction\":[{\"@type\":\"ReadAction\",\"target\":[\"https:\/\/my.stlflix.com\/pt-br\/product\/linseshort-vase-6828c1facde5f\/\"]}]},{\"@type\":\"ImageObject\",\"inLanguage\":\"pt-BR\",\"@id\":\"https:\/\/my.stlflix.com\/pt-br\/product\/linseshort-vase-6828c1facde5f\/#primaryimage\",\"url\":\"https:\/\/my.stlflix.com\/wp-content\/uploads\/2024\/03\/Linseshortvase_thumb_2309470739.jpg\",\"contentUrl\":\"https:\/\/my.stlflix.com\/wp-content\/uploads\/2024\/03\/Linseshortvase_thumb_2309470739.jpg\",\"width\":1080,\"height\":1350},{\"@type\":\"BreadcrumbList\",\"@id\":\"https:\/\/my.stlflix.com\/pt-br\/product\/linseshort-vase-6828c1facde5f\/#breadcrumb\",\"itemListElement\":[{\"@type\":\"ListItem\",\"position\":1,\"name\":\"Home\",\"item\":\"https:\/\/www.monitorstlflix.online\/pt-br\/\"},{\"@type\":\"ListItem\",\"position\":2,\"name\":\"Products\",\"item\":\"https:\/\/my.stlflix.com\/fr\/shop\/\"},{\"@type\":\"ListItem\",\"position\":3,\"name\":\"Vaso Linses\"}]},{\"@type\":\"WebSite\",\"@id\":\"https:\/\/www.monitorstlflix.com\/#website\",\"url\":\"https:\/\/www.monitorstlflix.com\/\",\"name\":\"MyStore - By STLFLIX\",\"description\":\"\",\"publisher\":{\"@id\":\"https:\/\/www.monitorstlflix.com\/#organization\"},\"potentialAction\":[{\"@type\":\"SearchAction\",\"target\":{\"@type\":\"EntryPoint\",\"urlTemplate\":\"https:\/\/www.monitorstlflix.com\/?s={search_term_string}\"},\"query-input\":{\"@type\":\"PropertyValueSpecification\",\"valueRequired\":true,\"valueName\":\"search_term_string\"}}],\"inLanguage\":\"pt-BR\"},{\"@type\":\"Organization\",\"@id\":\"https:\/\/www.monitorstlflix.com\/#organization\",\"name\":\"MyStore - By STLFLIX\",\"url\":\"https:\/\/www.monitorstlflix.com\/\",\"logo\":{\"@type\":\"ImageObject\",\"inLanguage\":\"pt-BR\",\"@id\":\"https:\/\/www.monitorstlflix.com\/#\/schema\/logo\/image\/\",\"url\":\"https:\/\/my.stlflix.com\/wp-content\/uploads\/2024\/06\/logo-mystore.png\",\"contentUrl\":\"https:\/\/my.stlflix.com\/wp-content\/uploads\/2024\/06\/logo-mystore.png\",\"width\":150,\"height\":41,\"caption\":\"MyStore - By STLFLIX\"},\"image\":{\"@id\":\"https:\/\/www.monitorstlflix.com\/#\/schema\/logo\/image\/\"},\"sameAs\":[\"https:\/\/www.facebook.com\/STLFLIX\",\"https:\/\/www.instagram.com\/stlflix_\/\",\"https:\/\/www.tiktok.com\/@stlflix\"]}]}<\/script>\n<!-- \/ Yoast SEO plugin. -->","yoast_head_json":{"title":"Vaso Linses - MyStore - By STLFLIX","robots":{"index":"index","follow":"follow","max-snippet":"max-snippet:-1","max-image-preview":"max-image-preview:large","max-video-preview":"max-video-preview:-1"},"canonical":"https:\/\/my.stlflix.com\/pt-br\/product\/linseshort-vase-6828c1facde5f\/","og_locale":"pt_BR","og_type":"article","og_title":"Vaso Linses - MyStore - By STLFLIX","og_description":"Transforme qualquer ambiente com este elegante vaso decorativo produzido em impressora 3D, feito com PLA ecol\u00f3gico (pl\u00e1stico biodegrad\u00e1vel \u00e0 base de amido de milho). Seu design moderno, com linhas curvas e recortes geom\u00e9tricos, traz sofistica\u00e7\u00e3o e personalidade para a decora\u00e7\u00e3o da sua casa, escrit\u00f3rio ou evento. Caracter\u00edsticas: Material: PLA (biodegrad\u00e1vel e sustent\u00e1vel) Tecnologia: Impress\u00e3o 3D [&hellip;]","og_url":"https:\/\/my.stlflix.com\/pt-br\/product\/linseshort-vase-6828c1facde5f\/","og_site_name":"MyStore - By STLFLIX","article_publisher":"https:\/\/www.facebook.com\/STLFLIX","article_modified_time":"2025-05-18T22:08:44+00:00","og_image":[{"width":1080,"height":1350,"url":"https:\/\/my.stlflix.com\/wp-content\/uploads\/2024\/03\/Linseshortvase_thumb_2309470739.jpg","type":"image\/jpeg"}],"twitter_card":"summary_large_image","schema":{"@context":"https:\/\/schema.org","@graph":[{"@type":"WebPage","@id":"https:\/\/my.stlflix.com\/pt-br\/product\/linseshort-vase-6828c1facde5f\/","url":"https:\/\/my.stlflix.com\/pt-br\/product\/linseshort-vase-6828c1facde5f\/","name":"Vaso Linses - MyStore - By STLFLIX","isPartOf":{"@id":"https:\/\/www.monitorstlflix.com\/#website"},"primaryImageOfPage":{"@id":"https:\/\/my.stlflix.com\/pt-br\/product\/linseshort-vase-6828c1facde5f\/#primaryimage"},"image":{"@id":"https:\/\/my.stlflix.com\/pt-br\/product\/linseshort-vase-6828c1facde5f\/#primaryimage"},"thumbnailUrl":"https:\/\/my.stlflix.com\/wp-content\/uploads\/2024\/03\/Linseshortvase_thumb_2309470739.jpg","datePublished":"2025-05-18T17:19:32+00:00","dateModified":"2025-05-18T22:08:44+00:00","breadcrumb":{"@id":"https:\/\/my.stlflix.com\/pt-br\/product\/linseshort-vase-6828c1facde5f\/#breadcrumb"},"inLanguage":"pt-BR","potentialAction":[{"@type":"ReadAction","target":["https:\/\/my.stlflix.com\/pt-br\/product\/linseshort-vase-6828c1facde5f\/"]}]},{"@type":"ImageObject","inLanguage":"pt-BR","@id":"https:\/\/my.stlflix.com\/pt-br\/product\/linseshort-vase-6828c1facde5f\/#primaryimage","url":"https:\/\/my.stlflix.com\/wp-content\/uploads\/2024\/03\/Linseshortvase_thumb_2309470739.jpg","contentUrl":"https:\/\/my.stlflix.com\/wp-content\/uploads\/2024\/03\/Linseshortvase_thumb_2309470739.jpg","width":1080,"height":1350},{"@type":"BreadcrumbList","@id":"https:\/\/my.stlflix.com\/pt-br\/product\/linseshort-vase-6828c1facde5f\/#breadcrumb","itemListElement":[{"@type":"ListItem","position":1,"name":"Home","item":"https:\/\/www.monitorstlflix.online\/pt-br\/"},{"@type":"ListItem","position":2,"name":"Products","item":"https:\/\/my.stlflix.com\/fr\/shop\/"},{"@type":"ListItem","position":3,"name":"Vaso Linses"}]},{"@type":"WebSite","@id":"https:\/\/www.monitorstlflix.com\/#website","url":"https:\/\/www.monitorstlflix.com\/","name":"MyStore - By STLFLIX","description":"","publisher":{"@id":"https:\/\/www.monitorstlflix.com\/#organization"},"potentialAction":[{"@type":"SearchAction","target":{"@type":"EntryPoint","urlTemplate":"https:\/\/www.monitorstlflix.com\/?s={search_term_string}"},"query-input":{"@type":"PropertyValueSpecification","valueRequired":true,"valueName":"search_term_string"}}],"inLanguage":"pt-BR"},{"@type":"Organization","@id":"https:\/\/www.monitorstlflix.com\/#organization","name":"MyStore - By STLFLIX","url":"https:\/\/www.monitorstlflix.com\/","logo":{"@type":"ImageObject","inLanguage":"pt-BR","@id":"https:\/\/www.monitorstlflix.com\/#\/schema\/logo\/image\/","url":"https:\/\/my.stlflix.com\/wp-content\/uploads\/2024\/06\/logo-mystore.png","contentUrl":"https:\/\/my.stlflix.com\/wp-content\/uploads\/2024\/06\/logo-mystore.png","width":150,"height":41,"caption":"MyStore - By STLFLIX"},"image":{"@id":"https:\/\/www.monitorstlflix.com\/#\/schema\/logo\/image\/"},"sameAs":["https:\/\/www.facebook.com\/STLFLIX","https:\/\/www.instagram.com\/stlflix_\/","https:\/\/www.tiktok.com\/@stlflix"]}]}},"_links":{"self":[{"href":"https:\/\/my.stlflix.com\/pt-br\/wp-json\/wp\/v2\/product\/355006","targetHints":{"allow":["GET"]}}],"collection":[{"href":"https:\/\/my.stlflix.com\/pt-br\/wp-json\/wp\/v2\/product"}],"about":[{"href":"https:\/\/my.stlflix.com\/pt-br\/wp-json\/wp\/v2\/types\/product"}],"replies":[{"embeddable":true,"href":"https:\/\/my.stlflix.com\/pt-br\/wp-json\/wp\/v2\/comments?post=355006"}],"wp:featuredmedia":[{"embeddable":true,"href":"https:\/\/my.stlflix.com\/pt-br\/wp-json\/wp\/v2\/media\/669"}],"wp:attachment":[{"href":"https:\/\/my.stlflix.com\/pt-br\/wp-json\/wp\/v2\/media?parent=355006"}],"wp:term":[{"taxonomy":"product_brand","embeddable":true,"href":"https:\/\/my.stlflix.com\/pt-br\/wp-json\/wp\/v2\/product_brand?post=355006"},{"taxonomy":"product_cat","embeddable":true,"href":"https:\/\/my.stlflix.com\/pt-br\/wp-json\/wp\/v2\/product_cat?post=355006"},{"taxonomy":"product_tag","embeddable":true,"href":"https:\/\/my.stlflix.com\/pt-br\/wp-json\/wp\/v2\/product_tag?post=355006"}],"curies":[{"name":"wp","href":"https:\/\/api.w.org\/{rel}","templated":true}]}}