{"id":355105,"date":"2025-05-17T21:03:38","date_gmt":"2025-05-17T21:03:38","guid":{"rendered":"https:\/\/my.stlflix.com\/?post_type=product&#038;p=355105"},"modified":"2025-05-17T21:03:38","modified_gmt":"2025-05-17T21:03:38","slug":"cool-dude-6828d45d8663d","status":"publish","type":"product","link":"https:\/\/my.stlflix.com\/pt-br\/product\/cool-dude-6828d45d8663d\/","title":{"rendered":"Cool Dude"},"content":{"rendered":"<pre><strong data-start=\"145\" data-end=\"203\">Vamoji 3D \u2013 Decora\u00e7\u00e3o com Personalidade e Alegria!<\/strong> \r\n\r\nLeve mais divers\u00e3o e estilo para o seu ambiente com este criativo <strong data-start=\"271\" data-end=\"305\">vaso decorativo impresso em 3D<\/strong>! \r\nProduzido com material resistente e ecol\u00f3gico, ele tem um design moderno em formato arredondado com textura em relevo e <strong data-start=\"427\" data-end=\"458\">emoji Descontraido estilizado<\/strong>, ideal para quem ama pe\u00e7as \u00fanicas e cheias de personalidade. \r\n\r\n\ud83c\udf3f <strong data-start=\"524\" data-end=\"572\">Perfeito para plantas pequenas ou suculentas<\/strong>, o vaso combina a inova\u00e7\u00e3o da impress\u00e3o 3D com a linguagem universal das emo\u00e7\u00f5es. \r\n\ud83c\udfa8 Dispon\u00edvel em cores vibrantes (como este Laranja marcante!), \u00e9 uma excelente op\u00e7\u00e3o para decorar mesas, escrit\u00f3rios, estantes ou presentear algu\u00e9m especial. \r\n\r\n\u2705 Feito com PLA biodegrad\u00e1vel<br data-start=\"845\" data-end=\"848\" \/>\u2705 Leve, resistente e f\u00e1cil de limpar<br data-start=\"884\" data-end=\"887\" \/>\u2705 Design exclusivo com toque divertido \r\n\r\nPara altera\u00e7\u00f5es de medidas ou cores entre em contato no (47) 99136-8030 \r\nAs dimen\u00e7\u00f5es do Vamoji podem ser alteradas, mas mantenha a conci\u00eancia que os valores tamb\u00e9m se alteram proporcionalmente. As dimen\u00e7\u00f5es padr\u00e3o s\u00e3o: \r\nAltura: 9,6cm \r\nDi\u00e2metro: 12cm<\/pre>\n","protected":false},"excerpt":{"rendered":"<p>Vamoji 3D \u2013 Decora\u00e7\u00e3o com Personalidade e Alegria! Leve mais divers\u00e3o e estilo para o seu ambiente com este criativo vaso decorativo impresso em 3D! Produzido com material resistente e ecol\u00f3gico, ele tem um design moderno em formato arredondado com textura em relevo e emoji Descontraido estilizado, ideal para quem ama pe\u00e7as \u00fanicas e cheias [&hellip;]<\/p>\n","protected":false},"featured_media":4167,"comment_status":"open","ping_status":"closed","template":"","meta":[],"product_brand":[],"product_cat":[25],"product_tag":[5927],"class_list":{"0":"post-355105","1":"product","2":"type-product","3":"status-publish","4":"has-post-thumbnail","6":"product_cat-home-decor","7":"product_tag-vamoji","9":"first","10":"onbackorder","11":"taxable","12":"shipping-taxable","13":"purchasable","14":"product-type-simple"},"yoast_head":"<!-- This site is optimized with the Yoast SEO plugin v25.1 - https:\/\/yoast.com\/wordpress\/plugins\/seo\/ -->\n<title>Cool Dude - MyStore - By STLFLIX<\/title>\n<meta name=\"robots\" content=\"index, follow, max-snippet:-1, max-image-preview:large, max-video-preview:-1\" \/>\n<link rel=\"canonical\" href=\"https:\/\/my.stlflix.com\/pt-br\/product\/cool-dude-6828d45d8663d\/\" \/>\n<meta property=\"og:locale\" content=\"pt_BR\" \/>\n<meta property=\"og:type\" content=\"article\" \/>\n<meta property=\"og:title\" content=\"Cool Dude - MyStore - By STLFLIX\" \/>\n<meta property=\"og:description\" content=\"Vamoji 3D \u2013 Decora\u00e7\u00e3o com Personalidade e Alegria! Leve mais divers\u00e3o e estilo para o seu ambiente com este criativo vaso decorativo impresso em 3D! Produzido com material resistente e ecol\u00f3gico, ele tem um design moderno em formato arredondado com textura em relevo e emoji Descontraido estilizado, ideal para quem ama pe\u00e7as \u00fanicas e cheias [&hellip;]\" \/>\n<meta property=\"og:url\" content=\"https:\/\/my.stlflix.com\/pt-br\/product\/cool-dude-6828d45d8663d\/\" \/>\n<meta property=\"og:site_name\" content=\"MyStore - By STLFLIX\" \/>\n<meta property=\"article:publisher\" content=\"https:\/\/www.facebook.com\/STLFLIX\" \/>\n<meta property=\"og:image\" content=\"https:\/\/my.stlflix.com\/wp-content\/uploads\/2024\/03\/Cool_Dude_thumb_ff1e1e7efd.jpg\" \/>\n\t<meta property=\"og:image:width\" content=\"1080\" \/>\n\t<meta property=\"og:image:height\" content=\"1350\" \/>\n\t<meta property=\"og:image:type\" content=\"image\/jpeg\" \/>\n<meta name=\"twitter:card\" content=\"summary_large_image\" \/>\n<meta name=\"twitter:label1\" content=\"Est. reading time\" \/>\n\t<meta name=\"twitter:data1\" content=\"1 minute\" \/>\n<script type=\"application\/ld+json\" class=\"yoast-schema-graph\">{\"@context\":\"https:\/\/schema.org\",\"@graph\":[{\"@type\":\"WebPage\",\"@id\":\"https:\/\/my.stlflix.com\/pt-br\/product\/cool-dude-6828d45d8663d\/\",\"url\":\"https:\/\/my.stlflix.com\/pt-br\/product\/cool-dude-6828d45d8663d\/\",\"name\":\"Cool Dude - MyStore - By STLFLIX\",\"isPartOf\":{\"@id\":\"https:\/\/my.stlflix.com\/tr\/#website\"},\"primaryImageOfPage\":{\"@id\":\"https:\/\/my.stlflix.com\/pt-br\/product\/cool-dude-6828d45d8663d\/#primaryimage\"},\"image\":{\"@id\":\"https:\/\/my.stlflix.com\/pt-br\/product\/cool-dude-6828d45d8663d\/#primaryimage\"},\"thumbnailUrl\":\"https:\/\/my.stlflix.com\/wp-content\/uploads\/2024\/03\/Cool_Dude_thumb_ff1e1e7efd.jpg\",\"datePublished\":\"2025-05-17T21:03:38+00:00\",\"breadcrumb\":{\"@id\":\"https:\/\/my.stlflix.com\/pt-br\/product\/cool-dude-6828d45d8663d\/#breadcrumb\"},\"inLanguage\":\"pt-BR\",\"potentialAction\":[{\"@type\":\"ReadAction\",\"target\":[\"https:\/\/my.stlflix.com\/pt-br\/product\/cool-dude-6828d45d8663d\/\"]}]},{\"@type\":\"ImageObject\",\"inLanguage\":\"pt-BR\",\"@id\":\"https:\/\/my.stlflix.com\/pt-br\/product\/cool-dude-6828d45d8663d\/#primaryimage\",\"url\":\"https:\/\/my.stlflix.com\/wp-content\/uploads\/2024\/03\/Cool_Dude_thumb_ff1e1e7efd.jpg\",\"contentUrl\":\"https:\/\/my.stlflix.com\/wp-content\/uploads\/2024\/03\/Cool_Dude_thumb_ff1e1e7efd.jpg\",\"width\":1080,\"height\":1350},{\"@type\":\"BreadcrumbList\",\"@id\":\"https:\/\/my.stlflix.com\/pt-br\/product\/cool-dude-6828d45d8663d\/#breadcrumb\",\"itemListElement\":[{\"@type\":\"ListItem\",\"position\":1,\"name\":\"Home\",\"item\":\"https:\/\/my.stlflix.com\/pt-br\/\"},{\"@type\":\"ListItem\",\"position\":2,\"name\":\"Products\",\"item\":\"https:\/\/my.stlflix.com\/fr\/shop\/\"},{\"@type\":\"ListItem\",\"position\":3,\"name\":\"Cool Dude\"}]},{\"@type\":\"WebSite\",\"@id\":\"https:\/\/my.stlflix.com\/tr\/#website\",\"url\":\"https:\/\/my.stlflix.com\/tr\/\",\"name\":\"MyStore - By STLFLIX\",\"description\":\"\",\"publisher\":{\"@id\":\"https:\/\/my.stlflix.com\/tr\/#organization\"},\"potentialAction\":[{\"@type\":\"SearchAction\",\"target\":{\"@type\":\"EntryPoint\",\"urlTemplate\":\"https:\/\/my.stlflix.com\/tr\/?s={search_term_string}\"},\"query-input\":{\"@type\":\"PropertyValueSpecification\",\"valueRequired\":true,\"valueName\":\"search_term_string\"}}],\"inLanguage\":\"pt-BR\"},{\"@type\":\"Organization\",\"@id\":\"https:\/\/my.stlflix.com\/tr\/#organization\",\"name\":\"MyStore - By STLFLIX\",\"url\":\"https:\/\/my.stlflix.com\/tr\/\",\"logo\":{\"@type\":\"ImageObject\",\"inLanguage\":\"pt-BR\",\"@id\":\"https:\/\/my.stlflix.com\/tr\/#\/schema\/logo\/image\/\",\"url\":\"https:\/\/my.stlflix.com\/wp-content\/uploads\/2024\/06\/logo-mystore.png\",\"contentUrl\":\"https:\/\/my.stlflix.com\/wp-content\/uploads\/2024\/06\/logo-mystore.png\",\"width\":150,\"height\":41,\"caption\":\"MyStore - By STLFLIX\"},\"image\":{\"@id\":\"https:\/\/my.stlflix.com\/tr\/#\/schema\/logo\/image\/\"},\"sameAs\":[\"https:\/\/www.facebook.com\/STLFLIX\",\"https:\/\/www.instagram.com\/stlflix_\/\",\"https:\/\/www.tiktok.com\/@stlflix\"]}]}<\/script>\n<!-- \/ Yoast SEO plugin. -->","yoast_head_json":{"title":"Cool Dude - MyStore - By STLFLIX","robots":{"index":"index","follow":"follow","max-snippet":"max-snippet:-1","max-image-preview":"max-image-preview:large","max-video-preview":"max-video-preview:-1"},"canonical":"https:\/\/my.stlflix.com\/pt-br\/product\/cool-dude-6828d45d8663d\/","og_locale":"pt_BR","og_type":"article","og_title":"Cool Dude - MyStore - By STLFLIX","og_description":"Vamoji 3D \u2013 Decora\u00e7\u00e3o com Personalidade e Alegria! Leve mais divers\u00e3o e estilo para o seu ambiente com este criativo vaso decorativo impresso em 3D! Produzido com material resistente e ecol\u00f3gico, ele tem um design moderno em formato arredondado com textura em relevo e emoji Descontraido estilizado, ideal para quem ama pe\u00e7as \u00fanicas e cheias [&hellip;]","og_url":"https:\/\/my.stlflix.com\/pt-br\/product\/cool-dude-6828d45d8663d\/","og_site_name":"MyStore - By STLFLIX","article_publisher":"https:\/\/www.facebook.com\/STLFLIX","og_image":[{"width":1080,"height":1350,"url":"https:\/\/my.stlflix.com\/wp-content\/uploads\/2024\/03\/Cool_Dude_thumb_ff1e1e7efd.jpg","type":"image\/jpeg"}],"twitter_card":"summary_large_image","twitter_misc":{"Est. reading time":"1 minute"},"schema":{"@context":"https:\/\/schema.org","@graph":[{"@type":"WebPage","@id":"https:\/\/my.stlflix.com\/pt-br\/product\/cool-dude-6828d45d8663d\/","url":"https:\/\/my.stlflix.com\/pt-br\/product\/cool-dude-6828d45d8663d\/","name":"Cool Dude - MyStore - By STLFLIX","isPartOf":{"@id":"https:\/\/my.stlflix.com\/tr\/#website"},"primaryImageOfPage":{"@id":"https:\/\/my.stlflix.com\/pt-br\/product\/cool-dude-6828d45d8663d\/#primaryimage"},"image":{"@id":"https:\/\/my.stlflix.com\/pt-br\/product\/cool-dude-6828d45d8663d\/#primaryimage"},"thumbnailUrl":"https:\/\/my.stlflix.com\/wp-content\/uploads\/2024\/03\/Cool_Dude_thumb_ff1e1e7efd.jpg","datePublished":"2025-05-17T21:03:38+00:00","breadcrumb":{"@id":"https:\/\/my.stlflix.com\/pt-br\/product\/cool-dude-6828d45d8663d\/#breadcrumb"},"inLanguage":"pt-BR","potentialAction":[{"@type":"ReadAction","target":["https:\/\/my.stlflix.com\/pt-br\/product\/cool-dude-6828d45d8663d\/"]}]},{"@type":"ImageObject","inLanguage":"pt-BR","@id":"https:\/\/my.stlflix.com\/pt-br\/product\/cool-dude-6828d45d8663d\/#primaryimage","url":"https:\/\/my.stlflix.com\/wp-content\/uploads\/2024\/03\/Cool_Dude_thumb_ff1e1e7efd.jpg","contentUrl":"https:\/\/my.stlflix.com\/wp-content\/uploads\/2024\/03\/Cool_Dude_thumb_ff1e1e7efd.jpg","width":1080,"height":1350},{"@type":"BreadcrumbList","@id":"https:\/\/my.stlflix.com\/pt-br\/product\/cool-dude-6828d45d8663d\/#breadcrumb","itemListElement":[{"@type":"ListItem","position":1,"name":"Home","item":"https:\/\/my.stlflix.com\/pt-br\/"},{"@type":"ListItem","position":2,"name":"Products","item":"https:\/\/my.stlflix.com\/fr\/shop\/"},{"@type":"ListItem","position":3,"name":"Cool Dude"}]},{"@type":"WebSite","@id":"https:\/\/my.stlflix.com\/tr\/#website","url":"https:\/\/my.stlflix.com\/tr\/","name":"MyStore - By STLFLIX","description":"","publisher":{"@id":"https:\/\/my.stlflix.com\/tr\/#organization"},"potentialAction":[{"@type":"SearchAction","target":{"@type":"EntryPoint","urlTemplate":"https:\/\/my.stlflix.com\/tr\/?s={search_term_string}"},"query-input":{"@type":"PropertyValueSpecification","valueRequired":true,"valueName":"search_term_string"}}],"inLanguage":"pt-BR"},{"@type":"Organization","@id":"https:\/\/my.stlflix.com\/tr\/#organization","name":"MyStore - By STLFLIX","url":"https:\/\/my.stlflix.com\/tr\/","logo":{"@type":"ImageObject","inLanguage":"pt-BR","@id":"https:\/\/my.stlflix.com\/tr\/#\/schema\/logo\/image\/","url":"https:\/\/my.stlflix.com\/wp-content\/uploads\/2024\/06\/logo-mystore.png","contentUrl":"https:\/\/my.stlflix.com\/wp-content\/uploads\/2024\/06\/logo-mystore.png","width":150,"height":41,"caption":"MyStore - By STLFLIX"},"image":{"@id":"https:\/\/my.stlflix.com\/tr\/#\/schema\/logo\/image\/"},"sameAs":["https:\/\/www.facebook.com\/STLFLIX","https:\/\/www.instagram.com\/stlflix_\/","https:\/\/www.tiktok.com\/@stlflix"]}]}},"_links":{"self":[{"href":"https:\/\/my.stlflix.com\/pt-br\/wp-json\/wp\/v2\/product\/355105","targetHints":{"allow":["GET"]}}],"collection":[{"href":"https:\/\/my.stlflix.com\/pt-br\/wp-json\/wp\/v2\/product"}],"about":[{"href":"https:\/\/my.stlflix.com\/pt-br\/wp-json\/wp\/v2\/types\/product"}],"replies":[{"embeddable":true,"href":"https:\/\/my.stlflix.com\/pt-br\/wp-json\/wp\/v2\/comments?post=355105"}],"wp:featuredmedia":[{"embeddable":true,"href":"https:\/\/my.stlflix.com\/pt-br\/wp-json\/wp\/v2\/media\/4167"}],"wp:attachment":[{"href":"https:\/\/my.stlflix.com\/pt-br\/wp-json\/wp\/v2\/media?parent=355105"}],"wp:term":[{"taxonomy":"product_brand","embeddable":true,"href":"https:\/\/my.stlflix.com\/pt-br\/wp-json\/wp\/v2\/product_brand?post=355105"},{"taxonomy":"product_cat","embeddable":true,"href":"https:\/\/my.stlflix.com\/pt-br\/wp-json\/wp\/v2\/product_cat?post=355105"},{"taxonomy":"product_tag","embeddable":true,"href":"https:\/\/my.stlflix.com\/pt-br\/wp-json\/wp\/v2\/product_tag?post=355105"}],"curies":[{"name":"wp","href":"https:\/\/api.w.org\/{rel}","templated":true}]}}