{"id":367566,"date":"2025-05-29T22:46:56","date_gmt":"2025-05-29T22:46:56","guid":{"rendered":"https:\/\/my.stlflix.com\/?post_type=product&#038;p=367566"},"modified":"2025-05-30T20:36:13","modified_gmt":"2025-05-30T20:36:13","slug":"backboard-breaking-dunk-6838e1cc6a2ab","status":"publish","type":"product","link":"https:\/\/my.stlflix.com\/pt-br\/product\/backboard-breaking-dunk-6838e1cc6a2ab\/","title":{"rendered":"Escultura Michael Jordan Dando uma Enterrada"},"content":{"rendered":"<p data-start=\"92\" data-end=\"155\"><strong data-start=\"92\" data-end=\"155\">Escultura Michael Jordan Dando uma Enterrada \u2013 Impress\u00e3o 3D<\/strong><\/p>\n<p data-start=\"157\" data-end=\"445\">Reviva um dos momentos mais ic\u00f4nicos do basquete com essa escultura impressionante de <strong data-start=\"243\" data-end=\"282\">Michael Jordan voando rumo \u00e0 gl\u00f3ria<\/strong>! Capturado no auge do seu lend\u00e1rio salto, o eterno camisa 24 \u00e9 retratado no exato instante em que desafia a gravidade para cravar mais uma enterrada inesquec\u00edvel.<\/p>\n<p data-start=\"447\" data-end=\"706\">Impressa em <strong data-start=\"459\" data-end=\"495\">alta qualidade com tecnologia 3D<\/strong>, cada detalhe foi cuidadosamente esculpido para homenagear a for\u00e7a, eleg\u00e2ncia e atitude do maior de todos os tempos. Ideal para f\u00e3s do basquete, colecionadores ou qualquer um que admire o esp\u00edrito de supera\u00e7\u00e3o.<\/p>\n<p data-start=\"708\" data-end=\"829\">Leve para casa a ess\u00eancia do voo, a paix\u00e3o do jogo e a lenda viva do esporte \u2013 <strong data-start=\"787\" data-end=\"829\">porque realeza n\u00e3o caminha&#8230; ela voa.<\/strong><\/p>\n","protected":false},"excerpt":{"rendered":"<p>Escultura Michael Jordan Dando uma Enterrada \u2013 Impress\u00e3o 3D Reviva um dos momentos mais ic\u00f4nicos do basquete com essa escultura impressionante de Michael Jordan voando rumo \u00e0 gl\u00f3ria! Capturado no auge do seu lend\u00e1rio salto, o eterno camisa 24 \u00e9 retratado no exato instante em que desafia a gravidade para cravar mais uma enterrada inesquec\u00edvel. [&hellip;]<\/p>\n","protected":false},"featured_media":5353,"comment_status":"open","ping_status":"closed","template":"","meta":[],"product_brand":[],"product_cat":[36],"product_tag":[3030],"class_list":{"0":"post-367566","1":"product","2":"type-product","3":"status-publish","4":"has-post-thumbnail","6":"product_cat-statues","7":"product_tag-esculturas","9":"first","10":"instock","11":"sold-individually","12":"shipping-taxable","13":"purchasable","14":"product-type-simple"},"yoast_head":"<!-- This site is optimized with the Yoast SEO plugin v25.1 - https:\/\/yoast.com\/wordpress\/plugins\/seo\/ -->\n<title>Escultura Michael Jordan Dando uma Enterrada - MyStore - By STLFLIX<\/title>\n<meta name=\"robots\" content=\"index, follow, max-snippet:-1, max-image-preview:large, max-video-preview:-1\" \/>\n<link rel=\"canonical\" href=\"https:\/\/my.stlflix.com\/pt-br\/product\/backboard-breaking-dunk-6838e1cc6a2ab\/\" \/>\n<meta property=\"og:locale\" content=\"pt_BR\" \/>\n<meta property=\"og:type\" content=\"article\" \/>\n<meta property=\"og:title\" content=\"Escultura Michael Jordan Dando uma Enterrada - MyStore - By STLFLIX\" \/>\n<meta property=\"og:description\" content=\"Escultura Michael Jordan Dando uma Enterrada \u2013 Impress\u00e3o 3D Reviva um dos momentos mais ic\u00f4nicos do basquete com essa escultura impressionante de Michael Jordan voando rumo \u00e0 gl\u00f3ria! Capturado no auge do seu lend\u00e1rio salto, o eterno camisa 24 \u00e9 retratado no exato instante em que desafia a gravidade para cravar mais uma enterrada inesquec\u00edvel. [&hellip;]\" \/>\n<meta property=\"og:url\" content=\"https:\/\/my.stlflix.com\/pt-br\/product\/backboard-breaking-dunk-6838e1cc6a2ab\/\" \/>\n<meta property=\"og:site_name\" content=\"MyStore - By STLFLIX\" \/>\n<meta property=\"article:publisher\" content=\"https:\/\/www.facebook.com\/STLFLIX\" \/>\n<meta property=\"article:modified_time\" content=\"2025-05-30T20:36:13+00:00\" \/>\n<meta property=\"og:image\" content=\"https:\/\/my.stlflix.com\/wp-content\/uploads\/2024\/03\/FEED_2282d8949a.jpg\" \/>\n\t<meta property=\"og:image:width\" content=\"1079\" \/>\n\t<meta property=\"og:image:height\" content=\"1350\" \/>\n\t<meta property=\"og:image:type\" content=\"image\/jpeg\" \/>\n<meta name=\"twitter:card\" content=\"summary_large_image\" \/>\n<meta name=\"twitter:label1\" content=\"Est. reading time\" \/>\n\t<meta name=\"twitter:data1\" content=\"1 minute\" \/>\n<script type=\"application\/ld+json\" class=\"yoast-schema-graph\">{\"@context\":\"https:\/\/schema.org\",\"@graph\":[{\"@type\":\"WebPage\",\"@id\":\"https:\/\/my.stlflix.com\/pt-br\/product\/backboard-breaking-dunk-6838e1cc6a2ab\/\",\"url\":\"https:\/\/my.stlflix.com\/pt-br\/product\/backboard-breaking-dunk-6838e1cc6a2ab\/\",\"name\":\"Escultura Michael Jordan Dando uma Enterrada - MyStore - By STLFLIX\",\"isPartOf\":{\"@id\":\"https:\/\/my.stlflix.com\/tr\/#website\"},\"primaryImageOfPage\":{\"@id\":\"https:\/\/my.stlflix.com\/pt-br\/product\/backboard-breaking-dunk-6838e1cc6a2ab\/#primaryimage\"},\"image\":{\"@id\":\"https:\/\/my.stlflix.com\/pt-br\/product\/backboard-breaking-dunk-6838e1cc6a2ab\/#primaryimage\"},\"thumbnailUrl\":\"https:\/\/my.stlflix.com\/wp-content\/uploads\/2024\/03\/FEED_2282d8949a.jpg\",\"datePublished\":\"2025-05-29T22:46:56+00:00\",\"dateModified\":\"2025-05-30T20:36:13+00:00\",\"breadcrumb\":{\"@id\":\"https:\/\/my.stlflix.com\/pt-br\/product\/backboard-breaking-dunk-6838e1cc6a2ab\/#breadcrumb\"},\"inLanguage\":\"pt-BR\",\"potentialAction\":[{\"@type\":\"ReadAction\",\"target\":[\"https:\/\/my.stlflix.com\/pt-br\/product\/backboard-breaking-dunk-6838e1cc6a2ab\/\"]}]},{\"@type\":\"ImageObject\",\"inLanguage\":\"pt-BR\",\"@id\":\"https:\/\/my.stlflix.com\/pt-br\/product\/backboard-breaking-dunk-6838e1cc6a2ab\/#primaryimage\",\"url\":\"https:\/\/my.stlflix.com\/wp-content\/uploads\/2024\/03\/FEED_2282d8949a.jpg\",\"contentUrl\":\"https:\/\/my.stlflix.com\/wp-content\/uploads\/2024\/03\/FEED_2282d8949a.jpg\",\"width\":1079,\"height\":1350},{\"@type\":\"BreadcrumbList\",\"@id\":\"https:\/\/my.stlflix.com\/pt-br\/product\/backboard-breaking-dunk-6838e1cc6a2ab\/#breadcrumb\",\"itemListElement\":[{\"@type\":\"ListItem\",\"position\":1,\"name\":\"Home\",\"item\":\"https:\/\/my.stlflix.com\/pt-br\/\"},{\"@type\":\"ListItem\",\"position\":2,\"name\":\"Products\",\"item\":\"https:\/\/my.stlflix.com\/fr\/shop\/\"},{\"@type\":\"ListItem\",\"position\":3,\"name\":\"Escultura Michael Jordan Dando uma Enterrada\"}]},{\"@type\":\"WebSite\",\"@id\":\"https:\/\/my.stlflix.com\/tr\/#website\",\"url\":\"https:\/\/my.stlflix.com\/tr\/\",\"name\":\"MyStore - By STLFLIX\",\"description\":\"\",\"publisher\":{\"@id\":\"https:\/\/my.stlflix.com\/tr\/#organization\"},\"potentialAction\":[{\"@type\":\"SearchAction\",\"target\":{\"@type\":\"EntryPoint\",\"urlTemplate\":\"https:\/\/my.stlflix.com\/tr\/?s={search_term_string}\"},\"query-input\":{\"@type\":\"PropertyValueSpecification\",\"valueRequired\":true,\"valueName\":\"search_term_string\"}}],\"inLanguage\":\"pt-BR\"},{\"@type\":\"Organization\",\"@id\":\"https:\/\/my.stlflix.com\/tr\/#organization\",\"name\":\"MyStore - By STLFLIX\",\"url\":\"https:\/\/my.stlflix.com\/tr\/\",\"logo\":{\"@type\":\"ImageObject\",\"inLanguage\":\"pt-BR\",\"@id\":\"https:\/\/my.stlflix.com\/tr\/#\/schema\/logo\/image\/\",\"url\":\"https:\/\/my.stlflix.com\/wp-content\/uploads\/2024\/06\/logo-mystore.png\",\"contentUrl\":\"https:\/\/my.stlflix.com\/wp-content\/uploads\/2024\/06\/logo-mystore.png\",\"width\":150,\"height\":41,\"caption\":\"MyStore - By STLFLIX\"},\"image\":{\"@id\":\"https:\/\/my.stlflix.com\/tr\/#\/schema\/logo\/image\/\"},\"sameAs\":[\"https:\/\/www.facebook.com\/STLFLIX\",\"https:\/\/www.instagram.com\/stlflix_\/\",\"https:\/\/www.tiktok.com\/@stlflix\"]}]}<\/script>\n<!-- \/ Yoast SEO plugin. -->","yoast_head_json":{"title":"Escultura Michael Jordan Dando uma Enterrada - MyStore - By STLFLIX","robots":{"index":"index","follow":"follow","max-snippet":"max-snippet:-1","max-image-preview":"max-image-preview:large","max-video-preview":"max-video-preview:-1"},"canonical":"https:\/\/my.stlflix.com\/pt-br\/product\/backboard-breaking-dunk-6838e1cc6a2ab\/","og_locale":"pt_BR","og_type":"article","og_title":"Escultura Michael Jordan Dando uma Enterrada - MyStore - By STLFLIX","og_description":"Escultura Michael Jordan Dando uma Enterrada \u2013 Impress\u00e3o 3D Reviva um dos momentos mais ic\u00f4nicos do basquete com essa escultura impressionante de Michael Jordan voando rumo \u00e0 gl\u00f3ria! Capturado no auge do seu lend\u00e1rio salto, o eterno camisa 24 \u00e9 retratado no exato instante em que desafia a gravidade para cravar mais uma enterrada inesquec\u00edvel. [&hellip;]","og_url":"https:\/\/my.stlflix.com\/pt-br\/product\/backboard-breaking-dunk-6838e1cc6a2ab\/","og_site_name":"MyStore - By STLFLIX","article_publisher":"https:\/\/www.facebook.com\/STLFLIX","article_modified_time":"2025-05-30T20:36:13+00:00","og_image":[{"width":1079,"height":1350,"url":"https:\/\/my.stlflix.com\/wp-content\/uploads\/2024\/03\/FEED_2282d8949a.jpg","type":"image\/jpeg"}],"twitter_card":"summary_large_image","twitter_misc":{"Est. reading time":"1 minute"},"schema":{"@context":"https:\/\/schema.org","@graph":[{"@type":"WebPage","@id":"https:\/\/my.stlflix.com\/pt-br\/product\/backboard-breaking-dunk-6838e1cc6a2ab\/","url":"https:\/\/my.stlflix.com\/pt-br\/product\/backboard-breaking-dunk-6838e1cc6a2ab\/","name":"Escultura Michael Jordan Dando uma Enterrada - MyStore - By STLFLIX","isPartOf":{"@id":"https:\/\/my.stlflix.com\/tr\/#website"},"primaryImageOfPage":{"@id":"https:\/\/my.stlflix.com\/pt-br\/product\/backboard-breaking-dunk-6838e1cc6a2ab\/#primaryimage"},"image":{"@id":"https:\/\/my.stlflix.com\/pt-br\/product\/backboard-breaking-dunk-6838e1cc6a2ab\/#primaryimage"},"thumbnailUrl":"https:\/\/my.stlflix.com\/wp-content\/uploads\/2024\/03\/FEED_2282d8949a.jpg","datePublished":"2025-05-29T22:46:56+00:00","dateModified":"2025-05-30T20:36:13+00:00","breadcrumb":{"@id":"https:\/\/my.stlflix.com\/pt-br\/product\/backboard-breaking-dunk-6838e1cc6a2ab\/#breadcrumb"},"inLanguage":"pt-BR","potentialAction":[{"@type":"ReadAction","target":["https:\/\/my.stlflix.com\/pt-br\/product\/backboard-breaking-dunk-6838e1cc6a2ab\/"]}]},{"@type":"ImageObject","inLanguage":"pt-BR","@id":"https:\/\/my.stlflix.com\/pt-br\/product\/backboard-breaking-dunk-6838e1cc6a2ab\/#primaryimage","url":"https:\/\/my.stlflix.com\/wp-content\/uploads\/2024\/03\/FEED_2282d8949a.jpg","contentUrl":"https:\/\/my.stlflix.com\/wp-content\/uploads\/2024\/03\/FEED_2282d8949a.jpg","width":1079,"height":1350},{"@type":"BreadcrumbList","@id":"https:\/\/my.stlflix.com\/pt-br\/product\/backboard-breaking-dunk-6838e1cc6a2ab\/#breadcrumb","itemListElement":[{"@type":"ListItem","position":1,"name":"Home","item":"https:\/\/my.stlflix.com\/pt-br\/"},{"@type":"ListItem","position":2,"name":"Products","item":"https:\/\/my.stlflix.com\/fr\/shop\/"},{"@type":"ListItem","position":3,"name":"Escultura Michael Jordan Dando uma Enterrada"}]},{"@type":"WebSite","@id":"https:\/\/my.stlflix.com\/tr\/#website","url":"https:\/\/my.stlflix.com\/tr\/","name":"MyStore - By STLFLIX","description":"","publisher":{"@id":"https:\/\/my.stlflix.com\/tr\/#organization"},"potentialAction":[{"@type":"SearchAction","target":{"@type":"EntryPoint","urlTemplate":"https:\/\/my.stlflix.com\/tr\/?s={search_term_string}"},"query-input":{"@type":"PropertyValueSpecification","valueRequired":true,"valueName":"search_term_string"}}],"inLanguage":"pt-BR"},{"@type":"Organization","@id":"https:\/\/my.stlflix.com\/tr\/#organization","name":"MyStore - By STLFLIX","url":"https:\/\/my.stlflix.com\/tr\/","logo":{"@type":"ImageObject","inLanguage":"pt-BR","@id":"https:\/\/my.stlflix.com\/tr\/#\/schema\/logo\/image\/","url":"https:\/\/my.stlflix.com\/wp-content\/uploads\/2024\/06\/logo-mystore.png","contentUrl":"https:\/\/my.stlflix.com\/wp-content\/uploads\/2024\/06\/logo-mystore.png","width":150,"height":41,"caption":"MyStore - By STLFLIX"},"image":{"@id":"https:\/\/my.stlflix.com\/tr\/#\/schema\/logo\/image\/"},"sameAs":["https:\/\/www.facebook.com\/STLFLIX","https:\/\/www.instagram.com\/stlflix_\/","https:\/\/www.tiktok.com\/@stlflix"]}]}},"_links":{"self":[{"href":"https:\/\/my.stlflix.com\/pt-br\/wp-json\/wp\/v2\/product\/367566","targetHints":{"allow":["GET"]}}],"collection":[{"href":"https:\/\/my.stlflix.com\/pt-br\/wp-json\/wp\/v2\/product"}],"about":[{"href":"https:\/\/my.stlflix.com\/pt-br\/wp-json\/wp\/v2\/types\/product"}],"replies":[{"embeddable":true,"href":"https:\/\/my.stlflix.com\/pt-br\/wp-json\/wp\/v2\/comments?post=367566"}],"wp:featuredmedia":[{"embeddable":true,"href":"https:\/\/my.stlflix.com\/pt-br\/wp-json\/wp\/v2\/media\/5353"}],"wp:attachment":[{"href":"https:\/\/my.stlflix.com\/pt-br\/wp-json\/wp\/v2\/media?parent=367566"}],"wp:term":[{"taxonomy":"product_brand","embeddable":true,"href":"https:\/\/my.stlflix.com\/pt-br\/wp-json\/wp\/v2\/product_brand?post=367566"},{"taxonomy":"product_cat","embeddable":true,"href":"https:\/\/my.stlflix.com\/pt-br\/wp-json\/wp\/v2\/product_cat?post=367566"},{"taxonomy":"product_tag","embeddable":true,"href":"https:\/\/my.stlflix.com\/pt-br\/wp-json\/wp\/v2\/product_tag?post=367566"}],"curies":[{"name":"wp","href":"https:\/\/api.w.org\/{rel}","templated":true}]}}