{"id":374868,"date":"2025-06-06T22:08:01","date_gmt":"2025-06-06T22:08:01","guid":{"rendered":"https:\/\/my.stlflix.com\/?post_type=product&#038;p=374868"},"modified":"2025-06-09T18:17:01","modified_gmt":"2025-06-09T18:17:01","slug":"cosmopolitan-684351f482d59","status":"publish","type":"product","link":"https:\/\/my.stlflix.com\/pt-br\/product\/cosmopolitan-684351f482d59\/","title":{"rendered":"Cosmopolitan"},"content":{"rendered":"<h3 data-start=\"237\" data-end=\"282\">\ud83e\udd43 Sofistica\u00e7\u00e3o impressa em cada detalhe.<\/h3>\n<p data-start=\"284\" data-end=\"444\">Apresentamos o <strong data-start=\"299\" data-end=\"332\">Suporte para Whisky SANFEL 3D<\/strong> \u2014 uma pe\u00e7a que <strong data-start=\"348\" data-end=\"374\">transcende o funcional<\/strong> e entra no territ\u00f3rio do <strong data-start=\"400\" data-end=\"443\">design e da eleg\u00e2ncia atemporal<\/strong>.<\/p>\n<p data-start=\"446\" data-end=\"639\">Feito em <strong data-start=\"455\" data-end=\"488\">impress\u00e3o 3D de alta precis\u00e3o<\/strong>, cada suporte \u00e9 uma obra de arte que combina <strong data-start=\"534\" data-end=\"560\">estilo e personalidade<\/strong>, pensado para quem aprecia o ritual do whisky com a rever\u00eancia que ele merece.<\/p>\n<hr data-start=\"641\" data-end=\"644\" \/>\n<h3 data-start=\"646\" data-end=\"683\">\u2728 Detalhes que fazem a diferen\u00e7a:<\/h3>\n<ul data-start=\"684\" data-end=\"926\">\n<li data-start=\"684\" data-end=\"745\">\n<p data-start=\"686\" data-end=\"745\">Design inspirado na harmonia entre tradi\u00e7\u00e3o e modernidade<\/p>\n<\/li>\n<li data-start=\"746\" data-end=\"811\">\n<p data-start=\"748\" data-end=\"811\">Estrutura robusta com linhas marcantes e est\u00e9tica minimalista<\/p>\n<\/li>\n<li data-start=\"812\" data-end=\"880\">\n<p data-start=\"814\" data-end=\"880\">Acabamento impec\u00e1vel, com texturas que remetem ao luxo artesanal<\/p>\n<\/li>\n<li data-start=\"881\" data-end=\"926\">\n<p data-start=\"883\" data-end=\"926\">Modelos exclusivos, limitados e numerados<\/p>\n<\/li>\n<\/ul>\n<hr data-start=\"928\" data-end=\"931\" \/>\n<p data-start=\"933\" data-end=\"1108\">\u00c9 mais do que um suporte.<br data-start=\"958\" data-end=\"961\" \/>\u00c9 uma extens\u00e3o do seu gosto refinado.<br data-start=\"998\" data-end=\"1001\" \/>\u00c9 o ponto de destaque no seu bar, escrit\u00f3rio ou sala de estar.<br data-start=\"1063\" data-end=\"1066\" \/>\u00c9 um presente \u00e0 altura de momentos \u00fanicos.<\/p>\n<hr data-start=\"1110\" data-end=\"1113\" \/>\n<p data-start=\"1115\" data-end=\"1129\">\ud83c\udf81 Ideal para:<\/p>\n<ul data-start=\"1130\" data-end=\"1213\">\n<li data-start=\"1130\" data-end=\"1156\">\n<p data-start=\"1132\" data-end=\"1156\">Apreciadores exigentes<\/p>\n<\/li>\n<li data-start=\"1157\" data-end=\"1183\">\n<p data-start=\"1159\" data-end=\"1183\">Ambientes sofisticados<\/p>\n<\/li>\n<li data-start=\"1184\" data-end=\"1213\">\n<p data-start=\"1186\" data-end=\"1213\">Presentes com significado<\/p>\n<\/li>\n<\/ul>\n<p data-start=\"1215\" data-end=\"1285\">\ud83d\udccc Cada pe\u00e7a \u00e9 feita sob encomenda, com exclusividade e personalidade.<\/p>\n<p data-start=\"1287\" data-end=\"1356\">\ud83d\udda4 <strong data-start=\"1290\" data-end=\"1356\">Sofistica\u00e7\u00e3o n\u00e3o se compra em massa. Ela se imprime, com arte.<\/strong><\/p>\n<p data-start=\"1358\" data-end=\"1483\">#WhiskyComEstilo #DesignExclusivo #Sanfel3D #BarDeLuxo #Impress\u00e3o3DDeAltaPrecis\u00e3o #PresenteRequintado #Charme3D #LuxoCriativo<\/p>\n","protected":false},"excerpt":{"rendered":"<p>\ud83e\udd43 Sofistica\u00e7\u00e3o impressa em cada detalhe. Apresentamos o Suporte para Whisky SANFEL 3D \u2014 uma pe\u00e7a que transcende o funcional e entra no territ\u00f3rio do design e da eleg\u00e2ncia atemporal. Feito em impress\u00e3o 3D de alta precis\u00e3o, cada suporte \u00e9 uma obra de arte que combina estilo e personalidade, pensado para quem aprecia o ritual [&hellip;]<\/p>\n","protected":false},"featured_media":1787,"comment_status":"open","ping_status":"closed","template":"","meta":[],"product_brand":[],"product_cat":[25],"product_tag":[6072,6055,6052],"class_list":{"0":"post-374868","1":"product","2":"type-product","3":"status-publish","4":"has-post-thumbnail","6":"product_cat-home-decor","7":"product_tag-suporte-para-bebidas","8":"product_tag-suporte-para-garrafas","9":"product_tag-whisky","11":"first","12":"onbackorder","13":"taxable","14":"shipping-taxable","15":"purchasable","16":"product-type-simple"},"yoast_head":"<!-- This site is optimized with the Yoast SEO plugin v25.1 - https:\/\/yoast.com\/wordpress\/plugins\/seo\/ -->\n<title>Cosmopolitan - MyStore - By STLFLIX<\/title>\n<meta name=\"robots\" content=\"index, follow, max-snippet:-1, max-image-preview:large, max-video-preview:-1\" \/>\n<link rel=\"canonical\" href=\"https:\/\/my.stlflix.com\/product\/cosmopolitan-684351f482d59\/\" \/>\n<meta property=\"og:locale\" content=\"pt_BR\" \/>\n<meta property=\"og:type\" content=\"article\" \/>\n<meta property=\"og:title\" content=\"Cosmopolitan - MyStore - By STLFLIX\" \/>\n<meta property=\"og:description\" content=\"\ud83e\udd43 Sofistica\u00e7\u00e3o impressa em cada detalhe. Apresentamos o Suporte para Whisky SANFEL 3D \u2014 uma pe\u00e7a que transcende o funcional e entra no territ\u00f3rio do design e da eleg\u00e2ncia atemporal. Feito em impress\u00e3o 3D de alta precis\u00e3o, cada suporte \u00e9 uma obra de arte que combina estilo e personalidade, pensado para quem aprecia o ritual [&hellip;]\" \/>\n<meta property=\"og:url\" content=\"https:\/\/my.stlflix.com\/product\/cosmopolitan-684351f482d59\/\" \/>\n<meta property=\"og:site_name\" content=\"MyStore - By STLFLIX\" \/>\n<meta property=\"article:publisher\" content=\"https:\/\/www.facebook.com\/STLFLIX\" \/>\n<meta property=\"article:modified_time\" content=\"2025-06-09T18:17:01+00:00\" \/>\n<meta property=\"og:image\" content=\"https:\/\/my.stlflix.com\/wp-content\/uploads\/2024\/03\/Cosmopolitan_thumb_39b4eb7d8b.jpg\" \/>\n\t<meta property=\"og:image:width\" content=\"1080\" \/>\n\t<meta property=\"og:image:height\" content=\"1350\" \/>\n\t<meta property=\"og:image:type\" content=\"image\/jpeg\" \/>\n<meta name=\"twitter:card\" content=\"summary_large_image\" \/>\n<meta name=\"twitter:label1\" content=\"Est. reading time\" \/>\n\t<meta name=\"twitter:data1\" content=\"1 minute\" \/>\n<script type=\"application\/ld+json\" class=\"yoast-schema-graph\">{\"@context\":\"https:\/\/schema.org\",\"@graph\":[{\"@type\":\"WebPage\",\"@id\":\"https:\/\/my.stlflix.com\/product\/cosmopolitan-684351f482d59\/\",\"url\":\"https:\/\/my.stlflix.com\/product\/cosmopolitan-684351f482d59\/\",\"name\":\"Cosmopolitan - MyStore - By STLFLIX\",\"isPartOf\":{\"@id\":\"https:\/\/my.stlflix.com\/#website\"},\"primaryImageOfPage\":{\"@id\":\"https:\/\/my.stlflix.com\/product\/cosmopolitan-684351f482d59\/#primaryimage\"},\"image\":{\"@id\":\"https:\/\/my.stlflix.com\/product\/cosmopolitan-684351f482d59\/#primaryimage\"},\"thumbnailUrl\":\"https:\/\/my.stlflix.com\/wp-content\/uploads\/2024\/03\/Cosmopolitan_thumb_39b4eb7d8b.jpg\",\"datePublished\":\"2025-06-06T22:08:01+00:00\",\"dateModified\":\"2025-06-09T18:17:01+00:00\",\"breadcrumb\":{\"@id\":\"https:\/\/my.stlflix.com\/product\/cosmopolitan-684351f482d59\/#breadcrumb\"},\"inLanguage\":\"pt-BR\",\"potentialAction\":[{\"@type\":\"ReadAction\",\"target\":[\"https:\/\/my.stlflix.com\/product\/cosmopolitan-684351f482d59\/\"]}]},{\"@type\":\"ImageObject\",\"inLanguage\":\"pt-BR\",\"@id\":\"https:\/\/my.stlflix.com\/product\/cosmopolitan-684351f482d59\/#primaryimage\",\"url\":\"https:\/\/my.stlflix.com\/wp-content\/uploads\/2024\/03\/Cosmopolitan_thumb_39b4eb7d8b.jpg\",\"contentUrl\":\"https:\/\/my.stlflix.com\/wp-content\/uploads\/2024\/03\/Cosmopolitan_thumb_39b4eb7d8b.jpg\",\"width\":1080,\"height\":1350},{\"@type\":\"BreadcrumbList\",\"@id\":\"https:\/\/my.stlflix.com\/product\/cosmopolitan-684351f482d59\/#breadcrumb\",\"itemListElement\":[{\"@type\":\"ListItem\",\"position\":1,\"name\":\"Home\",\"item\":\"https:\/\/my.stlflix.com\/pt-br\/\"},{\"@type\":\"ListItem\",\"position\":2,\"name\":\"Products\",\"item\":\"https:\/\/www.stlflix-store.com\/shop\/\"},{\"@type\":\"ListItem\",\"position\":3,\"name\":\"Cosmopolitan\"}]},{\"@type\":\"WebSite\",\"@id\":\"https:\/\/my.stlflix.com\/#website\",\"url\":\"https:\/\/my.stlflix.com\/\",\"name\":\"MyStore - By STLFLIX\",\"description\":\"\",\"publisher\":{\"@id\":\"https:\/\/my.stlflix.com\/#organization\"},\"potentialAction\":[{\"@type\":\"SearchAction\",\"target\":{\"@type\":\"EntryPoint\",\"urlTemplate\":\"https:\/\/my.stlflix.com\/?s={search_term_string}\"},\"query-input\":{\"@type\":\"PropertyValueSpecification\",\"valueRequired\":true,\"valueName\":\"search_term_string\"}}],\"inLanguage\":\"pt-BR\"},{\"@type\":\"Organization\",\"@id\":\"https:\/\/my.stlflix.com\/#organization\",\"name\":\"MyStore - By STLFLIX\",\"url\":\"https:\/\/my.stlflix.com\/\",\"logo\":{\"@type\":\"ImageObject\",\"inLanguage\":\"pt-BR\",\"@id\":\"https:\/\/my.stlflix.com\/#\/schema\/logo\/image\/\",\"url\":\"https:\/\/my.stlflix.com\/wp-content\/uploads\/2024\/06\/logo-mystore.png\",\"contentUrl\":\"https:\/\/my.stlflix.com\/wp-content\/uploads\/2024\/06\/logo-mystore.png\",\"width\":150,\"height\":41,\"caption\":\"MyStore - By STLFLIX\"},\"image\":{\"@id\":\"https:\/\/my.stlflix.com\/#\/schema\/logo\/image\/\"},\"sameAs\":[\"https:\/\/www.facebook.com\/STLFLIX\",\"https:\/\/www.instagram.com\/stlflix_\/\",\"https:\/\/www.tiktok.com\/@stlflix\"]}]}<\/script>\n<!-- \/ Yoast SEO plugin. -->","yoast_head_json":{"title":"Cosmopolitan - MyStore - By STLFLIX","robots":{"index":"index","follow":"follow","max-snippet":"max-snippet:-1","max-image-preview":"max-image-preview:large","max-video-preview":"max-video-preview:-1"},"canonical":"https:\/\/my.stlflix.com\/product\/cosmopolitan-684351f482d59\/","og_locale":"pt_BR","og_type":"article","og_title":"Cosmopolitan - MyStore - By STLFLIX","og_description":"\ud83e\udd43 Sofistica\u00e7\u00e3o impressa em cada detalhe. Apresentamos o Suporte para Whisky SANFEL 3D \u2014 uma pe\u00e7a que transcende o funcional e entra no territ\u00f3rio do design e da eleg\u00e2ncia atemporal. Feito em impress\u00e3o 3D de alta precis\u00e3o, cada suporte \u00e9 uma obra de arte que combina estilo e personalidade, pensado para quem aprecia o ritual [&hellip;]","og_url":"https:\/\/my.stlflix.com\/product\/cosmopolitan-684351f482d59\/","og_site_name":"MyStore - By STLFLIX","article_publisher":"https:\/\/www.facebook.com\/STLFLIX","article_modified_time":"2025-06-09T18:17:01+00:00","og_image":[{"width":1080,"height":1350,"url":"https:\/\/my.stlflix.com\/wp-content\/uploads\/2024\/03\/Cosmopolitan_thumb_39b4eb7d8b.jpg","type":"image\/jpeg"}],"twitter_card":"summary_large_image","twitter_misc":{"Est. reading time":"1 minute"},"schema":{"@context":"https:\/\/schema.org","@graph":[{"@type":"WebPage","@id":"https:\/\/my.stlflix.com\/product\/cosmopolitan-684351f482d59\/","url":"https:\/\/my.stlflix.com\/product\/cosmopolitan-684351f482d59\/","name":"Cosmopolitan - MyStore - By STLFLIX","isPartOf":{"@id":"https:\/\/my.stlflix.com\/#website"},"primaryImageOfPage":{"@id":"https:\/\/my.stlflix.com\/product\/cosmopolitan-684351f482d59\/#primaryimage"},"image":{"@id":"https:\/\/my.stlflix.com\/product\/cosmopolitan-684351f482d59\/#primaryimage"},"thumbnailUrl":"https:\/\/my.stlflix.com\/wp-content\/uploads\/2024\/03\/Cosmopolitan_thumb_39b4eb7d8b.jpg","datePublished":"2025-06-06T22:08:01+00:00","dateModified":"2025-06-09T18:17:01+00:00","breadcrumb":{"@id":"https:\/\/my.stlflix.com\/product\/cosmopolitan-684351f482d59\/#breadcrumb"},"inLanguage":"pt-BR","potentialAction":[{"@type":"ReadAction","target":["https:\/\/my.stlflix.com\/product\/cosmopolitan-684351f482d59\/"]}]},{"@type":"ImageObject","inLanguage":"pt-BR","@id":"https:\/\/my.stlflix.com\/product\/cosmopolitan-684351f482d59\/#primaryimage","url":"https:\/\/my.stlflix.com\/wp-content\/uploads\/2024\/03\/Cosmopolitan_thumb_39b4eb7d8b.jpg","contentUrl":"https:\/\/my.stlflix.com\/wp-content\/uploads\/2024\/03\/Cosmopolitan_thumb_39b4eb7d8b.jpg","width":1080,"height":1350},{"@type":"BreadcrumbList","@id":"https:\/\/my.stlflix.com\/product\/cosmopolitan-684351f482d59\/#breadcrumb","itemListElement":[{"@type":"ListItem","position":1,"name":"Home","item":"https:\/\/my.stlflix.com\/pt-br\/"},{"@type":"ListItem","position":2,"name":"Products","item":"https:\/\/www.stlflix-store.com\/shop\/"},{"@type":"ListItem","position":3,"name":"Cosmopolitan"}]},{"@type":"WebSite","@id":"https:\/\/my.stlflix.com\/#website","url":"https:\/\/my.stlflix.com\/","name":"MyStore - By STLFLIX","description":"","publisher":{"@id":"https:\/\/my.stlflix.com\/#organization"},"potentialAction":[{"@type":"SearchAction","target":{"@type":"EntryPoint","urlTemplate":"https:\/\/my.stlflix.com\/?s={search_term_string}"},"query-input":{"@type":"PropertyValueSpecification","valueRequired":true,"valueName":"search_term_string"}}],"inLanguage":"pt-BR"},{"@type":"Organization","@id":"https:\/\/my.stlflix.com\/#organization","name":"MyStore - By STLFLIX","url":"https:\/\/my.stlflix.com\/","logo":{"@type":"ImageObject","inLanguage":"pt-BR","@id":"https:\/\/my.stlflix.com\/#\/schema\/logo\/image\/","url":"https:\/\/my.stlflix.com\/wp-content\/uploads\/2024\/06\/logo-mystore.png","contentUrl":"https:\/\/my.stlflix.com\/wp-content\/uploads\/2024\/06\/logo-mystore.png","width":150,"height":41,"caption":"MyStore - By STLFLIX"},"image":{"@id":"https:\/\/my.stlflix.com\/#\/schema\/logo\/image\/"},"sameAs":["https:\/\/www.facebook.com\/STLFLIX","https:\/\/www.instagram.com\/stlflix_\/","https:\/\/www.tiktok.com\/@stlflix"]}]}},"_links":{"self":[{"href":"https:\/\/my.stlflix.com\/pt-br\/wp-json\/wp\/v2\/product\/374868","targetHints":{"allow":["GET"]}}],"collection":[{"href":"https:\/\/my.stlflix.com\/pt-br\/wp-json\/wp\/v2\/product"}],"about":[{"href":"https:\/\/my.stlflix.com\/pt-br\/wp-json\/wp\/v2\/types\/product"}],"replies":[{"embeddable":true,"href":"https:\/\/my.stlflix.com\/pt-br\/wp-json\/wp\/v2\/comments?post=374868"}],"wp:featuredmedia":[{"embeddable":true,"href":"https:\/\/my.stlflix.com\/pt-br\/wp-json\/wp\/v2\/media\/1787"}],"wp:attachment":[{"href":"https:\/\/my.stlflix.com\/pt-br\/wp-json\/wp\/v2\/media?parent=374868"}],"wp:term":[{"taxonomy":"product_brand","embeddable":true,"href":"https:\/\/my.stlflix.com\/pt-br\/wp-json\/wp\/v2\/product_brand?post=374868"},{"taxonomy":"product_cat","embeddable":true,"href":"https:\/\/my.stlflix.com\/pt-br\/wp-json\/wp\/v2\/product_cat?post=374868"},{"taxonomy":"product_tag","embeddable":true,"href":"https:\/\/my.stlflix.com\/pt-br\/wp-json\/wp\/v2\/product_tag?post=374868"}],"curies":[{"name":"wp","href":"https:\/\/api.w.org\/{rel}","templated":true}]}}