{"id":380525,"date":"2025-06-12T23:24:34","date_gmt":"2025-06-12T23:24:34","guid":{"rendered":"https:\/\/my.stlflix.com\/?post_type=product&#038;p=380525"},"modified":"2025-06-12T23:24:34","modified_gmt":"2025-06-12T23:24:34","slug":"elemental-dragons-684b609134fa0","status":"publish","type":"product","link":"https:\/\/my.stlflix.com\/pt-br\/product\/elemental-dragons-684b609134fa0\/","title":{"rendered":"Drag\u00f5es Elementais &#8211; Conjunto"},"content":{"rendered":"<pre id=\"tw-target-text\" class=\"tw-data-text tw-text-large tw-ta\" dir=\"ltr\" data-placeholder=\"Tradu\u00e7\u00e3o\" data-ved=\"2ahUKEwjG1Kaug-2NAxXlqZUCHUpxL0oQ3ewLegQICRAV\" aria-label=\"Texto traduzido: N\u00e3o nos cansamos de drag\u00f5es. Criaturas fascinantes! Mesmo que n\u00e3o sejam reais. Ou ser\u00e3o? Em um mundo de fantasia povoado por drag\u00f5es e feiticeiros, explorar as maravilhas da imagina\u00e7\u00e3o se torna uma jornada sem fim!\r\n\r\nTerra, Fogo e \u00c1gua. Drag\u00f5es Elementares da STLFLIX\"><span class=\"Y2IQFc\" lang=\"pt\">N\u00e3o nos cansamos de drag\u00f5es. Criaturas fascinantes! Mesmo que n\u00e3o sejam reais. Ou ser\u00e3o? Em um mundo de fantasia povoado por drag\u00f5es e feiticeiros, explorar as maravilhas da imagina\u00e7\u00e3o se torna uma jornada sem fim! \r\nTerra, Fogo e \u00c1gua.<\/span><\/pre>\n","protected":false},"excerpt":{"rendered":"<p>N\u00e3o nos cansamos de drag\u00f5es. Criaturas fascinantes! Mesmo que n\u00e3o sejam reais. Ou ser\u00e3o? Em um mundo de fantasia povoado por drag\u00f5es e feiticeiros, explorar as maravilhas da imagina\u00e7\u00e3o se torna uma jornada sem fim! Terra, Fogo e \u00c1gua.<\/p>\n","protected":false},"featured_media":8361,"comment_status":"open","ping_status":"closed","template":"","meta":[],"product_brand":[],"product_cat":[32],"product_tag":[690],"class_list":{"0":"post-380525","1":"product","2":"type-product","3":"status-publish","4":"has-post-thumbnail","6":"product_cat-dragons-filament","7":"product_tag-brinquedos","9":"first","10":"onbackorder","11":"taxable","12":"shipping-taxable","13":"purchasable","14":"product-type-simple"},"yoast_head":"<!-- This site is optimized with the Yoast SEO plugin v25.1 - https:\/\/yoast.com\/wordpress\/plugins\/seo\/ -->\n<title>Drag\u00f5es Elementais - Conjunto - MyStore - By STLFLIX<\/title>\n<meta name=\"robots\" content=\"index, follow, max-snippet:-1, max-image-preview:large, max-video-preview:-1\" \/>\n<link rel=\"canonical\" href=\"https:\/\/www.monitorstlflix.com\/product\/elemental-dragons-684b609134fa0\/\" \/>\n<meta property=\"og:locale\" content=\"pt_BR\" \/>\n<meta property=\"og:type\" content=\"article\" \/>\n<meta property=\"og:title\" content=\"Drag\u00f5es Elementais - Conjunto - MyStore - By STLFLIX\" \/>\n<meta property=\"og:description\" content=\"N\u00e3o nos cansamos de drag\u00f5es. Criaturas fascinantes! Mesmo que n\u00e3o sejam reais. Ou ser\u00e3o? Em um mundo de fantasia povoado por drag\u00f5es e feiticeiros, explorar as maravilhas da imagina\u00e7\u00e3o se torna uma jornada sem fim! Terra, Fogo e \u00c1gua.\" \/>\n<meta property=\"og:url\" content=\"https:\/\/www.monitorstlflix.com\/product\/elemental-dragons-684b609134fa0\/\" \/>\n<meta property=\"og:site_name\" content=\"MyStore - By STLFLIX\" \/>\n<meta property=\"article:publisher\" content=\"https:\/\/www.facebook.com\/STLFLIX\" \/>\n<meta property=\"og:image\" content=\"https:\/\/www.monitorstlflix.com\/wp-content\/uploads\/2024\/03\/feed_43cd774a59.webp\" \/>\n\t<meta property=\"og:image:width\" content=\"1080\" \/>\n\t<meta property=\"og:image:height\" content=\"1350\" \/>\n\t<meta property=\"og:image:type\" content=\"image\/webp\" \/>\n<meta name=\"twitter:card\" content=\"summary_large_image\" \/>\n<script type=\"application\/ld+json\" class=\"yoast-schema-graph\">{\"@context\":\"https:\/\/schema.org\",\"@graph\":[{\"@type\":\"WebPage\",\"@id\":\"https:\/\/www.monitorstlflix.com\/product\/elemental-dragons-684b609134fa0\/\",\"url\":\"https:\/\/www.monitorstlflix.com\/product\/elemental-dragons-684b609134fa0\/\",\"name\":\"Drag\u00f5es Elementais - Conjunto - MyStore - By STLFLIX\",\"isPartOf\":{\"@id\":\"https:\/\/my.stlflix.com\/tr\/#website\"},\"primaryImageOfPage\":{\"@id\":\"https:\/\/www.monitorstlflix.com\/product\/elemental-dragons-684b609134fa0\/#primaryimage\"},\"image\":{\"@id\":\"https:\/\/www.monitorstlflix.com\/product\/elemental-dragons-684b609134fa0\/#primaryimage\"},\"thumbnailUrl\":\"https:\/\/my.stlflix.com\/wp-content\/uploads\/2024\/03\/feed_43cd774a59.webp\",\"datePublished\":\"2025-06-12T23:24:34+00:00\",\"breadcrumb\":{\"@id\":\"https:\/\/www.monitorstlflix.com\/product\/elemental-dragons-684b609134fa0\/#breadcrumb\"},\"inLanguage\":\"pt-BR\",\"potentialAction\":[{\"@type\":\"ReadAction\",\"target\":[\"https:\/\/www.monitorstlflix.com\/product\/elemental-dragons-684b609134fa0\/\"]}]},{\"@type\":\"ImageObject\",\"inLanguage\":\"pt-BR\",\"@id\":\"https:\/\/www.monitorstlflix.com\/product\/elemental-dragons-684b609134fa0\/#primaryimage\",\"url\":\"https:\/\/my.stlflix.com\/wp-content\/uploads\/2024\/03\/feed_43cd774a59.webp\",\"contentUrl\":\"https:\/\/my.stlflix.com\/wp-content\/uploads\/2024\/03\/feed_43cd774a59.webp\",\"width\":1080,\"height\":1350},{\"@type\":\"BreadcrumbList\",\"@id\":\"https:\/\/www.monitorstlflix.com\/product\/elemental-dragons-684b609134fa0\/#breadcrumb\",\"itemListElement\":[{\"@type\":\"ListItem\",\"position\":1,\"name\":\"Home\",\"item\":\"https:\/\/my.stlflix.com\/pt-br\/\"},{\"@type\":\"ListItem\",\"position\":2,\"name\":\"Products\",\"item\":\"https:\/\/my.stlflix.com\/fr\/shop\/\"},{\"@type\":\"ListItem\",\"position\":3,\"name\":\"Drag\u00f5es Elementais &#8211; Conjunto\"}]},{\"@type\":\"WebSite\",\"@id\":\"https:\/\/my.stlflix.com\/tr\/#website\",\"url\":\"https:\/\/my.stlflix.com\/tr\/\",\"name\":\"MyStore - By STLFLIX\",\"description\":\"\",\"publisher\":{\"@id\":\"https:\/\/my.stlflix.com\/tr\/#organization\"},\"potentialAction\":[{\"@type\":\"SearchAction\",\"target\":{\"@type\":\"EntryPoint\",\"urlTemplate\":\"https:\/\/my.stlflix.com\/tr\/?s={search_term_string}\"},\"query-input\":{\"@type\":\"PropertyValueSpecification\",\"valueRequired\":true,\"valueName\":\"search_term_string\"}}],\"inLanguage\":\"pt-BR\"},{\"@type\":\"Organization\",\"@id\":\"https:\/\/my.stlflix.com\/tr\/#organization\",\"name\":\"MyStore - By STLFLIX\",\"url\":\"https:\/\/my.stlflix.com\/tr\/\",\"logo\":{\"@type\":\"ImageObject\",\"inLanguage\":\"pt-BR\",\"@id\":\"https:\/\/my.stlflix.com\/tr\/#\/schema\/logo\/image\/\",\"url\":\"https:\/\/my.stlflix.com\/wp-content\/uploads\/2024\/06\/logo-mystore.png\",\"contentUrl\":\"https:\/\/my.stlflix.com\/wp-content\/uploads\/2024\/06\/logo-mystore.png\",\"width\":150,\"height\":41,\"caption\":\"MyStore - By STLFLIX\"},\"image\":{\"@id\":\"https:\/\/my.stlflix.com\/tr\/#\/schema\/logo\/image\/\"},\"sameAs\":[\"https:\/\/www.facebook.com\/STLFLIX\",\"https:\/\/www.instagram.com\/stlflix_\/\",\"https:\/\/www.tiktok.com\/@stlflix\"]}]}<\/script>\n<!-- \/ Yoast SEO plugin. -->","yoast_head_json":{"title":"Drag\u00f5es Elementais - Conjunto - MyStore - By STLFLIX","robots":{"index":"index","follow":"follow","max-snippet":"max-snippet:-1","max-image-preview":"max-image-preview:large","max-video-preview":"max-video-preview:-1"},"canonical":"https:\/\/www.monitorstlflix.com\/product\/elemental-dragons-684b609134fa0\/","og_locale":"pt_BR","og_type":"article","og_title":"Drag\u00f5es Elementais - Conjunto - MyStore - By STLFLIX","og_description":"N\u00e3o nos cansamos de drag\u00f5es. Criaturas fascinantes! Mesmo que n\u00e3o sejam reais. Ou ser\u00e3o? Em um mundo de fantasia povoado por drag\u00f5es e feiticeiros, explorar as maravilhas da imagina\u00e7\u00e3o se torna uma jornada sem fim! Terra, Fogo e \u00c1gua.","og_url":"https:\/\/www.monitorstlflix.com\/product\/elemental-dragons-684b609134fa0\/","og_site_name":"MyStore - By STLFLIX","article_publisher":"https:\/\/www.facebook.com\/STLFLIX","og_image":[{"width":1080,"height":1350,"url":"https:\/\/www.monitorstlflix.com\/wp-content\/uploads\/2024\/03\/feed_43cd774a59.webp","type":"image\/webp"}],"twitter_card":"summary_large_image","schema":{"@context":"https:\/\/schema.org","@graph":[{"@type":"WebPage","@id":"https:\/\/www.monitorstlflix.com\/product\/elemental-dragons-684b609134fa0\/","url":"https:\/\/www.monitorstlflix.com\/product\/elemental-dragons-684b609134fa0\/","name":"Drag\u00f5es Elementais - Conjunto - MyStore - By STLFLIX","isPartOf":{"@id":"https:\/\/my.stlflix.com\/tr\/#website"},"primaryImageOfPage":{"@id":"https:\/\/www.monitorstlflix.com\/product\/elemental-dragons-684b609134fa0\/#primaryimage"},"image":{"@id":"https:\/\/www.monitorstlflix.com\/product\/elemental-dragons-684b609134fa0\/#primaryimage"},"thumbnailUrl":"https:\/\/my.stlflix.com\/wp-content\/uploads\/2024\/03\/feed_43cd774a59.webp","datePublished":"2025-06-12T23:24:34+00:00","breadcrumb":{"@id":"https:\/\/www.monitorstlflix.com\/product\/elemental-dragons-684b609134fa0\/#breadcrumb"},"inLanguage":"pt-BR","potentialAction":[{"@type":"ReadAction","target":["https:\/\/www.monitorstlflix.com\/product\/elemental-dragons-684b609134fa0\/"]}]},{"@type":"ImageObject","inLanguage":"pt-BR","@id":"https:\/\/www.monitorstlflix.com\/product\/elemental-dragons-684b609134fa0\/#primaryimage","url":"https:\/\/my.stlflix.com\/wp-content\/uploads\/2024\/03\/feed_43cd774a59.webp","contentUrl":"https:\/\/my.stlflix.com\/wp-content\/uploads\/2024\/03\/feed_43cd774a59.webp","width":1080,"height":1350},{"@type":"BreadcrumbList","@id":"https:\/\/www.monitorstlflix.com\/product\/elemental-dragons-684b609134fa0\/#breadcrumb","itemListElement":[{"@type":"ListItem","position":1,"name":"Home","item":"https:\/\/my.stlflix.com\/pt-br\/"},{"@type":"ListItem","position":2,"name":"Products","item":"https:\/\/my.stlflix.com\/fr\/shop\/"},{"@type":"ListItem","position":3,"name":"Drag\u00f5es Elementais &#8211; Conjunto"}]},{"@type":"WebSite","@id":"https:\/\/my.stlflix.com\/tr\/#website","url":"https:\/\/my.stlflix.com\/tr\/","name":"MyStore - By STLFLIX","description":"","publisher":{"@id":"https:\/\/my.stlflix.com\/tr\/#organization"},"potentialAction":[{"@type":"SearchAction","target":{"@type":"EntryPoint","urlTemplate":"https:\/\/my.stlflix.com\/tr\/?s={search_term_string}"},"query-input":{"@type":"PropertyValueSpecification","valueRequired":true,"valueName":"search_term_string"}}],"inLanguage":"pt-BR"},{"@type":"Organization","@id":"https:\/\/my.stlflix.com\/tr\/#organization","name":"MyStore - By STLFLIX","url":"https:\/\/my.stlflix.com\/tr\/","logo":{"@type":"ImageObject","inLanguage":"pt-BR","@id":"https:\/\/my.stlflix.com\/tr\/#\/schema\/logo\/image\/","url":"https:\/\/my.stlflix.com\/wp-content\/uploads\/2024\/06\/logo-mystore.png","contentUrl":"https:\/\/my.stlflix.com\/wp-content\/uploads\/2024\/06\/logo-mystore.png","width":150,"height":41,"caption":"MyStore - By STLFLIX"},"image":{"@id":"https:\/\/my.stlflix.com\/tr\/#\/schema\/logo\/image\/"},"sameAs":["https:\/\/www.facebook.com\/STLFLIX","https:\/\/www.instagram.com\/stlflix_\/","https:\/\/www.tiktok.com\/@stlflix"]}]}},"_links":{"self":[{"href":"https:\/\/my.stlflix.com\/pt-br\/wp-json\/wp\/v2\/product\/380525","targetHints":{"allow":["GET"]}}],"collection":[{"href":"https:\/\/my.stlflix.com\/pt-br\/wp-json\/wp\/v2\/product"}],"about":[{"href":"https:\/\/my.stlflix.com\/pt-br\/wp-json\/wp\/v2\/types\/product"}],"replies":[{"embeddable":true,"href":"https:\/\/my.stlflix.com\/pt-br\/wp-json\/wp\/v2\/comments?post=380525"}],"wp:featuredmedia":[{"embeddable":true,"href":"https:\/\/my.stlflix.com\/pt-br\/wp-json\/wp\/v2\/media\/8361"}],"wp:attachment":[{"href":"https:\/\/my.stlflix.com\/pt-br\/wp-json\/wp\/v2\/media?parent=380525"}],"wp:term":[{"taxonomy":"product_brand","embeddable":true,"href":"https:\/\/my.stlflix.com\/pt-br\/wp-json\/wp\/v2\/product_brand?post=380525"},{"taxonomy":"product_cat","embeddable":true,"href":"https:\/\/my.stlflix.com\/pt-br\/wp-json\/wp\/v2\/product_cat?post=380525"},{"taxonomy":"product_tag","embeddable":true,"href":"https:\/\/my.stlflix.com\/pt-br\/wp-json\/wp\/v2\/product_tag?post=380525"}],"curies":[{"name":"wp","href":"https:\/\/api.w.org\/{rel}","templated":true}]}}