{"id":388903,"date":"2025-06-24T17:07:40","date_gmt":"2025-06-24T17:07:40","guid":{"rendered":"https:\/\/my.stlflix.com\/?post_type=product&#038;p=388903"},"modified":"2025-06-24T17:16:02","modified_gmt":"2025-06-24T17:16:02","slug":"boneco-dummy-13","status":"publish","type":"product","link":"https:\/\/my.stlflix.com\/pt-br\/product\/boneco-dummy-13\/","title":{"rendered":"Boneco Dummy 13"},"content":{"rendered":"<p>Dummy 13, o famoso boneco de testes, agora em vers\u00e3o 3D impressa com 13 cm de altura usando material PLA biodegrad\u00e1vel, ecol\u00f3gico e dur\u00e1vel!<\/p>\n<p>\ud83d\udd27 Especifica\u00e7\u00f5es:<br \/>\n\ud83d\udccf Altura: 13 cm<br \/>\n\u267b Material: PLA biodegrad\u00e1vel (amigo do meio ambiente)<br \/>\n\ud83d\udd90 Impress\u00e3o de alta qualidade<br \/>\n\ud83c\udf81 Ideal para colecionadores, decora\u00e7\u00e3o geek ou uso em dioramas, at\u00e9 mesmo um modelo de poses para suas artes.<\/p>\n<p>\ud83d\udd25 Um item \u00fanico e divertido que vai dar um toque criativo \u00e0 sua mesa ou prateleira! Dispon\u00edvel em v\u00e1rias cores e acess\u00f3rios<\/p>\n<p>\u2699 Produzido sob demanda. Garanta j\u00e1\u00a0o\u00a0seu\u00a0Dummy\u00a013!<\/p>\n","protected":false},"excerpt":{"rendered":"<p>Dummy 13, o famoso boneco de testes, agora em vers\u00e3o 3D impressa com 13 cm de altura usando material PLA biodegrad\u00e1vel, ecol\u00f3gico e dur\u00e1vel! \ud83d\udd27 Especifica\u00e7\u00f5es: \ud83d\udccf Altura: 13 cm \u267b Material: PLA biodegrad\u00e1vel (amigo do meio ambiente) \ud83d\udd90 Impress\u00e3o de alta qualidade \ud83c\udf81 Ideal para colecionadores, decora\u00e7\u00e3o geek ou uso em dioramas, at\u00e9 mesmo [&hellip;]<\/p>\n","protected":false},"featured_media":388904,"comment_status":"open","ping_status":"closed","template":"","meta":[],"product_brand":[],"product_cat":[15],"product_tag":[4026,5781],"class_list":{"0":"post-388903","1":"product","2":"type-product","3":"status-publish","4":"has-post-thumbnail","6":"product_cat-uncategorized","7":"product_tag-articulated-2","8":"product_tag-articulated-toys-2","10":"first","11":"instock","12":"sale","13":"shipping-taxable","14":"purchasable","15":"product-type-simple"},"yoast_head":"<!-- This site is optimized with the Yoast SEO plugin v25.1 - https:\/\/yoast.com\/wordpress\/plugins\/seo\/ -->\n<title>Boneco Dummy 13 - MyStore - By STLFLIX<\/title>\n<meta name=\"robots\" content=\"index, follow, max-snippet:-1, max-image-preview:large, max-video-preview:-1\" \/>\n<link rel=\"canonical\" href=\"https:\/\/www.testeminhalojamandela.biz\/product\/boneco-dummy-13\/\" \/>\n<meta property=\"og:locale\" content=\"pt_BR\" \/>\n<meta property=\"og:type\" content=\"article\" \/>\n<meta property=\"og:title\" content=\"Boneco Dummy 13 - MyStore - By STLFLIX\" \/>\n<meta property=\"og:description\" content=\"Dummy 13, o famoso boneco de testes, agora em vers\u00e3o 3D impressa com 13 cm de altura usando material PLA biodegrad\u00e1vel, ecol\u00f3gico e dur\u00e1vel! \ud83d\udd27 Especifica\u00e7\u00f5es: \ud83d\udccf Altura: 13 cm \u267b Material: PLA biodegrad\u00e1vel (amigo do meio ambiente) \ud83d\udd90 Impress\u00e3o de alta qualidade \ud83c\udf81 Ideal para colecionadores, decora\u00e7\u00e3o geek ou uso em dioramas, at\u00e9 mesmo [&hellip;]\" \/>\n<meta property=\"og:url\" content=\"https:\/\/www.testeminhalojamandela.biz\/product\/boneco-dummy-13\/\" \/>\n<meta property=\"og:site_name\" content=\"MyStore - By STLFLIX\" \/>\n<meta property=\"article:publisher\" content=\"https:\/\/www.facebook.com\/STLFLIX\" \/>\n<meta property=\"article:modified_time\" content=\"2025-06-24T17:16:02+00:00\" \/>\n<meta property=\"og:image\" content=\"https:\/\/www.testeminhalojamandela.biz\/wp-content\/uploads\/2025\/06\/Pink-Black-Photocentric-Neon-Tech-Talk-Podcast-Instagram-Post-2.png\" \/>\n\t<meta property=\"og:image:width\" content=\"1080\" \/>\n\t<meta property=\"og:image:height\" content=\"1080\" \/>\n\t<meta property=\"og:image:type\" content=\"image\/png\" \/>\n<meta name=\"twitter:card\" content=\"summary_large_image\" \/>\n<script type=\"application\/ld+json\" class=\"yoast-schema-graph\">{\"@context\":\"https:\/\/schema.org\",\"@graph\":[{\"@type\":\"WebPage\",\"@id\":\"https:\/\/www.testeminhalojamandela.biz\/product\/boneco-dummy-13\/\",\"url\":\"https:\/\/www.testeminhalojamandela.biz\/product\/boneco-dummy-13\/\",\"name\":\"Boneco Dummy 13 - MyStore - By STLFLIX\",\"isPartOf\":{\"@id\":\"https:\/\/my.stlflix.com\/tr\/#website\"},\"primaryImageOfPage\":{\"@id\":\"https:\/\/www.testeminhalojamandela.biz\/product\/boneco-dummy-13\/#primaryimage\"},\"image\":{\"@id\":\"https:\/\/www.testeminhalojamandela.biz\/product\/boneco-dummy-13\/#primaryimage\"},\"thumbnailUrl\":\"https:\/\/my.stlflix.com\/wp-content\/uploads\/2025\/06\/Pink-Black-Photocentric-Neon-Tech-Talk-Podcast-Instagram-Post-2.png\",\"datePublished\":\"2025-06-24T17:07:40+00:00\",\"dateModified\":\"2025-06-24T17:16:02+00:00\",\"breadcrumb\":{\"@id\":\"https:\/\/www.testeminhalojamandela.biz\/product\/boneco-dummy-13\/#breadcrumb\"},\"inLanguage\":\"pt-BR\",\"potentialAction\":[{\"@type\":\"ReadAction\",\"target\":[\"https:\/\/www.testeminhalojamandela.biz\/product\/boneco-dummy-13\/\"]}]},{\"@type\":\"ImageObject\",\"inLanguage\":\"pt-BR\",\"@id\":\"https:\/\/www.testeminhalojamandela.biz\/product\/boneco-dummy-13\/#primaryimage\",\"url\":\"https:\/\/my.stlflix.com\/wp-content\/uploads\/2025\/06\/Pink-Black-Photocentric-Neon-Tech-Talk-Podcast-Instagram-Post-2.png\",\"contentUrl\":\"https:\/\/my.stlflix.com\/wp-content\/uploads\/2025\/06\/Pink-Black-Photocentric-Neon-Tech-Talk-Podcast-Instagram-Post-2.png\",\"width\":1080,\"height\":1080,\"caption\":\"\ud83e\uddea\ud83d\udca5 Boneco Dummy 13 \u2013 direto dos testes mais insanos para sua cole\u00e7\u00e3o! \ud83d\udca5\ud83e\uddea\"},{\"@type\":\"BreadcrumbList\",\"@id\":\"https:\/\/www.testeminhalojamandela.biz\/product\/boneco-dummy-13\/#breadcrumb\",\"itemListElement\":[{\"@type\":\"ListItem\",\"position\":1,\"name\":\"Home\",\"item\":\"https:\/\/my.stlflix.com\/pt-br\/\"},{\"@type\":\"ListItem\",\"position\":2,\"name\":\"Products\",\"item\":\"https:\/\/my.stlflix.com\/fr\/shop\/\"},{\"@type\":\"ListItem\",\"position\":3,\"name\":\"Boneco Dummy 13\"}]},{\"@type\":\"WebSite\",\"@id\":\"https:\/\/my.stlflix.com\/tr\/#website\",\"url\":\"https:\/\/my.stlflix.com\/tr\/\",\"name\":\"MyStore - By STLFLIX\",\"description\":\"\",\"publisher\":{\"@id\":\"https:\/\/my.stlflix.com\/tr\/#organization\"},\"potentialAction\":[{\"@type\":\"SearchAction\",\"target\":{\"@type\":\"EntryPoint\",\"urlTemplate\":\"https:\/\/my.stlflix.com\/tr\/?s={search_term_string}\"},\"query-input\":{\"@type\":\"PropertyValueSpecification\",\"valueRequired\":true,\"valueName\":\"search_term_string\"}}],\"inLanguage\":\"pt-BR\"},{\"@type\":\"Organization\",\"@id\":\"https:\/\/my.stlflix.com\/tr\/#organization\",\"name\":\"MyStore - By STLFLIX\",\"url\":\"https:\/\/my.stlflix.com\/tr\/\",\"logo\":{\"@type\":\"ImageObject\",\"inLanguage\":\"pt-BR\",\"@id\":\"https:\/\/my.stlflix.com\/tr\/#\/schema\/logo\/image\/\",\"url\":\"https:\/\/my.stlflix.com\/wp-content\/uploads\/2024\/06\/logo-mystore.png\",\"contentUrl\":\"https:\/\/my.stlflix.com\/wp-content\/uploads\/2024\/06\/logo-mystore.png\",\"width\":150,\"height\":41,\"caption\":\"MyStore - By STLFLIX\"},\"image\":{\"@id\":\"https:\/\/my.stlflix.com\/tr\/#\/schema\/logo\/image\/\"},\"sameAs\":[\"https:\/\/www.facebook.com\/STLFLIX\",\"https:\/\/www.instagram.com\/stlflix_\/\",\"https:\/\/www.tiktok.com\/@stlflix\"]}]}<\/script>\n<!-- \/ Yoast SEO plugin. -->","yoast_head_json":{"title":"Boneco Dummy 13 - MyStore - By STLFLIX","robots":{"index":"index","follow":"follow","max-snippet":"max-snippet:-1","max-image-preview":"max-image-preview:large","max-video-preview":"max-video-preview:-1"},"canonical":"https:\/\/www.testeminhalojamandela.biz\/product\/boneco-dummy-13\/","og_locale":"pt_BR","og_type":"article","og_title":"Boneco Dummy 13 - MyStore - By STLFLIX","og_description":"Dummy 13, o famoso boneco de testes, agora em vers\u00e3o 3D impressa com 13 cm de altura usando material PLA biodegrad\u00e1vel, ecol\u00f3gico e dur\u00e1vel! \ud83d\udd27 Especifica\u00e7\u00f5es: \ud83d\udccf Altura: 13 cm \u267b Material: PLA biodegrad\u00e1vel (amigo do meio ambiente) \ud83d\udd90 Impress\u00e3o de alta qualidade \ud83c\udf81 Ideal para colecionadores, decora\u00e7\u00e3o geek ou uso em dioramas, at\u00e9 mesmo [&hellip;]","og_url":"https:\/\/www.testeminhalojamandela.biz\/product\/boneco-dummy-13\/","og_site_name":"MyStore - By STLFLIX","article_publisher":"https:\/\/www.facebook.com\/STLFLIX","article_modified_time":"2025-06-24T17:16:02+00:00","og_image":[{"width":1080,"height":1080,"url":"https:\/\/www.testeminhalojamandela.biz\/wp-content\/uploads\/2025\/06\/Pink-Black-Photocentric-Neon-Tech-Talk-Podcast-Instagram-Post-2.png","type":"image\/png"}],"twitter_card":"summary_large_image","schema":{"@context":"https:\/\/schema.org","@graph":[{"@type":"WebPage","@id":"https:\/\/www.testeminhalojamandela.biz\/product\/boneco-dummy-13\/","url":"https:\/\/www.testeminhalojamandela.biz\/product\/boneco-dummy-13\/","name":"Boneco Dummy 13 - MyStore - By STLFLIX","isPartOf":{"@id":"https:\/\/my.stlflix.com\/tr\/#website"},"primaryImageOfPage":{"@id":"https:\/\/www.testeminhalojamandela.biz\/product\/boneco-dummy-13\/#primaryimage"},"image":{"@id":"https:\/\/www.testeminhalojamandela.biz\/product\/boneco-dummy-13\/#primaryimage"},"thumbnailUrl":"https:\/\/my.stlflix.com\/wp-content\/uploads\/2025\/06\/Pink-Black-Photocentric-Neon-Tech-Talk-Podcast-Instagram-Post-2.png","datePublished":"2025-06-24T17:07:40+00:00","dateModified":"2025-06-24T17:16:02+00:00","breadcrumb":{"@id":"https:\/\/www.testeminhalojamandela.biz\/product\/boneco-dummy-13\/#breadcrumb"},"inLanguage":"pt-BR","potentialAction":[{"@type":"ReadAction","target":["https:\/\/www.testeminhalojamandela.biz\/product\/boneco-dummy-13\/"]}]},{"@type":"ImageObject","inLanguage":"pt-BR","@id":"https:\/\/www.testeminhalojamandela.biz\/product\/boneco-dummy-13\/#primaryimage","url":"https:\/\/my.stlflix.com\/wp-content\/uploads\/2025\/06\/Pink-Black-Photocentric-Neon-Tech-Talk-Podcast-Instagram-Post-2.png","contentUrl":"https:\/\/my.stlflix.com\/wp-content\/uploads\/2025\/06\/Pink-Black-Photocentric-Neon-Tech-Talk-Podcast-Instagram-Post-2.png","width":1080,"height":1080,"caption":"\ud83e\uddea\ud83d\udca5 Boneco Dummy 13 \u2013 direto dos testes mais insanos para sua cole\u00e7\u00e3o! \ud83d\udca5\ud83e\uddea"},{"@type":"BreadcrumbList","@id":"https:\/\/www.testeminhalojamandela.biz\/product\/boneco-dummy-13\/#breadcrumb","itemListElement":[{"@type":"ListItem","position":1,"name":"Home","item":"https:\/\/my.stlflix.com\/pt-br\/"},{"@type":"ListItem","position":2,"name":"Products","item":"https:\/\/my.stlflix.com\/fr\/shop\/"},{"@type":"ListItem","position":3,"name":"Boneco Dummy 13"}]},{"@type":"WebSite","@id":"https:\/\/my.stlflix.com\/tr\/#website","url":"https:\/\/my.stlflix.com\/tr\/","name":"MyStore - By STLFLIX","description":"","publisher":{"@id":"https:\/\/my.stlflix.com\/tr\/#organization"},"potentialAction":[{"@type":"SearchAction","target":{"@type":"EntryPoint","urlTemplate":"https:\/\/my.stlflix.com\/tr\/?s={search_term_string}"},"query-input":{"@type":"PropertyValueSpecification","valueRequired":true,"valueName":"search_term_string"}}],"inLanguage":"pt-BR"},{"@type":"Organization","@id":"https:\/\/my.stlflix.com\/tr\/#organization","name":"MyStore - By STLFLIX","url":"https:\/\/my.stlflix.com\/tr\/","logo":{"@type":"ImageObject","inLanguage":"pt-BR","@id":"https:\/\/my.stlflix.com\/tr\/#\/schema\/logo\/image\/","url":"https:\/\/my.stlflix.com\/wp-content\/uploads\/2024\/06\/logo-mystore.png","contentUrl":"https:\/\/my.stlflix.com\/wp-content\/uploads\/2024\/06\/logo-mystore.png","width":150,"height":41,"caption":"MyStore - By STLFLIX"},"image":{"@id":"https:\/\/my.stlflix.com\/tr\/#\/schema\/logo\/image\/"},"sameAs":["https:\/\/www.facebook.com\/STLFLIX","https:\/\/www.instagram.com\/stlflix_\/","https:\/\/www.tiktok.com\/@stlflix"]}]}},"_links":{"self":[{"href":"https:\/\/my.stlflix.com\/pt-br\/wp-json\/wp\/v2\/product\/388903","targetHints":{"allow":["GET"]}}],"collection":[{"href":"https:\/\/my.stlflix.com\/pt-br\/wp-json\/wp\/v2\/product"}],"about":[{"href":"https:\/\/my.stlflix.com\/pt-br\/wp-json\/wp\/v2\/types\/product"}],"replies":[{"embeddable":true,"href":"https:\/\/my.stlflix.com\/pt-br\/wp-json\/wp\/v2\/comments?post=388903"}],"wp:featuredmedia":[{"embeddable":true,"href":"https:\/\/my.stlflix.com\/pt-br\/wp-json\/wp\/v2\/media\/388904"}],"wp:attachment":[{"href":"https:\/\/my.stlflix.com\/pt-br\/wp-json\/wp\/v2\/media?parent=388903"}],"wp:term":[{"taxonomy":"product_brand","embeddable":true,"href":"https:\/\/my.stlflix.com\/pt-br\/wp-json\/wp\/v2\/product_brand?post=388903"},{"taxonomy":"product_cat","embeddable":true,"href":"https:\/\/my.stlflix.com\/pt-br\/wp-json\/wp\/v2\/product_cat?post=388903"},{"taxonomy":"product_tag","embeddable":true,"href":"https:\/\/my.stlflix.com\/pt-br\/wp-json\/wp\/v2\/product_tag?post=388903"}],"curies":[{"name":"wp","href":"https:\/\/api.w.org\/{rel}","templated":true}]}}