{"id":395676,"date":"2025-06-30T23:14:16","date_gmt":"2025-06-30T23:14:16","guid":{"rendered":"https:\/\/my.stlflix.com\/?post_type=product&#038;p=395676"},"modified":"2025-07-01T17:56:05","modified_gmt":"2025-07-01T17:56:05","slug":"pat-the-cat-6863050b02f71","status":"publish","type":"product","link":"https:\/\/my.stlflix.com\/pt-br\/product\/pat-the-cat-6863050b02f71\/","title":{"rendered":"Pat, the Cat (Gatinho articulado)"},"content":{"rendered":"<h3 data-start=\"161\" data-end=\"220\">\ud83d\udc3e Chaveiro Articulado Gatinho \u2013 Feito em Impressora 3D<\/h3>\n<p data-start=\"222\" data-end=\"406\">Encante-se com o nosso ador\u00e1vel <strong data-start=\"254\" data-end=\"288\">chaveiro de gatinho articulado<\/strong>, produzido com <strong data-start=\"304\" data-end=\"337\">impress\u00e3o 3D de alta precis\u00e3o<\/strong>! Um mimo perfeito para quem ama gatos, itens criativos e exclusivos.<\/p>\n<p data-start=\"408\" data-end=\"708\">\ud83d\ude3b <strong data-start=\"411\" data-end=\"440\">Articula\u00e7\u00f5es que se movem<\/strong>: o gatinho deita, se estica e acompanha seus movimentos!<br data-start=\"497\" data-end=\"500\" \/>\ud83c\udfa8 Produzido em <strong data-start=\"516\" data-end=\"558\">cores vibrantes e acabamento detalhado<\/strong><br data-start=\"558\" data-end=\"561\" \/>\ud83d\udd90\ufe0f Feito com material PLA biodegrad\u00e1vel e resistente<br data-start=\"614\" data-end=\"617\" \/>\ud83d\udccf Tamanho ideal para chaveiros, mochilas ou decora\u00e7\u00e3o de mesa<br data-start=\"679\" data-end=\"682\" \/>\ud83c\udf81 \u00d3tima op\u00e7\u00e3o de presente<\/p>\n<p data-start=\"710\" data-end=\"808\">\ud83d\udee0\ufe0f Produto artesanal feito com carinho pela <strong data-start=\"755\" data-end=\"771\">FT Vision 3D<\/strong> \u2013 Transformando ideias em realidade.<\/p>\n","protected":false},"excerpt":{"rendered":"<p>\ud83d\udc3e Chaveiro Articulado Gatinho \u2013 Feito em Impressora 3D Encante-se com o nosso ador\u00e1vel chaveiro de gatinho articulado, produzido com impress\u00e3o 3D de alta precis\u00e3o! Um mimo perfeito para quem ama gatos, itens criativos e exclusivos. \ud83d\ude3b Articula\u00e7\u00f5es que se movem: o gatinho deita, se estica e acompanha seus movimentos!\ud83c\udfa8 Produzido em cores vibrantes e [&hellip;]<\/p>\n","protected":false},"featured_media":385475,"comment_status":"open","ping_status":"closed","template":"","meta":[],"product_brand":[],"product_cat":[15],"product_tag":[4026],"class_list":{"0":"post-395676","1":"product","2":"type-product","3":"status-publish","4":"has-post-thumbnail","6":"product_cat-uncategorized","7":"product_tag-articulated-2","9":"first","10":"instock","11":"sale","12":"taxable","13":"shipping-taxable","14":"purchasable","15":"product-type-simple"},"yoast_head":"<!-- This site is optimized with the Yoast SEO plugin v25.1 - https:\/\/yoast.com\/wordpress\/plugins\/seo\/ -->\n<title>Pat, the Cat (Gatinho articulado) - MyStore - By STLFLIX<\/title>\n<meta name=\"robots\" content=\"index, follow, max-snippet:-1, max-image-preview:large, max-video-preview:-1\" \/>\n<link rel=\"canonical\" href=\"https:\/\/www.lojadomandela3d.biz\/product\/pat-the-cat-6863050b02f71\/\" \/>\n<meta property=\"og:locale\" content=\"pt_BR\" \/>\n<meta property=\"og:type\" content=\"article\" \/>\n<meta property=\"og:title\" content=\"Pat, the Cat (Gatinho articulado) - MyStore - By STLFLIX\" \/>\n<meta property=\"og:description\" content=\"\ud83d\udc3e Chaveiro Articulado Gatinho \u2013 Feito em Impressora 3D Encante-se com o nosso ador\u00e1vel chaveiro de gatinho articulado, produzido com impress\u00e3o 3D de alta precis\u00e3o! Um mimo perfeito para quem ama gatos, itens criativos e exclusivos. \ud83d\ude3b Articula\u00e7\u00f5es que se movem: o gatinho deita, se estica e acompanha seus movimentos!\ud83c\udfa8 Produzido em cores vibrantes e [&hellip;]\" \/>\n<meta property=\"og:url\" content=\"https:\/\/www.lojadomandela3d.biz\/product\/pat-the-cat-6863050b02f71\/\" \/>\n<meta property=\"og:site_name\" content=\"MyStore - By STLFLIX\" \/>\n<meta property=\"article:publisher\" content=\"https:\/\/www.facebook.com\/STLFLIX\" \/>\n<meta property=\"article:modified_time\" content=\"2025-07-01T17:56:05+00:00\" \/>\n<meta property=\"og:image\" content=\"https:\/\/www.lojadomandela3d.biz\/wp-content\/uploads\/2025\/06\/Pat_the_Catthumb_132b82c194.png\" \/>\n\t<meta property=\"og:image:width\" content=\"1080\" \/>\n\t<meta property=\"og:image:height\" content=\"1350\" \/>\n\t<meta property=\"og:image:type\" content=\"image\/png\" \/>\n<meta name=\"twitter:card\" content=\"summary_large_image\" \/>\n<script type=\"application\/ld+json\" class=\"yoast-schema-graph\">{\"@context\":\"https:\/\/schema.org\",\"@graph\":[{\"@type\":\"WebPage\",\"@id\":\"https:\/\/www.lojadomandela3d.biz\/product\/pat-the-cat-6863050b02f71\/\",\"url\":\"https:\/\/www.lojadomandela3d.biz\/product\/pat-the-cat-6863050b02f71\/\",\"name\":\"Pat, the Cat (Gatinho articulado) - MyStore - By STLFLIX\",\"isPartOf\":{\"@id\":\"https:\/\/my.stlflix.com\/tr\/#website\"},\"primaryImageOfPage\":{\"@id\":\"https:\/\/www.lojadomandela3d.biz\/product\/pat-the-cat-6863050b02f71\/#primaryimage\"},\"image\":{\"@id\":\"https:\/\/www.lojadomandela3d.biz\/product\/pat-the-cat-6863050b02f71\/#primaryimage\"},\"thumbnailUrl\":\"https:\/\/my.stlflix.com\/wp-content\/uploads\/2025\/06\/Pat_the_Catthumb_132b82c194.png\",\"datePublished\":\"2025-06-30T23:14:16+00:00\",\"dateModified\":\"2025-07-01T17:56:05+00:00\",\"breadcrumb\":{\"@id\":\"https:\/\/www.lojadomandela3d.biz\/product\/pat-the-cat-6863050b02f71\/#breadcrumb\"},\"inLanguage\":\"pt-BR\",\"potentialAction\":[{\"@type\":\"ReadAction\",\"target\":[\"https:\/\/www.lojadomandela3d.biz\/product\/pat-the-cat-6863050b02f71\/\"]}]},{\"@type\":\"ImageObject\",\"inLanguage\":\"pt-BR\",\"@id\":\"https:\/\/www.lojadomandela3d.biz\/product\/pat-the-cat-6863050b02f71\/#primaryimage\",\"url\":\"https:\/\/my.stlflix.com\/wp-content\/uploads\/2025\/06\/Pat_the_Catthumb_132b82c194.png\",\"contentUrl\":\"https:\/\/my.stlflix.com\/wp-content\/uploads\/2025\/06\/Pat_the_Catthumb_132b82c194.png\",\"width\":1080,\"height\":1350},{\"@type\":\"BreadcrumbList\",\"@id\":\"https:\/\/www.lojadomandela3d.biz\/product\/pat-the-cat-6863050b02f71\/#breadcrumb\",\"itemListElement\":[{\"@type\":\"ListItem\",\"position\":1,\"name\":\"Home\",\"item\":\"https:\/\/my.stlflix.com\/pt-br\/\"},{\"@type\":\"ListItem\",\"position\":2,\"name\":\"Products\",\"item\":\"https:\/\/my.stlflix.com\/fr\/shop\/\"},{\"@type\":\"ListItem\",\"position\":3,\"name\":\"Pat, the Cat (Gatinho articulado)\"}]},{\"@type\":\"WebSite\",\"@id\":\"https:\/\/my.stlflix.com\/tr\/#website\",\"url\":\"https:\/\/my.stlflix.com\/tr\/\",\"name\":\"MyStore - By STLFLIX\",\"description\":\"\",\"publisher\":{\"@id\":\"https:\/\/my.stlflix.com\/tr\/#organization\"},\"potentialAction\":[{\"@type\":\"SearchAction\",\"target\":{\"@type\":\"EntryPoint\",\"urlTemplate\":\"https:\/\/my.stlflix.com\/tr\/?s={search_term_string}\"},\"query-input\":{\"@type\":\"PropertyValueSpecification\",\"valueRequired\":true,\"valueName\":\"search_term_string\"}}],\"inLanguage\":\"pt-BR\"},{\"@type\":\"Organization\",\"@id\":\"https:\/\/my.stlflix.com\/tr\/#organization\",\"name\":\"MyStore - By STLFLIX\",\"url\":\"https:\/\/my.stlflix.com\/tr\/\",\"logo\":{\"@type\":\"ImageObject\",\"inLanguage\":\"pt-BR\",\"@id\":\"https:\/\/my.stlflix.com\/tr\/#\/schema\/logo\/image\/\",\"url\":\"https:\/\/my.stlflix.com\/wp-content\/uploads\/2024\/06\/logo-mystore.png\",\"contentUrl\":\"https:\/\/my.stlflix.com\/wp-content\/uploads\/2024\/06\/logo-mystore.png\",\"width\":150,\"height\":41,\"caption\":\"MyStore - By STLFLIX\"},\"image\":{\"@id\":\"https:\/\/my.stlflix.com\/tr\/#\/schema\/logo\/image\/\"},\"sameAs\":[\"https:\/\/www.facebook.com\/STLFLIX\",\"https:\/\/www.instagram.com\/stlflix_\/\",\"https:\/\/www.tiktok.com\/@stlflix\"]}]}<\/script>\n<!-- \/ Yoast SEO plugin. -->","yoast_head_json":{"title":"Pat, the Cat (Gatinho articulado) - MyStore - By STLFLIX","robots":{"index":"index","follow":"follow","max-snippet":"max-snippet:-1","max-image-preview":"max-image-preview:large","max-video-preview":"max-video-preview:-1"},"canonical":"https:\/\/www.lojadomandela3d.biz\/product\/pat-the-cat-6863050b02f71\/","og_locale":"pt_BR","og_type":"article","og_title":"Pat, the Cat (Gatinho articulado) - MyStore - By STLFLIX","og_description":"\ud83d\udc3e Chaveiro Articulado Gatinho \u2013 Feito em Impressora 3D Encante-se com o nosso ador\u00e1vel chaveiro de gatinho articulado, produzido com impress\u00e3o 3D de alta precis\u00e3o! Um mimo perfeito para quem ama gatos, itens criativos e exclusivos. \ud83d\ude3b Articula\u00e7\u00f5es que se movem: o gatinho deita, se estica e acompanha seus movimentos!\ud83c\udfa8 Produzido em cores vibrantes e [&hellip;]","og_url":"https:\/\/www.lojadomandela3d.biz\/product\/pat-the-cat-6863050b02f71\/","og_site_name":"MyStore - By STLFLIX","article_publisher":"https:\/\/www.facebook.com\/STLFLIX","article_modified_time":"2025-07-01T17:56:05+00:00","og_image":[{"width":1080,"height":1350,"url":"https:\/\/www.lojadomandela3d.biz\/wp-content\/uploads\/2025\/06\/Pat_the_Catthumb_132b82c194.png","type":"image\/png"}],"twitter_card":"summary_large_image","schema":{"@context":"https:\/\/schema.org","@graph":[{"@type":"WebPage","@id":"https:\/\/www.lojadomandela3d.biz\/product\/pat-the-cat-6863050b02f71\/","url":"https:\/\/www.lojadomandela3d.biz\/product\/pat-the-cat-6863050b02f71\/","name":"Pat, the Cat (Gatinho articulado) - MyStore - By STLFLIX","isPartOf":{"@id":"https:\/\/my.stlflix.com\/tr\/#website"},"primaryImageOfPage":{"@id":"https:\/\/www.lojadomandela3d.biz\/product\/pat-the-cat-6863050b02f71\/#primaryimage"},"image":{"@id":"https:\/\/www.lojadomandela3d.biz\/product\/pat-the-cat-6863050b02f71\/#primaryimage"},"thumbnailUrl":"https:\/\/my.stlflix.com\/wp-content\/uploads\/2025\/06\/Pat_the_Catthumb_132b82c194.png","datePublished":"2025-06-30T23:14:16+00:00","dateModified":"2025-07-01T17:56:05+00:00","breadcrumb":{"@id":"https:\/\/www.lojadomandela3d.biz\/product\/pat-the-cat-6863050b02f71\/#breadcrumb"},"inLanguage":"pt-BR","potentialAction":[{"@type":"ReadAction","target":["https:\/\/www.lojadomandela3d.biz\/product\/pat-the-cat-6863050b02f71\/"]}]},{"@type":"ImageObject","inLanguage":"pt-BR","@id":"https:\/\/www.lojadomandela3d.biz\/product\/pat-the-cat-6863050b02f71\/#primaryimage","url":"https:\/\/my.stlflix.com\/wp-content\/uploads\/2025\/06\/Pat_the_Catthumb_132b82c194.png","contentUrl":"https:\/\/my.stlflix.com\/wp-content\/uploads\/2025\/06\/Pat_the_Catthumb_132b82c194.png","width":1080,"height":1350},{"@type":"BreadcrumbList","@id":"https:\/\/www.lojadomandela3d.biz\/product\/pat-the-cat-6863050b02f71\/#breadcrumb","itemListElement":[{"@type":"ListItem","position":1,"name":"Home","item":"https:\/\/my.stlflix.com\/pt-br\/"},{"@type":"ListItem","position":2,"name":"Products","item":"https:\/\/my.stlflix.com\/fr\/shop\/"},{"@type":"ListItem","position":3,"name":"Pat, the Cat (Gatinho articulado)"}]},{"@type":"WebSite","@id":"https:\/\/my.stlflix.com\/tr\/#website","url":"https:\/\/my.stlflix.com\/tr\/","name":"MyStore - By STLFLIX","description":"","publisher":{"@id":"https:\/\/my.stlflix.com\/tr\/#organization"},"potentialAction":[{"@type":"SearchAction","target":{"@type":"EntryPoint","urlTemplate":"https:\/\/my.stlflix.com\/tr\/?s={search_term_string}"},"query-input":{"@type":"PropertyValueSpecification","valueRequired":true,"valueName":"search_term_string"}}],"inLanguage":"pt-BR"},{"@type":"Organization","@id":"https:\/\/my.stlflix.com\/tr\/#organization","name":"MyStore - By STLFLIX","url":"https:\/\/my.stlflix.com\/tr\/","logo":{"@type":"ImageObject","inLanguage":"pt-BR","@id":"https:\/\/my.stlflix.com\/tr\/#\/schema\/logo\/image\/","url":"https:\/\/my.stlflix.com\/wp-content\/uploads\/2024\/06\/logo-mystore.png","contentUrl":"https:\/\/my.stlflix.com\/wp-content\/uploads\/2024\/06\/logo-mystore.png","width":150,"height":41,"caption":"MyStore - By STLFLIX"},"image":{"@id":"https:\/\/my.stlflix.com\/tr\/#\/schema\/logo\/image\/"},"sameAs":["https:\/\/www.facebook.com\/STLFLIX","https:\/\/www.instagram.com\/stlflix_\/","https:\/\/www.tiktok.com\/@stlflix"]}]}},"_links":{"self":[{"href":"https:\/\/my.stlflix.com\/pt-br\/wp-json\/wp\/v2\/product\/395676","targetHints":{"allow":["GET"]}}],"collection":[{"href":"https:\/\/my.stlflix.com\/pt-br\/wp-json\/wp\/v2\/product"}],"about":[{"href":"https:\/\/my.stlflix.com\/pt-br\/wp-json\/wp\/v2\/types\/product"}],"replies":[{"embeddable":true,"href":"https:\/\/my.stlflix.com\/pt-br\/wp-json\/wp\/v2\/comments?post=395676"}],"wp:featuredmedia":[{"embeddable":true,"href":"https:\/\/my.stlflix.com\/pt-br\/wp-json\/wp\/v2\/media\/385475"}],"wp:attachment":[{"href":"https:\/\/my.stlflix.com\/pt-br\/wp-json\/wp\/v2\/media?parent=395676"}],"wp:term":[{"taxonomy":"product_brand","embeddable":true,"href":"https:\/\/my.stlflix.com\/pt-br\/wp-json\/wp\/v2\/product_brand?post=395676"},{"taxonomy":"product_cat","embeddable":true,"href":"https:\/\/my.stlflix.com\/pt-br\/wp-json\/wp\/v2\/product_cat?post=395676"},{"taxonomy":"product_tag","embeddable":true,"href":"https:\/\/my.stlflix.com\/pt-br\/wp-json\/wp\/v2\/product_tag?post=395676"}],"curies":[{"name":"wp","href":"https:\/\/api.w.org\/{rel}","templated":true}]}}