{"id":396975,"date":"2025-07-14T18:13:46","date_gmt":"2025-07-14T18:13:46","guid":{"rendered":"https:\/\/my.stlflix.com\/?post_type=product&#038;p=396975"},"modified":"2025-07-14T18:33:04","modified_gmt":"2025-07-14T18:33:04","slug":"football-68666b9408022","status":"publish","type":"product","link":"https:\/\/my.stlflix.com\/pt-br\/product\/football-68666b9408022\/","title":{"rendered":"Escultura de jogador de futebol"},"content":{"rendered":"<p>\ud83d\udda4 Escultura de\u00a0 futebol em Impress\u00e3o 3D \u2013 Design Moderno e Minimalista<\/p>\n<p>Transforme qualquer ambiente com esta linda escultura de um jogador em estilo art\u00edstico. Produzida com tecnologia de impress\u00e3o 3D e acabamento estilo r\u00fastico, ela \u00e9 perfeita para decorar salas, escrit\u00f3rios, lojas de bikes ou presentear amantes do ciclismo.<\/p>\n<p>\u2705 Material: PLA Premium (pl\u00e1stico ecol\u00f3gico e resistente)<br \/>\n\u2705 Tamanho aproximado: 18 cm (comprimento) x 14 cm (altura)<br \/>\n\u2705 Cores: dourado e azul filamento duo colos (podemos fazer em outras cores), ap\u00f3s a compra consultar a disponibilidade.<br \/>\n\u2705 Produto leve e resistente<br \/>\n\u2705 Feito com amor pela FT VISION 3D<\/p>\n<p>Ideal para:<br \/>\nAmantes de futebol<br \/>\n\ud83c\udfe1 Decora\u00e7\u00e3o moderna e criativa<br \/>\n\ud83c\udf81 Presentes \u00fanicos e personalizados<\/p>\n","protected":false},"excerpt":{"rendered":"<p>\ud83d\udda4 Escultura de\u00a0 futebol em Impress\u00e3o 3D \u2013 Design Moderno e Minimalista Transforme qualquer ambiente com esta linda escultura de um jogador em estilo art\u00edstico. Produzida com tecnologia de impress\u00e3o 3D e acabamento estilo r\u00fastico, ela \u00e9 perfeita para decorar salas, escrit\u00f3rios, lojas de bikes ou presentear amantes do ciclismo. \u2705 Material: PLA Premium (pl\u00e1stico [&hellip;]<\/p>\n","protected":false},"featured_media":51999,"comment_status":"open","ping_status":"closed","template":"","meta":[],"product_brand":[],"product_cat":[25],"product_tag":[6022],"class_list":{"0":"post-396975","1":"product","2":"type-product","3":"status-publish","4":"has-post-thumbnail","6":"product_cat-home-decor","7":"product_tag-decoracao-3","9":"first","10":"instock","11":"sale","12":"taxable","13":"shipping-taxable","14":"purchasable","15":"product-type-simple"},"yoast_head":"<!-- This site is optimized with the Yoast SEO plugin v25.1 - https:\/\/yoast.com\/wordpress\/plugins\/seo\/ -->\n<title>Escultura de jogador de futebol - MyStore - By STLFLIX<\/title>\n<meta name=\"robots\" content=\"index, follow, max-snippet:-1, max-image-preview:large, max-video-preview:-1\" \/>\n<link rel=\"canonical\" href=\"https:\/\/my.stlflix.com\/pt-br\/product\/football-68666b9408022\/\" \/>\n<meta property=\"og:locale\" content=\"pt_BR\" \/>\n<meta property=\"og:type\" content=\"article\" \/>\n<meta property=\"og:title\" content=\"Escultura de jogador de futebol - MyStore - By STLFLIX\" \/>\n<meta property=\"og:description\" content=\"\ud83d\udda4 Escultura de\u00a0 futebol em Impress\u00e3o 3D \u2013 Design Moderno e Minimalista Transforme qualquer ambiente com esta linda escultura de um jogador em estilo art\u00edstico. Produzida com tecnologia de impress\u00e3o 3D e acabamento estilo r\u00fastico, ela \u00e9 perfeita para decorar salas, escrit\u00f3rios, lojas de bikes ou presentear amantes do ciclismo. \u2705 Material: PLA Premium (pl\u00e1stico [&hellip;]\" \/>\n<meta property=\"og:url\" content=\"https:\/\/my.stlflix.com\/pt-br\/product\/football-68666b9408022\/\" \/>\n<meta property=\"og:site_name\" content=\"MyStore - By STLFLIX\" \/>\n<meta property=\"article:publisher\" content=\"https:\/\/www.facebook.com\/STLFLIX\" \/>\n<meta property=\"article:modified_time\" content=\"2025-07-14T18:33:04+00:00\" \/>\n<meta property=\"og:image\" content=\"https:\/\/my.stlflix.com\/wp-content\/uploads\/2024\/07\/Football_thumb_15e4f96f4a.png\" \/>\n\t<meta property=\"og:image:width\" content=\"1080\" \/>\n\t<meta property=\"og:image:height\" content=\"1350\" \/>\n\t<meta property=\"og:image:type\" content=\"image\/png\" \/>\n<meta name=\"twitter:card\" content=\"summary_large_image\" \/>\n<meta name=\"twitter:label1\" content=\"Est. reading time\" \/>\n\t<meta name=\"twitter:data1\" content=\"1 minute\" \/>\n<script type=\"application\/ld+json\" class=\"yoast-schema-graph\">{\"@context\":\"https:\/\/schema.org\",\"@graph\":[{\"@type\":\"WebPage\",\"@id\":\"https:\/\/my.stlflix.com\/pt-br\/product\/football-68666b9408022\/\",\"url\":\"https:\/\/my.stlflix.com\/pt-br\/product\/football-68666b9408022\/\",\"name\":\"Escultura de jogador de futebol - MyStore - By STLFLIX\",\"isPartOf\":{\"@id\":\"https:\/\/my.stlflix.com\/tr\/#website\"},\"primaryImageOfPage\":{\"@id\":\"https:\/\/my.stlflix.com\/pt-br\/product\/football-68666b9408022\/#primaryimage\"},\"image\":{\"@id\":\"https:\/\/my.stlflix.com\/pt-br\/product\/football-68666b9408022\/#primaryimage\"},\"thumbnailUrl\":\"https:\/\/my.stlflix.com\/wp-content\/uploads\/2024\/07\/Football_thumb_15e4f96f4a.png\",\"datePublished\":\"2025-07-14T18:13:46+00:00\",\"dateModified\":\"2025-07-14T18:33:04+00:00\",\"breadcrumb\":{\"@id\":\"https:\/\/my.stlflix.com\/pt-br\/product\/football-68666b9408022\/#breadcrumb\"},\"inLanguage\":\"pt-BR\",\"potentialAction\":[{\"@type\":\"ReadAction\",\"target\":[\"https:\/\/my.stlflix.com\/pt-br\/product\/football-68666b9408022\/\"]}]},{\"@type\":\"ImageObject\",\"inLanguage\":\"pt-BR\",\"@id\":\"https:\/\/my.stlflix.com\/pt-br\/product\/football-68666b9408022\/#primaryimage\",\"url\":\"https:\/\/my.stlflix.com\/wp-content\/uploads\/2024\/07\/Football_thumb_15e4f96f4a.png\",\"contentUrl\":\"https:\/\/my.stlflix.com\/wp-content\/uploads\/2024\/07\/Football_thumb_15e4f96f4a.png\",\"width\":1080,\"height\":1350},{\"@type\":\"BreadcrumbList\",\"@id\":\"https:\/\/my.stlflix.com\/pt-br\/product\/football-68666b9408022\/#breadcrumb\",\"itemListElement\":[{\"@type\":\"ListItem\",\"position\":1,\"name\":\"Home\",\"item\":\"https:\/\/my.stlflix.com\/pt-br\/\"},{\"@type\":\"ListItem\",\"position\":2,\"name\":\"Products\",\"item\":\"https:\/\/my.stlflix.com\/tr\/shop\/\"},{\"@type\":\"ListItem\",\"position\":3,\"name\":\"Escultura de jogador de futebol\"}]},{\"@type\":\"WebSite\",\"@id\":\"https:\/\/my.stlflix.com\/tr\/#website\",\"url\":\"https:\/\/my.stlflix.com\/tr\/\",\"name\":\"MyStore - By STLFLIX\",\"description\":\"\",\"publisher\":{\"@id\":\"https:\/\/my.stlflix.com\/tr\/#organization\"},\"potentialAction\":[{\"@type\":\"SearchAction\",\"target\":{\"@type\":\"EntryPoint\",\"urlTemplate\":\"https:\/\/my.stlflix.com\/tr\/?s={search_term_string}\"},\"query-input\":{\"@type\":\"PropertyValueSpecification\",\"valueRequired\":true,\"valueName\":\"search_term_string\"}}],\"inLanguage\":\"pt-BR\"},{\"@type\":\"Organization\",\"@id\":\"https:\/\/my.stlflix.com\/tr\/#organization\",\"name\":\"MyStore - By STLFLIX\",\"url\":\"https:\/\/my.stlflix.com\/tr\/\",\"logo\":{\"@type\":\"ImageObject\",\"inLanguage\":\"pt-BR\",\"@id\":\"https:\/\/my.stlflix.com\/tr\/#\/schema\/logo\/image\/\",\"url\":\"https:\/\/my.stlflix.com\/wp-content\/uploads\/2024\/06\/logo-mystore.png\",\"contentUrl\":\"https:\/\/my.stlflix.com\/wp-content\/uploads\/2024\/06\/logo-mystore.png\",\"width\":150,\"height\":41,\"caption\":\"MyStore - By STLFLIX\"},\"image\":{\"@id\":\"https:\/\/my.stlflix.com\/tr\/#\/schema\/logo\/image\/\"},\"sameAs\":[\"https:\/\/www.facebook.com\/STLFLIX\",\"https:\/\/www.instagram.com\/stlflix_\/\",\"https:\/\/www.tiktok.com\/@stlflix\"]}]}<\/script>\n<!-- \/ Yoast SEO plugin. -->","yoast_head_json":{"title":"Escultura de jogador de futebol - MyStore - By STLFLIX","robots":{"index":"index","follow":"follow","max-snippet":"max-snippet:-1","max-image-preview":"max-image-preview:large","max-video-preview":"max-video-preview:-1"},"canonical":"https:\/\/my.stlflix.com\/pt-br\/product\/football-68666b9408022\/","og_locale":"pt_BR","og_type":"article","og_title":"Escultura de jogador de futebol - MyStore - By STLFLIX","og_description":"\ud83d\udda4 Escultura de\u00a0 futebol em Impress\u00e3o 3D \u2013 Design Moderno e Minimalista Transforme qualquer ambiente com esta linda escultura de um jogador em estilo art\u00edstico. Produzida com tecnologia de impress\u00e3o 3D e acabamento estilo r\u00fastico, ela \u00e9 perfeita para decorar salas, escrit\u00f3rios, lojas de bikes ou presentear amantes do ciclismo. \u2705 Material: PLA Premium (pl\u00e1stico [&hellip;]","og_url":"https:\/\/my.stlflix.com\/pt-br\/product\/football-68666b9408022\/","og_site_name":"MyStore - By STLFLIX","article_publisher":"https:\/\/www.facebook.com\/STLFLIX","article_modified_time":"2025-07-14T18:33:04+00:00","og_image":[{"width":1080,"height":1350,"url":"https:\/\/my.stlflix.com\/wp-content\/uploads\/2024\/07\/Football_thumb_15e4f96f4a.png","type":"image\/png"}],"twitter_card":"summary_large_image","twitter_misc":{"Est. reading time":"1 minute"},"schema":{"@context":"https:\/\/schema.org","@graph":[{"@type":"WebPage","@id":"https:\/\/my.stlflix.com\/pt-br\/product\/football-68666b9408022\/","url":"https:\/\/my.stlflix.com\/pt-br\/product\/football-68666b9408022\/","name":"Escultura de jogador de futebol - MyStore - By STLFLIX","isPartOf":{"@id":"https:\/\/my.stlflix.com\/tr\/#website"},"primaryImageOfPage":{"@id":"https:\/\/my.stlflix.com\/pt-br\/product\/football-68666b9408022\/#primaryimage"},"image":{"@id":"https:\/\/my.stlflix.com\/pt-br\/product\/football-68666b9408022\/#primaryimage"},"thumbnailUrl":"https:\/\/my.stlflix.com\/wp-content\/uploads\/2024\/07\/Football_thumb_15e4f96f4a.png","datePublished":"2025-07-14T18:13:46+00:00","dateModified":"2025-07-14T18:33:04+00:00","breadcrumb":{"@id":"https:\/\/my.stlflix.com\/pt-br\/product\/football-68666b9408022\/#breadcrumb"},"inLanguage":"pt-BR","potentialAction":[{"@type":"ReadAction","target":["https:\/\/my.stlflix.com\/pt-br\/product\/football-68666b9408022\/"]}]},{"@type":"ImageObject","inLanguage":"pt-BR","@id":"https:\/\/my.stlflix.com\/pt-br\/product\/football-68666b9408022\/#primaryimage","url":"https:\/\/my.stlflix.com\/wp-content\/uploads\/2024\/07\/Football_thumb_15e4f96f4a.png","contentUrl":"https:\/\/my.stlflix.com\/wp-content\/uploads\/2024\/07\/Football_thumb_15e4f96f4a.png","width":1080,"height":1350},{"@type":"BreadcrumbList","@id":"https:\/\/my.stlflix.com\/pt-br\/product\/football-68666b9408022\/#breadcrumb","itemListElement":[{"@type":"ListItem","position":1,"name":"Home","item":"https:\/\/my.stlflix.com\/pt-br\/"},{"@type":"ListItem","position":2,"name":"Products","item":"https:\/\/my.stlflix.com\/tr\/shop\/"},{"@type":"ListItem","position":3,"name":"Escultura de jogador de futebol"}]},{"@type":"WebSite","@id":"https:\/\/my.stlflix.com\/tr\/#website","url":"https:\/\/my.stlflix.com\/tr\/","name":"MyStore - By STLFLIX","description":"","publisher":{"@id":"https:\/\/my.stlflix.com\/tr\/#organization"},"potentialAction":[{"@type":"SearchAction","target":{"@type":"EntryPoint","urlTemplate":"https:\/\/my.stlflix.com\/tr\/?s={search_term_string}"},"query-input":{"@type":"PropertyValueSpecification","valueRequired":true,"valueName":"search_term_string"}}],"inLanguage":"pt-BR"},{"@type":"Organization","@id":"https:\/\/my.stlflix.com\/tr\/#organization","name":"MyStore - By STLFLIX","url":"https:\/\/my.stlflix.com\/tr\/","logo":{"@type":"ImageObject","inLanguage":"pt-BR","@id":"https:\/\/my.stlflix.com\/tr\/#\/schema\/logo\/image\/","url":"https:\/\/my.stlflix.com\/wp-content\/uploads\/2024\/06\/logo-mystore.png","contentUrl":"https:\/\/my.stlflix.com\/wp-content\/uploads\/2024\/06\/logo-mystore.png","width":150,"height":41,"caption":"MyStore - By STLFLIX"},"image":{"@id":"https:\/\/my.stlflix.com\/tr\/#\/schema\/logo\/image\/"},"sameAs":["https:\/\/www.facebook.com\/STLFLIX","https:\/\/www.instagram.com\/stlflix_\/","https:\/\/www.tiktok.com\/@stlflix"]}]}},"_links":{"self":[{"href":"https:\/\/my.stlflix.com\/pt-br\/wp-json\/wp\/v2\/product\/396975","targetHints":{"allow":["GET"]}}],"collection":[{"href":"https:\/\/my.stlflix.com\/pt-br\/wp-json\/wp\/v2\/product"}],"about":[{"href":"https:\/\/my.stlflix.com\/pt-br\/wp-json\/wp\/v2\/types\/product"}],"replies":[{"embeddable":true,"href":"https:\/\/my.stlflix.com\/pt-br\/wp-json\/wp\/v2\/comments?post=396975"}],"wp:featuredmedia":[{"embeddable":true,"href":"https:\/\/my.stlflix.com\/pt-br\/wp-json\/wp\/v2\/media\/51999"}],"wp:attachment":[{"href":"https:\/\/my.stlflix.com\/pt-br\/wp-json\/wp\/v2\/media?parent=396975"}],"wp:term":[{"taxonomy":"product_brand","embeddable":true,"href":"https:\/\/my.stlflix.com\/pt-br\/wp-json\/wp\/v2\/product_brand?post=396975"},{"taxonomy":"product_cat","embeddable":true,"href":"https:\/\/my.stlflix.com\/pt-br\/wp-json\/wp\/v2\/product_cat?post=396975"},{"taxonomy":"product_tag","embeddable":true,"href":"https:\/\/my.stlflix.com\/pt-br\/wp-json\/wp\/v2\/product_tag?post=396975"}],"curies":[{"name":"wp","href":"https:\/\/api.w.org\/{rel}","templated":true}]}}