{"id":436687,"date":"2025-09-16T23:45:29","date_gmt":"2025-09-16T23:45:29","guid":{"rendered":"https:\/\/my.stlflix.com\/?post_type=product&#038;p=436687"},"modified":"2025-09-24T22:25:02","modified_gmt":"2025-09-24T22:25:02","slug":"sagrada-familia-68c9ddbd52998","status":"publish","type":"product","link":"https:\/\/my.stlflix.com\/pt-br\/product\/sagrada-familia-68c9ddbd52998\/","title":{"rendered":"Sagrada Familia"},"content":{"rendered":"<p data-start=\"102\" data-end=\"248\">A <strong data-start=\"104\" data-end=\"135\">Bas\u00edlica da Sagrada Fam\u00edlia<\/strong>, em Barcelona, \u00e9 um dos monumentos mais visitados da Espanha e um dos maiores s\u00edmbolos da arquitetura mundial.<\/p>\n<ul data-start=\"250\" data-end=\"1096\">\n<li data-start=\"250\" data-end=\"398\">\n<p data-start=\"252\" data-end=\"398\"><strong data-start=\"252\" data-end=\"267\">Constru\u00e7\u00e3o:<\/strong> come\u00e7ou em <strong data-start=\"279\" data-end=\"287\">1882<\/strong>, mas ganhou sua identidade atual em <strong data-start=\"324\" data-end=\"332\">1883<\/strong>, quando o arquiteto catal\u00e3o <strong data-start=\"361\" data-end=\"377\">Antoni Gaud\u00ed<\/strong> assumiu o projeto.<\/p>\n<\/li>\n<li data-start=\"399\" data-end=\"545\">\n<p data-start=\"401\" data-end=\"545\"><strong data-start=\"401\" data-end=\"412\">Estilo:<\/strong> mistura elementos do <strong data-start=\"434\" data-end=\"444\">g\u00f3tico<\/strong> e do <strong data-start=\"450\" data-end=\"472\">modernismo catal\u00e3o<\/strong>, com formas org\u00e2nicas, torres altas e detalhes inspirados na natureza.<\/p>\n<\/li>\n<li data-start=\"546\" data-end=\"717\">\n<p data-start=\"548\" data-end=\"717\"><strong data-start=\"548\" data-end=\"562\">Estrutura:<\/strong> projetada para ter 18 torres; atualmente, v\u00e1rias j\u00e1 est\u00e3o conclu\u00eddas, mas a obra ainda segue em andamento, com previs\u00e3o de t\u00e9rmino nas pr\u00f3ximas d\u00e9cadas.<\/p>\n<\/li>\n<li data-start=\"718\" data-end=\"849\">\n<p data-start=\"720\" data-end=\"849\"><strong data-start=\"720\" data-end=\"736\">Significado:<\/strong> cada parte da bas\u00edlica tem forte <strong data-start=\"770\" data-end=\"792\">simbolismo crist\u00e3o<\/strong>, representando a vida, morte e ressurrei\u00e7\u00e3o de Cristo.<\/p>\n<\/li>\n<li data-start=\"850\" data-end=\"972\">\n<p data-start=\"852\" data-end=\"972\"><strong data-start=\"852\" data-end=\"871\">Reconhecimento:<\/strong> declarada <strong data-start=\"882\" data-end=\"914\">Patrim\u00f4nio Mundial da UNESCO<\/strong> e consagrada como bas\u00edlica pelo papa Bento XVI em 2010.<\/p>\n<\/li>\n<li data-start=\"973\" data-end=\"1096\">\n<p data-start=\"975\" data-end=\"1096\"><strong data-start=\"975\" data-end=\"990\">Atualidade:<\/strong> recebe milh\u00f5es de visitantes por ano e \u00e9 considerada a maior obra inacabada da hist\u00f3ria da arquitetura.<\/p>\n<\/li>\n<li data-start=\"720\" data-end=\"950\"><strong>Medidas do produto:<\/strong> 15cm x 15cm x 14,5cm<\/li>\n<li data-start=\"720\" data-end=\"950\"><strong>Peso do produto:<\/strong> 0,290 kg<\/li>\n<\/ul>\n","protected":false},"excerpt":{"rendered":"<p>A Bas\u00edlica da Sagrada Fam\u00edlia, em Barcelona, \u00e9 um dos monumentos mais visitados da Espanha e um dos maiores s\u00edmbolos da arquitetura mundial. Constru\u00e7\u00e3o: come\u00e7ou em 1882, mas ganhou sua identidade atual em 1883, quando o arquiteto catal\u00e3o Antoni Gaud\u00ed assumiu o projeto. Estilo: mistura elementos do g\u00f3tico e do modernismo catal\u00e3o, com formas org\u00e2nicas, [&hellip;]<\/p>\n","protected":false},"featured_media":43288,"comment_status":"open","ping_status":"closed","template":"","meta":[],"product_brand":[],"product_cat":[25],"product_tag":[6402],"class_list":{"0":"post-436687","1":"product","2":"type-product","3":"status-publish","4":"has-post-thumbnail","6":"product_cat-home-decor","7":"product_tag-arquitetura","9":"first","10":"onbackorder","11":"purchasable","12":"product-type-simple"},"yoast_head":"<!-- This site is optimized with the Yoast SEO plugin v25.1 - https:\/\/yoast.com\/wordpress\/plugins\/seo\/ -->\n<title>Sagrada Familia - MyStore - By STLFLIX<\/title>\n<meta name=\"robots\" content=\"index, follow, max-snippet:-1, max-image-preview:large, max-video-preview:-1\" \/>\n<link rel=\"canonical\" href=\"https:\/\/my.stlflix.com\/product\/sagrada-familia-68c9ddbd52998\/\" \/>\n<meta property=\"og:locale\" content=\"pt_BR\" \/>\n<meta property=\"og:type\" content=\"article\" \/>\n<meta property=\"og:title\" content=\"Sagrada Familia - MyStore - By STLFLIX\" \/>\n<meta property=\"og:description\" content=\"A Bas\u00edlica da Sagrada Fam\u00edlia, em Barcelona, \u00e9 um dos monumentos mais visitados da Espanha e um dos maiores s\u00edmbolos da arquitetura mundial. Constru\u00e7\u00e3o: come\u00e7ou em 1882, mas ganhou sua identidade atual em 1883, quando o arquiteto catal\u00e3o Antoni Gaud\u00ed assumiu o projeto. Estilo: mistura elementos do g\u00f3tico e do modernismo catal\u00e3o, com formas org\u00e2nicas, [&hellip;]\" \/>\n<meta property=\"og:url\" content=\"https:\/\/my.stlflix.com\/product\/sagrada-familia-68c9ddbd52998\/\" \/>\n<meta property=\"og:site_name\" content=\"MyStore - By STLFLIX\" \/>\n<meta property=\"article:publisher\" content=\"https:\/\/www.facebook.com\/STLFLIX\" \/>\n<meta property=\"article:modified_time\" content=\"2025-09-24T22:25:02+00:00\" \/>\n<meta property=\"og:image\" content=\"https:\/\/my.stlflix.com\/wp-content\/uploads\/2024\/07\/Sagrada_Familia_thumb_73a66e9768.jpg\" \/>\n\t<meta property=\"og:image:width\" content=\"1080\" \/>\n\t<meta property=\"og:image:height\" content=\"1350\" \/>\n\t<meta property=\"og:image:type\" content=\"image\/jpeg\" \/>\n<meta name=\"twitter:card\" content=\"summary_large_image\" \/>\n<meta name=\"twitter:label1\" content=\"Est. reading time\" \/>\n\t<meta name=\"twitter:data1\" content=\"1 minute\" \/>\n<script type=\"application\/ld+json\" class=\"yoast-schema-graph\">{\"@context\":\"https:\/\/schema.org\",\"@graph\":[{\"@type\":\"WebPage\",\"@id\":\"https:\/\/my.stlflix.com\/product\/sagrada-familia-68c9ddbd52998\/\",\"url\":\"https:\/\/my.stlflix.com\/product\/sagrada-familia-68c9ddbd52998\/\",\"name\":\"Sagrada Familia - MyStore - By STLFLIX\",\"isPartOf\":{\"@id\":\"https:\/\/my.stlflix.com\/tr\/#website\"},\"primaryImageOfPage\":{\"@id\":\"https:\/\/my.stlflix.com\/product\/sagrada-familia-68c9ddbd52998\/#primaryimage\"},\"image\":{\"@id\":\"https:\/\/my.stlflix.com\/product\/sagrada-familia-68c9ddbd52998\/#primaryimage\"},\"thumbnailUrl\":\"https:\/\/my.stlflix.com\/wp-content\/uploads\/2024\/07\/Sagrada_Familia_thumb_73a66e9768.jpg\",\"datePublished\":\"2025-09-16T23:45:29+00:00\",\"dateModified\":\"2025-09-24T22:25:02+00:00\",\"breadcrumb\":{\"@id\":\"https:\/\/my.stlflix.com\/product\/sagrada-familia-68c9ddbd52998\/#breadcrumb\"},\"inLanguage\":\"pt-BR\",\"potentialAction\":[{\"@type\":\"ReadAction\",\"target\":[\"https:\/\/my.stlflix.com\/product\/sagrada-familia-68c9ddbd52998\/\"]}]},{\"@type\":\"ImageObject\",\"inLanguage\":\"pt-BR\",\"@id\":\"https:\/\/my.stlflix.com\/product\/sagrada-familia-68c9ddbd52998\/#primaryimage\",\"url\":\"https:\/\/my.stlflix.com\/wp-content\/uploads\/2024\/07\/Sagrada_Familia_thumb_73a66e9768.jpg\",\"contentUrl\":\"https:\/\/my.stlflix.com\/wp-content\/uploads\/2024\/07\/Sagrada_Familia_thumb_73a66e9768.jpg\",\"width\":1080,\"height\":1350},{\"@type\":\"BreadcrumbList\",\"@id\":\"https:\/\/my.stlflix.com\/product\/sagrada-familia-68c9ddbd52998\/#breadcrumb\",\"itemListElement\":[{\"@type\":\"ListItem\",\"position\":1,\"name\":\"Home\",\"item\":\"https:\/\/my.stlflix.com\/pt-br\/\"},{\"@type\":\"ListItem\",\"position\":2,\"name\":\"Products\",\"item\":\"https:\/\/my.stlflix.com\/fr\/shop\/\"},{\"@type\":\"ListItem\",\"position\":3,\"name\":\"Sagrada Familia\"}]},{\"@type\":\"WebSite\",\"@id\":\"https:\/\/my.stlflix.com\/tr\/#website\",\"url\":\"https:\/\/my.stlflix.com\/tr\/\",\"name\":\"MyStore - By STLFLIX\",\"description\":\"\",\"publisher\":{\"@id\":\"https:\/\/my.stlflix.com\/tr\/#organization\"},\"potentialAction\":[{\"@type\":\"SearchAction\",\"target\":{\"@type\":\"EntryPoint\",\"urlTemplate\":\"https:\/\/my.stlflix.com\/tr\/?s={search_term_string}\"},\"query-input\":{\"@type\":\"PropertyValueSpecification\",\"valueRequired\":true,\"valueName\":\"search_term_string\"}}],\"inLanguage\":\"pt-BR\"},{\"@type\":\"Organization\",\"@id\":\"https:\/\/my.stlflix.com\/tr\/#organization\",\"name\":\"MyStore - By STLFLIX\",\"url\":\"https:\/\/my.stlflix.com\/tr\/\",\"logo\":{\"@type\":\"ImageObject\",\"inLanguage\":\"pt-BR\",\"@id\":\"https:\/\/my.stlflix.com\/tr\/#\/schema\/logo\/image\/\",\"url\":\"https:\/\/my.stlflix.com\/wp-content\/uploads\/2024\/06\/logo-mystore.png\",\"contentUrl\":\"https:\/\/my.stlflix.com\/wp-content\/uploads\/2024\/06\/logo-mystore.png\",\"width\":150,\"height\":41,\"caption\":\"MyStore - By STLFLIX\"},\"image\":{\"@id\":\"https:\/\/my.stlflix.com\/tr\/#\/schema\/logo\/image\/\"},\"sameAs\":[\"https:\/\/www.facebook.com\/STLFLIX\",\"https:\/\/www.instagram.com\/stlflix_\/\",\"https:\/\/www.tiktok.com\/@stlflix\"]}]}<\/script>\n<!-- \/ Yoast SEO plugin. -->","yoast_head_json":{"title":"Sagrada Familia - MyStore - By STLFLIX","robots":{"index":"index","follow":"follow","max-snippet":"max-snippet:-1","max-image-preview":"max-image-preview:large","max-video-preview":"max-video-preview:-1"},"canonical":"https:\/\/my.stlflix.com\/product\/sagrada-familia-68c9ddbd52998\/","og_locale":"pt_BR","og_type":"article","og_title":"Sagrada Familia - MyStore - By STLFLIX","og_description":"A Bas\u00edlica da Sagrada Fam\u00edlia, em Barcelona, \u00e9 um dos monumentos mais visitados da Espanha e um dos maiores s\u00edmbolos da arquitetura mundial. Constru\u00e7\u00e3o: come\u00e7ou em 1882, mas ganhou sua identidade atual em 1883, quando o arquiteto catal\u00e3o Antoni Gaud\u00ed assumiu o projeto. Estilo: mistura elementos do g\u00f3tico e do modernismo catal\u00e3o, com formas org\u00e2nicas, [&hellip;]","og_url":"https:\/\/my.stlflix.com\/product\/sagrada-familia-68c9ddbd52998\/","og_site_name":"MyStore - By STLFLIX","article_publisher":"https:\/\/www.facebook.com\/STLFLIX","article_modified_time":"2025-09-24T22:25:02+00:00","og_image":[{"width":1080,"height":1350,"url":"https:\/\/my.stlflix.com\/wp-content\/uploads\/2024\/07\/Sagrada_Familia_thumb_73a66e9768.jpg","type":"image\/jpeg"}],"twitter_card":"summary_large_image","twitter_misc":{"Est. reading time":"1 minute"},"schema":{"@context":"https:\/\/schema.org","@graph":[{"@type":"WebPage","@id":"https:\/\/my.stlflix.com\/product\/sagrada-familia-68c9ddbd52998\/","url":"https:\/\/my.stlflix.com\/product\/sagrada-familia-68c9ddbd52998\/","name":"Sagrada Familia - MyStore - By STLFLIX","isPartOf":{"@id":"https:\/\/my.stlflix.com\/tr\/#website"},"primaryImageOfPage":{"@id":"https:\/\/my.stlflix.com\/product\/sagrada-familia-68c9ddbd52998\/#primaryimage"},"image":{"@id":"https:\/\/my.stlflix.com\/product\/sagrada-familia-68c9ddbd52998\/#primaryimage"},"thumbnailUrl":"https:\/\/my.stlflix.com\/wp-content\/uploads\/2024\/07\/Sagrada_Familia_thumb_73a66e9768.jpg","datePublished":"2025-09-16T23:45:29+00:00","dateModified":"2025-09-24T22:25:02+00:00","breadcrumb":{"@id":"https:\/\/my.stlflix.com\/product\/sagrada-familia-68c9ddbd52998\/#breadcrumb"},"inLanguage":"pt-BR","potentialAction":[{"@type":"ReadAction","target":["https:\/\/my.stlflix.com\/product\/sagrada-familia-68c9ddbd52998\/"]}]},{"@type":"ImageObject","inLanguage":"pt-BR","@id":"https:\/\/my.stlflix.com\/product\/sagrada-familia-68c9ddbd52998\/#primaryimage","url":"https:\/\/my.stlflix.com\/wp-content\/uploads\/2024\/07\/Sagrada_Familia_thumb_73a66e9768.jpg","contentUrl":"https:\/\/my.stlflix.com\/wp-content\/uploads\/2024\/07\/Sagrada_Familia_thumb_73a66e9768.jpg","width":1080,"height":1350},{"@type":"BreadcrumbList","@id":"https:\/\/my.stlflix.com\/product\/sagrada-familia-68c9ddbd52998\/#breadcrumb","itemListElement":[{"@type":"ListItem","position":1,"name":"Home","item":"https:\/\/my.stlflix.com\/pt-br\/"},{"@type":"ListItem","position":2,"name":"Products","item":"https:\/\/my.stlflix.com\/fr\/shop\/"},{"@type":"ListItem","position":3,"name":"Sagrada Familia"}]},{"@type":"WebSite","@id":"https:\/\/my.stlflix.com\/tr\/#website","url":"https:\/\/my.stlflix.com\/tr\/","name":"MyStore - By STLFLIX","description":"","publisher":{"@id":"https:\/\/my.stlflix.com\/tr\/#organization"},"potentialAction":[{"@type":"SearchAction","target":{"@type":"EntryPoint","urlTemplate":"https:\/\/my.stlflix.com\/tr\/?s={search_term_string}"},"query-input":{"@type":"PropertyValueSpecification","valueRequired":true,"valueName":"search_term_string"}}],"inLanguage":"pt-BR"},{"@type":"Organization","@id":"https:\/\/my.stlflix.com\/tr\/#organization","name":"MyStore - By STLFLIX","url":"https:\/\/my.stlflix.com\/tr\/","logo":{"@type":"ImageObject","inLanguage":"pt-BR","@id":"https:\/\/my.stlflix.com\/tr\/#\/schema\/logo\/image\/","url":"https:\/\/my.stlflix.com\/wp-content\/uploads\/2024\/06\/logo-mystore.png","contentUrl":"https:\/\/my.stlflix.com\/wp-content\/uploads\/2024\/06\/logo-mystore.png","width":150,"height":41,"caption":"MyStore - By STLFLIX"},"image":{"@id":"https:\/\/my.stlflix.com\/tr\/#\/schema\/logo\/image\/"},"sameAs":["https:\/\/www.facebook.com\/STLFLIX","https:\/\/www.instagram.com\/stlflix_\/","https:\/\/www.tiktok.com\/@stlflix"]}]}},"_links":{"self":[{"href":"https:\/\/my.stlflix.com\/pt-br\/wp-json\/wp\/v2\/product\/436687","targetHints":{"allow":["GET"]}}],"collection":[{"href":"https:\/\/my.stlflix.com\/pt-br\/wp-json\/wp\/v2\/product"}],"about":[{"href":"https:\/\/my.stlflix.com\/pt-br\/wp-json\/wp\/v2\/types\/product"}],"replies":[{"embeddable":true,"href":"https:\/\/my.stlflix.com\/pt-br\/wp-json\/wp\/v2\/comments?post=436687"}],"wp:featuredmedia":[{"embeddable":true,"href":"https:\/\/my.stlflix.com\/pt-br\/wp-json\/wp\/v2\/media\/43288"}],"wp:attachment":[{"href":"https:\/\/my.stlflix.com\/pt-br\/wp-json\/wp\/v2\/media?parent=436687"}],"wp:term":[{"taxonomy":"product_brand","embeddable":true,"href":"https:\/\/my.stlflix.com\/pt-br\/wp-json\/wp\/v2\/product_brand?post=436687"},{"taxonomy":"product_cat","embeddable":true,"href":"https:\/\/my.stlflix.com\/pt-br\/wp-json\/wp\/v2\/product_cat?post=436687"},{"taxonomy":"product_tag","embeddable":true,"href":"https:\/\/my.stlflix.com\/pt-br\/wp-json\/wp\/v2\/product_tag?post=436687"}],"curies":[{"name":"wp","href":"https:\/\/api.w.org\/{rel}","templated":true}]}}