{"id":436691,"date":"2025-09-16T23:36:47","date_gmt":"2025-09-16T23:36:47","guid":{"rendered":"https:\/\/my.stlflix.com\/?post_type=product&#038;p=436691"},"modified":"2025-09-24T22:25:49","modified_gmt":"2025-09-24T22:25:49","slug":"sydney-opera-house-68c9dde9b3ad3","status":"publish","type":"product","link":"https:\/\/my.stlflix.com\/pt-br\/product\/sydney-opera-house-68c9dde9b3ad3\/","title":{"rendered":"Sydney Opera House\u00a0"},"content":{"rendered":"<p data-start=\"86\" data-end=\"200\">A <strong data-start=\"88\" data-end=\"110\">Sydney Opera House<\/strong> \u00e9 um dos edif\u00edcios mais ic\u00f4nicos do mundo e o maior s\u00edmbolo arquitet\u00f4nico da Austr\u00e1lia.<\/p>\n<ul data-start=\"202\" data-end=\"921\">\n<li data-start=\"202\" data-end=\"334\">\n<p data-start=\"204\" data-end=\"334\"><strong data-start=\"204\" data-end=\"219\">Constru\u00e7\u00e3o:<\/strong> projetada pelo arquiteto dinamarqu\u00eas <strong data-start=\"257\" data-end=\"271\">J\u00f8rn Utzon<\/strong>, teve sua obra iniciada em <strong data-start=\"299\" data-end=\"307\">1959<\/strong> e conclu\u00edda em <strong data-start=\"323\" data-end=\"331\">1973<\/strong>.<\/p>\n<\/li>\n<li data-start=\"335\" data-end=\"543\">\n<p data-start=\"337\" data-end=\"543\"><strong data-start=\"337\" data-end=\"351\">Estrutura:<\/strong> famosa por seu design em formato de <strong data-start=\"388\" data-end=\"413\">conchas\/velas brancas<\/strong>, localizada na ba\u00eda de Sydney. \u00c9 composta por m\u00faltiplas salas de espet\u00e1culos, sendo a principal destinada a \u00f3peras e concertos.<\/p>\n<\/li>\n<li data-start=\"544\" data-end=\"673\">\n<p data-start=\"546\" data-end=\"673\"><strong data-start=\"546\" data-end=\"562\">Import\u00e2ncia:<\/strong> tornou-se refer\u00eancia mundial em arquitetura moderna e inova\u00e7\u00e3o estrutural, unindo est\u00e9tica e funcionalidade.<\/p>\n<\/li>\n<li data-start=\"674\" data-end=\"758\">\n<p data-start=\"676\" data-end=\"758\"><strong data-start=\"676\" data-end=\"695\">Reconhecimento:<\/strong> em <strong data-start=\"699\" data-end=\"707\">2007<\/strong>, foi declarada <strong data-start=\"723\" data-end=\"755\">Patrim\u00f4nio Mundial da UNESCO<\/strong>.<\/p>\n<\/li>\n<li data-start=\"759\" data-end=\"921\">\n<p data-start=\"761\" data-end=\"921\"><strong data-start=\"761\" data-end=\"776\">Atualidade:<\/strong> recebe milh\u00f5es de visitantes por ano, abrigando apresenta\u00e7\u00f5es culturais, musicais e art\u00edsticas, al\u00e9m de ser ponto tur\u00edstico central da cidade.<\/p>\n<\/li>\n<li data-start=\"720\" data-end=\"950\"><strong>Medidas do produto:<\/strong> 16cm x 16cm x 11,2cm<\/li>\n<li data-start=\"720\" data-end=\"950\"><strong>Peso do produto:<\/strong> 0,230 kg<\/li>\n<\/ul>\n","protected":false},"excerpt":{"rendered":"<p>A Sydney Opera House \u00e9 um dos edif\u00edcios mais ic\u00f4nicos do mundo e o maior s\u00edmbolo arquitet\u00f4nico da Austr\u00e1lia. Constru\u00e7\u00e3o: projetada pelo arquiteto dinamarqu\u00eas J\u00f8rn Utzon, teve sua obra iniciada em 1959 e conclu\u00edda em 1973. Estrutura: famosa por seu design em formato de conchas\/velas brancas, localizada na ba\u00eda de Sydney. \u00c9 composta por m\u00faltiplas [&hellip;]<\/p>\n","protected":false},"featured_media":31931,"comment_status":"open","ping_status":"closed","template":"","meta":[],"product_brand":[],"product_cat":[25],"product_tag":[6402],"class_list":{"0":"post-436691","1":"product","2":"type-product","3":"status-publish","4":"has-post-thumbnail","6":"product_cat-home-decor","7":"product_tag-arquitetura","9":"first","10":"onbackorder","11":"purchasable","12":"product-type-simple"},"yoast_head":"<!-- This site is optimized with the Yoast SEO plugin v25.1 - https:\/\/yoast.com\/wordpress\/plugins\/seo\/ -->\n<title>Sydney Opera House\u00a0 - MyStore - By STLFLIX<\/title>\n<meta name=\"robots\" content=\"index, follow, max-snippet:-1, max-image-preview:large, max-video-preview:-1\" \/>\n<link rel=\"canonical\" href=\"https:\/\/my.stlflix.com\/product\/sydney-opera-house-68c9dde9b3ad3\/\" \/>\n<meta property=\"og:locale\" content=\"pt_BR\" \/>\n<meta property=\"og:type\" content=\"article\" \/>\n<meta property=\"og:title\" content=\"Sydney Opera House\u00a0 - MyStore - By STLFLIX\" \/>\n<meta property=\"og:description\" content=\"A Sydney Opera House \u00e9 um dos edif\u00edcios mais ic\u00f4nicos do mundo e o maior s\u00edmbolo arquitet\u00f4nico da Austr\u00e1lia. Constru\u00e7\u00e3o: projetada pelo arquiteto dinamarqu\u00eas J\u00f8rn Utzon, teve sua obra iniciada em 1959 e conclu\u00edda em 1973. Estrutura: famosa por seu design em formato de conchas\/velas brancas, localizada na ba\u00eda de Sydney. \u00c9 composta por m\u00faltiplas [&hellip;]\" \/>\n<meta property=\"og:url\" content=\"https:\/\/my.stlflix.com\/product\/sydney-opera-house-68c9dde9b3ad3\/\" \/>\n<meta property=\"og:site_name\" content=\"MyStore - By STLFLIX\" \/>\n<meta property=\"article:publisher\" content=\"https:\/\/www.facebook.com\/STLFLIX\" \/>\n<meta property=\"article:modified_time\" content=\"2025-09-24T22:25:49+00:00\" \/>\n<meta property=\"og:image\" content=\"https:\/\/my.stlflix.com\/wp-content\/uploads\/2024\/05\/Sydney_Opera_House_thumb_c8545b4489.jpg\" \/>\n\t<meta property=\"og:image:width\" content=\"1080\" \/>\n\t<meta property=\"og:image:height\" content=\"1350\" \/>\n\t<meta property=\"og:image:type\" content=\"image\/jpeg\" \/>\n<meta name=\"twitter:card\" content=\"summary_large_image\" \/>\n<meta name=\"twitter:label1\" content=\"Est. reading time\" \/>\n\t<meta name=\"twitter:data1\" content=\"1 minute\" \/>\n<script type=\"application\/ld+json\" class=\"yoast-schema-graph\">{\"@context\":\"https:\/\/schema.org\",\"@graph\":[{\"@type\":\"WebPage\",\"@id\":\"https:\/\/my.stlflix.com\/product\/sydney-opera-house-68c9dde9b3ad3\/\",\"url\":\"https:\/\/my.stlflix.com\/product\/sydney-opera-house-68c9dde9b3ad3\/\",\"name\":\"Sydney Opera House\u00a0 - MyStore - By STLFLIX\",\"isPartOf\":{\"@id\":\"https:\/\/my.stlflix.com\/tr\/#website\"},\"primaryImageOfPage\":{\"@id\":\"https:\/\/my.stlflix.com\/product\/sydney-opera-house-68c9dde9b3ad3\/#primaryimage\"},\"image\":{\"@id\":\"https:\/\/my.stlflix.com\/product\/sydney-opera-house-68c9dde9b3ad3\/#primaryimage\"},\"thumbnailUrl\":\"https:\/\/my.stlflix.com\/wp-content\/uploads\/2024\/05\/Sydney_Opera_House_thumb_c8545b4489.jpg\",\"datePublished\":\"2025-09-16T23:36:47+00:00\",\"dateModified\":\"2025-09-24T22:25:49+00:00\",\"breadcrumb\":{\"@id\":\"https:\/\/my.stlflix.com\/product\/sydney-opera-house-68c9dde9b3ad3\/#breadcrumb\"},\"inLanguage\":\"pt-BR\",\"potentialAction\":[{\"@type\":\"ReadAction\",\"target\":[\"https:\/\/my.stlflix.com\/product\/sydney-opera-house-68c9dde9b3ad3\/\"]}]},{\"@type\":\"ImageObject\",\"inLanguage\":\"pt-BR\",\"@id\":\"https:\/\/my.stlflix.com\/product\/sydney-opera-house-68c9dde9b3ad3\/#primaryimage\",\"url\":\"https:\/\/my.stlflix.com\/wp-content\/uploads\/2024\/05\/Sydney_Opera_House_thumb_c8545b4489.jpg\",\"contentUrl\":\"https:\/\/my.stlflix.com\/wp-content\/uploads\/2024\/05\/Sydney_Opera_House_thumb_c8545b4489.jpg\",\"width\":1080,\"height\":1350},{\"@type\":\"BreadcrumbList\",\"@id\":\"https:\/\/my.stlflix.com\/product\/sydney-opera-house-68c9dde9b3ad3\/#breadcrumb\",\"itemListElement\":[{\"@type\":\"ListItem\",\"position\":1,\"name\":\"Home\",\"item\":\"https:\/\/my.stlflix.com\/pt-br\/\"},{\"@type\":\"ListItem\",\"position\":2,\"name\":\"Products\",\"item\":\"https:\/\/my.stlflix.com\/fr\/shop\/\"},{\"@type\":\"ListItem\",\"position\":3,\"name\":\"Sydney Opera House\u00a0\"}]},{\"@type\":\"WebSite\",\"@id\":\"https:\/\/my.stlflix.com\/tr\/#website\",\"url\":\"https:\/\/my.stlflix.com\/tr\/\",\"name\":\"MyStore - By STLFLIX\",\"description\":\"\",\"publisher\":{\"@id\":\"https:\/\/my.stlflix.com\/tr\/#organization\"},\"potentialAction\":[{\"@type\":\"SearchAction\",\"target\":{\"@type\":\"EntryPoint\",\"urlTemplate\":\"https:\/\/my.stlflix.com\/tr\/?s={search_term_string}\"},\"query-input\":{\"@type\":\"PropertyValueSpecification\",\"valueRequired\":true,\"valueName\":\"search_term_string\"}}],\"inLanguage\":\"pt-BR\"},{\"@type\":\"Organization\",\"@id\":\"https:\/\/my.stlflix.com\/tr\/#organization\",\"name\":\"MyStore - By STLFLIX\",\"url\":\"https:\/\/my.stlflix.com\/tr\/\",\"logo\":{\"@type\":\"ImageObject\",\"inLanguage\":\"pt-BR\",\"@id\":\"https:\/\/my.stlflix.com\/tr\/#\/schema\/logo\/image\/\",\"url\":\"https:\/\/my.stlflix.com\/wp-content\/uploads\/2024\/06\/logo-mystore.png\",\"contentUrl\":\"https:\/\/my.stlflix.com\/wp-content\/uploads\/2024\/06\/logo-mystore.png\",\"width\":150,\"height\":41,\"caption\":\"MyStore - By STLFLIX\"},\"image\":{\"@id\":\"https:\/\/my.stlflix.com\/tr\/#\/schema\/logo\/image\/\"},\"sameAs\":[\"https:\/\/www.facebook.com\/STLFLIX\",\"https:\/\/www.instagram.com\/stlflix_\/\",\"https:\/\/www.tiktok.com\/@stlflix\"]}]}<\/script>\n<!-- \/ Yoast SEO plugin. -->","yoast_head_json":{"title":"Sydney Opera House\u00a0 - MyStore - By STLFLIX","robots":{"index":"index","follow":"follow","max-snippet":"max-snippet:-1","max-image-preview":"max-image-preview:large","max-video-preview":"max-video-preview:-1"},"canonical":"https:\/\/my.stlflix.com\/product\/sydney-opera-house-68c9dde9b3ad3\/","og_locale":"pt_BR","og_type":"article","og_title":"Sydney Opera House\u00a0 - MyStore - By STLFLIX","og_description":"A Sydney Opera House \u00e9 um dos edif\u00edcios mais ic\u00f4nicos do mundo e o maior s\u00edmbolo arquitet\u00f4nico da Austr\u00e1lia. Constru\u00e7\u00e3o: projetada pelo arquiteto dinamarqu\u00eas J\u00f8rn Utzon, teve sua obra iniciada em 1959 e conclu\u00edda em 1973. Estrutura: famosa por seu design em formato de conchas\/velas brancas, localizada na ba\u00eda de Sydney. \u00c9 composta por m\u00faltiplas [&hellip;]","og_url":"https:\/\/my.stlflix.com\/product\/sydney-opera-house-68c9dde9b3ad3\/","og_site_name":"MyStore - By STLFLIX","article_publisher":"https:\/\/www.facebook.com\/STLFLIX","article_modified_time":"2025-09-24T22:25:49+00:00","og_image":[{"width":1080,"height":1350,"url":"https:\/\/my.stlflix.com\/wp-content\/uploads\/2024\/05\/Sydney_Opera_House_thumb_c8545b4489.jpg","type":"image\/jpeg"}],"twitter_card":"summary_large_image","twitter_misc":{"Est. reading time":"1 minute"},"schema":{"@context":"https:\/\/schema.org","@graph":[{"@type":"WebPage","@id":"https:\/\/my.stlflix.com\/product\/sydney-opera-house-68c9dde9b3ad3\/","url":"https:\/\/my.stlflix.com\/product\/sydney-opera-house-68c9dde9b3ad3\/","name":"Sydney Opera House\u00a0 - MyStore - By STLFLIX","isPartOf":{"@id":"https:\/\/my.stlflix.com\/tr\/#website"},"primaryImageOfPage":{"@id":"https:\/\/my.stlflix.com\/product\/sydney-opera-house-68c9dde9b3ad3\/#primaryimage"},"image":{"@id":"https:\/\/my.stlflix.com\/product\/sydney-opera-house-68c9dde9b3ad3\/#primaryimage"},"thumbnailUrl":"https:\/\/my.stlflix.com\/wp-content\/uploads\/2024\/05\/Sydney_Opera_House_thumb_c8545b4489.jpg","datePublished":"2025-09-16T23:36:47+00:00","dateModified":"2025-09-24T22:25:49+00:00","breadcrumb":{"@id":"https:\/\/my.stlflix.com\/product\/sydney-opera-house-68c9dde9b3ad3\/#breadcrumb"},"inLanguage":"pt-BR","potentialAction":[{"@type":"ReadAction","target":["https:\/\/my.stlflix.com\/product\/sydney-opera-house-68c9dde9b3ad3\/"]}]},{"@type":"ImageObject","inLanguage":"pt-BR","@id":"https:\/\/my.stlflix.com\/product\/sydney-opera-house-68c9dde9b3ad3\/#primaryimage","url":"https:\/\/my.stlflix.com\/wp-content\/uploads\/2024\/05\/Sydney_Opera_House_thumb_c8545b4489.jpg","contentUrl":"https:\/\/my.stlflix.com\/wp-content\/uploads\/2024\/05\/Sydney_Opera_House_thumb_c8545b4489.jpg","width":1080,"height":1350},{"@type":"BreadcrumbList","@id":"https:\/\/my.stlflix.com\/product\/sydney-opera-house-68c9dde9b3ad3\/#breadcrumb","itemListElement":[{"@type":"ListItem","position":1,"name":"Home","item":"https:\/\/my.stlflix.com\/pt-br\/"},{"@type":"ListItem","position":2,"name":"Products","item":"https:\/\/my.stlflix.com\/fr\/shop\/"},{"@type":"ListItem","position":3,"name":"Sydney Opera House\u00a0"}]},{"@type":"WebSite","@id":"https:\/\/my.stlflix.com\/tr\/#website","url":"https:\/\/my.stlflix.com\/tr\/","name":"MyStore - By STLFLIX","description":"","publisher":{"@id":"https:\/\/my.stlflix.com\/tr\/#organization"},"potentialAction":[{"@type":"SearchAction","target":{"@type":"EntryPoint","urlTemplate":"https:\/\/my.stlflix.com\/tr\/?s={search_term_string}"},"query-input":{"@type":"PropertyValueSpecification","valueRequired":true,"valueName":"search_term_string"}}],"inLanguage":"pt-BR"},{"@type":"Organization","@id":"https:\/\/my.stlflix.com\/tr\/#organization","name":"MyStore - By STLFLIX","url":"https:\/\/my.stlflix.com\/tr\/","logo":{"@type":"ImageObject","inLanguage":"pt-BR","@id":"https:\/\/my.stlflix.com\/tr\/#\/schema\/logo\/image\/","url":"https:\/\/my.stlflix.com\/wp-content\/uploads\/2024\/06\/logo-mystore.png","contentUrl":"https:\/\/my.stlflix.com\/wp-content\/uploads\/2024\/06\/logo-mystore.png","width":150,"height":41,"caption":"MyStore - By STLFLIX"},"image":{"@id":"https:\/\/my.stlflix.com\/tr\/#\/schema\/logo\/image\/"},"sameAs":["https:\/\/www.facebook.com\/STLFLIX","https:\/\/www.instagram.com\/stlflix_\/","https:\/\/www.tiktok.com\/@stlflix"]}]}},"_links":{"self":[{"href":"https:\/\/my.stlflix.com\/pt-br\/wp-json\/wp\/v2\/product\/436691","targetHints":{"allow":["GET"]}}],"collection":[{"href":"https:\/\/my.stlflix.com\/pt-br\/wp-json\/wp\/v2\/product"}],"about":[{"href":"https:\/\/my.stlflix.com\/pt-br\/wp-json\/wp\/v2\/types\/product"}],"replies":[{"embeddable":true,"href":"https:\/\/my.stlflix.com\/pt-br\/wp-json\/wp\/v2\/comments?post=436691"}],"wp:featuredmedia":[{"embeddable":true,"href":"https:\/\/my.stlflix.com\/pt-br\/wp-json\/wp\/v2\/media\/31931"}],"wp:attachment":[{"href":"https:\/\/my.stlflix.com\/pt-br\/wp-json\/wp\/v2\/media?parent=436691"}],"wp:term":[{"taxonomy":"product_brand","embeddable":true,"href":"https:\/\/my.stlflix.com\/pt-br\/wp-json\/wp\/v2\/product_brand?post=436691"},{"taxonomy":"product_cat","embeddable":true,"href":"https:\/\/my.stlflix.com\/pt-br\/wp-json\/wp\/v2\/product_cat?post=436691"},{"taxonomy":"product_tag","embeddable":true,"href":"https:\/\/my.stlflix.com\/pt-br\/wp-json\/wp\/v2\/product_tag?post=436691"}],"curies":[{"name":"wp","href":"https:\/\/api.w.org\/{rel}","templated":true}]}}