{"id":436693,"date":"2025-09-16T23:20:13","date_gmt":"2025-09-16T23:20:13","guid":{"rendered":"https:\/\/my.stlflix.com\/?post_type=product&#038;p=436693"},"modified":"2025-09-24T22:29:02","modified_gmt":"2025-09-24T22:29:02","slug":"tour-eiffel-68c9ddfdc4567","status":"publish","type":"product","link":"https:\/\/my.stlflix.com\/pt-br\/product\/tour-eiffel-68c9ddfdc4567\/","title":{"rendered":"Tour Eiffel\u00a0"},"content":{"rendered":"<p data-start=\"83\" data-end=\"182\">A <strong data-start=\"85\" data-end=\"101\">Torre Eiffel<\/strong> \u00e9 o monumento mais famoso de Paris e um dos \u00edcones mais reconhecidos do mundo.<\/p>\n<ul data-start=\"184\" data-end=\"914\">\n<li data-start=\"184\" data-end=\"370\">\n<p data-start=\"186\" data-end=\"370\"><strong data-start=\"186\" data-end=\"201\">Constru\u00e7\u00e3o:<\/strong> foi projetada pelo engenheiro <strong data-start=\"232\" data-end=\"250\">Gustave Eiffel<\/strong> e inaugurada em <strong data-start=\"267\" data-end=\"275\">1889<\/strong>, durante a Exposi\u00e7\u00e3o Universal de Paris, em comemora\u00e7\u00e3o ao centen\u00e1rio da Revolu\u00e7\u00e3o Francesa.<\/p>\n<\/li>\n<li data-start=\"371\" data-end=\"508\">\n<p data-start=\"373\" data-end=\"508\"><strong data-start=\"373\" data-end=\"387\">Estrutura:<\/strong> feita de ferro forjado, tem <strong data-start=\"416\" data-end=\"440\">330 metros de altura<\/strong> (com antenas) e foi, por d\u00e9cadas, a estrutura mais alta do mundo.<\/p>\n<\/li>\n<li data-start=\"509\" data-end=\"657\">\n<p data-start=\"511\" data-end=\"657\"><strong data-start=\"511\" data-end=\"527\">Repercuss\u00e3o:<\/strong> inicialmente recebeu muitas cr\u00edticas por seu estilo diferente, mas tornou-se s\u00edmbolo da modernidade e do progresso tecnol\u00f3gico.<\/p>\n<\/li>\n<li data-start=\"658\" data-end=\"758\">\n<p data-start=\"660\" data-end=\"758\"><strong data-start=\"660\" data-end=\"671\">Fun\u00e7\u00e3o:<\/strong> al\u00e9m de atra\u00e7\u00e3o tur\u00edstica, j\u00e1 serviu como torre de transmiss\u00e3o de r\u00e1dio e televis\u00e3o.<\/p>\n<\/li>\n<li data-start=\"759\" data-end=\"914\">\n<p data-start=\"761\" data-end=\"914\"><strong data-start=\"761\" data-end=\"776\">Atualidade:<\/strong> \u00e9 o monumento pago mais visitado do mundo, recebendo milh\u00f5es de turistas todos os anos e representando a identidade cultural da Fran\u00e7a.<\/p>\n<\/li>\n<li data-start=\"720\" data-end=\"950\"><strong>Medidas do produto:<\/strong> 9cm x 9cm x 18,6cm<\/li>\n<li data-start=\"720\" data-end=\"950\"><strong>Peso do produto:<\/strong> 0,170 kg<\/li>\n<\/ul>\n","protected":false},"excerpt":{"rendered":"<p>A Torre Eiffel \u00e9 o monumento mais famoso de Paris e um dos \u00edcones mais reconhecidos do mundo. Constru\u00e7\u00e3o: foi projetada pelo engenheiro Gustave Eiffel e inaugurada em 1889, durante a Exposi\u00e7\u00e3o Universal de Paris, em comemora\u00e7\u00e3o ao centen\u00e1rio da Revolu\u00e7\u00e3o Francesa. Estrutura: feita de ferro forjado, tem 330 metros de altura (com antenas) e [&hellip;]<\/p>\n","protected":false},"featured_media":31987,"comment_status":"open","ping_status":"closed","template":"","meta":[],"product_brand":[],"product_cat":[25],"product_tag":[6402],"class_list":{"0":"post-436693","1":"product","2":"type-product","3":"status-publish","4":"has-post-thumbnail","6":"product_cat-home-decor","7":"product_tag-arquitetura","9":"first","10":"onbackorder","11":"purchasable","12":"product-type-simple"},"yoast_head":"<!-- This site is optimized with the Yoast SEO plugin v25.1 - https:\/\/yoast.com\/wordpress\/plugins\/seo\/ -->\n<title>Tour Eiffel\u00a0 - MyStore - By STLFLIX<\/title>\n<meta name=\"robots\" content=\"index, follow, max-snippet:-1, max-image-preview:large, max-video-preview:-1\" \/>\n<link rel=\"canonical\" href=\"https:\/\/my.stlflix.com\/product\/tour-eiffel-68c9ddfdc4567\/\" \/>\n<meta property=\"og:locale\" content=\"pt_BR\" \/>\n<meta property=\"og:type\" content=\"article\" \/>\n<meta property=\"og:title\" content=\"Tour Eiffel\u00a0 - MyStore - By STLFLIX\" \/>\n<meta property=\"og:description\" content=\"A Torre Eiffel \u00e9 o monumento mais famoso de Paris e um dos \u00edcones mais reconhecidos do mundo. Constru\u00e7\u00e3o: foi projetada pelo engenheiro Gustave Eiffel e inaugurada em 1889, durante a Exposi\u00e7\u00e3o Universal de Paris, em comemora\u00e7\u00e3o ao centen\u00e1rio da Revolu\u00e7\u00e3o Francesa. Estrutura: feita de ferro forjado, tem 330 metros de altura (com antenas) e [&hellip;]\" \/>\n<meta property=\"og:url\" content=\"https:\/\/my.stlflix.com\/product\/tour-eiffel-68c9ddfdc4567\/\" \/>\n<meta property=\"og:site_name\" content=\"MyStore - By STLFLIX\" \/>\n<meta property=\"article:publisher\" content=\"https:\/\/www.facebook.com\/STLFLIX\" \/>\n<meta property=\"article:modified_time\" content=\"2025-09-24T22:29:02+00:00\" \/>\n<meta property=\"og:image\" content=\"https:\/\/my.stlflix.com\/wp-content\/uploads\/2024\/05\/Tour_Eiffel_thumb_729bd409b8.jpg\" \/>\n\t<meta property=\"og:image:width\" content=\"1080\" \/>\n\t<meta property=\"og:image:height\" content=\"1350\" \/>\n\t<meta property=\"og:image:type\" content=\"image\/jpeg\" \/>\n<meta name=\"twitter:card\" content=\"summary_large_image\" \/>\n<meta name=\"twitter:label1\" content=\"Est. reading time\" \/>\n\t<meta name=\"twitter:data1\" content=\"1 minute\" \/>\n<script type=\"application\/ld+json\" class=\"yoast-schema-graph\">{\"@context\":\"https:\/\/schema.org\",\"@graph\":[{\"@type\":\"WebPage\",\"@id\":\"https:\/\/my.stlflix.com\/product\/tour-eiffel-68c9ddfdc4567\/\",\"url\":\"https:\/\/my.stlflix.com\/product\/tour-eiffel-68c9ddfdc4567\/\",\"name\":\"Tour Eiffel\u00a0 - MyStore - By STLFLIX\",\"isPartOf\":{\"@id\":\"https:\/\/my.stlflix.com\/tr\/#website\"},\"primaryImageOfPage\":{\"@id\":\"https:\/\/my.stlflix.com\/product\/tour-eiffel-68c9ddfdc4567\/#primaryimage\"},\"image\":{\"@id\":\"https:\/\/my.stlflix.com\/product\/tour-eiffel-68c9ddfdc4567\/#primaryimage\"},\"thumbnailUrl\":\"https:\/\/my.stlflix.com\/wp-content\/uploads\/2024\/05\/Tour_Eiffel_thumb_729bd409b8.jpg\",\"datePublished\":\"2025-09-16T23:20:13+00:00\",\"dateModified\":\"2025-09-24T22:29:02+00:00\",\"breadcrumb\":{\"@id\":\"https:\/\/my.stlflix.com\/product\/tour-eiffel-68c9ddfdc4567\/#breadcrumb\"},\"inLanguage\":\"pt-BR\",\"potentialAction\":[{\"@type\":\"ReadAction\",\"target\":[\"https:\/\/my.stlflix.com\/product\/tour-eiffel-68c9ddfdc4567\/\"]}]},{\"@type\":\"ImageObject\",\"inLanguage\":\"pt-BR\",\"@id\":\"https:\/\/my.stlflix.com\/product\/tour-eiffel-68c9ddfdc4567\/#primaryimage\",\"url\":\"https:\/\/my.stlflix.com\/wp-content\/uploads\/2024\/05\/Tour_Eiffel_thumb_729bd409b8.jpg\",\"contentUrl\":\"https:\/\/my.stlflix.com\/wp-content\/uploads\/2024\/05\/Tour_Eiffel_thumb_729bd409b8.jpg\",\"width\":1080,\"height\":1350},{\"@type\":\"BreadcrumbList\",\"@id\":\"https:\/\/my.stlflix.com\/product\/tour-eiffel-68c9ddfdc4567\/#breadcrumb\",\"itemListElement\":[{\"@type\":\"ListItem\",\"position\":1,\"name\":\"Home\",\"item\":\"https:\/\/my.stlflix.com\/pt-br\/\"},{\"@type\":\"ListItem\",\"position\":2,\"name\":\"Products\",\"item\":\"https:\/\/my.stlflix.com\/fr\/shop\/\"},{\"@type\":\"ListItem\",\"position\":3,\"name\":\"Tour Eiffel\u00a0\"}]},{\"@type\":\"WebSite\",\"@id\":\"https:\/\/my.stlflix.com\/tr\/#website\",\"url\":\"https:\/\/my.stlflix.com\/tr\/\",\"name\":\"MyStore - By STLFLIX\",\"description\":\"\",\"publisher\":{\"@id\":\"https:\/\/my.stlflix.com\/tr\/#organization\"},\"potentialAction\":[{\"@type\":\"SearchAction\",\"target\":{\"@type\":\"EntryPoint\",\"urlTemplate\":\"https:\/\/my.stlflix.com\/tr\/?s={search_term_string}\"},\"query-input\":{\"@type\":\"PropertyValueSpecification\",\"valueRequired\":true,\"valueName\":\"search_term_string\"}}],\"inLanguage\":\"pt-BR\"},{\"@type\":\"Organization\",\"@id\":\"https:\/\/my.stlflix.com\/tr\/#organization\",\"name\":\"MyStore - By STLFLIX\",\"url\":\"https:\/\/my.stlflix.com\/tr\/\",\"logo\":{\"@type\":\"ImageObject\",\"inLanguage\":\"pt-BR\",\"@id\":\"https:\/\/my.stlflix.com\/tr\/#\/schema\/logo\/image\/\",\"url\":\"https:\/\/my.stlflix.com\/wp-content\/uploads\/2024\/06\/logo-mystore.png\",\"contentUrl\":\"https:\/\/my.stlflix.com\/wp-content\/uploads\/2024\/06\/logo-mystore.png\",\"width\":150,\"height\":41,\"caption\":\"MyStore - By STLFLIX\"},\"image\":{\"@id\":\"https:\/\/my.stlflix.com\/tr\/#\/schema\/logo\/image\/\"},\"sameAs\":[\"https:\/\/www.facebook.com\/STLFLIX\",\"https:\/\/www.instagram.com\/stlflix_\/\",\"https:\/\/www.tiktok.com\/@stlflix\"]}]}<\/script>\n<!-- \/ Yoast SEO plugin. -->","yoast_head_json":{"title":"Tour Eiffel\u00a0 - MyStore - By STLFLIX","robots":{"index":"index","follow":"follow","max-snippet":"max-snippet:-1","max-image-preview":"max-image-preview:large","max-video-preview":"max-video-preview:-1"},"canonical":"https:\/\/my.stlflix.com\/product\/tour-eiffel-68c9ddfdc4567\/","og_locale":"pt_BR","og_type":"article","og_title":"Tour Eiffel\u00a0 - MyStore - By STLFLIX","og_description":"A Torre Eiffel \u00e9 o monumento mais famoso de Paris e um dos \u00edcones mais reconhecidos do mundo. Constru\u00e7\u00e3o: foi projetada pelo engenheiro Gustave Eiffel e inaugurada em 1889, durante a Exposi\u00e7\u00e3o Universal de Paris, em comemora\u00e7\u00e3o ao centen\u00e1rio da Revolu\u00e7\u00e3o Francesa. Estrutura: feita de ferro forjado, tem 330 metros de altura (com antenas) e [&hellip;]","og_url":"https:\/\/my.stlflix.com\/product\/tour-eiffel-68c9ddfdc4567\/","og_site_name":"MyStore - By STLFLIX","article_publisher":"https:\/\/www.facebook.com\/STLFLIX","article_modified_time":"2025-09-24T22:29:02+00:00","og_image":[{"width":1080,"height":1350,"url":"https:\/\/my.stlflix.com\/wp-content\/uploads\/2024\/05\/Tour_Eiffel_thumb_729bd409b8.jpg","type":"image\/jpeg"}],"twitter_card":"summary_large_image","twitter_misc":{"Est. reading time":"1 minute"},"schema":{"@context":"https:\/\/schema.org","@graph":[{"@type":"WebPage","@id":"https:\/\/my.stlflix.com\/product\/tour-eiffel-68c9ddfdc4567\/","url":"https:\/\/my.stlflix.com\/product\/tour-eiffel-68c9ddfdc4567\/","name":"Tour Eiffel\u00a0 - MyStore - By STLFLIX","isPartOf":{"@id":"https:\/\/my.stlflix.com\/tr\/#website"},"primaryImageOfPage":{"@id":"https:\/\/my.stlflix.com\/product\/tour-eiffel-68c9ddfdc4567\/#primaryimage"},"image":{"@id":"https:\/\/my.stlflix.com\/product\/tour-eiffel-68c9ddfdc4567\/#primaryimage"},"thumbnailUrl":"https:\/\/my.stlflix.com\/wp-content\/uploads\/2024\/05\/Tour_Eiffel_thumb_729bd409b8.jpg","datePublished":"2025-09-16T23:20:13+00:00","dateModified":"2025-09-24T22:29:02+00:00","breadcrumb":{"@id":"https:\/\/my.stlflix.com\/product\/tour-eiffel-68c9ddfdc4567\/#breadcrumb"},"inLanguage":"pt-BR","potentialAction":[{"@type":"ReadAction","target":["https:\/\/my.stlflix.com\/product\/tour-eiffel-68c9ddfdc4567\/"]}]},{"@type":"ImageObject","inLanguage":"pt-BR","@id":"https:\/\/my.stlflix.com\/product\/tour-eiffel-68c9ddfdc4567\/#primaryimage","url":"https:\/\/my.stlflix.com\/wp-content\/uploads\/2024\/05\/Tour_Eiffel_thumb_729bd409b8.jpg","contentUrl":"https:\/\/my.stlflix.com\/wp-content\/uploads\/2024\/05\/Tour_Eiffel_thumb_729bd409b8.jpg","width":1080,"height":1350},{"@type":"BreadcrumbList","@id":"https:\/\/my.stlflix.com\/product\/tour-eiffel-68c9ddfdc4567\/#breadcrumb","itemListElement":[{"@type":"ListItem","position":1,"name":"Home","item":"https:\/\/my.stlflix.com\/pt-br\/"},{"@type":"ListItem","position":2,"name":"Products","item":"https:\/\/my.stlflix.com\/fr\/shop\/"},{"@type":"ListItem","position":3,"name":"Tour Eiffel\u00a0"}]},{"@type":"WebSite","@id":"https:\/\/my.stlflix.com\/tr\/#website","url":"https:\/\/my.stlflix.com\/tr\/","name":"MyStore - By STLFLIX","description":"","publisher":{"@id":"https:\/\/my.stlflix.com\/tr\/#organization"},"potentialAction":[{"@type":"SearchAction","target":{"@type":"EntryPoint","urlTemplate":"https:\/\/my.stlflix.com\/tr\/?s={search_term_string}"},"query-input":{"@type":"PropertyValueSpecification","valueRequired":true,"valueName":"search_term_string"}}],"inLanguage":"pt-BR"},{"@type":"Organization","@id":"https:\/\/my.stlflix.com\/tr\/#organization","name":"MyStore - By STLFLIX","url":"https:\/\/my.stlflix.com\/tr\/","logo":{"@type":"ImageObject","inLanguage":"pt-BR","@id":"https:\/\/my.stlflix.com\/tr\/#\/schema\/logo\/image\/","url":"https:\/\/my.stlflix.com\/wp-content\/uploads\/2024\/06\/logo-mystore.png","contentUrl":"https:\/\/my.stlflix.com\/wp-content\/uploads\/2024\/06\/logo-mystore.png","width":150,"height":41,"caption":"MyStore - By STLFLIX"},"image":{"@id":"https:\/\/my.stlflix.com\/tr\/#\/schema\/logo\/image\/"},"sameAs":["https:\/\/www.facebook.com\/STLFLIX","https:\/\/www.instagram.com\/stlflix_\/","https:\/\/www.tiktok.com\/@stlflix"]}]}},"_links":{"self":[{"href":"https:\/\/my.stlflix.com\/pt-br\/wp-json\/wp\/v2\/product\/436693","targetHints":{"allow":["GET"]}}],"collection":[{"href":"https:\/\/my.stlflix.com\/pt-br\/wp-json\/wp\/v2\/product"}],"about":[{"href":"https:\/\/my.stlflix.com\/pt-br\/wp-json\/wp\/v2\/types\/product"}],"replies":[{"embeddable":true,"href":"https:\/\/my.stlflix.com\/pt-br\/wp-json\/wp\/v2\/comments?post=436693"}],"wp:featuredmedia":[{"embeddable":true,"href":"https:\/\/my.stlflix.com\/pt-br\/wp-json\/wp\/v2\/media\/31987"}],"wp:attachment":[{"href":"https:\/\/my.stlflix.com\/pt-br\/wp-json\/wp\/v2\/media?parent=436693"}],"wp:term":[{"taxonomy":"product_brand","embeddable":true,"href":"https:\/\/my.stlflix.com\/pt-br\/wp-json\/wp\/v2\/product_brand?post=436693"},{"taxonomy":"product_cat","embeddable":true,"href":"https:\/\/my.stlflix.com\/pt-br\/wp-json\/wp\/v2\/product_cat?post=436693"},{"taxonomy":"product_tag","embeddable":true,"href":"https:\/\/my.stlflix.com\/pt-br\/wp-json\/wp\/v2\/product_tag?post=436693"}],"curies":[{"name":"wp","href":"https:\/\/api.w.org\/{rel}","templated":true}]}}