{"id":436695,"date":"2025-09-16T23:12:29","date_gmt":"2025-09-16T23:12:29","guid":{"rendered":"https:\/\/my.stlflix.com\/?post_type=product&#038;p=436695"},"modified":"2025-09-24T22:30:04","modified_gmt":"2025-09-24T22:30:04","slug":"big-ben-68c9de1652795","status":"publish","type":"product","link":"https:\/\/my.stlflix.com\/pt-br\/product\/big-ben-68c9de1652795\/","title":{"rendered":"Big Ben"},"content":{"rendered":"<p data-start=\"74\" data-end=\"325\">O <strong data-start=\"76\" data-end=\"87\">Big Ben<\/strong> \u00e9 o famoso sino principal da torre do Parlamento Brit\u00e2nico, em Londres. Popularmente, o nome tamb\u00e9m \u00e9 usado para se referir a toda a torre, que oficialmente se chama <strong data-start=\"254\" data-end=\"273\">Elizabeth Tower<\/strong> (desde 2012, em homenagem \u00e0 rainha Elizabeth II).<\/p>\n<ul data-start=\"327\" data-end=\"993\">\n<li data-start=\"327\" data-end=\"468\">\n<p data-start=\"329\" data-end=\"468\"><strong data-start=\"329\" data-end=\"344\">Constru\u00e7\u00e3o:<\/strong> a torre foi conclu\u00edda em <strong data-start=\"370\" data-end=\"378\">1859<\/strong>, junto ao novo Pal\u00e1cio de Westminster, ap\u00f3s um inc\u00eandio que destruiu o antigo edif\u00edcio.<\/p>\n<\/li>\n<li data-start=\"469\" data-end=\"581\">\n<p data-start=\"471\" data-end=\"581\"><strong data-start=\"471\" data-end=\"485\">Estrutura:<\/strong> mede cerca de <strong data-start=\"500\" data-end=\"523\">96 metros de altura<\/strong> e abriga quatro grandes rel\u00f3gios em cada face da torre.<\/p>\n<\/li>\n<li data-start=\"582\" data-end=\"708\">\n<p data-start=\"584\" data-end=\"708\"><strong data-start=\"584\" data-end=\"595\">O sino:<\/strong> o Big Ben em si \u00e9 o sino maior, que pesa mais de <strong data-start=\"645\" data-end=\"661\">13 toneladas<\/strong> e marca as horas com seu som caracter\u00edstico.<\/p>\n<\/li>\n<li data-start=\"709\" data-end=\"857\">\n<p data-start=\"711\" data-end=\"857\"><strong data-start=\"711\" data-end=\"723\">S\u00edmbolo:<\/strong> tornou-se um dos \u00edcones mais reconhecidos de Londres e do Reino Unido, associado \u00e0 tradi\u00e7\u00e3o, \u00e0 pol\u00edtica brit\u00e2nica e \u00e0 pontualidade.<\/p>\n<\/li>\n<li data-start=\"858\" data-end=\"993\">\n<p data-start=\"860\" data-end=\"993\"><strong data-start=\"860\" data-end=\"875\">Atualidade:<\/strong> continua em funcionamento, embora tenha passado por restaura\u00e7\u00f5es recentes para preservar sua estrutura e mecanismo.<\/p>\n<\/li>\n<li data-start=\"720\" data-end=\"950\"><strong>Medidas do produto:<\/strong> 40mm x 40mm x 20,6cm<\/li>\n<li data-start=\"720\" data-end=\"950\"><strong>Peso do produto:<\/strong> 0,100 kg<\/li>\n<\/ul>\n","protected":false},"excerpt":{"rendered":"<p>O Big Ben \u00e9 o famoso sino principal da torre do Parlamento Brit\u00e2nico, em Londres. Popularmente, o nome tamb\u00e9m \u00e9 usado para se referir a toda a torre, que oficialmente se chama Elizabeth Tower (desde 2012, em homenagem \u00e0 rainha Elizabeth II). Constru\u00e7\u00e3o: a torre foi conclu\u00edda em 1859, junto ao novo Pal\u00e1cio de Westminster, [&hellip;]<\/p>\n","protected":false},"featured_media":32040,"comment_status":"open","ping_status":"closed","template":"","meta":[],"product_brand":[],"product_cat":[25],"product_tag":[6402],"class_list":{"0":"post-436695","1":"product","2":"type-product","3":"status-publish","4":"has-post-thumbnail","6":"product_cat-home-decor","7":"product_tag-arquitetura","9":"first","10":"onbackorder","11":"purchasable","12":"product-type-simple"},"yoast_head":"<!-- This site is optimized with the Yoast SEO plugin v25.1 - https:\/\/yoast.com\/wordpress\/plugins\/seo\/ -->\n<title>Big Ben - MyStore - By STLFLIX<\/title>\n<meta name=\"robots\" content=\"index, follow, max-snippet:-1, max-image-preview:large, max-video-preview:-1\" \/>\n<link rel=\"canonical\" href=\"https:\/\/www.testeminhalojamandela.biz\/product\/big-ben-68c9de1652795\/\" \/>\n<meta property=\"og:locale\" content=\"pt_BR\" \/>\n<meta property=\"og:type\" content=\"article\" \/>\n<meta property=\"og:title\" content=\"Big Ben - MyStore - By STLFLIX\" \/>\n<meta property=\"og:description\" content=\"O Big Ben \u00e9 o famoso sino principal da torre do Parlamento Brit\u00e2nico, em Londres. Popularmente, o nome tamb\u00e9m \u00e9 usado para se referir a toda a torre, que oficialmente se chama Elizabeth Tower (desde 2012, em homenagem \u00e0 rainha Elizabeth II). Constru\u00e7\u00e3o: a torre foi conclu\u00edda em 1859, junto ao novo Pal\u00e1cio de Westminster, [&hellip;]\" \/>\n<meta property=\"og:url\" content=\"https:\/\/www.testeminhalojamandela.biz\/product\/big-ben-68c9de1652795\/\" \/>\n<meta property=\"og:site_name\" content=\"MyStore - By STLFLIX\" \/>\n<meta property=\"article:publisher\" content=\"https:\/\/www.facebook.com\/STLFLIX\" \/>\n<meta property=\"article:modified_time\" content=\"2025-09-24T22:30:04+00:00\" \/>\n<meta property=\"og:image\" content=\"https:\/\/www.testeminhalojamandela.biz\/wp-content\/uploads\/2024\/05\/Big_Ben_thumb_4b24483dc4.jpg\" \/>\n\t<meta property=\"og:image:width\" content=\"1080\" \/>\n\t<meta property=\"og:image:height\" content=\"1350\" \/>\n\t<meta property=\"og:image:type\" content=\"image\/jpeg\" \/>\n<meta name=\"twitter:card\" content=\"summary_large_image\" \/>\n<meta name=\"twitter:label1\" content=\"Est. reading time\" \/>\n\t<meta name=\"twitter:data1\" content=\"1 minute\" \/>\n<script type=\"application\/ld+json\" class=\"yoast-schema-graph\">{\"@context\":\"https:\/\/schema.org\",\"@graph\":[{\"@type\":\"WebPage\",\"@id\":\"https:\/\/www.testeminhalojamandela.biz\/product\/big-ben-68c9de1652795\/\",\"url\":\"https:\/\/www.testeminhalojamandela.biz\/product\/big-ben-68c9de1652795\/\",\"name\":\"Big Ben - MyStore - By STLFLIX\",\"isPartOf\":{\"@id\":\"https:\/\/my.stlflix.com\/tr\/#website\"},\"primaryImageOfPage\":{\"@id\":\"https:\/\/www.testeminhalojamandela.biz\/product\/big-ben-68c9de1652795\/#primaryimage\"},\"image\":{\"@id\":\"https:\/\/www.testeminhalojamandela.biz\/product\/big-ben-68c9de1652795\/#primaryimage\"},\"thumbnailUrl\":\"https:\/\/my.stlflix.com\/wp-content\/uploads\/2024\/05\/Big_Ben_thumb_4b24483dc4.jpg\",\"datePublished\":\"2025-09-16T23:12:29+00:00\",\"dateModified\":\"2025-09-24T22:30:04+00:00\",\"breadcrumb\":{\"@id\":\"https:\/\/www.testeminhalojamandela.biz\/product\/big-ben-68c9de1652795\/#breadcrumb\"},\"inLanguage\":\"pt-BR\",\"potentialAction\":[{\"@type\":\"ReadAction\",\"target\":[\"https:\/\/www.testeminhalojamandela.biz\/product\/big-ben-68c9de1652795\/\"]}]},{\"@type\":\"ImageObject\",\"inLanguage\":\"pt-BR\",\"@id\":\"https:\/\/www.testeminhalojamandela.biz\/product\/big-ben-68c9de1652795\/#primaryimage\",\"url\":\"https:\/\/my.stlflix.com\/wp-content\/uploads\/2024\/05\/Big_Ben_thumb_4b24483dc4.jpg\",\"contentUrl\":\"https:\/\/my.stlflix.com\/wp-content\/uploads\/2024\/05\/Big_Ben_thumb_4b24483dc4.jpg\",\"width\":1080,\"height\":1350},{\"@type\":\"BreadcrumbList\",\"@id\":\"https:\/\/www.testeminhalojamandela.biz\/product\/big-ben-68c9de1652795\/#breadcrumb\",\"itemListElement\":[{\"@type\":\"ListItem\",\"position\":1,\"name\":\"Home\",\"item\":\"https:\/\/my.stlflix.com\/pt-br\/\"},{\"@type\":\"ListItem\",\"position\":2,\"name\":\"Products\",\"item\":\"https:\/\/my.stlflix.com\/fr\/shop\/\"},{\"@type\":\"ListItem\",\"position\":3,\"name\":\"Big Ben\"}]},{\"@type\":\"WebSite\",\"@id\":\"https:\/\/my.stlflix.com\/tr\/#website\",\"url\":\"https:\/\/my.stlflix.com\/tr\/\",\"name\":\"MyStore - By STLFLIX\",\"description\":\"\",\"publisher\":{\"@id\":\"https:\/\/my.stlflix.com\/tr\/#organization\"},\"potentialAction\":[{\"@type\":\"SearchAction\",\"target\":{\"@type\":\"EntryPoint\",\"urlTemplate\":\"https:\/\/my.stlflix.com\/tr\/?s={search_term_string}\"},\"query-input\":{\"@type\":\"PropertyValueSpecification\",\"valueRequired\":true,\"valueName\":\"search_term_string\"}}],\"inLanguage\":\"pt-BR\"},{\"@type\":\"Organization\",\"@id\":\"https:\/\/my.stlflix.com\/tr\/#organization\",\"name\":\"MyStore - By STLFLIX\",\"url\":\"https:\/\/my.stlflix.com\/tr\/\",\"logo\":{\"@type\":\"ImageObject\",\"inLanguage\":\"pt-BR\",\"@id\":\"https:\/\/my.stlflix.com\/tr\/#\/schema\/logo\/image\/\",\"url\":\"https:\/\/my.stlflix.com\/wp-content\/uploads\/2024\/06\/logo-mystore.png\",\"contentUrl\":\"https:\/\/my.stlflix.com\/wp-content\/uploads\/2024\/06\/logo-mystore.png\",\"width\":150,\"height\":41,\"caption\":\"MyStore - By STLFLIX\"},\"image\":{\"@id\":\"https:\/\/my.stlflix.com\/tr\/#\/schema\/logo\/image\/\"},\"sameAs\":[\"https:\/\/www.facebook.com\/STLFLIX\",\"https:\/\/www.instagram.com\/stlflix_\/\",\"https:\/\/www.tiktok.com\/@stlflix\"]}]}<\/script>\n<!-- \/ Yoast SEO plugin. -->","yoast_head_json":{"title":"Big Ben - MyStore - By STLFLIX","robots":{"index":"index","follow":"follow","max-snippet":"max-snippet:-1","max-image-preview":"max-image-preview:large","max-video-preview":"max-video-preview:-1"},"canonical":"https:\/\/www.testeminhalojamandela.biz\/product\/big-ben-68c9de1652795\/","og_locale":"pt_BR","og_type":"article","og_title":"Big Ben - MyStore - By STLFLIX","og_description":"O Big Ben \u00e9 o famoso sino principal da torre do Parlamento Brit\u00e2nico, em Londres. Popularmente, o nome tamb\u00e9m \u00e9 usado para se referir a toda a torre, que oficialmente se chama Elizabeth Tower (desde 2012, em homenagem \u00e0 rainha Elizabeth II). Constru\u00e7\u00e3o: a torre foi conclu\u00edda em 1859, junto ao novo Pal\u00e1cio de Westminster, [&hellip;]","og_url":"https:\/\/www.testeminhalojamandela.biz\/product\/big-ben-68c9de1652795\/","og_site_name":"MyStore - By STLFLIX","article_publisher":"https:\/\/www.facebook.com\/STLFLIX","article_modified_time":"2025-09-24T22:30:04+00:00","og_image":[{"width":1080,"height":1350,"url":"https:\/\/www.testeminhalojamandela.biz\/wp-content\/uploads\/2024\/05\/Big_Ben_thumb_4b24483dc4.jpg","type":"image\/jpeg"}],"twitter_card":"summary_large_image","twitter_misc":{"Est. reading time":"1 minute"},"schema":{"@context":"https:\/\/schema.org","@graph":[{"@type":"WebPage","@id":"https:\/\/www.testeminhalojamandela.biz\/product\/big-ben-68c9de1652795\/","url":"https:\/\/www.testeminhalojamandela.biz\/product\/big-ben-68c9de1652795\/","name":"Big Ben - MyStore - By STLFLIX","isPartOf":{"@id":"https:\/\/my.stlflix.com\/tr\/#website"},"primaryImageOfPage":{"@id":"https:\/\/www.testeminhalojamandela.biz\/product\/big-ben-68c9de1652795\/#primaryimage"},"image":{"@id":"https:\/\/www.testeminhalojamandela.biz\/product\/big-ben-68c9de1652795\/#primaryimage"},"thumbnailUrl":"https:\/\/my.stlflix.com\/wp-content\/uploads\/2024\/05\/Big_Ben_thumb_4b24483dc4.jpg","datePublished":"2025-09-16T23:12:29+00:00","dateModified":"2025-09-24T22:30:04+00:00","breadcrumb":{"@id":"https:\/\/www.testeminhalojamandela.biz\/product\/big-ben-68c9de1652795\/#breadcrumb"},"inLanguage":"pt-BR","potentialAction":[{"@type":"ReadAction","target":["https:\/\/www.testeminhalojamandela.biz\/product\/big-ben-68c9de1652795\/"]}]},{"@type":"ImageObject","inLanguage":"pt-BR","@id":"https:\/\/www.testeminhalojamandela.biz\/product\/big-ben-68c9de1652795\/#primaryimage","url":"https:\/\/my.stlflix.com\/wp-content\/uploads\/2024\/05\/Big_Ben_thumb_4b24483dc4.jpg","contentUrl":"https:\/\/my.stlflix.com\/wp-content\/uploads\/2024\/05\/Big_Ben_thumb_4b24483dc4.jpg","width":1080,"height":1350},{"@type":"BreadcrumbList","@id":"https:\/\/www.testeminhalojamandela.biz\/product\/big-ben-68c9de1652795\/#breadcrumb","itemListElement":[{"@type":"ListItem","position":1,"name":"Home","item":"https:\/\/my.stlflix.com\/pt-br\/"},{"@type":"ListItem","position":2,"name":"Products","item":"https:\/\/my.stlflix.com\/fr\/shop\/"},{"@type":"ListItem","position":3,"name":"Big Ben"}]},{"@type":"WebSite","@id":"https:\/\/my.stlflix.com\/tr\/#website","url":"https:\/\/my.stlflix.com\/tr\/","name":"MyStore - By STLFLIX","description":"","publisher":{"@id":"https:\/\/my.stlflix.com\/tr\/#organization"},"potentialAction":[{"@type":"SearchAction","target":{"@type":"EntryPoint","urlTemplate":"https:\/\/my.stlflix.com\/tr\/?s={search_term_string}"},"query-input":{"@type":"PropertyValueSpecification","valueRequired":true,"valueName":"search_term_string"}}],"inLanguage":"pt-BR"},{"@type":"Organization","@id":"https:\/\/my.stlflix.com\/tr\/#organization","name":"MyStore - By STLFLIX","url":"https:\/\/my.stlflix.com\/tr\/","logo":{"@type":"ImageObject","inLanguage":"pt-BR","@id":"https:\/\/my.stlflix.com\/tr\/#\/schema\/logo\/image\/","url":"https:\/\/my.stlflix.com\/wp-content\/uploads\/2024\/06\/logo-mystore.png","contentUrl":"https:\/\/my.stlflix.com\/wp-content\/uploads\/2024\/06\/logo-mystore.png","width":150,"height":41,"caption":"MyStore - By STLFLIX"},"image":{"@id":"https:\/\/my.stlflix.com\/tr\/#\/schema\/logo\/image\/"},"sameAs":["https:\/\/www.facebook.com\/STLFLIX","https:\/\/www.instagram.com\/stlflix_\/","https:\/\/www.tiktok.com\/@stlflix"]}]}},"_links":{"self":[{"href":"https:\/\/my.stlflix.com\/pt-br\/wp-json\/wp\/v2\/product\/436695","targetHints":{"allow":["GET"]}}],"collection":[{"href":"https:\/\/my.stlflix.com\/pt-br\/wp-json\/wp\/v2\/product"}],"about":[{"href":"https:\/\/my.stlflix.com\/pt-br\/wp-json\/wp\/v2\/types\/product"}],"replies":[{"embeddable":true,"href":"https:\/\/my.stlflix.com\/pt-br\/wp-json\/wp\/v2\/comments?post=436695"}],"wp:featuredmedia":[{"embeddable":true,"href":"https:\/\/my.stlflix.com\/pt-br\/wp-json\/wp\/v2\/media\/32040"}],"wp:attachment":[{"href":"https:\/\/my.stlflix.com\/pt-br\/wp-json\/wp\/v2\/media?parent=436695"}],"wp:term":[{"taxonomy":"product_brand","embeddable":true,"href":"https:\/\/my.stlflix.com\/pt-br\/wp-json\/wp\/v2\/product_brand?post=436695"},{"taxonomy":"product_cat","embeddable":true,"href":"https:\/\/my.stlflix.com\/pt-br\/wp-json\/wp\/v2\/product_cat?post=436695"},{"taxonomy":"product_tag","embeddable":true,"href":"https:\/\/my.stlflix.com\/pt-br\/wp-json\/wp\/v2\/product_tag?post=436695"}],"curies":[{"name":"wp","href":"https:\/\/api.w.org\/{rel}","templated":true}]}}