{"id":459857,"date":"2025-10-29T22:08:30","date_gmt":"2025-10-29T22:08:30","guid":{"rendered":"https:\/\/my.stlflix.com\/?post_type=product&#038;p=459857"},"modified":"2025-10-29T22:34:27","modified_gmt":"2025-10-29T22:34:27","slug":"skeleton-t-rex-6902891ce5866","status":"publish","type":"product","link":"https:\/\/my.stlflix.com\/pt-br\/product\/skeleton-t-rex-6902891ce5866\/","title":{"rendered":"Esqueleto T-Rex"},"content":{"rendered":"<p>Adiciona um toque pr\u00e9-hist\u00f3rico \u00e0 tua cole\u00e7\u00e3o com este esqueleto articulado de dinossauro, impresso em 3D!<br \/>\nCada dinossauro \u00e9 meticulosamente projetado e possui articula\u00e7\u00f5es m\u00f3veis para proporcionar divers\u00e3o e realismo.<\/p>\n<p>\u2728 Caracter\u00edsticas:<\/p>\n<p>Modelo articulado \u2014 Cabe\u00e7a, patas e cauda movem-se! \ud83e\uddb4<\/p>\n<p>Cole\u00e7\u00e3o Completa \u2014 Este dinossauro faz parte de uma s\u00e9rie de 6 modelos \u00fanicos, cada um com sua personalidade. T-Rex, Velociraptor, Triceratops, Stegosaurus, Ankylosaurus e Parasaurolophus!<\/p>\n<p>Tamanho aproximado: 7 cm de altura, 10cm de comprimento [personaliz\u00e1vel]<\/p>\n<p>Cor: Bege (outros tons dispon\u00edveis por encomenda)<\/p>\n<p>Material: PLA ecol\u00f3gico e resistente<\/p>\n<p>Impress\u00e3o 3D de alta qualidade, com aten\u00e7\u00e3o aos detalhes<\/p>\n<p>\ud83d\udca5 Op\u00e7\u00f5es de Compra:<\/p>\n<p>Vende-se individualmente \u2014 Compra apenas este dinossauro!<\/p>\n<p>Ou compra a cole\u00e7\u00e3o completa de 6 dinossauros \u2014 Para colecionadores e amantes de dinossauros!<\/p>\n<p>\ud83c\udf81 Ideal para:<\/p>\n<p>Presentes criativos para crian\u00e7as e adultos<\/p>\n<p>Decora\u00e7\u00e3o tem\u00e1tica ou geek<\/p>\n<p>Brincadeiras educativas e interativas<\/p>\n<p>\ud83d\udce6 Produto novo, feito sob encomenda e enviado com seguran\u00e7a.<\/p>\n<p>\ud83d\udcac Interessado na cole\u00e7\u00e3o inteira ou em mais detalhes? Envia-me uma mensagem e esclare\u00e7o todas as d\u00favidas!<\/p>\n","protected":false},"excerpt":{"rendered":"<p>Adiciona um toque pr\u00e9-hist\u00f3rico \u00e0 tua cole\u00e7\u00e3o com este esqueleto articulado de dinossauro, impresso em 3D! Cada dinossauro \u00e9 meticulosamente projetado e possui articula\u00e7\u00f5es m\u00f3veis para proporcionar divers\u00e3o e realismo. \u2728 Caracter\u00edsticas: Modelo articulado \u2014 Cabe\u00e7a, patas e cauda movem-se! \ud83e\uddb4 Cole\u00e7\u00e3o Completa \u2014 Este dinossauro faz parte de uma s\u00e9rie de 6 modelos \u00fanicos, [&hellip;]<\/p>\n","protected":false},"featured_media":454618,"comment_status":"open","ping_status":"closed","template":"","meta":[],"product_brand":[],"product_cat":[15],"product_tag":[6839,5882],"class_list":{"0":"post-459857","1":"product","2":"type-product","3":"status-publish","4":"has-post-thumbnail","6":"product_cat-uncategorized","7":"product_tag-brinquedo-sensorial","8":"product_tag-brinquedos-articulados","10":"first","11":"instock","12":"taxable","13":"shipping-taxable","14":"purchasable","15":"product-type-simple"},"yoast_head":"<!-- This site is optimized with the Yoast SEO plugin v25.1 - https:\/\/yoast.com\/wordpress\/plugins\/seo\/ -->\n<title>Esqueleto T-Rex - MyStore - By STLFLIX<\/title>\n<meta name=\"robots\" content=\"index, follow, max-snippet:-1, max-image-preview:large, max-video-preview:-1\" \/>\n<link rel=\"canonical\" href=\"https:\/\/my.stlflix.com\/es\/product\/skeleton-t-rex-6902891ce5866\/\" \/>\n<meta property=\"og:locale\" content=\"pt_BR\" \/>\n<meta property=\"og:type\" content=\"article\" \/>\n<meta property=\"og:title\" content=\"Esqueleto T-Rex - MyStore - By STLFLIX\" \/>\n<meta property=\"og:description\" content=\"Adiciona um toque pr\u00e9-hist\u00f3rico \u00e0 tua cole\u00e7\u00e3o com este esqueleto articulado de dinossauro, impresso em 3D! Cada dinossauro \u00e9 meticulosamente projetado e possui articula\u00e7\u00f5es m\u00f3veis para proporcionar divers\u00e3o e realismo. \u2728 Caracter\u00edsticas: Modelo articulado \u2014 Cabe\u00e7a, patas e cauda movem-se! \ud83e\uddb4 Cole\u00e7\u00e3o Completa \u2014 Este dinossauro faz parte de uma s\u00e9rie de 6 modelos \u00fanicos, [&hellip;]\" \/>\n<meta property=\"og:url\" content=\"https:\/\/my.stlflix.com\/es\/product\/skeleton-t-rex-6902891ce5866\/\" \/>\n<meta property=\"og:site_name\" content=\"MyStore - By STLFLIX\" \/>\n<meta property=\"article:publisher\" content=\"https:\/\/www.facebook.com\/STLFLIX\" \/>\n<meta property=\"article:modified_time\" content=\"2025-10-29T22:34:27+00:00\" \/>\n<meta property=\"og:image\" content=\"https:\/\/my.stlflix.com\/wp-content\/uploads\/2025\/10\/Skeleton_T_Rex_thumb_18c74b02c0.png\" \/>\n\t<meta property=\"og:image:width\" content=\"1080\" \/>\n\t<meta property=\"og:image:height\" content=\"1350\" \/>\n\t<meta property=\"og:image:type\" content=\"image\/png\" \/>\n<meta name=\"twitter:card\" content=\"summary_large_image\" \/>\n<meta name=\"twitter:label1\" content=\"Est. reading time\" \/>\n\t<meta name=\"twitter:data1\" content=\"1 minute\" \/>\n<script type=\"application\/ld+json\" class=\"yoast-schema-graph\">{\"@context\":\"https:\/\/schema.org\",\"@graph\":[{\"@type\":\"WebPage\",\"@id\":\"https:\/\/my.stlflix.com\/es\/product\/skeleton-t-rex-6902891ce5866\/\",\"url\":\"https:\/\/my.stlflix.com\/es\/product\/skeleton-t-rex-6902891ce5866\/\",\"name\":\"Esqueleto T-Rex - MyStore - By STLFLIX\",\"isPartOf\":{\"@id\":\"https:\/\/www.stlflix-store.com\/#website\"},\"primaryImageOfPage\":{\"@id\":\"https:\/\/my.stlflix.com\/es\/product\/skeleton-t-rex-6902891ce5866\/#primaryimage\"},\"image\":{\"@id\":\"https:\/\/my.stlflix.com\/es\/product\/skeleton-t-rex-6902891ce5866\/#primaryimage\"},\"thumbnailUrl\":\"https:\/\/my.stlflix.com\/wp-content\/uploads\/2025\/10\/Skeleton_T_Rex_thumb_18c74b02c0.png\",\"datePublished\":\"2025-10-29T22:08:30+00:00\",\"dateModified\":\"2025-10-29T22:34:27+00:00\",\"breadcrumb\":{\"@id\":\"https:\/\/my.stlflix.com\/es\/product\/skeleton-t-rex-6902891ce5866\/#breadcrumb\"},\"inLanguage\":\"pt-BR\",\"potentialAction\":[{\"@type\":\"ReadAction\",\"target\":[\"https:\/\/my.stlflix.com\/es\/product\/skeleton-t-rex-6902891ce5866\/\"]}]},{\"@type\":\"ImageObject\",\"inLanguage\":\"pt-BR\",\"@id\":\"https:\/\/my.stlflix.com\/es\/product\/skeleton-t-rex-6902891ce5866\/#primaryimage\",\"url\":\"https:\/\/my.stlflix.com\/wp-content\/uploads\/2025\/10\/Skeleton_T_Rex_thumb_18c74b02c0.png\",\"contentUrl\":\"https:\/\/my.stlflix.com\/wp-content\/uploads\/2025\/10\/Skeleton_T_Rex_thumb_18c74b02c0.png\",\"width\":1080,\"height\":1350},{\"@type\":\"BreadcrumbList\",\"@id\":\"https:\/\/my.stlflix.com\/es\/product\/skeleton-t-rex-6902891ce5866\/#breadcrumb\",\"itemListElement\":[{\"@type\":\"ListItem\",\"position\":1,\"name\":\"Home\",\"item\":\"https:\/\/my.stlflix.com\/pt-br\/\"},{\"@type\":\"ListItem\",\"position\":2,\"name\":\"Products\",\"item\":\"https:\/\/www.lojadomandela3d.biz\/shop\/\"},{\"@type\":\"ListItem\",\"position\":3,\"name\":\"Esqueleto T-Rex\"}]},{\"@type\":\"WebSite\",\"@id\":\"https:\/\/www.stlflix-store.com\/#website\",\"url\":\"https:\/\/www.stlflix-store.com\/\",\"name\":\"MyStore - By STLFLIX\",\"description\":\"\",\"publisher\":{\"@id\":\"https:\/\/www.stlflix-store.com\/#organization\"},\"potentialAction\":[{\"@type\":\"SearchAction\",\"target\":{\"@type\":\"EntryPoint\",\"urlTemplate\":\"https:\/\/www.stlflix-store.com\/?s={search_term_string}\"},\"query-input\":{\"@type\":\"PropertyValueSpecification\",\"valueRequired\":true,\"valueName\":\"search_term_string\"}}],\"inLanguage\":\"pt-BR\"},{\"@type\":\"Organization\",\"@id\":\"https:\/\/www.stlflix-store.com\/#organization\",\"name\":\"MyStore - By STLFLIX\",\"url\":\"https:\/\/www.stlflix-store.com\/\",\"logo\":{\"@type\":\"ImageObject\",\"inLanguage\":\"pt-BR\",\"@id\":\"https:\/\/www.stlflix-store.com\/#\/schema\/logo\/image\/\",\"url\":\"https:\/\/my.stlflix.com\/wp-content\/uploads\/2024\/06\/logo-mystore.png\",\"contentUrl\":\"https:\/\/my.stlflix.com\/wp-content\/uploads\/2024\/06\/logo-mystore.png\",\"width\":150,\"height\":41,\"caption\":\"MyStore - By STLFLIX\"},\"image\":{\"@id\":\"https:\/\/www.stlflix-store.com\/#\/schema\/logo\/image\/\"},\"sameAs\":[\"https:\/\/www.facebook.com\/STLFLIX\",\"https:\/\/www.instagram.com\/stlflix_\/\",\"https:\/\/www.tiktok.com\/@stlflix\"]}]}<\/script>\n<!-- \/ Yoast SEO plugin. -->","yoast_head_json":{"title":"Esqueleto T-Rex - MyStore - By STLFLIX","robots":{"index":"index","follow":"follow","max-snippet":"max-snippet:-1","max-image-preview":"max-image-preview:large","max-video-preview":"max-video-preview:-1"},"canonical":"https:\/\/my.stlflix.com\/es\/product\/skeleton-t-rex-6902891ce5866\/","og_locale":"pt_BR","og_type":"article","og_title":"Esqueleto T-Rex - MyStore - By STLFLIX","og_description":"Adiciona um toque pr\u00e9-hist\u00f3rico \u00e0 tua cole\u00e7\u00e3o com este esqueleto articulado de dinossauro, impresso em 3D! Cada dinossauro \u00e9 meticulosamente projetado e possui articula\u00e7\u00f5es m\u00f3veis para proporcionar divers\u00e3o e realismo. \u2728 Caracter\u00edsticas: Modelo articulado \u2014 Cabe\u00e7a, patas e cauda movem-se! \ud83e\uddb4 Cole\u00e7\u00e3o Completa \u2014 Este dinossauro faz parte de uma s\u00e9rie de 6 modelos \u00fanicos, [&hellip;]","og_url":"https:\/\/my.stlflix.com\/es\/product\/skeleton-t-rex-6902891ce5866\/","og_site_name":"MyStore - By STLFLIX","article_publisher":"https:\/\/www.facebook.com\/STLFLIX","article_modified_time":"2025-10-29T22:34:27+00:00","og_image":[{"width":1080,"height":1350,"url":"https:\/\/my.stlflix.com\/wp-content\/uploads\/2025\/10\/Skeleton_T_Rex_thumb_18c74b02c0.png","type":"image\/png"}],"twitter_card":"summary_large_image","twitter_misc":{"Est. reading time":"1 minute"},"schema":{"@context":"https:\/\/schema.org","@graph":[{"@type":"WebPage","@id":"https:\/\/my.stlflix.com\/es\/product\/skeleton-t-rex-6902891ce5866\/","url":"https:\/\/my.stlflix.com\/es\/product\/skeleton-t-rex-6902891ce5866\/","name":"Esqueleto T-Rex - MyStore - By STLFLIX","isPartOf":{"@id":"https:\/\/www.stlflix-store.com\/#website"},"primaryImageOfPage":{"@id":"https:\/\/my.stlflix.com\/es\/product\/skeleton-t-rex-6902891ce5866\/#primaryimage"},"image":{"@id":"https:\/\/my.stlflix.com\/es\/product\/skeleton-t-rex-6902891ce5866\/#primaryimage"},"thumbnailUrl":"https:\/\/my.stlflix.com\/wp-content\/uploads\/2025\/10\/Skeleton_T_Rex_thumb_18c74b02c0.png","datePublished":"2025-10-29T22:08:30+00:00","dateModified":"2025-10-29T22:34:27+00:00","breadcrumb":{"@id":"https:\/\/my.stlflix.com\/es\/product\/skeleton-t-rex-6902891ce5866\/#breadcrumb"},"inLanguage":"pt-BR","potentialAction":[{"@type":"ReadAction","target":["https:\/\/my.stlflix.com\/es\/product\/skeleton-t-rex-6902891ce5866\/"]}]},{"@type":"ImageObject","inLanguage":"pt-BR","@id":"https:\/\/my.stlflix.com\/es\/product\/skeleton-t-rex-6902891ce5866\/#primaryimage","url":"https:\/\/my.stlflix.com\/wp-content\/uploads\/2025\/10\/Skeleton_T_Rex_thumb_18c74b02c0.png","contentUrl":"https:\/\/my.stlflix.com\/wp-content\/uploads\/2025\/10\/Skeleton_T_Rex_thumb_18c74b02c0.png","width":1080,"height":1350},{"@type":"BreadcrumbList","@id":"https:\/\/my.stlflix.com\/es\/product\/skeleton-t-rex-6902891ce5866\/#breadcrumb","itemListElement":[{"@type":"ListItem","position":1,"name":"Home","item":"https:\/\/my.stlflix.com\/pt-br\/"},{"@type":"ListItem","position":2,"name":"Products","item":"https:\/\/www.lojadomandela3d.biz\/shop\/"},{"@type":"ListItem","position":3,"name":"Esqueleto T-Rex"}]},{"@type":"WebSite","@id":"https:\/\/www.stlflix-store.com\/#website","url":"https:\/\/www.stlflix-store.com\/","name":"MyStore - By STLFLIX","description":"","publisher":{"@id":"https:\/\/www.stlflix-store.com\/#organization"},"potentialAction":[{"@type":"SearchAction","target":{"@type":"EntryPoint","urlTemplate":"https:\/\/www.stlflix-store.com\/?s={search_term_string}"},"query-input":{"@type":"PropertyValueSpecification","valueRequired":true,"valueName":"search_term_string"}}],"inLanguage":"pt-BR"},{"@type":"Organization","@id":"https:\/\/www.stlflix-store.com\/#organization","name":"MyStore - By STLFLIX","url":"https:\/\/www.stlflix-store.com\/","logo":{"@type":"ImageObject","inLanguage":"pt-BR","@id":"https:\/\/www.stlflix-store.com\/#\/schema\/logo\/image\/","url":"https:\/\/my.stlflix.com\/wp-content\/uploads\/2024\/06\/logo-mystore.png","contentUrl":"https:\/\/my.stlflix.com\/wp-content\/uploads\/2024\/06\/logo-mystore.png","width":150,"height":41,"caption":"MyStore - By STLFLIX"},"image":{"@id":"https:\/\/www.stlflix-store.com\/#\/schema\/logo\/image\/"},"sameAs":["https:\/\/www.facebook.com\/STLFLIX","https:\/\/www.instagram.com\/stlflix_\/","https:\/\/www.tiktok.com\/@stlflix"]}]}},"_links":{"self":[{"href":"https:\/\/my.stlflix.com\/pt-br\/wp-json\/wp\/v2\/product\/459857","targetHints":{"allow":["GET"]}}],"collection":[{"href":"https:\/\/my.stlflix.com\/pt-br\/wp-json\/wp\/v2\/product"}],"about":[{"href":"https:\/\/my.stlflix.com\/pt-br\/wp-json\/wp\/v2\/types\/product"}],"replies":[{"embeddable":true,"href":"https:\/\/my.stlflix.com\/pt-br\/wp-json\/wp\/v2\/comments?post=459857"}],"wp:featuredmedia":[{"embeddable":true,"href":"https:\/\/my.stlflix.com\/pt-br\/wp-json\/wp\/v2\/media\/454618"}],"wp:attachment":[{"href":"https:\/\/my.stlflix.com\/pt-br\/wp-json\/wp\/v2\/media?parent=459857"}],"wp:term":[{"taxonomy":"product_brand","embeddable":true,"href":"https:\/\/my.stlflix.com\/pt-br\/wp-json\/wp\/v2\/product_brand?post=459857"},{"taxonomy":"product_cat","embeddable":true,"href":"https:\/\/my.stlflix.com\/pt-br\/wp-json\/wp\/v2\/product_cat?post=459857"},{"taxonomy":"product_tag","embeddable":true,"href":"https:\/\/my.stlflix.com\/pt-br\/wp-json\/wp\/v2\/product_tag?post=459857"}],"curies":[{"name":"wp","href":"https:\/\/api.w.org\/{rel}","templated":true}]}}