{"id":483020,"date":"2025-11-24T22:21:21","date_gmt":"2025-11-24T22:21:21","guid":{"rendered":"https:\/\/my.stlflix.com\/?post_type=product&#038;p=483020"},"modified":"2025-11-24T22:22:35","modified_gmt":"2025-11-24T22:22:35","slug":"horizon-floor-lamp-6924d7b2c8d1c","status":"publish","type":"product","link":"https:\/\/my.stlflix.com\/pt-br\/product\/horizon-floor-lamp-6924d7b2c8d1c\/","title":{"rendered":"Horizon &#8211; Floor Lamp"},"content":{"rendered":"<p data-start=\"160\" data-end=\"432\">La <em data-start=\"163\" data-end=\"183\">Horizon Floor Lamp<\/em> est une lampe sculpturale pens\u00e9e pour offrir une <strong data-start=\"233\" data-end=\"274\">illumination douce, large et continue<\/strong>. Gr\u00e2ce \u00e0 ses formes arrondies et son design \u00e9pur\u00e9, elle diffuse une lumi\u00e8re apaisante qui transforme instantan\u00e9ment l\u2019atmosph\u00e8re de n\u2019importe quelle pi\u00e8ce.<\/p>\n<p data-start=\"434\" data-end=\"685\">Son halo chaleureux rappelle la douceur d\u2019une lumi\u00e8re naturelle au cr\u00e9puscule, cr\u00e9ant un environnement calme et relaxant. Avec sa hauteur impressionnante d\u2019environ <strong data-start=\"598\" data-end=\"608\">160 cm<\/strong>, elle devient un v\u00e9ritable \u00e9l\u00e9ment d\u00e9coratif autant qu\u2019une source lumineuse.<\/p>\n","protected":false},"excerpt":{"rendered":"<p>La Horizon Floor Lamp est une lampe sculpturale pens\u00e9e pour offrir une illumination douce, large et continue. Gr\u00e2ce \u00e0 ses formes arrondies et son design \u00e9pur\u00e9, elle diffuse une lumi\u00e8re apaisante qui transforme instantan\u00e9ment l\u2019atmosph\u00e8re de n\u2019importe quelle pi\u00e8ce. Son halo chaleureux rappelle la douceur d\u2019une lumi\u00e8re naturelle au cr\u00e9puscule, cr\u00e9ant un environnement calme et [&hellip;]<\/p>\n","protected":false},"featured_media":482359,"comment_status":"open","ping_status":"closed","template":"","meta":[],"product_brand":[],"product_cat":[15],"product_tag":[7027],"class_list":{"0":"post-483020","1":"product","2":"type-product","3":"status-publish","4":"has-post-thumbnail","6":"product_cat-uncategorized","7":"product_tag-homelights","9":"first","10":"instock","11":"shipping-taxable","12":"purchasable","13":"product-type-simple"},"yoast_head":"<!-- This site is optimized with the Yoast SEO plugin v25.1 - https:\/\/yoast.com\/wordpress\/plugins\/seo\/ -->\n<title>Horizon - Floor Lamp - MyStore - By STLFLIX<\/title>\n<meta name=\"robots\" content=\"index, follow, max-snippet:-1, max-image-preview:large, max-video-preview:-1\" \/>\n<link rel=\"canonical\" href=\"https:\/\/my.stlflix.com\/es\/product\/horizon-floor-lamp-6924d7b2c8d1c\/\" \/>\n<meta property=\"og:locale\" content=\"pt_BR\" \/>\n<meta property=\"og:type\" content=\"article\" \/>\n<meta property=\"og:title\" content=\"Horizon - Floor Lamp - MyStore - By STLFLIX\" \/>\n<meta property=\"og:description\" content=\"La Horizon Floor Lamp est une lampe sculpturale pens\u00e9e pour offrir une illumination douce, large et continue. Gr\u00e2ce \u00e0 ses formes arrondies et son design \u00e9pur\u00e9, elle diffuse une lumi\u00e8re apaisante qui transforme instantan\u00e9ment l\u2019atmosph\u00e8re de n\u2019importe quelle pi\u00e8ce. Son halo chaleureux rappelle la douceur d\u2019une lumi\u00e8re naturelle au cr\u00e9puscule, cr\u00e9ant un environnement calme et [&hellip;]\" \/>\n<meta property=\"og:url\" content=\"https:\/\/my.stlflix.com\/es\/product\/horizon-floor-lamp-6924d7b2c8d1c\/\" \/>\n<meta property=\"og:site_name\" content=\"MyStore - By STLFLIX\" \/>\n<meta property=\"article:publisher\" content=\"https:\/\/www.facebook.com\/STLFLIX\" \/>\n<meta property=\"article:modified_time\" content=\"2025-11-24T22:22:35+00:00\" \/>\n<meta property=\"og:image\" content=\"https:\/\/my.stlflix.com\/wp-content\/uploads\/2025\/11\/Horizon_Floor_Lamp_thumb_93a8d10301.png\" \/>\n\t<meta property=\"og:image:width\" content=\"1080\" \/>\n\t<meta property=\"og:image:height\" content=\"1350\" \/>\n\t<meta property=\"og:image:type\" content=\"image\/png\" \/>\n<meta name=\"twitter:card\" content=\"summary_large_image\" \/>\n<script type=\"application\/ld+json\" class=\"yoast-schema-graph\">{\"@context\":\"https:\/\/schema.org\",\"@graph\":[{\"@type\":\"WebPage\",\"@id\":\"https:\/\/my.stlflix.com\/es\/product\/horizon-floor-lamp-6924d7b2c8d1c\/\",\"url\":\"https:\/\/my.stlflix.com\/es\/product\/horizon-floor-lamp-6924d7b2c8d1c\/\",\"name\":\"Horizon - Floor Lamp - MyStore - By STLFLIX\",\"isPartOf\":{\"@id\":\"https:\/\/my.stlflix.com\/#website\"},\"primaryImageOfPage\":{\"@id\":\"https:\/\/my.stlflix.com\/es\/product\/horizon-floor-lamp-6924d7b2c8d1c\/#primaryimage\"},\"image\":{\"@id\":\"https:\/\/my.stlflix.com\/es\/product\/horizon-floor-lamp-6924d7b2c8d1c\/#primaryimage\"},\"thumbnailUrl\":\"https:\/\/my.stlflix.com\/wp-content\/uploads\/2025\/11\/Horizon_Floor_Lamp_thumb_93a8d10301.png\",\"datePublished\":\"2025-11-24T22:21:21+00:00\",\"dateModified\":\"2025-11-24T22:22:35+00:00\",\"breadcrumb\":{\"@id\":\"https:\/\/my.stlflix.com\/es\/product\/horizon-floor-lamp-6924d7b2c8d1c\/#breadcrumb\"},\"inLanguage\":\"pt-BR\",\"potentialAction\":[{\"@type\":\"ReadAction\",\"target\":[\"https:\/\/my.stlflix.com\/es\/product\/horizon-floor-lamp-6924d7b2c8d1c\/\"]}]},{\"@type\":\"ImageObject\",\"inLanguage\":\"pt-BR\",\"@id\":\"https:\/\/my.stlflix.com\/es\/product\/horizon-floor-lamp-6924d7b2c8d1c\/#primaryimage\",\"url\":\"https:\/\/my.stlflix.com\/wp-content\/uploads\/2025\/11\/Horizon_Floor_Lamp_thumb_93a8d10301.png\",\"contentUrl\":\"https:\/\/my.stlflix.com\/wp-content\/uploads\/2025\/11\/Horizon_Floor_Lamp_thumb_93a8d10301.png\",\"width\":1080,\"height\":1350},{\"@type\":\"BreadcrumbList\",\"@id\":\"https:\/\/my.stlflix.com\/es\/product\/horizon-floor-lamp-6924d7b2c8d1c\/#breadcrumb\",\"itemListElement\":[{\"@type\":\"ListItem\",\"position\":1,\"name\":\"Home\",\"item\":\"https:\/\/my.stlflix.com\/pt-br\/\"},{\"@type\":\"ListItem\",\"position\":2,\"name\":\"Products\",\"item\":\"https:\/\/www.stlflix-store.com\/shop\/\"},{\"@type\":\"ListItem\",\"position\":3,\"name\":\"Horizon &#8211; Floor Lamp\"}]},{\"@type\":\"WebSite\",\"@id\":\"https:\/\/my.stlflix.com\/#website\",\"url\":\"https:\/\/my.stlflix.com\/\",\"name\":\"MyStore - By STLFLIX\",\"description\":\"\",\"publisher\":{\"@id\":\"https:\/\/my.stlflix.com\/#organization\"},\"potentialAction\":[{\"@type\":\"SearchAction\",\"target\":{\"@type\":\"EntryPoint\",\"urlTemplate\":\"https:\/\/my.stlflix.com\/?s={search_term_string}\"},\"query-input\":{\"@type\":\"PropertyValueSpecification\",\"valueRequired\":true,\"valueName\":\"search_term_string\"}}],\"inLanguage\":\"pt-BR\"},{\"@type\":\"Organization\",\"@id\":\"https:\/\/my.stlflix.com\/#organization\",\"name\":\"MyStore - By STLFLIX\",\"url\":\"https:\/\/my.stlflix.com\/\",\"logo\":{\"@type\":\"ImageObject\",\"inLanguage\":\"pt-BR\",\"@id\":\"https:\/\/my.stlflix.com\/#\/schema\/logo\/image\/\",\"url\":\"https:\/\/my.stlflix.com\/wp-content\/uploads\/2024\/06\/logo-mystore.png\",\"contentUrl\":\"https:\/\/my.stlflix.com\/wp-content\/uploads\/2024\/06\/logo-mystore.png\",\"width\":150,\"height\":41,\"caption\":\"MyStore - By STLFLIX\"},\"image\":{\"@id\":\"https:\/\/my.stlflix.com\/#\/schema\/logo\/image\/\"},\"sameAs\":[\"https:\/\/www.facebook.com\/STLFLIX\",\"https:\/\/www.instagram.com\/stlflix_\/\",\"https:\/\/www.tiktok.com\/@stlflix\"]}]}<\/script>\n<!-- \/ Yoast SEO plugin. -->","yoast_head_json":{"title":"Horizon - Floor Lamp - MyStore - By STLFLIX","robots":{"index":"index","follow":"follow","max-snippet":"max-snippet:-1","max-image-preview":"max-image-preview:large","max-video-preview":"max-video-preview:-1"},"canonical":"https:\/\/my.stlflix.com\/es\/product\/horizon-floor-lamp-6924d7b2c8d1c\/","og_locale":"pt_BR","og_type":"article","og_title":"Horizon - Floor Lamp - MyStore - By STLFLIX","og_description":"La Horizon Floor Lamp est une lampe sculpturale pens\u00e9e pour offrir une illumination douce, large et continue. Gr\u00e2ce \u00e0 ses formes arrondies et son design \u00e9pur\u00e9, elle diffuse une lumi\u00e8re apaisante qui transforme instantan\u00e9ment l\u2019atmosph\u00e8re de n\u2019importe quelle pi\u00e8ce. Son halo chaleureux rappelle la douceur d\u2019une lumi\u00e8re naturelle au cr\u00e9puscule, cr\u00e9ant un environnement calme et [&hellip;]","og_url":"https:\/\/my.stlflix.com\/es\/product\/horizon-floor-lamp-6924d7b2c8d1c\/","og_site_name":"MyStore - By STLFLIX","article_publisher":"https:\/\/www.facebook.com\/STLFLIX","article_modified_time":"2025-11-24T22:22:35+00:00","og_image":[{"width":1080,"height":1350,"url":"https:\/\/my.stlflix.com\/wp-content\/uploads\/2025\/11\/Horizon_Floor_Lamp_thumb_93a8d10301.png","type":"image\/png"}],"twitter_card":"summary_large_image","schema":{"@context":"https:\/\/schema.org","@graph":[{"@type":"WebPage","@id":"https:\/\/my.stlflix.com\/es\/product\/horizon-floor-lamp-6924d7b2c8d1c\/","url":"https:\/\/my.stlflix.com\/es\/product\/horizon-floor-lamp-6924d7b2c8d1c\/","name":"Horizon - Floor Lamp - MyStore - By STLFLIX","isPartOf":{"@id":"https:\/\/my.stlflix.com\/#website"},"primaryImageOfPage":{"@id":"https:\/\/my.stlflix.com\/es\/product\/horizon-floor-lamp-6924d7b2c8d1c\/#primaryimage"},"image":{"@id":"https:\/\/my.stlflix.com\/es\/product\/horizon-floor-lamp-6924d7b2c8d1c\/#primaryimage"},"thumbnailUrl":"https:\/\/my.stlflix.com\/wp-content\/uploads\/2025\/11\/Horizon_Floor_Lamp_thumb_93a8d10301.png","datePublished":"2025-11-24T22:21:21+00:00","dateModified":"2025-11-24T22:22:35+00:00","breadcrumb":{"@id":"https:\/\/my.stlflix.com\/es\/product\/horizon-floor-lamp-6924d7b2c8d1c\/#breadcrumb"},"inLanguage":"pt-BR","potentialAction":[{"@type":"ReadAction","target":["https:\/\/my.stlflix.com\/es\/product\/horizon-floor-lamp-6924d7b2c8d1c\/"]}]},{"@type":"ImageObject","inLanguage":"pt-BR","@id":"https:\/\/my.stlflix.com\/es\/product\/horizon-floor-lamp-6924d7b2c8d1c\/#primaryimage","url":"https:\/\/my.stlflix.com\/wp-content\/uploads\/2025\/11\/Horizon_Floor_Lamp_thumb_93a8d10301.png","contentUrl":"https:\/\/my.stlflix.com\/wp-content\/uploads\/2025\/11\/Horizon_Floor_Lamp_thumb_93a8d10301.png","width":1080,"height":1350},{"@type":"BreadcrumbList","@id":"https:\/\/my.stlflix.com\/es\/product\/horizon-floor-lamp-6924d7b2c8d1c\/#breadcrumb","itemListElement":[{"@type":"ListItem","position":1,"name":"Home","item":"https:\/\/my.stlflix.com\/pt-br\/"},{"@type":"ListItem","position":2,"name":"Products","item":"https:\/\/www.stlflix-store.com\/shop\/"},{"@type":"ListItem","position":3,"name":"Horizon &#8211; Floor Lamp"}]},{"@type":"WebSite","@id":"https:\/\/my.stlflix.com\/#website","url":"https:\/\/my.stlflix.com\/","name":"MyStore - By STLFLIX","description":"","publisher":{"@id":"https:\/\/my.stlflix.com\/#organization"},"potentialAction":[{"@type":"SearchAction","target":{"@type":"EntryPoint","urlTemplate":"https:\/\/my.stlflix.com\/?s={search_term_string}"},"query-input":{"@type":"PropertyValueSpecification","valueRequired":true,"valueName":"search_term_string"}}],"inLanguage":"pt-BR"},{"@type":"Organization","@id":"https:\/\/my.stlflix.com\/#organization","name":"MyStore - By STLFLIX","url":"https:\/\/my.stlflix.com\/","logo":{"@type":"ImageObject","inLanguage":"pt-BR","@id":"https:\/\/my.stlflix.com\/#\/schema\/logo\/image\/","url":"https:\/\/my.stlflix.com\/wp-content\/uploads\/2024\/06\/logo-mystore.png","contentUrl":"https:\/\/my.stlflix.com\/wp-content\/uploads\/2024\/06\/logo-mystore.png","width":150,"height":41,"caption":"MyStore - By STLFLIX"},"image":{"@id":"https:\/\/my.stlflix.com\/#\/schema\/logo\/image\/"},"sameAs":["https:\/\/www.facebook.com\/STLFLIX","https:\/\/www.instagram.com\/stlflix_\/","https:\/\/www.tiktok.com\/@stlflix"]}]}},"_links":{"self":[{"href":"https:\/\/my.stlflix.com\/pt-br\/wp-json\/wp\/v2\/product\/483020","targetHints":{"allow":["GET"]}}],"collection":[{"href":"https:\/\/my.stlflix.com\/pt-br\/wp-json\/wp\/v2\/product"}],"about":[{"href":"https:\/\/my.stlflix.com\/pt-br\/wp-json\/wp\/v2\/types\/product"}],"replies":[{"embeddable":true,"href":"https:\/\/my.stlflix.com\/pt-br\/wp-json\/wp\/v2\/comments?post=483020"}],"wp:featuredmedia":[{"embeddable":true,"href":"https:\/\/my.stlflix.com\/pt-br\/wp-json\/wp\/v2\/media\/482359"}],"wp:attachment":[{"href":"https:\/\/my.stlflix.com\/pt-br\/wp-json\/wp\/v2\/media?parent=483020"}],"wp:term":[{"taxonomy":"product_brand","embeddable":true,"href":"https:\/\/my.stlflix.com\/pt-br\/wp-json\/wp\/v2\/product_brand?post=483020"},{"taxonomy":"product_cat","embeddable":true,"href":"https:\/\/my.stlflix.com\/pt-br\/wp-json\/wp\/v2\/product_cat?post=483020"},{"taxonomy":"product_tag","embeddable":true,"href":"https:\/\/my.stlflix.com\/pt-br\/wp-json\/wp\/v2\/product_tag?post=483020"}],"curies":[{"name":"wp","href":"https:\/\/api.w.org\/{rel}","templated":true}]}}