{"id":483023,"date":"2025-11-24T22:33:24","date_gmt":"2025-11-24T22:33:24","guid":{"rendered":"https:\/\/my.stlflix.com\/?post_type=product&#038;p=483023"},"modified":"2025-11-24T22:33:25","modified_gmt":"2025-11-24T22:33:25","slug":"beacon-floor-lamp-6924dbda8899d","status":"publish","type":"product","link":"https:\/\/my.stlflix.com\/pt-br\/product\/beacon-floor-lamp-6924dbda8899d\/","title":{"rendered":"Beacon &#8211; Floor Lamp"},"content":{"rendered":"<p data-start=\"229\" data-end=\"526\">La <em data-start=\"232\" data-end=\"240\">Beacon<\/em> est bien plus qu\u2019une simple lampe : c\u2019est une sculpture lumineuse qui s\u2019\u00e9l\u00e8ve comme une colonne vivante au c\u0153ur de votre int\u00e9rieur. Sa silhouette \u00e9lanc\u00e9e, compos\u00e9e de courbes fluides et d\u2019un encha\u00eenement harmonieux de modules lumineux, cr\u00e9e une pr\u00e9sence \u00e0 la fois moderne et apaisante.<\/p>\n<p data-start=\"528\" data-end=\"841\">Son \u00e9clairage vertical diffuse une lumi\u00e8re douce et enveloppante, id\u00e9ale pour instaurer une ambiance chaleureuse et sophistiqu\u00e9e dans un salon, un coin lecture ou une chambre. Son design minimaliste lui permet de s\u2019int\u00e9grer dans n\u2019importe quel d\u00e9cor tout en devenant instantan\u00e9ment la pi\u00e8ce ma\u00eetresse de la pi\u00e8ce.<\/p>\n<p data-start=\"843\" data-end=\"1083\">Alliance parfaite entre \u00e9l\u00e9gance contemporaine et expression artistique, la <em data-start=\"919\" data-end=\"927\">Beacon<\/em> offre un \u00e9quilibre subtil entre lumi\u00e8re, structure et \u00e9motion. Elle attire le regard, apaise les sens et sublime votre espace avec une touche de caract\u00e8re.<\/p>\n","protected":false},"excerpt":{"rendered":"<p>La Beacon est bien plus qu\u2019une simple lampe : c\u2019est une sculpture lumineuse qui s\u2019\u00e9l\u00e8ve comme une colonne vivante au c\u0153ur de votre int\u00e9rieur. Sa silhouette \u00e9lanc\u00e9e, compos\u00e9e de courbes fluides et d\u2019un encha\u00eenement harmonieux de modules lumineux, cr\u00e9e une pr\u00e9sence \u00e0 la fois moderne et apaisante. Son \u00e9clairage vertical diffuse une lumi\u00e8re douce et [&hellip;]<\/p>\n","protected":false},"featured_media":483044,"comment_status":"open","ping_status":"closed","template":"","meta":[],"product_brand":[],"product_cat":[15],"product_tag":[7027],"class_list":{"0":"post-483023","1":"product","2":"type-product","3":"status-publish","4":"has-post-thumbnail","6":"product_cat-uncategorized","7":"product_tag-homelights","9":"first","10":"instock","11":"taxable","12":"shipping-taxable","13":"purchasable","14":"product-type-simple"},"yoast_head":"<!-- This site is optimized with the Yoast SEO plugin v25.1 - https:\/\/yoast.com\/wordpress\/plugins\/seo\/ -->\n<title>Beacon - Floor Lamp - MyStore - By STLFLIX<\/title>\n<meta name=\"robots\" content=\"index, follow, max-snippet:-1, max-image-preview:large, max-video-preview:-1\" \/>\n<link rel=\"canonical\" href=\"https:\/\/my.stlflix.com\/product\/beacon-floor-lamp-6924dbda8899d\/\" \/>\n<meta property=\"og:locale\" content=\"pt_BR\" \/>\n<meta property=\"og:type\" content=\"article\" \/>\n<meta property=\"og:title\" content=\"Beacon - Floor Lamp - MyStore - By STLFLIX\" \/>\n<meta property=\"og:description\" content=\"La Beacon est bien plus qu\u2019une simple lampe : c\u2019est une sculpture lumineuse qui s\u2019\u00e9l\u00e8ve comme une colonne vivante au c\u0153ur de votre int\u00e9rieur. Sa silhouette \u00e9lanc\u00e9e, compos\u00e9e de courbes fluides et d\u2019un encha\u00eenement harmonieux de modules lumineux, cr\u00e9e une pr\u00e9sence \u00e0 la fois moderne et apaisante. Son \u00e9clairage vertical diffuse une lumi\u00e8re douce et [&hellip;]\" \/>\n<meta property=\"og:url\" content=\"https:\/\/my.stlflix.com\/product\/beacon-floor-lamp-6924dbda8899d\/\" \/>\n<meta property=\"og:site_name\" content=\"MyStore - By STLFLIX\" \/>\n<meta property=\"article:publisher\" content=\"https:\/\/www.facebook.com\/STLFLIX\" \/>\n<meta property=\"article:modified_time\" content=\"2025-11-24T22:33:25+00:00\" \/>\n<meta property=\"og:image\" content=\"https:\/\/my.stlflix.com\/wp-content\/uploads\/2025\/11\/cropped-Beacon_Floor_Lamp_3_b54316abe8.webp\" \/>\n\t<meta property=\"og:image:width\" content=\"699\" \/>\n\t<meta property=\"og:image:height\" content=\"873\" \/>\n\t<meta property=\"og:image:type\" content=\"image\/webp\" \/>\n<meta name=\"twitter:card\" content=\"summary_large_image\" \/>\n<meta name=\"twitter:label1\" content=\"Est. reading time\" \/>\n\t<meta name=\"twitter:data1\" content=\"1 minute\" \/>\n<script type=\"application\/ld+json\" class=\"yoast-schema-graph\">{\"@context\":\"https:\/\/schema.org\",\"@graph\":[{\"@type\":\"WebPage\",\"@id\":\"https:\/\/my.stlflix.com\/product\/beacon-floor-lamp-6924dbda8899d\/\",\"url\":\"https:\/\/my.stlflix.com\/product\/beacon-floor-lamp-6924dbda8899d\/\",\"name\":\"Beacon - Floor Lamp - MyStore - By STLFLIX\",\"isPartOf\":{\"@id\":\"https:\/\/my.stlflix.com\/#website\"},\"primaryImageOfPage\":{\"@id\":\"https:\/\/my.stlflix.com\/product\/beacon-floor-lamp-6924dbda8899d\/#primaryimage\"},\"image\":{\"@id\":\"https:\/\/my.stlflix.com\/product\/beacon-floor-lamp-6924dbda8899d\/#primaryimage\"},\"thumbnailUrl\":\"https:\/\/my.stlflix.com\/wp-content\/uploads\/2025\/11\/cropped-Beacon_Floor_Lamp_3_b54316abe8.webp\",\"datePublished\":\"2025-11-24T22:33:24+00:00\",\"dateModified\":\"2025-11-24T22:33:25+00:00\",\"breadcrumb\":{\"@id\":\"https:\/\/my.stlflix.com\/product\/beacon-floor-lamp-6924dbda8899d\/#breadcrumb\"},\"inLanguage\":\"pt-BR\",\"potentialAction\":[{\"@type\":\"ReadAction\",\"target\":[\"https:\/\/my.stlflix.com\/product\/beacon-floor-lamp-6924dbda8899d\/\"]}]},{\"@type\":\"ImageObject\",\"inLanguage\":\"pt-BR\",\"@id\":\"https:\/\/my.stlflix.com\/product\/beacon-floor-lamp-6924dbda8899d\/#primaryimage\",\"url\":\"https:\/\/my.stlflix.com\/wp-content\/uploads\/2025\/11\/cropped-Beacon_Floor_Lamp_3_b54316abe8.webp\",\"contentUrl\":\"https:\/\/my.stlflix.com\/wp-content\/uploads\/2025\/11\/cropped-Beacon_Floor_Lamp_3_b54316abe8.webp\",\"width\":699,\"height\":873},{\"@type\":\"BreadcrumbList\",\"@id\":\"https:\/\/my.stlflix.com\/product\/beacon-floor-lamp-6924dbda8899d\/#breadcrumb\",\"itemListElement\":[{\"@type\":\"ListItem\",\"position\":1,\"name\":\"Home\",\"item\":\"https:\/\/my.stlflix.com\/pt-br\/\"},{\"@type\":\"ListItem\",\"position\":2,\"name\":\"Products\",\"item\":\"https:\/\/www.stlflix-store.com\/shop\/\"},{\"@type\":\"ListItem\",\"position\":3,\"name\":\"Beacon &#8211; Floor Lamp\"}]},{\"@type\":\"WebSite\",\"@id\":\"https:\/\/my.stlflix.com\/#website\",\"url\":\"https:\/\/my.stlflix.com\/\",\"name\":\"MyStore - By STLFLIX\",\"description\":\"\",\"publisher\":{\"@id\":\"https:\/\/my.stlflix.com\/#organization\"},\"potentialAction\":[{\"@type\":\"SearchAction\",\"target\":{\"@type\":\"EntryPoint\",\"urlTemplate\":\"https:\/\/my.stlflix.com\/?s={search_term_string}\"},\"query-input\":{\"@type\":\"PropertyValueSpecification\",\"valueRequired\":true,\"valueName\":\"search_term_string\"}}],\"inLanguage\":\"pt-BR\"},{\"@type\":\"Organization\",\"@id\":\"https:\/\/my.stlflix.com\/#organization\",\"name\":\"MyStore - By STLFLIX\",\"url\":\"https:\/\/my.stlflix.com\/\",\"logo\":{\"@type\":\"ImageObject\",\"inLanguage\":\"pt-BR\",\"@id\":\"https:\/\/my.stlflix.com\/#\/schema\/logo\/image\/\",\"url\":\"https:\/\/my.stlflix.com\/wp-content\/uploads\/2024\/06\/logo-mystore.png\",\"contentUrl\":\"https:\/\/my.stlflix.com\/wp-content\/uploads\/2024\/06\/logo-mystore.png\",\"width\":150,\"height\":41,\"caption\":\"MyStore - By STLFLIX\"},\"image\":{\"@id\":\"https:\/\/my.stlflix.com\/#\/schema\/logo\/image\/\"},\"sameAs\":[\"https:\/\/www.facebook.com\/STLFLIX\",\"https:\/\/www.instagram.com\/stlflix_\/\",\"https:\/\/www.tiktok.com\/@stlflix\"]}]}<\/script>\n<!-- \/ Yoast SEO plugin. -->","yoast_head_json":{"title":"Beacon - Floor Lamp - MyStore - By STLFLIX","robots":{"index":"index","follow":"follow","max-snippet":"max-snippet:-1","max-image-preview":"max-image-preview:large","max-video-preview":"max-video-preview:-1"},"canonical":"https:\/\/my.stlflix.com\/product\/beacon-floor-lamp-6924dbda8899d\/","og_locale":"pt_BR","og_type":"article","og_title":"Beacon - Floor Lamp - MyStore - By STLFLIX","og_description":"La Beacon est bien plus qu\u2019une simple lampe : c\u2019est une sculpture lumineuse qui s\u2019\u00e9l\u00e8ve comme une colonne vivante au c\u0153ur de votre int\u00e9rieur. Sa silhouette \u00e9lanc\u00e9e, compos\u00e9e de courbes fluides et d\u2019un encha\u00eenement harmonieux de modules lumineux, cr\u00e9e une pr\u00e9sence \u00e0 la fois moderne et apaisante. Son \u00e9clairage vertical diffuse une lumi\u00e8re douce et [&hellip;]","og_url":"https:\/\/my.stlflix.com\/product\/beacon-floor-lamp-6924dbda8899d\/","og_site_name":"MyStore - By STLFLIX","article_publisher":"https:\/\/www.facebook.com\/STLFLIX","article_modified_time":"2025-11-24T22:33:25+00:00","og_image":[{"width":699,"height":873,"url":"https:\/\/my.stlflix.com\/wp-content\/uploads\/2025\/11\/cropped-Beacon_Floor_Lamp_3_b54316abe8.webp","type":"image\/webp"}],"twitter_card":"summary_large_image","twitter_misc":{"Est. reading time":"1 minute"},"schema":{"@context":"https:\/\/schema.org","@graph":[{"@type":"WebPage","@id":"https:\/\/my.stlflix.com\/product\/beacon-floor-lamp-6924dbda8899d\/","url":"https:\/\/my.stlflix.com\/product\/beacon-floor-lamp-6924dbda8899d\/","name":"Beacon - Floor Lamp - MyStore - By STLFLIX","isPartOf":{"@id":"https:\/\/my.stlflix.com\/#website"},"primaryImageOfPage":{"@id":"https:\/\/my.stlflix.com\/product\/beacon-floor-lamp-6924dbda8899d\/#primaryimage"},"image":{"@id":"https:\/\/my.stlflix.com\/product\/beacon-floor-lamp-6924dbda8899d\/#primaryimage"},"thumbnailUrl":"https:\/\/my.stlflix.com\/wp-content\/uploads\/2025\/11\/cropped-Beacon_Floor_Lamp_3_b54316abe8.webp","datePublished":"2025-11-24T22:33:24+00:00","dateModified":"2025-11-24T22:33:25+00:00","breadcrumb":{"@id":"https:\/\/my.stlflix.com\/product\/beacon-floor-lamp-6924dbda8899d\/#breadcrumb"},"inLanguage":"pt-BR","potentialAction":[{"@type":"ReadAction","target":["https:\/\/my.stlflix.com\/product\/beacon-floor-lamp-6924dbda8899d\/"]}]},{"@type":"ImageObject","inLanguage":"pt-BR","@id":"https:\/\/my.stlflix.com\/product\/beacon-floor-lamp-6924dbda8899d\/#primaryimage","url":"https:\/\/my.stlflix.com\/wp-content\/uploads\/2025\/11\/cropped-Beacon_Floor_Lamp_3_b54316abe8.webp","contentUrl":"https:\/\/my.stlflix.com\/wp-content\/uploads\/2025\/11\/cropped-Beacon_Floor_Lamp_3_b54316abe8.webp","width":699,"height":873},{"@type":"BreadcrumbList","@id":"https:\/\/my.stlflix.com\/product\/beacon-floor-lamp-6924dbda8899d\/#breadcrumb","itemListElement":[{"@type":"ListItem","position":1,"name":"Home","item":"https:\/\/my.stlflix.com\/pt-br\/"},{"@type":"ListItem","position":2,"name":"Products","item":"https:\/\/www.stlflix-store.com\/shop\/"},{"@type":"ListItem","position":3,"name":"Beacon &#8211; Floor Lamp"}]},{"@type":"WebSite","@id":"https:\/\/my.stlflix.com\/#website","url":"https:\/\/my.stlflix.com\/","name":"MyStore - By STLFLIX","description":"","publisher":{"@id":"https:\/\/my.stlflix.com\/#organization"},"potentialAction":[{"@type":"SearchAction","target":{"@type":"EntryPoint","urlTemplate":"https:\/\/my.stlflix.com\/?s={search_term_string}"},"query-input":{"@type":"PropertyValueSpecification","valueRequired":true,"valueName":"search_term_string"}}],"inLanguage":"pt-BR"},{"@type":"Organization","@id":"https:\/\/my.stlflix.com\/#organization","name":"MyStore - By STLFLIX","url":"https:\/\/my.stlflix.com\/","logo":{"@type":"ImageObject","inLanguage":"pt-BR","@id":"https:\/\/my.stlflix.com\/#\/schema\/logo\/image\/","url":"https:\/\/my.stlflix.com\/wp-content\/uploads\/2024\/06\/logo-mystore.png","contentUrl":"https:\/\/my.stlflix.com\/wp-content\/uploads\/2024\/06\/logo-mystore.png","width":150,"height":41,"caption":"MyStore - By STLFLIX"},"image":{"@id":"https:\/\/my.stlflix.com\/#\/schema\/logo\/image\/"},"sameAs":["https:\/\/www.facebook.com\/STLFLIX","https:\/\/www.instagram.com\/stlflix_\/","https:\/\/www.tiktok.com\/@stlflix"]}]}},"_links":{"self":[{"href":"https:\/\/my.stlflix.com\/pt-br\/wp-json\/wp\/v2\/product\/483023","targetHints":{"allow":["GET"]}}],"collection":[{"href":"https:\/\/my.stlflix.com\/pt-br\/wp-json\/wp\/v2\/product"}],"about":[{"href":"https:\/\/my.stlflix.com\/pt-br\/wp-json\/wp\/v2\/types\/product"}],"replies":[{"embeddable":true,"href":"https:\/\/my.stlflix.com\/pt-br\/wp-json\/wp\/v2\/comments?post=483023"}],"wp:featuredmedia":[{"embeddable":true,"href":"https:\/\/my.stlflix.com\/pt-br\/wp-json\/wp\/v2\/media\/483044"}],"wp:attachment":[{"href":"https:\/\/my.stlflix.com\/pt-br\/wp-json\/wp\/v2\/media?parent=483023"}],"wp:term":[{"taxonomy":"product_brand","embeddable":true,"href":"https:\/\/my.stlflix.com\/pt-br\/wp-json\/wp\/v2\/product_brand?post=483023"},{"taxonomy":"product_cat","embeddable":true,"href":"https:\/\/my.stlflix.com\/pt-br\/wp-json\/wp\/v2\/product_cat?post=483023"},{"taxonomy":"product_tag","embeddable":true,"href":"https:\/\/my.stlflix.com\/pt-br\/wp-json\/wp\/v2\/product_tag?post=483023"}],"curies":[{"name":"wp","href":"https:\/\/api.w.org\/{rel}","templated":true}]}}