{"id":483134,"date":"2025-11-25T02:05:13","date_gmt":"2025-11-25T02:05:13","guid":{"rendered":"https:\/\/my.stlflix.com\/?post_type=product&#038;p=483134"},"modified":"2025-11-25T02:16:33","modified_gmt":"2025-11-25T02:16:33","slug":"placa-decorativa-heineken-impressao-3d-premium","status":"publish","type":"product","link":"https:\/\/my.stlflix.com\/pt-br\/product\/placa-decorativa-heineken-impressao-3d-premium\/","title":{"rendered":"Placa Decorativa Heineken \u2013 Impress\u00e3o 3D Premium"},"content":{"rendered":"<p class=\"p1\">\n<h3><b>Placa Decorativa Heineken \u2013 Impress\u00e3o 3D Premium<\/b><\/h3>\n<p>&nbsp;<\/p>\n<p class=\"p3\">Destaque seu ambiente com esta placa decorativa inspirada no \u00edcone mundial <span class=\"s2\"><b>Heineken<\/b><\/span>. Produzida em <span class=\"s2\"><b>impress\u00e3o 3D de alta qualidade<\/b><\/span>, o item possui acabamento impec\u00e1vel, cores vibrantes e design em camadas que d\u00e1 profundidade e destaque \u00e0 pe\u00e7a.<\/p>\n<p class=\"p3\">\u2714 <span class=\"s2\"><b>Material:<\/b><\/span> PLA Premium<\/p>\n<p class=\"p3\">\u2714 <span class=\"s2\"><b>Acabamento:<\/b><\/span> Liso, com alta defini\u00e7\u00e3o<\/p>\n<p class=\"p3\">\u2714 <span class=\"s2\"><b>Cores:<\/b><\/span> Preto, verde, branco e vermelho<\/p>\n<p class=\"p3\">\u2714 <span class=\"s2\"><b>Tamanho:<\/b><\/span> Ideal para prateleiras, bares, estantes, \u00e1rea gourmet e decora\u00e7\u00e3o tem\u00e1tica<\/p>\n<p class=\"p4\"><span class=\"s3\">\u2714 <\/span><b>Dur\u00e1vel e leve<\/b><b><\/b><\/p>\n<p class=\"p4\"><span class=\"s3\">\u2714 <\/span><b>Base est\u00e1vel para apoio<\/b><b><\/b><\/p>\n<p class=\"p3\">Uma \u00f3tima op\u00e7\u00e3o para quem gosta de decora\u00e7\u00e3o tem\u00e1tica, colecionadores, amantes de cervejas e tamb\u00e9m como presente criativo para amigos e familiares.<\/p>\n<blockquote><p><span class=\"s2\"><b>Observa\u00e7\u00e3o:<\/b><\/span> Trata-se de um item decorativo feito artesanalmente em impress\u00e3o 3D e n\u00e3o possui v\u00ednculo oficial com a marca Heineken.<\/p><\/blockquote>\n","protected":false},"excerpt":{"rendered":"<p>Placa Decorativa Heineken \u2013 Impress\u00e3o 3D Premium &nbsp; Destaque seu ambiente com esta placa decorativa inspirada no \u00edcone mundial Heineken. Produzida em impress\u00e3o 3D de alta qualidade, o item possui acabamento impec\u00e1vel, cores vibrantes e design em camadas que d\u00e1 profundidade e destaque \u00e0 pe\u00e7a. \u2714 Material: PLA Premium \u2714 Acabamento: Liso, com alta defini\u00e7\u00e3o [&hellip;]<\/p>\n","protected":false},"featured_media":483145,"comment_status":"open","ping_status":"closed","template":"","meta":[],"product_brand":[],"product_cat":[15],"product_tag":[6022,6928],"class_list":{"0":"post-483134","1":"product","2":"type-product","3":"status-publish","4":"has-post-thumbnail","6":"product_cat-uncategorized","7":"product_tag-decoracao-3","8":"product_tag-iluminacao","10":"first","11":"instock","12":"sale","13":"taxable","14":"shipping-taxable","15":"purchasable","16":"product-type-simple"},"yoast_head":"<!-- This site is optimized with the Yoast SEO plugin v25.1 - https:\/\/yoast.com\/wordpress\/plugins\/seo\/ -->\n<title>Placa Decorativa Heineken \u2013 Impress\u00e3o 3D Premium - MyStore - By STLFLIX<\/title>\n<meta name=\"robots\" content=\"index, follow, max-snippet:-1, max-image-preview:large, max-video-preview:-1\" \/>\n<link rel=\"canonical\" href=\"https:\/\/www.monitorstlflix.online\/pt-br\/product\/placa-decorativa-heineken-impressao-3d-premium\/\" \/>\n<meta property=\"og:locale\" content=\"pt_BR\" \/>\n<meta property=\"og:type\" content=\"article\" \/>\n<meta property=\"og:title\" content=\"Placa Decorativa Heineken \u2013 Impress\u00e3o 3D Premium - MyStore - By STLFLIX\" \/>\n<meta property=\"og:description\" content=\"Placa Decorativa Heineken \u2013 Impress\u00e3o 3D Premium &nbsp; Destaque seu ambiente com esta placa decorativa inspirada no \u00edcone mundial Heineken. Produzida em impress\u00e3o 3D de alta qualidade, o item possui acabamento impec\u00e1vel, cores vibrantes e design em camadas que d\u00e1 profundidade e destaque \u00e0 pe\u00e7a. \u2714 Material: PLA Premium \u2714 Acabamento: Liso, com alta defini\u00e7\u00e3o [&hellip;]\" \/>\n<meta property=\"og:url\" content=\"https:\/\/www.monitorstlflix.online\/pt-br\/product\/placa-decorativa-heineken-impressao-3d-premium\/\" \/>\n<meta property=\"og:site_name\" content=\"MyStore - By STLFLIX\" \/>\n<meta property=\"article:publisher\" content=\"https:\/\/www.facebook.com\/STLFLIX\" \/>\n<meta property=\"article:modified_time\" content=\"2025-11-25T02:16:33+00:00\" \/>\n<meta property=\"og:image\" content=\"https:\/\/www.monitorstlflix.online\/wp-content\/uploads\/2025\/11\/cropped-IMG_2292-scaled-1.jpeg\" \/>\n\t<meta property=\"og:image:width\" content=\"2400\" \/>\n\t<meta property=\"og:image:height\" content=\"2400\" \/>\n\t<meta property=\"og:image:type\" content=\"image\/jpeg\" \/>\n<meta name=\"twitter:card\" content=\"summary_large_image\" \/>\n<meta name=\"twitter:label1\" content=\"Est. reading time\" \/>\n\t<meta name=\"twitter:data1\" content=\"1 minute\" \/>\n<script type=\"application\/ld+json\" class=\"yoast-schema-graph\">{\"@context\":\"https:\/\/schema.org\",\"@graph\":[{\"@type\":\"WebPage\",\"@id\":\"https:\/\/www.monitorstlflix.online\/pt-br\/product\/placa-decorativa-heineken-impressao-3d-premium\/\",\"url\":\"https:\/\/www.monitorstlflix.online\/pt-br\/product\/placa-decorativa-heineken-impressao-3d-premium\/\",\"name\":\"Placa Decorativa Heineken \u2013 Impress\u00e3o 3D Premium - MyStore - By STLFLIX\",\"isPartOf\":{\"@id\":\"https:\/\/my.stlflix.com\/tr\/#website\"},\"primaryImageOfPage\":{\"@id\":\"https:\/\/www.monitorstlflix.online\/pt-br\/product\/placa-decorativa-heineken-impressao-3d-premium\/#primaryimage\"},\"image\":{\"@id\":\"https:\/\/www.monitorstlflix.online\/pt-br\/product\/placa-decorativa-heineken-impressao-3d-premium\/#primaryimage\"},\"thumbnailUrl\":\"https:\/\/my.stlflix.com\/wp-content\/uploads\/2025\/11\/cropped-IMG_2292-scaled-1.jpeg\",\"datePublished\":\"2025-11-25T02:05:13+00:00\",\"dateModified\":\"2025-11-25T02:16:33+00:00\",\"breadcrumb\":{\"@id\":\"https:\/\/www.monitorstlflix.online\/pt-br\/product\/placa-decorativa-heineken-impressao-3d-premium\/#breadcrumb\"},\"inLanguage\":\"pt-BR\",\"potentialAction\":[{\"@type\":\"ReadAction\",\"target\":[\"https:\/\/www.monitorstlflix.online\/pt-br\/product\/placa-decorativa-heineken-impressao-3d-premium\/\"]}]},{\"@type\":\"ImageObject\",\"inLanguage\":\"pt-BR\",\"@id\":\"https:\/\/www.monitorstlflix.online\/pt-br\/product\/placa-decorativa-heineken-impressao-3d-premium\/#primaryimage\",\"url\":\"https:\/\/my.stlflix.com\/wp-content\/uploads\/2025\/11\/cropped-IMG_2292-scaled-1.jpeg\",\"contentUrl\":\"https:\/\/my.stlflix.com\/wp-content\/uploads\/2025\/11\/cropped-IMG_2292-scaled-1.jpeg\",\"width\":2400,\"height\":2400},{\"@type\":\"BreadcrumbList\",\"@id\":\"https:\/\/www.monitorstlflix.online\/pt-br\/product\/placa-decorativa-heineken-impressao-3d-premium\/#breadcrumb\",\"itemListElement\":[{\"@type\":\"ListItem\",\"position\":1,\"name\":\"Home\",\"item\":\"https:\/\/my.stlflix.com\/pt-br\/\"},{\"@type\":\"ListItem\",\"position\":2,\"name\":\"Products\",\"item\":\"https:\/\/my.stlflix.com\/fr\/shop\/\"},{\"@type\":\"ListItem\",\"position\":3,\"name\":\"Placa Decorativa Heineken \u2013 Impress\u00e3o 3D Premium\"}]},{\"@type\":\"WebSite\",\"@id\":\"https:\/\/my.stlflix.com\/tr\/#website\",\"url\":\"https:\/\/my.stlflix.com\/tr\/\",\"name\":\"MyStore - By STLFLIX\",\"description\":\"\",\"publisher\":{\"@id\":\"https:\/\/my.stlflix.com\/tr\/#organization\"},\"potentialAction\":[{\"@type\":\"SearchAction\",\"target\":{\"@type\":\"EntryPoint\",\"urlTemplate\":\"https:\/\/my.stlflix.com\/tr\/?s={search_term_string}\"},\"query-input\":{\"@type\":\"PropertyValueSpecification\",\"valueRequired\":true,\"valueName\":\"search_term_string\"}}],\"inLanguage\":\"pt-BR\"},{\"@type\":\"Organization\",\"@id\":\"https:\/\/my.stlflix.com\/tr\/#organization\",\"name\":\"MyStore - By STLFLIX\",\"url\":\"https:\/\/my.stlflix.com\/tr\/\",\"logo\":{\"@type\":\"ImageObject\",\"inLanguage\":\"pt-BR\",\"@id\":\"https:\/\/my.stlflix.com\/tr\/#\/schema\/logo\/image\/\",\"url\":\"https:\/\/my.stlflix.com\/wp-content\/uploads\/2024\/06\/logo-mystore.png\",\"contentUrl\":\"https:\/\/my.stlflix.com\/wp-content\/uploads\/2024\/06\/logo-mystore.png\",\"width\":150,\"height\":41,\"caption\":\"MyStore - By STLFLIX\"},\"image\":{\"@id\":\"https:\/\/my.stlflix.com\/tr\/#\/schema\/logo\/image\/\"},\"sameAs\":[\"https:\/\/www.facebook.com\/STLFLIX\",\"https:\/\/www.instagram.com\/stlflix_\/\",\"https:\/\/www.tiktok.com\/@stlflix\"]}]}<\/script>\n<!-- \/ Yoast SEO plugin. -->","yoast_head_json":{"title":"Placa Decorativa Heineken \u2013 Impress\u00e3o 3D Premium - MyStore - By STLFLIX","robots":{"index":"index","follow":"follow","max-snippet":"max-snippet:-1","max-image-preview":"max-image-preview:large","max-video-preview":"max-video-preview:-1"},"canonical":"https:\/\/www.monitorstlflix.online\/pt-br\/product\/placa-decorativa-heineken-impressao-3d-premium\/","og_locale":"pt_BR","og_type":"article","og_title":"Placa Decorativa Heineken \u2013 Impress\u00e3o 3D Premium - MyStore - By STLFLIX","og_description":"Placa Decorativa Heineken \u2013 Impress\u00e3o 3D Premium &nbsp; Destaque seu ambiente com esta placa decorativa inspirada no \u00edcone mundial Heineken. Produzida em impress\u00e3o 3D de alta qualidade, o item possui acabamento impec\u00e1vel, cores vibrantes e design em camadas que d\u00e1 profundidade e destaque \u00e0 pe\u00e7a. \u2714 Material: PLA Premium \u2714 Acabamento: Liso, com alta defini\u00e7\u00e3o [&hellip;]","og_url":"https:\/\/www.monitorstlflix.online\/pt-br\/product\/placa-decorativa-heineken-impressao-3d-premium\/","og_site_name":"MyStore - By STLFLIX","article_publisher":"https:\/\/www.facebook.com\/STLFLIX","article_modified_time":"2025-11-25T02:16:33+00:00","og_image":[{"width":2400,"height":2400,"url":"https:\/\/www.monitorstlflix.online\/wp-content\/uploads\/2025\/11\/cropped-IMG_2292-scaled-1.jpeg","type":"image\/jpeg"}],"twitter_card":"summary_large_image","twitter_misc":{"Est. reading time":"1 minute"},"schema":{"@context":"https:\/\/schema.org","@graph":[{"@type":"WebPage","@id":"https:\/\/www.monitorstlflix.online\/pt-br\/product\/placa-decorativa-heineken-impressao-3d-premium\/","url":"https:\/\/www.monitorstlflix.online\/pt-br\/product\/placa-decorativa-heineken-impressao-3d-premium\/","name":"Placa Decorativa Heineken \u2013 Impress\u00e3o 3D Premium - MyStore - By STLFLIX","isPartOf":{"@id":"https:\/\/my.stlflix.com\/tr\/#website"},"primaryImageOfPage":{"@id":"https:\/\/www.monitorstlflix.online\/pt-br\/product\/placa-decorativa-heineken-impressao-3d-premium\/#primaryimage"},"image":{"@id":"https:\/\/www.monitorstlflix.online\/pt-br\/product\/placa-decorativa-heineken-impressao-3d-premium\/#primaryimage"},"thumbnailUrl":"https:\/\/my.stlflix.com\/wp-content\/uploads\/2025\/11\/cropped-IMG_2292-scaled-1.jpeg","datePublished":"2025-11-25T02:05:13+00:00","dateModified":"2025-11-25T02:16:33+00:00","breadcrumb":{"@id":"https:\/\/www.monitorstlflix.online\/pt-br\/product\/placa-decorativa-heineken-impressao-3d-premium\/#breadcrumb"},"inLanguage":"pt-BR","potentialAction":[{"@type":"ReadAction","target":["https:\/\/www.monitorstlflix.online\/pt-br\/product\/placa-decorativa-heineken-impressao-3d-premium\/"]}]},{"@type":"ImageObject","inLanguage":"pt-BR","@id":"https:\/\/www.monitorstlflix.online\/pt-br\/product\/placa-decorativa-heineken-impressao-3d-premium\/#primaryimage","url":"https:\/\/my.stlflix.com\/wp-content\/uploads\/2025\/11\/cropped-IMG_2292-scaled-1.jpeg","contentUrl":"https:\/\/my.stlflix.com\/wp-content\/uploads\/2025\/11\/cropped-IMG_2292-scaled-1.jpeg","width":2400,"height":2400},{"@type":"BreadcrumbList","@id":"https:\/\/www.monitorstlflix.online\/pt-br\/product\/placa-decorativa-heineken-impressao-3d-premium\/#breadcrumb","itemListElement":[{"@type":"ListItem","position":1,"name":"Home","item":"https:\/\/my.stlflix.com\/pt-br\/"},{"@type":"ListItem","position":2,"name":"Products","item":"https:\/\/my.stlflix.com\/fr\/shop\/"},{"@type":"ListItem","position":3,"name":"Placa Decorativa Heineken \u2013 Impress\u00e3o 3D Premium"}]},{"@type":"WebSite","@id":"https:\/\/my.stlflix.com\/tr\/#website","url":"https:\/\/my.stlflix.com\/tr\/","name":"MyStore - By STLFLIX","description":"","publisher":{"@id":"https:\/\/my.stlflix.com\/tr\/#organization"},"potentialAction":[{"@type":"SearchAction","target":{"@type":"EntryPoint","urlTemplate":"https:\/\/my.stlflix.com\/tr\/?s={search_term_string}"},"query-input":{"@type":"PropertyValueSpecification","valueRequired":true,"valueName":"search_term_string"}}],"inLanguage":"pt-BR"},{"@type":"Organization","@id":"https:\/\/my.stlflix.com\/tr\/#organization","name":"MyStore - By STLFLIX","url":"https:\/\/my.stlflix.com\/tr\/","logo":{"@type":"ImageObject","inLanguage":"pt-BR","@id":"https:\/\/my.stlflix.com\/tr\/#\/schema\/logo\/image\/","url":"https:\/\/my.stlflix.com\/wp-content\/uploads\/2024\/06\/logo-mystore.png","contentUrl":"https:\/\/my.stlflix.com\/wp-content\/uploads\/2024\/06\/logo-mystore.png","width":150,"height":41,"caption":"MyStore - By STLFLIX"},"image":{"@id":"https:\/\/my.stlflix.com\/tr\/#\/schema\/logo\/image\/"},"sameAs":["https:\/\/www.facebook.com\/STLFLIX","https:\/\/www.instagram.com\/stlflix_\/","https:\/\/www.tiktok.com\/@stlflix"]}]}},"_links":{"self":[{"href":"https:\/\/my.stlflix.com\/pt-br\/wp-json\/wp\/v2\/product\/483134","targetHints":{"allow":["GET"]}}],"collection":[{"href":"https:\/\/my.stlflix.com\/pt-br\/wp-json\/wp\/v2\/product"}],"about":[{"href":"https:\/\/my.stlflix.com\/pt-br\/wp-json\/wp\/v2\/types\/product"}],"replies":[{"embeddable":true,"href":"https:\/\/my.stlflix.com\/pt-br\/wp-json\/wp\/v2\/comments?post=483134"}],"wp:featuredmedia":[{"embeddable":true,"href":"https:\/\/my.stlflix.com\/pt-br\/wp-json\/wp\/v2\/media\/483145"}],"wp:attachment":[{"href":"https:\/\/my.stlflix.com\/pt-br\/wp-json\/wp\/v2\/media?parent=483134"}],"wp:term":[{"taxonomy":"product_brand","embeddable":true,"href":"https:\/\/my.stlflix.com\/pt-br\/wp-json\/wp\/v2\/product_brand?post=483134"},{"taxonomy":"product_cat","embeddable":true,"href":"https:\/\/my.stlflix.com\/pt-br\/wp-json\/wp\/v2\/product_cat?post=483134"},{"taxonomy":"product_tag","embeddable":true,"href":"https:\/\/my.stlflix.com\/pt-br\/wp-json\/wp\/v2\/product_tag?post=483134"}],"curies":[{"name":"wp","href":"https:\/\/api.w.org\/{rel}","templated":true}]}}