{"id":500988,"date":"2025-12-28T18:20:19","date_gmt":"2025-12-28T18:20:19","guid":{"rendered":"https:\/\/my.stlflix.com\/?post_type=product&#038;p=500988"},"modified":"2025-12-28T18:23:10","modified_gmt":"2025-12-28T18:23:10","slug":"pupurse-695173ee9c1f9","status":"publish","type":"product","link":"https:\/\/my.stlflix.com\/pt-br\/product\/pupurse-695173ee9c1f9\/","title":{"rendered":"Bolsa orelhinhas de cachorro"},"content":{"rendered":"<p data-start=\"358\" data-end=\"592\"><span dir=\"auto\" style=\"vertical-align: inherit\"><span dir=\"auto\" style=\"vertical-align: inherit\">Bolsa modelo orelhinhas de cachorro produzida por <\/span><\/span><strong data-start=\"390\" data-end=\"406\"><span dir=\"auto\" style=\"vertical-align: inherit\"><span dir=\"auto\" style=\"vertical-align: inherit\">impress\u00e3o 3D<\/span><\/span><\/strong><span dir=\"auto\" style=\"vertical-align: inherit\"><span dir=\"auto\" style=\"vertical-align: inherit\"> , com <\/span><\/span><strong data-start=\"412\" data-end=\"436\"><span dir=\"auto\" style=\"vertical-align: inherit\"><span dir=\"auto\" style=\"vertical-align: inherit\">acabamento artesanal<\/span><\/span><\/strong><span dir=\"auto\" style=\"vertical-align: inherit\"><span dir=\"auto\" style=\"vertical-align: inherit\"> e <\/span><\/span><strong data-start=\"439\" data-end=\"458\"><span dir=\"auto\" style=\"vertical-align: inherit\"><span dir=\"auto\" style=\"vertical-align: inherit\">fecho magn\u00e9tico<\/span><\/span><\/strong><span dir=\"auto\" style=\"vertical-align: inherit\"><span dir=\"auto\" style=\"vertical-align: inherit\"> , indicada para uso casual e decorativo. Possui design diferenciado, ideal para quem busca um acess\u00f3rio com visual criativo e moderno.<\/span><\/span><\/p>\n<p data-start=\"594\" data-end=\"658\"><span dir=\"auto\" style=\"vertical-align: inherit\"><span dir=\"auto\" style=\"vertical-align: inherit\">Cada pe\u00e7a recebe acabamento manual, tornando cada unidade \u00fanica.<\/span><\/span><\/p>\n<hr data-start=\"660\" data-end=\"663\" \/>\n<h3 data-start=\"665\" data-end=\"688\"><strong data-start=\"669\" data-end=\"688\"><span dir=\"auto\" style=\"vertical-align: inherit\"><span dir=\"auto\" style=\"vertical-align: inherit\">Caracter\u00edsticas<\/span><\/span><\/strong><\/h3>\n<ul data-start=\"689\" data-end=\"914\">\n<li data-start=\"689\" data-end=\"723\">\n<p data-start=\"691\" data-end=\"723\"><strong data-start=\"691\" data-end=\"702\"><span dir=\"auto\" style=\"vertical-align: inherit\"><span dir=\"auto\" style=\"vertical-align: inherit\">Modelo:<\/span><\/span><\/strong><span dir=\"auto\" style=\"vertical-align: inherit\"><span dir=\"auto\" style=\"vertical-align: inherit\"> Bolsa com orelhinhas de cachorro<\/span><\/span><\/p>\n<\/li>\n<li data-start=\"724\" data-end=\"768\">\n<p data-start=\"726\" data-end=\"768\"><strong data-start=\"726\" data-end=\"753\"><span dir=\"auto\" style=\"vertical-align: inherit\"><span dir=\"auto\" style=\"vertical-align: inherit\">Processo de fabrica\u00e7\u00e3o:<\/span><\/span><\/strong><span dir=\"auto\" style=\"vertical-align: inherit\"><span dir=\"auto\" style=\"vertical-align: inherit\"> Impress\u00e3o 3D<\/span><\/span><\/p>\n<\/li>\n<li data-start=\"769\" data-end=\"798\">\n<p data-start=\"771\" data-end=\"798\"><strong data-start=\"771\" data-end=\"786\"><span dir=\"auto\" style=\"vertical-align: inherit\"><span dir=\"auto\" style=\"vertical-align: inherit\">Acabamento:<\/span><\/span><\/strong><span dir=\"auto\" style=\"vertical-align: inherit\"><span dir=\"auto\" style=\"vertical-align: inherit\"> Artesanal<\/span><\/span><\/p>\n<\/li>\n<li data-start=\"799\" data-end=\"834\">\n<p data-start=\"801\" data-end=\"834\"><strong data-start=\"801\" data-end=\"816\"><span dir=\"auto\" style=\"vertical-align: inherit\"><span dir=\"auto\" style=\"vertical-align: inherit\">Fechamento:<\/span><\/span><\/strong><span dir=\"auto\" style=\"vertical-align: inherit\"><span dir=\"auto\" style=\"vertical-align: inherit\"> Fecho magn\u00e9tico<\/span><\/span><\/p>\n<\/li>\n<li data-start=\"835\" data-end=\"880\">\n<p data-start=\"837\" data-end=\"880\"><strong data-start=\"837\" data-end=\"854\"><span dir=\"auto\" style=\"vertical-align: inherit\"><span dir=\"auto\" style=\"vertical-align: inherit\">Uso indicado:<\/span><\/span><\/strong><span dir=\"auto\" style=\"vertical-align: inherit\"><span dir=\"auto\" style=\"vertical-align: inherit\"> Acess\u00f3rio de uso casual<\/span><\/span><\/p>\n<\/li>\n<li data-start=\"881\" data-end=\"914\">\n<p data-start=\"883\" data-end=\"914\"><strong data-start=\"883\" data-end=\"892\"><span dir=\"auto\" style=\"vertical-align: inherit\"><span dir=\"auto\" style=\"vertical-align: inherit\">Al\u00e7a:<\/span><\/span><\/strong><span dir=\"auto\" style=\"vertical-align: inherit\"><span dir=\"auto\" style=\"vertical-align: inherit\"> Integrada ao design<\/span><\/span><\/p>\n<\/li>\n<\/ul>\n<hr data-start=\"916\" data-end=\"919\" \/>\n<h3 data-start=\"921\" data-end=\"952\"><strong data-start=\"925\" data-end=\"952\"><span dir=\"auto\" style=\"vertical-align: inherit\"><span dir=\"auto\" style=\"vertical-align: inherit\">Informa\u00e7\u00f5es importantes<\/span><\/span><\/strong><\/h3>\n<ul data-start=\"953\" data-end=\"1318\">\n<li data-start=\"953\" data-end=\"1071\">\n<p data-start=\"955\" data-end=\"1071\"><span dir=\"auto\" style=\"vertical-align: inherit\"><span dir=\"auto\" style=\"vertical-align: inherit\">Produto feito em impress\u00e3o 3D, podendo apresentar <\/span><\/span><strong data-start=\"1005\" data-end=\"1033\"><span dir=\"auto\" style=\"vertical-align: inherit\"><span dir=\"auto\" style=\"vertical-align: inherit\">marcas de processo<\/span><\/span><\/strong><span dir=\"auto\" style=\"vertical-align: inherit\"><span dir=\"auto\" style=\"vertical-align: inherit\"> , o que <\/span><\/span><strong data-start=\"1041\" data-end=\"1068\"><span dir=\"auto\" style=\"vertical-align: inherit\"><span dir=\"auto\" style=\"vertical-align: inherit\">n\u00e3o caracteriza defeito<\/span><\/span><\/strong><span dir=\"auto\" style=\"vertical-align: inherit\"><span dir=\"auto\" style=\"vertical-align: inherit\"> .<\/span><\/span><\/p>\n<\/li>\n<li data-start=\"1072\" data-end=\"1181\">\n<p data-start=\"1074\" data-end=\"1181\"><strong data-start=\"1074\" data-end=\"1107\"><span dir=\"auto\" style=\"vertical-align: inherit\"><span dir=\"auto\" style=\"vertical-align: inherit\">Imagem meramente ilustrativa.<\/span><\/span><\/strong><span dir=\"auto\" style=\"vertical-align: inherit\"><span dir=\"auto\" style=\"vertical-align: inherit\"> O produto final pode apresentar pequenas varia\u00e7\u00f5es de cor e acabamento.<\/span><\/span><\/p>\n<\/li>\n<li data-start=\"1182\" data-end=\"1274\">\n<p data-start=\"1184\" data-end=\"1274\"><span dir=\"auto\" style=\"vertical-align: inherit\"><span dir=\"auto\" style=\"vertical-align: inherit\">A <\/span><\/span><strong data-start=\"1186\" data-end=\"1226\"><span dir=\"auto\" style=\"vertical-align: inherit\"><span dir=\"auto\" style=\"vertical-align: inherit\">cor pode ser escolhida ap\u00f3s a compra<\/span><\/span><\/strong><span dir=\"auto\" style=\"vertical-align: inherit\"><span dir=\"auto\" style=\"vertical-align: inherit\"> , mediante contato pelo chat.<\/span><\/span><\/p>\n<\/li>\n<\/ul>\n<hr data-start=\"1320\" data-end=\"1323\" \/>\n<h3 data-start=\"1325\" data-end=\"1354\"><strong data-start=\"1329\" data-end=\"1354\"><span dir=\"auto\" style=\"vertical-align: inherit\"><span dir=\"auto\" style=\"vertical-align: inherit\">Conte\u00fado da embalagem<\/span><\/span><\/strong><\/h3>\n<ul data-start=\"1355\" data-end=\"1396\">\n<li data-start=\"1355\" data-end=\"1396\">\n<p data-start=\"1357\" data-end=\"1396\"><span dir=\"auto\" style=\"vertical-align: inherit\"><span dir=\"auto\" style=\"vertical-align: inherit\">1 bolsa modelo orelhinhas de cachorro com fecho magn\u00e9tico<\/span><\/span><\/p>\n<\/li>\n<\/ul>\n","protected":false},"excerpt":{"rendered":"<p>Bolsa modelo orelhinhas de cachorro produzida por impress\u00e3o 3D , com acabamento artesanal e fecho magn\u00e9tico , indicada para uso casual e decorativo. Possui design diferenciado, ideal para quem busca um acess\u00f3rio com visual criativo e moderno. Cada pe\u00e7a recebe acabamento manual, tornando cada unidade \u00fanica. Caracter\u00edsticas Modelo: Bolsa com orelhinhas de cachorro Processo de [&hellip;]<\/p>\n","protected":false},"featured_media":423438,"comment_status":"open","ping_status":"closed","template":"","meta":[],"product_brand":[],"product_cat":[15],"product_tag":[6959],"class_list":{"0":"post-500988","1":"product","2":"type-product","3":"status-publish","4":"has-post-thumbnail","6":"product_cat-uncategorized","7":"product_tag-moda-acessorios","9":"first","10":"onbackorder","11":"taxable","12":"shipping-taxable","13":"purchasable","14":"product-type-simple"},"yoast_head":"<!-- This site is optimized with the Yoast SEO plugin v25.1 - https:\/\/yoast.com\/wordpress\/plugins\/seo\/ -->\n<title>Bolsa orelhinhas de cachorro - MyStore - By STLFLIX<\/title>\n<meta name=\"robots\" content=\"index, follow, max-snippet:-1, max-image-preview:large, max-video-preview:-1\" \/>\n<link rel=\"canonical\" href=\"https:\/\/www.stlflix-store.com\/product\/pupurse-695173ee9c1f9\/\" \/>\n<meta property=\"og:locale\" content=\"pt_BR\" \/>\n<meta property=\"og:type\" content=\"article\" \/>\n<meta property=\"og:title\" content=\"Bolsa orelhinhas de cachorro - MyStore - By STLFLIX\" \/>\n<meta property=\"og:description\" content=\"Bolsa modelo orelhinhas de cachorro produzida por impress\u00e3o 3D , com acabamento artesanal e fecho magn\u00e9tico , indicada para uso casual e decorativo. Possui design diferenciado, ideal para quem busca um acess\u00f3rio com visual criativo e moderno. Cada pe\u00e7a recebe acabamento manual, tornando cada unidade \u00fanica. Caracter\u00edsticas Modelo: Bolsa com orelhinhas de cachorro Processo de [&hellip;]\" \/>\n<meta property=\"og:url\" content=\"https:\/\/www.stlflix-store.com\/product\/pupurse-695173ee9c1f9\/\" \/>\n<meta property=\"og:site_name\" content=\"MyStore - By STLFLIX\" \/>\n<meta property=\"article:publisher\" content=\"https:\/\/www.facebook.com\/STLFLIX\" \/>\n<meta property=\"article:modified_time\" content=\"2025-12-28T18:23:10+00:00\" \/>\n<meta property=\"og:image\" content=\"https:\/\/www.stlflix-store.com\/wp-content\/uploads\/2025\/08\/Pu_Pursethumb_eee6bd594b.jpg\" \/>\n\t<meta property=\"og:image:width\" content=\"1080\" \/>\n\t<meta property=\"og:image:height\" content=\"1350\" \/>\n\t<meta property=\"og:image:type\" content=\"image\/jpeg\" \/>\n<meta name=\"twitter:card\" content=\"summary_large_image\" \/>\n<meta name=\"twitter:label1\" content=\"Est. reading time\" \/>\n\t<meta name=\"twitter:data1\" content=\"1 minute\" \/>\n<script type=\"application\/ld+json\" class=\"yoast-schema-graph\">{\"@context\":\"https:\/\/schema.org\",\"@graph\":[{\"@type\":\"WebPage\",\"@id\":\"https:\/\/www.stlflix-store.com\/product\/pupurse-695173ee9c1f9\/\",\"url\":\"https:\/\/www.stlflix-store.com\/product\/pupurse-695173ee9c1f9\/\",\"name\":\"Bolsa orelhinhas de cachorro - MyStore - By STLFLIX\",\"isPartOf\":{\"@id\":\"https:\/\/my.stlflix.com\/tr\/#website\"},\"primaryImageOfPage\":{\"@id\":\"https:\/\/www.stlflix-store.com\/product\/pupurse-695173ee9c1f9\/#primaryimage\"},\"image\":{\"@id\":\"https:\/\/www.stlflix-store.com\/product\/pupurse-695173ee9c1f9\/#primaryimage\"},\"thumbnailUrl\":\"https:\/\/my.stlflix.com\/wp-content\/uploads\/2025\/08\/Pu_Pursethumb_eee6bd594b.jpg\",\"datePublished\":\"2025-12-28T18:20:19+00:00\",\"dateModified\":\"2025-12-28T18:23:10+00:00\",\"breadcrumb\":{\"@id\":\"https:\/\/www.stlflix-store.com\/product\/pupurse-695173ee9c1f9\/#breadcrumb\"},\"inLanguage\":\"pt-BR\",\"potentialAction\":[{\"@type\":\"ReadAction\",\"target\":[\"https:\/\/www.stlflix-store.com\/product\/pupurse-695173ee9c1f9\/\"]}]},{\"@type\":\"ImageObject\",\"inLanguage\":\"pt-BR\",\"@id\":\"https:\/\/www.stlflix-store.com\/product\/pupurse-695173ee9c1f9\/#primaryimage\",\"url\":\"https:\/\/my.stlflix.com\/wp-content\/uploads\/2025\/08\/Pu_Pursethumb_eee6bd594b.jpg\",\"contentUrl\":\"https:\/\/my.stlflix.com\/wp-content\/uploads\/2025\/08\/Pu_Pursethumb_eee6bd594b.jpg\",\"width\":1080,\"height\":1350},{\"@type\":\"BreadcrumbList\",\"@id\":\"https:\/\/www.stlflix-store.com\/product\/pupurse-695173ee9c1f9\/#breadcrumb\",\"itemListElement\":[{\"@type\":\"ListItem\",\"position\":1,\"name\":\"Home\",\"item\":\"https:\/\/my.stlflix.com\/pt-br\/\"},{\"@type\":\"ListItem\",\"position\":2,\"name\":\"Products\",\"item\":\"https:\/\/my.stlflix.com\/fr\/shop\/\"},{\"@type\":\"ListItem\",\"position\":3,\"name\":\"Bolsa orelhinhas de cachorro\"}]},{\"@type\":\"WebSite\",\"@id\":\"https:\/\/my.stlflix.com\/tr\/#website\",\"url\":\"https:\/\/my.stlflix.com\/tr\/\",\"name\":\"MyStore - By STLFLIX\",\"description\":\"\",\"publisher\":{\"@id\":\"https:\/\/my.stlflix.com\/tr\/#organization\"},\"potentialAction\":[{\"@type\":\"SearchAction\",\"target\":{\"@type\":\"EntryPoint\",\"urlTemplate\":\"https:\/\/my.stlflix.com\/tr\/?s={search_term_string}\"},\"query-input\":{\"@type\":\"PropertyValueSpecification\",\"valueRequired\":true,\"valueName\":\"search_term_string\"}}],\"inLanguage\":\"pt-BR\"},{\"@type\":\"Organization\",\"@id\":\"https:\/\/my.stlflix.com\/tr\/#organization\",\"name\":\"MyStore - By STLFLIX\",\"url\":\"https:\/\/my.stlflix.com\/tr\/\",\"logo\":{\"@type\":\"ImageObject\",\"inLanguage\":\"pt-BR\",\"@id\":\"https:\/\/my.stlflix.com\/tr\/#\/schema\/logo\/image\/\",\"url\":\"https:\/\/my.stlflix.com\/wp-content\/uploads\/2024\/06\/logo-mystore.png\",\"contentUrl\":\"https:\/\/my.stlflix.com\/wp-content\/uploads\/2024\/06\/logo-mystore.png\",\"width\":150,\"height\":41,\"caption\":\"MyStore - By STLFLIX\"},\"image\":{\"@id\":\"https:\/\/my.stlflix.com\/tr\/#\/schema\/logo\/image\/\"},\"sameAs\":[\"https:\/\/www.facebook.com\/STLFLIX\",\"https:\/\/www.instagram.com\/stlflix_\/\",\"https:\/\/www.tiktok.com\/@stlflix\"]}]}<\/script>\n<!-- \/ Yoast SEO plugin. -->","yoast_head_json":{"title":"Bolsa orelhinhas de cachorro - MyStore - By STLFLIX","robots":{"index":"index","follow":"follow","max-snippet":"max-snippet:-1","max-image-preview":"max-image-preview:large","max-video-preview":"max-video-preview:-1"},"canonical":"https:\/\/www.stlflix-store.com\/product\/pupurse-695173ee9c1f9\/","og_locale":"pt_BR","og_type":"article","og_title":"Bolsa orelhinhas de cachorro - MyStore - By STLFLIX","og_description":"Bolsa modelo orelhinhas de cachorro produzida por impress\u00e3o 3D , com acabamento artesanal e fecho magn\u00e9tico , indicada para uso casual e decorativo. Possui design diferenciado, ideal para quem busca um acess\u00f3rio com visual criativo e moderno. Cada pe\u00e7a recebe acabamento manual, tornando cada unidade \u00fanica. Caracter\u00edsticas Modelo: Bolsa com orelhinhas de cachorro Processo de [&hellip;]","og_url":"https:\/\/www.stlflix-store.com\/product\/pupurse-695173ee9c1f9\/","og_site_name":"MyStore - By STLFLIX","article_publisher":"https:\/\/www.facebook.com\/STLFLIX","article_modified_time":"2025-12-28T18:23:10+00:00","og_image":[{"width":1080,"height":1350,"url":"https:\/\/www.stlflix-store.com\/wp-content\/uploads\/2025\/08\/Pu_Pursethumb_eee6bd594b.jpg","type":"image\/jpeg"}],"twitter_card":"summary_large_image","twitter_misc":{"Est. reading time":"1 minute"},"schema":{"@context":"https:\/\/schema.org","@graph":[{"@type":"WebPage","@id":"https:\/\/www.stlflix-store.com\/product\/pupurse-695173ee9c1f9\/","url":"https:\/\/www.stlflix-store.com\/product\/pupurse-695173ee9c1f9\/","name":"Bolsa orelhinhas de cachorro - MyStore - By STLFLIX","isPartOf":{"@id":"https:\/\/my.stlflix.com\/tr\/#website"},"primaryImageOfPage":{"@id":"https:\/\/www.stlflix-store.com\/product\/pupurse-695173ee9c1f9\/#primaryimage"},"image":{"@id":"https:\/\/www.stlflix-store.com\/product\/pupurse-695173ee9c1f9\/#primaryimage"},"thumbnailUrl":"https:\/\/my.stlflix.com\/wp-content\/uploads\/2025\/08\/Pu_Pursethumb_eee6bd594b.jpg","datePublished":"2025-12-28T18:20:19+00:00","dateModified":"2025-12-28T18:23:10+00:00","breadcrumb":{"@id":"https:\/\/www.stlflix-store.com\/product\/pupurse-695173ee9c1f9\/#breadcrumb"},"inLanguage":"pt-BR","potentialAction":[{"@type":"ReadAction","target":["https:\/\/www.stlflix-store.com\/product\/pupurse-695173ee9c1f9\/"]}]},{"@type":"ImageObject","inLanguage":"pt-BR","@id":"https:\/\/www.stlflix-store.com\/product\/pupurse-695173ee9c1f9\/#primaryimage","url":"https:\/\/my.stlflix.com\/wp-content\/uploads\/2025\/08\/Pu_Pursethumb_eee6bd594b.jpg","contentUrl":"https:\/\/my.stlflix.com\/wp-content\/uploads\/2025\/08\/Pu_Pursethumb_eee6bd594b.jpg","width":1080,"height":1350},{"@type":"BreadcrumbList","@id":"https:\/\/www.stlflix-store.com\/product\/pupurse-695173ee9c1f9\/#breadcrumb","itemListElement":[{"@type":"ListItem","position":1,"name":"Home","item":"https:\/\/my.stlflix.com\/pt-br\/"},{"@type":"ListItem","position":2,"name":"Products","item":"https:\/\/my.stlflix.com\/fr\/shop\/"},{"@type":"ListItem","position":3,"name":"Bolsa orelhinhas de cachorro"}]},{"@type":"WebSite","@id":"https:\/\/my.stlflix.com\/tr\/#website","url":"https:\/\/my.stlflix.com\/tr\/","name":"MyStore - By STLFLIX","description":"","publisher":{"@id":"https:\/\/my.stlflix.com\/tr\/#organization"},"potentialAction":[{"@type":"SearchAction","target":{"@type":"EntryPoint","urlTemplate":"https:\/\/my.stlflix.com\/tr\/?s={search_term_string}"},"query-input":{"@type":"PropertyValueSpecification","valueRequired":true,"valueName":"search_term_string"}}],"inLanguage":"pt-BR"},{"@type":"Organization","@id":"https:\/\/my.stlflix.com\/tr\/#organization","name":"MyStore - By STLFLIX","url":"https:\/\/my.stlflix.com\/tr\/","logo":{"@type":"ImageObject","inLanguage":"pt-BR","@id":"https:\/\/my.stlflix.com\/tr\/#\/schema\/logo\/image\/","url":"https:\/\/my.stlflix.com\/wp-content\/uploads\/2024\/06\/logo-mystore.png","contentUrl":"https:\/\/my.stlflix.com\/wp-content\/uploads\/2024\/06\/logo-mystore.png","width":150,"height":41,"caption":"MyStore - By STLFLIX"},"image":{"@id":"https:\/\/my.stlflix.com\/tr\/#\/schema\/logo\/image\/"},"sameAs":["https:\/\/www.facebook.com\/STLFLIX","https:\/\/www.instagram.com\/stlflix_\/","https:\/\/www.tiktok.com\/@stlflix"]}]}},"_links":{"self":[{"href":"https:\/\/my.stlflix.com\/pt-br\/wp-json\/wp\/v2\/product\/500988","targetHints":{"allow":["GET"]}}],"collection":[{"href":"https:\/\/my.stlflix.com\/pt-br\/wp-json\/wp\/v2\/product"}],"about":[{"href":"https:\/\/my.stlflix.com\/pt-br\/wp-json\/wp\/v2\/types\/product"}],"replies":[{"embeddable":true,"href":"https:\/\/my.stlflix.com\/pt-br\/wp-json\/wp\/v2\/comments?post=500988"}],"wp:featuredmedia":[{"embeddable":true,"href":"https:\/\/my.stlflix.com\/pt-br\/wp-json\/wp\/v2\/media\/423438"}],"wp:attachment":[{"href":"https:\/\/my.stlflix.com\/pt-br\/wp-json\/wp\/v2\/media?parent=500988"}],"wp:term":[{"taxonomy":"product_brand","embeddable":true,"href":"https:\/\/my.stlflix.com\/pt-br\/wp-json\/wp\/v2\/product_brand?post=500988"},{"taxonomy":"product_cat","embeddable":true,"href":"https:\/\/my.stlflix.com\/pt-br\/wp-json\/wp\/v2\/product_cat?post=500988"},{"taxonomy":"product_tag","embeddable":true,"href":"https:\/\/my.stlflix.com\/pt-br\/wp-json\/wp\/v2\/product_tag?post=500988"}],"curies":[{"name":"wp","href":"https:\/\/api.w.org\/{rel}","templated":true}]}}