{"id":534124,"date":"2026-03-02T02:34:36","date_gmt":"2026-03-02T02:34:36","guid":{"rendered":"https:\/\/my.stlflix.com\/?post_type=product&#038;p=534124"},"modified":"2026-03-02T02:39:02","modified_gmt":"2026-03-02T02:39:02","slug":"scout-rex-69a1fc47a701d","status":"publish","type":"product","link":"https:\/\/my.stlflix.com\/pt-br\/product\/scout-rex-69a1fc47a701d\/","title":{"rendered":"Chaveiro Dinossauro 3D &#8211; ScouT-Rex"},"content":{"rendered":"<h2 data-start=\"633\" data-end=\"675\">\ud83e\udd96 Chaveiro Dinossauro 3D \u2013 Edi\u00e7\u00e3o Cute<\/h2>\n<p data-start=\"677\" data-end=\"800\">Adicione um toque de personalidade \u00e0 sua mochila, bolsa ou chaveiro com esse dinossauro super estilizado e cheio de charme.<\/p>\n<p data-start=\"802\" data-end=\"938\">Produzido em impress\u00e3o 3D com acabamento detalhado e cores vibrantes, \u00e9 o acess\u00f3rio perfeito para quem ama pe\u00e7as criativas e exclusivas.<\/p>\n<p data-start=\"940\" data-end=\"1029\">Ideal para:<br \/>\n\u2714 Mochilas<br data-start=\"962\" data-end=\"965\" \/>\u2714 Bolsas<br data-start=\"973\" data-end=\"976\" \/>\u2714 Chaves<br data-start=\"984\" data-end=\"987\" \/>\u2714 Presentes criativos<br data-start=\"1008\" data-end=\"1011\" \/>\u2714 Colecionadores<\/p>\n<hr data-start=\"1031\" data-end=\"1034\" \/>\n<h2 data-start=\"1036\" data-end=\"1057\">\ud83d\udccf Especifica\u00e7\u00f5es:<\/h2>\n<ul data-start=\"1059\" data-end=\"1192\">\n<li data-start=\"1059\" data-end=\"1094\">\n<p data-start=\"1061\" data-end=\"1094\">Material: PLA de alta qualidade<\/p>\n<\/li>\n<li data-start=\"1095\" data-end=\"1121\">\n<p data-start=\"1097\" data-end=\"1121\">Produ\u00e7\u00e3o: Impress\u00e3o 3D<\/p>\n<\/li>\n<li data-start=\"1122\" data-end=\"1152\">\n<p data-start=\"1124\" data-end=\"1152\">Argola met\u00e1lica resistente<\/p>\n<\/li>\n<li data-start=\"1153\" data-end=\"1171\">\n<p data-start=\"1155\" data-end=\"1171\">Leve e dur\u00e1vel<\/p>\n<\/li>\n<li data-start=\"1172\" data-end=\"1192\">\n<p data-start=\"1174\" data-end=\"1192\">Design exclusivo<\/p>\n<\/li>\n<\/ul>\n","protected":false},"excerpt":{"rendered":"<p>\ud83e\udd96 Chaveiro Dinossauro 3D \u2013 Edi\u00e7\u00e3o Cute Adicione um toque de personalidade \u00e0 sua mochila, bolsa ou chaveiro com esse dinossauro super estilizado e cheio de charme. Produzido em impress\u00e3o 3D com acabamento detalhado e cores vibrantes, \u00e9 o acess\u00f3rio perfeito para quem ama pe\u00e7as criativas e exclusivas. Ideal para: \u2714 Mochilas\u2714 Bolsas\u2714 Chaves\u2714 Presentes [&hellip;]<\/p>\n","protected":false},"featured_media":400621,"comment_status":"open","ping_status":"closed","template":"","meta":[],"product_brand":[],"product_cat":[15],"product_tag":[550],"class_list":{"0":"post-534124","1":"product","2":"type-product","3":"status-publish","4":"has-post-thumbnail","6":"product_cat-uncategorized","7":"product_tag-chaveirinhos","9":"first","10":"instock","11":"taxable","12":"shipping-taxable","13":"purchasable","14":"product-type-simple"},"yoast_head":"<!-- This site is optimized with the Yoast SEO plugin v25.1 - https:\/\/yoast.com\/wordpress\/plugins\/seo\/ -->\n<title>Chaveiro Dinossauro 3D - ScouT-Rex - MyStore - By STLFLIX<\/title>\n<meta name=\"robots\" content=\"index, follow, max-snippet:-1, max-image-preview:large, max-video-preview:-1\" \/>\n<link rel=\"canonical\" href=\"https:\/\/www.testeminhalojamandela.biz\/product\/scout-rex-69a1fc47a701d\/\" \/>\n<meta property=\"og:locale\" content=\"pt_BR\" \/>\n<meta property=\"og:type\" content=\"article\" \/>\n<meta property=\"og:title\" content=\"Chaveiro Dinossauro 3D - ScouT-Rex - MyStore - By STLFLIX\" \/>\n<meta property=\"og:description\" content=\"\ud83e\udd96 Chaveiro Dinossauro 3D \u2013 Edi\u00e7\u00e3o Cute Adicione um toque de personalidade \u00e0 sua mochila, bolsa ou chaveiro com esse dinossauro super estilizado e cheio de charme. Produzido em impress\u00e3o 3D com acabamento detalhado e cores vibrantes, \u00e9 o acess\u00f3rio perfeito para quem ama pe\u00e7as criativas e exclusivas. Ideal para: \u2714 Mochilas\u2714 Bolsas\u2714 Chaves\u2714 Presentes [&hellip;]\" \/>\n<meta property=\"og:url\" content=\"https:\/\/www.testeminhalojamandela.biz\/product\/scout-rex-69a1fc47a701d\/\" \/>\n<meta property=\"og:site_name\" content=\"MyStore - By STLFLIX\" \/>\n<meta property=\"article:publisher\" content=\"https:\/\/www.facebook.com\/STLFLIX\" \/>\n<meta property=\"article:modified_time\" content=\"2026-03-02T02:39:02+00:00\" \/>\n<meta property=\"og:image\" content=\"https:\/\/www.testeminhalojamandela.biz\/wp-content\/uploads\/2025\/07\/Scou_T_Rexthumb_056afdf685.jpg\" \/>\n\t<meta property=\"og:image:width\" content=\"1080\" \/>\n\t<meta property=\"og:image:height\" content=\"1350\" \/>\n\t<meta property=\"og:image:type\" content=\"image\/jpeg\" \/>\n<meta name=\"twitter:card\" content=\"summary_large_image\" \/>\n<script type=\"application\/ld+json\" class=\"yoast-schema-graph\">{\"@context\":\"https:\/\/schema.org\",\"@graph\":[{\"@type\":\"WebPage\",\"@id\":\"https:\/\/www.testeminhalojamandela.biz\/product\/scout-rex-69a1fc47a701d\/\",\"url\":\"https:\/\/www.testeminhalojamandela.biz\/product\/scout-rex-69a1fc47a701d\/\",\"name\":\"Chaveiro Dinossauro 3D - ScouT-Rex - MyStore - By STLFLIX\",\"isPartOf\":{\"@id\":\"https:\/\/www.stlflix-store.com\/#website\"},\"primaryImageOfPage\":{\"@id\":\"https:\/\/www.testeminhalojamandela.biz\/product\/scout-rex-69a1fc47a701d\/#primaryimage\"},\"image\":{\"@id\":\"https:\/\/www.testeminhalojamandela.biz\/product\/scout-rex-69a1fc47a701d\/#primaryimage\"},\"thumbnailUrl\":\"https:\/\/my.stlflix.com\/wp-content\/uploads\/2025\/07\/Scou_T_Rexthumb_056afdf685.jpg\",\"datePublished\":\"2026-03-02T02:34:36+00:00\",\"dateModified\":\"2026-03-02T02:39:02+00:00\",\"breadcrumb\":{\"@id\":\"https:\/\/www.testeminhalojamandela.biz\/product\/scout-rex-69a1fc47a701d\/#breadcrumb\"},\"inLanguage\":\"pt-BR\",\"potentialAction\":[{\"@type\":\"ReadAction\",\"target\":[\"https:\/\/www.testeminhalojamandela.biz\/product\/scout-rex-69a1fc47a701d\/\"]}]},{\"@type\":\"ImageObject\",\"inLanguage\":\"pt-BR\",\"@id\":\"https:\/\/www.testeminhalojamandela.biz\/product\/scout-rex-69a1fc47a701d\/#primaryimage\",\"url\":\"https:\/\/my.stlflix.com\/wp-content\/uploads\/2025\/07\/Scou_T_Rexthumb_056afdf685.jpg\",\"contentUrl\":\"https:\/\/my.stlflix.com\/wp-content\/uploads\/2025\/07\/Scou_T_Rexthumb_056afdf685.jpg\",\"width\":1080,\"height\":1350},{\"@type\":\"BreadcrumbList\",\"@id\":\"https:\/\/www.testeminhalojamandela.biz\/product\/scout-rex-69a1fc47a701d\/#breadcrumb\",\"itemListElement\":[{\"@type\":\"ListItem\",\"position\":1,\"name\":\"Home\",\"item\":\"https:\/\/my.stlflix.com\/pt-br\/\"},{\"@type\":\"ListItem\",\"position\":2,\"name\":\"Products\",\"item\":\"https:\/\/www.lojadomandela3d.biz\/shop\/\"},{\"@type\":\"ListItem\",\"position\":3,\"name\":\"Chaveiro Dinossauro 3D &#8211; ScouT-Rex\"}]},{\"@type\":\"WebSite\",\"@id\":\"https:\/\/www.stlflix-store.com\/#website\",\"url\":\"https:\/\/www.stlflix-store.com\/\",\"name\":\"MyStore - By STLFLIX\",\"description\":\"\",\"publisher\":{\"@id\":\"https:\/\/www.stlflix-store.com\/#organization\"},\"potentialAction\":[{\"@type\":\"SearchAction\",\"target\":{\"@type\":\"EntryPoint\",\"urlTemplate\":\"https:\/\/www.stlflix-store.com\/?s={search_term_string}\"},\"query-input\":{\"@type\":\"PropertyValueSpecification\",\"valueRequired\":true,\"valueName\":\"search_term_string\"}}],\"inLanguage\":\"pt-BR\"},{\"@type\":\"Organization\",\"@id\":\"https:\/\/www.stlflix-store.com\/#organization\",\"name\":\"MyStore - By STLFLIX\",\"url\":\"https:\/\/www.stlflix-store.com\/\",\"logo\":{\"@type\":\"ImageObject\",\"inLanguage\":\"pt-BR\",\"@id\":\"https:\/\/www.stlflix-store.com\/#\/schema\/logo\/image\/\",\"url\":\"https:\/\/my.stlflix.com\/wp-content\/uploads\/2024\/06\/logo-mystore.png\",\"contentUrl\":\"https:\/\/my.stlflix.com\/wp-content\/uploads\/2024\/06\/logo-mystore.png\",\"width\":150,\"height\":41,\"caption\":\"MyStore - By STLFLIX\"},\"image\":{\"@id\":\"https:\/\/www.stlflix-store.com\/#\/schema\/logo\/image\/\"},\"sameAs\":[\"https:\/\/www.facebook.com\/STLFLIX\",\"https:\/\/www.instagram.com\/stlflix_\/\",\"https:\/\/www.tiktok.com\/@stlflix\"]}]}<\/script>\n<!-- \/ Yoast SEO plugin. -->","yoast_head_json":{"title":"Chaveiro Dinossauro 3D - ScouT-Rex - MyStore - By STLFLIX","robots":{"index":"index","follow":"follow","max-snippet":"max-snippet:-1","max-image-preview":"max-image-preview:large","max-video-preview":"max-video-preview:-1"},"canonical":"https:\/\/www.testeminhalojamandela.biz\/product\/scout-rex-69a1fc47a701d\/","og_locale":"pt_BR","og_type":"article","og_title":"Chaveiro Dinossauro 3D - ScouT-Rex - MyStore - By STLFLIX","og_description":"\ud83e\udd96 Chaveiro Dinossauro 3D \u2013 Edi\u00e7\u00e3o Cute Adicione um toque de personalidade \u00e0 sua mochila, bolsa ou chaveiro com esse dinossauro super estilizado e cheio de charme. Produzido em impress\u00e3o 3D com acabamento detalhado e cores vibrantes, \u00e9 o acess\u00f3rio perfeito para quem ama pe\u00e7as criativas e exclusivas. Ideal para: \u2714 Mochilas\u2714 Bolsas\u2714 Chaves\u2714 Presentes [&hellip;]","og_url":"https:\/\/www.testeminhalojamandela.biz\/product\/scout-rex-69a1fc47a701d\/","og_site_name":"MyStore - By STLFLIX","article_publisher":"https:\/\/www.facebook.com\/STLFLIX","article_modified_time":"2026-03-02T02:39:02+00:00","og_image":[{"width":1080,"height":1350,"url":"https:\/\/www.testeminhalojamandela.biz\/wp-content\/uploads\/2025\/07\/Scou_T_Rexthumb_056afdf685.jpg","type":"image\/jpeg"}],"twitter_card":"summary_large_image","schema":{"@context":"https:\/\/schema.org","@graph":[{"@type":"WebPage","@id":"https:\/\/www.testeminhalojamandela.biz\/product\/scout-rex-69a1fc47a701d\/","url":"https:\/\/www.testeminhalojamandela.biz\/product\/scout-rex-69a1fc47a701d\/","name":"Chaveiro Dinossauro 3D - ScouT-Rex - MyStore - By STLFLIX","isPartOf":{"@id":"https:\/\/www.stlflix-store.com\/#website"},"primaryImageOfPage":{"@id":"https:\/\/www.testeminhalojamandela.biz\/product\/scout-rex-69a1fc47a701d\/#primaryimage"},"image":{"@id":"https:\/\/www.testeminhalojamandela.biz\/product\/scout-rex-69a1fc47a701d\/#primaryimage"},"thumbnailUrl":"https:\/\/my.stlflix.com\/wp-content\/uploads\/2025\/07\/Scou_T_Rexthumb_056afdf685.jpg","datePublished":"2026-03-02T02:34:36+00:00","dateModified":"2026-03-02T02:39:02+00:00","breadcrumb":{"@id":"https:\/\/www.testeminhalojamandela.biz\/product\/scout-rex-69a1fc47a701d\/#breadcrumb"},"inLanguage":"pt-BR","potentialAction":[{"@type":"ReadAction","target":["https:\/\/www.testeminhalojamandela.biz\/product\/scout-rex-69a1fc47a701d\/"]}]},{"@type":"ImageObject","inLanguage":"pt-BR","@id":"https:\/\/www.testeminhalojamandela.biz\/product\/scout-rex-69a1fc47a701d\/#primaryimage","url":"https:\/\/my.stlflix.com\/wp-content\/uploads\/2025\/07\/Scou_T_Rexthumb_056afdf685.jpg","contentUrl":"https:\/\/my.stlflix.com\/wp-content\/uploads\/2025\/07\/Scou_T_Rexthumb_056afdf685.jpg","width":1080,"height":1350},{"@type":"BreadcrumbList","@id":"https:\/\/www.testeminhalojamandela.biz\/product\/scout-rex-69a1fc47a701d\/#breadcrumb","itemListElement":[{"@type":"ListItem","position":1,"name":"Home","item":"https:\/\/my.stlflix.com\/pt-br\/"},{"@type":"ListItem","position":2,"name":"Products","item":"https:\/\/www.lojadomandela3d.biz\/shop\/"},{"@type":"ListItem","position":3,"name":"Chaveiro Dinossauro 3D &#8211; ScouT-Rex"}]},{"@type":"WebSite","@id":"https:\/\/www.stlflix-store.com\/#website","url":"https:\/\/www.stlflix-store.com\/","name":"MyStore - By STLFLIX","description":"","publisher":{"@id":"https:\/\/www.stlflix-store.com\/#organization"},"potentialAction":[{"@type":"SearchAction","target":{"@type":"EntryPoint","urlTemplate":"https:\/\/www.stlflix-store.com\/?s={search_term_string}"},"query-input":{"@type":"PropertyValueSpecification","valueRequired":true,"valueName":"search_term_string"}}],"inLanguage":"pt-BR"},{"@type":"Organization","@id":"https:\/\/www.stlflix-store.com\/#organization","name":"MyStore - By STLFLIX","url":"https:\/\/www.stlflix-store.com\/","logo":{"@type":"ImageObject","inLanguage":"pt-BR","@id":"https:\/\/www.stlflix-store.com\/#\/schema\/logo\/image\/","url":"https:\/\/my.stlflix.com\/wp-content\/uploads\/2024\/06\/logo-mystore.png","contentUrl":"https:\/\/my.stlflix.com\/wp-content\/uploads\/2024\/06\/logo-mystore.png","width":150,"height":41,"caption":"MyStore - By STLFLIX"},"image":{"@id":"https:\/\/www.stlflix-store.com\/#\/schema\/logo\/image\/"},"sameAs":["https:\/\/www.facebook.com\/STLFLIX","https:\/\/www.instagram.com\/stlflix_\/","https:\/\/www.tiktok.com\/@stlflix"]}]}},"_links":{"self":[{"href":"https:\/\/my.stlflix.com\/pt-br\/wp-json\/wp\/v2\/product\/534124","targetHints":{"allow":["GET"]}}],"collection":[{"href":"https:\/\/my.stlflix.com\/pt-br\/wp-json\/wp\/v2\/product"}],"about":[{"href":"https:\/\/my.stlflix.com\/pt-br\/wp-json\/wp\/v2\/types\/product"}],"replies":[{"embeddable":true,"href":"https:\/\/my.stlflix.com\/pt-br\/wp-json\/wp\/v2\/comments?post=534124"}],"wp:featuredmedia":[{"embeddable":true,"href":"https:\/\/my.stlflix.com\/pt-br\/wp-json\/wp\/v2\/media\/400621"}],"wp:attachment":[{"href":"https:\/\/my.stlflix.com\/pt-br\/wp-json\/wp\/v2\/media?parent=534124"}],"wp:term":[{"taxonomy":"product_brand","embeddable":true,"href":"https:\/\/my.stlflix.com\/pt-br\/wp-json\/wp\/v2\/product_brand?post=534124"},{"taxonomy":"product_cat","embeddable":true,"href":"https:\/\/my.stlflix.com\/pt-br\/wp-json\/wp\/v2\/product_cat?post=534124"},{"taxonomy":"product_tag","embeddable":true,"href":"https:\/\/my.stlflix.com\/pt-br\/wp-json\/wp\/v2\/product_tag?post=534124"}],"curies":[{"name":"wp","href":"https:\/\/api.w.org\/{rel}","templated":true}]}}