{"id":56027,"date":"2024-08-15T14:56:06","date_gmt":"2024-08-15T14:56:06","guid":{"rendered":"https:\/\/my.stlflix.com\/?post_type=product&#038;p=56027"},"modified":"2025-05-15T15:51:51","modified_gmt":"2025-05-15T15:51:51","slug":"chaveiro-baby-husky","status":"publish","type":"product","link":"https:\/\/my.stlflix.com\/pt-br\/product\/chaveiro-baby-husky\/","title":{"rendered":"Chaveiro Baby Husky"},"content":{"rendered":"<p>PRODUTO EM COR \u00daNICA!<\/p>\n<p>Apresentamos o Chaveiro Baby Husky, um companheiro irresist\u00edvel para suas chaves! Com um design encantador e detalhes ador\u00e1veis, este chaveiro captura a ess\u00eancia do husky siberiano em sua forma mais fofa. Feito com materiais de alta qualidade, \u00e9 perfeito para personalizar sua mochila ou bolsa. Ideal para amantes de c\u00e3es e colecionadores de chaveiros \u00fanicos, o Baby Husky \u00e9 um presente especial que trar\u00e1 sorrisos e estilo ao seu dia a dia. Leve a energia e a fofura do husky com voc\u00ea aonde for!<\/p>\n","protected":false},"excerpt":{"rendered":"<p>PRODUTO EM COR \u00daNICA! Apresentamos o Chaveiro Baby Husky, um companheiro irresist\u00edvel para suas chaves! Com um design encantador e detalhes ador\u00e1veis, este chaveiro captura a ess\u00eancia do husky siberiano em sua forma mais fofa. Feito com materiais de alta qualidade, \u00e9 perfeito para personalizar sua mochila ou bolsa. Ideal para amantes de c\u00e3es e [&hellip;]<\/p>\n","protected":false},"featured_media":70392,"comment_status":"open","ping_status":"closed","template":"","meta":[],"product_brand":[],"product_cat":[19],"product_tag":[550],"class_list":{"0":"post-56027","1":"product","2":"type-product","3":"status-publish","4":"has-post-thumbnail","6":"product_cat-animals","7":"product_tag-chaveirinhos","9":"first","10":"instock","11":"shipping-taxable","12":"purchasable","13":"product-type-variable"},"yoast_head":"<!-- This site is optimized with the Yoast SEO plugin v25.1 - https:\/\/yoast.com\/wordpress\/plugins\/seo\/ -->\n<title>Chaveiro Baby Husky<\/title>\n<meta name=\"description\" content=\"Apresentamos o Chaveiro Baby Husky, um companheiro irresist\u00edvel para suas chaves! Com um design encantador e detalhes ador\u00e1veis, este chaveiro captura a ess\u00eancia do husky siberiano em sua forma mais fofa.\" \/>\n<meta name=\"robots\" content=\"index, follow, max-snippet:-1, max-image-preview:large, max-video-preview:-1\" \/>\n<link rel=\"canonical\" href=\"https:\/\/www.testeminhalojamandela.biz\/product\/chaveiro-baby-husky\/\" \/>\n<meta property=\"og:locale\" content=\"pt_BR\" \/>\n<meta property=\"og:type\" content=\"article\" \/>\n<meta property=\"og:title\" content=\"Chaveiro Baby Husky\" \/>\n<meta property=\"og:description\" content=\"Apresentamos o Chaveiro Baby Husky, um companheiro irresist\u00edvel para suas chaves! Com um design encantador e detalhes ador\u00e1veis, este chaveiro captura a ess\u00eancia do husky siberiano em sua forma mais fofa.\" \/>\n<meta property=\"og:url\" content=\"https:\/\/www.testeminhalojamandela.biz\/product\/chaveiro-baby-husky\/\" \/>\n<meta property=\"og:site_name\" content=\"MyStore - By STLFLIX\" \/>\n<meta property=\"article:publisher\" content=\"https:\/\/www.facebook.com\/STLFLIX\" \/>\n<meta property=\"article:modified_time\" content=\"2025-05-15T15:51:51+00:00\" \/>\n<meta property=\"og:image\" content=\"https:\/\/www.testeminhalojamandela.biz\/wp-content\/uploads\/2024\/08\/sled_dog1_c182b34684.jpg\" \/>\n\t<meta property=\"og:image:width\" content=\"1080\" \/>\n\t<meta property=\"og:image:height\" content=\"1350\" \/>\n\t<meta property=\"og:image:type\" content=\"image\/jpeg\" \/>\n<meta name=\"twitter:card\" content=\"summary_large_image\" \/>\n<script type=\"application\/ld+json\" class=\"yoast-schema-graph\">{\"@context\":\"https:\/\/schema.org\",\"@graph\":[{\"@type\":\"WebPage\",\"@id\":\"https:\/\/www.testeminhalojamandela.biz\/product\/chaveiro-baby-husky\/\",\"url\":\"https:\/\/www.testeminhalojamandela.biz\/product\/chaveiro-baby-husky\/\",\"name\":\"Chaveiro Baby Husky\",\"isPartOf\":{\"@id\":\"https:\/\/www.stlflix-store.com\/#website\"},\"primaryImageOfPage\":{\"@id\":\"https:\/\/www.testeminhalojamandela.biz\/product\/chaveiro-baby-husky\/#primaryimage\"},\"image\":{\"@id\":\"https:\/\/www.testeminhalojamandela.biz\/product\/chaveiro-baby-husky\/#primaryimage\"},\"thumbnailUrl\":\"https:\/\/my.stlflix.com\/wp-content\/uploads\/2024\/08\/sled_dog1_c182b34684.jpg\",\"datePublished\":\"2024-08-15T14:56:06+00:00\",\"dateModified\":\"2025-05-15T15:51:51+00:00\",\"description\":\"Apresentamos o Chaveiro Baby Husky, um companheiro irresist\u00edvel para suas chaves! Com um design encantador e detalhes ador\u00e1veis, este chaveiro captura a ess\u00eancia do husky siberiano em sua forma mais fofa.\",\"breadcrumb\":{\"@id\":\"https:\/\/www.testeminhalojamandela.biz\/product\/chaveiro-baby-husky\/#breadcrumb\"},\"inLanguage\":\"pt-BR\",\"potentialAction\":[{\"@type\":\"ReadAction\",\"target\":[\"https:\/\/www.testeminhalojamandela.biz\/product\/chaveiro-baby-husky\/\"]}]},{\"@type\":\"ImageObject\",\"inLanguage\":\"pt-BR\",\"@id\":\"https:\/\/www.testeminhalojamandela.biz\/product\/chaveiro-baby-husky\/#primaryimage\",\"url\":\"https:\/\/my.stlflix.com\/wp-content\/uploads\/2024\/08\/sled_dog1_c182b34684.jpg\",\"contentUrl\":\"https:\/\/my.stlflix.com\/wp-content\/uploads\/2024\/08\/sled_dog1_c182b34684.jpg\",\"width\":1080,\"height\":1350},{\"@type\":\"BreadcrumbList\",\"@id\":\"https:\/\/www.testeminhalojamandela.biz\/product\/chaveiro-baby-husky\/#breadcrumb\",\"itemListElement\":[{\"@type\":\"ListItem\",\"position\":1,\"name\":\"Home\",\"item\":\"https:\/\/my.stlflix.com\/pt-br\/\"},{\"@type\":\"ListItem\",\"position\":2,\"name\":\"Products\",\"item\":\"https:\/\/www.lojadomandela3d.biz\/shop\/\"},{\"@type\":\"ListItem\",\"position\":3,\"name\":\"Chaveiro Baby Husky\"}]},{\"@type\":\"WebSite\",\"@id\":\"https:\/\/www.stlflix-store.com\/#website\",\"url\":\"https:\/\/www.stlflix-store.com\/\",\"name\":\"MyStore - By STLFLIX\",\"description\":\"\",\"publisher\":{\"@id\":\"https:\/\/www.stlflix-store.com\/#organization\"},\"potentialAction\":[{\"@type\":\"SearchAction\",\"target\":{\"@type\":\"EntryPoint\",\"urlTemplate\":\"https:\/\/www.stlflix-store.com\/?s={search_term_string}\"},\"query-input\":{\"@type\":\"PropertyValueSpecification\",\"valueRequired\":true,\"valueName\":\"search_term_string\"}}],\"inLanguage\":\"pt-BR\"},{\"@type\":\"Organization\",\"@id\":\"https:\/\/www.stlflix-store.com\/#organization\",\"name\":\"MyStore - By STLFLIX\",\"url\":\"https:\/\/www.stlflix-store.com\/\",\"logo\":{\"@type\":\"ImageObject\",\"inLanguage\":\"pt-BR\",\"@id\":\"https:\/\/www.stlflix-store.com\/#\/schema\/logo\/image\/\",\"url\":\"https:\/\/my.stlflix.com\/wp-content\/uploads\/2024\/06\/logo-mystore.png\",\"contentUrl\":\"https:\/\/my.stlflix.com\/wp-content\/uploads\/2024\/06\/logo-mystore.png\",\"width\":150,\"height\":41,\"caption\":\"MyStore - By STLFLIX\"},\"image\":{\"@id\":\"https:\/\/www.stlflix-store.com\/#\/schema\/logo\/image\/\"},\"sameAs\":[\"https:\/\/www.facebook.com\/STLFLIX\",\"https:\/\/www.instagram.com\/stlflix_\/\",\"https:\/\/www.tiktok.com\/@stlflix\"]}]}<\/script>\n<!-- \/ Yoast SEO plugin. -->","yoast_head_json":{"title":"Chaveiro Baby Husky","description":"Apresentamos o Chaveiro Baby Husky, um companheiro irresist\u00edvel para suas chaves! Com um design encantador e detalhes ador\u00e1veis, este chaveiro captura a ess\u00eancia do husky siberiano em sua forma mais fofa.","robots":{"index":"index","follow":"follow","max-snippet":"max-snippet:-1","max-image-preview":"max-image-preview:large","max-video-preview":"max-video-preview:-1"},"canonical":"https:\/\/www.testeminhalojamandela.biz\/product\/chaveiro-baby-husky\/","og_locale":"pt_BR","og_type":"article","og_title":"Chaveiro Baby Husky","og_description":"Apresentamos o Chaveiro Baby Husky, um companheiro irresist\u00edvel para suas chaves! Com um design encantador e detalhes ador\u00e1veis, este chaveiro captura a ess\u00eancia do husky siberiano em sua forma mais fofa.","og_url":"https:\/\/www.testeminhalojamandela.biz\/product\/chaveiro-baby-husky\/","og_site_name":"MyStore - By STLFLIX","article_publisher":"https:\/\/www.facebook.com\/STLFLIX","article_modified_time":"2025-05-15T15:51:51+00:00","og_image":[{"width":1080,"height":1350,"url":"https:\/\/www.testeminhalojamandela.biz\/wp-content\/uploads\/2024\/08\/sled_dog1_c182b34684.jpg","type":"image\/jpeg"}],"twitter_card":"summary_large_image","schema":{"@context":"https:\/\/schema.org","@graph":[{"@type":"WebPage","@id":"https:\/\/www.testeminhalojamandela.biz\/product\/chaveiro-baby-husky\/","url":"https:\/\/www.testeminhalojamandela.biz\/product\/chaveiro-baby-husky\/","name":"Chaveiro Baby Husky","isPartOf":{"@id":"https:\/\/www.stlflix-store.com\/#website"},"primaryImageOfPage":{"@id":"https:\/\/www.testeminhalojamandela.biz\/product\/chaveiro-baby-husky\/#primaryimage"},"image":{"@id":"https:\/\/www.testeminhalojamandela.biz\/product\/chaveiro-baby-husky\/#primaryimage"},"thumbnailUrl":"https:\/\/my.stlflix.com\/wp-content\/uploads\/2024\/08\/sled_dog1_c182b34684.jpg","datePublished":"2024-08-15T14:56:06+00:00","dateModified":"2025-05-15T15:51:51+00:00","description":"Apresentamos o Chaveiro Baby Husky, um companheiro irresist\u00edvel para suas chaves! Com um design encantador e detalhes ador\u00e1veis, este chaveiro captura a ess\u00eancia do husky siberiano em sua forma mais fofa.","breadcrumb":{"@id":"https:\/\/www.testeminhalojamandela.biz\/product\/chaveiro-baby-husky\/#breadcrumb"},"inLanguage":"pt-BR","potentialAction":[{"@type":"ReadAction","target":["https:\/\/www.testeminhalojamandela.biz\/product\/chaveiro-baby-husky\/"]}]},{"@type":"ImageObject","inLanguage":"pt-BR","@id":"https:\/\/www.testeminhalojamandela.biz\/product\/chaveiro-baby-husky\/#primaryimage","url":"https:\/\/my.stlflix.com\/wp-content\/uploads\/2024\/08\/sled_dog1_c182b34684.jpg","contentUrl":"https:\/\/my.stlflix.com\/wp-content\/uploads\/2024\/08\/sled_dog1_c182b34684.jpg","width":1080,"height":1350},{"@type":"BreadcrumbList","@id":"https:\/\/www.testeminhalojamandela.biz\/product\/chaveiro-baby-husky\/#breadcrumb","itemListElement":[{"@type":"ListItem","position":1,"name":"Home","item":"https:\/\/my.stlflix.com\/pt-br\/"},{"@type":"ListItem","position":2,"name":"Products","item":"https:\/\/www.lojadomandela3d.biz\/shop\/"},{"@type":"ListItem","position":3,"name":"Chaveiro Baby Husky"}]},{"@type":"WebSite","@id":"https:\/\/www.stlflix-store.com\/#website","url":"https:\/\/www.stlflix-store.com\/","name":"MyStore - By STLFLIX","description":"","publisher":{"@id":"https:\/\/www.stlflix-store.com\/#organization"},"potentialAction":[{"@type":"SearchAction","target":{"@type":"EntryPoint","urlTemplate":"https:\/\/www.stlflix-store.com\/?s={search_term_string}"},"query-input":{"@type":"PropertyValueSpecification","valueRequired":true,"valueName":"search_term_string"}}],"inLanguage":"pt-BR"},{"@type":"Organization","@id":"https:\/\/www.stlflix-store.com\/#organization","name":"MyStore - By STLFLIX","url":"https:\/\/www.stlflix-store.com\/","logo":{"@type":"ImageObject","inLanguage":"pt-BR","@id":"https:\/\/www.stlflix-store.com\/#\/schema\/logo\/image\/","url":"https:\/\/my.stlflix.com\/wp-content\/uploads\/2024\/06\/logo-mystore.png","contentUrl":"https:\/\/my.stlflix.com\/wp-content\/uploads\/2024\/06\/logo-mystore.png","width":150,"height":41,"caption":"MyStore - By STLFLIX"},"image":{"@id":"https:\/\/www.stlflix-store.com\/#\/schema\/logo\/image\/"},"sameAs":["https:\/\/www.facebook.com\/STLFLIX","https:\/\/www.instagram.com\/stlflix_\/","https:\/\/www.tiktok.com\/@stlflix"]}]}},"_links":{"self":[{"href":"https:\/\/my.stlflix.com\/pt-br\/wp-json\/wp\/v2\/product\/56027","targetHints":{"allow":["GET"]}}],"collection":[{"href":"https:\/\/my.stlflix.com\/pt-br\/wp-json\/wp\/v2\/product"}],"about":[{"href":"https:\/\/my.stlflix.com\/pt-br\/wp-json\/wp\/v2\/types\/product"}],"replies":[{"embeddable":true,"href":"https:\/\/my.stlflix.com\/pt-br\/wp-json\/wp\/v2\/comments?post=56027"}],"wp:featuredmedia":[{"embeddable":true,"href":"https:\/\/my.stlflix.com\/pt-br\/wp-json\/wp\/v2\/media\/70392"}],"wp:attachment":[{"href":"https:\/\/my.stlflix.com\/pt-br\/wp-json\/wp\/v2\/media?parent=56027"}],"wp:term":[{"taxonomy":"product_brand","embeddable":true,"href":"https:\/\/my.stlflix.com\/pt-br\/wp-json\/wp\/v2\/product_brand?post=56027"},{"taxonomy":"product_cat","embeddable":true,"href":"https:\/\/my.stlflix.com\/pt-br\/wp-json\/wp\/v2\/product_cat?post=56027"},{"taxonomy":"product_tag","embeddable":true,"href":"https:\/\/my.stlflix.com\/pt-br\/wp-json\/wp\/v2\/product_tag?post=56027"}],"curies":[{"name":"wp","href":"https:\/\/api.w.org\/{rel}","templated":true}]}}