{"id":61381,"date":"2024-08-13T22:49:34","date_gmt":"2024-08-13T22:49:34","guid":{"rendered":"https:\/\/my.stlflix.com\/?post_type=product&#038;p=61381"},"modified":"2025-05-15T15:52:11","modified_gmt":"2025-05-15T15:52:11","slug":"chaveiro-coelho-esqueleto","status":"publish","type":"product","link":"https:\/\/my.stlflix.com\/pt-br\/product\/chaveiro-coelho-esqueleto\/","title":{"rendered":"Chaveiro Coelho Esqueleto"},"content":{"rendered":"<p>PRODUTO EM COR \u00daNICA!<\/p>\n<p>Conhe\u00e7a o Chaveiro Coelho Esqueleto, um acess\u00f3rio que combina a fofura dos coelhos com um toque enigm\u00e1tico. Este chaveiro apresenta um design esquel\u00e9tico detalhado, ideal para quem busca originalidade e estilo. Feito com materiais de alta qualidade, \u00e9 perfeito para personalizar suas chaves ou adicionar um detalhe \u00fanico \u00e0 sua mochila. O Coelho Esqueleto \u00e9 o presente perfeito para amantes de coelhos e colecionadores de itens exclusivos, trazendo um charme misterioso ao seu dia a dia.<\/p>\n","protected":false},"excerpt":{"rendered":"<p>PRODUTO EM COR \u00daNICA! Conhe\u00e7a o Chaveiro Coelho Esqueleto, um acess\u00f3rio que combina a fofura dos coelhos com um toque enigm\u00e1tico. Este chaveiro apresenta um design esquel\u00e9tico detalhado, ideal para quem busca originalidade e estilo. Feito com materiais de alta qualidade, \u00e9 perfeito para personalizar suas chaves ou adicionar um detalhe \u00fanico \u00e0 sua mochila. [&hellip;]<\/p>\n","protected":false},"featured_media":67288,"comment_status":"open","ping_status":"closed","template":"","meta":[],"product_brand":[],"product_cat":[19],"product_tag":[550],"class_list":{"0":"post-61381","1":"product","2":"type-product","3":"status-publish","4":"has-post-thumbnail","6":"product_cat-animals","7":"product_tag-chaveirinhos","9":"first","10":"instock","11":"shipping-taxable","12":"purchasable","13":"product-type-variable"},"yoast_head":"<!-- This site is optimized with the Yoast SEO plugin v25.1 - https:\/\/yoast.com\/wordpress\/plugins\/seo\/ -->\n<title>Chaveiro Coelho Esqueleto - J&amp;D Print Store<\/title>\n<meta name=\"description\" content=\"Conhe\u00e7a o Chaveiro Coelho Esqueleto, um acess\u00f3rio que combina a fofura dos coelhos com um toque enigm\u00e1tico. Este chaveiro apresenta um design esquel\u00e9tico detalhado, ideal para quem busca originalidade e estilo.\" \/>\n<meta name=\"robots\" content=\"index, follow, max-snippet:-1, max-image-preview:large, max-video-preview:-1\" \/>\n<link rel=\"canonical\" href=\"https:\/\/my.stlflix.com\/pt-br\/product\/chaveiro-coelho-esqueleto\/\" \/>\n<meta property=\"og:locale\" content=\"pt_BR\" \/>\n<meta property=\"og:type\" content=\"article\" \/>\n<meta property=\"og:title\" content=\"Chaveiro Coelho Esqueleto - J&amp;D Print Store\" \/>\n<meta property=\"og:description\" content=\"Conhe\u00e7a o Chaveiro Coelho Esqueleto, um acess\u00f3rio que combina a fofura dos coelhos com um toque enigm\u00e1tico. Este chaveiro apresenta um design esquel\u00e9tico detalhado, ideal para quem busca originalidade e estilo.\" \/>\n<meta property=\"og:url\" content=\"https:\/\/my.stlflix.com\/pt-br\/product\/chaveiro-coelho-esqueleto\/\" \/>\n<meta property=\"og:site_name\" content=\"MyStore - By STLFLIX\" \/>\n<meta property=\"article:publisher\" content=\"https:\/\/www.facebook.com\/STLFLIX\" \/>\n<meta property=\"article:modified_time\" content=\"2025-05-15T15:52:11+00:00\" \/>\n<meta property=\"og:image\" content=\"https:\/\/my.stlflix.com\/wp-content\/uploads\/2024\/08\/Skeleton_Keychains1_Rabbit.jpg\" \/>\n\t<meta property=\"og:image:width\" content=\"1080\" \/>\n\t<meta property=\"og:image:height\" content=\"1350\" \/>\n\t<meta property=\"og:image:type\" content=\"image\/jpeg\" \/>\n<meta name=\"twitter:card\" content=\"summary_large_image\" \/>\n<script type=\"application\/ld+json\" class=\"yoast-schema-graph\">{\"@context\":\"https:\/\/schema.org\",\"@graph\":[{\"@type\":\"WebPage\",\"@id\":\"https:\/\/my.stlflix.com\/pt-br\/product\/chaveiro-coelho-esqueleto\/\",\"url\":\"https:\/\/my.stlflix.com\/pt-br\/product\/chaveiro-coelho-esqueleto\/\",\"name\":\"Chaveiro Coelho Esqueleto - J&D Print Store\",\"isPartOf\":{\"@id\":\"https:\/\/www.stlflix-store.com\/#website\"},\"primaryImageOfPage\":{\"@id\":\"https:\/\/my.stlflix.com\/pt-br\/product\/chaveiro-coelho-esqueleto\/#primaryimage\"},\"image\":{\"@id\":\"https:\/\/my.stlflix.com\/pt-br\/product\/chaveiro-coelho-esqueleto\/#primaryimage\"},\"thumbnailUrl\":\"https:\/\/my.stlflix.com\/wp-content\/uploads\/2024\/08\/Skeleton_Keychains1_Rabbit.jpg\",\"datePublished\":\"2024-08-13T22:49:34+00:00\",\"dateModified\":\"2025-05-15T15:52:11+00:00\",\"description\":\"Conhe\u00e7a o Chaveiro Coelho Esqueleto, um acess\u00f3rio que combina a fofura dos coelhos com um toque enigm\u00e1tico. Este chaveiro apresenta um design esquel\u00e9tico detalhado, ideal para quem busca originalidade e estilo.\",\"breadcrumb\":{\"@id\":\"https:\/\/my.stlflix.com\/pt-br\/product\/chaveiro-coelho-esqueleto\/#breadcrumb\"},\"inLanguage\":\"pt-BR\",\"potentialAction\":[{\"@type\":\"ReadAction\",\"target\":[\"https:\/\/my.stlflix.com\/pt-br\/product\/chaveiro-coelho-esqueleto\/\"]}]},{\"@type\":\"ImageObject\",\"inLanguage\":\"pt-BR\",\"@id\":\"https:\/\/my.stlflix.com\/pt-br\/product\/chaveiro-coelho-esqueleto\/#primaryimage\",\"url\":\"https:\/\/my.stlflix.com\/wp-content\/uploads\/2024\/08\/Skeleton_Keychains1_Rabbit.jpg\",\"contentUrl\":\"https:\/\/my.stlflix.com\/wp-content\/uploads\/2024\/08\/Skeleton_Keychains1_Rabbit.jpg\",\"width\":1080,\"height\":1350},{\"@type\":\"BreadcrumbList\",\"@id\":\"https:\/\/my.stlflix.com\/pt-br\/product\/chaveiro-coelho-esqueleto\/#breadcrumb\",\"itemListElement\":[{\"@type\":\"ListItem\",\"position\":1,\"name\":\"Home\",\"item\":\"https:\/\/my.stlflix.com\/pt-br\/\"},{\"@type\":\"ListItem\",\"position\":2,\"name\":\"Products\",\"item\":\"https:\/\/www.lojadomandela3d.biz\/shop\/\"},{\"@type\":\"ListItem\",\"position\":3,\"name\":\"Chaveiro Coelho Esqueleto\"}]},{\"@type\":\"WebSite\",\"@id\":\"https:\/\/www.stlflix-store.com\/#website\",\"url\":\"https:\/\/www.stlflix-store.com\/\",\"name\":\"MyStore - By STLFLIX\",\"description\":\"\",\"publisher\":{\"@id\":\"https:\/\/www.stlflix-store.com\/#organization\"},\"potentialAction\":[{\"@type\":\"SearchAction\",\"target\":{\"@type\":\"EntryPoint\",\"urlTemplate\":\"https:\/\/www.stlflix-store.com\/?s={search_term_string}\"},\"query-input\":{\"@type\":\"PropertyValueSpecification\",\"valueRequired\":true,\"valueName\":\"search_term_string\"}}],\"inLanguage\":\"pt-BR\"},{\"@type\":\"Organization\",\"@id\":\"https:\/\/www.stlflix-store.com\/#organization\",\"name\":\"MyStore - By STLFLIX\",\"url\":\"https:\/\/www.stlflix-store.com\/\",\"logo\":{\"@type\":\"ImageObject\",\"inLanguage\":\"pt-BR\",\"@id\":\"https:\/\/www.stlflix-store.com\/#\/schema\/logo\/image\/\",\"url\":\"https:\/\/my.stlflix.com\/wp-content\/uploads\/2024\/06\/logo-mystore.png\",\"contentUrl\":\"https:\/\/my.stlflix.com\/wp-content\/uploads\/2024\/06\/logo-mystore.png\",\"width\":150,\"height\":41,\"caption\":\"MyStore - By STLFLIX\"},\"image\":{\"@id\":\"https:\/\/www.stlflix-store.com\/#\/schema\/logo\/image\/\"},\"sameAs\":[\"https:\/\/www.facebook.com\/STLFLIX\",\"https:\/\/www.instagram.com\/stlflix_\/\",\"https:\/\/www.tiktok.com\/@stlflix\"]}]}<\/script>\n<!-- \/ Yoast SEO plugin. -->","yoast_head_json":{"title":"Chaveiro Coelho Esqueleto - J&D Print Store","description":"Conhe\u00e7a o Chaveiro Coelho Esqueleto, um acess\u00f3rio que combina a fofura dos coelhos com um toque enigm\u00e1tico. Este chaveiro apresenta um design esquel\u00e9tico detalhado, ideal para quem busca originalidade e estilo.","robots":{"index":"index","follow":"follow","max-snippet":"max-snippet:-1","max-image-preview":"max-image-preview:large","max-video-preview":"max-video-preview:-1"},"canonical":"https:\/\/my.stlflix.com\/pt-br\/product\/chaveiro-coelho-esqueleto\/","og_locale":"pt_BR","og_type":"article","og_title":"Chaveiro Coelho Esqueleto - J&D Print Store","og_description":"Conhe\u00e7a o Chaveiro Coelho Esqueleto, um acess\u00f3rio que combina a fofura dos coelhos com um toque enigm\u00e1tico. Este chaveiro apresenta um design esquel\u00e9tico detalhado, ideal para quem busca originalidade e estilo.","og_url":"https:\/\/my.stlflix.com\/pt-br\/product\/chaveiro-coelho-esqueleto\/","og_site_name":"MyStore - By STLFLIX","article_publisher":"https:\/\/www.facebook.com\/STLFLIX","article_modified_time":"2025-05-15T15:52:11+00:00","og_image":[{"width":1080,"height":1350,"url":"https:\/\/my.stlflix.com\/wp-content\/uploads\/2024\/08\/Skeleton_Keychains1_Rabbit.jpg","type":"image\/jpeg"}],"twitter_card":"summary_large_image","schema":{"@context":"https:\/\/schema.org","@graph":[{"@type":"WebPage","@id":"https:\/\/my.stlflix.com\/pt-br\/product\/chaveiro-coelho-esqueleto\/","url":"https:\/\/my.stlflix.com\/pt-br\/product\/chaveiro-coelho-esqueleto\/","name":"Chaveiro Coelho Esqueleto - J&D Print Store","isPartOf":{"@id":"https:\/\/www.stlflix-store.com\/#website"},"primaryImageOfPage":{"@id":"https:\/\/my.stlflix.com\/pt-br\/product\/chaveiro-coelho-esqueleto\/#primaryimage"},"image":{"@id":"https:\/\/my.stlflix.com\/pt-br\/product\/chaveiro-coelho-esqueleto\/#primaryimage"},"thumbnailUrl":"https:\/\/my.stlflix.com\/wp-content\/uploads\/2024\/08\/Skeleton_Keychains1_Rabbit.jpg","datePublished":"2024-08-13T22:49:34+00:00","dateModified":"2025-05-15T15:52:11+00:00","description":"Conhe\u00e7a o Chaveiro Coelho Esqueleto, um acess\u00f3rio que combina a fofura dos coelhos com um toque enigm\u00e1tico. Este chaveiro apresenta um design esquel\u00e9tico detalhado, ideal para quem busca originalidade e estilo.","breadcrumb":{"@id":"https:\/\/my.stlflix.com\/pt-br\/product\/chaveiro-coelho-esqueleto\/#breadcrumb"},"inLanguage":"pt-BR","potentialAction":[{"@type":"ReadAction","target":["https:\/\/my.stlflix.com\/pt-br\/product\/chaveiro-coelho-esqueleto\/"]}]},{"@type":"ImageObject","inLanguage":"pt-BR","@id":"https:\/\/my.stlflix.com\/pt-br\/product\/chaveiro-coelho-esqueleto\/#primaryimage","url":"https:\/\/my.stlflix.com\/wp-content\/uploads\/2024\/08\/Skeleton_Keychains1_Rabbit.jpg","contentUrl":"https:\/\/my.stlflix.com\/wp-content\/uploads\/2024\/08\/Skeleton_Keychains1_Rabbit.jpg","width":1080,"height":1350},{"@type":"BreadcrumbList","@id":"https:\/\/my.stlflix.com\/pt-br\/product\/chaveiro-coelho-esqueleto\/#breadcrumb","itemListElement":[{"@type":"ListItem","position":1,"name":"Home","item":"https:\/\/my.stlflix.com\/pt-br\/"},{"@type":"ListItem","position":2,"name":"Products","item":"https:\/\/www.lojadomandela3d.biz\/shop\/"},{"@type":"ListItem","position":3,"name":"Chaveiro Coelho Esqueleto"}]},{"@type":"WebSite","@id":"https:\/\/www.stlflix-store.com\/#website","url":"https:\/\/www.stlflix-store.com\/","name":"MyStore - By STLFLIX","description":"","publisher":{"@id":"https:\/\/www.stlflix-store.com\/#organization"},"potentialAction":[{"@type":"SearchAction","target":{"@type":"EntryPoint","urlTemplate":"https:\/\/www.stlflix-store.com\/?s={search_term_string}"},"query-input":{"@type":"PropertyValueSpecification","valueRequired":true,"valueName":"search_term_string"}}],"inLanguage":"pt-BR"},{"@type":"Organization","@id":"https:\/\/www.stlflix-store.com\/#organization","name":"MyStore - By STLFLIX","url":"https:\/\/www.stlflix-store.com\/","logo":{"@type":"ImageObject","inLanguage":"pt-BR","@id":"https:\/\/www.stlflix-store.com\/#\/schema\/logo\/image\/","url":"https:\/\/my.stlflix.com\/wp-content\/uploads\/2024\/06\/logo-mystore.png","contentUrl":"https:\/\/my.stlflix.com\/wp-content\/uploads\/2024\/06\/logo-mystore.png","width":150,"height":41,"caption":"MyStore - By STLFLIX"},"image":{"@id":"https:\/\/www.stlflix-store.com\/#\/schema\/logo\/image\/"},"sameAs":["https:\/\/www.facebook.com\/STLFLIX","https:\/\/www.instagram.com\/stlflix_\/","https:\/\/www.tiktok.com\/@stlflix"]}]}},"_links":{"self":[{"href":"https:\/\/my.stlflix.com\/pt-br\/wp-json\/wp\/v2\/product\/61381","targetHints":{"allow":["GET"]}}],"collection":[{"href":"https:\/\/my.stlflix.com\/pt-br\/wp-json\/wp\/v2\/product"}],"about":[{"href":"https:\/\/my.stlflix.com\/pt-br\/wp-json\/wp\/v2\/types\/product"}],"replies":[{"embeddable":true,"href":"https:\/\/my.stlflix.com\/pt-br\/wp-json\/wp\/v2\/comments?post=61381"}],"wp:featuredmedia":[{"embeddable":true,"href":"https:\/\/my.stlflix.com\/pt-br\/wp-json\/wp\/v2\/media\/67288"}],"wp:attachment":[{"href":"https:\/\/my.stlflix.com\/pt-br\/wp-json\/wp\/v2\/media?parent=61381"}],"wp:term":[{"taxonomy":"product_brand","embeddable":true,"href":"https:\/\/my.stlflix.com\/pt-br\/wp-json\/wp\/v2\/product_brand?post=61381"},{"taxonomy":"product_cat","embeddable":true,"href":"https:\/\/my.stlflix.com\/pt-br\/wp-json\/wp\/v2\/product_cat?post=61381"},{"taxonomy":"product_tag","embeddable":true,"href":"https:\/\/my.stlflix.com\/pt-br\/wp-json\/wp\/v2\/product_tag?post=61381"}],"curies":[{"name":"wp","href":"https:\/\/api.w.org\/{rel}","templated":true}]}}