{"id":61384,"date":"2024-08-13T22:49:41","date_gmt":"2024-08-13T22:49:41","guid":{"rendered":"https:\/\/my.stlflix.com\/?post_type=product&#038;p=61384"},"modified":"2025-05-15T15:51:51","modified_gmt":"2025-05-15T15:51:51","slug":"chaveiro-cachorro-esqueleto","status":"publish","type":"product","link":"https:\/\/my.stlflix.com\/pt-br\/product\/chaveiro-cachorro-esqueleto\/","title":{"rendered":"Chaveiro Cachorro Esqueleto"},"content":{"rendered":"<p>PRODUTO EM COR \u00daNICA!<\/p>\n<p>Apresentamos o Chaveiro Cachorro Esqueleto, uma pe\u00e7a \u00fanica que combina o amor por c\u00e3es com um toque de mist\u00e9rio. Este chaveiro destaca a estrutura esquel\u00e9tica de um c\u00e3o, criando um visual intrigante e estiloso. Feito com materiais de alta qualidade, \u00e9 perfeito para personalizar suas chaves ou complementar sua bolsa com originalidade. Ideal para quem aprecia o diferente e quer adicionar um toque ousado ao seu dia a dia. Leve a ess\u00eancia do\u00a0 Cachorro Esqueleto com voc\u00ea e surpreenda a todos!<\/p>\n","protected":false},"excerpt":{"rendered":"<p>PRODUTO EM COR \u00daNICA! Apresentamos o Chaveiro Cachorro Esqueleto, uma pe\u00e7a \u00fanica que combina o amor por c\u00e3es com um toque de mist\u00e9rio. Este chaveiro destaca a estrutura esquel\u00e9tica de um c\u00e3o, criando um visual intrigante e estiloso. Feito com materiais de alta qualidade, \u00e9 perfeito para personalizar suas chaves ou complementar sua bolsa com [&hellip;]<\/p>\n","protected":false},"featured_media":67206,"comment_status":"open","ping_status":"closed","template":"","meta":[],"product_brand":[],"product_cat":[19],"product_tag":[550],"class_list":{"0":"post-61384","1":"product","2":"type-product","3":"status-publish","4":"has-post-thumbnail","6":"product_cat-animals","7":"product_tag-chaveirinhos","9":"first","10":"instock","11":"shipping-taxable","12":"purchasable","13":"product-type-variable"},"yoast_head":"<!-- This site is optimized with the Yoast SEO plugin v25.1 - https:\/\/yoast.com\/wordpress\/plugins\/seo\/ -->\n<title>Chaveiro Cachorro Esqueleto - J&amp;D Print Store<\/title>\n<meta name=\"description\" content=\"Apresentamos o Chaveiro Cachorro Esqueleto, uma pe\u00e7a \u00fanica que combina o amor por c\u00e3es com um toque de mist\u00e9rio. Este chaveiro destaca a estrutura esquel\u00e9tica de um c\u00e3o, criando um visual intrigante e estiloso.\" \/>\n<meta name=\"robots\" content=\"index, follow, max-snippet:-1, max-image-preview:large, max-video-preview:-1\" \/>\n<link rel=\"canonical\" href=\"https:\/\/www.testeminhalojamandela.biz\/product\/chaveiro-cachorro-esqueleto\/\" \/>\n<meta property=\"og:locale\" content=\"pt_BR\" \/>\n<meta property=\"og:type\" content=\"article\" \/>\n<meta property=\"og:title\" content=\"Chaveiro Cachorro Esqueleto - J&amp;D Print Store\" \/>\n<meta property=\"og:description\" content=\"Apresentamos o Chaveiro Cachorro Esqueleto, uma pe\u00e7a \u00fanica que combina o amor por c\u00e3es com um toque de mist\u00e9rio. Este chaveiro destaca a estrutura esquel\u00e9tica de um c\u00e3o, criando um visual intrigante e estiloso.\" \/>\n<meta property=\"og:url\" content=\"https:\/\/www.testeminhalojamandela.biz\/product\/chaveiro-cachorro-esqueleto\/\" \/>\n<meta property=\"og:site_name\" content=\"MyStore - By STLFLIX\" \/>\n<meta property=\"article:publisher\" content=\"https:\/\/www.facebook.com\/STLFLIX\" \/>\n<meta property=\"article:modified_time\" content=\"2025-05-15T15:51:51+00:00\" \/>\n<meta property=\"og:image\" content=\"https:\/\/www.testeminhalojamandela.biz\/wp-content\/uploads\/2024\/08\/Skeleton_Keychains6_Dog.jpg\" \/>\n\t<meta property=\"og:image:width\" content=\"1080\" \/>\n\t<meta property=\"og:image:height\" content=\"1350\" \/>\n\t<meta property=\"og:image:type\" content=\"image\/jpeg\" \/>\n<meta name=\"twitter:card\" content=\"summary_large_image\" \/>\n<script type=\"application\/ld+json\" class=\"yoast-schema-graph\">{\"@context\":\"https:\/\/schema.org\",\"@graph\":[{\"@type\":\"WebPage\",\"@id\":\"https:\/\/www.testeminhalojamandela.biz\/product\/chaveiro-cachorro-esqueleto\/\",\"url\":\"https:\/\/www.testeminhalojamandela.biz\/product\/chaveiro-cachorro-esqueleto\/\",\"name\":\"Chaveiro Cachorro Esqueleto - J&D Print Store\",\"isPartOf\":{\"@id\":\"https:\/\/www.stlflix-store.com\/#website\"},\"primaryImageOfPage\":{\"@id\":\"https:\/\/www.testeminhalojamandela.biz\/product\/chaveiro-cachorro-esqueleto\/#primaryimage\"},\"image\":{\"@id\":\"https:\/\/www.testeminhalojamandela.biz\/product\/chaveiro-cachorro-esqueleto\/#primaryimage\"},\"thumbnailUrl\":\"https:\/\/my.stlflix.com\/wp-content\/uploads\/2024\/08\/Skeleton_Keychains6_Dog.jpg\",\"datePublished\":\"2024-08-13T22:49:41+00:00\",\"dateModified\":\"2025-05-15T15:51:51+00:00\",\"description\":\"Apresentamos o Chaveiro Cachorro Esqueleto, uma pe\u00e7a \u00fanica que combina o amor por c\u00e3es com um toque de mist\u00e9rio. Este chaveiro destaca a estrutura esquel\u00e9tica de um c\u00e3o, criando um visual intrigante e estiloso.\",\"breadcrumb\":{\"@id\":\"https:\/\/www.testeminhalojamandela.biz\/product\/chaveiro-cachorro-esqueleto\/#breadcrumb\"},\"inLanguage\":\"pt-BR\",\"potentialAction\":[{\"@type\":\"ReadAction\",\"target\":[\"https:\/\/www.testeminhalojamandela.biz\/product\/chaveiro-cachorro-esqueleto\/\"]}]},{\"@type\":\"ImageObject\",\"inLanguage\":\"pt-BR\",\"@id\":\"https:\/\/www.testeminhalojamandela.biz\/product\/chaveiro-cachorro-esqueleto\/#primaryimage\",\"url\":\"https:\/\/my.stlflix.com\/wp-content\/uploads\/2024\/08\/Skeleton_Keychains6_Dog.jpg\",\"contentUrl\":\"https:\/\/my.stlflix.com\/wp-content\/uploads\/2024\/08\/Skeleton_Keychains6_Dog.jpg\",\"width\":1080,\"height\":1350},{\"@type\":\"BreadcrumbList\",\"@id\":\"https:\/\/www.testeminhalojamandela.biz\/product\/chaveiro-cachorro-esqueleto\/#breadcrumb\",\"itemListElement\":[{\"@type\":\"ListItem\",\"position\":1,\"name\":\"Home\",\"item\":\"https:\/\/my.stlflix.com\/pt-br\/\"},{\"@type\":\"ListItem\",\"position\":2,\"name\":\"Products\",\"item\":\"https:\/\/www.lojadomandela3d.biz\/shop\/\"},{\"@type\":\"ListItem\",\"position\":3,\"name\":\"Chaveiro Cachorro Esqueleto\"}]},{\"@type\":\"WebSite\",\"@id\":\"https:\/\/www.stlflix-store.com\/#website\",\"url\":\"https:\/\/www.stlflix-store.com\/\",\"name\":\"MyStore - By STLFLIX\",\"description\":\"\",\"publisher\":{\"@id\":\"https:\/\/www.stlflix-store.com\/#organization\"},\"potentialAction\":[{\"@type\":\"SearchAction\",\"target\":{\"@type\":\"EntryPoint\",\"urlTemplate\":\"https:\/\/www.stlflix-store.com\/?s={search_term_string}\"},\"query-input\":{\"@type\":\"PropertyValueSpecification\",\"valueRequired\":true,\"valueName\":\"search_term_string\"}}],\"inLanguage\":\"pt-BR\"},{\"@type\":\"Organization\",\"@id\":\"https:\/\/www.stlflix-store.com\/#organization\",\"name\":\"MyStore - By STLFLIX\",\"url\":\"https:\/\/www.stlflix-store.com\/\",\"logo\":{\"@type\":\"ImageObject\",\"inLanguage\":\"pt-BR\",\"@id\":\"https:\/\/www.stlflix-store.com\/#\/schema\/logo\/image\/\",\"url\":\"https:\/\/my.stlflix.com\/wp-content\/uploads\/2024\/06\/logo-mystore.png\",\"contentUrl\":\"https:\/\/my.stlflix.com\/wp-content\/uploads\/2024\/06\/logo-mystore.png\",\"width\":150,\"height\":41,\"caption\":\"MyStore - By STLFLIX\"},\"image\":{\"@id\":\"https:\/\/www.stlflix-store.com\/#\/schema\/logo\/image\/\"},\"sameAs\":[\"https:\/\/www.facebook.com\/STLFLIX\",\"https:\/\/www.instagram.com\/stlflix_\/\",\"https:\/\/www.tiktok.com\/@stlflix\"]}]}<\/script>\n<!-- \/ Yoast SEO plugin. -->","yoast_head_json":{"title":"Chaveiro Cachorro Esqueleto - J&D Print Store","description":"Apresentamos o Chaveiro Cachorro Esqueleto, uma pe\u00e7a \u00fanica que combina o amor por c\u00e3es com um toque de mist\u00e9rio. Este chaveiro destaca a estrutura esquel\u00e9tica de um c\u00e3o, criando um visual intrigante e estiloso.","robots":{"index":"index","follow":"follow","max-snippet":"max-snippet:-1","max-image-preview":"max-image-preview:large","max-video-preview":"max-video-preview:-1"},"canonical":"https:\/\/www.testeminhalojamandela.biz\/product\/chaveiro-cachorro-esqueleto\/","og_locale":"pt_BR","og_type":"article","og_title":"Chaveiro Cachorro Esqueleto - J&D Print Store","og_description":"Apresentamos o Chaveiro Cachorro Esqueleto, uma pe\u00e7a \u00fanica que combina o amor por c\u00e3es com um toque de mist\u00e9rio. Este chaveiro destaca a estrutura esquel\u00e9tica de um c\u00e3o, criando um visual intrigante e estiloso.","og_url":"https:\/\/www.testeminhalojamandela.biz\/product\/chaveiro-cachorro-esqueleto\/","og_site_name":"MyStore - By STLFLIX","article_publisher":"https:\/\/www.facebook.com\/STLFLIX","article_modified_time":"2025-05-15T15:51:51+00:00","og_image":[{"width":1080,"height":1350,"url":"https:\/\/www.testeminhalojamandela.biz\/wp-content\/uploads\/2024\/08\/Skeleton_Keychains6_Dog.jpg","type":"image\/jpeg"}],"twitter_card":"summary_large_image","schema":{"@context":"https:\/\/schema.org","@graph":[{"@type":"WebPage","@id":"https:\/\/www.testeminhalojamandela.biz\/product\/chaveiro-cachorro-esqueleto\/","url":"https:\/\/www.testeminhalojamandela.biz\/product\/chaveiro-cachorro-esqueleto\/","name":"Chaveiro Cachorro Esqueleto - J&D Print Store","isPartOf":{"@id":"https:\/\/www.stlflix-store.com\/#website"},"primaryImageOfPage":{"@id":"https:\/\/www.testeminhalojamandela.biz\/product\/chaveiro-cachorro-esqueleto\/#primaryimage"},"image":{"@id":"https:\/\/www.testeminhalojamandela.biz\/product\/chaveiro-cachorro-esqueleto\/#primaryimage"},"thumbnailUrl":"https:\/\/my.stlflix.com\/wp-content\/uploads\/2024\/08\/Skeleton_Keychains6_Dog.jpg","datePublished":"2024-08-13T22:49:41+00:00","dateModified":"2025-05-15T15:51:51+00:00","description":"Apresentamos o Chaveiro Cachorro Esqueleto, uma pe\u00e7a \u00fanica que combina o amor por c\u00e3es com um toque de mist\u00e9rio. Este chaveiro destaca a estrutura esquel\u00e9tica de um c\u00e3o, criando um visual intrigante e estiloso.","breadcrumb":{"@id":"https:\/\/www.testeminhalojamandela.biz\/product\/chaveiro-cachorro-esqueleto\/#breadcrumb"},"inLanguage":"pt-BR","potentialAction":[{"@type":"ReadAction","target":["https:\/\/www.testeminhalojamandela.biz\/product\/chaveiro-cachorro-esqueleto\/"]}]},{"@type":"ImageObject","inLanguage":"pt-BR","@id":"https:\/\/www.testeminhalojamandela.biz\/product\/chaveiro-cachorro-esqueleto\/#primaryimage","url":"https:\/\/my.stlflix.com\/wp-content\/uploads\/2024\/08\/Skeleton_Keychains6_Dog.jpg","contentUrl":"https:\/\/my.stlflix.com\/wp-content\/uploads\/2024\/08\/Skeleton_Keychains6_Dog.jpg","width":1080,"height":1350},{"@type":"BreadcrumbList","@id":"https:\/\/www.testeminhalojamandela.biz\/product\/chaveiro-cachorro-esqueleto\/#breadcrumb","itemListElement":[{"@type":"ListItem","position":1,"name":"Home","item":"https:\/\/my.stlflix.com\/pt-br\/"},{"@type":"ListItem","position":2,"name":"Products","item":"https:\/\/www.lojadomandela3d.biz\/shop\/"},{"@type":"ListItem","position":3,"name":"Chaveiro Cachorro Esqueleto"}]},{"@type":"WebSite","@id":"https:\/\/www.stlflix-store.com\/#website","url":"https:\/\/www.stlflix-store.com\/","name":"MyStore - By STLFLIX","description":"","publisher":{"@id":"https:\/\/www.stlflix-store.com\/#organization"},"potentialAction":[{"@type":"SearchAction","target":{"@type":"EntryPoint","urlTemplate":"https:\/\/www.stlflix-store.com\/?s={search_term_string}"},"query-input":{"@type":"PropertyValueSpecification","valueRequired":true,"valueName":"search_term_string"}}],"inLanguage":"pt-BR"},{"@type":"Organization","@id":"https:\/\/www.stlflix-store.com\/#organization","name":"MyStore - By STLFLIX","url":"https:\/\/www.stlflix-store.com\/","logo":{"@type":"ImageObject","inLanguage":"pt-BR","@id":"https:\/\/www.stlflix-store.com\/#\/schema\/logo\/image\/","url":"https:\/\/my.stlflix.com\/wp-content\/uploads\/2024\/06\/logo-mystore.png","contentUrl":"https:\/\/my.stlflix.com\/wp-content\/uploads\/2024\/06\/logo-mystore.png","width":150,"height":41,"caption":"MyStore - By STLFLIX"},"image":{"@id":"https:\/\/www.stlflix-store.com\/#\/schema\/logo\/image\/"},"sameAs":["https:\/\/www.facebook.com\/STLFLIX","https:\/\/www.instagram.com\/stlflix_\/","https:\/\/www.tiktok.com\/@stlflix"]}]}},"_links":{"self":[{"href":"https:\/\/my.stlflix.com\/pt-br\/wp-json\/wp\/v2\/product\/61384","targetHints":{"allow":["GET"]}}],"collection":[{"href":"https:\/\/my.stlflix.com\/pt-br\/wp-json\/wp\/v2\/product"}],"about":[{"href":"https:\/\/my.stlflix.com\/pt-br\/wp-json\/wp\/v2\/types\/product"}],"replies":[{"embeddable":true,"href":"https:\/\/my.stlflix.com\/pt-br\/wp-json\/wp\/v2\/comments?post=61384"}],"wp:featuredmedia":[{"embeddable":true,"href":"https:\/\/my.stlflix.com\/pt-br\/wp-json\/wp\/v2\/media\/67206"}],"wp:attachment":[{"href":"https:\/\/my.stlflix.com\/pt-br\/wp-json\/wp\/v2\/media?parent=61384"}],"wp:term":[{"taxonomy":"product_brand","embeddable":true,"href":"https:\/\/my.stlflix.com\/pt-br\/wp-json\/wp\/v2\/product_brand?post=61384"},{"taxonomy":"product_cat","embeddable":true,"href":"https:\/\/my.stlflix.com\/pt-br\/wp-json\/wp\/v2\/product_cat?post=61384"},{"taxonomy":"product_tag","embeddable":true,"href":"https:\/\/my.stlflix.com\/pt-br\/wp-json\/wp\/v2\/product_tag?post=61384"}],"curies":[{"name":"wp","href":"https:\/\/api.w.org\/{rel}","templated":true}]}}