{"id":159592,"date":"2024-11-13T18:18:10","date_gmt":"2024-11-13T18:18:10","guid":{"rendered":"https:\/\/my.stlflix.com\/help_stlflix_products\/"},"modified":"2024-11-18T13:53:06","modified_gmt":"2024-11-18T13:53:06","slug":"help_stlflix_products","status":"publish","type":"page","link":"https:\/\/my.stlflix.com\/tr\/help_stlflix_products\/","title":{"rendered":"Help_STLFLIX_Products"},"content":{"rendered":"\t\t<div data-elementor-type=\"wp-page\" data-elementor-id=\"159592\" class=\"elementor elementor-159592\" data-elementor-post-type=\"page\">\n\t\t\t\t<div class=\"elementor-element elementor-element-18f1d24 e-flex e-con-boxed e-con e-parent\" data-id=\"18f1d24\" data-element_type=\"container\">\n\t\t\t\t\t<div class=\"e-con-inner\">\n\t\t<div class=\"elementor-element elementor-element-7534741 e-con-full e-flex e-con e-child\" data-id=\"7534741\" data-element_type=\"container\">\n\t\t\t\t<div class=\"elementor-element elementor-element-f039755 elementor-view-default elementor-widget elementor-widget-icon\" data-id=\"f039755\" data-element_type=\"widget\" data-widget_type=\"icon.default\">\n\t\t\t\t<div class=\"elementor-widget-container\">\n\t\t\t\t\t\t\t<div class=\"elementor-icon-wrapper\">\n\t\t\t<a class=\"elementor-icon\" href=\"https:\/\/my.stlflix.com\/tr\/help\">\n\t\t\t<svg aria-hidden=\"true\" class=\"e-font-icon-svg e-fas-arrow-left\" viewBox=\"0 0 448 512\" xmlns=\"http:\/\/www.w3.org\/2000\/svg\"><path d=\"M257.5 445.1l-22.2 22.2c-9.4 9.4-24.6 9.4-33.9 0L7 273c-9.4-9.4-9.4-24.6 0-33.9L201.4 44.7c9.4-9.4 24.6-9.4 33.9 0l22.2 22.2c9.5 9.5 9.3 25-.4 34.3L136.6 216H424c13.3 0 24 10.7 24 24v32c0 13.3-10.7 24-24 24H136.6l120.5 114.8c9.8 9.3 10 24.8.4 34.3z\"><\/path><\/svg>\t\t\t<\/a>\n\t\t<\/div>\n\t\t\t\t\t\t<\/div>\n\t\t\t\t<\/div>\n\t\t\t\t<div class=\"elementor-element elementor-element-c783f28 elementor-widget elementor-widget-heading\" data-id=\"c783f28\" data-element_type=\"widget\" data-widget_type=\"heading.default\">\n\t\t\t\t<div class=\"elementor-widget-container\">\n\t\t\t\t\t<h2 class=\"elementor-heading-title elementor-size-default\"><a href=\"https:\/\/my.stlflix.com\/tr\/help\">Yard\u0131m Men\u00fcs\u00fcne Geri D\u00f6n<\/a><\/h2>\t\t\t\t<\/div>\n\t\t\t\t<\/div>\n\t\t\t\t<\/div>\n\t\t\t\t<div class=\"elementor-element elementor-element-cb64163 elementor-widget elementor-widget-heading\" data-id=\"cb64163\" data-element_type=\"widget\" data-widget_type=\"heading.default\">\n\t\t\t\t<div class=\"elementor-widget-container\">\n\t\t\t\t\t<h2 class=\"elementor-heading-title elementor-size-default\">STLFLIX \u00fcr\u00fcnlerimi nas\u0131l kaydederim?\u200b<\/h2>\t\t\t\t<\/div>\n\t\t\t\t<\/div>\n\t\t\t\t<div class=\"elementor-element elementor-element-a5a816d elementor-widget elementor-widget-text-editor\" data-id=\"a5a816d\" data-element_type=\"widget\" data-widget_type=\"text-editor.default\">\n\t\t\t\t<div class=\"elementor-widget-container\">\n\t\t\t\t\t\t\t\t\t<p>1. Platforma geri d\u00f6n\u00fcn ve istedi\u011finiz modeli se\u00e7in. Bir model buldu\u011funuzda, kart\u0131n \u00fczerine gelerek sat\u0131\u015f katalo\u011funuza eklemek i\u00e7in dolar simgesine t\u0131klayabilir ya da modeli t\u0131klay\u0131p model sayfas\u0131nda ayn\u0131 simgeyi se\u00e7ebilirsiniz.<\/p>\t\t\t\t\t\t\t\t<\/div>\n\t\t\t\t<\/div>\n\t\t\t\t<div class=\"elementor-element elementor-element-045f37e elementor-widget elementor-widget-image\" data-id=\"045f37e\" data-element_type=\"widget\" data-widget_type=\"image.default\">\n\t\t\t\t<div class=\"elementor-widget-container\">\n\t\t\t\t\t\t\t\t\t\t\t\t\t\t\t<img fetchpriority=\"high\" decoding=\"async\" width=\"1024\" height=\"584\" src=\"https:\/\/my.stlflix.com\/wp-content\/uploads\/2024\/07\/Add-model-STLFLIX-7-1024x584.png\" class=\"attachment-large size-large wp-image-52498\" alt=\"\" srcset=\"https:\/\/my.stlflix.com\/wp-content\/uploads\/2024\/07\/Add-model-STLFLIX-7-1024x584.png 1024w, https:\/\/my.stlflix.com\/wp-content\/uploads\/2024\/07\/Add-model-STLFLIX-7-300x171.png 300w, https:\/\/my.stlflix.com\/wp-content\/uploads\/2024\/07\/Add-model-STLFLIX-7-768x438.png 768w, https:\/\/my.stlflix.com\/wp-content\/uploads\/2024\/07\/Add-model-STLFLIX-7-1536x876.png 1536w, https:\/\/my.stlflix.com\/wp-content\/uploads\/2024\/07\/Add-model-STLFLIX-7-600x342.png 600w, https:\/\/my.stlflix.com\/wp-content\/uploads\/2024\/07\/Add-model-STLFLIX-7-500x285.png 500w, https:\/\/my.stlflix.com\/wp-content\/uploads\/2024\/07\/Add-model-STLFLIX-7.png 1697w\" sizes=\"(max-width: 1024px) 100vw, 1024px\" \/>\t\t\t\t\t\t\t\t\t\t\t\t\t\t\t<\/div>\n\t\t\t\t<\/div>\n\t\t\t\t<div class=\"elementor-element elementor-element-da01fdd elementor-widget elementor-widget-image\" data-id=\"da01fdd\" data-element_type=\"widget\" data-widget_type=\"image.default\">\n\t\t\t\t<div class=\"elementor-widget-container\">\n\t\t\t\t\t\t\t\t\t\t\t\t\t\t\t<img decoding=\"async\" width=\"1024\" height=\"584\" src=\"https:\/\/my.stlflix.com\/wp-content\/uploads\/2024\/07\/Add-model-STLFLIX-8-1024x584.png\" class=\"attachment-large size-large wp-image-52508\" alt=\"\" srcset=\"https:\/\/my.stlflix.com\/wp-content\/uploads\/2024\/07\/Add-model-STLFLIX-8-1024x584.png 1024w, https:\/\/my.stlflix.com\/wp-content\/uploads\/2024\/07\/Add-model-STLFLIX-8-300x171.png 300w, https:\/\/my.stlflix.com\/wp-content\/uploads\/2024\/07\/Add-model-STLFLIX-8-768x438.png 768w, https:\/\/my.stlflix.com\/wp-content\/uploads\/2024\/07\/Add-model-STLFLIX-8-1536x876.png 1536w, https:\/\/my.stlflix.com\/wp-content\/uploads\/2024\/07\/Add-model-STLFLIX-8-600x342.png 600w, https:\/\/my.stlflix.com\/wp-content\/uploads\/2024\/07\/Add-model-STLFLIX-8-500x285.png 500w, https:\/\/my.stlflix.com\/wp-content\/uploads\/2024\/07\/Add-model-STLFLIX-8.png 1697w\" sizes=\"(max-width: 1024px) 100vw, 1024px\" \/>\t\t\t\t\t\t\t\t\t\t\t\t\t\t\t<\/div>\n\t\t\t\t<\/div>\n\t\t\t\t<div class=\"elementor-element elementor-element-fa9dfba elementor-widget elementor-widget-text-editor\" data-id=\"fa9dfba\" data-element_type=\"widget\" data-widget_type=\"text-editor.default\">\n\t\t\t\t<div class=\"elementor-widget-container\">\n\t\t\t\t\t\t\t\t\t<p>2. Ard\u0131ndan, model sat\u0131\u015f katalo\u011funuza eklenecektir. Ma\u011faza ayarlar\u0131na gidebilir veya istedi\u011finiz kadar model eklemeye devam edebilirsiniz.<\/p>\t\t\t\t\t\t\t\t<\/div>\n\t\t\t\t<\/div>\n\t\t\t\t<div class=\"elementor-element elementor-element-3075c56 elementor-widget elementor-widget-image\" data-id=\"3075c56\" data-element_type=\"widget\" data-widget_type=\"image.default\">\n\t\t\t\t<div class=\"elementor-widget-container\">\n\t\t\t\t\t\t\t\t\t\t\t\t\t\t\t<img decoding=\"async\" width=\"1024\" height=\"584\" src=\"https:\/\/my.stlflix.com\/wp-content\/uploads\/2024\/07\/Add-model-STLFLIX-9-1024x584.png\" class=\"attachment-large size-large wp-image-52517\" alt=\"\" srcset=\"https:\/\/my.stlflix.com\/wp-content\/uploads\/2024\/07\/Add-model-STLFLIX-9-1024x584.png 1024w, https:\/\/my.stlflix.com\/wp-content\/uploads\/2024\/07\/Add-model-STLFLIX-9-300x171.png 300w, https:\/\/my.stlflix.com\/wp-content\/uploads\/2024\/07\/Add-model-STLFLIX-9-768x438.png 768w, https:\/\/my.stlflix.com\/wp-content\/uploads\/2024\/07\/Add-model-STLFLIX-9-1536x876.png 1536w, https:\/\/my.stlflix.com\/wp-content\/uploads\/2024\/07\/Add-model-STLFLIX-9-600x342.png 600w, https:\/\/my.stlflix.com\/wp-content\/uploads\/2024\/07\/Add-model-STLFLIX-9-500x285.png 500w, https:\/\/my.stlflix.com\/wp-content\/uploads\/2024\/07\/Add-model-STLFLIX-9.png 1697w\" sizes=\"(max-width: 1024px) 100vw, 1024px\" \/>\t\t\t\t\t\t\t\t\t\t\t\t\t\t\t<\/div>\n\t\t\t\t<\/div>\n\t\t\t\t<div class=\"elementor-element elementor-element-f054e03 elementor-widget elementor-widget-text-editor\" data-id=\"f054e03\" data-element_type=\"widget\" data-widget_type=\"text-editor.default\">\n\t\t\t\t<div class=\"elementor-widget-container\">\n\t\t\t\t\t\t\t\t\t<p>3. Ma\u011faza ortam\u0131n\u0131za geri d\u00f6n\u00fcn ve sol men\u00fcden &#8220;\u00dcr\u00fcnler&#8221; se\u00e7ene\u011fini se\u00e7in; modeliniz zaten katalogda, \u00fczerine t\u0131klay\u0131n.<\/p>\t\t\t\t\t\t\t\t<\/div>\n\t\t\t\t<\/div>\n\t\t\t\t<div class=\"elementor-element elementor-element-58ab725 elementor-widget elementor-widget-image\" data-id=\"58ab725\" data-element_type=\"widget\" data-widget_type=\"image.default\">\n\t\t\t\t<div class=\"elementor-widget-container\">\n\t\t\t\t\t\t\t\t\t\t\t\t\t\t\t<img loading=\"lazy\" decoding=\"async\" width=\"1024\" height=\"584\" src=\"https:\/\/my.stlflix.com\/wp-content\/uploads\/2024\/07\/Add-model-STLFLIX-10-1024x584.png\" class=\"attachment-large size-large wp-image-52529\" alt=\"\" srcset=\"https:\/\/my.stlflix.com\/wp-content\/uploads\/2024\/07\/Add-model-STLFLIX-10-1024x584.png 1024w, https:\/\/my.stlflix.com\/wp-content\/uploads\/2024\/07\/Add-model-STLFLIX-10-300x171.png 300w, https:\/\/my.stlflix.com\/wp-content\/uploads\/2024\/07\/Add-model-STLFLIX-10-768x438.png 768w, https:\/\/my.stlflix.com\/wp-content\/uploads\/2024\/07\/Add-model-STLFLIX-10-1536x876.png 1536w, https:\/\/my.stlflix.com\/wp-content\/uploads\/2024\/07\/Add-model-STLFLIX-10-600x342.png 600w, https:\/\/my.stlflix.com\/wp-content\/uploads\/2024\/07\/Add-model-STLFLIX-10-500x285.png 500w, https:\/\/my.stlflix.com\/wp-content\/uploads\/2024\/07\/Add-model-STLFLIX-10.png 1697w\" sizes=\"(max-width: 1024px) 100vw, 1024px\" \/>\t\t\t\t\t\t\t\t\t\t\t\t\t\t\t<\/div>\n\t\t\t\t<\/div>\n\t\t\t\t<div class=\"elementor-element elementor-element-e9c7324 elementor-widget elementor-widget-text-editor\" data-id=\"e9c7324\" data-element_type=\"widget\" data-widget_type=\"text-editor.default\">\n\t\t\t\t<div class=\"elementor-widget-container\">\n\t\t\t\t\t\t\t\t\t<p>4. Sat\u0131\u015f detaylar\u0131na girmek i\u00e7in modele t\u0131klay\u0131n, bu alanda bilgiler, fiyatlar vb. d\u00fczenlemeleri yapabilirsiniz. Dikkat edin, t\u00fcm STLFLIX Medya Paketi listeye dahil edilmi\u015ftir; bu foto\u011fraf\/video&#8217;lar\u0131 kullanabilir veya kendi versiyonlar\u0131n\u0131z\u0131 olu\u015fturabilirsiniz.<\/p>\t\t\t\t\t\t\t\t<\/div>\n\t\t\t\t<\/div>\n\t\t\t\t<div class=\"elementor-element elementor-element-931f344 elementor-widget elementor-widget-image\" data-id=\"931f344\" data-element_type=\"widget\" data-widget_type=\"image.default\">\n\t\t\t\t<div class=\"elementor-widget-container\">\n\t\t\t\t\t\t\t\t\t\t\t\t\t\t\t<img loading=\"lazy\" decoding=\"async\" width=\"1024\" height=\"584\" src=\"https:\/\/my.stlflix.com\/wp-content\/uploads\/2024\/07\/Add-model-STLFLIX-12-1024x584.png\" class=\"attachment-large size-large wp-image-52535\" alt=\"\" srcset=\"https:\/\/my.stlflix.com\/wp-content\/uploads\/2024\/07\/Add-model-STLFLIX-12-1024x584.png 1024w, https:\/\/my.stlflix.com\/wp-content\/uploads\/2024\/07\/Add-model-STLFLIX-12-300x171.png 300w, https:\/\/my.stlflix.com\/wp-content\/uploads\/2024\/07\/Add-model-STLFLIX-12-768x438.png 768w, https:\/\/my.stlflix.com\/wp-content\/uploads\/2024\/07\/Add-model-STLFLIX-12-1536x876.png 1536w, https:\/\/my.stlflix.com\/wp-content\/uploads\/2024\/07\/Add-model-STLFLIX-12-600x342.png 600w, https:\/\/my.stlflix.com\/wp-content\/uploads\/2024\/07\/Add-model-STLFLIX-12-500x285.png 500w, https:\/\/my.stlflix.com\/wp-content\/uploads\/2024\/07\/Add-model-STLFLIX-12.png 1697w\" sizes=\"(max-width: 1024px) 100vw, 1024px\" \/>\t\t\t\t\t\t\t\t\t\t\t\t\t\t\t<\/div>\n\t\t\t\t<\/div>\n\t\t\t\t<div class=\"elementor-element elementor-element-06fd522 elementor-widget elementor-widget-text-editor\" data-id=\"06fd522\" data-element_type=\"widget\" data-widget_type=\"text-editor.default\">\n\t\t\t\t<div class=\"elementor-widget-container\">\n\t\t\t\t\t\t\t\t\t<p>5. Gerekli t\u00fcm bilgileri doldurduktan sonra, \u00fcr\u00fcn\u00fcn\u00fcz\u00fcn durumunu taslaktan \u00e7evrimi\u00e7iye de\u011fi\u015ftirmeyi unutmay\u0131n. Sayfan\u0131n alt\u0131na kayd\u0131r\u0131n ve &#8220;Di\u011fer se\u00e7enekler&#8221;i bulun. Durumu \u00e7evrimi\u00e7i olarak ayarlay\u0131n ve \u00fcr\u00fcn\u00fc kaydedin.<\/p>\t\t\t\t\t\t\t\t<\/div>\n\t\t\t\t<\/div>\n\t\t\t\t<div class=\"elementor-element elementor-element-2636c60 elementor-widget elementor-widget-image\" data-id=\"2636c60\" data-element_type=\"widget\" data-widget_type=\"image.default\">\n\t\t\t\t<div class=\"elementor-widget-container\">\n\t\t\t\t\t\t\t\t\t\t\t\t\t\t\t<img loading=\"lazy\" decoding=\"async\" width=\"1024\" height=\"584\" src=\"https:\/\/my.stlflix.com\/wp-content\/uploads\/2024\/07\/Add-model-STLFLIX-11-1024x584.png\" class=\"attachment-large size-large wp-image-52532\" alt=\"\" srcset=\"https:\/\/my.stlflix.com\/wp-content\/uploads\/2024\/07\/Add-model-STLFLIX-11-1024x584.png 1024w, https:\/\/my.stlflix.com\/wp-content\/uploads\/2024\/07\/Add-model-STLFLIX-11-300x171.png 300w, https:\/\/my.stlflix.com\/wp-content\/uploads\/2024\/07\/Add-model-STLFLIX-11-768x438.png 768w, https:\/\/my.stlflix.com\/wp-content\/uploads\/2024\/07\/Add-model-STLFLIX-11-1536x876.png 1536w, https:\/\/my.stlflix.com\/wp-content\/uploads\/2024\/07\/Add-model-STLFLIX-11-600x342.png 600w, https:\/\/my.stlflix.com\/wp-content\/uploads\/2024\/07\/Add-model-STLFLIX-11-500x285.png 500w, https:\/\/my.stlflix.com\/wp-content\/uploads\/2024\/07\/Add-model-STLFLIX-11.png 1697w\" sizes=\"(max-width: 1024px) 100vw, 1024px\" \/>\t\t\t\t\t\t\t\t\t\t\t\t\t\t\t<\/div>\n\t\t\t\t<\/div>\n\t\t\t\t\t<\/div>\n\t\t\t\t<\/div>\n\t\t\t\t<\/div>\n\t\t","protected":false},"excerpt":{"rendered":"<p>Yard\u0131m Men\u00fcs\u00fcne Geri D\u00f6n STLFLIX \u00fcr\u00fcnlerimi nas\u0131l kaydederim?\u200b 1. Platforma geri d\u00f6n\u00fcn ve istedi\u011finiz modeli se\u00e7in. Bir model buldu\u011funuzda, kart\u0131n \u00fczerine gelerek sat\u0131\u015f katalo\u011funuza eklemek i\u00e7in dolar simgesine t\u0131klayabilir ya da modeli t\u0131klay\u0131p model sayfas\u0131nda ayn\u0131 simgeyi se\u00e7ebilirsiniz. 2. Ard\u0131ndan, model sat\u0131\u015f katalo\u011funuza eklenecektir. Ma\u011faza ayarlar\u0131na gidebilir veya istedi\u011finiz kadar model eklemeye devam edebilirsiniz. 3. [&hellip;]<\/p>\n","protected":false},"author":358,"featured_media":0,"parent":0,"menu_order":0,"comment_status":"closed","ping_status":"closed","template":"","meta":{"footnotes":""},"class_list":["post-159592","page","type-page","status-publish","hentry"],"yoast_head":"<!-- This site is optimized with the Yoast SEO plugin v25.1 - https:\/\/yoast.com\/wordpress\/plugins\/seo\/ -->\n<title>Help_STLFLIX_Products - MyStore - By STLFLIX<\/title>\n<meta name=\"robots\" content=\"index, follow, max-snippet:-1, max-image-preview:large, max-video-preview:-1\" \/>\n<link rel=\"canonical\" href=\"https:\/\/www.testeminhalojamandela.biz\/help_stlflix_products\/\" \/>\n<meta property=\"og:locale\" content=\"tr_TR\" \/>\n<meta property=\"og:type\" content=\"article\" \/>\n<meta property=\"og:title\" content=\"Help_STLFLIX_Products - MyStore - By STLFLIX\" \/>\n<meta property=\"og:description\" content=\"Yard\u0131m Men\u00fcs\u00fcne Geri D\u00f6n STLFLIX \u00fcr\u00fcnlerimi nas\u0131l kaydederim?\u200b 1. Platforma geri d\u00f6n\u00fcn ve istedi\u011finiz modeli se\u00e7in. Bir model buldu\u011funuzda, kart\u0131n \u00fczerine gelerek sat\u0131\u015f katalo\u011funuza eklemek i\u00e7in dolar simgesine t\u0131klayabilir ya da modeli t\u0131klay\u0131p model sayfas\u0131nda ayn\u0131 simgeyi se\u00e7ebilirsiniz. 2. Ard\u0131ndan, model sat\u0131\u015f katalo\u011funuza eklenecektir. Ma\u011faza ayarlar\u0131na gidebilir veya istedi\u011finiz kadar model eklemeye devam edebilirsiniz. 3. [&hellip;]\" \/>\n<meta property=\"og:url\" content=\"https:\/\/www.testeminhalojamandela.biz\/help_stlflix_products\/\" \/>\n<meta property=\"og:site_name\" content=\"MyStore - By STLFLIX\" \/>\n<meta property=\"article:publisher\" content=\"https:\/\/www.facebook.com\/STLFLIX\" \/>\n<meta property=\"article:modified_time\" content=\"2024-11-18T13:53:06+00:00\" \/>\n<meta property=\"og:image\" content=\"https:\/\/my.stlflix.com\/wp-content\/uploads\/2024\/07\/Add-model-STLFLIX-7-1024x584.png\" \/>\n<meta name=\"twitter:card\" content=\"summary_large_image\" \/>\n<meta name=\"twitter:label1\" content=\"Est. reading time\" \/>\n\t<meta name=\"twitter:data1\" content=\"2 minutes\" \/>\n<script type=\"application\/ld+json\" class=\"yoast-schema-graph\">{\"@context\":\"https:\/\/schema.org\",\"@graph\":[{\"@type\":\"WebPage\",\"@id\":\"https:\/\/www.testeminhalojamandela.biz\/help_stlflix_products\/\",\"url\":\"https:\/\/www.testeminhalojamandela.biz\/help_stlflix_products\/\",\"name\":\"Help_STLFLIX_Products - MyStore - By STLFLIX\",\"isPartOf\":{\"@id\":\"https:\/\/my.stlflix.com\/tr\/#website\"},\"primaryImageOfPage\":{\"@id\":\"https:\/\/www.testeminhalojamandela.biz\/help_stlflix_products\/#primaryimage\"},\"image\":{\"@id\":\"https:\/\/www.testeminhalojamandela.biz\/help_stlflix_products\/#primaryimage\"},\"thumbnailUrl\":\"https:\/\/my.stlflix.com\/wp-content\/uploads\/2024\/07\/Add-model-STLFLIX-7-1024x584.png\",\"datePublished\":\"2024-11-13T18:18:10+00:00\",\"dateModified\":\"2024-11-18T13:53:06+00:00\",\"breadcrumb\":{\"@id\":\"https:\/\/www.testeminhalojamandela.biz\/help_stlflix_products\/#breadcrumb\"},\"inLanguage\":\"tr-TR\",\"potentialAction\":[{\"@type\":\"ReadAction\",\"target\":[\"https:\/\/www.testeminhalojamandela.biz\/help_stlflix_products\/\"]}]},{\"@type\":\"ImageObject\",\"inLanguage\":\"tr-TR\",\"@id\":\"https:\/\/www.testeminhalojamandela.biz\/help_stlflix_products\/#primaryimage\",\"url\":\"https:\/\/my.stlflix.com\/wp-content\/uploads\/2024\/07\/Add-model-STLFLIX-7-1024x584.png\",\"contentUrl\":\"https:\/\/my.stlflix.com\/wp-content\/uploads\/2024\/07\/Add-model-STLFLIX-7-1024x584.png\"},{\"@type\":\"BreadcrumbList\",\"@id\":\"https:\/\/www.testeminhalojamandela.biz\/help_stlflix_products\/#breadcrumb\",\"itemListElement\":[{\"@type\":\"ListItem\",\"position\":1,\"name\":\"Home\",\"item\":\"https:\/\/my.stlflix.com\/\"},{\"@type\":\"ListItem\",\"position\":2,\"name\":\"Help_STLFLIX_Products\"}]},{\"@type\":\"WebSite\",\"@id\":\"https:\/\/my.stlflix.com\/tr\/#website\",\"url\":\"https:\/\/my.stlflix.com\/tr\/\",\"name\":\"MyStore - By STLFLIX\",\"description\":\"\",\"publisher\":{\"@id\":\"https:\/\/my.stlflix.com\/tr\/#organization\"},\"potentialAction\":[{\"@type\":\"SearchAction\",\"target\":{\"@type\":\"EntryPoint\",\"urlTemplate\":\"https:\/\/my.stlflix.com\/tr\/?s={search_term_string}\"},\"query-input\":{\"@type\":\"PropertyValueSpecification\",\"valueRequired\":true,\"valueName\":\"search_term_string\"}}],\"inLanguage\":\"tr-TR\"},{\"@type\":\"Organization\",\"@id\":\"https:\/\/my.stlflix.com\/tr\/#organization\",\"name\":\"MyStore - By STLFLIX\",\"url\":\"https:\/\/my.stlflix.com\/tr\/\",\"logo\":{\"@type\":\"ImageObject\",\"inLanguage\":\"tr-TR\",\"@id\":\"https:\/\/my.stlflix.com\/tr\/#\/schema\/logo\/image\/\",\"url\":\"https:\/\/my.stlflix.com\/wp-content\/uploads\/2024\/06\/logo-mystore.png\",\"contentUrl\":\"https:\/\/my.stlflix.com\/wp-content\/uploads\/2024\/06\/logo-mystore.png\",\"width\":150,\"height\":41,\"caption\":\"MyStore - By STLFLIX\"},\"image\":{\"@id\":\"https:\/\/my.stlflix.com\/tr\/#\/schema\/logo\/image\/\"},\"sameAs\":[\"https:\/\/www.facebook.com\/STLFLIX\",\"https:\/\/www.instagram.com\/stlflix_\/\",\"https:\/\/www.tiktok.com\/@stlflix\"]}]}<\/script>\n<!-- \/ Yoast SEO plugin. -->","yoast_head_json":{"title":"Help_STLFLIX_Products - MyStore - By STLFLIX","robots":{"index":"index","follow":"follow","max-snippet":"max-snippet:-1","max-image-preview":"max-image-preview:large","max-video-preview":"max-video-preview:-1"},"canonical":"https:\/\/www.testeminhalojamandela.biz\/help_stlflix_products\/","og_locale":"tr_TR","og_type":"article","og_title":"Help_STLFLIX_Products - MyStore - By STLFLIX","og_description":"Yard\u0131m Men\u00fcs\u00fcne Geri D\u00f6n STLFLIX \u00fcr\u00fcnlerimi nas\u0131l kaydederim?\u200b 1. Platforma geri d\u00f6n\u00fcn ve istedi\u011finiz modeli se\u00e7in. Bir model buldu\u011funuzda, kart\u0131n \u00fczerine gelerek sat\u0131\u015f katalo\u011funuza eklemek i\u00e7in dolar simgesine t\u0131klayabilir ya da modeli t\u0131klay\u0131p model sayfas\u0131nda ayn\u0131 simgeyi se\u00e7ebilirsiniz. 2. Ard\u0131ndan, model sat\u0131\u015f katalo\u011funuza eklenecektir. Ma\u011faza ayarlar\u0131na gidebilir veya istedi\u011finiz kadar model eklemeye devam edebilirsiniz. 3. [&hellip;]","og_url":"https:\/\/www.testeminhalojamandela.biz\/help_stlflix_products\/","og_site_name":"MyStore - By STLFLIX","article_publisher":"https:\/\/www.facebook.com\/STLFLIX","article_modified_time":"2024-11-18T13:53:06+00:00","og_image":[{"url":"https:\/\/my.stlflix.com\/wp-content\/uploads\/2024\/07\/Add-model-STLFLIX-7-1024x584.png","type":"","width":"","height":""}],"twitter_card":"summary_large_image","twitter_misc":{"Est. reading time":"2 minutes"},"schema":{"@context":"https:\/\/schema.org","@graph":[{"@type":"WebPage","@id":"https:\/\/www.testeminhalojamandela.biz\/help_stlflix_products\/","url":"https:\/\/www.testeminhalojamandela.biz\/help_stlflix_products\/","name":"Help_STLFLIX_Products - MyStore - By STLFLIX","isPartOf":{"@id":"https:\/\/my.stlflix.com\/tr\/#website"},"primaryImageOfPage":{"@id":"https:\/\/www.testeminhalojamandela.biz\/help_stlflix_products\/#primaryimage"},"image":{"@id":"https:\/\/www.testeminhalojamandela.biz\/help_stlflix_products\/#primaryimage"},"thumbnailUrl":"https:\/\/my.stlflix.com\/wp-content\/uploads\/2024\/07\/Add-model-STLFLIX-7-1024x584.png","datePublished":"2024-11-13T18:18:10+00:00","dateModified":"2024-11-18T13:53:06+00:00","breadcrumb":{"@id":"https:\/\/www.testeminhalojamandela.biz\/help_stlflix_products\/#breadcrumb"},"inLanguage":"tr-TR","potentialAction":[{"@type":"ReadAction","target":["https:\/\/www.testeminhalojamandela.biz\/help_stlflix_products\/"]}]},{"@type":"ImageObject","inLanguage":"tr-TR","@id":"https:\/\/www.testeminhalojamandela.biz\/help_stlflix_products\/#primaryimage","url":"https:\/\/my.stlflix.com\/wp-content\/uploads\/2024\/07\/Add-model-STLFLIX-7-1024x584.png","contentUrl":"https:\/\/my.stlflix.com\/wp-content\/uploads\/2024\/07\/Add-model-STLFLIX-7-1024x584.png"},{"@type":"BreadcrumbList","@id":"https:\/\/www.testeminhalojamandela.biz\/help_stlflix_products\/#breadcrumb","itemListElement":[{"@type":"ListItem","position":1,"name":"Home","item":"https:\/\/my.stlflix.com\/"},{"@type":"ListItem","position":2,"name":"Help_STLFLIX_Products"}]},{"@type":"WebSite","@id":"https:\/\/my.stlflix.com\/tr\/#website","url":"https:\/\/my.stlflix.com\/tr\/","name":"MyStore - By STLFLIX","description":"","publisher":{"@id":"https:\/\/my.stlflix.com\/tr\/#organization"},"potentialAction":[{"@type":"SearchAction","target":{"@type":"EntryPoint","urlTemplate":"https:\/\/my.stlflix.com\/tr\/?s={search_term_string}"},"query-input":{"@type":"PropertyValueSpecification","valueRequired":true,"valueName":"search_term_string"}}],"inLanguage":"tr-TR"},{"@type":"Organization","@id":"https:\/\/my.stlflix.com\/tr\/#organization","name":"MyStore - By STLFLIX","url":"https:\/\/my.stlflix.com\/tr\/","logo":{"@type":"ImageObject","inLanguage":"tr-TR","@id":"https:\/\/my.stlflix.com\/tr\/#\/schema\/logo\/image\/","url":"https:\/\/my.stlflix.com\/wp-content\/uploads\/2024\/06\/logo-mystore.png","contentUrl":"https:\/\/my.stlflix.com\/wp-content\/uploads\/2024\/06\/logo-mystore.png","width":150,"height":41,"caption":"MyStore - By STLFLIX"},"image":{"@id":"https:\/\/my.stlflix.com\/tr\/#\/schema\/logo\/image\/"},"sameAs":["https:\/\/www.facebook.com\/STLFLIX","https:\/\/www.instagram.com\/stlflix_\/","https:\/\/www.tiktok.com\/@stlflix"]}]}},"_links":{"self":[{"href":"https:\/\/my.stlflix.com\/tr\/wp-json\/wp\/v2\/pages\/159592","targetHints":{"allow":["GET"]}}],"collection":[{"href":"https:\/\/my.stlflix.com\/tr\/wp-json\/wp\/v2\/pages"}],"about":[{"href":"https:\/\/my.stlflix.com\/tr\/wp-json\/wp\/v2\/types\/page"}],"author":[{"embeddable":true,"href":"https:\/\/my.stlflix.com\/tr\/wp-json\/wp\/v2\/users\/358"}],"replies":[{"embeddable":true,"href":"https:\/\/my.stlflix.com\/tr\/wp-json\/wp\/v2\/comments?post=159592"}],"version-history":[{"count":5,"href":"https:\/\/my.stlflix.com\/tr\/wp-json\/wp\/v2\/pages\/159592\/revisions"}],"predecessor-version":[{"id":160505,"href":"https:\/\/my.stlflix.com\/tr\/wp-json\/wp\/v2\/pages\/159592\/revisions\/160505"}],"wp:attachment":[{"href":"https:\/\/my.stlflix.com\/tr\/wp-json\/wp\/v2\/media?parent=159592"}],"curies":[{"name":"wp","href":"https:\/\/api.w.org\/{rel}","templated":true}]}}