{"id":108496,"date":"2024-09-21T23:10:01","date_gmt":"2024-09-21T23:10:01","guid":{"rendered":"https:\/\/my.stlflix.com\/?post_type=product&#038;p=108496"},"modified":"2024-12-22T12:01:48","modified_gmt":"2024-12-22T12:01:48","slug":"t-rex-esqueleto","status":"publish","type":"product","link":"https:\/\/my.stlflix.com\/tr\/product\/t-rex-esqueleto\/","title":{"rendered":"T-rex Esqueleto"},"content":{"rendered":"<div class=\"flex max-w-full flex-col flex-grow\">\n<div class=\"min-h-[20px] text-message flex w-full flex-col items-end gap-2 whitespace-normal break-words [.text-message+&amp;]:mt-5\" dir=\"auto\" data-message-author-role=\"assistant\" data-message-id=\"feff2b1d-56b2-4bdc-8011-3adb4b48e31a\">\n<div class=\"flex w-full flex-col gap-1 empty:hidden first:pt-[3px]\">\n<div class=\"markdown prose w-full break-words dark:prose-invert light\">\n<p>Apresentamos o majestoso <strong>esqueleto de T-Rex<\/strong> impresso em 3D, uma recria\u00e7\u00e3o fiel de um dos mais temidos predadores que j\u00e1 existiram. Cada detalhe dos ossos foi meticulosamente esculpido, desde o cr\u00e2nio imponente at\u00e9 as garras afiadas, destacando a estrutura poderosa que dominou a Terra h\u00e1 milh\u00f5es de anos. Esta vers\u00e3o conta com uma intrigante varia\u00e7\u00e3o <strong>sem olhos<\/strong>, dando \u00e0 pe\u00e7a uma sensa\u00e7\u00e3o ainda mais misteriosa e ancestral, como se fosse uma verdadeira rel\u00edquia de tempos remotos.<\/p>\n<p>Na vers\u00e3o <strong>com olhos<\/strong>, o T-Rex ganha uma aura mais viva e feroz, evocando sua natureza predat\u00f3ria e imponente. Essa adi\u00e7\u00e3o traz uma presen\u00e7a dram\u00e1tica e quase realista \u00e0 pe\u00e7a, tornando-a o destaque de qualquer cole\u00e7\u00e3o. Ambas as vers\u00f5es misturam hist\u00f3ria e tecnologia, proporcionando uma experi\u00eancia \u00fanica para os entusiastas do per\u00edodo jur\u00e1ssico e da impress\u00e3o 3D.<\/p>\n<\/div>\n<\/div>\n<\/div>\n<\/div>\n","protected":false},"excerpt":{"rendered":"<p>Apresentamos o majestoso esqueleto de T-Rex impresso em 3D, uma recria\u00e7\u00e3o fiel de um dos mais temidos predadores que j\u00e1 existiram. Cada detalhe dos ossos foi meticulosamente esculpido, desde o cr\u00e2nio imponente at\u00e9 as garras afiadas, destacando a estrutura poderosa que dominou a Terra h\u00e1 milh\u00f5es de anos. Esta vers\u00e3o conta com uma intrigante varia\u00e7\u00e3o [&hellip;]<\/p>\n","protected":false},"featured_media":108505,"comment_status":"open","ping_status":"closed","template":"","meta":[],"product_brand":[],"product_cat":[15],"product_tag":[651],"class_list":{"0":"post-108496","1":"product","2":"type-product","3":"status-publish","4":"has-post-thumbnail","6":"product_cat-uncategorized","7":"product_tag-animal","9":"first","10":"instock","11":"taxable","12":"shipping-taxable","13":"purchasable","14":"product-type-simple"},"yoast_head":"<!-- This site is optimized with the Yoast SEO plugin v25.1 - https:\/\/yoast.com\/wordpress\/plugins\/seo\/ -->\n<title>T-rex Esqueleto - MyStore - By STLFLIX<\/title>\n<meta name=\"robots\" content=\"index, follow, max-snippet:-1, max-image-preview:large, max-video-preview:-1\" \/>\n<link rel=\"canonical\" href=\"https:\/\/my.stlflix.com\/pt-br\/product\/t-rex-esqueleto\/\" \/>\n<meta property=\"og:locale\" content=\"tr_TR\" \/>\n<meta property=\"og:type\" content=\"article\" \/>\n<meta property=\"og:title\" content=\"T-rex Esqueleto - MyStore - By STLFLIX\" \/>\n<meta property=\"og:description\" content=\"Apresentamos o majestoso esqueleto de T-Rex impresso em 3D, uma recria\u00e7\u00e3o fiel de um dos mais temidos predadores que j\u00e1 existiram. Cada detalhe dos ossos foi meticulosamente esculpido, desde o cr\u00e2nio imponente at\u00e9 as garras afiadas, destacando a estrutura poderosa que dominou a Terra h\u00e1 milh\u00f5es de anos. Esta vers\u00e3o conta com uma intrigante varia\u00e7\u00e3o [&hellip;]\" \/>\n<meta property=\"og:url\" content=\"https:\/\/my.stlflix.com\/pt-br\/product\/t-rex-esqueleto\/\" \/>\n<meta property=\"og:site_name\" content=\"MyStore - By STLFLIX\" \/>\n<meta property=\"article:publisher\" content=\"https:\/\/www.facebook.com\/STLFLIX\" \/>\n<meta property=\"article:modified_time\" content=\"2024-12-22T12:01:48+00:00\" \/>\n<meta property=\"og:image\" content=\"https:\/\/my.stlflix.com\/wp-content\/uploads\/2024\/09\/1-3.jpg\" \/>\n\t<meta property=\"og:image:width\" content=\"797\" \/>\n\t<meta property=\"og:image:height\" content=\"610\" \/>\n\t<meta property=\"og:image:type\" content=\"image\/jpeg\" \/>\n<meta name=\"twitter:card\" content=\"summary_large_image\" \/>\n<meta name=\"twitter:label1\" content=\"Est. reading time\" \/>\n\t<meta name=\"twitter:data1\" content=\"1 minute\" \/>\n<script type=\"application\/ld+json\" class=\"yoast-schema-graph\">{\"@context\":\"https:\/\/schema.org\",\"@graph\":[{\"@type\":\"WebPage\",\"@id\":\"https:\/\/my.stlflix.com\/pt-br\/product\/t-rex-esqueleto\/\",\"url\":\"https:\/\/my.stlflix.com\/pt-br\/product\/t-rex-esqueleto\/\",\"name\":\"T-rex Esqueleto - MyStore - By STLFLIX\",\"isPartOf\":{\"@id\":\"https:\/\/my.stlflix.com\/tr\/#website\"},\"primaryImageOfPage\":{\"@id\":\"https:\/\/my.stlflix.com\/pt-br\/product\/t-rex-esqueleto\/#primaryimage\"},\"image\":{\"@id\":\"https:\/\/my.stlflix.com\/pt-br\/product\/t-rex-esqueleto\/#primaryimage\"},\"thumbnailUrl\":\"https:\/\/my.stlflix.com\/wp-content\/uploads\/2024\/09\/1-3.jpg\",\"datePublished\":\"2024-09-21T23:10:01+00:00\",\"dateModified\":\"2024-12-22T12:01:48+00:00\",\"breadcrumb\":{\"@id\":\"https:\/\/my.stlflix.com\/pt-br\/product\/t-rex-esqueleto\/#breadcrumb\"},\"inLanguage\":\"tr-TR\",\"potentialAction\":[{\"@type\":\"ReadAction\",\"target\":[\"https:\/\/my.stlflix.com\/pt-br\/product\/t-rex-esqueleto\/\"]}]},{\"@type\":\"ImageObject\",\"inLanguage\":\"tr-TR\",\"@id\":\"https:\/\/my.stlflix.com\/pt-br\/product\/t-rex-esqueleto\/#primaryimage\",\"url\":\"https:\/\/my.stlflix.com\/wp-content\/uploads\/2024\/09\/1-3.jpg\",\"contentUrl\":\"https:\/\/my.stlflix.com\/wp-content\/uploads\/2024\/09\/1-3.jpg\",\"width\":797,\"height\":610},{\"@type\":\"BreadcrumbList\",\"@id\":\"https:\/\/my.stlflix.com\/pt-br\/product\/t-rex-esqueleto\/#breadcrumb\",\"itemListElement\":[{\"@type\":\"ListItem\",\"position\":1,\"name\":\"Home\",\"item\":\"https:\/\/my.stlflix.com\/\"},{\"@type\":\"ListItem\",\"position\":2,\"name\":\"Products\",\"item\":\"https:\/\/my.stlflix.com\/fr\/shop\/\"},{\"@type\":\"ListItem\",\"position\":3,\"name\":\"T-rex Esqueleto\"}]},{\"@type\":\"WebSite\",\"@id\":\"https:\/\/my.stlflix.com\/tr\/#website\",\"url\":\"https:\/\/my.stlflix.com\/tr\/\",\"name\":\"MyStore - By STLFLIX\",\"description\":\"\",\"publisher\":{\"@id\":\"https:\/\/my.stlflix.com\/tr\/#organization\"},\"potentialAction\":[{\"@type\":\"SearchAction\",\"target\":{\"@type\":\"EntryPoint\",\"urlTemplate\":\"https:\/\/my.stlflix.com\/tr\/?s={search_term_string}\"},\"query-input\":{\"@type\":\"PropertyValueSpecification\",\"valueRequired\":true,\"valueName\":\"search_term_string\"}}],\"inLanguage\":\"tr-TR\"},{\"@type\":\"Organization\",\"@id\":\"https:\/\/my.stlflix.com\/tr\/#organization\",\"name\":\"MyStore - By STLFLIX\",\"url\":\"https:\/\/my.stlflix.com\/tr\/\",\"logo\":{\"@type\":\"ImageObject\",\"inLanguage\":\"tr-TR\",\"@id\":\"https:\/\/my.stlflix.com\/tr\/#\/schema\/logo\/image\/\",\"url\":\"https:\/\/my.stlflix.com\/wp-content\/uploads\/2024\/06\/logo-mystore.png\",\"contentUrl\":\"https:\/\/my.stlflix.com\/wp-content\/uploads\/2024\/06\/logo-mystore.png\",\"width\":150,\"height\":41,\"caption\":\"MyStore - By STLFLIX\"},\"image\":{\"@id\":\"https:\/\/my.stlflix.com\/tr\/#\/schema\/logo\/image\/\"},\"sameAs\":[\"https:\/\/www.facebook.com\/STLFLIX\",\"https:\/\/www.instagram.com\/stlflix_\/\",\"https:\/\/www.tiktok.com\/@stlflix\"]}]}<\/script>\n<!-- \/ Yoast SEO plugin. -->","yoast_head_json":{"title":"T-rex Esqueleto - MyStore - By STLFLIX","robots":{"index":"index","follow":"follow","max-snippet":"max-snippet:-1","max-image-preview":"max-image-preview:large","max-video-preview":"max-video-preview:-1"},"canonical":"https:\/\/my.stlflix.com\/pt-br\/product\/t-rex-esqueleto\/","og_locale":"tr_TR","og_type":"article","og_title":"T-rex Esqueleto - MyStore - By STLFLIX","og_description":"Apresentamos o majestoso esqueleto de T-Rex impresso em 3D, uma recria\u00e7\u00e3o fiel de um dos mais temidos predadores que j\u00e1 existiram. Cada detalhe dos ossos foi meticulosamente esculpido, desde o cr\u00e2nio imponente at\u00e9 as garras afiadas, destacando a estrutura poderosa que dominou a Terra h\u00e1 milh\u00f5es de anos. Esta vers\u00e3o conta com uma intrigante varia\u00e7\u00e3o [&hellip;]","og_url":"https:\/\/my.stlflix.com\/pt-br\/product\/t-rex-esqueleto\/","og_site_name":"MyStore - By STLFLIX","article_publisher":"https:\/\/www.facebook.com\/STLFLIX","article_modified_time":"2024-12-22T12:01:48+00:00","og_image":[{"width":797,"height":610,"url":"https:\/\/my.stlflix.com\/wp-content\/uploads\/2024\/09\/1-3.jpg","type":"image\/jpeg"}],"twitter_card":"summary_large_image","twitter_misc":{"Est. reading time":"1 minute"},"schema":{"@context":"https:\/\/schema.org","@graph":[{"@type":"WebPage","@id":"https:\/\/my.stlflix.com\/pt-br\/product\/t-rex-esqueleto\/","url":"https:\/\/my.stlflix.com\/pt-br\/product\/t-rex-esqueleto\/","name":"T-rex Esqueleto - MyStore - By STLFLIX","isPartOf":{"@id":"https:\/\/my.stlflix.com\/tr\/#website"},"primaryImageOfPage":{"@id":"https:\/\/my.stlflix.com\/pt-br\/product\/t-rex-esqueleto\/#primaryimage"},"image":{"@id":"https:\/\/my.stlflix.com\/pt-br\/product\/t-rex-esqueleto\/#primaryimage"},"thumbnailUrl":"https:\/\/my.stlflix.com\/wp-content\/uploads\/2024\/09\/1-3.jpg","datePublished":"2024-09-21T23:10:01+00:00","dateModified":"2024-12-22T12:01:48+00:00","breadcrumb":{"@id":"https:\/\/my.stlflix.com\/pt-br\/product\/t-rex-esqueleto\/#breadcrumb"},"inLanguage":"tr-TR","potentialAction":[{"@type":"ReadAction","target":["https:\/\/my.stlflix.com\/pt-br\/product\/t-rex-esqueleto\/"]}]},{"@type":"ImageObject","inLanguage":"tr-TR","@id":"https:\/\/my.stlflix.com\/pt-br\/product\/t-rex-esqueleto\/#primaryimage","url":"https:\/\/my.stlflix.com\/wp-content\/uploads\/2024\/09\/1-3.jpg","contentUrl":"https:\/\/my.stlflix.com\/wp-content\/uploads\/2024\/09\/1-3.jpg","width":797,"height":610},{"@type":"BreadcrumbList","@id":"https:\/\/my.stlflix.com\/pt-br\/product\/t-rex-esqueleto\/#breadcrumb","itemListElement":[{"@type":"ListItem","position":1,"name":"Home","item":"https:\/\/my.stlflix.com\/"},{"@type":"ListItem","position":2,"name":"Products","item":"https:\/\/my.stlflix.com\/fr\/shop\/"},{"@type":"ListItem","position":3,"name":"T-rex Esqueleto"}]},{"@type":"WebSite","@id":"https:\/\/my.stlflix.com\/tr\/#website","url":"https:\/\/my.stlflix.com\/tr\/","name":"MyStore - By STLFLIX","description":"","publisher":{"@id":"https:\/\/my.stlflix.com\/tr\/#organization"},"potentialAction":[{"@type":"SearchAction","target":{"@type":"EntryPoint","urlTemplate":"https:\/\/my.stlflix.com\/tr\/?s={search_term_string}"},"query-input":{"@type":"PropertyValueSpecification","valueRequired":true,"valueName":"search_term_string"}}],"inLanguage":"tr-TR"},{"@type":"Organization","@id":"https:\/\/my.stlflix.com\/tr\/#organization","name":"MyStore - By STLFLIX","url":"https:\/\/my.stlflix.com\/tr\/","logo":{"@type":"ImageObject","inLanguage":"tr-TR","@id":"https:\/\/my.stlflix.com\/tr\/#\/schema\/logo\/image\/","url":"https:\/\/my.stlflix.com\/wp-content\/uploads\/2024\/06\/logo-mystore.png","contentUrl":"https:\/\/my.stlflix.com\/wp-content\/uploads\/2024\/06\/logo-mystore.png","width":150,"height":41,"caption":"MyStore - By STLFLIX"},"image":{"@id":"https:\/\/my.stlflix.com\/tr\/#\/schema\/logo\/image\/"},"sameAs":["https:\/\/www.facebook.com\/STLFLIX","https:\/\/www.instagram.com\/stlflix_\/","https:\/\/www.tiktok.com\/@stlflix"]}]}},"_links":{"self":[{"href":"https:\/\/my.stlflix.com\/tr\/wp-json\/wp\/v2\/product\/108496","targetHints":{"allow":["GET"]}}],"collection":[{"href":"https:\/\/my.stlflix.com\/tr\/wp-json\/wp\/v2\/product"}],"about":[{"href":"https:\/\/my.stlflix.com\/tr\/wp-json\/wp\/v2\/types\/product"}],"replies":[{"embeddable":true,"href":"https:\/\/my.stlflix.com\/tr\/wp-json\/wp\/v2\/comments?post=108496"}],"wp:featuredmedia":[{"embeddable":true,"href":"https:\/\/my.stlflix.com\/tr\/wp-json\/wp\/v2\/media\/108505"}],"wp:attachment":[{"href":"https:\/\/my.stlflix.com\/tr\/wp-json\/wp\/v2\/media?parent=108496"}],"wp:term":[{"taxonomy":"product_brand","embeddable":true,"href":"https:\/\/my.stlflix.com\/tr\/wp-json\/wp\/v2\/product_brand?post=108496"},{"taxonomy":"product_cat","embeddable":true,"href":"https:\/\/my.stlflix.com\/tr\/wp-json\/wp\/v2\/product_cat?post=108496"},{"taxonomy":"product_tag","embeddable":true,"href":"https:\/\/my.stlflix.com\/tr\/wp-json\/wp\/v2\/product_tag?post=108496"}],"curies":[{"name":"wp","href":"https:\/\/api.w.org\/{rel}","templated":true}]}}