{"id":115841,"date":"2025-04-14T18:02:17","date_gmt":"2025-04-14T18:02:17","guid":{"rendered":"https:\/\/my.stlflix.com\/?post_type=product&#038;p=115841"},"modified":"2025-04-14T19:57:55","modified_gmt":"2025-04-14T19:57:55","slug":"chameleon-66fcc409a7c07","status":"publish","type":"product","link":"https:\/\/my.stlflix.com\/tr\/product\/chameleon-66fcc409a7c07\/","title":{"rendered":"Chameleon &#8211; Camale\u00e3o Articulado"},"content":{"rendered":"<h3 class=\"\" data-start=\"159\" data-end=\"209\">Chameleon &#8211; Camale\u00e3o Articulado em Impress\u00e3o 3D<\/h3>\n<p class=\"\" data-start=\"211\" data-end=\"365\">Transforme o momento de brincar em uma verdadeira aventura com o <strong data-start=\"276\" data-end=\"286\">Chameleon<\/strong>, o Camale\u00e3o articulado que vai conquistar os pequenos \u2014 e at\u00e9 os adultos!<\/p>\n<p class=\"\" data-start=\"367\" data-end=\"650\">Com um visual vibrante, cheio de detalhes e movimentos realistas, esse brinquedo \u00e9 perfeito para estimular a criatividade, a curiosidade e a imagina\u00e7\u00e3o das crian\u00e7as. Feito com impress\u00e3o 3D de alta qualidade, o Sitana n\u00e3o \u00e9 s\u00f3 um brinquedo: \u00e9 uma pe\u00e7a \u00fanica que une divers\u00e3o e design.<\/p>\n<p class=\"\" data-start=\"652\" data-end=\"668\">\u2728 <strong data-start=\"654\" data-end=\"667\">Destaques<\/strong>:<\/p>\n<ul data-start=\"669\" data-end=\"845\">\n<li class=\"\" data-start=\"669\" data-end=\"716\">\n<p class=\"\" data-start=\"671\" data-end=\"716\">Articula\u00e7\u00f5es flex\u00edveis para poses incr\u00edveis<\/p>\n<\/li>\n<li class=\"\" data-start=\"717\" data-end=\"753\">\n<p class=\"\" data-start=\"719\" data-end=\"753\">Acabamento colorido e encantador<\/p>\n<\/li>\n<li class=\"\" data-start=\"754\" data-end=\"796\">\n<p class=\"\" data-start=\"756\" data-end=\"796\">Perfeito para presentear ou colecionar<\/p>\n<\/li>\n<li class=\"\" data-start=\"797\" data-end=\"845\">\n<p class=\"\" data-start=\"799\" data-end=\"845\">Feito com carinho pela Impress\u00e3o 3D Capivari<\/p>\n<\/li>\n<li data-start=\"797\" data-end=\"845\"><\/li>\n<\/ul>\n<p class=\"\" data-start=\"847\" data-end=\"903\">Leve o Sitana para casa e d\u00ea vida a hist\u00f3rias incr\u00edveis!<\/p>\n<p class=\"\" data-start=\"905\" data-end=\"1000\">\ud83d\uded2 <strong data-start=\"908\" data-end=\"1000\">Clique em &#8220;Comprar&#8221; e surpreenda quem voc\u00ea ama com esse lagarto super carism\u00e1tico!<\/strong><\/p>\n","protected":false},"excerpt":{"rendered":"<p>Chameleon &#8211; Camale\u00e3o Articulado em Impress\u00e3o 3D Transforme o momento de brincar em uma verdadeira aventura com o Chameleon, o Camale\u00e3o articulado que vai conquistar os pequenos \u2014 e at\u00e9 os adultos! Com um visual vibrante, cheio de detalhes e movimentos realistas, esse brinquedo \u00e9 perfeito para estimular a criatividade, a curiosidade e a imagina\u00e7\u00e3o [&hellip;]<\/p>\n","protected":false},"featured_media":314723,"comment_status":"open","ping_status":"closed","template":"","meta":[],"product_brand":[],"product_cat":[19],"product_tag":[552],"class_list":{"0":"post-115841","1":"product","2":"type-product","3":"status-publish","4":"has-post-thumbnail","6":"product_cat-animals","7":"product_tag-articulados","9":"first","10":"instock","11":"sale","12":"shipping-taxable","13":"purchasable","14":"product-type-simple"},"yoast_head":"<!-- This site is optimized with the Yoast SEO plugin v25.1 - https:\/\/yoast.com\/wordpress\/plugins\/seo\/ -->\n<title>Chameleon - Camale\u00e3o Articulado - MyStore - By STLFLIX<\/title>\n<meta name=\"robots\" content=\"index, follow, max-snippet:-1, max-image-preview:large, max-video-preview:-1\" \/>\n<link rel=\"canonical\" href=\"https:\/\/www.monitorstlflix.com\/product\/chameleon-66fcc409a7c07\/\" \/>\n<meta property=\"og:locale\" content=\"tr_TR\" \/>\n<meta property=\"og:type\" content=\"article\" \/>\n<meta property=\"og:title\" content=\"Chameleon - Camale\u00e3o Articulado - MyStore - By STLFLIX\" \/>\n<meta property=\"og:description\" content=\"Chameleon &#8211; Camale\u00e3o Articulado em Impress\u00e3o 3D Transforme o momento de brincar em uma verdadeira aventura com o Chameleon, o Camale\u00e3o articulado que vai conquistar os pequenos \u2014 e at\u00e9 os adultos! Com um visual vibrante, cheio de detalhes e movimentos realistas, esse brinquedo \u00e9 perfeito para estimular a criatividade, a curiosidade e a imagina\u00e7\u00e3o [&hellip;]\" \/>\n<meta property=\"og:url\" content=\"https:\/\/www.monitorstlflix.com\/product\/chameleon-66fcc409a7c07\/\" \/>\n<meta property=\"og:site_name\" content=\"MyStore - By STLFLIX\" \/>\n<meta property=\"article:publisher\" content=\"https:\/\/www.facebook.com\/STLFLIX\" \/>\n<meta property=\"article:modified_time\" content=\"2025-04-14T19:57:55+00:00\" \/>\n<meta property=\"og:image\" content=\"https:\/\/www.monitorstlflix.com\/wp-content\/uploads\/2025\/04\/Chameleon_v2_1_3005b88206-1.webp\" \/>\n\t<meta property=\"og:image:width\" content=\"700\" \/>\n\t<meta property=\"og:image:height\" content=\"874\" \/>\n\t<meta property=\"og:image:type\" content=\"image\/webp\" \/>\n<meta name=\"twitter:card\" content=\"summary_large_image\" \/>\n<meta name=\"twitter:label1\" content=\"Est. reading time\" \/>\n\t<meta name=\"twitter:data1\" content=\"1 minute\" \/>\n<script type=\"application\/ld+json\" class=\"yoast-schema-graph\">{\"@context\":\"https:\/\/schema.org\",\"@graph\":[{\"@type\":\"WebPage\",\"@id\":\"https:\/\/www.monitorstlflix.com\/product\/chameleon-66fcc409a7c07\/\",\"url\":\"https:\/\/www.monitorstlflix.com\/product\/chameleon-66fcc409a7c07\/\",\"name\":\"Chameleon - Camale\u00e3o Articulado - MyStore - By STLFLIX\",\"isPartOf\":{\"@id\":\"https:\/\/my.stlflix.com\/tr\/#website\"},\"primaryImageOfPage\":{\"@id\":\"https:\/\/www.monitorstlflix.com\/product\/chameleon-66fcc409a7c07\/#primaryimage\"},\"image\":{\"@id\":\"https:\/\/www.monitorstlflix.com\/product\/chameleon-66fcc409a7c07\/#primaryimage\"},\"thumbnailUrl\":\"https:\/\/my.stlflix.com\/wp-content\/uploads\/2025\/04\/Chameleon_v2_1_3005b88206-1.webp\",\"datePublished\":\"2025-04-14T18:02:17+00:00\",\"dateModified\":\"2025-04-14T19:57:55+00:00\",\"breadcrumb\":{\"@id\":\"https:\/\/www.monitorstlflix.com\/product\/chameleon-66fcc409a7c07\/#breadcrumb\"},\"inLanguage\":\"tr-TR\",\"potentialAction\":[{\"@type\":\"ReadAction\",\"target\":[\"https:\/\/www.monitorstlflix.com\/product\/chameleon-66fcc409a7c07\/\"]}]},{\"@type\":\"ImageObject\",\"inLanguage\":\"tr-TR\",\"@id\":\"https:\/\/www.monitorstlflix.com\/product\/chameleon-66fcc409a7c07\/#primaryimage\",\"url\":\"https:\/\/my.stlflix.com\/wp-content\/uploads\/2025\/04\/Chameleon_v2_1_3005b88206-1.webp\",\"contentUrl\":\"https:\/\/my.stlflix.com\/wp-content\/uploads\/2025\/04\/Chameleon_v2_1_3005b88206-1.webp\",\"width\":700,\"height\":874},{\"@type\":\"BreadcrumbList\",\"@id\":\"https:\/\/www.monitorstlflix.com\/product\/chameleon-66fcc409a7c07\/#breadcrumb\",\"itemListElement\":[{\"@type\":\"ListItem\",\"position\":1,\"name\":\"Home\",\"item\":\"https:\/\/my.stlflix.com\/\"},{\"@type\":\"ListItem\",\"position\":2,\"name\":\"Products\",\"item\":\"https:\/\/my.stlflix.com\/fr\/shop\/\"},{\"@type\":\"ListItem\",\"position\":3,\"name\":\"Chameleon &#8211; Camale\u00e3o Articulado\"}]},{\"@type\":\"WebSite\",\"@id\":\"https:\/\/my.stlflix.com\/tr\/#website\",\"url\":\"https:\/\/my.stlflix.com\/tr\/\",\"name\":\"MyStore - By STLFLIX\",\"description\":\"\",\"publisher\":{\"@id\":\"https:\/\/my.stlflix.com\/tr\/#organization\"},\"potentialAction\":[{\"@type\":\"SearchAction\",\"target\":{\"@type\":\"EntryPoint\",\"urlTemplate\":\"https:\/\/my.stlflix.com\/tr\/?s={search_term_string}\"},\"query-input\":{\"@type\":\"PropertyValueSpecification\",\"valueRequired\":true,\"valueName\":\"search_term_string\"}}],\"inLanguage\":\"tr-TR\"},{\"@type\":\"Organization\",\"@id\":\"https:\/\/my.stlflix.com\/tr\/#organization\",\"name\":\"MyStore - By STLFLIX\",\"url\":\"https:\/\/my.stlflix.com\/tr\/\",\"logo\":{\"@type\":\"ImageObject\",\"inLanguage\":\"tr-TR\",\"@id\":\"https:\/\/my.stlflix.com\/tr\/#\/schema\/logo\/image\/\",\"url\":\"https:\/\/my.stlflix.com\/wp-content\/uploads\/2024\/06\/logo-mystore.png\",\"contentUrl\":\"https:\/\/my.stlflix.com\/wp-content\/uploads\/2024\/06\/logo-mystore.png\",\"width\":150,\"height\":41,\"caption\":\"MyStore - By STLFLIX\"},\"image\":{\"@id\":\"https:\/\/my.stlflix.com\/tr\/#\/schema\/logo\/image\/\"},\"sameAs\":[\"https:\/\/www.facebook.com\/STLFLIX\",\"https:\/\/www.instagram.com\/stlflix_\/\",\"https:\/\/www.tiktok.com\/@stlflix\"]}]}<\/script>\n<!-- \/ Yoast SEO plugin. -->","yoast_head_json":{"title":"Chameleon - Camale\u00e3o Articulado - MyStore - By STLFLIX","robots":{"index":"index","follow":"follow","max-snippet":"max-snippet:-1","max-image-preview":"max-image-preview:large","max-video-preview":"max-video-preview:-1"},"canonical":"https:\/\/www.monitorstlflix.com\/product\/chameleon-66fcc409a7c07\/","og_locale":"tr_TR","og_type":"article","og_title":"Chameleon - Camale\u00e3o Articulado - MyStore - By STLFLIX","og_description":"Chameleon &#8211; Camale\u00e3o Articulado em Impress\u00e3o 3D Transforme o momento de brincar em uma verdadeira aventura com o Chameleon, o Camale\u00e3o articulado que vai conquistar os pequenos \u2014 e at\u00e9 os adultos! Com um visual vibrante, cheio de detalhes e movimentos realistas, esse brinquedo \u00e9 perfeito para estimular a criatividade, a curiosidade e a imagina\u00e7\u00e3o [&hellip;]","og_url":"https:\/\/www.monitorstlflix.com\/product\/chameleon-66fcc409a7c07\/","og_site_name":"MyStore - By STLFLIX","article_publisher":"https:\/\/www.facebook.com\/STLFLIX","article_modified_time":"2025-04-14T19:57:55+00:00","og_image":[{"width":700,"height":874,"url":"https:\/\/www.monitorstlflix.com\/wp-content\/uploads\/2025\/04\/Chameleon_v2_1_3005b88206-1.webp","type":"image\/webp"}],"twitter_card":"summary_large_image","twitter_misc":{"Est. reading time":"1 minute"},"schema":{"@context":"https:\/\/schema.org","@graph":[{"@type":"WebPage","@id":"https:\/\/www.monitorstlflix.com\/product\/chameleon-66fcc409a7c07\/","url":"https:\/\/www.monitorstlflix.com\/product\/chameleon-66fcc409a7c07\/","name":"Chameleon - Camale\u00e3o Articulado - MyStore - By STLFLIX","isPartOf":{"@id":"https:\/\/my.stlflix.com\/tr\/#website"},"primaryImageOfPage":{"@id":"https:\/\/www.monitorstlflix.com\/product\/chameleon-66fcc409a7c07\/#primaryimage"},"image":{"@id":"https:\/\/www.monitorstlflix.com\/product\/chameleon-66fcc409a7c07\/#primaryimage"},"thumbnailUrl":"https:\/\/my.stlflix.com\/wp-content\/uploads\/2025\/04\/Chameleon_v2_1_3005b88206-1.webp","datePublished":"2025-04-14T18:02:17+00:00","dateModified":"2025-04-14T19:57:55+00:00","breadcrumb":{"@id":"https:\/\/www.monitorstlflix.com\/product\/chameleon-66fcc409a7c07\/#breadcrumb"},"inLanguage":"tr-TR","potentialAction":[{"@type":"ReadAction","target":["https:\/\/www.monitorstlflix.com\/product\/chameleon-66fcc409a7c07\/"]}]},{"@type":"ImageObject","inLanguage":"tr-TR","@id":"https:\/\/www.monitorstlflix.com\/product\/chameleon-66fcc409a7c07\/#primaryimage","url":"https:\/\/my.stlflix.com\/wp-content\/uploads\/2025\/04\/Chameleon_v2_1_3005b88206-1.webp","contentUrl":"https:\/\/my.stlflix.com\/wp-content\/uploads\/2025\/04\/Chameleon_v2_1_3005b88206-1.webp","width":700,"height":874},{"@type":"BreadcrumbList","@id":"https:\/\/www.monitorstlflix.com\/product\/chameleon-66fcc409a7c07\/#breadcrumb","itemListElement":[{"@type":"ListItem","position":1,"name":"Home","item":"https:\/\/my.stlflix.com\/"},{"@type":"ListItem","position":2,"name":"Products","item":"https:\/\/my.stlflix.com\/fr\/shop\/"},{"@type":"ListItem","position":3,"name":"Chameleon &#8211; Camale\u00e3o Articulado"}]},{"@type":"WebSite","@id":"https:\/\/my.stlflix.com\/tr\/#website","url":"https:\/\/my.stlflix.com\/tr\/","name":"MyStore - By STLFLIX","description":"","publisher":{"@id":"https:\/\/my.stlflix.com\/tr\/#organization"},"potentialAction":[{"@type":"SearchAction","target":{"@type":"EntryPoint","urlTemplate":"https:\/\/my.stlflix.com\/tr\/?s={search_term_string}"},"query-input":{"@type":"PropertyValueSpecification","valueRequired":true,"valueName":"search_term_string"}}],"inLanguage":"tr-TR"},{"@type":"Organization","@id":"https:\/\/my.stlflix.com\/tr\/#organization","name":"MyStore - By STLFLIX","url":"https:\/\/my.stlflix.com\/tr\/","logo":{"@type":"ImageObject","inLanguage":"tr-TR","@id":"https:\/\/my.stlflix.com\/tr\/#\/schema\/logo\/image\/","url":"https:\/\/my.stlflix.com\/wp-content\/uploads\/2024\/06\/logo-mystore.png","contentUrl":"https:\/\/my.stlflix.com\/wp-content\/uploads\/2024\/06\/logo-mystore.png","width":150,"height":41,"caption":"MyStore - By STLFLIX"},"image":{"@id":"https:\/\/my.stlflix.com\/tr\/#\/schema\/logo\/image\/"},"sameAs":["https:\/\/www.facebook.com\/STLFLIX","https:\/\/www.instagram.com\/stlflix_\/","https:\/\/www.tiktok.com\/@stlflix"]}]}},"_links":{"self":[{"href":"https:\/\/my.stlflix.com\/tr\/wp-json\/wp\/v2\/product\/115841","targetHints":{"allow":["GET"]}}],"collection":[{"href":"https:\/\/my.stlflix.com\/tr\/wp-json\/wp\/v2\/product"}],"about":[{"href":"https:\/\/my.stlflix.com\/tr\/wp-json\/wp\/v2\/types\/product"}],"replies":[{"embeddable":true,"href":"https:\/\/my.stlflix.com\/tr\/wp-json\/wp\/v2\/comments?post=115841"}],"wp:featuredmedia":[{"embeddable":true,"href":"https:\/\/my.stlflix.com\/tr\/wp-json\/wp\/v2\/media\/314723"}],"wp:attachment":[{"href":"https:\/\/my.stlflix.com\/tr\/wp-json\/wp\/v2\/media?parent=115841"}],"wp:term":[{"taxonomy":"product_brand","embeddable":true,"href":"https:\/\/my.stlflix.com\/tr\/wp-json\/wp\/v2\/product_brand?post=115841"},{"taxonomy":"product_cat","embeddable":true,"href":"https:\/\/my.stlflix.com\/tr\/wp-json\/wp\/v2\/product_cat?post=115841"},{"taxonomy":"product_tag","embeddable":true,"href":"https:\/\/my.stlflix.com\/tr\/wp-json\/wp\/v2\/product_tag?post=115841"}],"curies":[{"name":"wp","href":"https:\/\/api.w.org\/{rel}","templated":true}]}}