{"id":157455,"date":"2024-11-17T04:50:54","date_gmt":"2024-11-17T04:50:54","guid":{"rendered":"https:\/\/my.stlflix.com\/?post_type=product&#038;p=157455"},"modified":"2024-12-22T12:28:46","modified_gmt":"2024-12-22T12:28:46","slug":"jackal-warrior-sword-67395efacd693","status":"publish","type":"product","link":"https:\/\/my.stlflix.com\/tr\/product\/jackal-warrior-sword-67395efacd693\/","title":{"rendered":"Jackal Warrior Sword"},"content":{"rendered":"<p style=\"text-align: center\"><em>Guardando as c\u00e2maras mortu\u00e1rias do falecido Fara\u00f3, a for\u00e7a de guardas chacais ser\u00e1 o pr\u00f3ximo grande problema de qualquer invasor.<br \/>\n<\/em><\/p>\n<p>&nbsp;<\/p>\n<p><strong>Miniaturas para RPG \u2013 Traga sua imagina\u00e7\u00e3o \u00e0 vida<\/strong><\/p>\n<p>Descubra nossas incr\u00edveis miniaturas para RPG, desenvolvidas para proporcionar aos jogadores e mestres uma experi\u00eancia \u00fanica e imersiva. Produzidas com materiais de excelente qualidade e aten\u00e7\u00e3o aos m\u00ednimos detalhes, elas s\u00e3o ideais para dar um toque especial aos seus personagens, criaturas e cen\u00e1rios.<\/p>\n<p><strong>Dispon\u00edveis em duas escalas:<\/strong><\/p>\n<ul>\n<li><strong>Escala 32mm<\/strong>, com base de 25mm, perfeita para sistemas como D&amp;D e outros RPGs populares.<\/li>\n<li><strong>Escala 75mm<\/strong>, para aqueles que desejam adicionar uma presen\u00e7a imponente e detalhada ao seu jogo.<\/li>\n<\/ul>\n<p>Seja voc\u00ea um colecionador apaixonado ou um jogador em busca de aprimorar suas sess\u00f5es, nossas miniaturas s\u00e3o a escolha certa para complementar sua cole\u00e7\u00e3o.<\/p>\n<p>N\u00e3o perca a chance de transformar suas aventuras e criar momentos memor\u00e1veis. Garanta j\u00e1 a sua e leve sua campanha a um novo patamar!<\/p>\n<div>\n<hr \/>\n<\/div>\n<div>\n<p><strong>ESPECIFICA\u00c7\u00d5ES:<\/strong><\/p>\n<p>Impresso em Resina<\/p>\n<p><strong>Dimens\u00f5es<\/strong> do item montado(CxLxA):<\/p>\n<ul>\n<li><strong>Escala 32mm<\/strong>: 32x 28 x 42 (mm)<\/li>\n<li><strong>Escala 75mm<\/strong>: 73 x 65 x 98 (mm)<\/li>\n<\/ul>\n<p>Itens enviados desmontados para facilitar a personaliza\u00e7\u00e3o. Inclui todas as pe\u00e7as necess\u00e1rias;<br \/>\nCola e pintura n\u00e3o acompanham o produto.<\/p>\n<p><strong>Nota:<\/strong> As imagens s\u00e3o ilustrativas e podem apresentar varia\u00e7\u00f5es.<\/p>\n<\/div>\n<hr \/>\n<p><!--more--><\/p>\n<div>\n<p><strong>SOBRE N\u00d3S:<\/strong><\/p>\n<p>A <strong>Fantasy Krafter<\/strong>, com sede em S\u00e3o Jos\u00e9 dos Campos, \u00e9 especializada em criar itens para apaixonados por RPG. Somos movidos pelo amor ao hobby e nos dedicamos a tornar suas campanhas mais emocionantes.<\/p>\n<p>Nosso objetivo \u00e9 transformar sua mesa de jogo, reunindo amigos e trazendo seus mundos imagin\u00e1rios \u00e0 realidade com miniaturas de tirar o f\u00f4lego.<\/p>\n<\/div>\n","protected":false},"excerpt":{"rendered":"<p>Guardando as c\u00e2maras mortu\u00e1rias do falecido Fara\u00f3, a for\u00e7a de guardas chacais ser\u00e1 o pr\u00f3ximo grande problema de qualquer invasor. &nbsp; Miniaturas para RPG \u2013 Traga sua imagina\u00e7\u00e3o \u00e0 vida Descubra nossas incr\u00edveis miniaturas para RPG, desenvolvidas para proporcionar aos jogadores e mestres uma experi\u00eancia \u00fanica e imersiva. Produzidas com materiais de excelente qualidade e [&hellip;]<\/p>\n","protected":false},"featured_media":42506,"comment_status":"open","ping_status":"closed","template":"","meta":[],"product_brand":[],"product_cat":[23],"product_tag":[387],"class_list":{"0":"post-157455","1":"product","2":"type-product","3":"status-publish","4":"has-post-thumbnail","6":"product_cat-miniatures","7":"product_tag-sands-of-time","9":"first","10":"onbackorder","11":"sale","12":"shipping-taxable","13":"purchasable","14":"product-type-variable","15":"has-default-attributes"},"yoast_head":"<!-- This site is optimized with the Yoast SEO plugin v25.1 - https:\/\/yoast.com\/wordpress\/plugins\/seo\/ -->\n<title>Jackal Warrior Sword - MyStore - By STLFLIX<\/title>\n<meta name=\"robots\" content=\"index, follow, max-snippet:-1, max-image-preview:large, max-video-preview:-1\" \/>\n<link rel=\"canonical\" href=\"https:\/\/my.stlflix.com\/tr\/product\/jackal-warrior-sword-67395efacd693\/\" \/>\n<meta property=\"og:locale\" content=\"tr_TR\" \/>\n<meta property=\"og:type\" content=\"article\" \/>\n<meta property=\"og:title\" content=\"Jackal Warrior Sword - MyStore - By STLFLIX\" \/>\n<meta property=\"og:description\" content=\"Guardando as c\u00e2maras mortu\u00e1rias do falecido Fara\u00f3, a for\u00e7a de guardas chacais ser\u00e1 o pr\u00f3ximo grande problema de qualquer invasor. &nbsp; Miniaturas para RPG \u2013 Traga sua imagina\u00e7\u00e3o \u00e0 vida Descubra nossas incr\u00edveis miniaturas para RPG, desenvolvidas para proporcionar aos jogadores e mestres uma experi\u00eancia \u00fanica e imersiva. Produzidas com materiais de excelente qualidade e [&hellip;]\" \/>\n<meta property=\"og:url\" content=\"https:\/\/my.stlflix.com\/tr\/product\/jackal-warrior-sword-67395efacd693\/\" \/>\n<meta property=\"og:site_name\" content=\"MyStore - By STLFLIX\" \/>\n<meta property=\"article:publisher\" content=\"https:\/\/www.facebook.com\/STLFLIX\" \/>\n<meta property=\"article:modified_time\" content=\"2024-12-22T12:28:46+00:00\" \/>\n<meta property=\"og:image\" content=\"https:\/\/my.stlflix.com\/wp-content\/uploads\/2024\/06\/Jackal_Warrior_Swordthumb_d217dd998a.jpg\" \/>\n\t<meta property=\"og:image:width\" content=\"1080\" \/>\n\t<meta property=\"og:image:height\" content=\"1350\" \/>\n\t<meta property=\"og:image:type\" content=\"image\/jpeg\" \/>\n<meta name=\"twitter:card\" content=\"summary_large_image\" \/>\n<meta name=\"twitter:label1\" content=\"Est. reading time\" \/>\n\t<meta name=\"twitter:data1\" content=\"1 minute\" \/>\n<script type=\"application\/ld+json\" class=\"yoast-schema-graph\">{\"@context\":\"https:\/\/schema.org\",\"@graph\":[{\"@type\":\"WebPage\",\"@id\":\"https:\/\/my.stlflix.com\/tr\/product\/jackal-warrior-sword-67395efacd693\/\",\"url\":\"https:\/\/my.stlflix.com\/tr\/product\/jackal-warrior-sword-67395efacd693\/\",\"name\":\"Jackal Warrior Sword - MyStore - By STLFLIX\",\"isPartOf\":{\"@id\":\"https:\/\/my.stlflix.com\/tr\/#website\"},\"primaryImageOfPage\":{\"@id\":\"https:\/\/my.stlflix.com\/tr\/product\/jackal-warrior-sword-67395efacd693\/#primaryimage\"},\"image\":{\"@id\":\"https:\/\/my.stlflix.com\/tr\/product\/jackal-warrior-sword-67395efacd693\/#primaryimage\"},\"thumbnailUrl\":\"https:\/\/my.stlflix.com\/wp-content\/uploads\/2024\/06\/Jackal_Warrior_Swordthumb_d217dd998a.jpg\",\"datePublished\":\"2024-11-17T04:50:54+00:00\",\"dateModified\":\"2024-12-22T12:28:46+00:00\",\"breadcrumb\":{\"@id\":\"https:\/\/my.stlflix.com\/tr\/product\/jackal-warrior-sword-67395efacd693\/#breadcrumb\"},\"inLanguage\":\"tr-TR\",\"potentialAction\":[{\"@type\":\"ReadAction\",\"target\":[\"https:\/\/my.stlflix.com\/tr\/product\/jackal-warrior-sword-67395efacd693\/\"]}]},{\"@type\":\"ImageObject\",\"inLanguage\":\"tr-TR\",\"@id\":\"https:\/\/my.stlflix.com\/tr\/product\/jackal-warrior-sword-67395efacd693\/#primaryimage\",\"url\":\"https:\/\/my.stlflix.com\/wp-content\/uploads\/2024\/06\/Jackal_Warrior_Swordthumb_d217dd998a.jpg\",\"contentUrl\":\"https:\/\/my.stlflix.com\/wp-content\/uploads\/2024\/06\/Jackal_Warrior_Swordthumb_d217dd998a.jpg\",\"width\":1080,\"height\":1350},{\"@type\":\"BreadcrumbList\",\"@id\":\"https:\/\/my.stlflix.com\/tr\/product\/jackal-warrior-sword-67395efacd693\/#breadcrumb\",\"itemListElement\":[{\"@type\":\"ListItem\",\"position\":1,\"name\":\"Home\",\"item\":\"https:\/\/my.stlflix.com\/\"},{\"@type\":\"ListItem\",\"position\":2,\"name\":\"Products\",\"item\":\"https:\/\/my.stlflix.com\/fr\/shop\/\"},{\"@type\":\"ListItem\",\"position\":3,\"name\":\"Jackal Warrior Sword\"}]},{\"@type\":\"WebSite\",\"@id\":\"https:\/\/my.stlflix.com\/tr\/#website\",\"url\":\"https:\/\/my.stlflix.com\/tr\/\",\"name\":\"MyStore - By STLFLIX\",\"description\":\"\",\"publisher\":{\"@id\":\"https:\/\/my.stlflix.com\/tr\/#organization\"},\"potentialAction\":[{\"@type\":\"SearchAction\",\"target\":{\"@type\":\"EntryPoint\",\"urlTemplate\":\"https:\/\/my.stlflix.com\/tr\/?s={search_term_string}\"},\"query-input\":{\"@type\":\"PropertyValueSpecification\",\"valueRequired\":true,\"valueName\":\"search_term_string\"}}],\"inLanguage\":\"tr-TR\"},{\"@type\":\"Organization\",\"@id\":\"https:\/\/my.stlflix.com\/tr\/#organization\",\"name\":\"MyStore - By STLFLIX\",\"url\":\"https:\/\/my.stlflix.com\/tr\/\",\"logo\":{\"@type\":\"ImageObject\",\"inLanguage\":\"tr-TR\",\"@id\":\"https:\/\/my.stlflix.com\/tr\/#\/schema\/logo\/image\/\",\"url\":\"https:\/\/my.stlflix.com\/wp-content\/uploads\/2024\/06\/logo-mystore.png\",\"contentUrl\":\"https:\/\/my.stlflix.com\/wp-content\/uploads\/2024\/06\/logo-mystore.png\",\"width\":150,\"height\":41,\"caption\":\"MyStore - By STLFLIX\"},\"image\":{\"@id\":\"https:\/\/my.stlflix.com\/tr\/#\/schema\/logo\/image\/\"},\"sameAs\":[\"https:\/\/www.facebook.com\/STLFLIX\",\"https:\/\/www.instagram.com\/stlflix_\/\",\"https:\/\/www.tiktok.com\/@stlflix\"]}]}<\/script>\n<!-- \/ Yoast SEO plugin. -->","yoast_head_json":{"title":"Jackal Warrior Sword - MyStore - By STLFLIX","robots":{"index":"index","follow":"follow","max-snippet":"max-snippet:-1","max-image-preview":"max-image-preview:large","max-video-preview":"max-video-preview:-1"},"canonical":"https:\/\/my.stlflix.com\/tr\/product\/jackal-warrior-sword-67395efacd693\/","og_locale":"tr_TR","og_type":"article","og_title":"Jackal Warrior Sword - MyStore - By STLFLIX","og_description":"Guardando as c\u00e2maras mortu\u00e1rias do falecido Fara\u00f3, a for\u00e7a de guardas chacais ser\u00e1 o pr\u00f3ximo grande problema de qualquer invasor. &nbsp; Miniaturas para RPG \u2013 Traga sua imagina\u00e7\u00e3o \u00e0 vida Descubra nossas incr\u00edveis miniaturas para RPG, desenvolvidas para proporcionar aos jogadores e mestres uma experi\u00eancia \u00fanica e imersiva. Produzidas com materiais de excelente qualidade e [&hellip;]","og_url":"https:\/\/my.stlflix.com\/tr\/product\/jackal-warrior-sword-67395efacd693\/","og_site_name":"MyStore - By STLFLIX","article_publisher":"https:\/\/www.facebook.com\/STLFLIX","article_modified_time":"2024-12-22T12:28:46+00:00","og_image":[{"width":1080,"height":1350,"url":"https:\/\/my.stlflix.com\/wp-content\/uploads\/2024\/06\/Jackal_Warrior_Swordthumb_d217dd998a.jpg","type":"image\/jpeg"}],"twitter_card":"summary_large_image","twitter_misc":{"Est. reading time":"1 minute"},"schema":{"@context":"https:\/\/schema.org","@graph":[{"@type":"WebPage","@id":"https:\/\/my.stlflix.com\/tr\/product\/jackal-warrior-sword-67395efacd693\/","url":"https:\/\/my.stlflix.com\/tr\/product\/jackal-warrior-sword-67395efacd693\/","name":"Jackal Warrior Sword - MyStore - By STLFLIX","isPartOf":{"@id":"https:\/\/my.stlflix.com\/tr\/#website"},"primaryImageOfPage":{"@id":"https:\/\/my.stlflix.com\/tr\/product\/jackal-warrior-sword-67395efacd693\/#primaryimage"},"image":{"@id":"https:\/\/my.stlflix.com\/tr\/product\/jackal-warrior-sword-67395efacd693\/#primaryimage"},"thumbnailUrl":"https:\/\/my.stlflix.com\/wp-content\/uploads\/2024\/06\/Jackal_Warrior_Swordthumb_d217dd998a.jpg","datePublished":"2024-11-17T04:50:54+00:00","dateModified":"2024-12-22T12:28:46+00:00","breadcrumb":{"@id":"https:\/\/my.stlflix.com\/tr\/product\/jackal-warrior-sword-67395efacd693\/#breadcrumb"},"inLanguage":"tr-TR","potentialAction":[{"@type":"ReadAction","target":["https:\/\/my.stlflix.com\/tr\/product\/jackal-warrior-sword-67395efacd693\/"]}]},{"@type":"ImageObject","inLanguage":"tr-TR","@id":"https:\/\/my.stlflix.com\/tr\/product\/jackal-warrior-sword-67395efacd693\/#primaryimage","url":"https:\/\/my.stlflix.com\/wp-content\/uploads\/2024\/06\/Jackal_Warrior_Swordthumb_d217dd998a.jpg","contentUrl":"https:\/\/my.stlflix.com\/wp-content\/uploads\/2024\/06\/Jackal_Warrior_Swordthumb_d217dd998a.jpg","width":1080,"height":1350},{"@type":"BreadcrumbList","@id":"https:\/\/my.stlflix.com\/tr\/product\/jackal-warrior-sword-67395efacd693\/#breadcrumb","itemListElement":[{"@type":"ListItem","position":1,"name":"Home","item":"https:\/\/my.stlflix.com\/"},{"@type":"ListItem","position":2,"name":"Products","item":"https:\/\/my.stlflix.com\/fr\/shop\/"},{"@type":"ListItem","position":3,"name":"Jackal Warrior Sword"}]},{"@type":"WebSite","@id":"https:\/\/my.stlflix.com\/tr\/#website","url":"https:\/\/my.stlflix.com\/tr\/","name":"MyStore - By STLFLIX","description":"","publisher":{"@id":"https:\/\/my.stlflix.com\/tr\/#organization"},"potentialAction":[{"@type":"SearchAction","target":{"@type":"EntryPoint","urlTemplate":"https:\/\/my.stlflix.com\/tr\/?s={search_term_string}"},"query-input":{"@type":"PropertyValueSpecification","valueRequired":true,"valueName":"search_term_string"}}],"inLanguage":"tr-TR"},{"@type":"Organization","@id":"https:\/\/my.stlflix.com\/tr\/#organization","name":"MyStore - By STLFLIX","url":"https:\/\/my.stlflix.com\/tr\/","logo":{"@type":"ImageObject","inLanguage":"tr-TR","@id":"https:\/\/my.stlflix.com\/tr\/#\/schema\/logo\/image\/","url":"https:\/\/my.stlflix.com\/wp-content\/uploads\/2024\/06\/logo-mystore.png","contentUrl":"https:\/\/my.stlflix.com\/wp-content\/uploads\/2024\/06\/logo-mystore.png","width":150,"height":41,"caption":"MyStore - By STLFLIX"},"image":{"@id":"https:\/\/my.stlflix.com\/tr\/#\/schema\/logo\/image\/"},"sameAs":["https:\/\/www.facebook.com\/STLFLIX","https:\/\/www.instagram.com\/stlflix_\/","https:\/\/www.tiktok.com\/@stlflix"]}]}},"_links":{"self":[{"href":"https:\/\/my.stlflix.com\/tr\/wp-json\/wp\/v2\/product\/157455","targetHints":{"allow":["GET"]}}],"collection":[{"href":"https:\/\/my.stlflix.com\/tr\/wp-json\/wp\/v2\/product"}],"about":[{"href":"https:\/\/my.stlflix.com\/tr\/wp-json\/wp\/v2\/types\/product"}],"replies":[{"embeddable":true,"href":"https:\/\/my.stlflix.com\/tr\/wp-json\/wp\/v2\/comments?post=157455"}],"wp:featuredmedia":[{"embeddable":true,"href":"https:\/\/my.stlflix.com\/tr\/wp-json\/wp\/v2\/media\/42506"}],"wp:attachment":[{"href":"https:\/\/my.stlflix.com\/tr\/wp-json\/wp\/v2\/media?parent=157455"}],"wp:term":[{"taxonomy":"product_brand","embeddable":true,"href":"https:\/\/my.stlflix.com\/tr\/wp-json\/wp\/v2\/product_brand?post=157455"},{"taxonomy":"product_cat","embeddable":true,"href":"https:\/\/my.stlflix.com\/tr\/wp-json\/wp\/v2\/product_cat?post=157455"},{"taxonomy":"product_tag","embeddable":true,"href":"https:\/\/my.stlflix.com\/tr\/wp-json\/wp\/v2\/product_tag?post=157455"}],"curies":[{"name":"wp","href":"https:\/\/api.w.org\/{rel}","templated":true}]}}