{"id":167011,"date":"2024-11-27T20:57:41","date_gmt":"2024-11-27T20:57:41","guid":{"rendered":"https:\/\/my.stlflix.com\/?post_type=product&#038;p=167011"},"modified":"2024-12-22T12:31:28","modified_gmt":"2024-12-22T12:31:28","slug":"citrus-vibes-673f75e1d9ce8","status":"publish","type":"product","link":"https:\/\/my.stlflix.com\/tr\/product\/citrus-vibes-673f75e1d9ce8\/","title":{"rendered":"Caixa Organizadora Citrus Vibes"},"content":{"rendered":"<p style=\"line-height: 20px;color: #6a6060;font-family: Inter, sans-serif;font-size: 12px;text-align: center;background-color: #ffffff\"><strong>Caixa Organizadora<\/strong><\/p>\n<p style=\"line-height: 20px;color: #6a6060;font-family: Inter, sans-serif;font-size: 12px;text-align: center;background-color: #ffffff\"><strong>Citrus Vibes\u00a0<\/strong><\/p>\n<p style=\"line-height: 20px;color: #6a6060;font-family: Inter, sans-serif;font-size: 12px;text-align: center;background-color: #ffffff\"><em style=\"color: #434343;font-family: montserrat, sans-serif;font-size: 14px;margin: 0px;padding: 0px;border: 0px;vertical-align: baseline\"><span style=\"margin: 0px;padding: 0cm;border: 1pt none windowtext;vertical-align: baseline;font-size: 10.5pt;font-family: Montserrat;color: #3b7d23\">Leia a descri\u00e7\u00e3o completa do an\u00fancio para conhecer todos os detalhes do produto<\/span><\/em><\/p>\n<p style=\"line-height: 20px;color: #6a6060;font-family: Inter, sans-serif;font-size: 12px;background-color: #ffffff\"><span>Transforme seu espa\u00e7o com um toque de\u00a0<strong>Mist\u00e9rio, Funcionalidade, Design<\/strong>\u00a0e\u00a0<strong>Decora\u00e7\u00e3o<\/strong><\/span><\/p>\n<p style=\"line-height: 20px;color: #6a6060;font-family: Inter, sans-serif;font-size: 12px;background-color: #ffffff\"><span>Seja para o seu\u00a0<strong>Escrit\u00f3rio<\/strong>, sala ou jardim, nossa\u00a0<strong>Cole\u00e7\u00e3o Secreta\u00a0<\/strong>\u00e9 a escolha perfeita!\u00a0<\/span><\/p>\n<p style=\"line-height: 20px;color: #6a6060;font-family: Inter, sans-serif;font-size: 12px;background-color: #ffffff\"><span>Feita sob encomenda, com cores e tamanhos exclusivos, ela combina praticidade e estilo. Ideal para esconder pequenos objetos e manter o ambiente organizado, essa caixa secreta pode ser usada como organizador, porta-l\u00e1pis ou at\u00e9 um cachepot estilizado.<\/span><\/p>\n<p style=\"line-height: 20px;color: #6a6060;font-family: Inter, sans-serif;font-size: 12px;background-color: #ffffff\"><span><strong>Versatilidade<\/strong>: Pode ser usada como organizador, porta-l\u00e1pis ou caixa secreta.<\/span><\/p>\n<p style=\"line-height: 20px;color: #6a6060;font-family: Inter, sans-serif;font-size: 12px;background-color: #ffffff\"><span><strong>Design Exclusivo:<\/strong>\u00a0Produto \u00fanico, feito sob demanda, com acabamentos personalizados.<\/span><\/p>\n<p style=\"line-height: 20px;color: #6a6060;font-family: Inter, sans-serif;font-size: 12px;background-color: #ffffff\"><span><strong>Funcionalidade<\/strong>: Perfeita para adicionar charme e organiza\u00e7\u00e3o a qualquer ambiente.<\/span><\/p>\n<p style=\"line-height: 20px;color: #6a6060;font-family: Inter, sans-serif;font-size: 12px;background-color: #ffffff\"><span><strong>Personaliza\u00e7\u00e3o:<\/strong>\u00a0Escolha a cor e o estilo que mais se adequam ao seu gosto e espa\u00e7o.<\/span><\/p>\n<p style=\"line-height: 20px;color: #6a6060;font-family: Inter, sans-serif;font-size: 12px;background-color: #ffffff\"><span>\u2713 Ideal para ambientes internos!<\/span><\/p>\n<p style=\"line-height: 20px;color: #6a6060;font-family: Inter, sans-serif;font-size: 12px;background-color: #ffffff\"><span>\u2713 Valor referente a 1 unidade.<\/span><\/p>\n<p style=\"line-height: 20px;color: #6a6060;font-family: Inter, sans-serif;font-size: 12px;background-color: #ffffff\"><span>\u2713 Manter longe de fontes de calor extremas.<\/span><\/p>\n<p style=\"line-height: 20px;color: #6a6060;font-family: Inter, sans-serif;font-size: 12px;background-color: #ffffff\"><span>Transforme seu espa\u00e7o com um toque de mist\u00e9rio e funcionalidade!<\/span><\/p>\n<p style=\"line-height: 20px;color: #6a6060;font-family: Inter, sans-serif;font-size: 12px;background-color: #ffffff\"><strong>Material:\u00a0<\/strong>Pl\u00e1stico PLA \u00e9 biodegrad\u00e1vel, recicl\u00e1vel, biocompat\u00edvel e compost\u00e1vel. N\u00e3o agride o meio ambiente.<\/p>\n<p style=\"line-height: 20px;color: #6a6060;font-family: Inter, sans-serif;font-size: 12px;background-color: #ffffff\"><strong>Medidas<\/strong><\/p>\n<p style=\"line-height: 20px;color: #6a6060;font-family: Inter, sans-serif;font-size: 12px;background-color: #ffffff\"><span>19 cm<\/span><\/p>\n<p style=\"line-height: 20px;color: #6a6060;font-family: Inter, sans-serif;font-size: 12px;background-color: #ffffff\"><strong>Disponibilidade de Cores<\/strong><\/p>\n<p style=\"line-height: 20px;color: #6a6060;font-family: Inter, sans-serif;font-size: 12px;background-color: #ffffff\">Se preferir, entre em contato pelo WhatsApp antes da compra para verificar as cores dispon\u00edveis. Caso contr\u00e1rio, ao finalizar sua compra, por favor, indique a cor desejada no campo &#8220;MENSAGENS&#8221;. Estamos \u00e0 disposi\u00e7\u00e3o para ajudar!<\/p>\n<p style=\"line-height: 20px;color: #6a6060;font-family: Inter, sans-serif;font-size: 12px;background-color: #ffffff\">Se n\u00e3o recebermos nenhuma indica\u00e7\u00e3o de cor, enviaremos uma cor aleat\u00f3ria. Estamos \u00e0 disposi\u00e7\u00e3o para ajudar!<\/p>\n<p style=\"line-height: 20px;color: #6a6060;font-family: Inter, sans-serif;font-size: 12px;background-color: #ffffff\"><span>* As cores e gradientes do arco-\u00edris variam em cada impress\u00e3o, e os resultados podem ser diferentes dos exemplos mostrados. Cada impress\u00e3o tem padr\u00f5es de cores \u00fanicos, e dependendo do tamanho, pode ser que voc\u00ea veja apenas algumas cores do filamento. No entanto, nos esfor\u00e7amos para oferecer os melhores resultados poss\u00edveis.<\/span><\/p>\n<p style=\"line-height: 20px;color: #6a6060;font-family: Inter, sans-serif;font-size: 12px;background-color: #ffffff\"><strong>Para Compras no Atacado<\/strong><\/p>\n<p style=\"line-height: 20px;color: #6a6060;font-family: Inter, sans-serif;font-size: 12px;background-color: #ffffff\">Por favor, entre em contato conosco diretamente para receber um or\u00e7amento. Estamos \u00e0 disposi\u00e7\u00e3o para ajudar!<\/p>\n<p style=\"line-height: 20px;color: #6a6060;font-family: Inter, sans-serif;font-size: 12px;background-color: #ffffff\"><strong>*Nosso tempo necess\u00e1rio para produ\u00e7\u00e3o \u00e9 de 5 dias \u00fateis, podendo variar conforme a demanda.<\/strong><\/p>\n<p style=\"line-height: 20px;color: #6a6060;font-family: Inter, sans-serif;font-size: 12px;background-color: #ffffff\"><strong>* Devido ao m\u00e9todo de fabrica\u00e7\u00e3o por impress\u00e3o 3D, \u00e9 poss\u00edvel que alguns itens exibam pequenas marcas ou texturas sutis, as quais s\u00e3o t\u00edpicas desse processo espec\u00edfico.<\/strong><\/p>\n<p style=\"line-height: 20px;color: #6a6060;font-family: Inter, sans-serif;font-size: 12px;background-color: #ffffff\"><strong>* As cores podem variar ligeiramente devido \u00e0s configura\u00e7\u00f5es do monitor.<\/strong><\/p>\n<p style=\"line-height: 20px;color: #6a6060;font-family: Inter, sans-serif;font-size: 12px;text-align: center;background-color: #ffffff\"><strong>\u00a0<\/strong><\/p>\n<p style=\"line-height: 20px;color: #6a6060;font-family: Inter, sans-serif;font-size: 12px;text-align: center;background-color: #ffffff\"><strong>Aproveite esta oportunidade e adquira j\u00e1 o seu!<\/strong><\/p>\n<p style=\"line-height: 20px;color: #6a6060;font-family: Inter, sans-serif;font-size: 12px;text-align: center;background-color: #ffffff\"><span>Somos um revendedor aprovado para designs STLFLIX<\/span><\/p>\n<p style=\"line-height: 20px;color: #6a6060;font-family: Inter, sans-serif;font-size: 12px;text-align: center;background-color: #ffffff\"><strong>CUIDADOS E MANUTEN\u00c7\u00c3O<\/strong><\/p>\n<p style=\"line-height: 20px;color: #6a6060;font-family: Inter, sans-serif;font-size: 12px;text-align: center;background-color: #ffffff\">Embora o pl\u00e1stico seja resistente ao sol e \u00e0 chuva, o PLA n\u00e3o \u00e9 ideal para exposi\u00e7\u00e3o a raios solares intensos. Portanto, n\u00e3o recomendamos o uso em \u00e1reas externas.<\/p>\n<p style=\"line-height: 20px;color: #6a6060;font-family: Inter, sans-serif;font-size: 12px;text-align: center;background-color: #ffffff\">Se voc\u00ea deseja ou precisa de um material mais resistente a temperaturas extremas, como pl\u00e1sticos de alta resist\u00eancia que suportam impactos e quedas, entre em contato conosco. Faremos um produto que atenda \u00e0s suas necessidades.<\/p>\n<p style=\"line-height: 20px;color: #6a6060;font-family: Inter, sans-serif;font-size: 12px;text-align: center;background-color: #ffffff\"><strong>O QUE \u00c9 O PL\u00c1STICO PLA?<\/strong><\/p>\n<p style=\"line-height: 20px;color: #6a6060;font-family: Inter, sans-serif;font-size: 12px;text-align: center;background-color: #ffffff\">O PLA ou melhor dizendo, \u00e1cido polil\u00e1tico, \u00e9 um pol\u00edmero sint\u00e9tico termopl\u00e1stico que vem substituindo os pl\u00e1sticos convencionais em diversas aplica\u00e7\u00f5es.<\/p>\n<p style=\"line-height: 20px;color: #6a6060;font-family: Inter, sans-serif;font-size: 12px;text-align: center;background-color: #ffffff\"><strong>COMO PRODUZ PL\u00c1STICO PLA?<\/strong><\/p>\n<p style=\"line-height: 20px;color: #6a6060;font-family: Inter, sans-serif;font-size: 12px;text-align: center;background-color: #ffffff\">A produ\u00e7\u00e3o ocorre a partir da fermenta\u00e7\u00e3o, por parte de bact\u00e9rias, de vegetais ricos em amido, como a beterraba, o milho e a mandioca, por isso, \u00e9 biodegrad\u00e1vel, compost\u00e1vel e recicl\u00e1vel e n\u00e3o possui nenhum tipo de res\u00edduo t\u00f3xico.<\/p>\n<p style=\"line-height: 20px;color: #6a6060;font-family: Inter, sans-serif;font-size: 12px;text-align: center;background-color: #ffffff\"><strong>ABS<\/strong><\/p>\n<p style=\"line-height: 20px;color: #6a6060;font-family: Inter, sans-serif;font-size: 12px;text-align: center;background-color: #ffffff\">Material: Para garantir maior durabilidade e resist\u00eancia, oferecemos a op\u00e7\u00e3o de produ\u00e7\u00e3o em ABS. No entanto, n\u00e3o recomendamos este material para uso em equipamentos destinados \u00e0 culin\u00e1ria ou qualquer outro contato direto com alimentos. A escolha do material ser\u00e1 confirmada ap\u00f3s a compra.<\/p>\n","protected":false},"excerpt":{"rendered":"<p>Caixa Organizadora Citrus Vibes\u00a0 Leia a descri\u00e7\u00e3o completa do an\u00fancio para conhecer todos os detalhes do produto Transforme seu espa\u00e7o com um toque de\u00a0Mist\u00e9rio, Funcionalidade, Design\u00a0e\u00a0Decora\u00e7\u00e3o Seja para o seu\u00a0Escrit\u00f3rio, sala ou jardim, nossa\u00a0Cole\u00e7\u00e3o Secreta\u00a0\u00e9 a escolha perfeita!\u00a0 Feita sob encomenda, com cores e tamanhos exclusivos, ela combina praticidade e estilo. Ideal para esconder pequenos [&hellip;]<\/p>\n","protected":false},"featured_media":2321,"comment_status":"open","ping_status":"closed","template":"","meta":[],"product_brand":[],"product_cat":[25],"product_tag":[],"class_list":{"0":"post-167011","1":"product","2":"type-product","3":"status-publish","4":"has-post-thumbnail","6":"product_cat-home-decor","8":"first","9":"instock","10":"taxable","11":"shipping-taxable","12":"purchasable","13":"product-type-simple"},"yoast_head":"<!-- This site is optimized with the Yoast SEO plugin v25.1 - https:\/\/yoast.com\/wordpress\/plugins\/seo\/ -->\n<title>Caixa Organizadora Citrus Vibes - MyStore - By STLFLIX<\/title>\n<meta name=\"robots\" content=\"index, follow, max-snippet:-1, max-image-preview:large, max-video-preview:-1\" \/>\n<link rel=\"canonical\" href=\"https:\/\/my.stlflix.com\/tr\/product\/citrus-vibes-673f75e1d9ce8\/\" \/>\n<meta property=\"og:locale\" content=\"tr_TR\" \/>\n<meta property=\"og:type\" content=\"article\" \/>\n<meta property=\"og:title\" content=\"Caixa Organizadora Citrus Vibes - MyStore - By STLFLIX\" \/>\n<meta property=\"og:description\" content=\"Caixa Organizadora Citrus Vibes\u00a0 Leia a descri\u00e7\u00e3o completa do an\u00fancio para conhecer todos os detalhes do produto Transforme seu espa\u00e7o com um toque de\u00a0Mist\u00e9rio, Funcionalidade, Design\u00a0e\u00a0Decora\u00e7\u00e3o Seja para o seu\u00a0Escrit\u00f3rio, sala ou jardim, nossa\u00a0Cole\u00e7\u00e3o Secreta\u00a0\u00e9 a escolha perfeita!\u00a0 Feita sob encomenda, com cores e tamanhos exclusivos, ela combina praticidade e estilo. Ideal para esconder pequenos [&hellip;]\" \/>\n<meta property=\"og:url\" content=\"https:\/\/my.stlflix.com\/tr\/product\/citrus-vibes-673f75e1d9ce8\/\" \/>\n<meta property=\"og:site_name\" content=\"MyStore - By STLFLIX\" \/>\n<meta property=\"article:publisher\" content=\"https:\/\/www.facebook.com\/STLFLIX\" \/>\n<meta property=\"article:modified_time\" content=\"2024-12-22T12:31:28+00:00\" \/>\n<meta property=\"og:image\" content=\"https:\/\/my.stlflix.com\/wp-content\/uploads\/2024\/03\/Citrus_Vibes_thumb_b37c3e8939.jpg\" \/>\n\t<meta property=\"og:image:width\" content=\"1080\" \/>\n\t<meta property=\"og:image:height\" content=\"1350\" \/>\n\t<meta property=\"og:image:type\" content=\"image\/jpeg\" \/>\n<meta name=\"twitter:card\" content=\"summary_large_image\" \/>\n<meta name=\"twitter:label1\" content=\"Est. reading time\" \/>\n\t<meta name=\"twitter:data1\" content=\"3 minutes\" \/>\n<script type=\"application\/ld+json\" class=\"yoast-schema-graph\">{\"@context\":\"https:\/\/schema.org\",\"@graph\":[{\"@type\":\"WebPage\",\"@id\":\"https:\/\/my.stlflix.com\/tr\/product\/citrus-vibes-673f75e1d9ce8\/\",\"url\":\"https:\/\/my.stlflix.com\/tr\/product\/citrus-vibes-673f75e1d9ce8\/\",\"name\":\"Caixa Organizadora Citrus Vibes - MyStore - By STLFLIX\",\"isPartOf\":{\"@id\":\"https:\/\/my.stlflix.com\/#website\"},\"primaryImageOfPage\":{\"@id\":\"https:\/\/my.stlflix.com\/tr\/product\/citrus-vibes-673f75e1d9ce8\/#primaryimage\"},\"image\":{\"@id\":\"https:\/\/my.stlflix.com\/tr\/product\/citrus-vibes-673f75e1d9ce8\/#primaryimage\"},\"thumbnailUrl\":\"https:\/\/my.stlflix.com\/wp-content\/uploads\/2024\/03\/Citrus_Vibes_thumb_b37c3e8939.jpg\",\"datePublished\":\"2024-11-27T20:57:41+00:00\",\"dateModified\":\"2024-12-22T12:31:28+00:00\",\"breadcrumb\":{\"@id\":\"https:\/\/my.stlflix.com\/tr\/product\/citrus-vibes-673f75e1d9ce8\/#breadcrumb\"},\"inLanguage\":\"tr-TR\",\"potentialAction\":[{\"@type\":\"ReadAction\",\"target\":[\"https:\/\/my.stlflix.com\/tr\/product\/citrus-vibes-673f75e1d9ce8\/\"]}]},{\"@type\":\"ImageObject\",\"inLanguage\":\"tr-TR\",\"@id\":\"https:\/\/my.stlflix.com\/tr\/product\/citrus-vibes-673f75e1d9ce8\/#primaryimage\",\"url\":\"https:\/\/my.stlflix.com\/wp-content\/uploads\/2024\/03\/Citrus_Vibes_thumb_b37c3e8939.jpg\",\"contentUrl\":\"https:\/\/my.stlflix.com\/wp-content\/uploads\/2024\/03\/Citrus_Vibes_thumb_b37c3e8939.jpg\",\"width\":1080,\"height\":1350},{\"@type\":\"BreadcrumbList\",\"@id\":\"https:\/\/my.stlflix.com\/tr\/product\/citrus-vibes-673f75e1d9ce8\/#breadcrumb\",\"itemListElement\":[{\"@type\":\"ListItem\",\"position\":1,\"name\":\"Home\",\"item\":\"https:\/\/www.stlflix-store.com\/\"},{\"@type\":\"ListItem\",\"position\":2,\"name\":\"Products\",\"item\":\"https:\/\/www.stlflix-store.com\/shop\/\"},{\"@type\":\"ListItem\",\"position\":3,\"name\":\"Caixa Organizadora Citrus Vibes\"}]},{\"@type\":\"WebSite\",\"@id\":\"https:\/\/my.stlflix.com\/#website\",\"url\":\"https:\/\/my.stlflix.com\/\",\"name\":\"MyStore - By STLFLIX\",\"description\":\"\",\"publisher\":{\"@id\":\"https:\/\/my.stlflix.com\/#organization\"},\"potentialAction\":[{\"@type\":\"SearchAction\",\"target\":{\"@type\":\"EntryPoint\",\"urlTemplate\":\"https:\/\/my.stlflix.com\/?s={search_term_string}\"},\"query-input\":{\"@type\":\"PropertyValueSpecification\",\"valueRequired\":true,\"valueName\":\"search_term_string\"}}],\"inLanguage\":\"tr-TR\"},{\"@type\":\"Organization\",\"@id\":\"https:\/\/my.stlflix.com\/#organization\",\"name\":\"MyStore - By STLFLIX\",\"url\":\"https:\/\/my.stlflix.com\/\",\"logo\":{\"@type\":\"ImageObject\",\"inLanguage\":\"tr-TR\",\"@id\":\"https:\/\/my.stlflix.com\/#\/schema\/logo\/image\/\",\"url\":\"https:\/\/my.stlflix.com\/wp-content\/uploads\/2024\/06\/logo-mystore.png\",\"contentUrl\":\"https:\/\/my.stlflix.com\/wp-content\/uploads\/2024\/06\/logo-mystore.png\",\"width\":150,\"height\":41,\"caption\":\"MyStore - By STLFLIX\"},\"image\":{\"@id\":\"https:\/\/my.stlflix.com\/#\/schema\/logo\/image\/\"},\"sameAs\":[\"https:\/\/www.facebook.com\/STLFLIX\",\"https:\/\/www.instagram.com\/stlflix_\/\",\"https:\/\/www.tiktok.com\/@stlflix\"]}]}<\/script>\n<!-- \/ Yoast SEO plugin. -->","yoast_head_json":{"title":"Caixa Organizadora Citrus Vibes - MyStore - By STLFLIX","robots":{"index":"index","follow":"follow","max-snippet":"max-snippet:-1","max-image-preview":"max-image-preview:large","max-video-preview":"max-video-preview:-1"},"canonical":"https:\/\/my.stlflix.com\/tr\/product\/citrus-vibes-673f75e1d9ce8\/","og_locale":"tr_TR","og_type":"article","og_title":"Caixa Organizadora Citrus Vibes - MyStore - By STLFLIX","og_description":"Caixa Organizadora Citrus Vibes\u00a0 Leia a descri\u00e7\u00e3o completa do an\u00fancio para conhecer todos os detalhes do produto Transforme seu espa\u00e7o com um toque de\u00a0Mist\u00e9rio, Funcionalidade, Design\u00a0e\u00a0Decora\u00e7\u00e3o Seja para o seu\u00a0Escrit\u00f3rio, sala ou jardim, nossa\u00a0Cole\u00e7\u00e3o Secreta\u00a0\u00e9 a escolha perfeita!\u00a0 Feita sob encomenda, com cores e tamanhos exclusivos, ela combina praticidade e estilo. Ideal para esconder pequenos [&hellip;]","og_url":"https:\/\/my.stlflix.com\/tr\/product\/citrus-vibes-673f75e1d9ce8\/","og_site_name":"MyStore - By STLFLIX","article_publisher":"https:\/\/www.facebook.com\/STLFLIX","article_modified_time":"2024-12-22T12:31:28+00:00","og_image":[{"width":1080,"height":1350,"url":"https:\/\/my.stlflix.com\/wp-content\/uploads\/2024\/03\/Citrus_Vibes_thumb_b37c3e8939.jpg","type":"image\/jpeg"}],"twitter_card":"summary_large_image","twitter_misc":{"Est. reading time":"3 minutes"},"schema":{"@context":"https:\/\/schema.org","@graph":[{"@type":"WebPage","@id":"https:\/\/my.stlflix.com\/tr\/product\/citrus-vibes-673f75e1d9ce8\/","url":"https:\/\/my.stlflix.com\/tr\/product\/citrus-vibes-673f75e1d9ce8\/","name":"Caixa Organizadora Citrus Vibes - MyStore - By STLFLIX","isPartOf":{"@id":"https:\/\/my.stlflix.com\/#website"},"primaryImageOfPage":{"@id":"https:\/\/my.stlflix.com\/tr\/product\/citrus-vibes-673f75e1d9ce8\/#primaryimage"},"image":{"@id":"https:\/\/my.stlflix.com\/tr\/product\/citrus-vibes-673f75e1d9ce8\/#primaryimage"},"thumbnailUrl":"https:\/\/my.stlflix.com\/wp-content\/uploads\/2024\/03\/Citrus_Vibes_thumb_b37c3e8939.jpg","datePublished":"2024-11-27T20:57:41+00:00","dateModified":"2024-12-22T12:31:28+00:00","breadcrumb":{"@id":"https:\/\/my.stlflix.com\/tr\/product\/citrus-vibes-673f75e1d9ce8\/#breadcrumb"},"inLanguage":"tr-TR","potentialAction":[{"@type":"ReadAction","target":["https:\/\/my.stlflix.com\/tr\/product\/citrus-vibes-673f75e1d9ce8\/"]}]},{"@type":"ImageObject","inLanguage":"tr-TR","@id":"https:\/\/my.stlflix.com\/tr\/product\/citrus-vibes-673f75e1d9ce8\/#primaryimage","url":"https:\/\/my.stlflix.com\/wp-content\/uploads\/2024\/03\/Citrus_Vibes_thumb_b37c3e8939.jpg","contentUrl":"https:\/\/my.stlflix.com\/wp-content\/uploads\/2024\/03\/Citrus_Vibes_thumb_b37c3e8939.jpg","width":1080,"height":1350},{"@type":"BreadcrumbList","@id":"https:\/\/my.stlflix.com\/tr\/product\/citrus-vibes-673f75e1d9ce8\/#breadcrumb","itemListElement":[{"@type":"ListItem","position":1,"name":"Home","item":"https:\/\/www.stlflix-store.com\/"},{"@type":"ListItem","position":2,"name":"Products","item":"https:\/\/www.stlflix-store.com\/shop\/"},{"@type":"ListItem","position":3,"name":"Caixa Organizadora Citrus Vibes"}]},{"@type":"WebSite","@id":"https:\/\/my.stlflix.com\/#website","url":"https:\/\/my.stlflix.com\/","name":"MyStore - By STLFLIX","description":"","publisher":{"@id":"https:\/\/my.stlflix.com\/#organization"},"potentialAction":[{"@type":"SearchAction","target":{"@type":"EntryPoint","urlTemplate":"https:\/\/my.stlflix.com\/?s={search_term_string}"},"query-input":{"@type":"PropertyValueSpecification","valueRequired":true,"valueName":"search_term_string"}}],"inLanguage":"tr-TR"},{"@type":"Organization","@id":"https:\/\/my.stlflix.com\/#organization","name":"MyStore - By STLFLIX","url":"https:\/\/my.stlflix.com\/","logo":{"@type":"ImageObject","inLanguage":"tr-TR","@id":"https:\/\/my.stlflix.com\/#\/schema\/logo\/image\/","url":"https:\/\/my.stlflix.com\/wp-content\/uploads\/2024\/06\/logo-mystore.png","contentUrl":"https:\/\/my.stlflix.com\/wp-content\/uploads\/2024\/06\/logo-mystore.png","width":150,"height":41,"caption":"MyStore - By STLFLIX"},"image":{"@id":"https:\/\/my.stlflix.com\/#\/schema\/logo\/image\/"},"sameAs":["https:\/\/www.facebook.com\/STLFLIX","https:\/\/www.instagram.com\/stlflix_\/","https:\/\/www.tiktok.com\/@stlflix"]}]}},"_links":{"self":[{"href":"https:\/\/my.stlflix.com\/tr\/wp-json\/wp\/v2\/product\/167011","targetHints":{"allow":["GET"]}}],"collection":[{"href":"https:\/\/my.stlflix.com\/tr\/wp-json\/wp\/v2\/product"}],"about":[{"href":"https:\/\/my.stlflix.com\/tr\/wp-json\/wp\/v2\/types\/product"}],"replies":[{"embeddable":true,"href":"https:\/\/my.stlflix.com\/tr\/wp-json\/wp\/v2\/comments?post=167011"}],"wp:featuredmedia":[{"embeddable":true,"href":"https:\/\/my.stlflix.com\/tr\/wp-json\/wp\/v2\/media\/2321"}],"wp:attachment":[{"href":"https:\/\/my.stlflix.com\/tr\/wp-json\/wp\/v2\/media?parent=167011"}],"wp:term":[{"taxonomy":"product_brand","embeddable":true,"href":"https:\/\/my.stlflix.com\/tr\/wp-json\/wp\/v2\/product_brand?post=167011"},{"taxonomy":"product_cat","embeddable":true,"href":"https:\/\/my.stlflix.com\/tr\/wp-json\/wp\/v2\/product_cat?post=167011"},{"taxonomy":"product_tag","embeddable":true,"href":"https:\/\/my.stlflix.com\/tr\/wp-json\/wp\/v2\/product_tag?post=167011"}],"curies":[{"name":"wp","href":"https:\/\/api.w.org\/{rel}","templated":true}]}}