{"id":204710,"date":"2024-12-27T19:15:05","date_gmt":"2024-12-27T19:15:05","guid":{"rendered":"https:\/\/my.stlflix.com\/?post_type=product&#038;p=204710"},"modified":"2025-04-19T19:16:26","modified_gmt":"2025-04-19T19:16:26","slug":"familia-de-elefantes","status":"publish","type":"product","link":"https:\/\/my.stlflix.com\/tr\/product\/familia-de-elefantes\/","title":{"rendered":"Fam\u00edlia de elefantes"},"content":{"rendered":"<p><strong>Fam\u00edlia de elefantes decorativa \u2013 Forma Minimalista<\/strong><\/p>\n<p>Adicione um toque de eleg\u00e2ncia moderna ao seu ambiente com esta fam\u00edlia de elefantes decorativa de forma minimalista. Com 20 cm de altura dos elefantes maiores e 11 cm do elefante menor, \u00e9 perfeito para complementar qualquer estilo de decora\u00e7\u00e3o, trazendo sofistica\u00e7\u00e3o e um charme discreto ao seu espa\u00e7o.<\/p>\n<p><strong>Medidas do elefante maior:<\/strong><\/p>\n<p>Altura: 20 cm<\/p>\n<p>Largura: 8 cm<\/p>\n<p>Comprimento: 18 cm<\/p>\n<p><strong>Material:<\/strong> pl\u00e1stico PLA e tinta acr\u00edlica<\/p>\n<p><strong>Observa\u00e7\u00e3o:<\/strong> As cores podem apresentar varia\u00e7\u00f5es, tornando cada pe\u00e7a exclusiva.<\/p>\n<p>Transforme seu ambiente com esta pe\u00e7a decorativa \u00fanica e cheia de estilo!<\/p>\n","protected":false},"excerpt":{"rendered":"<p>Fam\u00edlia de elefantes decorativa \u2013 Forma Minimalista Adicione um toque de eleg\u00e2ncia moderna ao seu ambiente com esta fam\u00edlia de elefantes decorativa de forma minimalista. Com 20 cm de altura dos elefantes maiores e 11 cm do elefante menor, \u00e9 perfeito para complementar qualquer estilo de decora\u00e7\u00e3o, trazendo sofistica\u00e7\u00e3o e um charme discreto ao seu [&hellip;]<\/p>\n","protected":false},"featured_media":318593,"comment_status":"open","ping_status":"closed","template":"","meta":[],"product_brand":[],"product_cat":[15],"product_tag":[5648,5829],"class_list":{"0":"post-204710","1":"product","2":"type-product","3":"status-publish","4":"has-post-thumbnail","6":"product_cat-uncategorized","7":"product_tag-decorativos","8":"product_tag-promocoes","10":"first","11":"instock","12":"sale","13":"shipping-taxable","14":"purchasable","15":"product-type-simple"},"yoast_head":"<!-- This site is optimized with the Yoast SEO plugin v25.1 - https:\/\/yoast.com\/wordpress\/plugins\/seo\/ -->\n<title>Fam\u00edlia de elefantes - MyStore - By STLFLIX<\/title>\n<meta name=\"robots\" content=\"index, follow, max-snippet:-1, max-image-preview:large, max-video-preview:-1\" \/>\n<link rel=\"canonical\" href=\"https:\/\/www.monitorstlflix.online\/pt-br\/product\/familia-de-elefantes\/\" \/>\n<meta property=\"og:locale\" content=\"tr_TR\" \/>\n<meta property=\"og:type\" content=\"article\" \/>\n<meta property=\"og:title\" content=\"Fam\u00edlia de elefantes - MyStore - By STLFLIX\" \/>\n<meta property=\"og:description\" content=\"Fam\u00edlia de elefantes decorativa \u2013 Forma Minimalista Adicione um toque de eleg\u00e2ncia moderna ao seu ambiente com esta fam\u00edlia de elefantes decorativa de forma minimalista. Com 20 cm de altura dos elefantes maiores e 11 cm do elefante menor, \u00e9 perfeito para complementar qualquer estilo de decora\u00e7\u00e3o, trazendo sofistica\u00e7\u00e3o e um charme discreto ao seu [&hellip;]\" \/>\n<meta property=\"og:url\" content=\"https:\/\/www.monitorstlflix.online\/pt-br\/product\/familia-de-elefantes\/\" \/>\n<meta property=\"og:site_name\" content=\"MyStore - By STLFLIX\" \/>\n<meta property=\"article:publisher\" content=\"https:\/\/www.facebook.com\/STLFLIX\" \/>\n<meta property=\"article:modified_time\" content=\"2025-04-19T19:16:26+00:00\" \/>\n<meta property=\"og:image\" content=\"https:\/\/www.monitorstlflix.online\/wp-content\/uploads\/2025\/04\/familia_elefantes2.jpg\" \/>\n\t<meta property=\"og:image:width\" content=\"1500\" \/>\n\t<meta property=\"og:image:height\" content=\"1500\" \/>\n\t<meta property=\"og:image:type\" content=\"image\/jpeg\" \/>\n<meta name=\"twitter:card\" content=\"summary_large_image\" \/>\n<meta name=\"twitter:label1\" content=\"Est. reading time\" \/>\n\t<meta name=\"twitter:data1\" content=\"1 minute\" \/>\n<script type=\"application\/ld+json\" class=\"yoast-schema-graph\">{\"@context\":\"https:\/\/schema.org\",\"@graph\":[{\"@type\":\"WebPage\",\"@id\":\"https:\/\/www.monitorstlflix.online\/pt-br\/product\/familia-de-elefantes\/\",\"url\":\"https:\/\/www.monitorstlflix.online\/pt-br\/product\/familia-de-elefantes\/\",\"name\":\"Fam\u00edlia de elefantes - MyStore - By STLFLIX\",\"isPartOf\":{\"@id\":\"https:\/\/my.stlflix.com\/tr\/#website\"},\"primaryImageOfPage\":{\"@id\":\"https:\/\/www.monitorstlflix.online\/pt-br\/product\/familia-de-elefantes\/#primaryimage\"},\"image\":{\"@id\":\"https:\/\/www.monitorstlflix.online\/pt-br\/product\/familia-de-elefantes\/#primaryimage\"},\"thumbnailUrl\":\"https:\/\/my.stlflix.com\/wp-content\/uploads\/2025\/04\/familia_elefantes2.jpg\",\"datePublished\":\"2024-12-27T19:15:05+00:00\",\"dateModified\":\"2025-04-19T19:16:26+00:00\",\"breadcrumb\":{\"@id\":\"https:\/\/www.monitorstlflix.online\/pt-br\/product\/familia-de-elefantes\/#breadcrumb\"},\"inLanguage\":\"tr-TR\",\"potentialAction\":[{\"@type\":\"ReadAction\",\"target\":[\"https:\/\/www.monitorstlflix.online\/pt-br\/product\/familia-de-elefantes\/\"]}]},{\"@type\":\"ImageObject\",\"inLanguage\":\"tr-TR\",\"@id\":\"https:\/\/www.monitorstlflix.online\/pt-br\/product\/familia-de-elefantes\/#primaryimage\",\"url\":\"https:\/\/my.stlflix.com\/wp-content\/uploads\/2025\/04\/familia_elefantes2.jpg\",\"contentUrl\":\"https:\/\/my.stlflix.com\/wp-content\/uploads\/2025\/04\/familia_elefantes2.jpg\",\"width\":1500,\"height\":1500},{\"@type\":\"BreadcrumbList\",\"@id\":\"https:\/\/www.monitorstlflix.online\/pt-br\/product\/familia-de-elefantes\/#breadcrumb\",\"itemListElement\":[{\"@type\":\"ListItem\",\"position\":1,\"name\":\"Home\",\"item\":\"https:\/\/my.stlflix.com\/\"},{\"@type\":\"ListItem\",\"position\":2,\"name\":\"Products\",\"item\":\"https:\/\/my.stlflix.com\/fr\/shop\/\"},{\"@type\":\"ListItem\",\"position\":3,\"name\":\"Fam\u00edlia de elefantes\"}]},{\"@type\":\"WebSite\",\"@id\":\"https:\/\/my.stlflix.com\/tr\/#website\",\"url\":\"https:\/\/my.stlflix.com\/tr\/\",\"name\":\"MyStore - By STLFLIX\",\"description\":\"\",\"publisher\":{\"@id\":\"https:\/\/my.stlflix.com\/tr\/#organization\"},\"potentialAction\":[{\"@type\":\"SearchAction\",\"target\":{\"@type\":\"EntryPoint\",\"urlTemplate\":\"https:\/\/my.stlflix.com\/tr\/?s={search_term_string}\"},\"query-input\":{\"@type\":\"PropertyValueSpecification\",\"valueRequired\":true,\"valueName\":\"search_term_string\"}}],\"inLanguage\":\"tr-TR\"},{\"@type\":\"Organization\",\"@id\":\"https:\/\/my.stlflix.com\/tr\/#organization\",\"name\":\"MyStore - By STLFLIX\",\"url\":\"https:\/\/my.stlflix.com\/tr\/\",\"logo\":{\"@type\":\"ImageObject\",\"inLanguage\":\"tr-TR\",\"@id\":\"https:\/\/my.stlflix.com\/tr\/#\/schema\/logo\/image\/\",\"url\":\"https:\/\/my.stlflix.com\/wp-content\/uploads\/2024\/06\/logo-mystore.png\",\"contentUrl\":\"https:\/\/my.stlflix.com\/wp-content\/uploads\/2024\/06\/logo-mystore.png\",\"width\":150,\"height\":41,\"caption\":\"MyStore - By STLFLIX\"},\"image\":{\"@id\":\"https:\/\/my.stlflix.com\/tr\/#\/schema\/logo\/image\/\"},\"sameAs\":[\"https:\/\/www.facebook.com\/STLFLIX\",\"https:\/\/www.instagram.com\/stlflix_\/\",\"https:\/\/www.tiktok.com\/@stlflix\"]}]}<\/script>\n<!-- \/ Yoast SEO plugin. -->","yoast_head_json":{"title":"Fam\u00edlia de elefantes - MyStore - By STLFLIX","robots":{"index":"index","follow":"follow","max-snippet":"max-snippet:-1","max-image-preview":"max-image-preview:large","max-video-preview":"max-video-preview:-1"},"canonical":"https:\/\/www.monitorstlflix.online\/pt-br\/product\/familia-de-elefantes\/","og_locale":"tr_TR","og_type":"article","og_title":"Fam\u00edlia de elefantes - MyStore - By STLFLIX","og_description":"Fam\u00edlia de elefantes decorativa \u2013 Forma Minimalista Adicione um toque de eleg\u00e2ncia moderna ao seu ambiente com esta fam\u00edlia de elefantes decorativa de forma minimalista. Com 20 cm de altura dos elefantes maiores e 11 cm do elefante menor, \u00e9 perfeito para complementar qualquer estilo de decora\u00e7\u00e3o, trazendo sofistica\u00e7\u00e3o e um charme discreto ao seu [&hellip;]","og_url":"https:\/\/www.monitorstlflix.online\/pt-br\/product\/familia-de-elefantes\/","og_site_name":"MyStore - By STLFLIX","article_publisher":"https:\/\/www.facebook.com\/STLFLIX","article_modified_time":"2025-04-19T19:16:26+00:00","og_image":[{"width":1500,"height":1500,"url":"https:\/\/www.monitorstlflix.online\/wp-content\/uploads\/2025\/04\/familia_elefantes2.jpg","type":"image\/jpeg"}],"twitter_card":"summary_large_image","twitter_misc":{"Est. reading time":"1 minute"},"schema":{"@context":"https:\/\/schema.org","@graph":[{"@type":"WebPage","@id":"https:\/\/www.monitorstlflix.online\/pt-br\/product\/familia-de-elefantes\/","url":"https:\/\/www.monitorstlflix.online\/pt-br\/product\/familia-de-elefantes\/","name":"Fam\u00edlia de elefantes - MyStore - By STLFLIX","isPartOf":{"@id":"https:\/\/my.stlflix.com\/tr\/#website"},"primaryImageOfPage":{"@id":"https:\/\/www.monitorstlflix.online\/pt-br\/product\/familia-de-elefantes\/#primaryimage"},"image":{"@id":"https:\/\/www.monitorstlflix.online\/pt-br\/product\/familia-de-elefantes\/#primaryimage"},"thumbnailUrl":"https:\/\/my.stlflix.com\/wp-content\/uploads\/2025\/04\/familia_elefantes2.jpg","datePublished":"2024-12-27T19:15:05+00:00","dateModified":"2025-04-19T19:16:26+00:00","breadcrumb":{"@id":"https:\/\/www.monitorstlflix.online\/pt-br\/product\/familia-de-elefantes\/#breadcrumb"},"inLanguage":"tr-TR","potentialAction":[{"@type":"ReadAction","target":["https:\/\/www.monitorstlflix.online\/pt-br\/product\/familia-de-elefantes\/"]}]},{"@type":"ImageObject","inLanguage":"tr-TR","@id":"https:\/\/www.monitorstlflix.online\/pt-br\/product\/familia-de-elefantes\/#primaryimage","url":"https:\/\/my.stlflix.com\/wp-content\/uploads\/2025\/04\/familia_elefantes2.jpg","contentUrl":"https:\/\/my.stlflix.com\/wp-content\/uploads\/2025\/04\/familia_elefantes2.jpg","width":1500,"height":1500},{"@type":"BreadcrumbList","@id":"https:\/\/www.monitorstlflix.online\/pt-br\/product\/familia-de-elefantes\/#breadcrumb","itemListElement":[{"@type":"ListItem","position":1,"name":"Home","item":"https:\/\/my.stlflix.com\/"},{"@type":"ListItem","position":2,"name":"Products","item":"https:\/\/my.stlflix.com\/fr\/shop\/"},{"@type":"ListItem","position":3,"name":"Fam\u00edlia de elefantes"}]},{"@type":"WebSite","@id":"https:\/\/my.stlflix.com\/tr\/#website","url":"https:\/\/my.stlflix.com\/tr\/","name":"MyStore - By STLFLIX","description":"","publisher":{"@id":"https:\/\/my.stlflix.com\/tr\/#organization"},"potentialAction":[{"@type":"SearchAction","target":{"@type":"EntryPoint","urlTemplate":"https:\/\/my.stlflix.com\/tr\/?s={search_term_string}"},"query-input":{"@type":"PropertyValueSpecification","valueRequired":true,"valueName":"search_term_string"}}],"inLanguage":"tr-TR"},{"@type":"Organization","@id":"https:\/\/my.stlflix.com\/tr\/#organization","name":"MyStore - By STLFLIX","url":"https:\/\/my.stlflix.com\/tr\/","logo":{"@type":"ImageObject","inLanguage":"tr-TR","@id":"https:\/\/my.stlflix.com\/tr\/#\/schema\/logo\/image\/","url":"https:\/\/my.stlflix.com\/wp-content\/uploads\/2024\/06\/logo-mystore.png","contentUrl":"https:\/\/my.stlflix.com\/wp-content\/uploads\/2024\/06\/logo-mystore.png","width":150,"height":41,"caption":"MyStore - By STLFLIX"},"image":{"@id":"https:\/\/my.stlflix.com\/tr\/#\/schema\/logo\/image\/"},"sameAs":["https:\/\/www.facebook.com\/STLFLIX","https:\/\/www.instagram.com\/stlflix_\/","https:\/\/www.tiktok.com\/@stlflix"]}]}},"_links":{"self":[{"href":"https:\/\/my.stlflix.com\/tr\/wp-json\/wp\/v2\/product\/204710","targetHints":{"allow":["GET"]}}],"collection":[{"href":"https:\/\/my.stlflix.com\/tr\/wp-json\/wp\/v2\/product"}],"about":[{"href":"https:\/\/my.stlflix.com\/tr\/wp-json\/wp\/v2\/types\/product"}],"replies":[{"embeddable":true,"href":"https:\/\/my.stlflix.com\/tr\/wp-json\/wp\/v2\/comments?post=204710"}],"wp:featuredmedia":[{"embeddable":true,"href":"https:\/\/my.stlflix.com\/tr\/wp-json\/wp\/v2\/media\/318593"}],"wp:attachment":[{"href":"https:\/\/my.stlflix.com\/tr\/wp-json\/wp\/v2\/media?parent=204710"}],"wp:term":[{"taxonomy":"product_brand","embeddable":true,"href":"https:\/\/my.stlflix.com\/tr\/wp-json\/wp\/v2\/product_brand?post=204710"},{"taxonomy":"product_cat","embeddable":true,"href":"https:\/\/my.stlflix.com\/tr\/wp-json\/wp\/v2\/product_cat?post=204710"},{"taxonomy":"product_tag","embeddable":true,"href":"https:\/\/my.stlflix.com\/tr\/wp-json\/wp\/v2\/product_tag?post=204710"}],"curies":[{"name":"wp","href":"https:\/\/api.w.org\/{rel}","templated":true}]}}