{"id":216141,"date":"2025-01-02T02:55:58","date_gmt":"2025-01-02T02:55:58","guid":{"rendered":"https:\/\/my.stlflix.com\/?post_type=product&#038;p=216141"},"modified":"2025-01-05T05:01:57","modified_gmt":"2025-01-05T05:01:57","slug":"soft-teddy-bear-6775fbf496388","status":"publish","type":"product","link":"https:\/\/my.stlflix.com\/tr\/product\/soft-teddy-bear-6775fbf496388\/","title":{"rendered":"Soft Teddy Bear"},"content":{"rendered":"<p><span style=\"vertical-align: inherit\"><span style=\"vertical-align: inherit\">Presenteie quem vc ama\u2764\ufe0f com esse lindo ursinho\ud83d\udc3b feito em 3D. <\/span><\/span><br \/>\n<span style=\"vertical-align: inherit\"><span style=\"vertical-align: inherit\">Vantagens: N\u00e3o envelhece, n\u00e3o d\u00e1 mofo, n\u00e3o d\u00e1 fungos, n\u00e3o prejudica sua renite, sinusite, ou qualquer &#8220;ite&#8221;, n\u00e3o solta pelos. Pode at\u00e9 durar para sempre se voc\u00ea der muito carinho.\ud83e\udd70 <\/span><\/span><br \/>\n<span style=\"vertical-align: inherit\"><span style=\"vertical-align: inherit\">Medida: Aproximadamente 13cm de altura (modelo original)<\/span><\/span><br \/>\n<span style=\"vertical-align: inherit\"><span style=\"vertical-align: inherit\">Material n\u00e3o t\u00f3xico e biodegrad\u00e1vel.\ud83c\udf31<\/span><\/span><\/p>\n","protected":false},"excerpt":{"rendered":"<p>Presenteie quem vc ama\u2764\ufe0f com esse lindo ursinho\ud83d\udc3b feito em 3D. Vantagens: N\u00e3o envelhece, n\u00e3o d\u00e1 mofo, n\u00e3o d\u00e1 fungos, n\u00e3o prejudica sua renite, sinusite, ou qualquer &#8220;ite&#8221;, n\u00e3o solta pelos. Pode at\u00e9 durar para sempre se voc\u00ea der muito carinho.\ud83e\udd70 Medida: Aproximadamente 13cm de altura (modelo original) Material n\u00e3o t\u00f3xico e biodegrad\u00e1vel.\ud83c\udf31<\/p>\n","protected":false},"featured_media":1710,"comment_status":"open","ping_status":"closed","template":"","meta":[],"product_brand":[],"product_cat":[29],"product_tag":[899],"class_list":{"0":"post-216141","1":"product","2":"type-product","3":"status-publish","4":"has-post-thumbnail","6":"product_cat-toyart","7":"product_tag-presentes","9":"first","10":"instock","11":"taxable","12":"shipping-taxable","13":"purchasable","14":"product-type-simple"},"yoast_head":"<!-- This site is optimized with the Yoast SEO plugin v25.1 - https:\/\/yoast.com\/wordpress\/plugins\/seo\/ -->\n<title>Soft Teddy Bear - MyStore - By STLFLIX<\/title>\n<meta name=\"robots\" content=\"index, follow, max-snippet:-1, max-image-preview:large, max-video-preview:-1\" \/>\n<link rel=\"canonical\" href=\"https:\/\/www.testeminhalojamandela.biz\/product\/soft-teddy-bear-6775fbf496388\/\" \/>\n<meta property=\"og:locale\" content=\"tr_TR\" \/>\n<meta property=\"og:type\" content=\"article\" \/>\n<meta property=\"og:title\" content=\"Soft Teddy Bear - MyStore - By STLFLIX\" \/>\n<meta property=\"og:description\" content=\"Presenteie quem vc ama\u2764\ufe0f com esse lindo ursinho\ud83d\udc3b feito em 3D. Vantagens: N\u00e3o envelhece, n\u00e3o d\u00e1 mofo, n\u00e3o d\u00e1 fungos, n\u00e3o prejudica sua renite, sinusite, ou qualquer &#8220;ite&#8221;, n\u00e3o solta pelos. Pode at\u00e9 durar para sempre se voc\u00ea der muito carinho.\ud83e\udd70 Medida: Aproximadamente 13cm de altura (modelo original) Material n\u00e3o t\u00f3xico e biodegrad\u00e1vel.\ud83c\udf31\" \/>\n<meta property=\"og:url\" content=\"https:\/\/www.testeminhalojamandela.biz\/product\/soft-teddy-bear-6775fbf496388\/\" \/>\n<meta property=\"og:site_name\" content=\"MyStore - By STLFLIX\" \/>\n<meta property=\"article:publisher\" content=\"https:\/\/www.facebook.com\/STLFLIX\" \/>\n<meta property=\"article:modified_time\" content=\"2025-01-05T05:01:57+00:00\" \/>\n<meta property=\"og:image\" content=\"https:\/\/www.testeminhalojamandela.biz\/wp-content\/uploads\/2024\/03\/Soft_Teddy_Bear_thumb_ff10c8671b.jpg\" \/>\n\t<meta property=\"og:image:width\" content=\"1080\" \/>\n\t<meta property=\"og:image:height\" content=\"1350\" \/>\n\t<meta property=\"og:image:type\" content=\"image\/jpeg\" \/>\n<meta name=\"twitter:card\" content=\"summary_large_image\" \/>\n<script type=\"application\/ld+json\" class=\"yoast-schema-graph\">{\"@context\":\"https:\/\/schema.org\",\"@graph\":[{\"@type\":\"WebPage\",\"@id\":\"https:\/\/www.testeminhalojamandela.biz\/product\/soft-teddy-bear-6775fbf496388\/\",\"url\":\"https:\/\/www.testeminhalojamandela.biz\/product\/soft-teddy-bear-6775fbf496388\/\",\"name\":\"Soft Teddy Bear - MyStore - By STLFLIX\",\"isPartOf\":{\"@id\":\"https:\/\/my.stlflix.com\/tr\/#website\"},\"primaryImageOfPage\":{\"@id\":\"https:\/\/www.testeminhalojamandela.biz\/product\/soft-teddy-bear-6775fbf496388\/#primaryimage\"},\"image\":{\"@id\":\"https:\/\/www.testeminhalojamandela.biz\/product\/soft-teddy-bear-6775fbf496388\/#primaryimage\"},\"thumbnailUrl\":\"https:\/\/my.stlflix.com\/wp-content\/uploads\/2024\/03\/Soft_Teddy_Bear_thumb_ff10c8671b.jpg\",\"datePublished\":\"2025-01-02T02:55:58+00:00\",\"dateModified\":\"2025-01-05T05:01:57+00:00\",\"breadcrumb\":{\"@id\":\"https:\/\/www.testeminhalojamandela.biz\/product\/soft-teddy-bear-6775fbf496388\/#breadcrumb\"},\"inLanguage\":\"tr-TR\",\"potentialAction\":[{\"@type\":\"ReadAction\",\"target\":[\"https:\/\/www.testeminhalojamandela.biz\/product\/soft-teddy-bear-6775fbf496388\/\"]}]},{\"@type\":\"ImageObject\",\"inLanguage\":\"tr-TR\",\"@id\":\"https:\/\/www.testeminhalojamandela.biz\/product\/soft-teddy-bear-6775fbf496388\/#primaryimage\",\"url\":\"https:\/\/my.stlflix.com\/wp-content\/uploads\/2024\/03\/Soft_Teddy_Bear_thumb_ff10c8671b.jpg\",\"contentUrl\":\"https:\/\/my.stlflix.com\/wp-content\/uploads\/2024\/03\/Soft_Teddy_Bear_thumb_ff10c8671b.jpg\",\"width\":1080,\"height\":1350},{\"@type\":\"BreadcrumbList\",\"@id\":\"https:\/\/www.testeminhalojamandela.biz\/product\/soft-teddy-bear-6775fbf496388\/#breadcrumb\",\"itemListElement\":[{\"@type\":\"ListItem\",\"position\":1,\"name\":\"Home\",\"item\":\"https:\/\/my.stlflix.com\/\"},{\"@type\":\"ListItem\",\"position\":2,\"name\":\"Products\",\"item\":\"https:\/\/my.stlflix.com\/fr\/shop\/\"},{\"@type\":\"ListItem\",\"position\":3,\"name\":\"Soft Teddy Bear\"}]},{\"@type\":\"WebSite\",\"@id\":\"https:\/\/my.stlflix.com\/tr\/#website\",\"url\":\"https:\/\/my.stlflix.com\/tr\/\",\"name\":\"MyStore - By STLFLIX\",\"description\":\"\",\"publisher\":{\"@id\":\"https:\/\/my.stlflix.com\/tr\/#organization\"},\"potentialAction\":[{\"@type\":\"SearchAction\",\"target\":{\"@type\":\"EntryPoint\",\"urlTemplate\":\"https:\/\/my.stlflix.com\/tr\/?s={search_term_string}\"},\"query-input\":{\"@type\":\"PropertyValueSpecification\",\"valueRequired\":true,\"valueName\":\"search_term_string\"}}],\"inLanguage\":\"tr-TR\"},{\"@type\":\"Organization\",\"@id\":\"https:\/\/my.stlflix.com\/tr\/#organization\",\"name\":\"MyStore - By STLFLIX\",\"url\":\"https:\/\/my.stlflix.com\/tr\/\",\"logo\":{\"@type\":\"ImageObject\",\"inLanguage\":\"tr-TR\",\"@id\":\"https:\/\/my.stlflix.com\/tr\/#\/schema\/logo\/image\/\",\"url\":\"https:\/\/my.stlflix.com\/wp-content\/uploads\/2024\/06\/logo-mystore.png\",\"contentUrl\":\"https:\/\/my.stlflix.com\/wp-content\/uploads\/2024\/06\/logo-mystore.png\",\"width\":150,\"height\":41,\"caption\":\"MyStore - By STLFLIX\"},\"image\":{\"@id\":\"https:\/\/my.stlflix.com\/tr\/#\/schema\/logo\/image\/\"},\"sameAs\":[\"https:\/\/www.facebook.com\/STLFLIX\",\"https:\/\/www.instagram.com\/stlflix_\/\",\"https:\/\/www.tiktok.com\/@stlflix\"]}]}<\/script>\n<!-- \/ Yoast SEO plugin. -->","yoast_head_json":{"title":"Soft Teddy Bear - MyStore - By STLFLIX","robots":{"index":"index","follow":"follow","max-snippet":"max-snippet:-1","max-image-preview":"max-image-preview:large","max-video-preview":"max-video-preview:-1"},"canonical":"https:\/\/www.testeminhalojamandela.biz\/product\/soft-teddy-bear-6775fbf496388\/","og_locale":"tr_TR","og_type":"article","og_title":"Soft Teddy Bear - MyStore - By STLFLIX","og_description":"Presenteie quem vc ama\u2764\ufe0f com esse lindo ursinho\ud83d\udc3b feito em 3D. Vantagens: N\u00e3o envelhece, n\u00e3o d\u00e1 mofo, n\u00e3o d\u00e1 fungos, n\u00e3o prejudica sua renite, sinusite, ou qualquer &#8220;ite&#8221;, n\u00e3o solta pelos. Pode at\u00e9 durar para sempre se voc\u00ea der muito carinho.\ud83e\udd70 Medida: Aproximadamente 13cm de altura (modelo original) Material n\u00e3o t\u00f3xico e biodegrad\u00e1vel.\ud83c\udf31","og_url":"https:\/\/www.testeminhalojamandela.biz\/product\/soft-teddy-bear-6775fbf496388\/","og_site_name":"MyStore - By STLFLIX","article_publisher":"https:\/\/www.facebook.com\/STLFLIX","article_modified_time":"2025-01-05T05:01:57+00:00","og_image":[{"width":1080,"height":1350,"url":"https:\/\/www.testeminhalojamandela.biz\/wp-content\/uploads\/2024\/03\/Soft_Teddy_Bear_thumb_ff10c8671b.jpg","type":"image\/jpeg"}],"twitter_card":"summary_large_image","schema":{"@context":"https:\/\/schema.org","@graph":[{"@type":"WebPage","@id":"https:\/\/www.testeminhalojamandela.biz\/product\/soft-teddy-bear-6775fbf496388\/","url":"https:\/\/www.testeminhalojamandela.biz\/product\/soft-teddy-bear-6775fbf496388\/","name":"Soft Teddy Bear - MyStore - By STLFLIX","isPartOf":{"@id":"https:\/\/my.stlflix.com\/tr\/#website"},"primaryImageOfPage":{"@id":"https:\/\/www.testeminhalojamandela.biz\/product\/soft-teddy-bear-6775fbf496388\/#primaryimage"},"image":{"@id":"https:\/\/www.testeminhalojamandela.biz\/product\/soft-teddy-bear-6775fbf496388\/#primaryimage"},"thumbnailUrl":"https:\/\/my.stlflix.com\/wp-content\/uploads\/2024\/03\/Soft_Teddy_Bear_thumb_ff10c8671b.jpg","datePublished":"2025-01-02T02:55:58+00:00","dateModified":"2025-01-05T05:01:57+00:00","breadcrumb":{"@id":"https:\/\/www.testeminhalojamandela.biz\/product\/soft-teddy-bear-6775fbf496388\/#breadcrumb"},"inLanguage":"tr-TR","potentialAction":[{"@type":"ReadAction","target":["https:\/\/www.testeminhalojamandela.biz\/product\/soft-teddy-bear-6775fbf496388\/"]}]},{"@type":"ImageObject","inLanguage":"tr-TR","@id":"https:\/\/www.testeminhalojamandela.biz\/product\/soft-teddy-bear-6775fbf496388\/#primaryimage","url":"https:\/\/my.stlflix.com\/wp-content\/uploads\/2024\/03\/Soft_Teddy_Bear_thumb_ff10c8671b.jpg","contentUrl":"https:\/\/my.stlflix.com\/wp-content\/uploads\/2024\/03\/Soft_Teddy_Bear_thumb_ff10c8671b.jpg","width":1080,"height":1350},{"@type":"BreadcrumbList","@id":"https:\/\/www.testeminhalojamandela.biz\/product\/soft-teddy-bear-6775fbf496388\/#breadcrumb","itemListElement":[{"@type":"ListItem","position":1,"name":"Home","item":"https:\/\/my.stlflix.com\/"},{"@type":"ListItem","position":2,"name":"Products","item":"https:\/\/my.stlflix.com\/fr\/shop\/"},{"@type":"ListItem","position":3,"name":"Soft Teddy Bear"}]},{"@type":"WebSite","@id":"https:\/\/my.stlflix.com\/tr\/#website","url":"https:\/\/my.stlflix.com\/tr\/","name":"MyStore - By STLFLIX","description":"","publisher":{"@id":"https:\/\/my.stlflix.com\/tr\/#organization"},"potentialAction":[{"@type":"SearchAction","target":{"@type":"EntryPoint","urlTemplate":"https:\/\/my.stlflix.com\/tr\/?s={search_term_string}"},"query-input":{"@type":"PropertyValueSpecification","valueRequired":true,"valueName":"search_term_string"}}],"inLanguage":"tr-TR"},{"@type":"Organization","@id":"https:\/\/my.stlflix.com\/tr\/#organization","name":"MyStore - By STLFLIX","url":"https:\/\/my.stlflix.com\/tr\/","logo":{"@type":"ImageObject","inLanguage":"tr-TR","@id":"https:\/\/my.stlflix.com\/tr\/#\/schema\/logo\/image\/","url":"https:\/\/my.stlflix.com\/wp-content\/uploads\/2024\/06\/logo-mystore.png","contentUrl":"https:\/\/my.stlflix.com\/wp-content\/uploads\/2024\/06\/logo-mystore.png","width":150,"height":41,"caption":"MyStore - By STLFLIX"},"image":{"@id":"https:\/\/my.stlflix.com\/tr\/#\/schema\/logo\/image\/"},"sameAs":["https:\/\/www.facebook.com\/STLFLIX","https:\/\/www.instagram.com\/stlflix_\/","https:\/\/www.tiktok.com\/@stlflix"]}]}},"_links":{"self":[{"href":"https:\/\/my.stlflix.com\/tr\/wp-json\/wp\/v2\/product\/216141","targetHints":{"allow":["GET"]}}],"collection":[{"href":"https:\/\/my.stlflix.com\/tr\/wp-json\/wp\/v2\/product"}],"about":[{"href":"https:\/\/my.stlflix.com\/tr\/wp-json\/wp\/v2\/types\/product"}],"replies":[{"embeddable":true,"href":"https:\/\/my.stlflix.com\/tr\/wp-json\/wp\/v2\/comments?post=216141"}],"wp:featuredmedia":[{"embeddable":true,"href":"https:\/\/my.stlflix.com\/tr\/wp-json\/wp\/v2\/media\/1710"}],"wp:attachment":[{"href":"https:\/\/my.stlflix.com\/tr\/wp-json\/wp\/v2\/media?parent=216141"}],"wp:term":[{"taxonomy":"product_brand","embeddable":true,"href":"https:\/\/my.stlflix.com\/tr\/wp-json\/wp\/v2\/product_brand?post=216141"},{"taxonomy":"product_cat","embeddable":true,"href":"https:\/\/my.stlflix.com\/tr\/wp-json\/wp\/v2\/product_cat?post=216141"},{"taxonomy":"product_tag","embeddable":true,"href":"https:\/\/my.stlflix.com\/tr\/wp-json\/wp\/v2\/product_tag?post=216141"}],"curies":[{"name":"wp","href":"https:\/\/api.w.org\/{rel}","templated":true}]}}