{"id":226845,"date":"2025-01-16T11:19:54","date_gmt":"2025-01-16T11:19:54","guid":{"rendered":"https:\/\/my.stlflix.com\/?post_type=product&#038;p=226845"},"modified":"2025-05-09T18:16:07","modified_gmt":"2025-05-09T18:16:07","slug":"twist-5","status":"publish","type":"product","link":"https:\/\/my.stlflix.com\/tr\/product\/twist-5\/","title":{"rendered":"Twist"},"content":{"rendered":"<p><span style=\"vertical-align: inherit\"><span style=\"vertical-align: inherit\"><span style=\"vertical-align: inherit\"><span style=\"vertical-align: inherit\">Ajoutez une touche d&#8217;originalit\u00e9 \u00e0 votre bureau, coiffeuse ou salle de bain avec ce pot \u00e0 crayons en forme de spirale ! Son design unique et ludique permet de ranger facilement vos crayons, pinceaux ou tout autre accessoire dont vous avez besoin. Pratique et esth\u00e9tique, ce pot \u00e0 crayons apporte une dose de fantaisie \u00e0 votre espace tout en gardant tout \u00e0 port\u00e9e de main.<\/span><\/span><\/span><\/span><\/p>\n<p><span style=\"vertical-align: inherit\"><span style=\"vertical-align: inherit\"><span style=\"vertical-align: inherit\"><span style=\"vertical-align: inherit\"><span style=\"vertical-align: inherit\"><span style=\"vertical-align: inherit\"><span style=\"vertical-align: inherit\"><span style=\"vertical-align: inherit\"><span style=\"vertical-align: inherit\"><span style=\"vertical-align: inherit\"><span style=\"vertical-align: inherit\"><span style=\"vertical-align: inherit\"><span style=\"vertical-align: inherit\"><span style=\"vertical-align: inherit\"><span style=\"vertical-align: inherit\"><span style=\"vertical-align: inherit\"><span style=\"vertical-align: inherit\"><span style=\"vertical-align: inherit\"><span style=\"vertical-align: inherit\"><span style=\"vertical-align: inherit\"><span style=\"vertical-align: inherit\"><span style=\"vertical-align: inherit\"><span style=\"vertical-align: inherit\"><span style=\"vertical-align: inherit\">Ce mod\u00e8le est imprim\u00e9 avec un filament bicolore qui alterne entre des reflets grenat et noir.\u00a0<\/span><\/span><\/span><\/span><\/span><\/span><\/span><\/span><\/span><\/span><\/span><\/span><\/span><\/span><\/span><\/span><\/span><\/span><\/span><\/span><\/span><\/span><\/span><\/span><\/p>\n<p><em><span style=\"vertical-align: inherit\"><span style=\"vertical-align: inherit\"><span style=\"vertical-align: inherit\"><span style=\"vertical-align: inherit\">Les deux derni\u00e8res photos sont un exemple d&#8217;utilisation et ne repr\u00e9sentent pas la couleur de l&#8217;objet.<\/span><\/span><\/span><\/span><\/em><\/p>\n<p><span style=\"vertical-align: inherit\"><span style=\"vertical-align: inherit\"><span style=\"vertical-align: inherit\"><span style=\"vertical-align: inherit\"><span style=\"vertical-align: inherit\"><span style=\"vertical-align: inherit\"><span style=\"vertical-align: inherit\"><span style=\"vertical-align: inherit\"><span style=\"vertical-align: inherit\"><span style=\"vertical-align: inherit\"><span style=\"vertical-align: inherit\"><span style=\"vertical-align: inherit\"><span style=\"vertical-align: inherit\"><span style=\"vertical-align: inherit\"><span style=\"vertical-align: inherit\"><span style=\"vertical-align: inherit\"><span style=\"vertical-align: inherit\"><span style=\"vertical-align: inherit\"><span style=\"vertical-align: inherit\"><span style=\"vertical-align: inherit\"><span style=\"vertical-align: inherit\"><span style=\"vertical-align: inherit\"><span style=\"vertical-align: inherit\"><span style=\"vertical-align: inherit\"><span style=\"vertical-align: inherit\">Cet objet est imprim\u00e9 en 3D avec du PLA (acide polylactique), un mat\u00e9riau biod\u00e9gradable, durable et respectueux de l&#8217;environnement. Le PLA est compos\u00e9 d&#8217;amidon de ma\u00efs, de canne \u00e0 sucre ou d&#8217;autres ressources renouvelables, et ne contient pas de p\u00e9trole : l\u00e9ger, r\u00e9sistant et non toxique c&#8217;est une alternative \u00e9cologique aux plastiques traditionnels.<\/span><\/span><\/span><\/span><\/span><\/span><\/span><\/span><\/span><\/span><\/span><\/span><\/span><\/span><\/span><\/span><\/span><\/span><\/span><\/span><\/span><\/span><\/span><\/span><\/span><\/p>\n","protected":false},"excerpt":{"rendered":"<p>Ajoutez une touche d&#8217;originalit\u00e9 \u00e0 votre bureau, coiffeuse ou salle de bain avec ce pot \u00e0 crayons en forme de spirale ! Son design unique et ludique permet de ranger facilement vos crayons, pinceaux ou tout autre accessoire dont vous avez besoin. Pratique et esth\u00e9tique, ce pot \u00e0 crayons apporte une dose de fantaisie \u00e0 [&hellip;]<\/p>\n","protected":false},"featured_media":226856,"comment_status":"open","ping_status":"closed","template":"","meta":[],"product_brand":[],"product_cat":[15],"product_tag":[4829],"class_list":{"0":"post-226845","1":"product","2":"type-product","3":"status-publish","4":"has-post-thumbnail","6":"product_cat-uncategorized","7":"product_tag-quotidien","9":"first","10":"instock","11":"shipping-taxable","12":"purchasable","13":"product-type-simple"},"yoast_head":"<!-- This site is optimized with the Yoast SEO plugin v25.1 - https:\/\/yoast.com\/wordpress\/plugins\/seo\/ -->\n<title>Twist - MyStore - By STLFLIX<\/title>\n<meta name=\"robots\" content=\"index, follow, max-snippet:-1, max-image-preview:large, max-video-preview:-1\" \/>\n<link rel=\"canonical\" href=\"https:\/\/www.monitorstlflix.online\/product\/twist-5\/\" \/>\n<meta property=\"og:locale\" content=\"tr_TR\" \/>\n<meta property=\"og:type\" content=\"article\" \/>\n<meta property=\"og:title\" content=\"Twist - MyStore - By STLFLIX\" \/>\n<meta property=\"og:description\" content=\"Ajoutez une touche d&#8217;originalit\u00e9 \u00e0 votre bureau, coiffeuse ou salle de bain avec ce pot \u00e0 crayons en forme de spirale ! Son design unique et ludique permet de ranger facilement vos crayons, pinceaux ou tout autre accessoire dont vous avez besoin. Pratique et esth\u00e9tique, ce pot \u00e0 crayons apporte une dose de fantaisie \u00e0 [&hellip;]\" \/>\n<meta property=\"og:url\" content=\"https:\/\/www.monitorstlflix.online\/product\/twist-5\/\" \/>\n<meta property=\"og:site_name\" content=\"MyStore - By STLFLIX\" \/>\n<meta property=\"article:publisher\" content=\"https:\/\/www.facebook.com\/STLFLIX\" \/>\n<meta property=\"article:modified_time\" content=\"2025-05-09T18:16:07+00:00\" \/>\n<meta property=\"og:image\" content=\"https:\/\/www.monitorstlflix.online\/wp-content\/uploads\/2025\/01\/473014227_960183678861470_2113949369556311179_n.jpg\" \/>\n\t<meta property=\"og:image:width\" content=\"942\" \/>\n\t<meta property=\"og:image:height\" content=\"1178\" \/>\n\t<meta property=\"og:image:type\" content=\"image\/jpeg\" \/>\n<meta name=\"twitter:card\" content=\"summary_large_image\" \/>\n<meta name=\"twitter:label1\" content=\"Est. reading time\" \/>\n\t<meta name=\"twitter:data1\" content=\"1 minute\" \/>\n<script type=\"application\/ld+json\" class=\"yoast-schema-graph\">{\"@context\":\"https:\/\/schema.org\",\"@graph\":[{\"@type\":\"WebPage\",\"@id\":\"https:\/\/www.monitorstlflix.online\/product\/twist-5\/\",\"url\":\"https:\/\/www.monitorstlflix.online\/product\/twist-5\/\",\"name\":\"Twist - MyStore - By STLFLIX\",\"isPartOf\":{\"@id\":\"https:\/\/www.monitorstlflix.com\/#website\"},\"primaryImageOfPage\":{\"@id\":\"https:\/\/www.monitorstlflix.online\/product\/twist-5\/#primaryimage\"},\"image\":{\"@id\":\"https:\/\/www.monitorstlflix.online\/product\/twist-5\/#primaryimage\"},\"thumbnailUrl\":\"https:\/\/my.stlflix.com\/wp-content\/uploads\/2025\/01\/473014227_960183678861470_2113949369556311179_n.jpg\",\"datePublished\":\"2025-01-16T11:19:54+00:00\",\"dateModified\":\"2025-05-09T18:16:07+00:00\",\"breadcrumb\":{\"@id\":\"https:\/\/www.monitorstlflix.online\/product\/twist-5\/#breadcrumb\"},\"inLanguage\":\"tr-TR\",\"potentialAction\":[{\"@type\":\"ReadAction\",\"target\":[\"https:\/\/www.monitorstlflix.online\/product\/twist-5\/\"]}]},{\"@type\":\"ImageObject\",\"inLanguage\":\"tr-TR\",\"@id\":\"https:\/\/www.monitorstlflix.online\/product\/twist-5\/#primaryimage\",\"url\":\"https:\/\/my.stlflix.com\/wp-content\/uploads\/2025\/01\/473014227_960183678861470_2113949369556311179_n.jpg\",\"contentUrl\":\"https:\/\/my.stlflix.com\/wp-content\/uploads\/2025\/01\/473014227_960183678861470_2113949369556311179_n.jpg\",\"width\":942,\"height\":1178},{\"@type\":\"BreadcrumbList\",\"@id\":\"https:\/\/www.monitorstlflix.online\/product\/twist-5\/#breadcrumb\",\"itemListElement\":[{\"@type\":\"ListItem\",\"position\":1,\"name\":\"Home\",\"item\":\"https:\/\/www.monitorstlflix.online\/\"},{\"@type\":\"ListItem\",\"position\":2,\"name\":\"Products\",\"item\":\"https:\/\/www.testeminhalojamandela.biz\/shop\/\"},{\"@type\":\"ListItem\",\"position\":3,\"name\":\"Twist\"}]},{\"@type\":\"WebSite\",\"@id\":\"https:\/\/www.monitorstlflix.com\/#website\",\"url\":\"https:\/\/www.monitorstlflix.com\/\",\"name\":\"MyStore - By STLFLIX\",\"description\":\"\",\"publisher\":{\"@id\":\"https:\/\/www.monitorstlflix.com\/#organization\"},\"potentialAction\":[{\"@type\":\"SearchAction\",\"target\":{\"@type\":\"EntryPoint\",\"urlTemplate\":\"https:\/\/www.monitorstlflix.com\/?s={search_term_string}\"},\"query-input\":{\"@type\":\"PropertyValueSpecification\",\"valueRequired\":true,\"valueName\":\"search_term_string\"}}],\"inLanguage\":\"tr-TR\"},{\"@type\":\"Organization\",\"@id\":\"https:\/\/www.monitorstlflix.com\/#organization\",\"name\":\"MyStore - By STLFLIX\",\"url\":\"https:\/\/www.monitorstlflix.com\/\",\"logo\":{\"@type\":\"ImageObject\",\"inLanguage\":\"tr-TR\",\"@id\":\"https:\/\/www.monitorstlflix.com\/#\/schema\/logo\/image\/\",\"url\":\"https:\/\/my.stlflix.com\/wp-content\/uploads\/2024\/06\/logo-mystore.png\",\"contentUrl\":\"https:\/\/my.stlflix.com\/wp-content\/uploads\/2024\/06\/logo-mystore.png\",\"width\":150,\"height\":41,\"caption\":\"MyStore - By STLFLIX\"},\"image\":{\"@id\":\"https:\/\/www.monitorstlflix.com\/#\/schema\/logo\/image\/\"},\"sameAs\":[\"https:\/\/www.facebook.com\/STLFLIX\",\"https:\/\/www.instagram.com\/stlflix_\/\",\"https:\/\/www.tiktok.com\/@stlflix\"]}]}<\/script>\n<!-- \/ Yoast SEO plugin. -->","yoast_head_json":{"title":"Twist - MyStore - By STLFLIX","robots":{"index":"index","follow":"follow","max-snippet":"max-snippet:-1","max-image-preview":"max-image-preview:large","max-video-preview":"max-video-preview:-1"},"canonical":"https:\/\/www.monitorstlflix.online\/product\/twist-5\/","og_locale":"tr_TR","og_type":"article","og_title":"Twist - MyStore - By STLFLIX","og_description":"Ajoutez une touche d&#8217;originalit\u00e9 \u00e0 votre bureau, coiffeuse ou salle de bain avec ce pot \u00e0 crayons en forme de spirale ! Son design unique et ludique permet de ranger facilement vos crayons, pinceaux ou tout autre accessoire dont vous avez besoin. Pratique et esth\u00e9tique, ce pot \u00e0 crayons apporte une dose de fantaisie \u00e0 [&hellip;]","og_url":"https:\/\/www.monitorstlflix.online\/product\/twist-5\/","og_site_name":"MyStore - By STLFLIX","article_publisher":"https:\/\/www.facebook.com\/STLFLIX","article_modified_time":"2025-05-09T18:16:07+00:00","og_image":[{"width":942,"height":1178,"url":"https:\/\/www.monitorstlflix.online\/wp-content\/uploads\/2025\/01\/473014227_960183678861470_2113949369556311179_n.jpg","type":"image\/jpeg"}],"twitter_card":"summary_large_image","twitter_misc":{"Est. reading time":"1 minute"},"schema":{"@context":"https:\/\/schema.org","@graph":[{"@type":"WebPage","@id":"https:\/\/www.monitorstlflix.online\/product\/twist-5\/","url":"https:\/\/www.monitorstlflix.online\/product\/twist-5\/","name":"Twist - MyStore - By STLFLIX","isPartOf":{"@id":"https:\/\/www.monitorstlflix.com\/#website"},"primaryImageOfPage":{"@id":"https:\/\/www.monitorstlflix.online\/product\/twist-5\/#primaryimage"},"image":{"@id":"https:\/\/www.monitorstlflix.online\/product\/twist-5\/#primaryimage"},"thumbnailUrl":"https:\/\/my.stlflix.com\/wp-content\/uploads\/2025\/01\/473014227_960183678861470_2113949369556311179_n.jpg","datePublished":"2025-01-16T11:19:54+00:00","dateModified":"2025-05-09T18:16:07+00:00","breadcrumb":{"@id":"https:\/\/www.monitorstlflix.online\/product\/twist-5\/#breadcrumb"},"inLanguage":"tr-TR","potentialAction":[{"@type":"ReadAction","target":["https:\/\/www.monitorstlflix.online\/product\/twist-5\/"]}]},{"@type":"ImageObject","inLanguage":"tr-TR","@id":"https:\/\/www.monitorstlflix.online\/product\/twist-5\/#primaryimage","url":"https:\/\/my.stlflix.com\/wp-content\/uploads\/2025\/01\/473014227_960183678861470_2113949369556311179_n.jpg","contentUrl":"https:\/\/my.stlflix.com\/wp-content\/uploads\/2025\/01\/473014227_960183678861470_2113949369556311179_n.jpg","width":942,"height":1178},{"@type":"BreadcrumbList","@id":"https:\/\/www.monitorstlflix.online\/product\/twist-5\/#breadcrumb","itemListElement":[{"@type":"ListItem","position":1,"name":"Home","item":"https:\/\/www.monitorstlflix.online\/"},{"@type":"ListItem","position":2,"name":"Products","item":"https:\/\/www.testeminhalojamandela.biz\/shop\/"},{"@type":"ListItem","position":3,"name":"Twist"}]},{"@type":"WebSite","@id":"https:\/\/www.monitorstlflix.com\/#website","url":"https:\/\/www.monitorstlflix.com\/","name":"MyStore - By STLFLIX","description":"","publisher":{"@id":"https:\/\/www.monitorstlflix.com\/#organization"},"potentialAction":[{"@type":"SearchAction","target":{"@type":"EntryPoint","urlTemplate":"https:\/\/www.monitorstlflix.com\/?s={search_term_string}"},"query-input":{"@type":"PropertyValueSpecification","valueRequired":true,"valueName":"search_term_string"}}],"inLanguage":"tr-TR"},{"@type":"Organization","@id":"https:\/\/www.monitorstlflix.com\/#organization","name":"MyStore - By STLFLIX","url":"https:\/\/www.monitorstlflix.com\/","logo":{"@type":"ImageObject","inLanguage":"tr-TR","@id":"https:\/\/www.monitorstlflix.com\/#\/schema\/logo\/image\/","url":"https:\/\/my.stlflix.com\/wp-content\/uploads\/2024\/06\/logo-mystore.png","contentUrl":"https:\/\/my.stlflix.com\/wp-content\/uploads\/2024\/06\/logo-mystore.png","width":150,"height":41,"caption":"MyStore - By STLFLIX"},"image":{"@id":"https:\/\/www.monitorstlflix.com\/#\/schema\/logo\/image\/"},"sameAs":["https:\/\/www.facebook.com\/STLFLIX","https:\/\/www.instagram.com\/stlflix_\/","https:\/\/www.tiktok.com\/@stlflix"]}]}},"_links":{"self":[{"href":"https:\/\/my.stlflix.com\/tr\/wp-json\/wp\/v2\/product\/226845","targetHints":{"allow":["GET"]}}],"collection":[{"href":"https:\/\/my.stlflix.com\/tr\/wp-json\/wp\/v2\/product"}],"about":[{"href":"https:\/\/my.stlflix.com\/tr\/wp-json\/wp\/v2\/types\/product"}],"replies":[{"embeddable":true,"href":"https:\/\/my.stlflix.com\/tr\/wp-json\/wp\/v2\/comments?post=226845"}],"wp:featuredmedia":[{"embeddable":true,"href":"https:\/\/my.stlflix.com\/tr\/wp-json\/wp\/v2\/media\/226856"}],"wp:attachment":[{"href":"https:\/\/my.stlflix.com\/tr\/wp-json\/wp\/v2\/media?parent=226845"}],"wp:term":[{"taxonomy":"product_brand","embeddable":true,"href":"https:\/\/my.stlflix.com\/tr\/wp-json\/wp\/v2\/product_brand?post=226845"},{"taxonomy":"product_cat","embeddable":true,"href":"https:\/\/my.stlflix.com\/tr\/wp-json\/wp\/v2\/product_cat?post=226845"},{"taxonomy":"product_tag","embeddable":true,"href":"https:\/\/my.stlflix.com\/tr\/wp-json\/wp\/v2\/product_tag?post=226845"}],"curies":[{"name":"wp","href":"https:\/\/api.w.org\/{rel}","templated":true}]}}