{"id":240963,"date":"2025-01-27T18:03:48","date_gmt":"2025-01-27T18:03:48","guid":{"rendered":"https:\/\/my.stlflix.com\/?post_type=product&#038;p=240963"},"modified":"2025-02-10T15:24:47","modified_gmt":"2025-02-10T15:24:47","slug":"15-liter-humpen-karaffe","status":"publish","type":"product","link":"https:\/\/my.stlflix.com\/tr\/product\/15-liter-humpen-karaffe\/","title":{"rendered":"1,5 Liter Humpen, Karaffe"},"content":{"rendered":"<p>Entdecken Sie den elegant gro\u00dfen 1,5 Liter Karaffenhumpen, ein wahres Meisterwerk der Handwerkskunst, das jede Festlichkeit in ein ganz besonderes Erlebnis verwandelt. Mit seinem geschwungenen Design vereint dieser Humpen edle Eleganz und praktische Funktionalit\u00e4t \u2013 ideal f\u00fcr LARP-Events, mittelalterliche Feiern oder stilvolle Partys.<\/p>\n<p>Nachhaltig hergestellt aus unbehandeltem Palettenholz, besticht dieser Humpen durch seine warme, rotbraune Beizung in Mahagoni. Die Oberfl\u00e4che ist innen mit einem alkoholbest\u00e4ndigen Kunstharzlack versiegelt, der nicht nur f\u00fcr eine langlebige Nutzung sorgt, sondern auch eine m\u00fchelose Reinigung erm\u00f6glicht.<\/p>\n<p>Jeder Humpen ist in liebevoller Handarbeit gefertigt, was jedes St\u00fcck zu einem Unikat macht. Ob als beeindruckendes Dekorationsobjekt oder als funktionales Trinkgef\u00e4\u00df \u2013 dieser Karaffenhumpen zieht alle Blicke auf sich und verleiht Ihrer festlichen Tafel einen Hauch von mittelalterlichem Flair.<\/p>\n<p>G\u00f6nnen Sie sich diesen besonderen Humpen und machen Sie Ihre n\u00e4chste Veranstaltung unvergesslich.<\/p>\n","protected":false},"excerpt":{"rendered":"<p>Entdecken Sie den elegant gro\u00dfen 1,5 Liter Karaffenhumpen, ein wahres Meisterwerk der Handwerkskunst, das jede Festlichkeit in ein ganz besonderes Erlebnis verwandelt. Mit seinem geschwungenen Design vereint dieser Humpen edle Eleganz und praktische Funktionalit\u00e4t \u2013 ideal f\u00fcr LARP-Events, mittelalterliche Feiern oder stilvolle Partys. Nachhaltig hergestellt aus unbehandeltem Palettenholz, besticht dieser Humpen durch seine warme, rotbraune [&hellip;]<\/p>\n","protected":false},"featured_media":255911,"comment_status":"open","ping_status":"closed","template":"","meta":[],"product_brand":[],"product_cat":[15],"product_tag":[5141,5004,4828],"class_list":{"0":"post-240963","1":"product","2":"type-product","3":"status-publish","4":"has-post-thumbnail","6":"product_cat-uncategorized","7":"product_tag-bhk","8":"product_tag-holzarbeiten","9":"product_tag-humpen","11":"first","12":"instock","13":"taxable","14":"shipping-taxable","15":"purchasable","16":"product-type-simple"},"yoast_head":"<!-- This site is optimized with the Yoast SEO plugin v25.1 - https:\/\/yoast.com\/wordpress\/plugins\/seo\/ -->\n<title>1,5 Liter Humpen, Karaffe<\/title>\n<meta name=\"description\" content=\"Eleganter Humpen mit viel Volumen, LARP, Mittelalter\" \/>\n<meta name=\"robots\" content=\"index, follow, max-snippet:-1, max-image-preview:large, max-video-preview:-1\" \/>\n<link rel=\"canonical\" href=\"https:\/\/my.stlflix.com\/product\/15-liter-humpen-karaffe\/\" \/>\n<meta property=\"og:locale\" content=\"tr_TR\" \/>\n<meta property=\"og:type\" content=\"article\" \/>\n<meta property=\"og:title\" content=\"1,5 Liter Humpen, Karaffe\" \/>\n<meta property=\"og:description\" content=\"Eleganter Humpen mit viel Volumen, LARP, Mittelalter\" \/>\n<meta property=\"og:url\" content=\"https:\/\/my.stlflix.com\/product\/15-liter-humpen-karaffe\/\" \/>\n<meta property=\"og:site_name\" content=\"MyStore - By STLFLIX\" \/>\n<meta property=\"article:publisher\" content=\"https:\/\/www.facebook.com\/STLFLIX\" \/>\n<meta property=\"article:modified_time\" content=\"2025-02-10T15:24:47+00:00\" \/>\n<meta property=\"og:image\" content=\"https:\/\/my.stlflix.com\/wp-content\/uploads\/2025\/02\/IMG_20250113_150759196.jpg\" \/>\n\t<meta property=\"og:image:width\" content=\"810\" \/>\n\t<meta property=\"og:image:height\" content=\"1080\" \/>\n\t<meta property=\"og:image:type\" content=\"image\/jpeg\" \/>\n<meta name=\"twitter:card\" content=\"summary_large_image\" \/>\n<meta name=\"twitter:label1\" content=\"Est. reading time\" \/>\n\t<meta name=\"twitter:data1\" content=\"1 minute\" \/>\n<script type=\"application\/ld+json\" class=\"yoast-schema-graph\">{\"@context\":\"https:\/\/schema.org\",\"@graph\":[{\"@type\":\"WebPage\",\"@id\":\"https:\/\/my.stlflix.com\/product\/15-liter-humpen-karaffe\/\",\"url\":\"https:\/\/my.stlflix.com\/product\/15-liter-humpen-karaffe\/\",\"name\":\"1,5 Liter Humpen, Karaffe\",\"isPartOf\":{\"@id\":\"https:\/\/www.monitorstlflix.com\/#website\"},\"primaryImageOfPage\":{\"@id\":\"https:\/\/my.stlflix.com\/product\/15-liter-humpen-karaffe\/#primaryimage\"},\"image\":{\"@id\":\"https:\/\/my.stlflix.com\/product\/15-liter-humpen-karaffe\/#primaryimage\"},\"thumbnailUrl\":\"https:\/\/my.stlflix.com\/wp-content\/uploads\/2025\/02\/IMG_20250113_150759196.jpg\",\"datePublished\":\"2025-01-27T18:03:48+00:00\",\"dateModified\":\"2025-02-10T15:24:47+00:00\",\"description\":\"Eleganter Humpen mit viel Volumen, LARP, Mittelalter\",\"breadcrumb\":{\"@id\":\"https:\/\/my.stlflix.com\/product\/15-liter-humpen-karaffe\/#breadcrumb\"},\"inLanguage\":\"tr-TR\",\"potentialAction\":[{\"@type\":\"ReadAction\",\"target\":[\"https:\/\/my.stlflix.com\/product\/15-liter-humpen-karaffe\/\"]}]},{\"@type\":\"ImageObject\",\"inLanguage\":\"tr-TR\",\"@id\":\"https:\/\/my.stlflix.com\/product\/15-liter-humpen-karaffe\/#primaryimage\",\"url\":\"https:\/\/my.stlflix.com\/wp-content\/uploads\/2025\/02\/IMG_20250113_150759196.jpg\",\"contentUrl\":\"https:\/\/my.stlflix.com\/wp-content\/uploads\/2025\/02\/IMG_20250113_150759196.jpg\",\"width\":810,\"height\":1080},{\"@type\":\"BreadcrumbList\",\"@id\":\"https:\/\/my.stlflix.com\/product\/15-liter-humpen-karaffe\/#breadcrumb\",\"itemListElement\":[{\"@type\":\"ListItem\",\"position\":1,\"name\":\"Home\",\"item\":\"https:\/\/www.monitorstlflix.online\/\"},{\"@type\":\"ListItem\",\"position\":2,\"name\":\"Products\",\"item\":\"https:\/\/www.testeminhalojamandela.biz\/shop\/\"},{\"@type\":\"ListItem\",\"position\":3,\"name\":\"1,5 Liter Humpen, Karaffe\"}]},{\"@type\":\"WebSite\",\"@id\":\"https:\/\/www.monitorstlflix.com\/#website\",\"url\":\"https:\/\/www.monitorstlflix.com\/\",\"name\":\"MyStore - By STLFLIX\",\"description\":\"\",\"publisher\":{\"@id\":\"https:\/\/www.monitorstlflix.com\/#organization\"},\"potentialAction\":[{\"@type\":\"SearchAction\",\"target\":{\"@type\":\"EntryPoint\",\"urlTemplate\":\"https:\/\/www.monitorstlflix.com\/?s={search_term_string}\"},\"query-input\":{\"@type\":\"PropertyValueSpecification\",\"valueRequired\":true,\"valueName\":\"search_term_string\"}}],\"inLanguage\":\"tr-TR\"},{\"@type\":\"Organization\",\"@id\":\"https:\/\/www.monitorstlflix.com\/#organization\",\"name\":\"MyStore - By STLFLIX\",\"url\":\"https:\/\/www.monitorstlflix.com\/\",\"logo\":{\"@type\":\"ImageObject\",\"inLanguage\":\"tr-TR\",\"@id\":\"https:\/\/www.monitorstlflix.com\/#\/schema\/logo\/image\/\",\"url\":\"https:\/\/my.stlflix.com\/wp-content\/uploads\/2024\/06\/logo-mystore.png\",\"contentUrl\":\"https:\/\/my.stlflix.com\/wp-content\/uploads\/2024\/06\/logo-mystore.png\",\"width\":150,\"height\":41,\"caption\":\"MyStore - By STLFLIX\"},\"image\":{\"@id\":\"https:\/\/www.monitorstlflix.com\/#\/schema\/logo\/image\/\"},\"sameAs\":[\"https:\/\/www.facebook.com\/STLFLIX\",\"https:\/\/www.instagram.com\/stlflix_\/\",\"https:\/\/www.tiktok.com\/@stlflix\"]}]}<\/script>\n<!-- \/ Yoast SEO plugin. -->","yoast_head_json":{"title":"1,5 Liter Humpen, Karaffe","description":"Eleganter Humpen mit viel Volumen, LARP, Mittelalter","robots":{"index":"index","follow":"follow","max-snippet":"max-snippet:-1","max-image-preview":"max-image-preview:large","max-video-preview":"max-video-preview:-1"},"canonical":"https:\/\/my.stlflix.com\/product\/15-liter-humpen-karaffe\/","og_locale":"tr_TR","og_type":"article","og_title":"1,5 Liter Humpen, Karaffe","og_description":"Eleganter Humpen mit viel Volumen, LARP, Mittelalter","og_url":"https:\/\/my.stlflix.com\/product\/15-liter-humpen-karaffe\/","og_site_name":"MyStore - By STLFLIX","article_publisher":"https:\/\/www.facebook.com\/STLFLIX","article_modified_time":"2025-02-10T15:24:47+00:00","og_image":[{"width":810,"height":1080,"url":"https:\/\/my.stlflix.com\/wp-content\/uploads\/2025\/02\/IMG_20250113_150759196.jpg","type":"image\/jpeg"}],"twitter_card":"summary_large_image","twitter_misc":{"Est. reading time":"1 minute"},"schema":{"@context":"https:\/\/schema.org","@graph":[{"@type":"WebPage","@id":"https:\/\/my.stlflix.com\/product\/15-liter-humpen-karaffe\/","url":"https:\/\/my.stlflix.com\/product\/15-liter-humpen-karaffe\/","name":"1,5 Liter Humpen, Karaffe","isPartOf":{"@id":"https:\/\/www.monitorstlflix.com\/#website"},"primaryImageOfPage":{"@id":"https:\/\/my.stlflix.com\/product\/15-liter-humpen-karaffe\/#primaryimage"},"image":{"@id":"https:\/\/my.stlflix.com\/product\/15-liter-humpen-karaffe\/#primaryimage"},"thumbnailUrl":"https:\/\/my.stlflix.com\/wp-content\/uploads\/2025\/02\/IMG_20250113_150759196.jpg","datePublished":"2025-01-27T18:03:48+00:00","dateModified":"2025-02-10T15:24:47+00:00","description":"Eleganter Humpen mit viel Volumen, LARP, Mittelalter","breadcrumb":{"@id":"https:\/\/my.stlflix.com\/product\/15-liter-humpen-karaffe\/#breadcrumb"},"inLanguage":"tr-TR","potentialAction":[{"@type":"ReadAction","target":["https:\/\/my.stlflix.com\/product\/15-liter-humpen-karaffe\/"]}]},{"@type":"ImageObject","inLanguage":"tr-TR","@id":"https:\/\/my.stlflix.com\/product\/15-liter-humpen-karaffe\/#primaryimage","url":"https:\/\/my.stlflix.com\/wp-content\/uploads\/2025\/02\/IMG_20250113_150759196.jpg","contentUrl":"https:\/\/my.stlflix.com\/wp-content\/uploads\/2025\/02\/IMG_20250113_150759196.jpg","width":810,"height":1080},{"@type":"BreadcrumbList","@id":"https:\/\/my.stlflix.com\/product\/15-liter-humpen-karaffe\/#breadcrumb","itemListElement":[{"@type":"ListItem","position":1,"name":"Home","item":"https:\/\/www.monitorstlflix.online\/"},{"@type":"ListItem","position":2,"name":"Products","item":"https:\/\/www.testeminhalojamandela.biz\/shop\/"},{"@type":"ListItem","position":3,"name":"1,5 Liter Humpen, Karaffe"}]},{"@type":"WebSite","@id":"https:\/\/www.monitorstlflix.com\/#website","url":"https:\/\/www.monitorstlflix.com\/","name":"MyStore - By STLFLIX","description":"","publisher":{"@id":"https:\/\/www.monitorstlflix.com\/#organization"},"potentialAction":[{"@type":"SearchAction","target":{"@type":"EntryPoint","urlTemplate":"https:\/\/www.monitorstlflix.com\/?s={search_term_string}"},"query-input":{"@type":"PropertyValueSpecification","valueRequired":true,"valueName":"search_term_string"}}],"inLanguage":"tr-TR"},{"@type":"Organization","@id":"https:\/\/www.monitorstlflix.com\/#organization","name":"MyStore - By STLFLIX","url":"https:\/\/www.monitorstlflix.com\/","logo":{"@type":"ImageObject","inLanguage":"tr-TR","@id":"https:\/\/www.monitorstlflix.com\/#\/schema\/logo\/image\/","url":"https:\/\/my.stlflix.com\/wp-content\/uploads\/2024\/06\/logo-mystore.png","contentUrl":"https:\/\/my.stlflix.com\/wp-content\/uploads\/2024\/06\/logo-mystore.png","width":150,"height":41,"caption":"MyStore - By STLFLIX"},"image":{"@id":"https:\/\/www.monitorstlflix.com\/#\/schema\/logo\/image\/"},"sameAs":["https:\/\/www.facebook.com\/STLFLIX","https:\/\/www.instagram.com\/stlflix_\/","https:\/\/www.tiktok.com\/@stlflix"]}]}},"_links":{"self":[{"href":"https:\/\/my.stlflix.com\/tr\/wp-json\/wp\/v2\/product\/240963","targetHints":{"allow":["GET"]}}],"collection":[{"href":"https:\/\/my.stlflix.com\/tr\/wp-json\/wp\/v2\/product"}],"about":[{"href":"https:\/\/my.stlflix.com\/tr\/wp-json\/wp\/v2\/types\/product"}],"replies":[{"embeddable":true,"href":"https:\/\/my.stlflix.com\/tr\/wp-json\/wp\/v2\/comments?post=240963"}],"wp:featuredmedia":[{"embeddable":true,"href":"https:\/\/my.stlflix.com\/tr\/wp-json\/wp\/v2\/media\/255911"}],"wp:attachment":[{"href":"https:\/\/my.stlflix.com\/tr\/wp-json\/wp\/v2\/media?parent=240963"}],"wp:term":[{"taxonomy":"product_brand","embeddable":true,"href":"https:\/\/my.stlflix.com\/tr\/wp-json\/wp\/v2\/product_brand?post=240963"},{"taxonomy":"product_cat","embeddable":true,"href":"https:\/\/my.stlflix.com\/tr\/wp-json\/wp\/v2\/product_cat?post=240963"},{"taxonomy":"product_tag","embeddable":true,"href":"https:\/\/my.stlflix.com\/tr\/wp-json\/wp\/v2\/product_tag?post=240963"}],"curies":[{"name":"wp","href":"https:\/\/api.w.org\/{rel}","templated":true}]}}