{"id":345834,"date":"2025-05-10T14:57:01","date_gmt":"2025-05-10T14:57:01","guid":{"rendered":"https:\/\/my.stlflix.com\/?post_type=product&#038;p=345834"},"modified":"2025-05-10T14:57:02","modified_gmt":"2025-05-10T14:57:02","slug":"tour-eiffel-681f5e2987c9d","status":"publish","type":"product","link":"https:\/\/my.stlflix.com\/tr\/product\/tour-eiffel-681f5e2987c9d\/","title":{"rendered":"Tour Eiffel\u00a0"},"content":{"rendered":"<p data-start=\"101\" data-end=\"437\">\ud83c\udf1f <strong data-start=\"104\" data-end=\"147\">Mini Torre Eiffel 3D &#8211; 18cm de Encanto!<\/strong> \ud83c\udf1f<br data-start=\"150\" data-end=\"153\" \/>Traga um pedacinho de Paris para sua casa com esta incr\u00edvel miniatura da Torre Eiffel, impressa em 3D com detalhes surpreendentes! Com 18cm de altura, ela \u00e9 perfeita para decorar qualquer ambiente, seja seu escrit\u00f3rio, sala de estar ou cole\u00e7\u00e3o de souvenirs.<br data-start=\"410\" data-end=\"413\" \/>\u2728 <strong data-start=\"415\" data-end=\"435\">Caracter\u00edsticas:<\/strong><\/p>\n<ul data-start=\"438\" data-end=\"776\">\n<li data-start=\"438\" data-end=\"506\">\n<p data-start=\"440\" data-end=\"506\">Impress\u00e3o 3D de alta precis\u00e3o, com texturas e detalhes realistas<\/p>\n<\/li>\n<li data-start=\"507\" data-end=\"562\">\n<p data-start=\"509\" data-end=\"562\">Material resistente e dur\u00e1vel, ideal para exposi\u00e7\u00e3o<\/p>\n<\/li>\n<li data-start=\"563\" data-end=\"647\">\n<p data-start=\"565\" data-end=\"647\">Design compacto e elegante, perfeito para presentear ou para sua pr\u00f3pria cole\u00e7\u00e3o<\/p>\n<\/li>\n<li data-start=\"648\" data-end=\"776\">\n<p data-start=\"650\" data-end=\"776\">Tamanho ideal: 18cm de pura beleza para qualquer espa\u00e7o<br data-start=\"705\" data-end=\"708\" \/>\ud83d\udcab <strong data-start=\"711\" data-end=\"774\">Adquira a sua agora e leve a magia de Paris para o seu lar!<\/strong><\/p>\n<\/li>\n<\/ul>\n","protected":false},"excerpt":{"rendered":"<p>\ud83c\udf1f Mini Torre Eiffel 3D &#8211; 18cm de Encanto! \ud83c\udf1fTraga um pedacinho de Paris para sua casa com esta incr\u00edvel miniatura da Torre Eiffel, impressa em 3D com detalhes surpreendentes! Com 18cm de altura, ela \u00e9 perfeita para decorar qualquer ambiente, seja seu escrit\u00f3rio, sala de estar ou cole\u00e7\u00e3o de souvenirs.\u2728 Caracter\u00edsticas: Impress\u00e3o 3D de [&hellip;]<\/p>\n","protected":false},"featured_media":31987,"comment_status":"open","ping_status":"closed","template":"","meta":[],"product_brand":[],"product_cat":[25],"product_tag":[],"class_list":{"0":"post-345834","1":"product","2":"type-product","3":"status-publish","4":"has-post-thumbnail","6":"product_cat-home-decor","8":"first","9":"onbackorder","10":"shipping-taxable","11":"purchasable","12":"product-type-simple"},"yoast_head":"<!-- This site is optimized with the Yoast SEO plugin v25.1 - https:\/\/yoast.com\/wordpress\/plugins\/seo\/ -->\n<title>Tour Eiffel\u00a0 - MyStore - By STLFLIX<\/title>\n<meta name=\"robots\" content=\"index, follow, max-snippet:-1, max-image-preview:large, max-video-preview:-1\" \/>\n<link rel=\"canonical\" href=\"https:\/\/my.stlflix.com\/tr\/product\/tour-eiffel-681f5e2987c9d\/\" \/>\n<meta property=\"og:locale\" content=\"tr_TR\" \/>\n<meta property=\"og:type\" content=\"article\" \/>\n<meta property=\"og:title\" content=\"Tour Eiffel\u00a0 - MyStore - By STLFLIX\" \/>\n<meta property=\"og:description\" content=\"\ud83c\udf1f Mini Torre Eiffel 3D &#8211; 18cm de Encanto! \ud83c\udf1fTraga um pedacinho de Paris para sua casa com esta incr\u00edvel miniatura da Torre Eiffel, impressa em 3D com detalhes surpreendentes! Com 18cm de altura, ela \u00e9 perfeita para decorar qualquer ambiente, seja seu escrit\u00f3rio, sala de estar ou cole\u00e7\u00e3o de souvenirs.\u2728 Caracter\u00edsticas: Impress\u00e3o 3D de [&hellip;]\" \/>\n<meta property=\"og:url\" content=\"https:\/\/my.stlflix.com\/tr\/product\/tour-eiffel-681f5e2987c9d\/\" \/>\n<meta property=\"og:site_name\" content=\"MyStore - By STLFLIX\" \/>\n<meta property=\"article:publisher\" content=\"https:\/\/www.facebook.com\/STLFLIX\" \/>\n<meta property=\"article:modified_time\" content=\"2025-05-10T14:57:02+00:00\" \/>\n<meta property=\"og:image\" content=\"https:\/\/my.stlflix.com\/wp-content\/uploads\/2024\/05\/Tour_Eiffel_thumb_729bd409b8.jpg\" \/>\n\t<meta property=\"og:image:width\" content=\"1080\" \/>\n\t<meta property=\"og:image:height\" content=\"1350\" \/>\n\t<meta property=\"og:image:type\" content=\"image\/jpeg\" \/>\n<meta name=\"twitter:card\" content=\"summary_large_image\" \/>\n<meta name=\"twitter:label1\" content=\"Est. reading time\" \/>\n\t<meta name=\"twitter:data1\" content=\"1 minute\" \/>\n<script type=\"application\/ld+json\" class=\"yoast-schema-graph\">{\"@context\":\"https:\/\/schema.org\",\"@graph\":[{\"@type\":\"WebPage\",\"@id\":\"https:\/\/my.stlflix.com\/tr\/product\/tour-eiffel-681f5e2987c9d\/\",\"url\":\"https:\/\/my.stlflix.com\/tr\/product\/tour-eiffel-681f5e2987c9d\/\",\"name\":\"Tour Eiffel\u00a0 - MyStore - By STLFLIX\",\"isPartOf\":{\"@id\":\"https:\/\/www.monitorstlflix.com\/#website\"},\"primaryImageOfPage\":{\"@id\":\"https:\/\/my.stlflix.com\/tr\/product\/tour-eiffel-681f5e2987c9d\/#primaryimage\"},\"image\":{\"@id\":\"https:\/\/my.stlflix.com\/tr\/product\/tour-eiffel-681f5e2987c9d\/#primaryimage\"},\"thumbnailUrl\":\"https:\/\/my.stlflix.com\/wp-content\/uploads\/2024\/05\/Tour_Eiffel_thumb_729bd409b8.jpg\",\"datePublished\":\"2025-05-10T14:57:01+00:00\",\"dateModified\":\"2025-05-10T14:57:02+00:00\",\"breadcrumb\":{\"@id\":\"https:\/\/my.stlflix.com\/tr\/product\/tour-eiffel-681f5e2987c9d\/#breadcrumb\"},\"inLanguage\":\"tr-TR\",\"potentialAction\":[{\"@type\":\"ReadAction\",\"target\":[\"https:\/\/my.stlflix.com\/tr\/product\/tour-eiffel-681f5e2987c9d\/\"]}]},{\"@type\":\"ImageObject\",\"inLanguage\":\"tr-TR\",\"@id\":\"https:\/\/my.stlflix.com\/tr\/product\/tour-eiffel-681f5e2987c9d\/#primaryimage\",\"url\":\"https:\/\/my.stlflix.com\/wp-content\/uploads\/2024\/05\/Tour_Eiffel_thumb_729bd409b8.jpg\",\"contentUrl\":\"https:\/\/my.stlflix.com\/wp-content\/uploads\/2024\/05\/Tour_Eiffel_thumb_729bd409b8.jpg\",\"width\":1080,\"height\":1350},{\"@type\":\"BreadcrumbList\",\"@id\":\"https:\/\/my.stlflix.com\/tr\/product\/tour-eiffel-681f5e2987c9d\/#breadcrumb\",\"itemListElement\":[{\"@type\":\"ListItem\",\"position\":1,\"name\":\"Home\",\"item\":\"https:\/\/my.stlflix.com\/\"},{\"@type\":\"ListItem\",\"position\":2,\"name\":\"Products\",\"item\":\"https:\/\/my.stlflix.com\/fr\/shop\/\"},{\"@type\":\"ListItem\",\"position\":3,\"name\":\"Tour Eiffel\u00a0\"}]},{\"@type\":\"WebSite\",\"@id\":\"https:\/\/www.monitorstlflix.com\/#website\",\"url\":\"https:\/\/www.monitorstlflix.com\/\",\"name\":\"MyStore - By STLFLIX\",\"description\":\"\",\"publisher\":{\"@id\":\"https:\/\/www.monitorstlflix.com\/#organization\"},\"potentialAction\":[{\"@type\":\"SearchAction\",\"target\":{\"@type\":\"EntryPoint\",\"urlTemplate\":\"https:\/\/www.monitorstlflix.com\/?s={search_term_string}\"},\"query-input\":{\"@type\":\"PropertyValueSpecification\",\"valueRequired\":true,\"valueName\":\"search_term_string\"}}],\"inLanguage\":\"tr-TR\"},{\"@type\":\"Organization\",\"@id\":\"https:\/\/www.monitorstlflix.com\/#organization\",\"name\":\"MyStore - By STLFLIX\",\"url\":\"https:\/\/www.monitorstlflix.com\/\",\"logo\":{\"@type\":\"ImageObject\",\"inLanguage\":\"tr-TR\",\"@id\":\"https:\/\/www.monitorstlflix.com\/#\/schema\/logo\/image\/\",\"url\":\"https:\/\/my.stlflix.com\/wp-content\/uploads\/2024\/06\/logo-mystore.png\",\"contentUrl\":\"https:\/\/my.stlflix.com\/wp-content\/uploads\/2024\/06\/logo-mystore.png\",\"width\":150,\"height\":41,\"caption\":\"MyStore - By STLFLIX\"},\"image\":{\"@id\":\"https:\/\/www.monitorstlflix.com\/#\/schema\/logo\/image\/\"},\"sameAs\":[\"https:\/\/www.facebook.com\/STLFLIX\",\"https:\/\/www.instagram.com\/stlflix_\/\",\"https:\/\/www.tiktok.com\/@stlflix\"]}]}<\/script>\n<!-- \/ Yoast SEO plugin. -->","yoast_head_json":{"title":"Tour Eiffel\u00a0 - MyStore - By STLFLIX","robots":{"index":"index","follow":"follow","max-snippet":"max-snippet:-1","max-image-preview":"max-image-preview:large","max-video-preview":"max-video-preview:-1"},"canonical":"https:\/\/my.stlflix.com\/tr\/product\/tour-eiffel-681f5e2987c9d\/","og_locale":"tr_TR","og_type":"article","og_title":"Tour Eiffel\u00a0 - MyStore - By STLFLIX","og_description":"\ud83c\udf1f Mini Torre Eiffel 3D &#8211; 18cm de Encanto! \ud83c\udf1fTraga um pedacinho de Paris para sua casa com esta incr\u00edvel miniatura da Torre Eiffel, impressa em 3D com detalhes surpreendentes! Com 18cm de altura, ela \u00e9 perfeita para decorar qualquer ambiente, seja seu escrit\u00f3rio, sala de estar ou cole\u00e7\u00e3o de souvenirs.\u2728 Caracter\u00edsticas: Impress\u00e3o 3D de [&hellip;]","og_url":"https:\/\/my.stlflix.com\/tr\/product\/tour-eiffel-681f5e2987c9d\/","og_site_name":"MyStore - By STLFLIX","article_publisher":"https:\/\/www.facebook.com\/STLFLIX","article_modified_time":"2025-05-10T14:57:02+00:00","og_image":[{"width":1080,"height":1350,"url":"https:\/\/my.stlflix.com\/wp-content\/uploads\/2024\/05\/Tour_Eiffel_thumb_729bd409b8.jpg","type":"image\/jpeg"}],"twitter_card":"summary_large_image","twitter_misc":{"Est. reading time":"1 minute"},"schema":{"@context":"https:\/\/schema.org","@graph":[{"@type":"WebPage","@id":"https:\/\/my.stlflix.com\/tr\/product\/tour-eiffel-681f5e2987c9d\/","url":"https:\/\/my.stlflix.com\/tr\/product\/tour-eiffel-681f5e2987c9d\/","name":"Tour Eiffel\u00a0 - MyStore - By STLFLIX","isPartOf":{"@id":"https:\/\/www.monitorstlflix.com\/#website"},"primaryImageOfPage":{"@id":"https:\/\/my.stlflix.com\/tr\/product\/tour-eiffel-681f5e2987c9d\/#primaryimage"},"image":{"@id":"https:\/\/my.stlflix.com\/tr\/product\/tour-eiffel-681f5e2987c9d\/#primaryimage"},"thumbnailUrl":"https:\/\/my.stlflix.com\/wp-content\/uploads\/2024\/05\/Tour_Eiffel_thumb_729bd409b8.jpg","datePublished":"2025-05-10T14:57:01+00:00","dateModified":"2025-05-10T14:57:02+00:00","breadcrumb":{"@id":"https:\/\/my.stlflix.com\/tr\/product\/tour-eiffel-681f5e2987c9d\/#breadcrumb"},"inLanguage":"tr-TR","potentialAction":[{"@type":"ReadAction","target":["https:\/\/my.stlflix.com\/tr\/product\/tour-eiffel-681f5e2987c9d\/"]}]},{"@type":"ImageObject","inLanguage":"tr-TR","@id":"https:\/\/my.stlflix.com\/tr\/product\/tour-eiffel-681f5e2987c9d\/#primaryimage","url":"https:\/\/my.stlflix.com\/wp-content\/uploads\/2024\/05\/Tour_Eiffel_thumb_729bd409b8.jpg","contentUrl":"https:\/\/my.stlflix.com\/wp-content\/uploads\/2024\/05\/Tour_Eiffel_thumb_729bd409b8.jpg","width":1080,"height":1350},{"@type":"BreadcrumbList","@id":"https:\/\/my.stlflix.com\/tr\/product\/tour-eiffel-681f5e2987c9d\/#breadcrumb","itemListElement":[{"@type":"ListItem","position":1,"name":"Home","item":"https:\/\/my.stlflix.com\/"},{"@type":"ListItem","position":2,"name":"Products","item":"https:\/\/my.stlflix.com\/fr\/shop\/"},{"@type":"ListItem","position":3,"name":"Tour Eiffel\u00a0"}]},{"@type":"WebSite","@id":"https:\/\/www.monitorstlflix.com\/#website","url":"https:\/\/www.monitorstlflix.com\/","name":"MyStore - By STLFLIX","description":"","publisher":{"@id":"https:\/\/www.monitorstlflix.com\/#organization"},"potentialAction":[{"@type":"SearchAction","target":{"@type":"EntryPoint","urlTemplate":"https:\/\/www.monitorstlflix.com\/?s={search_term_string}"},"query-input":{"@type":"PropertyValueSpecification","valueRequired":true,"valueName":"search_term_string"}}],"inLanguage":"tr-TR"},{"@type":"Organization","@id":"https:\/\/www.monitorstlflix.com\/#organization","name":"MyStore - By STLFLIX","url":"https:\/\/www.monitorstlflix.com\/","logo":{"@type":"ImageObject","inLanguage":"tr-TR","@id":"https:\/\/www.monitorstlflix.com\/#\/schema\/logo\/image\/","url":"https:\/\/my.stlflix.com\/wp-content\/uploads\/2024\/06\/logo-mystore.png","contentUrl":"https:\/\/my.stlflix.com\/wp-content\/uploads\/2024\/06\/logo-mystore.png","width":150,"height":41,"caption":"MyStore - By STLFLIX"},"image":{"@id":"https:\/\/www.monitorstlflix.com\/#\/schema\/logo\/image\/"},"sameAs":["https:\/\/www.facebook.com\/STLFLIX","https:\/\/www.instagram.com\/stlflix_\/","https:\/\/www.tiktok.com\/@stlflix"]}]}},"_links":{"self":[{"href":"https:\/\/my.stlflix.com\/tr\/wp-json\/wp\/v2\/product\/345834","targetHints":{"allow":["GET"]}}],"collection":[{"href":"https:\/\/my.stlflix.com\/tr\/wp-json\/wp\/v2\/product"}],"about":[{"href":"https:\/\/my.stlflix.com\/tr\/wp-json\/wp\/v2\/types\/product"}],"replies":[{"embeddable":true,"href":"https:\/\/my.stlflix.com\/tr\/wp-json\/wp\/v2\/comments?post=345834"}],"wp:featuredmedia":[{"embeddable":true,"href":"https:\/\/my.stlflix.com\/tr\/wp-json\/wp\/v2\/media\/31987"}],"wp:attachment":[{"href":"https:\/\/my.stlflix.com\/tr\/wp-json\/wp\/v2\/media?parent=345834"}],"wp:term":[{"taxonomy":"product_brand","embeddable":true,"href":"https:\/\/my.stlflix.com\/tr\/wp-json\/wp\/v2\/product_brand?post=345834"},{"taxonomy":"product_cat","embeddable":true,"href":"https:\/\/my.stlflix.com\/tr\/wp-json\/wp\/v2\/product_cat?post=345834"},{"taxonomy":"product_tag","embeddable":true,"href":"https:\/\/my.stlflix.com\/tr\/wp-json\/wp\/v2\/product_tag?post=345834"}],"curies":[{"name":"wp","href":"https:\/\/api.w.org\/{rel}","templated":true}]}}