{"id":387718,"date":"2025-06-22T05:51:16","date_gmt":"2025-06-22T05:51:16","guid":{"rendered":"https:\/\/my.stlflix.com\/?post_type=product&#038;p=387718"},"modified":"2025-06-22T06:13:24","modified_gmt":"2025-06-22T06:13:24","slug":"darla-the-labrador-685793b33ef7b","status":"publish","type":"product","link":"https:\/\/my.stlflix.com\/tr\/product\/darla-the-labrador-685793b33ef7b\/","title":{"rendered":"Darla, the Labrador"},"content":{"rendered":"<h3><strong>Conhe\u00e7a a Darla, A Labrador: Seu Novo Melhor Amigo em Miniatura! \ud83d\udc3e<\/strong><\/h3>\n<p>&nbsp;<\/p>\n<p data-sourcepos=\"7:1-7:454\">Apresentamos a Darla, nossa encantadora miniatura do ador\u00e1vel Labrador! Mais do que uma figura, \u00e9 uma celebra\u00e7\u00e3o da alegria, lealdade e energia contagiante que s\u00f3 um Labrador pode oferecer. Com detalhes incr\u00edveis que capturam a ess\u00eancia da ra\u00e7a, a Darla \u00e9 perfeita para decorar seu lar, seu escrit\u00f3rio, ou para presentear aquele amigo especial que ama c\u00e3es. Traga um pedacinho da felicidade canina para o seu dia a dia com esta pe\u00e7a \u00fanica!<\/p>\n<p data-sourcepos=\"9:1-9:283\"><strong>Observa\u00e7\u00e3o:<\/strong> Quer a Darla em uma cor diferente para combinar perfeitamente com seu Labrador ou sua decora\u00e7\u00e3o? Oferecemos op\u00e7\u00f5es de personaliza\u00e7\u00e3o de cor! Entre em contato conosco pelo WhatsApp ou via Direct no Instagram para mais informa\u00e7\u00f5es e para criar a sua miniatura perfeita.<\/p>\n","protected":false},"excerpt":{"rendered":"<p>Conhe\u00e7a a Darla, A Labrador: Seu Novo Melhor Amigo em Miniatura! \ud83d\udc3e &nbsp; Apresentamos a Darla, nossa encantadora miniatura do ador\u00e1vel Labrador! Mais do que uma figura, \u00e9 uma celebra\u00e7\u00e3o da alegria, lealdade e energia contagiante que s\u00f3 um Labrador pode oferecer. Com detalhes incr\u00edveis que capturam a ess\u00eancia da ra\u00e7a, a Darla \u00e9 perfeita [&hellip;]<\/p>\n","protected":false},"featured_media":296860,"comment_status":"open","ping_status":"closed","template":"","meta":[],"product_brand":[],"product_cat":[15],"product_tag":[],"class_list":{"0":"post-387718","1":"product","2":"type-product","3":"status-publish","4":"has-post-thumbnail","6":"product_cat-uncategorized","8":"first","9":"instock","10":"sale","11":"taxable","12":"shipping-taxable","13":"purchasable","14":"product-type-simple"},"yoast_head":"<!-- This site is optimized with the Yoast SEO plugin v25.1 - https:\/\/yoast.com\/wordpress\/plugins\/seo\/ -->\n<title>Darla, the Labrador - MyStore - By STLFLIX<\/title>\n<meta name=\"robots\" content=\"index, follow, max-snippet:-1, max-image-preview:large, max-video-preview:-1\" \/>\n<link rel=\"canonical\" href=\"https:\/\/my.stlflix.com\/tr\/product\/darla-the-labrador-685793b33ef7b\/\" \/>\n<meta property=\"og:locale\" content=\"tr_TR\" \/>\n<meta property=\"og:type\" content=\"article\" \/>\n<meta property=\"og:title\" content=\"Darla, the Labrador - MyStore - By STLFLIX\" \/>\n<meta property=\"og:description\" content=\"Conhe\u00e7a a Darla, A Labrador: Seu Novo Melhor Amigo em Miniatura! \ud83d\udc3e &nbsp; Apresentamos a Darla, nossa encantadora miniatura do ador\u00e1vel Labrador! Mais do que uma figura, \u00e9 uma celebra\u00e7\u00e3o da alegria, lealdade e energia contagiante que s\u00f3 um Labrador pode oferecer. Com detalhes incr\u00edveis que capturam a ess\u00eancia da ra\u00e7a, a Darla \u00e9 perfeita [&hellip;]\" \/>\n<meta property=\"og:url\" content=\"https:\/\/my.stlflix.com\/tr\/product\/darla-the-labrador-685793b33ef7b\/\" \/>\n<meta property=\"og:site_name\" content=\"MyStore - By STLFLIX\" \/>\n<meta property=\"article:publisher\" content=\"https:\/\/www.facebook.com\/STLFLIX\" \/>\n<meta property=\"article:modified_time\" content=\"2025-06-22T06:13:24+00:00\" \/>\n<meta property=\"og:image\" content=\"https:\/\/my.stlflix.com\/wp-content\/uploads\/2025\/03\/Darla_the_Labradorthumb_26acec1e9a.jpg\" \/>\n\t<meta property=\"og:image:width\" content=\"1080\" \/>\n\t<meta property=\"og:image:height\" content=\"1350\" \/>\n\t<meta property=\"og:image:type\" content=\"image\/jpeg\" \/>\n<meta name=\"twitter:card\" content=\"summary_large_image\" \/>\n<meta name=\"twitter:label1\" content=\"Est. reading time\" \/>\n\t<meta name=\"twitter:data1\" content=\"1 minute\" \/>\n<script type=\"application\/ld+json\" class=\"yoast-schema-graph\">{\"@context\":\"https:\/\/schema.org\",\"@graph\":[{\"@type\":\"WebPage\",\"@id\":\"https:\/\/my.stlflix.com\/tr\/product\/darla-the-labrador-685793b33ef7b\/\",\"url\":\"https:\/\/my.stlflix.com\/tr\/product\/darla-the-labrador-685793b33ef7b\/\",\"name\":\"Darla, the Labrador - MyStore - By STLFLIX\",\"isPartOf\":{\"@id\":\"https:\/\/my.stlflix.com\/tr\/#website\"},\"primaryImageOfPage\":{\"@id\":\"https:\/\/my.stlflix.com\/tr\/product\/darla-the-labrador-685793b33ef7b\/#primaryimage\"},\"image\":{\"@id\":\"https:\/\/my.stlflix.com\/tr\/product\/darla-the-labrador-685793b33ef7b\/#primaryimage\"},\"thumbnailUrl\":\"https:\/\/my.stlflix.com\/wp-content\/uploads\/2025\/03\/Darla_the_Labradorthumb_26acec1e9a.jpg\",\"datePublished\":\"2025-06-22T05:51:16+00:00\",\"dateModified\":\"2025-06-22T06:13:24+00:00\",\"breadcrumb\":{\"@id\":\"https:\/\/my.stlflix.com\/tr\/product\/darla-the-labrador-685793b33ef7b\/#breadcrumb\"},\"inLanguage\":\"tr-TR\",\"potentialAction\":[{\"@type\":\"ReadAction\",\"target\":[\"https:\/\/my.stlflix.com\/tr\/product\/darla-the-labrador-685793b33ef7b\/\"]}]},{\"@type\":\"ImageObject\",\"inLanguage\":\"tr-TR\",\"@id\":\"https:\/\/my.stlflix.com\/tr\/product\/darla-the-labrador-685793b33ef7b\/#primaryimage\",\"url\":\"https:\/\/my.stlflix.com\/wp-content\/uploads\/2025\/03\/Darla_the_Labradorthumb_26acec1e9a.jpg\",\"contentUrl\":\"https:\/\/my.stlflix.com\/wp-content\/uploads\/2025\/03\/Darla_the_Labradorthumb_26acec1e9a.jpg\",\"width\":1080,\"height\":1350},{\"@type\":\"BreadcrumbList\",\"@id\":\"https:\/\/my.stlflix.com\/tr\/product\/darla-the-labrador-685793b33ef7b\/#breadcrumb\",\"itemListElement\":[{\"@type\":\"ListItem\",\"position\":1,\"name\":\"Home\",\"item\":\"https:\/\/my.stlflix.com\/\"},{\"@type\":\"ListItem\",\"position\":2,\"name\":\"Products\",\"item\":\"https:\/\/my.stlflix.com\/fr\/shop\/\"},{\"@type\":\"ListItem\",\"position\":3,\"name\":\"Darla, the Labrador\"}]},{\"@type\":\"WebSite\",\"@id\":\"https:\/\/my.stlflix.com\/tr\/#website\",\"url\":\"https:\/\/my.stlflix.com\/tr\/\",\"name\":\"MyStore - By STLFLIX\",\"description\":\"\",\"publisher\":{\"@id\":\"https:\/\/my.stlflix.com\/tr\/#organization\"},\"potentialAction\":[{\"@type\":\"SearchAction\",\"target\":{\"@type\":\"EntryPoint\",\"urlTemplate\":\"https:\/\/my.stlflix.com\/tr\/?s={search_term_string}\"},\"query-input\":{\"@type\":\"PropertyValueSpecification\",\"valueRequired\":true,\"valueName\":\"search_term_string\"}}],\"inLanguage\":\"tr-TR\"},{\"@type\":\"Organization\",\"@id\":\"https:\/\/my.stlflix.com\/tr\/#organization\",\"name\":\"MyStore - By STLFLIX\",\"url\":\"https:\/\/my.stlflix.com\/tr\/\",\"logo\":{\"@type\":\"ImageObject\",\"inLanguage\":\"tr-TR\",\"@id\":\"https:\/\/my.stlflix.com\/tr\/#\/schema\/logo\/image\/\",\"url\":\"https:\/\/my.stlflix.com\/wp-content\/uploads\/2024\/06\/logo-mystore.png\",\"contentUrl\":\"https:\/\/my.stlflix.com\/wp-content\/uploads\/2024\/06\/logo-mystore.png\",\"width\":150,\"height\":41,\"caption\":\"MyStore - By STLFLIX\"},\"image\":{\"@id\":\"https:\/\/my.stlflix.com\/tr\/#\/schema\/logo\/image\/\"},\"sameAs\":[\"https:\/\/www.facebook.com\/STLFLIX\",\"https:\/\/www.instagram.com\/stlflix_\/\",\"https:\/\/www.tiktok.com\/@stlflix\"]}]}<\/script>\n<!-- \/ Yoast SEO plugin. -->","yoast_head_json":{"title":"Darla, the Labrador - MyStore - By STLFLIX","robots":{"index":"index","follow":"follow","max-snippet":"max-snippet:-1","max-image-preview":"max-image-preview:large","max-video-preview":"max-video-preview:-1"},"canonical":"https:\/\/my.stlflix.com\/tr\/product\/darla-the-labrador-685793b33ef7b\/","og_locale":"tr_TR","og_type":"article","og_title":"Darla, the Labrador - MyStore - By STLFLIX","og_description":"Conhe\u00e7a a Darla, A Labrador: Seu Novo Melhor Amigo em Miniatura! \ud83d\udc3e &nbsp; Apresentamos a Darla, nossa encantadora miniatura do ador\u00e1vel Labrador! Mais do que uma figura, \u00e9 uma celebra\u00e7\u00e3o da alegria, lealdade e energia contagiante que s\u00f3 um Labrador pode oferecer. Com detalhes incr\u00edveis que capturam a ess\u00eancia da ra\u00e7a, a Darla \u00e9 perfeita [&hellip;]","og_url":"https:\/\/my.stlflix.com\/tr\/product\/darla-the-labrador-685793b33ef7b\/","og_site_name":"MyStore - By STLFLIX","article_publisher":"https:\/\/www.facebook.com\/STLFLIX","article_modified_time":"2025-06-22T06:13:24+00:00","og_image":[{"width":1080,"height":1350,"url":"https:\/\/my.stlflix.com\/wp-content\/uploads\/2025\/03\/Darla_the_Labradorthumb_26acec1e9a.jpg","type":"image\/jpeg"}],"twitter_card":"summary_large_image","twitter_misc":{"Est. reading time":"1 minute"},"schema":{"@context":"https:\/\/schema.org","@graph":[{"@type":"WebPage","@id":"https:\/\/my.stlflix.com\/tr\/product\/darla-the-labrador-685793b33ef7b\/","url":"https:\/\/my.stlflix.com\/tr\/product\/darla-the-labrador-685793b33ef7b\/","name":"Darla, the Labrador - MyStore - By STLFLIX","isPartOf":{"@id":"https:\/\/my.stlflix.com\/tr\/#website"},"primaryImageOfPage":{"@id":"https:\/\/my.stlflix.com\/tr\/product\/darla-the-labrador-685793b33ef7b\/#primaryimage"},"image":{"@id":"https:\/\/my.stlflix.com\/tr\/product\/darla-the-labrador-685793b33ef7b\/#primaryimage"},"thumbnailUrl":"https:\/\/my.stlflix.com\/wp-content\/uploads\/2025\/03\/Darla_the_Labradorthumb_26acec1e9a.jpg","datePublished":"2025-06-22T05:51:16+00:00","dateModified":"2025-06-22T06:13:24+00:00","breadcrumb":{"@id":"https:\/\/my.stlflix.com\/tr\/product\/darla-the-labrador-685793b33ef7b\/#breadcrumb"},"inLanguage":"tr-TR","potentialAction":[{"@type":"ReadAction","target":["https:\/\/my.stlflix.com\/tr\/product\/darla-the-labrador-685793b33ef7b\/"]}]},{"@type":"ImageObject","inLanguage":"tr-TR","@id":"https:\/\/my.stlflix.com\/tr\/product\/darla-the-labrador-685793b33ef7b\/#primaryimage","url":"https:\/\/my.stlflix.com\/wp-content\/uploads\/2025\/03\/Darla_the_Labradorthumb_26acec1e9a.jpg","contentUrl":"https:\/\/my.stlflix.com\/wp-content\/uploads\/2025\/03\/Darla_the_Labradorthumb_26acec1e9a.jpg","width":1080,"height":1350},{"@type":"BreadcrumbList","@id":"https:\/\/my.stlflix.com\/tr\/product\/darla-the-labrador-685793b33ef7b\/#breadcrumb","itemListElement":[{"@type":"ListItem","position":1,"name":"Home","item":"https:\/\/my.stlflix.com\/"},{"@type":"ListItem","position":2,"name":"Products","item":"https:\/\/my.stlflix.com\/fr\/shop\/"},{"@type":"ListItem","position":3,"name":"Darla, the Labrador"}]},{"@type":"WebSite","@id":"https:\/\/my.stlflix.com\/tr\/#website","url":"https:\/\/my.stlflix.com\/tr\/","name":"MyStore - By STLFLIX","description":"","publisher":{"@id":"https:\/\/my.stlflix.com\/tr\/#organization"},"potentialAction":[{"@type":"SearchAction","target":{"@type":"EntryPoint","urlTemplate":"https:\/\/my.stlflix.com\/tr\/?s={search_term_string}"},"query-input":{"@type":"PropertyValueSpecification","valueRequired":true,"valueName":"search_term_string"}}],"inLanguage":"tr-TR"},{"@type":"Organization","@id":"https:\/\/my.stlflix.com\/tr\/#organization","name":"MyStore - By STLFLIX","url":"https:\/\/my.stlflix.com\/tr\/","logo":{"@type":"ImageObject","inLanguage":"tr-TR","@id":"https:\/\/my.stlflix.com\/tr\/#\/schema\/logo\/image\/","url":"https:\/\/my.stlflix.com\/wp-content\/uploads\/2024\/06\/logo-mystore.png","contentUrl":"https:\/\/my.stlflix.com\/wp-content\/uploads\/2024\/06\/logo-mystore.png","width":150,"height":41,"caption":"MyStore - By STLFLIX"},"image":{"@id":"https:\/\/my.stlflix.com\/tr\/#\/schema\/logo\/image\/"},"sameAs":["https:\/\/www.facebook.com\/STLFLIX","https:\/\/www.instagram.com\/stlflix_\/","https:\/\/www.tiktok.com\/@stlflix"]}]}},"_links":{"self":[{"href":"https:\/\/my.stlflix.com\/tr\/wp-json\/wp\/v2\/product\/387718","targetHints":{"allow":["GET"]}}],"collection":[{"href":"https:\/\/my.stlflix.com\/tr\/wp-json\/wp\/v2\/product"}],"about":[{"href":"https:\/\/my.stlflix.com\/tr\/wp-json\/wp\/v2\/types\/product"}],"replies":[{"embeddable":true,"href":"https:\/\/my.stlflix.com\/tr\/wp-json\/wp\/v2\/comments?post=387718"}],"wp:featuredmedia":[{"embeddable":true,"href":"https:\/\/my.stlflix.com\/tr\/wp-json\/wp\/v2\/media\/296860"}],"wp:attachment":[{"href":"https:\/\/my.stlflix.com\/tr\/wp-json\/wp\/v2\/media?parent=387718"}],"wp:term":[{"taxonomy":"product_brand","embeddable":true,"href":"https:\/\/my.stlflix.com\/tr\/wp-json\/wp\/v2\/product_brand?post=387718"},{"taxonomy":"product_cat","embeddable":true,"href":"https:\/\/my.stlflix.com\/tr\/wp-json\/wp\/v2\/product_cat?post=387718"},{"taxonomy":"product_tag","embeddable":true,"href":"https:\/\/my.stlflix.com\/tr\/wp-json\/wp\/v2\/product_tag?post=387718"}],"curies":[{"name":"wp","href":"https:\/\/api.w.org\/{rel}","templated":true}]}}