{"id":388855,"date":"2025-06-24T14:18:26","date_gmt":"2025-06-24T14:18:26","guid":{"rendered":"https:\/\/my.stlflix.com\/?post_type=product&#038;p=388855"},"modified":"2025-06-24T14:21:24","modified_gmt":"2025-06-24T14:21:24","slug":"baby-groot-2","status":"publish","type":"product","link":"https:\/\/my.stlflix.com\/tr\/product\/baby-groot-2\/","title":{"rendered":"Baby Groot"},"content":{"rendered":"<p>Leve para casa o personagem mais querido do universo Marvel! Nossa miniatura do Groot foi feita com impress\u00e3o 3D de alta qualidade, com riqueza de detalhes que impressiona. Uma \u00f3tima pe\u00e7a para f\u00e3s da saga, colecionadores e decora\u00e7\u00e3o geek.<\/p>\n<p>&nbsp;<\/p>\n<p>Com um acabamento fiel e estilo realista, \u00e9 o presente ideal para quem ama Guardi\u00f5es da Gal\u00e1xia. Produzido em PLA, com excelente durabilidade e defini\u00e7\u00e3o.<\/p>\n<p>&nbsp;<\/p>\n<p>\ud83d\udccf Medidas da pe\u00e7a: 53,54 x 68,39 x 160,54 mm<\/p>\n<p>&nbsp;<\/p>\n<p>Garanta o seu antes que acabe. Produzimos sob demanda com o m\u00ednimo de desperd\u00edcio.<\/p>\n","protected":false},"excerpt":{"rendered":"<p>Leve para casa o personagem mais querido do universo Marvel! Nossa miniatura do Groot foi feita com impress\u00e3o 3D de alta qualidade, com riqueza de detalhes que impressiona. Uma \u00f3tima pe\u00e7a para f\u00e3s da saga, colecionadores e decora\u00e7\u00e3o geek. &nbsp; Com um acabamento fiel e estilo realista, \u00e9 o presente ideal para quem ama Guardi\u00f5es [&hellip;]<\/p>\n","protected":false},"featured_media":0,"comment_status":"open","ping_status":"closed","template":"","meta":[],"product_brand":[],"product_cat":[15],"product_tag":[6112],"class_list":{"0":"post-388855","1":"product","2":"type-product","3":"status-publish","5":"product_cat-uncategorized","6":"product_tag-filmes-e-series","8":"first","9":"instock","10":"sale","11":"taxable","12":"shipping-taxable","13":"purchasable","14":"product-type-simple"},"yoast_head":"<!-- This site is optimized with the Yoast SEO plugin v25.1 - https:\/\/yoast.com\/wordpress\/plugins\/seo\/ -->\n<title>Baby Groot - MyStore - By STLFLIX<\/title>\n<meta name=\"robots\" content=\"index, follow, max-snippet:-1, max-image-preview:large, max-video-preview:-1\" \/>\n<link rel=\"canonical\" href=\"https:\/\/www.stlflix-store.com\/product\/baby-groot-2\/\" \/>\n<meta property=\"og:locale\" content=\"tr_TR\" \/>\n<meta property=\"og:type\" content=\"article\" \/>\n<meta property=\"og:title\" content=\"Baby Groot - MyStore - By STLFLIX\" \/>\n<meta property=\"og:description\" content=\"Leve para casa o personagem mais querido do universo Marvel! Nossa miniatura do Groot foi feita com impress\u00e3o 3D de alta qualidade, com riqueza de detalhes que impressiona. Uma \u00f3tima pe\u00e7a para f\u00e3s da saga, colecionadores e decora\u00e7\u00e3o geek. &nbsp; Com um acabamento fiel e estilo realista, \u00e9 o presente ideal para quem ama Guardi\u00f5es [&hellip;]\" \/>\n<meta property=\"og:url\" content=\"https:\/\/www.stlflix-store.com\/product\/baby-groot-2\/\" \/>\n<meta property=\"og:site_name\" content=\"MyStore - By STLFLIX\" \/>\n<meta property=\"article:publisher\" content=\"https:\/\/www.facebook.com\/STLFLIX\" \/>\n<meta property=\"article:modified_time\" content=\"2025-06-24T14:21:24+00:00\" \/>\n<meta name=\"twitter:card\" content=\"summary_large_image\" \/>\n<script type=\"application\/ld+json\" class=\"yoast-schema-graph\">{\"@context\":\"https:\/\/schema.org\",\"@graph\":[{\"@type\":\"WebPage\",\"@id\":\"https:\/\/www.stlflix-store.com\/product\/baby-groot-2\/\",\"url\":\"https:\/\/www.stlflix-store.com\/product\/baby-groot-2\/\",\"name\":\"Baby Groot - MyStore - By STLFLIX\",\"isPartOf\":{\"@id\":\"https:\/\/my.stlflix.com\/tr\/#website\"},\"datePublished\":\"2025-06-24T14:18:26+00:00\",\"dateModified\":\"2025-06-24T14:21:24+00:00\",\"breadcrumb\":{\"@id\":\"https:\/\/www.stlflix-store.com\/product\/baby-groot-2\/#breadcrumb\"},\"inLanguage\":\"tr-TR\",\"potentialAction\":[{\"@type\":\"ReadAction\",\"target\":[\"https:\/\/www.stlflix-store.com\/product\/baby-groot-2\/\"]}]},{\"@type\":\"BreadcrumbList\",\"@id\":\"https:\/\/www.stlflix-store.com\/product\/baby-groot-2\/#breadcrumb\",\"itemListElement\":[{\"@type\":\"ListItem\",\"position\":1,\"name\":\"Home\",\"item\":\"https:\/\/my.stlflix.com\/\"},{\"@type\":\"ListItem\",\"position\":2,\"name\":\"Products\",\"item\":\"https:\/\/my.stlflix.com\/fr\/shop\/\"},{\"@type\":\"ListItem\",\"position\":3,\"name\":\"Baby Groot\"}]},{\"@type\":\"WebSite\",\"@id\":\"https:\/\/my.stlflix.com\/tr\/#website\",\"url\":\"https:\/\/my.stlflix.com\/tr\/\",\"name\":\"MyStore - By STLFLIX\",\"description\":\"\",\"publisher\":{\"@id\":\"https:\/\/my.stlflix.com\/tr\/#organization\"},\"potentialAction\":[{\"@type\":\"SearchAction\",\"target\":{\"@type\":\"EntryPoint\",\"urlTemplate\":\"https:\/\/my.stlflix.com\/tr\/?s={search_term_string}\"},\"query-input\":{\"@type\":\"PropertyValueSpecification\",\"valueRequired\":true,\"valueName\":\"search_term_string\"}}],\"inLanguage\":\"tr-TR\"},{\"@type\":\"Organization\",\"@id\":\"https:\/\/my.stlflix.com\/tr\/#organization\",\"name\":\"MyStore - By STLFLIX\",\"url\":\"https:\/\/my.stlflix.com\/tr\/\",\"logo\":{\"@type\":\"ImageObject\",\"inLanguage\":\"tr-TR\",\"@id\":\"https:\/\/my.stlflix.com\/tr\/#\/schema\/logo\/image\/\",\"url\":\"https:\/\/my.stlflix.com\/wp-content\/uploads\/2024\/06\/logo-mystore.png\",\"contentUrl\":\"https:\/\/my.stlflix.com\/wp-content\/uploads\/2024\/06\/logo-mystore.png\",\"width\":150,\"height\":41,\"caption\":\"MyStore - By STLFLIX\"},\"image\":{\"@id\":\"https:\/\/my.stlflix.com\/tr\/#\/schema\/logo\/image\/\"},\"sameAs\":[\"https:\/\/www.facebook.com\/STLFLIX\",\"https:\/\/www.instagram.com\/stlflix_\/\",\"https:\/\/www.tiktok.com\/@stlflix\"]}]}<\/script>\n<!-- \/ Yoast SEO plugin. -->","yoast_head_json":{"title":"Baby Groot - MyStore - By STLFLIX","robots":{"index":"index","follow":"follow","max-snippet":"max-snippet:-1","max-image-preview":"max-image-preview:large","max-video-preview":"max-video-preview:-1"},"canonical":"https:\/\/www.stlflix-store.com\/product\/baby-groot-2\/","og_locale":"tr_TR","og_type":"article","og_title":"Baby Groot - MyStore - By STLFLIX","og_description":"Leve para casa o personagem mais querido do universo Marvel! Nossa miniatura do Groot foi feita com impress\u00e3o 3D de alta qualidade, com riqueza de detalhes que impressiona. Uma \u00f3tima pe\u00e7a para f\u00e3s da saga, colecionadores e decora\u00e7\u00e3o geek. &nbsp; Com um acabamento fiel e estilo realista, \u00e9 o presente ideal para quem ama Guardi\u00f5es [&hellip;]","og_url":"https:\/\/www.stlflix-store.com\/product\/baby-groot-2\/","og_site_name":"MyStore - By STLFLIX","article_publisher":"https:\/\/www.facebook.com\/STLFLIX","article_modified_time":"2025-06-24T14:21:24+00:00","twitter_card":"summary_large_image","schema":{"@context":"https:\/\/schema.org","@graph":[{"@type":"WebPage","@id":"https:\/\/www.stlflix-store.com\/product\/baby-groot-2\/","url":"https:\/\/www.stlflix-store.com\/product\/baby-groot-2\/","name":"Baby Groot - MyStore - By STLFLIX","isPartOf":{"@id":"https:\/\/my.stlflix.com\/tr\/#website"},"datePublished":"2025-06-24T14:18:26+00:00","dateModified":"2025-06-24T14:21:24+00:00","breadcrumb":{"@id":"https:\/\/www.stlflix-store.com\/product\/baby-groot-2\/#breadcrumb"},"inLanguage":"tr-TR","potentialAction":[{"@type":"ReadAction","target":["https:\/\/www.stlflix-store.com\/product\/baby-groot-2\/"]}]},{"@type":"BreadcrumbList","@id":"https:\/\/www.stlflix-store.com\/product\/baby-groot-2\/#breadcrumb","itemListElement":[{"@type":"ListItem","position":1,"name":"Home","item":"https:\/\/my.stlflix.com\/"},{"@type":"ListItem","position":2,"name":"Products","item":"https:\/\/my.stlflix.com\/fr\/shop\/"},{"@type":"ListItem","position":3,"name":"Baby Groot"}]},{"@type":"WebSite","@id":"https:\/\/my.stlflix.com\/tr\/#website","url":"https:\/\/my.stlflix.com\/tr\/","name":"MyStore - By STLFLIX","description":"","publisher":{"@id":"https:\/\/my.stlflix.com\/tr\/#organization"},"potentialAction":[{"@type":"SearchAction","target":{"@type":"EntryPoint","urlTemplate":"https:\/\/my.stlflix.com\/tr\/?s={search_term_string}"},"query-input":{"@type":"PropertyValueSpecification","valueRequired":true,"valueName":"search_term_string"}}],"inLanguage":"tr-TR"},{"@type":"Organization","@id":"https:\/\/my.stlflix.com\/tr\/#organization","name":"MyStore - By STLFLIX","url":"https:\/\/my.stlflix.com\/tr\/","logo":{"@type":"ImageObject","inLanguage":"tr-TR","@id":"https:\/\/my.stlflix.com\/tr\/#\/schema\/logo\/image\/","url":"https:\/\/my.stlflix.com\/wp-content\/uploads\/2024\/06\/logo-mystore.png","contentUrl":"https:\/\/my.stlflix.com\/wp-content\/uploads\/2024\/06\/logo-mystore.png","width":150,"height":41,"caption":"MyStore - By STLFLIX"},"image":{"@id":"https:\/\/my.stlflix.com\/tr\/#\/schema\/logo\/image\/"},"sameAs":["https:\/\/www.facebook.com\/STLFLIX","https:\/\/www.instagram.com\/stlflix_\/","https:\/\/www.tiktok.com\/@stlflix"]}]}},"_links":{"self":[{"href":"https:\/\/my.stlflix.com\/tr\/wp-json\/wp\/v2\/product\/388855","targetHints":{"allow":["GET"]}}],"collection":[{"href":"https:\/\/my.stlflix.com\/tr\/wp-json\/wp\/v2\/product"}],"about":[{"href":"https:\/\/my.stlflix.com\/tr\/wp-json\/wp\/v2\/types\/product"}],"replies":[{"embeddable":true,"href":"https:\/\/my.stlflix.com\/tr\/wp-json\/wp\/v2\/comments?post=388855"}],"wp:attachment":[{"href":"https:\/\/my.stlflix.com\/tr\/wp-json\/wp\/v2\/media?parent=388855"}],"wp:term":[{"taxonomy":"product_brand","embeddable":true,"href":"https:\/\/my.stlflix.com\/tr\/wp-json\/wp\/v2\/product_brand?post=388855"},{"taxonomy":"product_cat","embeddable":true,"href":"https:\/\/my.stlflix.com\/tr\/wp-json\/wp\/v2\/product_cat?post=388855"},{"taxonomy":"product_tag","embeddable":true,"href":"https:\/\/my.stlflix.com\/tr\/wp-json\/wp\/v2\/product_tag?post=388855"}],"curies":[{"name":"wp","href":"https:\/\/api.w.org\/{rel}","templated":true}]}}