{"id":388968,"date":"2025-06-24T21:30:05","date_gmt":"2025-06-24T21:30:05","guid":{"rendered":"https:\/\/my.stlflix.com\/?post_type=product&#038;p=388968"},"modified":"2025-06-24T21:32:02","modified_gmt":"2025-06-24T21:32:02","slug":"boneca-young-hee-round-6","status":"publish","type":"product","link":"https:\/\/my.stlflix.com\/tr\/product\/boneca-young-hee-round-6\/","title":{"rendered":"Boneca Young-hee Round 6"},"content":{"rendered":"<p>Traga um toque divertido e ic\u00f4nico para sua decora\u00e7\u00e3o com essa miniatura colorida da Young-hee Round 6! Inspirada na famosa personagem da s\u00e9rie coreana, essa pe\u00e7a \u00e9 perfeita para f\u00e3s, colecionadores ou para presentear algu\u00e9m especial.<\/p>\n<p>&nbsp;<\/p>\n<p>\ud83e\udde9 Medidas da pe\u00e7a:<\/p>\n<p>Altura: 167,38 mm<\/p>\n<p>Largura: 78 mm<\/p>\n<p>Profundidade: 40,43 mm<\/p>\n<p>&nbsp;<\/p>\n<p>\u2696\ufe0f Peso da pe\u00e7a:<\/p>\n<p>30g<\/p>\n<p>&nbsp;<\/p>\n<p>\ud83e\uddf5 Material utilizado:<\/p>\n<p>Filamento Velvet<\/p>\n<p>&nbsp;<\/p>\n<p>Uma pe\u00e7a cheia de personalidade e detalhes n\u00edtidos, feita com carinho e precis\u00e3o por impress\u00e3o 3D.<\/p>\n","protected":false},"excerpt":{"rendered":"<p>Traga um toque divertido e ic\u00f4nico para sua decora\u00e7\u00e3o com essa miniatura colorida da Young-hee Round 6! Inspirada na famosa personagem da s\u00e9rie coreana, essa pe\u00e7a \u00e9 perfeita para f\u00e3s, colecionadores ou para presentear algu\u00e9m especial. &nbsp; \ud83e\udde9 Medidas da pe\u00e7a: Altura: 167,38 mm Largura: 78 mm Profundidade: 40,43 mm &nbsp; \u2696\ufe0f Peso da pe\u00e7a: [&hellip;]<\/p>\n","protected":false},"featured_media":0,"comment_status":"open","ping_status":"closed","template":"","meta":[],"product_brand":[],"product_cat":[15],"product_tag":[6112],"class_list":{"0":"post-388968","1":"product","2":"type-product","3":"status-publish","5":"product_cat-uncategorized","6":"product_tag-filmes-e-series","8":"first","9":"instock","10":"sale","11":"taxable","12":"shipping-taxable","13":"purchasable","14":"product-type-simple"},"yoast_head":"<!-- This site is optimized with the Yoast SEO plugin v25.1 - https:\/\/yoast.com\/wordpress\/plugins\/seo\/ -->\n<title>Boneca Young-hee Round 6 - MyStore - By STLFLIX<\/title>\n<meta name=\"robots\" content=\"index, follow, max-snippet:-1, max-image-preview:large, max-video-preview:-1\" \/>\n<link rel=\"canonical\" href=\"https:\/\/www.testeminhalojamandela.biz\/product\/boneca-young-hee-round-6\/\" \/>\n<meta property=\"og:locale\" content=\"tr_TR\" \/>\n<meta property=\"og:type\" content=\"article\" \/>\n<meta property=\"og:title\" content=\"Boneca Young-hee Round 6 - MyStore - By STLFLIX\" \/>\n<meta property=\"og:description\" content=\"Traga um toque divertido e ic\u00f4nico para sua decora\u00e7\u00e3o com essa miniatura colorida da Young-hee Round 6! Inspirada na famosa personagem da s\u00e9rie coreana, essa pe\u00e7a \u00e9 perfeita para f\u00e3s, colecionadores ou para presentear algu\u00e9m especial. &nbsp; \ud83e\udde9 Medidas da pe\u00e7a: Altura: 167,38 mm Largura: 78 mm Profundidade: 40,43 mm &nbsp; \u2696\ufe0f Peso da pe\u00e7a: [&hellip;]\" \/>\n<meta property=\"og:url\" content=\"https:\/\/www.testeminhalojamandela.biz\/product\/boneca-young-hee-round-6\/\" \/>\n<meta property=\"og:site_name\" content=\"MyStore - By STLFLIX\" \/>\n<meta property=\"article:publisher\" content=\"https:\/\/www.facebook.com\/STLFLIX\" \/>\n<meta property=\"article:modified_time\" content=\"2025-06-24T21:32:02+00:00\" \/>\n<meta name=\"twitter:card\" content=\"summary_large_image\" \/>\n<script type=\"application\/ld+json\" class=\"yoast-schema-graph\">{\"@context\":\"https:\/\/schema.org\",\"@graph\":[{\"@type\":\"WebPage\",\"@id\":\"https:\/\/www.testeminhalojamandela.biz\/product\/boneca-young-hee-round-6\/\",\"url\":\"https:\/\/www.testeminhalojamandela.biz\/product\/boneca-young-hee-round-6\/\",\"name\":\"Boneca Young-hee Round 6 - MyStore - By STLFLIX\",\"isPartOf\":{\"@id\":\"https:\/\/my.stlflix.com\/tr\/#website\"},\"datePublished\":\"2025-06-24T21:30:05+00:00\",\"dateModified\":\"2025-06-24T21:32:02+00:00\",\"breadcrumb\":{\"@id\":\"https:\/\/www.testeminhalojamandela.biz\/product\/boneca-young-hee-round-6\/#breadcrumb\"},\"inLanguage\":\"tr-TR\",\"potentialAction\":[{\"@type\":\"ReadAction\",\"target\":[\"https:\/\/www.testeminhalojamandela.biz\/product\/boneca-young-hee-round-6\/\"]}]},{\"@type\":\"BreadcrumbList\",\"@id\":\"https:\/\/www.testeminhalojamandela.biz\/product\/boneca-young-hee-round-6\/#breadcrumb\",\"itemListElement\":[{\"@type\":\"ListItem\",\"position\":1,\"name\":\"Home\",\"item\":\"https:\/\/my.stlflix.com\/\"},{\"@type\":\"ListItem\",\"position\":2,\"name\":\"Products\",\"item\":\"https:\/\/my.stlflix.com\/fr\/shop\/\"},{\"@type\":\"ListItem\",\"position\":3,\"name\":\"Boneca Young-hee Round 6\"}]},{\"@type\":\"WebSite\",\"@id\":\"https:\/\/my.stlflix.com\/tr\/#website\",\"url\":\"https:\/\/my.stlflix.com\/tr\/\",\"name\":\"MyStore - By STLFLIX\",\"description\":\"\",\"publisher\":{\"@id\":\"https:\/\/my.stlflix.com\/tr\/#organization\"},\"potentialAction\":[{\"@type\":\"SearchAction\",\"target\":{\"@type\":\"EntryPoint\",\"urlTemplate\":\"https:\/\/my.stlflix.com\/tr\/?s={search_term_string}\"},\"query-input\":{\"@type\":\"PropertyValueSpecification\",\"valueRequired\":true,\"valueName\":\"search_term_string\"}}],\"inLanguage\":\"tr-TR\"},{\"@type\":\"Organization\",\"@id\":\"https:\/\/my.stlflix.com\/tr\/#organization\",\"name\":\"MyStore - By STLFLIX\",\"url\":\"https:\/\/my.stlflix.com\/tr\/\",\"logo\":{\"@type\":\"ImageObject\",\"inLanguage\":\"tr-TR\",\"@id\":\"https:\/\/my.stlflix.com\/tr\/#\/schema\/logo\/image\/\",\"url\":\"https:\/\/my.stlflix.com\/wp-content\/uploads\/2024\/06\/logo-mystore.png\",\"contentUrl\":\"https:\/\/my.stlflix.com\/wp-content\/uploads\/2024\/06\/logo-mystore.png\",\"width\":150,\"height\":41,\"caption\":\"MyStore - By STLFLIX\"},\"image\":{\"@id\":\"https:\/\/my.stlflix.com\/tr\/#\/schema\/logo\/image\/\"},\"sameAs\":[\"https:\/\/www.facebook.com\/STLFLIX\",\"https:\/\/www.instagram.com\/stlflix_\/\",\"https:\/\/www.tiktok.com\/@stlflix\"]}]}<\/script>\n<!-- \/ Yoast SEO plugin. -->","yoast_head_json":{"title":"Boneca Young-hee Round 6 - MyStore - By STLFLIX","robots":{"index":"index","follow":"follow","max-snippet":"max-snippet:-1","max-image-preview":"max-image-preview:large","max-video-preview":"max-video-preview:-1"},"canonical":"https:\/\/www.testeminhalojamandela.biz\/product\/boneca-young-hee-round-6\/","og_locale":"tr_TR","og_type":"article","og_title":"Boneca Young-hee Round 6 - MyStore - By STLFLIX","og_description":"Traga um toque divertido e ic\u00f4nico para sua decora\u00e7\u00e3o com essa miniatura colorida da Young-hee Round 6! Inspirada na famosa personagem da s\u00e9rie coreana, essa pe\u00e7a \u00e9 perfeita para f\u00e3s, colecionadores ou para presentear algu\u00e9m especial. &nbsp; \ud83e\udde9 Medidas da pe\u00e7a: Altura: 167,38 mm Largura: 78 mm Profundidade: 40,43 mm &nbsp; \u2696\ufe0f Peso da pe\u00e7a: [&hellip;]","og_url":"https:\/\/www.testeminhalojamandela.biz\/product\/boneca-young-hee-round-6\/","og_site_name":"MyStore - By STLFLIX","article_publisher":"https:\/\/www.facebook.com\/STLFLIX","article_modified_time":"2025-06-24T21:32:02+00:00","twitter_card":"summary_large_image","schema":{"@context":"https:\/\/schema.org","@graph":[{"@type":"WebPage","@id":"https:\/\/www.testeminhalojamandela.biz\/product\/boneca-young-hee-round-6\/","url":"https:\/\/www.testeminhalojamandela.biz\/product\/boneca-young-hee-round-6\/","name":"Boneca Young-hee Round 6 - MyStore - By STLFLIX","isPartOf":{"@id":"https:\/\/my.stlflix.com\/tr\/#website"},"datePublished":"2025-06-24T21:30:05+00:00","dateModified":"2025-06-24T21:32:02+00:00","breadcrumb":{"@id":"https:\/\/www.testeminhalojamandela.biz\/product\/boneca-young-hee-round-6\/#breadcrumb"},"inLanguage":"tr-TR","potentialAction":[{"@type":"ReadAction","target":["https:\/\/www.testeminhalojamandela.biz\/product\/boneca-young-hee-round-6\/"]}]},{"@type":"BreadcrumbList","@id":"https:\/\/www.testeminhalojamandela.biz\/product\/boneca-young-hee-round-6\/#breadcrumb","itemListElement":[{"@type":"ListItem","position":1,"name":"Home","item":"https:\/\/my.stlflix.com\/"},{"@type":"ListItem","position":2,"name":"Products","item":"https:\/\/my.stlflix.com\/fr\/shop\/"},{"@type":"ListItem","position":3,"name":"Boneca Young-hee Round 6"}]},{"@type":"WebSite","@id":"https:\/\/my.stlflix.com\/tr\/#website","url":"https:\/\/my.stlflix.com\/tr\/","name":"MyStore - By STLFLIX","description":"","publisher":{"@id":"https:\/\/my.stlflix.com\/tr\/#organization"},"potentialAction":[{"@type":"SearchAction","target":{"@type":"EntryPoint","urlTemplate":"https:\/\/my.stlflix.com\/tr\/?s={search_term_string}"},"query-input":{"@type":"PropertyValueSpecification","valueRequired":true,"valueName":"search_term_string"}}],"inLanguage":"tr-TR"},{"@type":"Organization","@id":"https:\/\/my.stlflix.com\/tr\/#organization","name":"MyStore - By STLFLIX","url":"https:\/\/my.stlflix.com\/tr\/","logo":{"@type":"ImageObject","inLanguage":"tr-TR","@id":"https:\/\/my.stlflix.com\/tr\/#\/schema\/logo\/image\/","url":"https:\/\/my.stlflix.com\/wp-content\/uploads\/2024\/06\/logo-mystore.png","contentUrl":"https:\/\/my.stlflix.com\/wp-content\/uploads\/2024\/06\/logo-mystore.png","width":150,"height":41,"caption":"MyStore - By STLFLIX"},"image":{"@id":"https:\/\/my.stlflix.com\/tr\/#\/schema\/logo\/image\/"},"sameAs":["https:\/\/www.facebook.com\/STLFLIX","https:\/\/www.instagram.com\/stlflix_\/","https:\/\/www.tiktok.com\/@stlflix"]}]}},"_links":{"self":[{"href":"https:\/\/my.stlflix.com\/tr\/wp-json\/wp\/v2\/product\/388968","targetHints":{"allow":["GET"]}}],"collection":[{"href":"https:\/\/my.stlflix.com\/tr\/wp-json\/wp\/v2\/product"}],"about":[{"href":"https:\/\/my.stlflix.com\/tr\/wp-json\/wp\/v2\/types\/product"}],"replies":[{"embeddable":true,"href":"https:\/\/my.stlflix.com\/tr\/wp-json\/wp\/v2\/comments?post=388968"}],"wp:attachment":[{"href":"https:\/\/my.stlflix.com\/tr\/wp-json\/wp\/v2\/media?parent=388968"}],"wp:term":[{"taxonomy":"product_brand","embeddable":true,"href":"https:\/\/my.stlflix.com\/tr\/wp-json\/wp\/v2\/product_brand?post=388968"},{"taxonomy":"product_cat","embeddable":true,"href":"https:\/\/my.stlflix.com\/tr\/wp-json\/wp\/v2\/product_cat?post=388968"},{"taxonomy":"product_tag","embeddable":true,"href":"https:\/\/my.stlflix.com\/tr\/wp-json\/wp\/v2\/product_tag?post=388968"}],"curies":[{"name":"wp","href":"https:\/\/api.w.org\/{rel}","templated":true}]}}