{"id":436685,"date":"2025-09-17T00:04:59","date_gmt":"2025-09-17T00:04:59","guid":{"rendered":"https:\/\/my.stlflix.com\/?post_type=product&#038;p=436685"},"modified":"2025-09-24T22:23:09","modified_gmt":"2025-09-24T22:23:09","slug":"the-parthenon-68c9dda32348a","status":"publish","type":"product","link":"https:\/\/my.stlflix.com\/tr\/product\/the-parthenon-68c9dda32348a\/","title":{"rendered":"The Parthenon"},"content":{"rendered":"<p data-start=\"71\" data-end=\"183\">O <strong data-start=\"73\" data-end=\"86\">Parthenon<\/strong> \u00e9 o templo mais importante da Gr\u00e9cia Antiga e um dos maiores s\u00edmbolos da civiliza\u00e7\u00e3o cl\u00e1ssica.<\/p>\n<ul data-start=\"185\" data-end=\"1099\">\n<li data-start=\"185\" data-end=\"296\">\n<p data-start=\"187\" data-end=\"296\"><strong data-start=\"187\" data-end=\"202\">Constru\u00e7\u00e3o:<\/strong> erguido entre <strong data-start=\"217\" data-end=\"235\">447 e 432 a.C.<\/strong>, durante o governo de <strong data-start=\"258\" data-end=\"270\">P\u00e9ricles<\/strong>, na Acr\u00f3pole de Atenas.<\/p>\n<\/li>\n<li data-start=\"297\" data-end=\"449\">\n<p data-start=\"299\" data-end=\"449\"><strong data-start=\"299\" data-end=\"315\">Arquitetura:<\/strong> dedicado \u00e0 deusa <strong data-start=\"333\" data-end=\"342\">Atena<\/strong>, padroeira da cidade; \u00e9 um exemplo da arquitetura <strong data-start=\"393\" data-end=\"403\">d\u00f3rica<\/strong>, constru\u00eddo em m\u00e1rmore branco do Pent\u00e9lico.<\/p>\n<\/li>\n<li data-start=\"450\" data-end=\"635\">\n<p data-start=\"452\" data-end=\"635\"><strong data-start=\"452\" data-end=\"463\">Fun\u00e7\u00e3o:<\/strong> inicialmente servia como templo religioso, mas ao longo da hist\u00f3ria j\u00e1 foi convertido em igreja crist\u00e3, mesquita e at\u00e9 dep\u00f3sito de p\u00f3lvora (sofrendo danos em explos\u00f5es).<\/p>\n<\/li>\n<li data-start=\"636\" data-end=\"782\">\n<p data-start=\"638\" data-end=\"782\"><strong data-start=\"638\" data-end=\"652\">Estrutura:<\/strong> tinha uma enorme est\u00e1tua de Atena feita por F\u00eddias, ricamente decorada, al\u00e9m de frisos e esculturas representando mitos gregos.<\/p>\n<\/li>\n<li data-start=\"783\" data-end=\"932\">\n<p data-start=\"785\" data-end=\"932\"><strong data-start=\"785\" data-end=\"801\">Significado:<\/strong> representa o auge do poder e da cultura de Atenas no per\u00edodo cl\u00e1ssico, sendo s\u00edmbolo de <strong data-start=\"890\" data-end=\"929\">democracia, arte e filosofia gregas<\/strong>.<\/p>\n<\/li>\n<li data-start=\"933\" data-end=\"1099\">\n<p data-start=\"935\" data-end=\"1099\"><strong data-start=\"935\" data-end=\"950\">Atualidade:<\/strong> embora parcialmente em ru\u00ednas, continua sendo um dos monumentos mais visitados do mundo e est\u00e1 classificado como <strong data-start=\"1064\" data-end=\"1096\">Patrim\u00f4nio Mundial da UNESCO<\/strong>.<\/p>\n<\/li>\n<li data-start=\"720\" data-end=\"950\"><strong>Medidas do produto:<\/strong> 19cm x 12cm x 10cm<\/li>\n<li data-start=\"720\" data-end=\"950\"><strong>Peso do produto:<\/strong> 0,250 kg<\/li>\n<\/ul>\n","protected":false},"excerpt":{"rendered":"<p>O Parthenon \u00e9 o templo mais importante da Gr\u00e9cia Antiga e um dos maiores s\u00edmbolos da civiliza\u00e7\u00e3o cl\u00e1ssica. Constru\u00e7\u00e3o: erguido entre 447 e 432 a.C., durante o governo de P\u00e9ricles, na Acr\u00f3pole de Atenas. Arquitetura: dedicado \u00e0 deusa Atena, padroeira da cidade; \u00e9 um exemplo da arquitetura d\u00f3rica, constru\u00eddo em m\u00e1rmore branco do Pent\u00e9lico. Fun\u00e7\u00e3o: [&hellip;]<\/p>\n","protected":false},"featured_media":55716,"comment_status":"open","ping_status":"closed","template":"","meta":[],"product_brand":[],"product_cat":[505],"product_tag":[6402],"class_list":{"0":"post-436685","1":"product","2":"type-product","3":"status-publish","4":"has-post-thumbnail","6":"product_cat-architecture-city","7":"product_tag-arquitetura","9":"first","10":"onbackorder","11":"purchasable","12":"product-type-simple"},"yoast_head":"<!-- This site is optimized with the Yoast SEO plugin v25.1 - https:\/\/yoast.com\/wordpress\/plugins\/seo\/ -->\n<title>The Parthenon - MyStore - By STLFLIX<\/title>\n<meta name=\"robots\" content=\"index, follow, max-snippet:-1, max-image-preview:large, max-video-preview:-1\" \/>\n<link rel=\"canonical\" href=\"https:\/\/my.stlflix.com\/product\/the-parthenon-68c9dda32348a\/\" \/>\n<meta property=\"og:locale\" content=\"tr_TR\" \/>\n<meta property=\"og:type\" content=\"article\" \/>\n<meta property=\"og:title\" content=\"The Parthenon - MyStore - By STLFLIX\" \/>\n<meta property=\"og:description\" content=\"O Parthenon \u00e9 o templo mais importante da Gr\u00e9cia Antiga e um dos maiores s\u00edmbolos da civiliza\u00e7\u00e3o cl\u00e1ssica. Constru\u00e7\u00e3o: erguido entre 447 e 432 a.C., durante o governo de P\u00e9ricles, na Acr\u00f3pole de Atenas. Arquitetura: dedicado \u00e0 deusa Atena, padroeira da cidade; \u00e9 um exemplo da arquitetura d\u00f3rica, constru\u00eddo em m\u00e1rmore branco do Pent\u00e9lico. Fun\u00e7\u00e3o: [&hellip;]\" \/>\n<meta property=\"og:url\" content=\"https:\/\/my.stlflix.com\/product\/the-parthenon-68c9dda32348a\/\" \/>\n<meta property=\"og:site_name\" content=\"MyStore - By STLFLIX\" \/>\n<meta property=\"article:publisher\" content=\"https:\/\/www.facebook.com\/STLFLIX\" \/>\n<meta property=\"article:modified_time\" content=\"2025-09-24T22:23:09+00:00\" \/>\n<meta property=\"og:image\" content=\"https:\/\/my.stlflix.com\/wp-content\/uploads\/2024\/08\/The_Parthenonthumb_1245a436e1.jpg\" \/>\n\t<meta property=\"og:image:width\" content=\"1080\" \/>\n\t<meta property=\"og:image:height\" content=\"1350\" \/>\n\t<meta property=\"og:image:type\" content=\"image\/jpeg\" \/>\n<meta name=\"twitter:card\" content=\"summary_large_image\" \/>\n<meta name=\"twitter:label1\" content=\"Est. reading time\" \/>\n\t<meta name=\"twitter:data1\" content=\"1 minute\" \/>\n<script type=\"application\/ld+json\" class=\"yoast-schema-graph\">{\"@context\":\"https:\/\/schema.org\",\"@graph\":[{\"@type\":\"WebPage\",\"@id\":\"https:\/\/my.stlflix.com\/product\/the-parthenon-68c9dda32348a\/\",\"url\":\"https:\/\/my.stlflix.com\/product\/the-parthenon-68c9dda32348a\/\",\"name\":\"The Parthenon - MyStore - By STLFLIX\",\"isPartOf\":{\"@id\":\"https:\/\/my.stlflix.com\/tr\/#website\"},\"primaryImageOfPage\":{\"@id\":\"https:\/\/my.stlflix.com\/product\/the-parthenon-68c9dda32348a\/#primaryimage\"},\"image\":{\"@id\":\"https:\/\/my.stlflix.com\/product\/the-parthenon-68c9dda32348a\/#primaryimage\"},\"thumbnailUrl\":\"https:\/\/my.stlflix.com\/wp-content\/uploads\/2024\/08\/The_Parthenonthumb_1245a436e1.jpg\",\"datePublished\":\"2025-09-17T00:04:59+00:00\",\"dateModified\":\"2025-09-24T22:23:09+00:00\",\"breadcrumb\":{\"@id\":\"https:\/\/my.stlflix.com\/product\/the-parthenon-68c9dda32348a\/#breadcrumb\"},\"inLanguage\":\"tr-TR\",\"potentialAction\":[{\"@type\":\"ReadAction\",\"target\":[\"https:\/\/my.stlflix.com\/product\/the-parthenon-68c9dda32348a\/\"]}]},{\"@type\":\"ImageObject\",\"inLanguage\":\"tr-TR\",\"@id\":\"https:\/\/my.stlflix.com\/product\/the-parthenon-68c9dda32348a\/#primaryimage\",\"url\":\"https:\/\/my.stlflix.com\/wp-content\/uploads\/2024\/08\/The_Parthenonthumb_1245a436e1.jpg\",\"contentUrl\":\"https:\/\/my.stlflix.com\/wp-content\/uploads\/2024\/08\/The_Parthenonthumb_1245a436e1.jpg\",\"width\":1080,\"height\":1350},{\"@type\":\"BreadcrumbList\",\"@id\":\"https:\/\/my.stlflix.com\/product\/the-parthenon-68c9dda32348a\/#breadcrumb\",\"itemListElement\":[{\"@type\":\"ListItem\",\"position\":1,\"name\":\"Home\",\"item\":\"https:\/\/my.stlflix.com\/\"},{\"@type\":\"ListItem\",\"position\":2,\"name\":\"Products\",\"item\":\"https:\/\/my.stlflix.com\/fr\/shop\/\"},{\"@type\":\"ListItem\",\"position\":3,\"name\":\"The Parthenon\"}]},{\"@type\":\"WebSite\",\"@id\":\"https:\/\/my.stlflix.com\/tr\/#website\",\"url\":\"https:\/\/my.stlflix.com\/tr\/\",\"name\":\"MyStore - By STLFLIX\",\"description\":\"\",\"publisher\":{\"@id\":\"https:\/\/my.stlflix.com\/tr\/#organization\"},\"potentialAction\":[{\"@type\":\"SearchAction\",\"target\":{\"@type\":\"EntryPoint\",\"urlTemplate\":\"https:\/\/my.stlflix.com\/tr\/?s={search_term_string}\"},\"query-input\":{\"@type\":\"PropertyValueSpecification\",\"valueRequired\":true,\"valueName\":\"search_term_string\"}}],\"inLanguage\":\"tr-TR\"},{\"@type\":\"Organization\",\"@id\":\"https:\/\/my.stlflix.com\/tr\/#organization\",\"name\":\"MyStore - By STLFLIX\",\"url\":\"https:\/\/my.stlflix.com\/tr\/\",\"logo\":{\"@type\":\"ImageObject\",\"inLanguage\":\"tr-TR\",\"@id\":\"https:\/\/my.stlflix.com\/tr\/#\/schema\/logo\/image\/\",\"url\":\"https:\/\/my.stlflix.com\/wp-content\/uploads\/2024\/06\/logo-mystore.png\",\"contentUrl\":\"https:\/\/my.stlflix.com\/wp-content\/uploads\/2024\/06\/logo-mystore.png\",\"width\":150,\"height\":41,\"caption\":\"MyStore - By STLFLIX\"},\"image\":{\"@id\":\"https:\/\/my.stlflix.com\/tr\/#\/schema\/logo\/image\/\"},\"sameAs\":[\"https:\/\/www.facebook.com\/STLFLIX\",\"https:\/\/www.instagram.com\/stlflix_\/\",\"https:\/\/www.tiktok.com\/@stlflix\"]}]}<\/script>\n<!-- \/ Yoast SEO plugin. -->","yoast_head_json":{"title":"The Parthenon - MyStore - By STLFLIX","robots":{"index":"index","follow":"follow","max-snippet":"max-snippet:-1","max-image-preview":"max-image-preview:large","max-video-preview":"max-video-preview:-1"},"canonical":"https:\/\/my.stlflix.com\/product\/the-parthenon-68c9dda32348a\/","og_locale":"tr_TR","og_type":"article","og_title":"The Parthenon - MyStore - By STLFLIX","og_description":"O Parthenon \u00e9 o templo mais importante da Gr\u00e9cia Antiga e um dos maiores s\u00edmbolos da civiliza\u00e7\u00e3o cl\u00e1ssica. Constru\u00e7\u00e3o: erguido entre 447 e 432 a.C., durante o governo de P\u00e9ricles, na Acr\u00f3pole de Atenas. Arquitetura: dedicado \u00e0 deusa Atena, padroeira da cidade; \u00e9 um exemplo da arquitetura d\u00f3rica, constru\u00eddo em m\u00e1rmore branco do Pent\u00e9lico. Fun\u00e7\u00e3o: [&hellip;]","og_url":"https:\/\/my.stlflix.com\/product\/the-parthenon-68c9dda32348a\/","og_site_name":"MyStore - By STLFLIX","article_publisher":"https:\/\/www.facebook.com\/STLFLIX","article_modified_time":"2025-09-24T22:23:09+00:00","og_image":[{"width":1080,"height":1350,"url":"https:\/\/my.stlflix.com\/wp-content\/uploads\/2024\/08\/The_Parthenonthumb_1245a436e1.jpg","type":"image\/jpeg"}],"twitter_card":"summary_large_image","twitter_misc":{"Est. reading time":"1 minute"},"schema":{"@context":"https:\/\/schema.org","@graph":[{"@type":"WebPage","@id":"https:\/\/my.stlflix.com\/product\/the-parthenon-68c9dda32348a\/","url":"https:\/\/my.stlflix.com\/product\/the-parthenon-68c9dda32348a\/","name":"The Parthenon - MyStore - By STLFLIX","isPartOf":{"@id":"https:\/\/my.stlflix.com\/tr\/#website"},"primaryImageOfPage":{"@id":"https:\/\/my.stlflix.com\/product\/the-parthenon-68c9dda32348a\/#primaryimage"},"image":{"@id":"https:\/\/my.stlflix.com\/product\/the-parthenon-68c9dda32348a\/#primaryimage"},"thumbnailUrl":"https:\/\/my.stlflix.com\/wp-content\/uploads\/2024\/08\/The_Parthenonthumb_1245a436e1.jpg","datePublished":"2025-09-17T00:04:59+00:00","dateModified":"2025-09-24T22:23:09+00:00","breadcrumb":{"@id":"https:\/\/my.stlflix.com\/product\/the-parthenon-68c9dda32348a\/#breadcrumb"},"inLanguage":"tr-TR","potentialAction":[{"@type":"ReadAction","target":["https:\/\/my.stlflix.com\/product\/the-parthenon-68c9dda32348a\/"]}]},{"@type":"ImageObject","inLanguage":"tr-TR","@id":"https:\/\/my.stlflix.com\/product\/the-parthenon-68c9dda32348a\/#primaryimage","url":"https:\/\/my.stlflix.com\/wp-content\/uploads\/2024\/08\/The_Parthenonthumb_1245a436e1.jpg","contentUrl":"https:\/\/my.stlflix.com\/wp-content\/uploads\/2024\/08\/The_Parthenonthumb_1245a436e1.jpg","width":1080,"height":1350},{"@type":"BreadcrumbList","@id":"https:\/\/my.stlflix.com\/product\/the-parthenon-68c9dda32348a\/#breadcrumb","itemListElement":[{"@type":"ListItem","position":1,"name":"Home","item":"https:\/\/my.stlflix.com\/"},{"@type":"ListItem","position":2,"name":"Products","item":"https:\/\/my.stlflix.com\/fr\/shop\/"},{"@type":"ListItem","position":3,"name":"The Parthenon"}]},{"@type":"WebSite","@id":"https:\/\/my.stlflix.com\/tr\/#website","url":"https:\/\/my.stlflix.com\/tr\/","name":"MyStore - By STLFLIX","description":"","publisher":{"@id":"https:\/\/my.stlflix.com\/tr\/#organization"},"potentialAction":[{"@type":"SearchAction","target":{"@type":"EntryPoint","urlTemplate":"https:\/\/my.stlflix.com\/tr\/?s={search_term_string}"},"query-input":{"@type":"PropertyValueSpecification","valueRequired":true,"valueName":"search_term_string"}}],"inLanguage":"tr-TR"},{"@type":"Organization","@id":"https:\/\/my.stlflix.com\/tr\/#organization","name":"MyStore - By STLFLIX","url":"https:\/\/my.stlflix.com\/tr\/","logo":{"@type":"ImageObject","inLanguage":"tr-TR","@id":"https:\/\/my.stlflix.com\/tr\/#\/schema\/logo\/image\/","url":"https:\/\/my.stlflix.com\/wp-content\/uploads\/2024\/06\/logo-mystore.png","contentUrl":"https:\/\/my.stlflix.com\/wp-content\/uploads\/2024\/06\/logo-mystore.png","width":150,"height":41,"caption":"MyStore - By STLFLIX"},"image":{"@id":"https:\/\/my.stlflix.com\/tr\/#\/schema\/logo\/image\/"},"sameAs":["https:\/\/www.facebook.com\/STLFLIX","https:\/\/www.instagram.com\/stlflix_\/","https:\/\/www.tiktok.com\/@stlflix"]}]}},"_links":{"self":[{"href":"https:\/\/my.stlflix.com\/tr\/wp-json\/wp\/v2\/product\/436685","targetHints":{"allow":["GET"]}}],"collection":[{"href":"https:\/\/my.stlflix.com\/tr\/wp-json\/wp\/v2\/product"}],"about":[{"href":"https:\/\/my.stlflix.com\/tr\/wp-json\/wp\/v2\/types\/product"}],"replies":[{"embeddable":true,"href":"https:\/\/my.stlflix.com\/tr\/wp-json\/wp\/v2\/comments?post=436685"}],"wp:featuredmedia":[{"embeddable":true,"href":"https:\/\/my.stlflix.com\/tr\/wp-json\/wp\/v2\/media\/55716"}],"wp:attachment":[{"href":"https:\/\/my.stlflix.com\/tr\/wp-json\/wp\/v2\/media?parent=436685"}],"wp:term":[{"taxonomy":"product_brand","embeddable":true,"href":"https:\/\/my.stlflix.com\/tr\/wp-json\/wp\/v2\/product_brand?post=436685"},{"taxonomy":"product_cat","embeddable":true,"href":"https:\/\/my.stlflix.com\/tr\/wp-json\/wp\/v2\/product_cat?post=436685"},{"taxonomy":"product_tag","embeddable":true,"href":"https:\/\/my.stlflix.com\/tr\/wp-json\/wp\/v2\/product_tag?post=436685"}],"curies":[{"name":"wp","href":"https:\/\/api.w.org\/{rel}","templated":true}]}}