{"id":436821,"date":"2025-09-21T22:59:04","date_gmt":"2025-09-21T22:59:04","guid":{"rendered":"https:\/\/my.stlflix.com\/?post_type=product&#038;p=436821"},"modified":"2025-09-24T22:17:36","modified_gmt":"2025-09-24T22:17:36","slug":"upper-and-lower-dental-arch-68cac1fbc209c","status":"publish","type":"product","link":"https:\/\/my.stlflix.com\/tr\/product\/upper-and-lower-dental-arch-68cac1fbc209c\/","title":{"rendered":"Upper and Lower Dental Arch"},"content":{"rendered":"<p data-start=\"145\" data-end=\"383\">As <strong data-start=\"148\" data-end=\"169\">arcadas dent\u00e1rias<\/strong> s\u00e3o os arcos formados pela disposi\u00e7\u00e3o dos dentes no <strong data-start=\"222\" data-end=\"242\">maxilar superior<\/strong> (upper) e na <strong data-start=\"256\" data-end=\"278\">mand\u00edbula inferior<\/strong> (lower). Elas trabalham em harmonia para realizar a mastiga\u00e7\u00e3o, a fala e manter a est\u00e9tica do sorriso.<\/p>\n<ul data-start=\"385\" data-end=\"1172\">\n<li data-start=\"385\" data-end=\"612\">\n<p data-start=\"387\" data-end=\"429\"><strong data-start=\"387\" data-end=\"427\">Arcada superior (upper dental arch):<\/strong><\/p>\n<ul data-start=\"432\" data-end=\"612\">\n<li data-start=\"432\" data-end=\"467\">\n<p data-start=\"434\" data-end=\"467\">Localizada no <strong data-start=\"448\" data-end=\"464\">osso maxilar<\/strong>.<\/p>\n<\/li>\n<li data-start=\"470\" data-end=\"499\">\n<p data-start=\"472\" data-end=\"499\">Tem formato mais ovalado.<\/p>\n<\/li>\n<li data-start=\"502\" data-end=\"612\">\n<p data-start=\"504\" data-end=\"612\">\u00c9 geralmente <strong data-start=\"517\" data-end=\"526\">maior<\/strong> que a inferior, recobrindo levemente os dentes de baixo (sobremordida fisiol\u00f3gica).<\/p>\n<\/li>\n<\/ul>\n<\/li>\n<li data-start=\"614\" data-end=\"832\">\n<p data-start=\"616\" data-end=\"658\"><strong data-start=\"616\" data-end=\"656\">Arcada inferior (lower dental arch):<\/strong><\/p>\n<ul data-start=\"661\" data-end=\"832\">\n<li data-start=\"661\" data-end=\"721\">\n<p data-start=\"663\" data-end=\"721\">Localizada na <strong data-start=\"677\" data-end=\"690\">mand\u00edbula<\/strong>, \u00fanico osso m\u00f3vel do cr\u00e2nio.<\/p>\n<\/li>\n<li data-start=\"724\" data-end=\"752\">\n<p data-start=\"726\" data-end=\"752\">Tem formato mais em \u201cU\u201d.<\/p>\n<\/li>\n<li data-start=\"755\" data-end=\"832\">\n<p data-start=\"757\" data-end=\"832\">Movimenta-se para cima, baixo e lateralmente durante a mastiga\u00e7\u00e3o e fala.<\/p>\n<\/li>\n<\/ul>\n<\/li>\n<li data-start=\"834\" data-end=\"999\">\n<p data-start=\"836\" data-end=\"867\"><strong data-start=\"836\" data-end=\"865\">Denti\u00e7\u00e3o adulta completa:<\/strong><\/p>\n<ul data-start=\"870\" data-end=\"999\">\n<li data-start=\"870\" data-end=\"951\">\n<p data-start=\"872\" data-end=\"951\">Cada arcada possui <strong data-start=\"891\" data-end=\"904\">16 dentes<\/strong> (incisivos, caninos, pr\u00e9-molares e molares).<\/p>\n<\/li>\n<li data-start=\"954\" data-end=\"999\">\n<p data-start=\"956\" data-end=\"999\">Total de <strong data-start=\"965\" data-end=\"978\">32 dentes<\/strong> na boca do adulto.<\/p>\n<\/li>\n<\/ul>\n<\/li>\n<li data-start=\"1001\" data-end=\"1172\">\n<p data-start=\"1003\" data-end=\"1028\"><strong data-start=\"1003\" data-end=\"1026\">Fun\u00e7\u00f5es principais:<\/strong><\/p>\n<ul data-start=\"1031\" data-end=\"1172\">\n<li data-start=\"1031\" data-end=\"1108\">\n<p data-start=\"1033\" data-end=\"1108\"><strong data-start=\"1033\" data-end=\"1057\">Mastiga\u00e7\u00e3o eficiente<\/strong> pela oclus\u00e3o (contato correto entre as arcadas).<\/p>\n<\/li>\n<li data-start=\"1111\" data-end=\"1135\">\n<p data-start=\"1113\" data-end=\"1135\"><strong data-start=\"1113\" data-end=\"1132\">Fala articulada<\/strong>.<\/p>\n<\/li>\n<li data-start=\"1138\" data-end=\"1172\">\n<p data-start=\"1140\" data-end=\"1172\"><strong data-start=\"1140\" data-end=\"1169\">Est\u00e9tica e suporte facial<\/strong>.<\/p>\n<\/li>\n<li data-start=\"720\" data-end=\"950\"><strong>Medidas do produto:<\/strong> 12cm x 15cm x 15cm<\/li>\n<li data-start=\"720\" data-end=\"950\"><strong>Peso do produto:<\/strong> 0,421 kg<\/li>\n<\/ul>\n<\/li>\n<\/ul>\n","protected":false},"excerpt":{"rendered":"<p>As arcadas dent\u00e1rias s\u00e3o os arcos formados pela disposi\u00e7\u00e3o dos dentes no maxilar superior (upper) e na mand\u00edbula inferior (lower). Elas trabalham em harmonia para realizar a mastiga\u00e7\u00e3o, a fala e manter a est\u00e9tica do sorriso. Arcada superior (upper dental arch): Localizada no osso maxilar. Tem formato mais ovalado. \u00c9 geralmente maior que a inferior, [&hellip;]<\/p>\n","protected":false},"featured_media":1919,"comment_status":"open","ping_status":"closed","template":"","meta":[],"product_brand":[],"product_cat":[15],"product_tag":[736],"class_list":{"0":"post-436821","1":"product","2":"type-product","3":"status-publish","4":"has-post-thumbnail","6":"product_cat-uncategorized","7":"product_tag-anatomia","9":"first","10":"onbackorder","11":"purchasable","12":"product-type-simple"},"yoast_head":"<!-- This site is optimized with the Yoast SEO plugin v25.1 - https:\/\/yoast.com\/wordpress\/plugins\/seo\/ -->\n<title>Upper and Lower Dental Arch - MyStore - By STLFLIX<\/title>\n<meta name=\"robots\" content=\"index, follow, max-snippet:-1, max-image-preview:large, max-video-preview:-1\" \/>\n<link rel=\"canonical\" href=\"https:\/\/www.testeminhalojamandela.biz\/product\/upper-and-lower-dental-arch-68cac1fbc209c\/\" \/>\n<meta property=\"og:locale\" content=\"tr_TR\" \/>\n<meta property=\"og:type\" content=\"article\" \/>\n<meta property=\"og:title\" content=\"Upper and Lower Dental Arch - MyStore - By STLFLIX\" \/>\n<meta property=\"og:description\" content=\"As arcadas dent\u00e1rias s\u00e3o os arcos formados pela disposi\u00e7\u00e3o dos dentes no maxilar superior (upper) e na mand\u00edbula inferior (lower). Elas trabalham em harmonia para realizar a mastiga\u00e7\u00e3o, a fala e manter a est\u00e9tica do sorriso. Arcada superior (upper dental arch): Localizada no osso maxilar. Tem formato mais ovalado. \u00c9 geralmente maior que a inferior, [&hellip;]\" \/>\n<meta property=\"og:url\" content=\"https:\/\/www.testeminhalojamandela.biz\/product\/upper-and-lower-dental-arch-68cac1fbc209c\/\" \/>\n<meta property=\"og:site_name\" content=\"MyStore - By STLFLIX\" \/>\n<meta property=\"article:publisher\" content=\"https:\/\/www.facebook.com\/STLFLIX\" \/>\n<meta property=\"article:modified_time\" content=\"2025-09-24T22:17:36+00:00\" \/>\n<meta property=\"og:image\" content=\"https:\/\/www.testeminhalojamandela.biz\/wp-content\/uploads\/2024\/03\/Upper_and_Lower_Dental_Arch_thumb_7a72e49920.jpg\" \/>\n\t<meta property=\"og:image:width\" content=\"1080\" \/>\n\t<meta property=\"og:image:height\" content=\"1350\" \/>\n\t<meta property=\"og:image:type\" content=\"image\/jpeg\" \/>\n<meta name=\"twitter:card\" content=\"summary_large_image\" \/>\n<meta name=\"twitter:label1\" content=\"Est. reading time\" \/>\n\t<meta name=\"twitter:data1\" content=\"1 minute\" \/>\n<script type=\"application\/ld+json\" class=\"yoast-schema-graph\">{\"@context\":\"https:\/\/schema.org\",\"@graph\":[{\"@type\":\"WebPage\",\"@id\":\"https:\/\/www.testeminhalojamandela.biz\/product\/upper-and-lower-dental-arch-68cac1fbc209c\/\",\"url\":\"https:\/\/www.testeminhalojamandela.biz\/product\/upper-and-lower-dental-arch-68cac1fbc209c\/\",\"name\":\"Upper and Lower Dental Arch - MyStore - By STLFLIX\",\"isPartOf\":{\"@id\":\"https:\/\/my.stlflix.com\/tr\/#website\"},\"primaryImageOfPage\":{\"@id\":\"https:\/\/www.testeminhalojamandela.biz\/product\/upper-and-lower-dental-arch-68cac1fbc209c\/#primaryimage\"},\"image\":{\"@id\":\"https:\/\/www.testeminhalojamandela.biz\/product\/upper-and-lower-dental-arch-68cac1fbc209c\/#primaryimage\"},\"thumbnailUrl\":\"https:\/\/my.stlflix.com\/wp-content\/uploads\/2024\/03\/Upper_and_Lower_Dental_Arch_thumb_7a72e49920.jpg\",\"datePublished\":\"2025-09-21T22:59:04+00:00\",\"dateModified\":\"2025-09-24T22:17:36+00:00\",\"breadcrumb\":{\"@id\":\"https:\/\/www.testeminhalojamandela.biz\/product\/upper-and-lower-dental-arch-68cac1fbc209c\/#breadcrumb\"},\"inLanguage\":\"tr-TR\",\"potentialAction\":[{\"@type\":\"ReadAction\",\"target\":[\"https:\/\/www.testeminhalojamandela.biz\/product\/upper-and-lower-dental-arch-68cac1fbc209c\/\"]}]},{\"@type\":\"ImageObject\",\"inLanguage\":\"tr-TR\",\"@id\":\"https:\/\/www.testeminhalojamandela.biz\/product\/upper-and-lower-dental-arch-68cac1fbc209c\/#primaryimage\",\"url\":\"https:\/\/my.stlflix.com\/wp-content\/uploads\/2024\/03\/Upper_and_Lower_Dental_Arch_thumb_7a72e49920.jpg\",\"contentUrl\":\"https:\/\/my.stlflix.com\/wp-content\/uploads\/2024\/03\/Upper_and_Lower_Dental_Arch_thumb_7a72e49920.jpg\",\"width\":1080,\"height\":1350},{\"@type\":\"BreadcrumbList\",\"@id\":\"https:\/\/www.testeminhalojamandela.biz\/product\/upper-and-lower-dental-arch-68cac1fbc209c\/#breadcrumb\",\"itemListElement\":[{\"@type\":\"ListItem\",\"position\":1,\"name\":\"Home\",\"item\":\"https:\/\/my.stlflix.com\/\"},{\"@type\":\"ListItem\",\"position\":2,\"name\":\"Products\",\"item\":\"https:\/\/my.stlflix.com\/fr\/shop\/\"},{\"@type\":\"ListItem\",\"position\":3,\"name\":\"Upper and Lower Dental Arch\"}]},{\"@type\":\"WebSite\",\"@id\":\"https:\/\/my.stlflix.com\/tr\/#website\",\"url\":\"https:\/\/my.stlflix.com\/tr\/\",\"name\":\"MyStore - By STLFLIX\",\"description\":\"\",\"publisher\":{\"@id\":\"https:\/\/my.stlflix.com\/tr\/#organization\"},\"potentialAction\":[{\"@type\":\"SearchAction\",\"target\":{\"@type\":\"EntryPoint\",\"urlTemplate\":\"https:\/\/my.stlflix.com\/tr\/?s={search_term_string}\"},\"query-input\":{\"@type\":\"PropertyValueSpecification\",\"valueRequired\":true,\"valueName\":\"search_term_string\"}}],\"inLanguage\":\"tr-TR\"},{\"@type\":\"Organization\",\"@id\":\"https:\/\/my.stlflix.com\/tr\/#organization\",\"name\":\"MyStore - By STLFLIX\",\"url\":\"https:\/\/my.stlflix.com\/tr\/\",\"logo\":{\"@type\":\"ImageObject\",\"inLanguage\":\"tr-TR\",\"@id\":\"https:\/\/my.stlflix.com\/tr\/#\/schema\/logo\/image\/\",\"url\":\"https:\/\/my.stlflix.com\/wp-content\/uploads\/2024\/06\/logo-mystore.png\",\"contentUrl\":\"https:\/\/my.stlflix.com\/wp-content\/uploads\/2024\/06\/logo-mystore.png\",\"width\":150,\"height\":41,\"caption\":\"MyStore - By STLFLIX\"},\"image\":{\"@id\":\"https:\/\/my.stlflix.com\/tr\/#\/schema\/logo\/image\/\"},\"sameAs\":[\"https:\/\/www.facebook.com\/STLFLIX\",\"https:\/\/www.instagram.com\/stlflix_\/\",\"https:\/\/www.tiktok.com\/@stlflix\"]}]}<\/script>\n<!-- \/ Yoast SEO plugin. -->","yoast_head_json":{"title":"Upper and Lower Dental Arch - MyStore - By STLFLIX","robots":{"index":"index","follow":"follow","max-snippet":"max-snippet:-1","max-image-preview":"max-image-preview:large","max-video-preview":"max-video-preview:-1"},"canonical":"https:\/\/www.testeminhalojamandela.biz\/product\/upper-and-lower-dental-arch-68cac1fbc209c\/","og_locale":"tr_TR","og_type":"article","og_title":"Upper and Lower Dental Arch - MyStore - By STLFLIX","og_description":"As arcadas dent\u00e1rias s\u00e3o os arcos formados pela disposi\u00e7\u00e3o dos dentes no maxilar superior (upper) e na mand\u00edbula inferior (lower). Elas trabalham em harmonia para realizar a mastiga\u00e7\u00e3o, a fala e manter a est\u00e9tica do sorriso. Arcada superior (upper dental arch): Localizada no osso maxilar. Tem formato mais ovalado. \u00c9 geralmente maior que a inferior, [&hellip;]","og_url":"https:\/\/www.testeminhalojamandela.biz\/product\/upper-and-lower-dental-arch-68cac1fbc209c\/","og_site_name":"MyStore - By STLFLIX","article_publisher":"https:\/\/www.facebook.com\/STLFLIX","article_modified_time":"2025-09-24T22:17:36+00:00","og_image":[{"width":1080,"height":1350,"url":"https:\/\/www.testeminhalojamandela.biz\/wp-content\/uploads\/2024\/03\/Upper_and_Lower_Dental_Arch_thumb_7a72e49920.jpg","type":"image\/jpeg"}],"twitter_card":"summary_large_image","twitter_misc":{"Est. reading time":"1 minute"},"schema":{"@context":"https:\/\/schema.org","@graph":[{"@type":"WebPage","@id":"https:\/\/www.testeminhalojamandela.biz\/product\/upper-and-lower-dental-arch-68cac1fbc209c\/","url":"https:\/\/www.testeminhalojamandela.biz\/product\/upper-and-lower-dental-arch-68cac1fbc209c\/","name":"Upper and Lower Dental Arch - MyStore - By STLFLIX","isPartOf":{"@id":"https:\/\/my.stlflix.com\/tr\/#website"},"primaryImageOfPage":{"@id":"https:\/\/www.testeminhalojamandela.biz\/product\/upper-and-lower-dental-arch-68cac1fbc209c\/#primaryimage"},"image":{"@id":"https:\/\/www.testeminhalojamandela.biz\/product\/upper-and-lower-dental-arch-68cac1fbc209c\/#primaryimage"},"thumbnailUrl":"https:\/\/my.stlflix.com\/wp-content\/uploads\/2024\/03\/Upper_and_Lower_Dental_Arch_thumb_7a72e49920.jpg","datePublished":"2025-09-21T22:59:04+00:00","dateModified":"2025-09-24T22:17:36+00:00","breadcrumb":{"@id":"https:\/\/www.testeminhalojamandela.biz\/product\/upper-and-lower-dental-arch-68cac1fbc209c\/#breadcrumb"},"inLanguage":"tr-TR","potentialAction":[{"@type":"ReadAction","target":["https:\/\/www.testeminhalojamandela.biz\/product\/upper-and-lower-dental-arch-68cac1fbc209c\/"]}]},{"@type":"ImageObject","inLanguage":"tr-TR","@id":"https:\/\/www.testeminhalojamandela.biz\/product\/upper-and-lower-dental-arch-68cac1fbc209c\/#primaryimage","url":"https:\/\/my.stlflix.com\/wp-content\/uploads\/2024\/03\/Upper_and_Lower_Dental_Arch_thumb_7a72e49920.jpg","contentUrl":"https:\/\/my.stlflix.com\/wp-content\/uploads\/2024\/03\/Upper_and_Lower_Dental_Arch_thumb_7a72e49920.jpg","width":1080,"height":1350},{"@type":"BreadcrumbList","@id":"https:\/\/www.testeminhalojamandela.biz\/product\/upper-and-lower-dental-arch-68cac1fbc209c\/#breadcrumb","itemListElement":[{"@type":"ListItem","position":1,"name":"Home","item":"https:\/\/my.stlflix.com\/"},{"@type":"ListItem","position":2,"name":"Products","item":"https:\/\/my.stlflix.com\/fr\/shop\/"},{"@type":"ListItem","position":3,"name":"Upper and Lower Dental Arch"}]},{"@type":"WebSite","@id":"https:\/\/my.stlflix.com\/tr\/#website","url":"https:\/\/my.stlflix.com\/tr\/","name":"MyStore - By STLFLIX","description":"","publisher":{"@id":"https:\/\/my.stlflix.com\/tr\/#organization"},"potentialAction":[{"@type":"SearchAction","target":{"@type":"EntryPoint","urlTemplate":"https:\/\/my.stlflix.com\/tr\/?s={search_term_string}"},"query-input":{"@type":"PropertyValueSpecification","valueRequired":true,"valueName":"search_term_string"}}],"inLanguage":"tr-TR"},{"@type":"Organization","@id":"https:\/\/my.stlflix.com\/tr\/#organization","name":"MyStore - By STLFLIX","url":"https:\/\/my.stlflix.com\/tr\/","logo":{"@type":"ImageObject","inLanguage":"tr-TR","@id":"https:\/\/my.stlflix.com\/tr\/#\/schema\/logo\/image\/","url":"https:\/\/my.stlflix.com\/wp-content\/uploads\/2024\/06\/logo-mystore.png","contentUrl":"https:\/\/my.stlflix.com\/wp-content\/uploads\/2024\/06\/logo-mystore.png","width":150,"height":41,"caption":"MyStore - By STLFLIX"},"image":{"@id":"https:\/\/my.stlflix.com\/tr\/#\/schema\/logo\/image\/"},"sameAs":["https:\/\/www.facebook.com\/STLFLIX","https:\/\/www.instagram.com\/stlflix_\/","https:\/\/www.tiktok.com\/@stlflix"]}]}},"_links":{"self":[{"href":"https:\/\/my.stlflix.com\/tr\/wp-json\/wp\/v2\/product\/436821","targetHints":{"allow":["GET"]}}],"collection":[{"href":"https:\/\/my.stlflix.com\/tr\/wp-json\/wp\/v2\/product"}],"about":[{"href":"https:\/\/my.stlflix.com\/tr\/wp-json\/wp\/v2\/types\/product"}],"replies":[{"embeddable":true,"href":"https:\/\/my.stlflix.com\/tr\/wp-json\/wp\/v2\/comments?post=436821"}],"wp:featuredmedia":[{"embeddable":true,"href":"https:\/\/my.stlflix.com\/tr\/wp-json\/wp\/v2\/media\/1919"}],"wp:attachment":[{"href":"https:\/\/my.stlflix.com\/tr\/wp-json\/wp\/v2\/media?parent=436821"}],"wp:term":[{"taxonomy":"product_brand","embeddable":true,"href":"https:\/\/my.stlflix.com\/tr\/wp-json\/wp\/v2\/product_brand?post=436821"},{"taxonomy":"product_cat","embeddable":true,"href":"https:\/\/my.stlflix.com\/tr\/wp-json\/wp\/v2\/product_cat?post=436821"},{"taxonomy":"product_tag","embeddable":true,"href":"https:\/\/my.stlflix.com\/tr\/wp-json\/wp\/v2\/product_tag?post=436821"}],"curies":[{"name":"wp","href":"https:\/\/api.w.org\/{rel}","templated":true}]}}