{"id":436823,"date":"2025-09-21T23:13:37","date_gmt":"2025-09-21T23:13:37","guid":{"rendered":"https:\/\/my.stlflix.com\/?post_type=product&#038;p=436823"},"modified":"2025-09-24T22:13:17","modified_gmt":"2025-09-24T22:13:17","slug":"human-eye-68cac2a34309c","status":"publish","type":"product","link":"https:\/\/my.stlflix.com\/tr\/product\/human-eye-68cac2a34309c\/","title":{"rendered":"Human Eye"},"content":{"rendered":"<p data-start=\"83\" data-end=\"333\">O <strong data-start=\"85\" data-end=\"100\">olho humano<\/strong> \u00e9 o \u00f3rg\u00e3o respons\u00e1vel pela vis\u00e3o, um dos sentidos mais importantes para a percep\u00e7\u00e3o do ambiente. Ele funciona como uma <strong data-start=\"220\" data-end=\"240\">c\u00e2mera biol\u00f3gica<\/strong>, captando a luz e transformando-a em impulsos nervosos que s\u00e3o interpretados pelo c\u00e9rebro.<\/p>\n<ul data-start=\"335\" data-end=\"1044\">\n<li data-start=\"335\" data-end=\"619\">\n<p data-start=\"337\" data-end=\"370\"><strong data-start=\"337\" data-end=\"368\">Principais partes externas:<\/strong><\/p>\n<ul data-start=\"373\" data-end=\"619\">\n<li data-start=\"373\" data-end=\"423\">\n<p data-start=\"375\" data-end=\"423\"><strong data-start=\"375\" data-end=\"387\">Esclera:<\/strong> parte branca, que protege o olho.<\/p>\n<\/li>\n<li data-start=\"426\" data-end=\"493\">\n<p data-start=\"428\" data-end=\"493\"><strong data-start=\"428\" data-end=\"439\">C\u00f3rnea:<\/strong> membrana transparente que permite a entrada da luz.<\/p>\n<\/li>\n<li data-start=\"496\" data-end=\"553\">\n<p data-start=\"498\" data-end=\"553\"><strong data-start=\"498\" data-end=\"507\">\u00cdris:<\/strong> parte colorida, regula a quantidade de luz.<\/p>\n<\/li>\n<li data-start=\"556\" data-end=\"619\">\n<p data-start=\"558\" data-end=\"619\"><strong data-start=\"558\" data-end=\"569\">Pupila:<\/strong> abertura central da \u00edris, por onde a luz entra.<\/p>\n<\/li>\n<\/ul>\n<\/li>\n<li data-start=\"621\" data-end=\"935\">\n<p data-start=\"623\" data-end=\"656\"><strong data-start=\"623\" data-end=\"654\">Principais partes internas:<\/strong><\/p>\n<ul data-start=\"659\" data-end=\"935\">\n<li data-start=\"659\" data-end=\"723\">\n<p data-start=\"661\" data-end=\"723\"><strong data-start=\"661\" data-end=\"676\">Cristalino:<\/strong> lente natural que foca as imagens na retina.<\/p>\n<\/li>\n<li data-start=\"726\" data-end=\"791\">\n<p data-start=\"728\" data-end=\"791\"><strong data-start=\"728\" data-end=\"739\">Retina:<\/strong> camada sens\u00edvel \u00e0 luz, onde se formam as imagens.<\/p>\n<\/li>\n<li data-start=\"794\" data-end=\"855\">\n<p data-start=\"796\" data-end=\"855\"><strong data-start=\"796\" data-end=\"813\">Nervo \u00f3ptico:<\/strong> leva os impulsos visuais at\u00e9 o c\u00e9rebro.<\/p>\n<\/li>\n<li data-start=\"858\" data-end=\"935\">\n<p data-start=\"860\" data-end=\"935\"><strong data-start=\"860\" data-end=\"877\">Humor v\u00edtreo:<\/strong> gel que preenche o interior do olho e mant\u00e9m sua forma.<\/p>\n<\/li>\n<\/ul>\n<\/li>\n<li data-start=\"937\" data-end=\"1044\">\n<p data-start=\"939\" data-end=\"1044\"><strong data-start=\"939\" data-end=\"950\">Fun\u00e7\u00e3o:<\/strong> captar a luz, focar a imagem na retina e enviar informa\u00e7\u00f5es ao c\u00e9rebro para formar a vis\u00e3o.<\/p>\n<\/li>\n<li data-start=\"720\" data-end=\"950\"><strong>Medidas do produto:<\/strong> 15cm x 7cm x 7cm<\/li>\n<li data-start=\"720\" data-end=\"950\"><strong>Peso do produto:<\/strong> 0,171 kg<\/li>\n<\/ul>\n","protected":false},"excerpt":{"rendered":"<p>O olho humano \u00e9 o \u00f3rg\u00e3o respons\u00e1vel pela vis\u00e3o, um dos sentidos mais importantes para a percep\u00e7\u00e3o do ambiente. Ele funciona como uma c\u00e2mera biol\u00f3gica, captando a luz e transformando-a em impulsos nervosos que s\u00e3o interpretados pelo c\u00e9rebro. Principais partes externas: Esclera: parte branca, que protege o olho. C\u00f3rnea: membrana transparente que permite a entrada [&hellip;]<\/p>\n","protected":false},"featured_media":1905,"comment_status":"open","ping_status":"closed","template":"","meta":[],"product_brand":[],"product_cat":[17],"product_tag":[736],"class_list":{"0":"post-436823","1":"product","2":"type-product","3":"status-publish","4":"has-post-thumbnail","6":"product_cat-educational","7":"product_tag-anatomia","9":"first","10":"onbackorder","11":"purchasable","12":"product-type-simple"},"yoast_head":"<!-- This site is optimized with the Yoast SEO plugin v25.1 - https:\/\/yoast.com\/wordpress\/plugins\/seo\/ -->\n<title>Human Eye - MyStore - By STLFLIX<\/title>\n<meta name=\"robots\" content=\"index, follow, max-snippet:-1, max-image-preview:large, max-video-preview:-1\" \/>\n<link rel=\"canonical\" href=\"https:\/\/my.stlflix.com\/product\/human-eye-68cac2a34309c\/\" \/>\n<meta property=\"og:locale\" content=\"tr_TR\" \/>\n<meta property=\"og:type\" content=\"article\" \/>\n<meta property=\"og:title\" content=\"Human Eye - MyStore - By STLFLIX\" \/>\n<meta property=\"og:description\" content=\"O olho humano \u00e9 o \u00f3rg\u00e3o respons\u00e1vel pela vis\u00e3o, um dos sentidos mais importantes para a percep\u00e7\u00e3o do ambiente. Ele funciona como uma c\u00e2mera biol\u00f3gica, captando a luz e transformando-a em impulsos nervosos que s\u00e3o interpretados pelo c\u00e9rebro. Principais partes externas: Esclera: parte branca, que protege o olho. C\u00f3rnea: membrana transparente que permite a entrada [&hellip;]\" \/>\n<meta property=\"og:url\" content=\"https:\/\/my.stlflix.com\/product\/human-eye-68cac2a34309c\/\" \/>\n<meta property=\"og:site_name\" content=\"MyStore - By STLFLIX\" \/>\n<meta property=\"article:publisher\" content=\"https:\/\/www.facebook.com\/STLFLIX\" \/>\n<meta property=\"article:modified_time\" content=\"2025-09-24T22:13:17+00:00\" \/>\n<meta property=\"og:image\" content=\"https:\/\/my.stlflix.com\/wp-content\/uploads\/2024\/03\/Human_Eye_thumb_69be8c207e.jpg\" \/>\n\t<meta property=\"og:image:width\" content=\"1080\" \/>\n\t<meta property=\"og:image:height\" content=\"1350\" \/>\n\t<meta property=\"og:image:type\" content=\"image\/jpeg\" \/>\n<meta name=\"twitter:card\" content=\"summary_large_image\" \/>\n<meta name=\"twitter:label1\" content=\"Est. reading time\" \/>\n\t<meta name=\"twitter:data1\" content=\"1 minute\" \/>\n<script type=\"application\/ld+json\" class=\"yoast-schema-graph\">{\"@context\":\"https:\/\/schema.org\",\"@graph\":[{\"@type\":\"WebPage\",\"@id\":\"https:\/\/my.stlflix.com\/product\/human-eye-68cac2a34309c\/\",\"url\":\"https:\/\/my.stlflix.com\/product\/human-eye-68cac2a34309c\/\",\"name\":\"Human Eye - MyStore - By STLFLIX\",\"isPartOf\":{\"@id\":\"https:\/\/my.stlflix.com\/tr\/#website\"},\"primaryImageOfPage\":{\"@id\":\"https:\/\/my.stlflix.com\/product\/human-eye-68cac2a34309c\/#primaryimage\"},\"image\":{\"@id\":\"https:\/\/my.stlflix.com\/product\/human-eye-68cac2a34309c\/#primaryimage\"},\"thumbnailUrl\":\"https:\/\/my.stlflix.com\/wp-content\/uploads\/2024\/03\/Human_Eye_thumb_69be8c207e.jpg\",\"datePublished\":\"2025-09-21T23:13:37+00:00\",\"dateModified\":\"2025-09-24T22:13:17+00:00\",\"breadcrumb\":{\"@id\":\"https:\/\/my.stlflix.com\/product\/human-eye-68cac2a34309c\/#breadcrumb\"},\"inLanguage\":\"tr-TR\",\"potentialAction\":[{\"@type\":\"ReadAction\",\"target\":[\"https:\/\/my.stlflix.com\/product\/human-eye-68cac2a34309c\/\"]}]},{\"@type\":\"ImageObject\",\"inLanguage\":\"tr-TR\",\"@id\":\"https:\/\/my.stlflix.com\/product\/human-eye-68cac2a34309c\/#primaryimage\",\"url\":\"https:\/\/my.stlflix.com\/wp-content\/uploads\/2024\/03\/Human_Eye_thumb_69be8c207e.jpg\",\"contentUrl\":\"https:\/\/my.stlflix.com\/wp-content\/uploads\/2024\/03\/Human_Eye_thumb_69be8c207e.jpg\",\"width\":1080,\"height\":1350},{\"@type\":\"BreadcrumbList\",\"@id\":\"https:\/\/my.stlflix.com\/product\/human-eye-68cac2a34309c\/#breadcrumb\",\"itemListElement\":[{\"@type\":\"ListItem\",\"position\":1,\"name\":\"Home\",\"item\":\"https:\/\/my.stlflix.com\/\"},{\"@type\":\"ListItem\",\"position\":2,\"name\":\"Products\",\"item\":\"https:\/\/my.stlflix.com\/fr\/shop\/\"},{\"@type\":\"ListItem\",\"position\":3,\"name\":\"Human Eye\"}]},{\"@type\":\"WebSite\",\"@id\":\"https:\/\/my.stlflix.com\/tr\/#website\",\"url\":\"https:\/\/my.stlflix.com\/tr\/\",\"name\":\"MyStore - By STLFLIX\",\"description\":\"\",\"publisher\":{\"@id\":\"https:\/\/my.stlflix.com\/tr\/#organization\"},\"potentialAction\":[{\"@type\":\"SearchAction\",\"target\":{\"@type\":\"EntryPoint\",\"urlTemplate\":\"https:\/\/my.stlflix.com\/tr\/?s={search_term_string}\"},\"query-input\":{\"@type\":\"PropertyValueSpecification\",\"valueRequired\":true,\"valueName\":\"search_term_string\"}}],\"inLanguage\":\"tr-TR\"},{\"@type\":\"Organization\",\"@id\":\"https:\/\/my.stlflix.com\/tr\/#organization\",\"name\":\"MyStore - By STLFLIX\",\"url\":\"https:\/\/my.stlflix.com\/tr\/\",\"logo\":{\"@type\":\"ImageObject\",\"inLanguage\":\"tr-TR\",\"@id\":\"https:\/\/my.stlflix.com\/tr\/#\/schema\/logo\/image\/\",\"url\":\"https:\/\/my.stlflix.com\/wp-content\/uploads\/2024\/06\/logo-mystore.png\",\"contentUrl\":\"https:\/\/my.stlflix.com\/wp-content\/uploads\/2024\/06\/logo-mystore.png\",\"width\":150,\"height\":41,\"caption\":\"MyStore - By STLFLIX\"},\"image\":{\"@id\":\"https:\/\/my.stlflix.com\/tr\/#\/schema\/logo\/image\/\"},\"sameAs\":[\"https:\/\/www.facebook.com\/STLFLIX\",\"https:\/\/www.instagram.com\/stlflix_\/\",\"https:\/\/www.tiktok.com\/@stlflix\"]}]}<\/script>\n<!-- \/ Yoast SEO plugin. -->","yoast_head_json":{"title":"Human Eye - MyStore - By STLFLIX","robots":{"index":"index","follow":"follow","max-snippet":"max-snippet:-1","max-image-preview":"max-image-preview:large","max-video-preview":"max-video-preview:-1"},"canonical":"https:\/\/my.stlflix.com\/product\/human-eye-68cac2a34309c\/","og_locale":"tr_TR","og_type":"article","og_title":"Human Eye - MyStore - By STLFLIX","og_description":"O olho humano \u00e9 o \u00f3rg\u00e3o respons\u00e1vel pela vis\u00e3o, um dos sentidos mais importantes para a percep\u00e7\u00e3o do ambiente. Ele funciona como uma c\u00e2mera biol\u00f3gica, captando a luz e transformando-a em impulsos nervosos que s\u00e3o interpretados pelo c\u00e9rebro. Principais partes externas: Esclera: parte branca, que protege o olho. C\u00f3rnea: membrana transparente que permite a entrada [&hellip;]","og_url":"https:\/\/my.stlflix.com\/product\/human-eye-68cac2a34309c\/","og_site_name":"MyStore - By STLFLIX","article_publisher":"https:\/\/www.facebook.com\/STLFLIX","article_modified_time":"2025-09-24T22:13:17+00:00","og_image":[{"width":1080,"height":1350,"url":"https:\/\/my.stlflix.com\/wp-content\/uploads\/2024\/03\/Human_Eye_thumb_69be8c207e.jpg","type":"image\/jpeg"}],"twitter_card":"summary_large_image","twitter_misc":{"Est. reading time":"1 minute"},"schema":{"@context":"https:\/\/schema.org","@graph":[{"@type":"WebPage","@id":"https:\/\/my.stlflix.com\/product\/human-eye-68cac2a34309c\/","url":"https:\/\/my.stlflix.com\/product\/human-eye-68cac2a34309c\/","name":"Human Eye - MyStore - By STLFLIX","isPartOf":{"@id":"https:\/\/my.stlflix.com\/tr\/#website"},"primaryImageOfPage":{"@id":"https:\/\/my.stlflix.com\/product\/human-eye-68cac2a34309c\/#primaryimage"},"image":{"@id":"https:\/\/my.stlflix.com\/product\/human-eye-68cac2a34309c\/#primaryimage"},"thumbnailUrl":"https:\/\/my.stlflix.com\/wp-content\/uploads\/2024\/03\/Human_Eye_thumb_69be8c207e.jpg","datePublished":"2025-09-21T23:13:37+00:00","dateModified":"2025-09-24T22:13:17+00:00","breadcrumb":{"@id":"https:\/\/my.stlflix.com\/product\/human-eye-68cac2a34309c\/#breadcrumb"},"inLanguage":"tr-TR","potentialAction":[{"@type":"ReadAction","target":["https:\/\/my.stlflix.com\/product\/human-eye-68cac2a34309c\/"]}]},{"@type":"ImageObject","inLanguage":"tr-TR","@id":"https:\/\/my.stlflix.com\/product\/human-eye-68cac2a34309c\/#primaryimage","url":"https:\/\/my.stlflix.com\/wp-content\/uploads\/2024\/03\/Human_Eye_thumb_69be8c207e.jpg","contentUrl":"https:\/\/my.stlflix.com\/wp-content\/uploads\/2024\/03\/Human_Eye_thumb_69be8c207e.jpg","width":1080,"height":1350},{"@type":"BreadcrumbList","@id":"https:\/\/my.stlflix.com\/product\/human-eye-68cac2a34309c\/#breadcrumb","itemListElement":[{"@type":"ListItem","position":1,"name":"Home","item":"https:\/\/my.stlflix.com\/"},{"@type":"ListItem","position":2,"name":"Products","item":"https:\/\/my.stlflix.com\/fr\/shop\/"},{"@type":"ListItem","position":3,"name":"Human Eye"}]},{"@type":"WebSite","@id":"https:\/\/my.stlflix.com\/tr\/#website","url":"https:\/\/my.stlflix.com\/tr\/","name":"MyStore - By STLFLIX","description":"","publisher":{"@id":"https:\/\/my.stlflix.com\/tr\/#organization"},"potentialAction":[{"@type":"SearchAction","target":{"@type":"EntryPoint","urlTemplate":"https:\/\/my.stlflix.com\/tr\/?s={search_term_string}"},"query-input":{"@type":"PropertyValueSpecification","valueRequired":true,"valueName":"search_term_string"}}],"inLanguage":"tr-TR"},{"@type":"Organization","@id":"https:\/\/my.stlflix.com\/tr\/#organization","name":"MyStore - By STLFLIX","url":"https:\/\/my.stlflix.com\/tr\/","logo":{"@type":"ImageObject","inLanguage":"tr-TR","@id":"https:\/\/my.stlflix.com\/tr\/#\/schema\/logo\/image\/","url":"https:\/\/my.stlflix.com\/wp-content\/uploads\/2024\/06\/logo-mystore.png","contentUrl":"https:\/\/my.stlflix.com\/wp-content\/uploads\/2024\/06\/logo-mystore.png","width":150,"height":41,"caption":"MyStore - By STLFLIX"},"image":{"@id":"https:\/\/my.stlflix.com\/tr\/#\/schema\/logo\/image\/"},"sameAs":["https:\/\/www.facebook.com\/STLFLIX","https:\/\/www.instagram.com\/stlflix_\/","https:\/\/www.tiktok.com\/@stlflix"]}]}},"_links":{"self":[{"href":"https:\/\/my.stlflix.com\/tr\/wp-json\/wp\/v2\/product\/436823","targetHints":{"allow":["GET"]}}],"collection":[{"href":"https:\/\/my.stlflix.com\/tr\/wp-json\/wp\/v2\/product"}],"about":[{"href":"https:\/\/my.stlflix.com\/tr\/wp-json\/wp\/v2\/types\/product"}],"replies":[{"embeddable":true,"href":"https:\/\/my.stlflix.com\/tr\/wp-json\/wp\/v2\/comments?post=436823"}],"wp:featuredmedia":[{"embeddable":true,"href":"https:\/\/my.stlflix.com\/tr\/wp-json\/wp\/v2\/media\/1905"}],"wp:attachment":[{"href":"https:\/\/my.stlflix.com\/tr\/wp-json\/wp\/v2\/media?parent=436823"}],"wp:term":[{"taxonomy":"product_brand","embeddable":true,"href":"https:\/\/my.stlflix.com\/tr\/wp-json\/wp\/v2\/product_brand?post=436823"},{"taxonomy":"product_cat","embeddable":true,"href":"https:\/\/my.stlflix.com\/tr\/wp-json\/wp\/v2\/product_cat?post=436823"},{"taxonomy":"product_tag","embeddable":true,"href":"https:\/\/my.stlflix.com\/tr\/wp-json\/wp\/v2\/product_tag?post=436823"}],"curies":[{"name":"wp","href":"https:\/\/api.w.org\/{rel}","templated":true}]}}