{"id":436828,"date":"2025-09-21T15:11:46","date_gmt":"2025-09-21T15:11:46","guid":{"rendered":"https:\/\/my.stlflix.com\/?post_type=product&#038;p=436828"},"modified":"2025-09-24T22:21:01","modified_gmt":"2025-09-24T22:21:01","slug":"dental-implant-68cac2e980f01","status":"publish","type":"product","link":"https:\/\/my.stlflix.com\/tr\/product\/dental-implant-68cac2e980f01\/","title":{"rendered":"Dental Implant"},"content":{"rendered":"<p data-start=\"96\" data-end=\"381\">O <strong data-start=\"98\" data-end=\"119\">implante dent\u00e1rio<\/strong> \u00e9 uma estrutura artificial utilizada para substituir a raiz de um dente perdido. Ele \u00e9 feito geralmente de <strong data-start=\"227\" data-end=\"238\">tit\u00e2nio<\/strong> ou <strong data-start=\"242\" data-end=\"254\">zirc\u00f4nia<\/strong>, materiais biocompat\u00edveis que se integram ao osso da mand\u00edbula ou maxila atrav\u00e9s de um processo chamado <strong data-start=\"359\" data-end=\"378\">osseointegra\u00e7\u00e3o<\/strong>.<\/p>\n<ul data-start=\"247\" data-end=\"1415\">\n<li data-start=\"383\" data-end=\"507\">\n<p data-start=\"385\" data-end=\"507\"><strong data-start=\"385\" data-end=\"403\">Como funciona:<\/strong> o implante serve como base fixa para a coloca\u00e7\u00e3o de uma pr\u00f3tese dent\u00e1ria (coroa, ponte ou dentadura).<\/p>\n<\/li>\n<li data-start=\"508\" data-end=\"643\">\n<p data-start=\"510\" data-end=\"643\"><strong data-start=\"510\" data-end=\"525\">Indica\u00e7\u00f5es:<\/strong> indicado para pessoas que perderam um ou mais dentes devido a c\u00e1ries, doen\u00e7as gengivais, traumas ou outros motivos.<\/p>\n<\/li>\n<li data-start=\"644\" data-end=\"867\">\n<p data-start=\"646\" data-end=\"663\"><strong data-start=\"646\" data-end=\"661\">Benef\u00edcios:<\/strong><\/p>\n<ul data-start=\"666\" data-end=\"867\">\n<li data-start=\"666\" data-end=\"704\">\n<p data-start=\"668\" data-end=\"704\">Melhora a <strong data-start=\"678\" data-end=\"701\">fun\u00e7\u00e3o mastigat\u00f3ria<\/strong>.<\/p>\n<\/li>\n<li data-start=\"707\" data-end=\"746\">\n<p data-start=\"709\" data-end=\"746\">Restaura a <strong data-start=\"720\" data-end=\"743\">est\u00e9tica do sorriso<\/strong>.<\/p>\n<\/li>\n<li data-start=\"749\" data-end=\"784\">\n<p data-start=\"751\" data-end=\"784\">Previne a <strong data-start=\"761\" data-end=\"781\">reabsor\u00e7\u00e3o \u00f3ssea<\/strong>.<\/p>\n<\/li>\n<li data-start=\"787\" data-end=\"867\">\n<p data-start=\"789\" data-end=\"867\">Proporciona mais conforto e seguran\u00e7a em compara\u00e7\u00e3o com pr\u00f3teses remov\u00edveis.<\/p>\n<\/li>\n<\/ul>\n<\/li>\n<li data-start=\"868\" data-end=\"951\">\n<p data-start=\"870\" data-end=\"951\"><strong data-start=\"870\" data-end=\"887\">Durabilidade:<\/strong> com os devidos cuidados, pode durar muitos anos, at\u00e9 d\u00e9cadas.<\/p>\n<\/li>\n<li data-start=\"720\" data-end=\"950\"><strong>Medidas do produto:<\/strong> 10cm x 13cm x 8cm<\/li>\n<li data-start=\"720\" data-end=\"950\"><strong>Peso do produto:<\/strong> 0,200 kg<\/li>\n<\/ul>\n","protected":false},"excerpt":{"rendered":"<p>O implante dent\u00e1rio \u00e9 uma estrutura artificial utilizada para substituir a raiz de um dente perdido. Ele \u00e9 feito geralmente de tit\u00e2nio ou zirc\u00f4nia, materiais biocompat\u00edveis que se integram ao osso da mand\u00edbula ou maxila atrav\u00e9s de um processo chamado osseointegra\u00e7\u00e3o. Como funciona: o implante serve como base fixa para a coloca\u00e7\u00e3o de uma pr\u00f3tese [&hellip;]<\/p>\n","protected":false},"featured_media":1462,"comment_status":"open","ping_status":"closed","template":"","meta":[],"product_brand":[],"product_cat":[17],"product_tag":[736],"class_list":{"0":"post-436828","1":"product","2":"type-product","3":"status-publish","4":"has-post-thumbnail","6":"product_cat-educational","7":"product_tag-anatomia","9":"first","10":"onbackorder","11":"purchasable","12":"product-type-simple"},"yoast_head":"<!-- This site is optimized with the Yoast SEO plugin v25.1 - https:\/\/yoast.com\/wordpress\/plugins\/seo\/ -->\n<title>Dental Implant - MyStore - By STLFLIX<\/title>\n<meta name=\"robots\" content=\"index, follow, max-snippet:-1, max-image-preview:large, max-video-preview:-1\" \/>\n<link rel=\"canonical\" href=\"https:\/\/www.monitorstlflix.com\/product\/dental-implant-68cac2e980f01\/\" \/>\n<meta property=\"og:locale\" content=\"tr_TR\" \/>\n<meta property=\"og:type\" content=\"article\" \/>\n<meta property=\"og:title\" content=\"Dental Implant - MyStore - By STLFLIX\" \/>\n<meta property=\"og:description\" content=\"O implante dent\u00e1rio \u00e9 uma estrutura artificial utilizada para substituir a raiz de um dente perdido. Ele \u00e9 feito geralmente de tit\u00e2nio ou zirc\u00f4nia, materiais biocompat\u00edveis que se integram ao osso da mand\u00edbula ou maxila atrav\u00e9s de um processo chamado osseointegra\u00e7\u00e3o. Como funciona: o implante serve como base fixa para a coloca\u00e7\u00e3o de uma pr\u00f3tese [&hellip;]\" \/>\n<meta property=\"og:url\" content=\"https:\/\/www.monitorstlflix.com\/product\/dental-implant-68cac2e980f01\/\" \/>\n<meta property=\"og:site_name\" content=\"MyStore - By STLFLIX\" \/>\n<meta property=\"article:publisher\" content=\"https:\/\/www.facebook.com\/STLFLIX\" \/>\n<meta property=\"article:modified_time\" content=\"2025-09-24T22:21:01+00:00\" \/>\n<meta property=\"og:image\" content=\"https:\/\/www.monitorstlflix.com\/wp-content\/uploads\/2024\/03\/Dental_Implant_thumb_7aeb007928.jpg\" \/>\n\t<meta property=\"og:image:width\" content=\"1080\" \/>\n\t<meta property=\"og:image:height\" content=\"1350\" \/>\n\t<meta property=\"og:image:type\" content=\"image\/jpeg\" \/>\n<meta name=\"twitter:card\" content=\"summary_large_image\" \/>\n<meta name=\"twitter:label1\" content=\"Est. reading time\" \/>\n\t<meta name=\"twitter:data1\" content=\"1 minute\" \/>\n<script type=\"application\/ld+json\" class=\"yoast-schema-graph\">{\"@context\":\"https:\/\/schema.org\",\"@graph\":[{\"@type\":\"WebPage\",\"@id\":\"https:\/\/www.monitorstlflix.com\/product\/dental-implant-68cac2e980f01\/\",\"url\":\"https:\/\/www.monitorstlflix.com\/product\/dental-implant-68cac2e980f01\/\",\"name\":\"Dental Implant - MyStore - By STLFLIX\",\"isPartOf\":{\"@id\":\"https:\/\/my.stlflix.com\/tr\/#website\"},\"primaryImageOfPage\":{\"@id\":\"https:\/\/www.monitorstlflix.com\/product\/dental-implant-68cac2e980f01\/#primaryimage\"},\"image\":{\"@id\":\"https:\/\/www.monitorstlflix.com\/product\/dental-implant-68cac2e980f01\/#primaryimage\"},\"thumbnailUrl\":\"https:\/\/my.stlflix.com\/wp-content\/uploads\/2024\/03\/Dental_Implant_thumb_7aeb007928.jpg\",\"datePublished\":\"2025-09-21T15:11:46+00:00\",\"dateModified\":\"2025-09-24T22:21:01+00:00\",\"breadcrumb\":{\"@id\":\"https:\/\/www.monitorstlflix.com\/product\/dental-implant-68cac2e980f01\/#breadcrumb\"},\"inLanguage\":\"tr-TR\",\"potentialAction\":[{\"@type\":\"ReadAction\",\"target\":[\"https:\/\/www.monitorstlflix.com\/product\/dental-implant-68cac2e980f01\/\"]}]},{\"@type\":\"ImageObject\",\"inLanguage\":\"tr-TR\",\"@id\":\"https:\/\/www.monitorstlflix.com\/product\/dental-implant-68cac2e980f01\/#primaryimage\",\"url\":\"https:\/\/my.stlflix.com\/wp-content\/uploads\/2024\/03\/Dental_Implant_thumb_7aeb007928.jpg\",\"contentUrl\":\"https:\/\/my.stlflix.com\/wp-content\/uploads\/2024\/03\/Dental_Implant_thumb_7aeb007928.jpg\",\"width\":1080,\"height\":1350},{\"@type\":\"BreadcrumbList\",\"@id\":\"https:\/\/www.monitorstlflix.com\/product\/dental-implant-68cac2e980f01\/#breadcrumb\",\"itemListElement\":[{\"@type\":\"ListItem\",\"position\":1,\"name\":\"Home\",\"item\":\"https:\/\/my.stlflix.com\/\"},{\"@type\":\"ListItem\",\"position\":2,\"name\":\"Products\",\"item\":\"https:\/\/my.stlflix.com\/fr\/shop\/\"},{\"@type\":\"ListItem\",\"position\":3,\"name\":\"Dental Implant\"}]},{\"@type\":\"WebSite\",\"@id\":\"https:\/\/my.stlflix.com\/tr\/#website\",\"url\":\"https:\/\/my.stlflix.com\/tr\/\",\"name\":\"MyStore - By STLFLIX\",\"description\":\"\",\"publisher\":{\"@id\":\"https:\/\/my.stlflix.com\/tr\/#organization\"},\"potentialAction\":[{\"@type\":\"SearchAction\",\"target\":{\"@type\":\"EntryPoint\",\"urlTemplate\":\"https:\/\/my.stlflix.com\/tr\/?s={search_term_string}\"},\"query-input\":{\"@type\":\"PropertyValueSpecification\",\"valueRequired\":true,\"valueName\":\"search_term_string\"}}],\"inLanguage\":\"tr-TR\"},{\"@type\":\"Organization\",\"@id\":\"https:\/\/my.stlflix.com\/tr\/#organization\",\"name\":\"MyStore - By STLFLIX\",\"url\":\"https:\/\/my.stlflix.com\/tr\/\",\"logo\":{\"@type\":\"ImageObject\",\"inLanguage\":\"tr-TR\",\"@id\":\"https:\/\/my.stlflix.com\/tr\/#\/schema\/logo\/image\/\",\"url\":\"https:\/\/my.stlflix.com\/wp-content\/uploads\/2024\/06\/logo-mystore.png\",\"contentUrl\":\"https:\/\/my.stlflix.com\/wp-content\/uploads\/2024\/06\/logo-mystore.png\",\"width\":150,\"height\":41,\"caption\":\"MyStore - By STLFLIX\"},\"image\":{\"@id\":\"https:\/\/my.stlflix.com\/tr\/#\/schema\/logo\/image\/\"},\"sameAs\":[\"https:\/\/www.facebook.com\/STLFLIX\",\"https:\/\/www.instagram.com\/stlflix_\/\",\"https:\/\/www.tiktok.com\/@stlflix\"]}]}<\/script>\n<!-- \/ Yoast SEO plugin. -->","yoast_head_json":{"title":"Dental Implant - MyStore - By STLFLIX","robots":{"index":"index","follow":"follow","max-snippet":"max-snippet:-1","max-image-preview":"max-image-preview:large","max-video-preview":"max-video-preview:-1"},"canonical":"https:\/\/www.monitorstlflix.com\/product\/dental-implant-68cac2e980f01\/","og_locale":"tr_TR","og_type":"article","og_title":"Dental Implant - MyStore - By STLFLIX","og_description":"O implante dent\u00e1rio \u00e9 uma estrutura artificial utilizada para substituir a raiz de um dente perdido. Ele \u00e9 feito geralmente de tit\u00e2nio ou zirc\u00f4nia, materiais biocompat\u00edveis que se integram ao osso da mand\u00edbula ou maxila atrav\u00e9s de um processo chamado osseointegra\u00e7\u00e3o. Como funciona: o implante serve como base fixa para a coloca\u00e7\u00e3o de uma pr\u00f3tese [&hellip;]","og_url":"https:\/\/www.monitorstlflix.com\/product\/dental-implant-68cac2e980f01\/","og_site_name":"MyStore - By STLFLIX","article_publisher":"https:\/\/www.facebook.com\/STLFLIX","article_modified_time":"2025-09-24T22:21:01+00:00","og_image":[{"width":1080,"height":1350,"url":"https:\/\/www.monitorstlflix.com\/wp-content\/uploads\/2024\/03\/Dental_Implant_thumb_7aeb007928.jpg","type":"image\/jpeg"}],"twitter_card":"summary_large_image","twitter_misc":{"Est. reading time":"1 minute"},"schema":{"@context":"https:\/\/schema.org","@graph":[{"@type":"WebPage","@id":"https:\/\/www.monitorstlflix.com\/product\/dental-implant-68cac2e980f01\/","url":"https:\/\/www.monitorstlflix.com\/product\/dental-implant-68cac2e980f01\/","name":"Dental Implant - MyStore - By STLFLIX","isPartOf":{"@id":"https:\/\/my.stlflix.com\/tr\/#website"},"primaryImageOfPage":{"@id":"https:\/\/www.monitorstlflix.com\/product\/dental-implant-68cac2e980f01\/#primaryimage"},"image":{"@id":"https:\/\/www.monitorstlflix.com\/product\/dental-implant-68cac2e980f01\/#primaryimage"},"thumbnailUrl":"https:\/\/my.stlflix.com\/wp-content\/uploads\/2024\/03\/Dental_Implant_thumb_7aeb007928.jpg","datePublished":"2025-09-21T15:11:46+00:00","dateModified":"2025-09-24T22:21:01+00:00","breadcrumb":{"@id":"https:\/\/www.monitorstlflix.com\/product\/dental-implant-68cac2e980f01\/#breadcrumb"},"inLanguage":"tr-TR","potentialAction":[{"@type":"ReadAction","target":["https:\/\/www.monitorstlflix.com\/product\/dental-implant-68cac2e980f01\/"]}]},{"@type":"ImageObject","inLanguage":"tr-TR","@id":"https:\/\/www.monitorstlflix.com\/product\/dental-implant-68cac2e980f01\/#primaryimage","url":"https:\/\/my.stlflix.com\/wp-content\/uploads\/2024\/03\/Dental_Implant_thumb_7aeb007928.jpg","contentUrl":"https:\/\/my.stlflix.com\/wp-content\/uploads\/2024\/03\/Dental_Implant_thumb_7aeb007928.jpg","width":1080,"height":1350},{"@type":"BreadcrumbList","@id":"https:\/\/www.monitorstlflix.com\/product\/dental-implant-68cac2e980f01\/#breadcrumb","itemListElement":[{"@type":"ListItem","position":1,"name":"Home","item":"https:\/\/my.stlflix.com\/"},{"@type":"ListItem","position":2,"name":"Products","item":"https:\/\/my.stlflix.com\/fr\/shop\/"},{"@type":"ListItem","position":3,"name":"Dental Implant"}]},{"@type":"WebSite","@id":"https:\/\/my.stlflix.com\/tr\/#website","url":"https:\/\/my.stlflix.com\/tr\/","name":"MyStore - By STLFLIX","description":"","publisher":{"@id":"https:\/\/my.stlflix.com\/tr\/#organization"},"potentialAction":[{"@type":"SearchAction","target":{"@type":"EntryPoint","urlTemplate":"https:\/\/my.stlflix.com\/tr\/?s={search_term_string}"},"query-input":{"@type":"PropertyValueSpecification","valueRequired":true,"valueName":"search_term_string"}}],"inLanguage":"tr-TR"},{"@type":"Organization","@id":"https:\/\/my.stlflix.com\/tr\/#organization","name":"MyStore - By STLFLIX","url":"https:\/\/my.stlflix.com\/tr\/","logo":{"@type":"ImageObject","inLanguage":"tr-TR","@id":"https:\/\/my.stlflix.com\/tr\/#\/schema\/logo\/image\/","url":"https:\/\/my.stlflix.com\/wp-content\/uploads\/2024\/06\/logo-mystore.png","contentUrl":"https:\/\/my.stlflix.com\/wp-content\/uploads\/2024\/06\/logo-mystore.png","width":150,"height":41,"caption":"MyStore - By STLFLIX"},"image":{"@id":"https:\/\/my.stlflix.com\/tr\/#\/schema\/logo\/image\/"},"sameAs":["https:\/\/www.facebook.com\/STLFLIX","https:\/\/www.instagram.com\/stlflix_\/","https:\/\/www.tiktok.com\/@stlflix"]}]}},"_links":{"self":[{"href":"https:\/\/my.stlflix.com\/tr\/wp-json\/wp\/v2\/product\/436828","targetHints":{"allow":["GET"]}}],"collection":[{"href":"https:\/\/my.stlflix.com\/tr\/wp-json\/wp\/v2\/product"}],"about":[{"href":"https:\/\/my.stlflix.com\/tr\/wp-json\/wp\/v2\/types\/product"}],"replies":[{"embeddable":true,"href":"https:\/\/my.stlflix.com\/tr\/wp-json\/wp\/v2\/comments?post=436828"}],"wp:featuredmedia":[{"embeddable":true,"href":"https:\/\/my.stlflix.com\/tr\/wp-json\/wp\/v2\/media\/1462"}],"wp:attachment":[{"href":"https:\/\/my.stlflix.com\/tr\/wp-json\/wp\/v2\/media?parent=436828"}],"wp:term":[{"taxonomy":"product_brand","embeddable":true,"href":"https:\/\/my.stlflix.com\/tr\/wp-json\/wp\/v2\/product_brand?post=436828"},{"taxonomy":"product_cat","embeddable":true,"href":"https:\/\/my.stlflix.com\/tr\/wp-json\/wp\/v2\/product_cat?post=436828"},{"taxonomy":"product_tag","embeddable":true,"href":"https:\/\/my.stlflix.com\/tr\/wp-json\/wp\/v2\/product_tag?post=436828"}],"curies":[{"name":"wp","href":"https:\/\/api.w.org\/{rel}","templated":true}]}}