{"id":448964,"date":"2025-10-12T22:40:51","date_gmt":"2025-10-12T22:40:51","guid":{"rendered":"https:\/\/my.stlflix.com\/?post_type=product&#038;p=448964"},"modified":"2025-10-12T22:40:52","modified_gmt":"2025-10-12T22:40:52","slug":"minime-tennis-player-68ec1d145b945","status":"publish","type":"product","link":"https:\/\/my.stlflix.com\/tr\/product\/minime-tennis-player-68ec1d145b945\/","title":{"rendered":"MiniMe: Tennis Player"},"content":{"rendered":"<h3 data-start=\"186\" data-end=\"261\">\ud83c\udfbe <strong data-start=\"193\" data-end=\"261\">Minime Jogador de T\u00eanis Personalizado \u2013 Sua Miniatura Exclusiva!<\/strong><\/h3>\n<p data-start=\"263\" data-end=\"532\">Leve sua paix\u00e3o pelas quadras para o mundo das miniaturas com o <strong data-start=\"327\" data-end=\"354\">Minime Jogador de T\u00eanis<\/strong>!<br data-start=\"355\" data-end=\"358\" \/>Essa miniatura caricaturada de aproximadamente <strong data-start=\"405\" data-end=\"414\">10 cm<\/strong>, produzida em <strong data-start=\"429\" data-end=\"463\">impress\u00e3o 3D de alta qualidade<\/strong>, \u00e9 perfeita para quem ama o t\u00eanis, seja jogador, f\u00e3 ou colecionador.<\/p>\n<p data-start=\"534\" data-end=\"568\">\ud83d\udca1 <strong data-start=\"537\" data-end=\"566\">Personalize do seu jeito:<\/strong><\/p>\n<ul data-start=\"569\" data-end=\"774\">\n<li data-start=\"569\" data-end=\"651\">\n<p data-start=\"571\" data-end=\"651\"><strong data-start=\"571\" data-end=\"581\">Rosto:<\/strong> envie uma foto e receba sua caricatura divertida em vers\u00e3o tenista.<\/p>\n<\/li>\n<li data-start=\"652\" data-end=\"774\">\n<p data-start=\"654\" data-end=\"774\"><strong data-start=\"654\" data-end=\"667\">Uniforme:<\/strong> escolha <strong data-start=\"676\" data-end=\"699\">as cores e o estilo<\/strong> que quiser \u2014 inspire-se em grandes atletas ou crie o seu pr\u00f3prio visual.<\/p>\n<\/li>\n<\/ul>\n<p data-start=\"776\" data-end=\"806\">\ud83c\udfa8 <strong data-start=\"779\" data-end=\"804\">Destaques do produto:<\/strong><\/p>\n<ul data-start=\"807\" data-end=\"1036\">\n<li data-start=\"807\" data-end=\"841\">\n<p data-start=\"809\" data-end=\"841\">Altura aproximada de <strong data-start=\"830\" data-end=\"839\">10 cm<\/strong><\/p>\n<\/li>\n<li data-start=\"842\" data-end=\"889\">\n<p data-start=\"844\" data-end=\"889\">Estilo <strong data-start=\"851\" data-end=\"887\">caricatura divertida e detalhada<\/strong><\/p>\n<\/li>\n<li data-start=\"890\" data-end=\"940\">\n<p data-start=\"892\" data-end=\"940\">Produzido em <strong data-start=\"905\" data-end=\"938\">impress\u00e3o 3D de alta precis\u00e3o<\/strong><\/p>\n<\/li>\n<li data-start=\"941\" data-end=\"980\">\n<p data-start=\"943\" data-end=\"980\">Material leve, resistente e dur\u00e1vel<\/p>\n<\/li>\n<li data-start=\"981\" data-end=\"1036\">\n<p data-start=\"983\" data-end=\"1036\">Ideal para jogadores, f\u00e3s e colecionadores de t\u00eanis<\/p>\n<\/li>\n<\/ul>\n","protected":false},"excerpt":{"rendered":"<p>\ud83c\udfbe Minime Jogador de T\u00eanis Personalizado \u2013 Sua Miniatura Exclusiva! Leve sua paix\u00e3o pelas quadras para o mundo das miniaturas com o Minime Jogador de T\u00eanis!Essa miniatura caricaturada de aproximadamente 10 cm, produzida em impress\u00e3o 3D de alta qualidade, \u00e9 perfeita para quem ama o t\u00eanis, seja jogador, f\u00e3 ou colecionador. \ud83d\udca1 Personalize do seu [&hellip;]<\/p>\n","protected":false},"featured_media":449003,"comment_status":"open","ping_status":"closed","template":"","meta":[],"product_brand":[],"product_cat":[15],"product_tag":[5898],"class_list":{"0":"post-448964","1":"product","2":"type-product","3":"status-publish","4":"has-post-thumbnail","6":"product_cat-uncategorized","7":"product_tag-estatuetas","9":"first","10":"instock","11":"taxable","12":"shipping-taxable","13":"purchasable","14":"product-type-simple"},"yoast_head":"<!-- This site is optimized with the Yoast SEO plugin v25.1 - https:\/\/yoast.com\/wordpress\/plugins\/seo\/ -->\n<title>MiniMe: Tennis Player - MyStore - By STLFLIX<\/title>\n<meta name=\"robots\" content=\"index, follow, max-snippet:-1, max-image-preview:large, max-video-preview:-1\" \/>\n<link rel=\"canonical\" href=\"https:\/\/my.stlflix.com\/es\/product\/minime-tennis-player-68ec1d145b945\/\" \/>\n<meta property=\"og:locale\" content=\"tr_TR\" \/>\n<meta property=\"og:type\" content=\"article\" \/>\n<meta property=\"og:title\" content=\"MiniMe: Tennis Player - MyStore - By STLFLIX\" \/>\n<meta property=\"og:description\" content=\"\ud83c\udfbe Minime Jogador de T\u00eanis Personalizado \u2013 Sua Miniatura Exclusiva! Leve sua paix\u00e3o pelas quadras para o mundo das miniaturas com o Minime Jogador de T\u00eanis!Essa miniatura caricaturada de aproximadamente 10 cm, produzida em impress\u00e3o 3D de alta qualidade, \u00e9 perfeita para quem ama o t\u00eanis, seja jogador, f\u00e3 ou colecionador. \ud83d\udca1 Personalize do seu [&hellip;]\" \/>\n<meta property=\"og:url\" content=\"https:\/\/my.stlflix.com\/es\/product\/minime-tennis-player-68ec1d145b945\/\" \/>\n<meta property=\"og:site_name\" content=\"MyStore - By STLFLIX\" \/>\n<meta property=\"article:publisher\" content=\"https:\/\/www.facebook.com\/STLFLIX\" \/>\n<meta property=\"article:modified_time\" content=\"2025-10-12T22:40:52+00:00\" \/>\n<meta property=\"og:image\" content=\"https:\/\/my.stlflix.com\/wp-content\/uploads\/2025\/10\/Tennis_Player1_d3f6ca0231.jpg\" \/>\n\t<meta property=\"og:image:width\" content=\"1080\" \/>\n\t<meta property=\"og:image:height\" content=\"1350\" \/>\n\t<meta property=\"og:image:type\" content=\"image\/jpeg\" \/>\n<meta name=\"twitter:card\" content=\"summary_large_image\" \/>\n<meta name=\"twitter:label1\" content=\"Est. reading time\" \/>\n\t<meta name=\"twitter:data1\" content=\"1 minute\" \/>\n<script type=\"application\/ld+json\" class=\"yoast-schema-graph\">{\"@context\":\"https:\/\/schema.org\",\"@graph\":[{\"@type\":\"WebPage\",\"@id\":\"https:\/\/my.stlflix.com\/es\/product\/minime-tennis-player-68ec1d145b945\/\",\"url\":\"https:\/\/my.stlflix.com\/es\/product\/minime-tennis-player-68ec1d145b945\/\",\"name\":\"MiniMe: Tennis Player - MyStore - By STLFLIX\",\"isPartOf\":{\"@id\":\"https:\/\/my.stlflix.com\/tr\/#website\"},\"primaryImageOfPage\":{\"@id\":\"https:\/\/my.stlflix.com\/es\/product\/minime-tennis-player-68ec1d145b945\/#primaryimage\"},\"image\":{\"@id\":\"https:\/\/my.stlflix.com\/es\/product\/minime-tennis-player-68ec1d145b945\/#primaryimage\"},\"thumbnailUrl\":\"https:\/\/my.stlflix.com\/wp-content\/uploads\/2025\/10\/Tennis_Player1_d3f6ca0231.jpg\",\"datePublished\":\"2025-10-12T22:40:51+00:00\",\"dateModified\":\"2025-10-12T22:40:52+00:00\",\"breadcrumb\":{\"@id\":\"https:\/\/my.stlflix.com\/es\/product\/minime-tennis-player-68ec1d145b945\/#breadcrumb\"},\"inLanguage\":\"tr-TR\",\"potentialAction\":[{\"@type\":\"ReadAction\",\"target\":[\"https:\/\/my.stlflix.com\/es\/product\/minime-tennis-player-68ec1d145b945\/\"]}]},{\"@type\":\"ImageObject\",\"inLanguage\":\"tr-TR\",\"@id\":\"https:\/\/my.stlflix.com\/es\/product\/minime-tennis-player-68ec1d145b945\/#primaryimage\",\"url\":\"https:\/\/my.stlflix.com\/wp-content\/uploads\/2025\/10\/Tennis_Player1_d3f6ca0231.jpg\",\"contentUrl\":\"https:\/\/my.stlflix.com\/wp-content\/uploads\/2025\/10\/Tennis_Player1_d3f6ca0231.jpg\",\"width\":1080,\"height\":1350},{\"@type\":\"BreadcrumbList\",\"@id\":\"https:\/\/my.stlflix.com\/es\/product\/minime-tennis-player-68ec1d145b945\/#breadcrumb\",\"itemListElement\":[{\"@type\":\"ListItem\",\"position\":1,\"name\":\"Home\",\"item\":\"https:\/\/my.stlflix.com\/\"},{\"@type\":\"ListItem\",\"position\":2,\"name\":\"Products\",\"item\":\"https:\/\/my.stlflix.com\/fr\/shop\/\"},{\"@type\":\"ListItem\",\"position\":3,\"name\":\"MiniMe: Tennis Player\"}]},{\"@type\":\"WebSite\",\"@id\":\"https:\/\/my.stlflix.com\/tr\/#website\",\"url\":\"https:\/\/my.stlflix.com\/tr\/\",\"name\":\"MyStore - By STLFLIX\",\"description\":\"\",\"publisher\":{\"@id\":\"https:\/\/my.stlflix.com\/tr\/#organization\"},\"potentialAction\":[{\"@type\":\"SearchAction\",\"target\":{\"@type\":\"EntryPoint\",\"urlTemplate\":\"https:\/\/my.stlflix.com\/tr\/?s={search_term_string}\"},\"query-input\":{\"@type\":\"PropertyValueSpecification\",\"valueRequired\":true,\"valueName\":\"search_term_string\"}}],\"inLanguage\":\"tr-TR\"},{\"@type\":\"Organization\",\"@id\":\"https:\/\/my.stlflix.com\/tr\/#organization\",\"name\":\"MyStore - By STLFLIX\",\"url\":\"https:\/\/my.stlflix.com\/tr\/\",\"logo\":{\"@type\":\"ImageObject\",\"inLanguage\":\"tr-TR\",\"@id\":\"https:\/\/my.stlflix.com\/tr\/#\/schema\/logo\/image\/\",\"url\":\"https:\/\/my.stlflix.com\/wp-content\/uploads\/2024\/06\/logo-mystore.png\",\"contentUrl\":\"https:\/\/my.stlflix.com\/wp-content\/uploads\/2024\/06\/logo-mystore.png\",\"width\":150,\"height\":41,\"caption\":\"MyStore - By STLFLIX\"},\"image\":{\"@id\":\"https:\/\/my.stlflix.com\/tr\/#\/schema\/logo\/image\/\"},\"sameAs\":[\"https:\/\/www.facebook.com\/STLFLIX\",\"https:\/\/www.instagram.com\/stlflix_\/\",\"https:\/\/www.tiktok.com\/@stlflix\"]}]}<\/script>\n<!-- \/ Yoast SEO plugin. -->","yoast_head_json":{"title":"MiniMe: Tennis Player - MyStore - By STLFLIX","robots":{"index":"index","follow":"follow","max-snippet":"max-snippet:-1","max-image-preview":"max-image-preview:large","max-video-preview":"max-video-preview:-1"},"canonical":"https:\/\/my.stlflix.com\/es\/product\/minime-tennis-player-68ec1d145b945\/","og_locale":"tr_TR","og_type":"article","og_title":"MiniMe: Tennis Player - MyStore - By STLFLIX","og_description":"\ud83c\udfbe Minime Jogador de T\u00eanis Personalizado \u2013 Sua Miniatura Exclusiva! Leve sua paix\u00e3o pelas quadras para o mundo das miniaturas com o Minime Jogador de T\u00eanis!Essa miniatura caricaturada de aproximadamente 10 cm, produzida em impress\u00e3o 3D de alta qualidade, \u00e9 perfeita para quem ama o t\u00eanis, seja jogador, f\u00e3 ou colecionador. \ud83d\udca1 Personalize do seu [&hellip;]","og_url":"https:\/\/my.stlflix.com\/es\/product\/minime-tennis-player-68ec1d145b945\/","og_site_name":"MyStore - By STLFLIX","article_publisher":"https:\/\/www.facebook.com\/STLFLIX","article_modified_time":"2025-10-12T22:40:52+00:00","og_image":[{"width":1080,"height":1350,"url":"https:\/\/my.stlflix.com\/wp-content\/uploads\/2025\/10\/Tennis_Player1_d3f6ca0231.jpg","type":"image\/jpeg"}],"twitter_card":"summary_large_image","twitter_misc":{"Est. reading time":"1 minute"},"schema":{"@context":"https:\/\/schema.org","@graph":[{"@type":"WebPage","@id":"https:\/\/my.stlflix.com\/es\/product\/minime-tennis-player-68ec1d145b945\/","url":"https:\/\/my.stlflix.com\/es\/product\/minime-tennis-player-68ec1d145b945\/","name":"MiniMe: Tennis Player - MyStore - By STLFLIX","isPartOf":{"@id":"https:\/\/my.stlflix.com\/tr\/#website"},"primaryImageOfPage":{"@id":"https:\/\/my.stlflix.com\/es\/product\/minime-tennis-player-68ec1d145b945\/#primaryimage"},"image":{"@id":"https:\/\/my.stlflix.com\/es\/product\/minime-tennis-player-68ec1d145b945\/#primaryimage"},"thumbnailUrl":"https:\/\/my.stlflix.com\/wp-content\/uploads\/2025\/10\/Tennis_Player1_d3f6ca0231.jpg","datePublished":"2025-10-12T22:40:51+00:00","dateModified":"2025-10-12T22:40:52+00:00","breadcrumb":{"@id":"https:\/\/my.stlflix.com\/es\/product\/minime-tennis-player-68ec1d145b945\/#breadcrumb"},"inLanguage":"tr-TR","potentialAction":[{"@type":"ReadAction","target":["https:\/\/my.stlflix.com\/es\/product\/minime-tennis-player-68ec1d145b945\/"]}]},{"@type":"ImageObject","inLanguage":"tr-TR","@id":"https:\/\/my.stlflix.com\/es\/product\/minime-tennis-player-68ec1d145b945\/#primaryimage","url":"https:\/\/my.stlflix.com\/wp-content\/uploads\/2025\/10\/Tennis_Player1_d3f6ca0231.jpg","contentUrl":"https:\/\/my.stlflix.com\/wp-content\/uploads\/2025\/10\/Tennis_Player1_d3f6ca0231.jpg","width":1080,"height":1350},{"@type":"BreadcrumbList","@id":"https:\/\/my.stlflix.com\/es\/product\/minime-tennis-player-68ec1d145b945\/#breadcrumb","itemListElement":[{"@type":"ListItem","position":1,"name":"Home","item":"https:\/\/my.stlflix.com\/"},{"@type":"ListItem","position":2,"name":"Products","item":"https:\/\/my.stlflix.com\/fr\/shop\/"},{"@type":"ListItem","position":3,"name":"MiniMe: Tennis Player"}]},{"@type":"WebSite","@id":"https:\/\/my.stlflix.com\/tr\/#website","url":"https:\/\/my.stlflix.com\/tr\/","name":"MyStore - By STLFLIX","description":"","publisher":{"@id":"https:\/\/my.stlflix.com\/tr\/#organization"},"potentialAction":[{"@type":"SearchAction","target":{"@type":"EntryPoint","urlTemplate":"https:\/\/my.stlflix.com\/tr\/?s={search_term_string}"},"query-input":{"@type":"PropertyValueSpecification","valueRequired":true,"valueName":"search_term_string"}}],"inLanguage":"tr-TR"},{"@type":"Organization","@id":"https:\/\/my.stlflix.com\/tr\/#organization","name":"MyStore - By STLFLIX","url":"https:\/\/my.stlflix.com\/tr\/","logo":{"@type":"ImageObject","inLanguage":"tr-TR","@id":"https:\/\/my.stlflix.com\/tr\/#\/schema\/logo\/image\/","url":"https:\/\/my.stlflix.com\/wp-content\/uploads\/2024\/06\/logo-mystore.png","contentUrl":"https:\/\/my.stlflix.com\/wp-content\/uploads\/2024\/06\/logo-mystore.png","width":150,"height":41,"caption":"MyStore - By STLFLIX"},"image":{"@id":"https:\/\/my.stlflix.com\/tr\/#\/schema\/logo\/image\/"},"sameAs":["https:\/\/www.facebook.com\/STLFLIX","https:\/\/www.instagram.com\/stlflix_\/","https:\/\/www.tiktok.com\/@stlflix"]}]}},"_links":{"self":[{"href":"https:\/\/my.stlflix.com\/tr\/wp-json\/wp\/v2\/product\/448964","targetHints":{"allow":["GET"]}}],"collection":[{"href":"https:\/\/my.stlflix.com\/tr\/wp-json\/wp\/v2\/product"}],"about":[{"href":"https:\/\/my.stlflix.com\/tr\/wp-json\/wp\/v2\/types\/product"}],"replies":[{"embeddable":true,"href":"https:\/\/my.stlflix.com\/tr\/wp-json\/wp\/v2\/comments?post=448964"}],"wp:featuredmedia":[{"embeddable":true,"href":"https:\/\/my.stlflix.com\/tr\/wp-json\/wp\/v2\/media\/449003"}],"wp:attachment":[{"href":"https:\/\/my.stlflix.com\/tr\/wp-json\/wp\/v2\/media?parent=448964"}],"wp:term":[{"taxonomy":"product_brand","embeddable":true,"href":"https:\/\/my.stlflix.com\/tr\/wp-json\/wp\/v2\/product_brand?post=448964"},{"taxonomy":"product_cat","embeddable":true,"href":"https:\/\/my.stlflix.com\/tr\/wp-json\/wp\/v2\/product_cat?post=448964"},{"taxonomy":"product_tag","embeddable":true,"href":"https:\/\/my.stlflix.com\/tr\/wp-json\/wp\/v2\/product_tag?post=448964"}],"curies":[{"name":"wp","href":"https:\/\/api.w.org\/{rel}","templated":true}]}}