{"id":448965,"date":"2025-10-12T22:32:14","date_gmt":"2025-10-12T22:32:14","guid":{"rendered":"https:\/\/my.stlflix.com\/?post_type=product&#038;p=448965"},"modified":"2025-10-12T22:32:15","modified_gmt":"2025-10-12T22:32:15","slug":"minime-karate-fighter-68ec1d2d8b503","status":"publish","type":"product","link":"https:\/\/my.stlflix.com\/tr\/product\/minime-karate-fighter-68ec1d2d8b503\/","title":{"rendered":"MiniMe: Karate Fighter"},"content":{"rendered":"<h3 data-start=\"200\" data-end=\"276\">\ud83e\udd4b <strong data-start=\"207\" data-end=\"276\">Minime Lutador de Karat\u00ea Personalizado \u2013 Sua Miniatura Exclusiva!<\/strong><\/h3>\n<p data-start=\"278\" data-end=\"532\">Mostre seu esp\u00edrito guerreiro com o <strong data-start=\"314\" data-end=\"342\">Minime Lutador de Karat\u00ea<\/strong>!<br data-start=\"343\" data-end=\"346\" \/>Essa miniatura caricaturada de aproximadamente <strong data-start=\"393\" data-end=\"402\">10 cm<\/strong>, feita em <strong data-start=\"413\" data-end=\"447\">impress\u00e3o 3D de alta qualidade<\/strong>, \u00e9 perfeita para quem ama artes marciais, treina ou quer presentear algu\u00e9m especial.<\/p>\n<p data-start=\"534\" data-end=\"568\">\ud83d\udca1 <strong data-start=\"537\" data-end=\"566\">Personalize do seu jeito:<\/strong><\/p>\n<ul data-start=\"569\" data-end=\"762\">\n<li data-start=\"569\" data-end=\"660\">\n<p data-start=\"571\" data-end=\"660\"><strong data-start=\"571\" data-end=\"581\">Rosto:<\/strong> envie uma foto e transforme-se em um verdadeiro lutador em vers\u00e3o miniatura.<\/p>\n<\/li>\n<li data-start=\"661\" data-end=\"762\">\n<p data-start=\"663\" data-end=\"762\"><strong data-start=\"663\" data-end=\"681\">Uniforme (gi):<\/strong> escolha a <strong data-start=\"692\" data-end=\"720\">cor da faixa e do kimono<\/strong>, representando seu estilo ou gradua\u00e7\u00e3o.<\/p>\n<\/li>\n<\/ul>\n<p data-start=\"764\" data-end=\"794\">\ud83c\udfa8 <strong data-start=\"767\" data-end=\"792\">Destaques do produto:<\/strong><\/p>\n<ul data-start=\"795\" data-end=\"1044\">\n<li data-start=\"795\" data-end=\"829\">\n<p data-start=\"797\" data-end=\"829\">Altura aproximada de <strong data-start=\"818\" data-end=\"827\">10 cm<\/strong><\/p>\n<\/li>\n<li data-start=\"830\" data-end=\"877\">\n<p data-start=\"832\" data-end=\"877\">Estilo <strong data-start=\"839\" data-end=\"875\">caricatura divertida e detalhada<\/strong><\/p>\n<\/li>\n<li data-start=\"878\" data-end=\"928\">\n<p data-start=\"880\" data-end=\"928\">Produzido em <strong data-start=\"893\" data-end=\"926\">impress\u00e3o 3D de alta precis\u00e3o<\/strong><\/p>\n<\/li>\n<li data-start=\"929\" data-end=\"968\">\n<p data-start=\"931\" data-end=\"968\">Material leve, resistente e dur\u00e1vel<\/p>\n<\/li>\n<li data-start=\"969\" data-end=\"1044\">\n<p data-start=\"971\" data-end=\"1044\">Ideal para praticantes de karat\u00ea, professores, alunos ou colecionadores<\/p>\n<\/li>\n<\/ul>\n","protected":false},"excerpt":{"rendered":"<p>\ud83e\udd4b Minime Lutador de Karat\u00ea Personalizado \u2013 Sua Miniatura Exclusiva! Mostre seu esp\u00edrito guerreiro com o Minime Lutador de Karat\u00ea!Essa miniatura caricaturada de aproximadamente 10 cm, feita em impress\u00e3o 3D de alta qualidade, \u00e9 perfeita para quem ama artes marciais, treina ou quer presentear algu\u00e9m especial. \ud83d\udca1 Personalize do seu jeito: Rosto: envie uma foto [&hellip;]<\/p>\n","protected":false},"featured_media":445695,"comment_status":"open","ping_status":"closed","template":"","meta":[],"product_brand":[],"product_cat":[15],"product_tag":[5898],"class_list":{"0":"post-448965","1":"product","2":"type-product","3":"status-publish","4":"has-post-thumbnail","6":"product_cat-uncategorized","7":"product_tag-estatuetas","9":"first","10":"instock","11":"taxable","12":"shipping-taxable","13":"purchasable","14":"product-type-simple"},"yoast_head":"<!-- This site is optimized with the Yoast SEO plugin v25.1 - https:\/\/yoast.com\/wordpress\/plugins\/seo\/ -->\n<title>MiniMe: Karate Fighter - MyStore - By STLFLIX<\/title>\n<meta name=\"robots\" content=\"index, follow, max-snippet:-1, max-image-preview:large, max-video-preview:-1\" \/>\n<link rel=\"canonical\" href=\"https:\/\/my.stlflix.com\/product\/minime-karate-fighter-68ec1d2d8b503\/\" \/>\n<meta property=\"og:locale\" content=\"tr_TR\" \/>\n<meta property=\"og:type\" content=\"article\" \/>\n<meta property=\"og:title\" content=\"MiniMe: Karate Fighter - MyStore - By STLFLIX\" \/>\n<meta property=\"og:description\" content=\"\ud83e\udd4b Minime Lutador de Karat\u00ea Personalizado \u2013 Sua Miniatura Exclusiva! Mostre seu esp\u00edrito guerreiro com o Minime Lutador de Karat\u00ea!Essa miniatura caricaturada de aproximadamente 10 cm, feita em impress\u00e3o 3D de alta qualidade, \u00e9 perfeita para quem ama artes marciais, treina ou quer presentear algu\u00e9m especial. \ud83d\udca1 Personalize do seu jeito: Rosto: envie uma foto [&hellip;]\" \/>\n<meta property=\"og:url\" content=\"https:\/\/my.stlflix.com\/product\/minime-karate-fighter-68ec1d2d8b503\/\" \/>\n<meta property=\"og:site_name\" content=\"MyStore - By STLFLIX\" \/>\n<meta property=\"article:publisher\" content=\"https:\/\/www.facebook.com\/STLFLIX\" \/>\n<meta property=\"article:modified_time\" content=\"2025-10-12T22:32:15+00:00\" \/>\n<meta property=\"og:image\" content=\"https:\/\/my.stlflix.com\/wp-content\/uploads\/2025\/10\/Mini_Me_Karate_Fighter_thumb_e8dbd32b17.png\" \/>\n\t<meta property=\"og:image:width\" content=\"1080\" \/>\n\t<meta property=\"og:image:height\" content=\"1350\" \/>\n\t<meta property=\"og:image:type\" content=\"image\/png\" \/>\n<meta name=\"twitter:card\" content=\"summary_large_image\" \/>\n<meta name=\"twitter:label1\" content=\"Est. reading time\" \/>\n\t<meta name=\"twitter:data1\" content=\"1 minute\" \/>\n<script type=\"application\/ld+json\" class=\"yoast-schema-graph\">{\"@context\":\"https:\/\/schema.org\",\"@graph\":[{\"@type\":\"WebPage\",\"@id\":\"https:\/\/my.stlflix.com\/product\/minime-karate-fighter-68ec1d2d8b503\/\",\"url\":\"https:\/\/my.stlflix.com\/product\/minime-karate-fighter-68ec1d2d8b503\/\",\"name\":\"MiniMe: Karate Fighter - MyStore - By STLFLIX\",\"isPartOf\":{\"@id\":\"https:\/\/my.stlflix.com\/tr\/#website\"},\"primaryImageOfPage\":{\"@id\":\"https:\/\/my.stlflix.com\/product\/minime-karate-fighter-68ec1d2d8b503\/#primaryimage\"},\"image\":{\"@id\":\"https:\/\/my.stlflix.com\/product\/minime-karate-fighter-68ec1d2d8b503\/#primaryimage\"},\"thumbnailUrl\":\"https:\/\/my.stlflix.com\/wp-content\/uploads\/2025\/10\/Mini_Me_Karate_Fighter_thumb_e8dbd32b17.png\",\"datePublished\":\"2025-10-12T22:32:14+00:00\",\"dateModified\":\"2025-10-12T22:32:15+00:00\",\"breadcrumb\":{\"@id\":\"https:\/\/my.stlflix.com\/product\/minime-karate-fighter-68ec1d2d8b503\/#breadcrumb\"},\"inLanguage\":\"tr-TR\",\"potentialAction\":[{\"@type\":\"ReadAction\",\"target\":[\"https:\/\/my.stlflix.com\/product\/minime-karate-fighter-68ec1d2d8b503\/\"]}]},{\"@type\":\"ImageObject\",\"inLanguage\":\"tr-TR\",\"@id\":\"https:\/\/my.stlflix.com\/product\/minime-karate-fighter-68ec1d2d8b503\/#primaryimage\",\"url\":\"https:\/\/my.stlflix.com\/wp-content\/uploads\/2025\/10\/Mini_Me_Karate_Fighter_thumb_e8dbd32b17.png\",\"contentUrl\":\"https:\/\/my.stlflix.com\/wp-content\/uploads\/2025\/10\/Mini_Me_Karate_Fighter_thumb_e8dbd32b17.png\",\"width\":1080,\"height\":1350},{\"@type\":\"BreadcrumbList\",\"@id\":\"https:\/\/my.stlflix.com\/product\/minime-karate-fighter-68ec1d2d8b503\/#breadcrumb\",\"itemListElement\":[{\"@type\":\"ListItem\",\"position\":1,\"name\":\"Home\",\"item\":\"https:\/\/my.stlflix.com\/\"},{\"@type\":\"ListItem\",\"position\":2,\"name\":\"Products\",\"item\":\"https:\/\/my.stlflix.com\/fr\/shop\/\"},{\"@type\":\"ListItem\",\"position\":3,\"name\":\"MiniMe: Karate Fighter\"}]},{\"@type\":\"WebSite\",\"@id\":\"https:\/\/my.stlflix.com\/tr\/#website\",\"url\":\"https:\/\/my.stlflix.com\/tr\/\",\"name\":\"MyStore - By STLFLIX\",\"description\":\"\",\"publisher\":{\"@id\":\"https:\/\/my.stlflix.com\/tr\/#organization\"},\"potentialAction\":[{\"@type\":\"SearchAction\",\"target\":{\"@type\":\"EntryPoint\",\"urlTemplate\":\"https:\/\/my.stlflix.com\/tr\/?s={search_term_string}\"},\"query-input\":{\"@type\":\"PropertyValueSpecification\",\"valueRequired\":true,\"valueName\":\"search_term_string\"}}],\"inLanguage\":\"tr-TR\"},{\"@type\":\"Organization\",\"@id\":\"https:\/\/my.stlflix.com\/tr\/#organization\",\"name\":\"MyStore - By STLFLIX\",\"url\":\"https:\/\/my.stlflix.com\/tr\/\",\"logo\":{\"@type\":\"ImageObject\",\"inLanguage\":\"tr-TR\",\"@id\":\"https:\/\/my.stlflix.com\/tr\/#\/schema\/logo\/image\/\",\"url\":\"https:\/\/my.stlflix.com\/wp-content\/uploads\/2024\/06\/logo-mystore.png\",\"contentUrl\":\"https:\/\/my.stlflix.com\/wp-content\/uploads\/2024\/06\/logo-mystore.png\",\"width\":150,\"height\":41,\"caption\":\"MyStore - By STLFLIX\"},\"image\":{\"@id\":\"https:\/\/my.stlflix.com\/tr\/#\/schema\/logo\/image\/\"},\"sameAs\":[\"https:\/\/www.facebook.com\/STLFLIX\",\"https:\/\/www.instagram.com\/stlflix_\/\",\"https:\/\/www.tiktok.com\/@stlflix\"]}]}<\/script>\n<!-- \/ Yoast SEO plugin. -->","yoast_head_json":{"title":"MiniMe: Karate Fighter - MyStore - By STLFLIX","robots":{"index":"index","follow":"follow","max-snippet":"max-snippet:-1","max-image-preview":"max-image-preview:large","max-video-preview":"max-video-preview:-1"},"canonical":"https:\/\/my.stlflix.com\/product\/minime-karate-fighter-68ec1d2d8b503\/","og_locale":"tr_TR","og_type":"article","og_title":"MiniMe: Karate Fighter - MyStore - By STLFLIX","og_description":"\ud83e\udd4b Minime Lutador de Karat\u00ea Personalizado \u2013 Sua Miniatura Exclusiva! Mostre seu esp\u00edrito guerreiro com o Minime Lutador de Karat\u00ea!Essa miniatura caricaturada de aproximadamente 10 cm, feita em impress\u00e3o 3D de alta qualidade, \u00e9 perfeita para quem ama artes marciais, treina ou quer presentear algu\u00e9m especial. \ud83d\udca1 Personalize do seu jeito: Rosto: envie uma foto [&hellip;]","og_url":"https:\/\/my.stlflix.com\/product\/minime-karate-fighter-68ec1d2d8b503\/","og_site_name":"MyStore - By STLFLIX","article_publisher":"https:\/\/www.facebook.com\/STLFLIX","article_modified_time":"2025-10-12T22:32:15+00:00","og_image":[{"width":1080,"height":1350,"url":"https:\/\/my.stlflix.com\/wp-content\/uploads\/2025\/10\/Mini_Me_Karate_Fighter_thumb_e8dbd32b17.png","type":"image\/png"}],"twitter_card":"summary_large_image","twitter_misc":{"Est. reading time":"1 minute"},"schema":{"@context":"https:\/\/schema.org","@graph":[{"@type":"WebPage","@id":"https:\/\/my.stlflix.com\/product\/minime-karate-fighter-68ec1d2d8b503\/","url":"https:\/\/my.stlflix.com\/product\/minime-karate-fighter-68ec1d2d8b503\/","name":"MiniMe: Karate Fighter - MyStore - By STLFLIX","isPartOf":{"@id":"https:\/\/my.stlflix.com\/tr\/#website"},"primaryImageOfPage":{"@id":"https:\/\/my.stlflix.com\/product\/minime-karate-fighter-68ec1d2d8b503\/#primaryimage"},"image":{"@id":"https:\/\/my.stlflix.com\/product\/minime-karate-fighter-68ec1d2d8b503\/#primaryimage"},"thumbnailUrl":"https:\/\/my.stlflix.com\/wp-content\/uploads\/2025\/10\/Mini_Me_Karate_Fighter_thumb_e8dbd32b17.png","datePublished":"2025-10-12T22:32:14+00:00","dateModified":"2025-10-12T22:32:15+00:00","breadcrumb":{"@id":"https:\/\/my.stlflix.com\/product\/minime-karate-fighter-68ec1d2d8b503\/#breadcrumb"},"inLanguage":"tr-TR","potentialAction":[{"@type":"ReadAction","target":["https:\/\/my.stlflix.com\/product\/minime-karate-fighter-68ec1d2d8b503\/"]}]},{"@type":"ImageObject","inLanguage":"tr-TR","@id":"https:\/\/my.stlflix.com\/product\/minime-karate-fighter-68ec1d2d8b503\/#primaryimage","url":"https:\/\/my.stlflix.com\/wp-content\/uploads\/2025\/10\/Mini_Me_Karate_Fighter_thumb_e8dbd32b17.png","contentUrl":"https:\/\/my.stlflix.com\/wp-content\/uploads\/2025\/10\/Mini_Me_Karate_Fighter_thumb_e8dbd32b17.png","width":1080,"height":1350},{"@type":"BreadcrumbList","@id":"https:\/\/my.stlflix.com\/product\/minime-karate-fighter-68ec1d2d8b503\/#breadcrumb","itemListElement":[{"@type":"ListItem","position":1,"name":"Home","item":"https:\/\/my.stlflix.com\/"},{"@type":"ListItem","position":2,"name":"Products","item":"https:\/\/my.stlflix.com\/fr\/shop\/"},{"@type":"ListItem","position":3,"name":"MiniMe: Karate Fighter"}]},{"@type":"WebSite","@id":"https:\/\/my.stlflix.com\/tr\/#website","url":"https:\/\/my.stlflix.com\/tr\/","name":"MyStore - By STLFLIX","description":"","publisher":{"@id":"https:\/\/my.stlflix.com\/tr\/#organization"},"potentialAction":[{"@type":"SearchAction","target":{"@type":"EntryPoint","urlTemplate":"https:\/\/my.stlflix.com\/tr\/?s={search_term_string}"},"query-input":{"@type":"PropertyValueSpecification","valueRequired":true,"valueName":"search_term_string"}}],"inLanguage":"tr-TR"},{"@type":"Organization","@id":"https:\/\/my.stlflix.com\/tr\/#organization","name":"MyStore - By STLFLIX","url":"https:\/\/my.stlflix.com\/tr\/","logo":{"@type":"ImageObject","inLanguage":"tr-TR","@id":"https:\/\/my.stlflix.com\/tr\/#\/schema\/logo\/image\/","url":"https:\/\/my.stlflix.com\/wp-content\/uploads\/2024\/06\/logo-mystore.png","contentUrl":"https:\/\/my.stlflix.com\/wp-content\/uploads\/2024\/06\/logo-mystore.png","width":150,"height":41,"caption":"MyStore - By STLFLIX"},"image":{"@id":"https:\/\/my.stlflix.com\/tr\/#\/schema\/logo\/image\/"},"sameAs":["https:\/\/www.facebook.com\/STLFLIX","https:\/\/www.instagram.com\/stlflix_\/","https:\/\/www.tiktok.com\/@stlflix"]}]}},"_links":{"self":[{"href":"https:\/\/my.stlflix.com\/tr\/wp-json\/wp\/v2\/product\/448965","targetHints":{"allow":["GET"]}}],"collection":[{"href":"https:\/\/my.stlflix.com\/tr\/wp-json\/wp\/v2\/product"}],"about":[{"href":"https:\/\/my.stlflix.com\/tr\/wp-json\/wp\/v2\/types\/product"}],"replies":[{"embeddable":true,"href":"https:\/\/my.stlflix.com\/tr\/wp-json\/wp\/v2\/comments?post=448965"}],"wp:featuredmedia":[{"embeddable":true,"href":"https:\/\/my.stlflix.com\/tr\/wp-json\/wp\/v2\/media\/445695"}],"wp:attachment":[{"href":"https:\/\/my.stlflix.com\/tr\/wp-json\/wp\/v2\/media?parent=448965"}],"wp:term":[{"taxonomy":"product_brand","embeddable":true,"href":"https:\/\/my.stlflix.com\/tr\/wp-json\/wp\/v2\/product_brand?post=448965"},{"taxonomy":"product_cat","embeddable":true,"href":"https:\/\/my.stlflix.com\/tr\/wp-json\/wp\/v2\/product_cat?post=448965"},{"taxonomy":"product_tag","embeddable":true,"href":"https:\/\/my.stlflix.com\/tr\/wp-json\/wp\/v2\/product_tag?post=448965"}],"curies":[{"name":"wp","href":"https:\/\/api.w.org\/{rel}","templated":true}]}}