{"id":448969,"date":"2025-10-12T22:26:38","date_gmt":"2025-10-12T22:26:38","guid":{"rendered":"https:\/\/my.stlflix.com\/?post_type=product&#038;p=448969"},"modified":"2025-10-12T22:32:51","modified_gmt":"2025-10-12T22:32:51","slug":"minime-football-player-68ec1dbe40431","status":"publish","type":"product","link":"https:\/\/my.stlflix.com\/tr\/product\/minime-football-player-68ec1dbe40431\/","title":{"rendered":"MiniMe: Football player\u2028"},"content":{"rendered":"<h3 data-start=\"189\" data-end=\"276\">\ud83c\udfc8 <strong data-start=\"196\" data-end=\"276\"><span dir=\"auto\" style=\"vertical-align: inherit\"><span dir=\"auto\" style=\"vertical-align: inherit\">MiniMe Jogador de Futebol Americano Personalizado \u2013 Sua Miniatura Exclusiva!<\/span><\/span><\/strong><\/h3>\n<p data-start=\"278\" data-end=\"547\"><span dir=\"auto\" style=\"vertical-align: inherit\"><span dir=\"auto\" style=\"vertical-align: inherit\">Transforme sua paix\u00e3o pelo futebol americano em uma lembran\u00e7a \u00fanica com o <\/span><\/span><strong data-start=\"352\" data-end=\"391\"><span dir=\"auto\" style=\"vertical-align: inherit\"><span dir=\"auto\" style=\"vertical-align: inherit\">Minime Jogador de Futebol Americano<\/span><\/span><\/strong><span dir=\"auto\" style=\"vertical-align: inherit\"><span dir=\"auto\" style=\"vertical-align: inherit\"> ! <\/span><\/span><br data-start=\"392\" data-end=\"395\" \/><span dir=\"auto\" style=\"vertical-align: inherit\"><span dir=\"auto\" style=\"vertical-align: inherit\">Essa miniatura caricaturada de aproximadamente <\/span><\/span><strong data-start=\"442\" data-end=\"451\"><span dir=\"auto\" style=\"vertical-align: inherit\"><span dir=\"auto\" style=\"vertical-align: inherit\">10 cm<\/span><\/span><\/strong><span dir=\"auto\" style=\"vertical-align: inherit\"><span dir=\"auto\" style=\"vertical-align: inherit\"> \u00e9 feita em <\/span><\/span><strong data-start=\"463\" data-end=\"497\"><span dir=\"auto\" style=\"vertical-align: inherit\"><span dir=\"auto\" style=\"vertical-align: inherit\">impress\u00e3o 3D de alta qualidade<\/span><\/span><\/strong><span dir=\"auto\" style=\"vertical-align: inherit\"><span dir=\"auto\" style=\"vertical-align: inherit\"> , perfeita para decorar, presentear ou colecionar.<\/span><\/span><\/p>\n<p data-start=\"549\" data-end=\"583\">\ud83d\udca1 <strong data-start=\"552\" data-end=\"581\"><span dir=\"auto\" style=\"vertical-align: inherit\"><span dir=\"auto\" style=\"vertical-align: inherit\">Personalize do seu jeito:<\/span><\/span><\/strong><\/p>\n<ul data-start=\"584\" data-end=\"786\">\n<li data-start=\"584\" data-end=\"654\">\n<p data-start=\"586\" data-end=\"654\"><strong data-start=\"586\" data-end=\"596\"><span dir=\"auto\" style=\"vertical-align: inherit\"><span dir=\"auto\" style=\"vertical-align: inherit\">Rosto:<\/span><\/span><\/strong><span dir=\"auto\" style=\"vertical-align: inherit\"><span dir=\"auto\" style=\"vertical-align: inherit\"> envie uma foto e tenha sua caricatura fiel e divertida.<\/span><\/span><\/p>\n<\/li>\n<li data-start=\"655\" data-end=\"786\">\n<p data-start=\"657\" data-end=\"786\"><strong data-start=\"657\" data-end=\"670\"><span dir=\"auto\" style=\"vertical-align: inherit\"><span dir=\"auto\" style=\"vertical-align: inherit\">Uniforme:<\/span><\/span><\/strong><span dir=\"auto\" style=\"vertical-align: inherit\"><span dir=\"auto\" style=\"vertical-align: inherit\"> escolha o <\/span><\/span><strong data-start=\"681\" data-end=\"699\"><span dir=\"auto\" style=\"vertical-align: inherit\"><span dir=\"auto\" style=\"vertical-align: inherit\">cor e o estilo<\/span><\/span><\/strong><span dir=\"auto\" style=\"vertical-align: inherit\"><span dir=\"auto\" style=\"vertical-align: inherit\"> que desejar \u2014 inspire-se no seu tempo favorito ou crie um design totalmente original.<\/span><\/span><\/p>\n<\/li>\n<\/ul>\n<p data-start=\"788\" data-end=\"818\">\ud83c\udfa8 <strong data-start=\"791\" data-end=\"816\"><span dir=\"auto\" style=\"vertical-align: inherit\"><span dir=\"auto\" style=\"vertical-align: inherit\">Destaques do produto:<\/span><\/span><\/strong><\/p>\n<ul data-start=\"819\" data-end=\"1096\">\n<li data-start=\"819\" data-end=\"853\">\n<p data-start=\"821\" data-end=\"853\"><span dir=\"auto\" style=\"vertical-align: inherit\"><span dir=\"auto\" style=\"vertical-align: inherit\">Altura aproximada de <\/span><\/span><strong data-start=\"842\" data-end=\"851\"><span dir=\"auto\" style=\"vertical-align: inherit\"><span dir=\"auto\" style=\"vertical-align: inherit\">10 cm<\/span><\/span><\/strong><\/p>\n<\/li>\n<li data-start=\"854\" data-end=\"901\">\n<p data-start=\"856\" data-end=\"901\"><span dir=\"auto\" style=\"vertical-align: inherit\"><span dir=\"auto\" style=\"vertical-align: inherit\">Estilo <\/span><\/span><strong data-start=\"863\" data-end=\"899\"><span dir=\"auto\" style=\"vertical-align: inherit\"><span dir=\"auto\" style=\"vertical-align: inherit\">caricatura divertido e detalhado<\/span><\/span><\/strong><\/p>\n<\/li>\n<li data-start=\"902\" data-end=\"968\">\n<p data-start=\"904\" data-end=\"968\"><span dir=\"auto\" style=\"vertical-align: inherit\"><span dir=\"auto\" style=\"vertical-align: inherit\">Produzido em <\/span><\/span><strong data-start=\"917\" data-end=\"966\"><span dir=\"auto\" style=\"vertical-align: inherit\"><span dir=\"auto\" style=\"vertical-align: inherit\">impress\u00e3o 3D com acabamento de alta defini\u00e7\u00e3o<\/span><\/span><\/strong><\/p>\n<\/li>\n<li data-start=\"969\" data-end=\"1008\">\n<p data-start=\"971\" data-end=\"1008\"><span dir=\"auto\" style=\"vertical-align: inherit\"><span dir=\"auto\" style=\"vertical-align: inherit\">Material leve, resistente e dur\u00e1vel<\/span><\/span><\/p>\n<\/li>\n<li data-start=\"1009\" data-end=\"1096\">\n<p data-start=\"1011\" data-end=\"1096\"><span dir=\"auto\" style=\"vertical-align: inherit\"><span dir=\"auto\" style=\"vertical-align: inherit\">Ideal para presentear f\u00e3s e praticantes de futebol americano ou para colecionadores<\/span><\/span><\/p>\n<\/li>\n<\/ul>\n","protected":false},"excerpt":{"rendered":"<p>\ud83c\udfc8 MiniMe Jogador de Futebol Americano Personalizado \u2013 Sua Miniatura Exclusiva! Transforme sua paix\u00e3o pelo futebol americano em uma lembran\u00e7a \u00fanica com o Minime Jogador de Futebol Americano ! Essa miniatura caricaturada de aproximadamente 10 cm \u00e9 feita em impress\u00e3o 3D de alta qualidade , perfeita para decorar, presentear ou colecionar. \ud83d\udca1 Personalize do seu [&hellip;]<\/p>\n","protected":false},"featured_media":445663,"comment_status":"open","ping_status":"closed","template":"","meta":[],"product_brand":[],"product_cat":[15],"product_tag":[5898],"class_list":{"0":"post-448969","1":"product","2":"type-product","3":"status-publish","4":"has-post-thumbnail","6":"product_cat-uncategorized","7":"product_tag-estatuetas","9":"first","10":"instock","11":"taxable","12":"shipping-taxable","13":"purchasable","14":"product-type-simple"},"yoast_head":"<!-- This site is optimized with the Yoast SEO plugin v25.1 - https:\/\/yoast.com\/wordpress\/plugins\/seo\/ -->\n<title>MiniMe: Football player\u2028 - MyStore - By STLFLIX<\/title>\n<meta name=\"robots\" content=\"index, follow, max-snippet:-1, max-image-preview:large, max-video-preview:-1\" \/>\n<link rel=\"canonical\" href=\"https:\/\/www.my3dstore-example.com\/product\/minime-football-player-68ec1dbe40431\/\" \/>\n<meta property=\"og:locale\" content=\"tr_TR\" \/>\n<meta property=\"og:type\" content=\"article\" \/>\n<meta property=\"og:title\" content=\"MiniMe: Football player\u2028 - MyStore - By STLFLIX\" \/>\n<meta property=\"og:description\" content=\"\ud83c\udfc8 MiniMe Jogador de Futebol Americano Personalizado \u2013 Sua Miniatura Exclusiva! Transforme sua paix\u00e3o pelo futebol americano em uma lembran\u00e7a \u00fanica com o Minime Jogador de Futebol Americano ! Essa miniatura caricaturada de aproximadamente 10 cm \u00e9 feita em impress\u00e3o 3D de alta qualidade , perfeita para decorar, presentear ou colecionar. \ud83d\udca1 Personalize do seu [&hellip;]\" \/>\n<meta property=\"og:url\" content=\"https:\/\/www.my3dstore-example.com\/product\/minime-football-player-68ec1dbe40431\/\" \/>\n<meta property=\"og:site_name\" content=\"MyStore - By STLFLIX\" \/>\n<meta property=\"article:publisher\" content=\"https:\/\/www.facebook.com\/STLFLIX\" \/>\n<meta property=\"article:modified_time\" content=\"2025-10-12T22:32:51+00:00\" \/>\n<meta property=\"og:image\" content=\"https:\/\/www.my3dstore-example.com\/wp-content\/uploads\/2025\/10\/Mini_Me_Football_Player_thumb_ff22670041.png\" \/>\n\t<meta property=\"og:image:width\" content=\"1080\" \/>\n\t<meta property=\"og:image:height\" content=\"1350\" \/>\n\t<meta property=\"og:image:type\" content=\"image\/png\" \/>\n<meta name=\"twitter:card\" content=\"summary_large_image\" \/>\n<meta name=\"twitter:label1\" content=\"Est. reading time\" \/>\n\t<meta name=\"twitter:data1\" content=\"1 minute\" \/>\n<script type=\"application\/ld+json\" class=\"yoast-schema-graph\">{\"@context\":\"https:\/\/schema.org\",\"@graph\":[{\"@type\":\"WebPage\",\"@id\":\"https:\/\/www.my3dstore-example.com\/product\/minime-football-player-68ec1dbe40431\/\",\"url\":\"https:\/\/www.my3dstore-example.com\/product\/minime-football-player-68ec1dbe40431\/\",\"name\":\"MiniMe: Football player\\u2028 - MyStore - By STLFLIX\",\"isPartOf\":{\"@id\":\"https:\/\/my.stlflix.com\/tr\/#website\"},\"primaryImageOfPage\":{\"@id\":\"https:\/\/www.my3dstore-example.com\/product\/minime-football-player-68ec1dbe40431\/#primaryimage\"},\"image\":{\"@id\":\"https:\/\/www.my3dstore-example.com\/product\/minime-football-player-68ec1dbe40431\/#primaryimage\"},\"thumbnailUrl\":\"https:\/\/my.stlflix.com\/wp-content\/uploads\/2025\/10\/Mini_Me_Football_Player_thumb_ff22670041.png\",\"datePublished\":\"2025-10-12T22:26:38+00:00\",\"dateModified\":\"2025-10-12T22:32:51+00:00\",\"breadcrumb\":{\"@id\":\"https:\/\/www.my3dstore-example.com\/product\/minime-football-player-68ec1dbe40431\/#breadcrumb\"},\"inLanguage\":\"tr-TR\",\"potentialAction\":[{\"@type\":\"ReadAction\",\"target\":[\"https:\/\/www.my3dstore-example.com\/product\/minime-football-player-68ec1dbe40431\/\"]}]},{\"@type\":\"ImageObject\",\"inLanguage\":\"tr-TR\",\"@id\":\"https:\/\/www.my3dstore-example.com\/product\/minime-football-player-68ec1dbe40431\/#primaryimage\",\"url\":\"https:\/\/my.stlflix.com\/wp-content\/uploads\/2025\/10\/Mini_Me_Football_Player_thumb_ff22670041.png\",\"contentUrl\":\"https:\/\/my.stlflix.com\/wp-content\/uploads\/2025\/10\/Mini_Me_Football_Player_thumb_ff22670041.png\",\"width\":1080,\"height\":1350},{\"@type\":\"BreadcrumbList\",\"@id\":\"https:\/\/www.my3dstore-example.com\/product\/minime-football-player-68ec1dbe40431\/#breadcrumb\",\"itemListElement\":[{\"@type\":\"ListItem\",\"position\":1,\"name\":\"Home\",\"item\":\"https:\/\/my.stlflix.com\/\"},{\"@type\":\"ListItem\",\"position\":2,\"name\":\"Products\",\"item\":\"https:\/\/my.stlflix.com\/fr\/shop\/\"},{\"@type\":\"ListItem\",\"position\":3,\"name\":\"MiniMe: Football player\\u2028\"}]},{\"@type\":\"WebSite\",\"@id\":\"https:\/\/my.stlflix.com\/tr\/#website\",\"url\":\"https:\/\/my.stlflix.com\/tr\/\",\"name\":\"MyStore - By STLFLIX\",\"description\":\"\",\"publisher\":{\"@id\":\"https:\/\/my.stlflix.com\/tr\/#organization\"},\"potentialAction\":[{\"@type\":\"SearchAction\",\"target\":{\"@type\":\"EntryPoint\",\"urlTemplate\":\"https:\/\/my.stlflix.com\/tr\/?s={search_term_string}\"},\"query-input\":{\"@type\":\"PropertyValueSpecification\",\"valueRequired\":true,\"valueName\":\"search_term_string\"}}],\"inLanguage\":\"tr-TR\"},{\"@type\":\"Organization\",\"@id\":\"https:\/\/my.stlflix.com\/tr\/#organization\",\"name\":\"MyStore - By STLFLIX\",\"url\":\"https:\/\/my.stlflix.com\/tr\/\",\"logo\":{\"@type\":\"ImageObject\",\"inLanguage\":\"tr-TR\",\"@id\":\"https:\/\/my.stlflix.com\/tr\/#\/schema\/logo\/image\/\",\"url\":\"https:\/\/my.stlflix.com\/wp-content\/uploads\/2024\/06\/logo-mystore.png\",\"contentUrl\":\"https:\/\/my.stlflix.com\/wp-content\/uploads\/2024\/06\/logo-mystore.png\",\"width\":150,\"height\":41,\"caption\":\"MyStore - By STLFLIX\"},\"image\":{\"@id\":\"https:\/\/my.stlflix.com\/tr\/#\/schema\/logo\/image\/\"},\"sameAs\":[\"https:\/\/www.facebook.com\/STLFLIX\",\"https:\/\/www.instagram.com\/stlflix_\/\",\"https:\/\/www.tiktok.com\/@stlflix\"]}]}<\/script>\n<!-- \/ Yoast SEO plugin. -->","yoast_head_json":{"title":"MiniMe: Football player\u2028 - MyStore - By STLFLIX","robots":{"index":"index","follow":"follow","max-snippet":"max-snippet:-1","max-image-preview":"max-image-preview:large","max-video-preview":"max-video-preview:-1"},"canonical":"https:\/\/www.my3dstore-example.com\/product\/minime-football-player-68ec1dbe40431\/","og_locale":"tr_TR","og_type":"article","og_title":"MiniMe: Football player\u2028 - MyStore - By STLFLIX","og_description":"\ud83c\udfc8 MiniMe Jogador de Futebol Americano Personalizado \u2013 Sua Miniatura Exclusiva! Transforme sua paix\u00e3o pelo futebol americano em uma lembran\u00e7a \u00fanica com o Minime Jogador de Futebol Americano ! Essa miniatura caricaturada de aproximadamente 10 cm \u00e9 feita em impress\u00e3o 3D de alta qualidade , perfeita para decorar, presentear ou colecionar. \ud83d\udca1 Personalize do seu [&hellip;]","og_url":"https:\/\/www.my3dstore-example.com\/product\/minime-football-player-68ec1dbe40431\/","og_site_name":"MyStore - By STLFLIX","article_publisher":"https:\/\/www.facebook.com\/STLFLIX","article_modified_time":"2025-10-12T22:32:51+00:00","og_image":[{"width":1080,"height":1350,"url":"https:\/\/www.my3dstore-example.com\/wp-content\/uploads\/2025\/10\/Mini_Me_Football_Player_thumb_ff22670041.png","type":"image\/png"}],"twitter_card":"summary_large_image","twitter_misc":{"Est. reading time":"1 minute"},"schema":{"@context":"https:\/\/schema.org","@graph":[{"@type":"WebPage","@id":"https:\/\/www.my3dstore-example.com\/product\/minime-football-player-68ec1dbe40431\/","url":"https:\/\/www.my3dstore-example.com\/product\/minime-football-player-68ec1dbe40431\/","name":"MiniMe: Football player\u2028 - MyStore - By STLFLIX","isPartOf":{"@id":"https:\/\/my.stlflix.com\/tr\/#website"},"primaryImageOfPage":{"@id":"https:\/\/www.my3dstore-example.com\/product\/minime-football-player-68ec1dbe40431\/#primaryimage"},"image":{"@id":"https:\/\/www.my3dstore-example.com\/product\/minime-football-player-68ec1dbe40431\/#primaryimage"},"thumbnailUrl":"https:\/\/my.stlflix.com\/wp-content\/uploads\/2025\/10\/Mini_Me_Football_Player_thumb_ff22670041.png","datePublished":"2025-10-12T22:26:38+00:00","dateModified":"2025-10-12T22:32:51+00:00","breadcrumb":{"@id":"https:\/\/www.my3dstore-example.com\/product\/minime-football-player-68ec1dbe40431\/#breadcrumb"},"inLanguage":"tr-TR","potentialAction":[{"@type":"ReadAction","target":["https:\/\/www.my3dstore-example.com\/product\/minime-football-player-68ec1dbe40431\/"]}]},{"@type":"ImageObject","inLanguage":"tr-TR","@id":"https:\/\/www.my3dstore-example.com\/product\/minime-football-player-68ec1dbe40431\/#primaryimage","url":"https:\/\/my.stlflix.com\/wp-content\/uploads\/2025\/10\/Mini_Me_Football_Player_thumb_ff22670041.png","contentUrl":"https:\/\/my.stlflix.com\/wp-content\/uploads\/2025\/10\/Mini_Me_Football_Player_thumb_ff22670041.png","width":1080,"height":1350},{"@type":"BreadcrumbList","@id":"https:\/\/www.my3dstore-example.com\/product\/minime-football-player-68ec1dbe40431\/#breadcrumb","itemListElement":[{"@type":"ListItem","position":1,"name":"Home","item":"https:\/\/my.stlflix.com\/"},{"@type":"ListItem","position":2,"name":"Products","item":"https:\/\/my.stlflix.com\/fr\/shop\/"},{"@type":"ListItem","position":3,"name":"MiniMe: Football player\u2028"}]},{"@type":"WebSite","@id":"https:\/\/my.stlflix.com\/tr\/#website","url":"https:\/\/my.stlflix.com\/tr\/","name":"MyStore - By STLFLIX","description":"","publisher":{"@id":"https:\/\/my.stlflix.com\/tr\/#organization"},"potentialAction":[{"@type":"SearchAction","target":{"@type":"EntryPoint","urlTemplate":"https:\/\/my.stlflix.com\/tr\/?s={search_term_string}"},"query-input":{"@type":"PropertyValueSpecification","valueRequired":true,"valueName":"search_term_string"}}],"inLanguage":"tr-TR"},{"@type":"Organization","@id":"https:\/\/my.stlflix.com\/tr\/#organization","name":"MyStore - By STLFLIX","url":"https:\/\/my.stlflix.com\/tr\/","logo":{"@type":"ImageObject","inLanguage":"tr-TR","@id":"https:\/\/my.stlflix.com\/tr\/#\/schema\/logo\/image\/","url":"https:\/\/my.stlflix.com\/wp-content\/uploads\/2024\/06\/logo-mystore.png","contentUrl":"https:\/\/my.stlflix.com\/wp-content\/uploads\/2024\/06\/logo-mystore.png","width":150,"height":41,"caption":"MyStore - By STLFLIX"},"image":{"@id":"https:\/\/my.stlflix.com\/tr\/#\/schema\/logo\/image\/"},"sameAs":["https:\/\/www.facebook.com\/STLFLIX","https:\/\/www.instagram.com\/stlflix_\/","https:\/\/www.tiktok.com\/@stlflix"]}]}},"_links":{"self":[{"href":"https:\/\/my.stlflix.com\/tr\/wp-json\/wp\/v2\/product\/448969","targetHints":{"allow":["GET"]}}],"collection":[{"href":"https:\/\/my.stlflix.com\/tr\/wp-json\/wp\/v2\/product"}],"about":[{"href":"https:\/\/my.stlflix.com\/tr\/wp-json\/wp\/v2\/types\/product"}],"replies":[{"embeddable":true,"href":"https:\/\/my.stlflix.com\/tr\/wp-json\/wp\/v2\/comments?post=448969"}],"wp:featuredmedia":[{"embeddable":true,"href":"https:\/\/my.stlflix.com\/tr\/wp-json\/wp\/v2\/media\/445663"}],"wp:attachment":[{"href":"https:\/\/my.stlflix.com\/tr\/wp-json\/wp\/v2\/media?parent=448969"}],"wp:term":[{"taxonomy":"product_brand","embeddable":true,"href":"https:\/\/my.stlflix.com\/tr\/wp-json\/wp\/v2\/product_brand?post=448969"},{"taxonomy":"product_cat","embeddable":true,"href":"https:\/\/my.stlflix.com\/tr\/wp-json\/wp\/v2\/product_cat?post=448969"},{"taxonomy":"product_tag","embeddable":true,"href":"https:\/\/my.stlflix.com\/tr\/wp-json\/wp\/v2\/product_tag?post=448969"}],"curies":[{"name":"wp","href":"https:\/\/api.w.org\/{rel}","templated":true}]}}