{"id":461485,"date":"2025-10-30T19:22:02","date_gmt":"2025-10-30T19:22:02","guid":{"rendered":"https:\/\/my.stlflix.com\/?post_type=product&#038;p=461485"},"modified":"2025-10-30T20:15:02","modified_gmt":"2025-10-30T20:15:02","slug":"cali-the-cactus-spirit-6903b4b8c40b7","status":"publish","type":"product","link":"https:\/\/my.stlflix.com\/tr\/product\/cali-the-cactus-spirit-6903b4b8c40b7\/","title":{"rendered":"Cali, the Cactus Spirit"},"content":{"rendered":"<p data-start=\"0\" data-end=\"311\"><strong data-start=\"2\" data-end=\"50\">Linha Spirits \u2014 Chaveiros com alma e estilo!<\/strong><br data-start=\"50\" data-end=\"53\" data-is-only-node=\"\" \/>Cada pe\u00e7a da cole\u00e7\u00e3o <em data-start=\"74\" data-end=\"83\">Spirits<\/em> carrega personalidade, cor e express\u00e3o. Inspirados em pequenos guardi\u00f5es de energia e criatividade, esses chaveiros unem design exclusivo, acabamento impec\u00e1vel e um toque de originalidade que transforma o simples em especial.<\/p>\n<p data-start=\"313\" data-end=\"465\" data-is-last-node=\"\" data-is-only-node=\"\">Ideal para quem gosta de carregar um pouco de arte no dia a dia \u2014 seja nas chaves, na bolsa ou na mochila.<br data-start=\"419\" data-end=\"422\" \/><em data-start=\"425\" data-end=\"465\" data-is-last-node=\"\">Pequenos, \u00fanicos e cheios de esp\u00edrito!<\/em><\/p>\n","protected":false},"excerpt":{"rendered":"<p>Linha Spirits \u2014 Chaveiros com alma e estilo!Cada pe\u00e7a da cole\u00e7\u00e3o Spirits carrega personalidade, cor e express\u00e3o. Inspirados em pequenos guardi\u00f5es de energia e criatividade, esses chaveiros unem design exclusivo, acabamento impec\u00e1vel e um toque de originalidade que transforma o simples em especial. Ideal para quem gosta de carregar um pouco de arte no dia [&hellip;]<\/p>\n","protected":false},"featured_media":461625,"comment_status":"open","ping_status":"closed","template":"","meta":[],"product_brand":[],"product_cat":[15],"product_tag":[6847],"class_list":{"0":"post-461485","1":"product","2":"type-product","3":"status-publish","4":"has-post-thumbnail","6":"product_cat-uncategorized","7":"product_tag-spirits","9":"first","10":"instock","11":"sold-individually","12":"taxable","13":"shipping-taxable","14":"product-type-variable"},"yoast_head":"<!-- This site is optimized with the Yoast SEO plugin v25.1 - https:\/\/yoast.com\/wordpress\/plugins\/seo\/ -->\n<title>Cali, the Cactus Spirit - MyStore - By STLFLIX<\/title>\n<meta name=\"robots\" content=\"index, follow, max-snippet:-1, max-image-preview:large, max-video-preview:-1\" \/>\n<link rel=\"canonical\" href=\"https:\/\/www.monitorstlflix.com\/product\/cali-the-cactus-spirit-6903b4b8c40b7\/\" \/>\n<meta property=\"og:locale\" content=\"tr_TR\" \/>\n<meta property=\"og:type\" content=\"article\" \/>\n<meta property=\"og:title\" content=\"Cali, the Cactus Spirit - MyStore - By STLFLIX\" \/>\n<meta property=\"og:description\" content=\"Linha Spirits \u2014 Chaveiros com alma e estilo!Cada pe\u00e7a da cole\u00e7\u00e3o Spirits carrega personalidade, cor e express\u00e3o. Inspirados em pequenos guardi\u00f5es de energia e criatividade, esses chaveiros unem design exclusivo, acabamento impec\u00e1vel e um toque de originalidade que transforma o simples em especial. Ideal para quem gosta de carregar um pouco de arte no dia [&hellip;]\" \/>\n<meta property=\"og:url\" content=\"https:\/\/www.monitorstlflix.com\/product\/cali-the-cactus-spirit-6903b4b8c40b7\/\" \/>\n<meta property=\"og:site_name\" content=\"MyStore - By STLFLIX\" \/>\n<meta property=\"article:publisher\" content=\"https:\/\/www.facebook.com\/STLFLIX\" \/>\n<meta property=\"article:modified_time\" content=\"2025-10-30T20:15:02+00:00\" \/>\n<meta property=\"og:image\" content=\"https:\/\/www.monitorstlflix.com\/wp-content\/uploads\/2025\/10\/cropped-Cali_the_Cactus_Spirit_1_666a0f7883-1.png\" \/>\n\t<meta property=\"og:image:width\" content=\"1079\" \/>\n\t<meta property=\"og:image:height\" content=\"1350\" \/>\n\t<meta property=\"og:image:type\" content=\"image\/png\" \/>\n<meta name=\"twitter:card\" content=\"summary_large_image\" \/>\n<script type=\"application\/ld+json\" class=\"yoast-schema-graph\">{\"@context\":\"https:\/\/schema.org\",\"@graph\":[{\"@type\":\"WebPage\",\"@id\":\"https:\/\/www.monitorstlflix.com\/product\/cali-the-cactus-spirit-6903b4b8c40b7\/\",\"url\":\"https:\/\/www.monitorstlflix.com\/product\/cali-the-cactus-spirit-6903b4b8c40b7\/\",\"name\":\"Cali, the Cactus Spirit - MyStore - By STLFLIX\",\"isPartOf\":{\"@id\":\"https:\/\/my.stlflix.com\/tr\/#website\"},\"primaryImageOfPage\":{\"@id\":\"https:\/\/www.monitorstlflix.com\/product\/cali-the-cactus-spirit-6903b4b8c40b7\/#primaryimage\"},\"image\":{\"@id\":\"https:\/\/www.monitorstlflix.com\/product\/cali-the-cactus-spirit-6903b4b8c40b7\/#primaryimage\"},\"thumbnailUrl\":\"https:\/\/my.stlflix.com\/wp-content\/uploads\/2025\/10\/cropped-Cali_the_Cactus_Spirit_1_666a0f7883-1.png\",\"datePublished\":\"2025-10-30T19:22:02+00:00\",\"dateModified\":\"2025-10-30T20:15:02+00:00\",\"breadcrumb\":{\"@id\":\"https:\/\/www.monitorstlflix.com\/product\/cali-the-cactus-spirit-6903b4b8c40b7\/#breadcrumb\"},\"inLanguage\":\"tr-TR\",\"potentialAction\":[{\"@type\":\"ReadAction\",\"target\":[\"https:\/\/www.monitorstlflix.com\/product\/cali-the-cactus-spirit-6903b4b8c40b7\/\"]}]},{\"@type\":\"ImageObject\",\"inLanguage\":\"tr-TR\",\"@id\":\"https:\/\/www.monitorstlflix.com\/product\/cali-the-cactus-spirit-6903b4b8c40b7\/#primaryimage\",\"url\":\"https:\/\/my.stlflix.com\/wp-content\/uploads\/2025\/10\/cropped-Cali_the_Cactus_Spirit_1_666a0f7883-1.png\",\"contentUrl\":\"https:\/\/my.stlflix.com\/wp-content\/uploads\/2025\/10\/cropped-Cali_the_Cactus_Spirit_1_666a0f7883-1.png\",\"width\":1079,\"height\":1350},{\"@type\":\"BreadcrumbList\",\"@id\":\"https:\/\/www.monitorstlflix.com\/product\/cali-the-cactus-spirit-6903b4b8c40b7\/#breadcrumb\",\"itemListElement\":[{\"@type\":\"ListItem\",\"position\":1,\"name\":\"Home\",\"item\":\"https:\/\/my.stlflix.com\/\"},{\"@type\":\"ListItem\",\"position\":2,\"name\":\"Products\",\"item\":\"https:\/\/my.stlflix.com\/fr\/shop\/\"},{\"@type\":\"ListItem\",\"position\":3,\"name\":\"Cali, the Cactus Spirit\"}]},{\"@type\":\"WebSite\",\"@id\":\"https:\/\/my.stlflix.com\/tr\/#website\",\"url\":\"https:\/\/my.stlflix.com\/tr\/\",\"name\":\"MyStore - By STLFLIX\",\"description\":\"\",\"publisher\":{\"@id\":\"https:\/\/my.stlflix.com\/tr\/#organization\"},\"potentialAction\":[{\"@type\":\"SearchAction\",\"target\":{\"@type\":\"EntryPoint\",\"urlTemplate\":\"https:\/\/my.stlflix.com\/tr\/?s={search_term_string}\"},\"query-input\":{\"@type\":\"PropertyValueSpecification\",\"valueRequired\":true,\"valueName\":\"search_term_string\"}}],\"inLanguage\":\"tr-TR\"},{\"@type\":\"Organization\",\"@id\":\"https:\/\/my.stlflix.com\/tr\/#organization\",\"name\":\"MyStore - By STLFLIX\",\"url\":\"https:\/\/my.stlflix.com\/tr\/\",\"logo\":{\"@type\":\"ImageObject\",\"inLanguage\":\"tr-TR\",\"@id\":\"https:\/\/my.stlflix.com\/tr\/#\/schema\/logo\/image\/\",\"url\":\"https:\/\/my.stlflix.com\/wp-content\/uploads\/2024\/06\/logo-mystore.png\",\"contentUrl\":\"https:\/\/my.stlflix.com\/wp-content\/uploads\/2024\/06\/logo-mystore.png\",\"width\":150,\"height\":41,\"caption\":\"MyStore - By STLFLIX\"},\"image\":{\"@id\":\"https:\/\/my.stlflix.com\/tr\/#\/schema\/logo\/image\/\"},\"sameAs\":[\"https:\/\/www.facebook.com\/STLFLIX\",\"https:\/\/www.instagram.com\/stlflix_\/\",\"https:\/\/www.tiktok.com\/@stlflix\"]}]}<\/script>\n<!-- \/ Yoast SEO plugin. -->","yoast_head_json":{"title":"Cali, the Cactus Spirit - MyStore - By STLFLIX","robots":{"index":"index","follow":"follow","max-snippet":"max-snippet:-1","max-image-preview":"max-image-preview:large","max-video-preview":"max-video-preview:-1"},"canonical":"https:\/\/www.monitorstlflix.com\/product\/cali-the-cactus-spirit-6903b4b8c40b7\/","og_locale":"tr_TR","og_type":"article","og_title":"Cali, the Cactus Spirit - MyStore - By STLFLIX","og_description":"Linha Spirits \u2014 Chaveiros com alma e estilo!Cada pe\u00e7a da cole\u00e7\u00e3o Spirits carrega personalidade, cor e express\u00e3o. Inspirados em pequenos guardi\u00f5es de energia e criatividade, esses chaveiros unem design exclusivo, acabamento impec\u00e1vel e um toque de originalidade que transforma o simples em especial. Ideal para quem gosta de carregar um pouco de arte no dia [&hellip;]","og_url":"https:\/\/www.monitorstlflix.com\/product\/cali-the-cactus-spirit-6903b4b8c40b7\/","og_site_name":"MyStore - By STLFLIX","article_publisher":"https:\/\/www.facebook.com\/STLFLIX","article_modified_time":"2025-10-30T20:15:02+00:00","og_image":[{"width":1079,"height":1350,"url":"https:\/\/www.monitorstlflix.com\/wp-content\/uploads\/2025\/10\/cropped-Cali_the_Cactus_Spirit_1_666a0f7883-1.png","type":"image\/png"}],"twitter_card":"summary_large_image","schema":{"@context":"https:\/\/schema.org","@graph":[{"@type":"WebPage","@id":"https:\/\/www.monitorstlflix.com\/product\/cali-the-cactus-spirit-6903b4b8c40b7\/","url":"https:\/\/www.monitorstlflix.com\/product\/cali-the-cactus-spirit-6903b4b8c40b7\/","name":"Cali, the Cactus Spirit - MyStore - By STLFLIX","isPartOf":{"@id":"https:\/\/my.stlflix.com\/tr\/#website"},"primaryImageOfPage":{"@id":"https:\/\/www.monitorstlflix.com\/product\/cali-the-cactus-spirit-6903b4b8c40b7\/#primaryimage"},"image":{"@id":"https:\/\/www.monitorstlflix.com\/product\/cali-the-cactus-spirit-6903b4b8c40b7\/#primaryimage"},"thumbnailUrl":"https:\/\/my.stlflix.com\/wp-content\/uploads\/2025\/10\/cropped-Cali_the_Cactus_Spirit_1_666a0f7883-1.png","datePublished":"2025-10-30T19:22:02+00:00","dateModified":"2025-10-30T20:15:02+00:00","breadcrumb":{"@id":"https:\/\/www.monitorstlflix.com\/product\/cali-the-cactus-spirit-6903b4b8c40b7\/#breadcrumb"},"inLanguage":"tr-TR","potentialAction":[{"@type":"ReadAction","target":["https:\/\/www.monitorstlflix.com\/product\/cali-the-cactus-spirit-6903b4b8c40b7\/"]}]},{"@type":"ImageObject","inLanguage":"tr-TR","@id":"https:\/\/www.monitorstlflix.com\/product\/cali-the-cactus-spirit-6903b4b8c40b7\/#primaryimage","url":"https:\/\/my.stlflix.com\/wp-content\/uploads\/2025\/10\/cropped-Cali_the_Cactus_Spirit_1_666a0f7883-1.png","contentUrl":"https:\/\/my.stlflix.com\/wp-content\/uploads\/2025\/10\/cropped-Cali_the_Cactus_Spirit_1_666a0f7883-1.png","width":1079,"height":1350},{"@type":"BreadcrumbList","@id":"https:\/\/www.monitorstlflix.com\/product\/cali-the-cactus-spirit-6903b4b8c40b7\/#breadcrumb","itemListElement":[{"@type":"ListItem","position":1,"name":"Home","item":"https:\/\/my.stlflix.com\/"},{"@type":"ListItem","position":2,"name":"Products","item":"https:\/\/my.stlflix.com\/fr\/shop\/"},{"@type":"ListItem","position":3,"name":"Cali, the Cactus Spirit"}]},{"@type":"WebSite","@id":"https:\/\/my.stlflix.com\/tr\/#website","url":"https:\/\/my.stlflix.com\/tr\/","name":"MyStore - By STLFLIX","description":"","publisher":{"@id":"https:\/\/my.stlflix.com\/tr\/#organization"},"potentialAction":[{"@type":"SearchAction","target":{"@type":"EntryPoint","urlTemplate":"https:\/\/my.stlflix.com\/tr\/?s={search_term_string}"},"query-input":{"@type":"PropertyValueSpecification","valueRequired":true,"valueName":"search_term_string"}}],"inLanguage":"tr-TR"},{"@type":"Organization","@id":"https:\/\/my.stlflix.com\/tr\/#organization","name":"MyStore - By STLFLIX","url":"https:\/\/my.stlflix.com\/tr\/","logo":{"@type":"ImageObject","inLanguage":"tr-TR","@id":"https:\/\/my.stlflix.com\/tr\/#\/schema\/logo\/image\/","url":"https:\/\/my.stlflix.com\/wp-content\/uploads\/2024\/06\/logo-mystore.png","contentUrl":"https:\/\/my.stlflix.com\/wp-content\/uploads\/2024\/06\/logo-mystore.png","width":150,"height":41,"caption":"MyStore - By STLFLIX"},"image":{"@id":"https:\/\/my.stlflix.com\/tr\/#\/schema\/logo\/image\/"},"sameAs":["https:\/\/www.facebook.com\/STLFLIX","https:\/\/www.instagram.com\/stlflix_\/","https:\/\/www.tiktok.com\/@stlflix"]}]}},"_links":{"self":[{"href":"https:\/\/my.stlflix.com\/tr\/wp-json\/wp\/v2\/product\/461485","targetHints":{"allow":["GET"]}}],"collection":[{"href":"https:\/\/my.stlflix.com\/tr\/wp-json\/wp\/v2\/product"}],"about":[{"href":"https:\/\/my.stlflix.com\/tr\/wp-json\/wp\/v2\/types\/product"}],"replies":[{"embeddable":true,"href":"https:\/\/my.stlflix.com\/tr\/wp-json\/wp\/v2\/comments?post=461485"}],"wp:featuredmedia":[{"embeddable":true,"href":"https:\/\/my.stlflix.com\/tr\/wp-json\/wp\/v2\/media\/461625"}],"wp:attachment":[{"href":"https:\/\/my.stlflix.com\/tr\/wp-json\/wp\/v2\/media?parent=461485"}],"wp:term":[{"taxonomy":"product_brand","embeddable":true,"href":"https:\/\/my.stlflix.com\/tr\/wp-json\/wp\/v2\/product_brand?post=461485"},{"taxonomy":"product_cat","embeddable":true,"href":"https:\/\/my.stlflix.com\/tr\/wp-json\/wp\/v2\/product_cat?post=461485"},{"taxonomy":"product_tag","embeddable":true,"href":"https:\/\/my.stlflix.com\/tr\/wp-json\/wp\/v2\/product_tag?post=461485"}],"curies":[{"name":"wp","href":"https:\/\/api.w.org\/{rel}","templated":true}]}}